{"id":18649,"date":"2016-03-02T16:42:36","date_gmt":"2016-03-02T14:42:36","guid":{"rendered":"https:\/\/www.suresms.com\/dk\/?page_id=2100"},"modified":"2025-11-13T14:19:35","modified_gmt":"2025-11-13T14:19:35","slug":"sms-gruppe","status":"publish","type":"page","link":"https:\/\/suresms.com\/nb\/funktioner\/gruppe-sms\/","title":{"rendered":"Gruppe-SMS: Opprett og send til grupper"},"content":{"rendered":"<!-- Flexy Breadcrumb -->\r\n\t\t\t<div class=\"fbc fbc-page\">\r\n\r\n\t\t\t\t<!-- Breadcrumb wrapper -->\r\n\t\t\t\t<div class=\"fbc-wrap\">\r\n\r\n\t\t\t\t\t<!-- Ordered list-->\r\n\t\t\t\t\t<ol class=\"fbc-items\" itemscope itemtype=\"https:\/\/schema.org\/BreadcrumbList\">\r\n\t\t\t\t\t\t            <li itemprop=\"itemListElement\" itemscope itemtype=\"https:\/\/schema.org\/ListItem\">\r\n                <span itemprop=\"name\">\r\n                    <!-- Home Link -->\r\n                    <a itemprop=\"item\" href=\"https:\/\/suresms.com\/nb\/\">\r\n                    \r\n                                                    <i class=\"fa fa-home\" aria-hidden=\"true\"><\/i>Hjem                    <\/a>\r\n                <\/span>\r\n                <meta itemprop=\"position\" content=\"1\" \/><!-- Meta Position-->\r\n             <\/li><li><span class=\"fbc-separator\">\/<\/span><\/li><li class=\"active\" itemprop=\"itemListElement\" itemscope itemtype=\"https:\/\/schema.org\/ListItem\"><span itemprop=\"name\" title=\"Gruppe-SMS: Opprett og send til grupper\">Gruppe-SMS: Opprett og...<\/span><meta itemprop=\"position\" content=\"2\" \/><\/li>\t\t\t\t\t<\/ol>\r\n\t\t\t\t\t<div class=\"clearfix\"><\/div>\r\n\t\t\t\t<\/div>\r\n\t\t\t<\/div>\r\n\t\t\t\n\t<h1><strong>Gruppe-SMS... \u00c9n funksjon - mange muligheter<\/strong><\/h1>\n\t\t\t\t<img decoding=\"async\" src=\"https:\/\/suresms.com\/wp-content\/uploads\/2020\/11\/TeenagersTexting-1-1.png\" alt=\"SMS-gruppe\" itemprop=\"image\" height=\"311\" width=\"948\" title=\"Ten\u00e5ringerSkriver\" onerror=\"this.style.display='none'\" loading=\"lazy\" \/>\n\t<h4>Grupper - Lister - Kundeklubber - Nyhetsbrev... Kallenavnene er mange! Med en gruppe-SMS-konto hos SureSMS kan du enkelt og raskt sende ut mange meldinger til kunder, brukere, ansatte, medlemmer og mange flere. Les nedenfor hvordan du lykkes med gruppe-SMS.<\/h4>\n\t<p>Var det ikke det du lette etter? Nedenfor finner du to hurtigveiledninger til Group SMS p\u00e5 Android og iPhone.<\/p>\n\t\t\t\t\t<a href=\"#\"  id=\"fl-accordion--label-0\" tabindex=\"0\" aria-controls=\"fl-accordion--panel-0\">Gruppe-SMS p\u00e5 Android<\/a>\n\t\t\t\t\t\t\t\t\t\t\t<a href=\"#\" id=\"fl-accordion--icon-0\"  tabindex=\"0\"><i title=\"Utvid\">Utvid<\/i><\/a>\n\t\t\t\t\t<h2>Gruppe-SMS p\u00e5 Android<\/h2>\n<p>Det er mulig \u00e5 sende en SMS til en gruppe fra den vanlige SMS-appen p\u00e5 Android-telefonen din. N\u00f8yaktig hvordan du gj\u00f8r dette, avhenger litt av brukergrensesnittet, inkludert b\u00e5de hvilken versjon av Android og hvilken telefon du har. Men generelt sett fungerer denne guiden hvis du er litt kreativ og forst\u00e5r hensikten. Noen ganger er knappene plassert p\u00e5 forskjellige steder og har litt forskjellige navn.<\/p>\n<p>Ulempen med gruppe-SMS p\u00e5 Android er at svarene g\u00e5r inn i den enkeltes tr\u00e5d. Du kan alts\u00e5 ikke se svarene p\u00e5 SMS-en din i samme tr\u00e5d som den ble sendt.<\/p>\n<p>F\u00f8rst m\u00e5 du endre m\u00e5ten du sender gruppemeldinger p\u00e5:<\/p>\n<ol>\n<li>\n<ol>\n<li>F\u00f8rst m\u00e5 du \u00e5pne \"Meldinger\"<\/li>\n<\/ol>\n<\/li>\n<\/ol>\n<p>&nbsp;<\/p>\n<ol>\n<li>\n<ol>\n<li>Trykk deretter p\u00e5 mer <img decoding=\"async\" src=\"https:\/\/lh3.googleusercontent.com\/371ki_ho7Q7_dJxxV12NuChwxiAZagKhHiP1EKLXEGmTJjm5pOTKd9hkWdvSZm5eKw=w36-h36\" alt=\"Mer\" \/> og deretter p\u00e5<\/li>\n<\/ol>\n<\/li>\n<\/ol>\n<p>&nbsp;<\/p>\n<ol>\n<li>\n<ol>\n<li>Innstillinger og preferanser <img loading=\"lazy\" decoding=\"async\" src=\"https:\/\/lh3.googleusercontent.com\/3_l97rr0GvhSP2XV5OoCkV2ZDTIisAOczrSdzNCBxhIKWrjXjHucxNwocghoUa39gw=w36-h36\" alt=\"Gruppe-SMS trinn 2\" width=\"24\" height=\"24\" \/>Avansert <img loading=\"lazy\" decoding=\"async\" src=\"https:\/\/lh3.googleusercontent.com\/3_l97rr0GvhSP2XV5OoCkV2ZDTIisAOczrSdzNCBxhIKWrjXjHucxNwocghoUa39gw=w36-h36\" alt=\"Gruppe-SMS trinn 1\" width=\"24\" height=\"24\" \/>Gruppemeldinger<\/li>\n<\/ol>\n<\/li>\n<\/ol>\n<p>&nbsp;<\/p>\n<ol>\n<li>\n<ol>\n<li>Deretter velger du \"bulk-SMS\" eller \"gruppe-SMS\" som standard.<\/li>\n<\/ol>\n<\/li>\n<\/ol>\n<p>&nbsp;<\/p>\n<p>N\u00e5 kan du velge flere mottakere eller grupper n\u00e5r du oppretter en ny SMS.<\/p>\n<p>&nbsp;<\/p>\n\t\t\t\t\t<a href=\"#\"  id=\"fl-accordion--label-0\" tabindex=\"0\" aria-controls=\"fl-accordion--panel-0\">Gruppe-SMS p\u00e5 iPhone<\/a>\n\t\t\t\t\t\t\t\t\t\t\t<a href=\"#\" id=\"fl-accordion--icon-0\"  tabindex=\"0\"><i title=\"Utvid\">Utvid<\/i><\/a>\n\t\t\t\t\t<p>Apple har laget en veldig fin guide til \u00e5 sende Group SMS fra iPhone. Du kan se den her: <a href=\"https:\/\/support.apple.com\/da-dk\/HT202724\" target=\"_blank\" rel=\"noopener\">Grupper SMS fra iPhone.<\/a><\/p>\n\t<h2>Om gruppesms<\/h2>\n<p>En av de mest brukte funksjonene i l\u00f8sningen v\u00e5r er \u00e5 sende gruppemeldinger til kunder, brukere, medlemmer og andre grupper. Enten det er en bedrift som sender tilbud til kunder, en organisasjon som sender nyhetsbrev og arrangementer til medlemmer, eller et vikarbyr\u00e5 som sender informasjon til ansatte om kommende vakter. Grupper og lister er en enkel og billig m\u00e5te \u00e5 sende ut informasjon p\u00e5 som faktisk blir LEST av mottakeren!<\/p>\n<p>F\u00e5 tilgang til v\u00e5r SMS-avsender direkte fra nettsiden v\u00e5r. Herfra er det raskt og enkelt \u00e5 opprette en gruppe og sende SMS-meldinger til hele gruppen. Du sparer tid p\u00e5 \u00e5 skrive og f\u00e5r en rask og enkel oversikt over de sendte SMS-meldingene. Og det kan gj\u00f8res direkte fra datamaskinen din.<\/p>\n\t<h2>Fordelene med gruppe-SMS<\/h2>\n\n<ul> \t\n<li>Alle mottakerne dine f\u00e5r den informasjonen de trenger umiddelbart.<\/li>\n\n<li>Bestem ditt eget avsendernavn, f.eks. Bibliotek - dette gir merkevarebygging av din egen bedrift\/produkt.<\/li>\n\n<li>Flettefunksjoner - f.eks. \"Kj\u00e6re Nina...\" eller annen informasjon<\/li>\n\n<li>Importer enkelt alle mottakere fra Excel (via .csv-filer).<\/li>\n\n<li>Tim SMS-utsendelsene dine og f\u00e5 ut informasjonen til rett tid.<\/li>\n\n<li>Opprett et ubegrenset antall grupper og kontakter.<\/li>\n\n<li>Se historikk over leveringsstatus til alle mottakerne dine.<\/li>\n<\/ul>\n<p>Hvis du foretrekker \u00e5 jobbe fra en iPad, et nettbrett eller en mobiltelefon, er det ikke noe problem. Nettgrensesnittet v\u00e5rt fungerer fra alle enheter og i alle nettlesere.<\/p>\n\t<p>Se v\u00e5r korte instruksjonsvideo nedenfor:<\/p>\n\t\t\t\t\t<video src=\"https:\/\/suresms.com\/wp-content\/uploads\/2024\/10\/Dokumentation-Skabeloner-i-beskeder.mp4\" alt=\"hosted-video-thumbnail\"><\/video>\n\t<p><strong>Opprett kontakter og grupper:<\/strong><\/p>\n<ol>\n<li>Opprett kontaktene dine i adresseboken.<\/li>\n<li>Opprett en gruppe, og velg hvilke kontakter som skal v\u00e6re med i gruppen.<\/li>\n<li>Skriv meldingen din og trykk send!<\/li>\n<li>Du har n\u00e5 sendt en gruppetekstmelding.<\/li>\n<\/ol>\nTil venstre kan du raskt opprette en testkonto med 50 gratis SMS-meldinger og pr\u00f8ve gruppe-SMS selv.\u00a0<strong><br \/>\n<\/strong>\n<p>Du kan ogs\u00e5 lese hele <a href=\"https:\/\/suresms.com\/nb\/dokumenter\/konto-4\/stasjonsnavn-6\/\">guiden her.\u00a0<\/a><\/p>\n\t<h3>Flere funksjoner med Group SMS.<\/h3>\n\t<ul>\n\t\t<li>\t\t\t\t\n\t\t<h3>Alle gruppene du \u00f8nsker<\/h3><p>I v\u00e5r GroupSMS-sender er det ingen begrensninger p\u00e5 antall grupper. Du kan opprette alle de ulike gruppene du \u00f8nsker. Alle mottakerne kan v\u00e6re i samme gruppe, og du kan ha grupper med bare noen f\u00e5 personer.<\/p><\/li><li>\t\t\t\t\n\t\t<h3>Alle mottakerne du \u00f8nsker<\/h3><p>Det er ingen begrensning p\u00e5 antall mottakere. Du kan opprette s\u00e5 mange mottakere du vil. Noen av kundene v\u00e5re har opptil 100 000 mottakere i gruppen sin, og de sender en SMS til alle mottakerne samtidig.<\/p><\/li><li>\t\t\t\t\n\t\t<h3>Enkelt \u00e5 registrere seg<\/h3><p>Det er mange m\u00e5ter \u00e5 bli med i en gruppe p\u00e5. Vi har gjort det mulig \u00e5 legge inn p\u00e5meldingsskjemaet p\u00e5 din egen nettside, du kan melde deg p\u00e5 via SMS eller e-post, og vi har ogs\u00e5 gjort det enkelt \u00e5 bruke en QR-kode for \u00e5 melde deg p\u00e5 hvis du for eksempel er i en fysisk butikk.<\/p><\/li><li>\t\t\t\t\n\t\t<h3>Send via SMS<\/h3><p>V\u00e5r Group SMS utforsker ogs\u00e5 sending via SMS. Det betyr at du sender \u00e9n SMS til SureSMS, som deretter sender den samme SMS-en til hele listen.<\/p><\/li>\t<\/ul>\n\t<p>&nbsp;<\/p>\n<p><a href=\"mailto:support@suresms.com\">Skriv til oss<\/a>hvis du har sp\u00f8rsm\u00e5l om gruppe-SMS-funksjonen.<\/p>\n\t<h4><strong>\u00a0Her kan du lese noen eksempler p\u00e5 hvordan kundene v\u00e5re bruker \"Group SMS\"-funksjonen i dag<\/strong><\/h4>\n\n<ul> \t\n<li>Et mellomstort transportselskap p\u00e5 Jylland bruker gruppe-SMS til \u00e5 sende ut arbeidsoppdrag til sj\u00e5f\u00f8rene sine. SMS-meldingene som sendes ut, inneholder logistikkinformasjon om varer, lokasjon og henting.<\/li>\n\n<li>Et nettspillselskap skaffer seg nye kunder ved \u00e5 sende gruppemeldinger med lenker til mulige nettspill til brukerne sine.<\/li>\n\n<li>P\u00e5 et dansk sykehus sender kantinesjefen jevnlig ut gruppemeldinger til de heldige ansatte om sosiale arrangementer og viktige hendelser: \"I dag er det kake i kantinen!\" eller \"I morgen feirer vi sommeren med fredagsgrill i g\u00e5rdsplassen!\"<\/li>\n<\/ul>","protected":false},"excerpt":{"rendered":"<p>Gruppe-SMS... \u00c9n funksjon - mange muligheter Grupper - Lister - Kundeklubber - Nyhetsbrev... K\u00e6rt barn har mange navn! Med en gruppe-SMS-konto hos SureSMS kan du enkelt og raskt sende ut mange meldinger til kunder, brukere, ansatte, medlemmer og mange flere. Les nedenfor hvordan du lykkes med gruppe-SMS. Er det ikke det du ... <a title=\"Gruppe-SMS: Opprett og send til grupper\" class=\"read-more\" href=\"https:\/\/suresms.com\/nb\/funktioner\/gruppe-sms\/\" aria-label=\"Les mer om Gruppe-SMS: Opprett og send til grupper\">Les mer om dette<\/a><\/p>","protected":false},"author":1,"featured_media":0,"parent":958,"menu_order":12,"comment_status":"closed","ping_status":"closed","template":"","meta":{"_fl_builder_enabled":"1","_fl_builder_data":null,"_fl_builder_draft":null,"_fl_builder_data_settings":null,"_fl_builder_css":"","_fl_builder_css_version":"","_fl_builder_js":"","footnotes":""},"categories":[17],"tags":[],"class_list":{"0":"post-18649","1":"page","2":"type-page","3":"status-publish","5":"category-linkfracornorstone"},"yoast_head":"<!-- This site is optimized with the Yoast SEO Premium plugin v27.3 (Yoast SEO v27.3) - https:\/\/yoast.com\/product\/yoast-seo-premium-wordpress\/ -->\r\n<title>Gruppe SMS: Opret &amp; send til grupper - gratis konto<\/title>\r\n<meta name=\"description\" content=\"L\u00e6s om vores gruppe SMS sender og dens utallige gratis funktioner. Kraftig og fleksibel .SMS gateway med ubegr\u00e6nset antal grupper.\" \/>\r\n<meta name=\"robots\" content=\"index, follow, max-snippet:-1, max-image-preview:large, max-video-preview:-1\" \/>\r\n<link rel=\"canonical\" href=\"https:\/\/suresms.com\/nb\/funksjoner\/sms-gruppe\/\" \/>\r\n<meta property=\"og:locale\" content=\"nb_NO\" \/>\r\n<meta property=\"og:type\" content=\"article\" \/>\r\n<meta property=\"og:title\" content=\"Gruppe SMS: Opret &amp; send til grupper\" \/>\r\n<meta property=\"og:description\" content=\"L\u00e6s om vores gruppe SMS sender og dens utallige gratis funktioner. Kraftig og fleksibel .SMS gateway med ubegr\u00e6nset antal grupper.\" \/>\r\n<meta property=\"og:url\" content=\"https:\/\/suresms.com\/nb\/funksjoner\/sms-gruppe\/\" \/>\r\n<meta property=\"article:publisher\" content=\"https:\/\/www.facebook.com\/p\/SureSMS-100044607956149\/\" \/>\r\n<meta property=\"article:modified_time\" content=\"2025-11-13T14:19:35+00:00\" \/>\r\n<meta property=\"og:image\" content=\"https:\/\/suresms.com\/wp-content\/uploads\/2020\/11\/TeenagersTexting-1-1.png\" \/>\r\n<meta name=\"twitter:card\" content=\"summary_large_image\" \/>\r\n<meta name=\"twitter:label1\" content=\"Ansl. lesetid\" \/>\n\t<meta name=\"twitter:data1\" content=\"7 minutter\" \/>\r\n<script type=\"application\/ld+json\" class=\"yoast-schema-graph\">{\"@context\":\"https:\\\/\\\/schema.org\",\"@graph\":[{\"@type\":\"WebPage\",\"@id\":\"https:\\\/\\\/suresms.com\\\/dk\\\/funktioner\\\/gruppe-sms\\\/\",\"url\":\"https:\\\/\\\/suresms.com\\\/dk\\\/funktioner\\\/gruppe-sms\\\/\",\"name\":\"Gruppe SMS: Opret &amp; send til grupper - gratis konto\",\"isPartOf\":{\"@id\":\"https:\\\/\\\/suresms.com\\\/en\\\/#website\"},\"primaryImageOfPage\":{\"@id\":\"https:\\\/\\\/suresms.com\\\/dk\\\/funktioner\\\/gruppe-sms\\\/#primaryimage\"},\"image\":{\"@id\":\"https:\\\/\\\/suresms.com\\\/dk\\\/funktioner\\\/gruppe-sms\\\/#primaryimage\"},\"thumbnailUrl\":\"https:\\\/\\\/suresms.com\\\/wp-content\\\/uploads\\\/2020\\\/11\\\/TeenagersTexting-1-1.png\",\"datePublished\":\"2016-03-02T14:42:36+00:00\",\"dateModified\":\"2025-11-13T14:19:35+00:00\",\"description\":\"L\u00e6s om vores gruppe SMS sender og dens utallige gratis funktioner. Kraftig og fleksibel .SMS gateway med ubegr\u00e6nset antal grupper.\",\"breadcrumb\":{\"@id\":\"https:\\\/\\\/suresms.com\\\/dk\\\/funktioner\\\/gruppe-sms\\\/#breadcrumb\"},\"inLanguage\":\"nb-NO\",\"potentialAction\":[{\"@type\":\"ReadAction\",\"target\":[\"https:\\\/\\\/suresms.com\\\/dk\\\/funktioner\\\/gruppe-sms\\\/\"]}]},{\"@type\":\"ImageObject\",\"inLanguage\":\"nb-NO\",\"@id\":\"https:\\\/\\\/suresms.com\\\/dk\\\/funktioner\\\/gruppe-sms\\\/#primaryimage\",\"url\":\"https:\\\/\\\/suresms.com\\\/wp-content\\\/uploads\\\/2020\\\/11\\\/TeenagersTexting-1-1.png\",\"contentUrl\":\"https:\\\/\\\/suresms.com\\\/wp-content\\\/uploads\\\/2020\\\/11\\\/TeenagersTexting-1-1.png\"},{\"@type\":\"BreadcrumbList\",\"@id\":\"https:\\\/\\\/suresms.com\\\/dk\\\/funktioner\\\/gruppe-sms\\\/#breadcrumb\",\"itemListElement\":[{\"@type\":\"ListItem\",\"position\":1,\"name\":\"Home\",\"item\":\"https:\\\/\\\/suresms.com\\\/dk\\\/\"},{\"@type\":\"ListItem\",\"position\":2,\"name\":\"Funktioner\",\"item\":\"https:\\\/\\\/suresms.com\\\/dk\\\/funktioner\\\/\"},{\"@type\":\"ListItem\",\"position\":3,\"name\":\"Gruppe SMS: Opret &amp; send til grupper\"}]},{\"@type\":\"WebSite\",\"@id\":\"https:\\\/\\\/suresms.com\\\/en\\\/#website\",\"url\":\"https:\\\/\\\/suresms.com\\\/en\\\/\",\"name\":\"SureSMS\",\"description\":\"Professionel SMS Gateway\",\"publisher\":{\"@id\":\"https:\\\/\\\/suresms.com\\\/en\\\/#organization\"},\"potentialAction\":[{\"@type\":\"SearchAction\",\"target\":{\"@type\":\"EntryPoint\",\"urlTemplate\":\"https:\\\/\\\/suresms.com\\\/en\\\/?s={search_term_string}\"},\"query-input\":{\"@type\":\"PropertyValueSpecification\",\"valueRequired\":true,\"valueName\":\"search_term_string\"}}],\"inLanguage\":\"nb-NO\"},{\"@type\":\"Organization\",\"@id\":\"https:\\\/\\\/suresms.com\\\/en\\\/#organization\",\"name\":\"SureSMS\",\"url\":\"https:\\\/\\\/suresms.com\\\/en\\\/\",\"logo\":{\"@type\":\"ImageObject\",\"inLanguage\":\"nb-NO\",\"@id\":\"https:\\\/\\\/suresms.com\\\/en\\\/#\\\/schema\\\/logo\\\/image\\\/\",\"url\":\"https:\\\/\\\/suresms.com\\\/wp-content\\\/uploads\\\/2024\\\/11\\\/suresms-300x65-1.png\",\"contentUrl\":\"https:\\\/\\\/suresms.com\\\/wp-content\\\/uploads\\\/2024\\\/11\\\/suresms-300x65-1.png\",\"width\":300,\"height\":65,\"caption\":\"SureSMS\"},\"image\":{\"@id\":\"https:\\\/\\\/suresms.com\\\/en\\\/#\\\/schema\\\/logo\\\/image\\\/\"},\"sameAs\":[\"https:\\\/\\\/www.facebook.com\\\/p\\\/SureSMS-100044607956149\\\/\"]}]}<\/script>\r\n<!-- \/ Yoast SEO Premium plugin. -->","yoast_head_json":{"title":"Gruppe-SMS: Opprett og send til grupper - gratis konto","description":"Les om v\u00e5r gruppe-SMS-avsender og dens utallige gratisfunksjoner. Kraftig og fleksibel SMS-gateway med ubegrenset antall grupper.","robots":{"index":"index","follow":"follow","max-snippet":"max-snippet:-1","max-image-preview":"max-image-preview:large","max-video-preview":"max-video-preview:-1"},"canonical":"https:\/\/suresms.com\/nb\/funksjoner\/sms-gruppe\/","og_locale":"nb_NO","og_type":"article","og_title":"Gruppe SMS: Opret &amp; send til grupper","og_description":"L\u00e6s om vores gruppe SMS sender og dens utallige gratis funktioner. Kraftig og fleksibel .SMS gateway med ubegr\u00e6nset antal grupper.","og_url":"https:\/\/suresms.com\/nb\/funksjoner\/sms-gruppe\/","article_publisher":"https:\/\/www.facebook.com\/p\/SureSMS-100044607956149\/","article_modified_time":"2025-11-13T14:19:35+00:00","og_image":[{"url":"https:\/\/suresms.com\/wp-content\/uploads\/2020\/11\/TeenagersTexting-1-1.png","type":"","width":"","height":""}],"twitter_card":"summary_large_image","twitter_misc":{"Ansl. lesetid":"7 minutter"},"schema":{"@context":"https:\/\/schema.org","@graph":[{"@type":"WebPage","@id":"https:\/\/suresms.com\/dk\/funktioner\/gruppe-sms\/","url":"https:\/\/suresms.com\/dk\/funktioner\/gruppe-sms\/","name":"Gruppe-SMS: Opprett og send til grupper - gratis konto","isPartOf":{"@id":"https:\/\/suresms.com\/en\/#website"},"primaryImageOfPage":{"@id":"https:\/\/suresms.com\/dk\/funktioner\/gruppe-sms\/#primaryimage"},"image":{"@id":"https:\/\/suresms.com\/dk\/funktioner\/gruppe-sms\/#primaryimage"},"thumbnailUrl":"https:\/\/suresms.com\/wp-content\/uploads\/2020\/11\/TeenagersTexting-1-1.png","datePublished":"2016-03-02T14:42:36+00:00","dateModified":"2025-11-13T14:19:35+00:00","description":"Les om v\u00e5r gruppe-SMS-avsender og dens utallige gratisfunksjoner. Kraftig og fleksibel SMS-gateway med ubegrenset antall grupper.","breadcrumb":{"@id":"https:\/\/suresms.com\/dk\/funktioner\/gruppe-sms\/#breadcrumb"},"inLanguage":"nb-NO","potentialAction":[{"@type":"ReadAction","target":["https:\/\/suresms.com\/dk\/funktioner\/gruppe-sms\/"]}]},{"@type":"ImageObject","inLanguage":"nb-NO","@id":"https:\/\/suresms.com\/dk\/funktioner\/gruppe-sms\/#primaryimage","url":"https:\/\/suresms.com\/wp-content\/uploads\/2020\/11\/TeenagersTexting-1-1.png","contentUrl":"https:\/\/suresms.com\/wp-content\/uploads\/2020\/11\/TeenagersTexting-1-1.png"},{"@type":"BreadcrumbList","@id":"https:\/\/suresms.com\/dk\/funktioner\/gruppe-sms\/#breadcrumb","itemListElement":[{"@type":"ListItem","position":1,"name":"Home","item":"https:\/\/suresms.com\/dk\/"},{"@type":"ListItem","position":2,"name":"Funktioner","item":"https:\/\/suresms.com\/dk\/funktioner\/"},{"@type":"ListItem","position":3,"name":"Gruppe SMS: Opret &amp; send til grupper"}]},{"@type":"WebSite","@id":"https:\/\/suresms.com\/en\/#website","url":"https:\/\/suresms.com\/en\/","name":"SureSMS","description":"Profesjonell SMS-gateway","publisher":{"@id":"https:\/\/suresms.com\/en\/#organization"},"potentialAction":[{"@type":"SearchAction","target":{"@type":"EntryPoint","urlTemplate":"https:\/\/suresms.com\/en\/?s={search_term_string}"},"query-input":{"@type":"PropertyValueSpecification","valueRequired":true,"valueName":"search_term_string"}}],"inLanguage":"nb-NO"},{"@type":"Organization","@id":"https:\/\/suresms.com\/en\/#organization","name":"SureSMS","url":"https:\/\/suresms.com\/en\/","logo":{"@type":"ImageObject","inLanguage":"nb-NO","@id":"https:\/\/suresms.com\/en\/#\/schema\/logo\/image\/","url":"https:\/\/suresms.com\/wp-content\/uploads\/2024\/11\/suresms-300x65-1.png","contentUrl":"https:\/\/suresms.com\/wp-content\/uploads\/2024\/11\/suresms-300x65-1.png","width":300,"height":65,"caption":"SureSMS"},"image":{"@id":"https:\/\/suresms.com\/en\/#\/schema\/logo\/image\/"},"sameAs":["https:\/\/www.facebook.com\/p\/SureSMS-100044607956149\/"]}]}},"_links":{"self":[{"href":"https:\/\/suresms.com\/nb\/wp-json\/wp\/v2\/pages\/18649","targetHints":{"allow":["GET"]}}],"collection":[{"href":"https:\/\/suresms.com\/nb\/wp-json\/wp\/v2\/pages"}],"about":[{"href":"https:\/\/suresms.com\/nb\/wp-json\/wp\/v2\/types\/page"}],"author":[{"embeddable":true,"href":"https:\/\/suresms.com\/nb\/wp-json\/wp\/v2\/users\/1"}],"replies":[{"embeddable":true,"href":"https:\/\/suresms.com\/nb\/wp-json\/wp\/v2\/comments?post=18649"}],"version-history":[{"count":9,"href":"https:\/\/suresms.com\/nb\/wp-json\/wp\/v2\/pages\/18649\/revisions"}],"predecessor-version":[{"id":23543,"href":"https:\/\/suresms.com\/nb\/wp-json\/wp\/v2\/pages\/18649\/revisions\/23543"}],"up":[{"embeddable":true,"href":"https:\/\/suresms.com\/nb\/wp-json\/wp\/v2\/pages\/958"}],"wp:attachment":[{"href":"https:\/\/suresms.com\/nb\/wp-json\/wp\/v2\/media?parent=18649"}],"wp:term":[{"taxonomy":"category","embeddable":true,"href":"https:\/\/suresms.com\/nb\/wp-json\/wp\/v2\/categories?post=18649"},{"taxonomy":"post_tag","embeddable":true,"href":"https:\/\/suresms.com\/nb\/wp-json\/wp\/v2\/tags?post=18649"}],"curies":[{"name":"wp","href":"https:\/\/api.w.org\/{rel}","templated":true}]}}