{"id":18594,"date":"2013-11-26T08:53:12","date_gmt":"2013-11-26T06:53:12","guid":{"rendered":"http:\/\/suresms-gateway.dk\/?page_id=9"},"modified":"2025-11-19T10:58:14","modified_gmt":"2025-11-19T10:58:14","slug":"om-suresms","status":"publish","type":"page","link":"https:\/\/suresms.com\/nb\/om-suresms\/","title":{"rendered":"Om SureSMS"},"content":{"rendered":"<h1>\n\t\t\tOm SureSMS\t<\/h1>\n\t<p>Hos Sure SMS lager vi fleksible og holdbare SMS-l\u00f8sninger for profesjonelle brukere. Vi tilbyr et veldokumentert API for en stabil SMS-gateway for utviklere.<br \/>Vi er gode p\u00e5 det vi gj\u00f8r! Og vi tror at med godt h\u00e5ndverk og et tydelig fokus p\u00e5 nye teknologiske l\u00f8sninger skaper vi de beste l\u00f8sningene i tett samarbeid med kundene v\u00e5re.<\/p>\n\t\t\t\t<img decoding=\"async\" src=\"https:\/\/suresms.com\/wp-content\/uploads\/2013\/11\/startup550x250px.jpg\" alt=\"Om \u00e5 samarbeide med kundene suresms\" itemprop=\"image\" height=\"250\" width=\"500\" title=\"om samarbeidet med Suresms\" onerror=\"this.style.display='none'\" loading=\"lazy\" \/>\n<h3>Samarbeid med oss<\/h3>Vi er overbevist om at vi f\u00e5r de beste resultatene hvis vi handler ut fra de tilbakemeldingene vi f\u00e5r fra kundene v\u00e5re!<br \/>\nDerfor er det ikke nok at vi alltid tilbyr en p\u00e5litelig gateway som gir deg den beste kvaliteten og oppetiden for SMS-levering.<br \/>\nHos oss kan du forvente litt mer. V\u00e5r support er alltid serviceinnstilt og personlig. Vi har INGEN telefonlinjer, og det skal alltid v\u00e6re enkelt for kundene v\u00e5re \u00e5 komme i kontakt med en kompetent medarbeider som kan hjelpe deg med konkrete problemer eller gi deg gratis r\u00e5d.<br \/>\nHos SureSMS f\u00e5r vi ting gjort!\n\t\t\t\t<img decoding=\"async\" src=\"https:\/\/suresms.com\/wp-content\/uploads\/2013\/11\/bordfodbold-500x250px1.jpg\" alt=\"Om SureSMS SMS Gateway\" itemprop=\"image\" height=\"250\" width=\"500\" title=\"bordfotball 500x250px\" onerror=\"this.style.display='none'\" loading=\"lazy\" \/>\n<h3>V\u00e5rt team<\/h3>Vi er et team av erfarne og h\u00f8yt utdannede danske utviklere og operat\u00f8rer som har jobbet med SMS-gatewayer og infrastruktur, inkludert nettverk, sikkerhet og servere, i over 20 \u00e5r.<br \/>\nSammen med v\u00e5re dyktige kommunikasjons- og salgsfolk jobber vi ambisi\u00f8st for \u00e5 skape den aller beste servicen for kundene v\u00e5re.<br \/>\nFra v\u00e5rt hovedkvarter i Hvidovre, Danmark, samarbeider vi med v\u00e5re utviklere over hele verden for \u00e5 kontinuerlig utvikle v\u00e5rt produkt, v\u00e5r tjeneste og v\u00e5r kommunikasjon for \u00e5 levere dine meldinger sikkert til alle mobiltelefoner i hele verden\n<h3>\n\t\t\tSend oss en melding\t<\/h3>\n<h3>\n\t\t\tDet er her vi bor\t<\/h3>\n<h3>\n\t\t\tSureSMS ApS\t<\/h3>\n\t<h5>Industriholmen 82<br \/>DK-2650 Hvidovre, Danmark<\/h5>\n\n<h5>KONTAKT:<br \/>Tlf: +45 50 322 322<br \/>E-post: info@suresms.com<br \/>CVR: 33263104<\/h5>\n\t\t<h3>Historien om SureSMS<\/h3><p>SureSMS Aps er et dansk selskap i Hvidovre som har sendt SMS-meldinger siden 2003. Vi hjelper bedrifter i Danmark og i utlandet med \u00e5 levere SMS-l\u00f8sninger av h\u00f8yeste kvalitet.<\/p>\n<h4>\n\t\t<a href=\"https:\/\/suresms.com\/nb\/kontakt\/\" title=\"Hos SureSMS f\u00e5r du alltid gratis support. Ring oss p\u00e5 50 322 322 eller send oss en e-post HER!\"  target=\"_self\">\n\t\t\tHos SureSMS f\u00e5r du alltid gratis support. Ring oss p\u00e5 50 322 322 eller send oss en e-post HER!\t\t<\/a>\n\t<\/h4>","protected":false},"excerpt":{"rendered":"<p>Om SureSMS Hos Sure SMS lager vi fleksible og holdbare SMS-l\u00f8sninger for profesjonelle brukere. Vi tilbyr et veldokumentert API for en stabil SMS-gateway for utviklere. Og vi mener at med godt h\u00e5ndverk og et tydelig fokus p\u00e5 nye teknologiske l\u00f8sninger, skaper vi de beste l\u00f8sningene i tett samarbeid med v\u00e5re kunder og ... <a title=\"Om SureSMS\" class=\"read-more\" href=\"https:\/\/suresms.com\/nb\/om-suresms\/\" aria-label=\"Les mer om Om SureSMS\">Les mer om dette<\/a><\/p>","protected":false},"author":1,"featured_media":0,"parent":0,"menu_order":7,"comment_status":"closed","ping_status":"closed","template":"","meta":{"_fl_builder_enabled":"1","_fl_builder_data":null,"_fl_builder_draft":null,"_fl_builder_data_settings":null,"_fl_builder_css":"","_fl_builder_css_version":"","_fl_builder_js":"","footnotes":""},"categories":[],"tags":[],"class_list":["post-18594","page","type-page","status-publish"],"yoast_head":"<!-- This site is optimized with the Yoast SEO Premium plugin v27.3 (Yoast SEO v27.3) - https:\/\/yoast.com\/product\/yoast-seo-premium-wordpress\/ -->\r\n<title>Om SureSMS - F\u00e5 et indblik i vores erfaring og kompetencer<\/title>\r\n<meta name=\"description\" content=\"L\u00e6s her om SureSMS. Med 13 \u00e5rs erfaring p\u00e5 SMS markedet, er vi den professionelle l\u00f8sning til virksomheder og udviklere. SMS GAteway med kunden i centrum.\" \/>\r\n<meta name=\"robots\" content=\"index, follow, max-snippet:-1, max-image-preview:large, max-video-preview:-1\" \/>\r\n<link rel=\"canonical\" href=\"https:\/\/suresms.com\/nb\/om-suresms\/\" \/>\r\n<meta property=\"og:locale\" content=\"nb_NO\" \/>\r\n<meta property=\"og:type\" content=\"article\" \/>\r\n<meta property=\"og:title\" content=\"Om SureSMS\" \/>\r\n<meta property=\"og:description\" content=\"L\u00e6s om SureSMS en professionel SMS Gateway med kvalitetsl\u00f8sninger til professionelle.\" \/>\r\n<meta property=\"og:url\" content=\"https:\/\/suresms.com\/nb\/om-suresms\/\" \/>\r\n<meta property=\"article:publisher\" content=\"https:\/\/www.facebook.com\/p\/SureSMS-100044607956149\/\" \/>\r\n<meta property=\"article:modified_time\" content=\"2025-11-19T10:58:14+00:00\" \/>\r\n<meta name=\"twitter:card\" content=\"summary_large_image\" \/>\r\n<meta name=\"twitter:image\" content=\"https:\/\/suresms.com\/wp-content\/uploads\/2013\/11\/startup550x250px.jpg\" \/>\r\n<meta name=\"twitter:label1\" content=\"Ansl. lesetid\" \/>\n\t<meta name=\"twitter:data1\" content=\"3 minutter\" \/>\r\n<script type=\"application\/ld+json\" class=\"yoast-schema-graph\">{\"@context\":\"https:\\\/\\\/schema.org\",\"@graph\":[{\"@type\":\"WebPage\",\"@id\":\"https:\\\/\\\/suresms.com\\\/dk\\\/om-suresms\\\/\",\"url\":\"https:\\\/\\\/suresms.com\\\/dk\\\/om-suresms\\\/\",\"name\":\"Om SureSMS - F\u00e5 et indblik i vores erfaring og kompetencer\",\"isPartOf\":{\"@id\":\"https:\\\/\\\/suresms.com\\\/en\\\/#website\"},\"primaryImageOfPage\":{\"@id\":\"https:\\\/\\\/suresms.com\\\/dk\\\/om-suresms\\\/#primaryimage\"},\"image\":{\"@id\":\"https:\\\/\\\/suresms.com\\\/dk\\\/om-suresms\\\/#primaryimage\"},\"thumbnailUrl\":\"https:\\\/\\\/suresms.com\\\/wp-content\\\/uploads\\\/2013\\\/11\\\/startup550x250px.jpg\",\"datePublished\":\"2013-11-26T06:53:12+00:00\",\"dateModified\":\"2025-11-19T10:58:14+00:00\",\"description\":\"L\u00e6s her om SureSMS. Med 13 \u00e5rs erfaring p\u00e5 SMS markedet, er vi den professionelle l\u00f8sning til virksomheder og udviklere. SMS GAteway med kunden i centrum.\",\"breadcrumb\":{\"@id\":\"https:\\\/\\\/suresms.com\\\/dk\\\/om-suresms\\\/#breadcrumb\"},\"inLanguage\":\"nb-NO\",\"potentialAction\":[{\"@type\":\"ReadAction\",\"target\":[\"https:\\\/\\\/suresms.com\\\/dk\\\/om-suresms\\\/\"]}]},{\"@type\":\"ImageObject\",\"inLanguage\":\"nb-NO\",\"@id\":\"https:\\\/\\\/suresms.com\\\/dk\\\/om-suresms\\\/#primaryimage\",\"url\":\"https:\\\/\\\/suresms.com\\\/wp-content\\\/uploads\\\/2013\\\/11\\\/startup550x250px.jpg\",\"contentUrl\":\"https:\\\/\\\/suresms.com\\\/wp-content\\\/uploads\\\/2013\\\/11\\\/startup550x250px.jpg\"},{\"@type\":\"BreadcrumbList\",\"@id\":\"https:\\\/\\\/suresms.com\\\/dk\\\/om-suresms\\\/#breadcrumb\",\"itemListElement\":[{\"@type\":\"ListItem\",\"position\":1,\"name\":\"Home\",\"item\":\"https:\\\/\\\/suresms.com\\\/dk\\\/\"},{\"@type\":\"ListItem\",\"position\":2,\"name\":\"Om SureSMS\"}]},{\"@type\":\"WebSite\",\"@id\":\"https:\\\/\\\/suresms.com\\\/en\\\/#website\",\"url\":\"https:\\\/\\\/suresms.com\\\/en\\\/\",\"name\":\"SureSMS\",\"description\":\"Professionel SMS Gateway\",\"publisher\":{\"@id\":\"https:\\\/\\\/suresms.com\\\/en\\\/#organization\"},\"potentialAction\":[{\"@type\":\"SearchAction\",\"target\":{\"@type\":\"EntryPoint\",\"urlTemplate\":\"https:\\\/\\\/suresms.com\\\/en\\\/?s={search_term_string}\"},\"query-input\":{\"@type\":\"PropertyValueSpecification\",\"valueRequired\":true,\"valueName\":\"search_term_string\"}}],\"inLanguage\":\"nb-NO\"},{\"@type\":\"Organization\",\"@id\":\"https:\\\/\\\/suresms.com\\\/en\\\/#organization\",\"name\":\"SureSMS\",\"url\":\"https:\\\/\\\/suresms.com\\\/en\\\/\",\"logo\":{\"@type\":\"ImageObject\",\"inLanguage\":\"nb-NO\",\"@id\":\"https:\\\/\\\/suresms.com\\\/en\\\/#\\\/schema\\\/logo\\\/image\\\/\",\"url\":\"https:\\\/\\\/suresms.com\\\/wp-content\\\/uploads\\\/2024\\\/11\\\/suresms-300x65-1.png\",\"contentUrl\":\"https:\\\/\\\/suresms.com\\\/wp-content\\\/uploads\\\/2024\\\/11\\\/suresms-300x65-1.png\",\"width\":300,\"height\":65,\"caption\":\"SureSMS\"},\"image\":{\"@id\":\"https:\\\/\\\/suresms.com\\\/en\\\/#\\\/schema\\\/logo\\\/image\\\/\"},\"sameAs\":[\"https:\\\/\\\/www.facebook.com\\\/p\\\/SureSMS-100044607956149\\\/\"]}]}<\/script>\r\n<!-- \/ Yoast SEO Premium plugin. -->","yoast_head_json":{"title":"Om SureSMS - F\u00e5 et innblikk i v\u00e5r erfaring og kompetanse","description":"Les mer om SureSMS her. Med 13 \u00e5rs erfaring i SMS-markedet er vi den profesjonelle l\u00f8sningen for bedrifter og utviklere. SMS GAteway med kunden i sentrum.","robots":{"index":"index","follow":"follow","max-snippet":"max-snippet:-1","max-image-preview":"max-image-preview:large","max-video-preview":"max-video-preview:-1"},"canonical":"https:\/\/suresms.com\/nb\/om-suresms\/","og_locale":"nb_NO","og_type":"article","og_title":"Om SureSMS","og_description":"L\u00e6s om SureSMS en professionel SMS Gateway med kvalitetsl\u00f8sninger til professionelle.","og_url":"https:\/\/suresms.com\/nb\/om-suresms\/","article_publisher":"https:\/\/www.facebook.com\/p\/SureSMS-100044607956149\/","article_modified_time":"2025-11-19T10:58:14+00:00","twitter_card":"summary_large_image","twitter_image":"https:\/\/suresms.com\/wp-content\/uploads\/2013\/11\/startup550x250px.jpg","twitter_misc":{"Ansl. lesetid":"3 minutter"},"schema":{"@context":"https:\/\/schema.org","@graph":[{"@type":"WebPage","@id":"https:\/\/suresms.com\/dk\/om-suresms\/","url":"https:\/\/suresms.com\/dk\/om-suresms\/","name":"Om SureSMS - F\u00e5 et innblikk i v\u00e5r erfaring og kompetanse","isPartOf":{"@id":"https:\/\/suresms.com\/en\/#website"},"primaryImageOfPage":{"@id":"https:\/\/suresms.com\/dk\/om-suresms\/#primaryimage"},"image":{"@id":"https:\/\/suresms.com\/dk\/om-suresms\/#primaryimage"},"thumbnailUrl":"https:\/\/suresms.com\/wp-content\/uploads\/2013\/11\/startup550x250px.jpg","datePublished":"2013-11-26T06:53:12+00:00","dateModified":"2025-11-19T10:58:14+00:00","description":"Les mer om SureSMS her. Med 13 \u00e5rs erfaring i SMS-markedet er vi den profesjonelle l\u00f8sningen for bedrifter og utviklere. SMS GAteway med kunden i sentrum.","breadcrumb":{"@id":"https:\/\/suresms.com\/dk\/om-suresms\/#breadcrumb"},"inLanguage":"nb-NO","potentialAction":[{"@type":"ReadAction","target":["https:\/\/suresms.com\/dk\/om-suresms\/"]}]},{"@type":"ImageObject","inLanguage":"nb-NO","@id":"https:\/\/suresms.com\/dk\/om-suresms\/#primaryimage","url":"https:\/\/suresms.com\/wp-content\/uploads\/2013\/11\/startup550x250px.jpg","contentUrl":"https:\/\/suresms.com\/wp-content\/uploads\/2013\/11\/startup550x250px.jpg"},{"@type":"BreadcrumbList","@id":"https:\/\/suresms.com\/dk\/om-suresms\/#breadcrumb","itemListElement":[{"@type":"ListItem","position":1,"name":"Home","item":"https:\/\/suresms.com\/dk\/"},{"@type":"ListItem","position":2,"name":"Om SureSMS"}]},{"@type":"WebSite","@id":"https:\/\/suresms.com\/en\/#website","url":"https:\/\/suresms.com\/en\/","name":"SureSMS","description":"Profesjonell SMS-gateway","publisher":{"@id":"https:\/\/suresms.com\/en\/#organization"},"potentialAction":[{"@type":"SearchAction","target":{"@type":"EntryPoint","urlTemplate":"https:\/\/suresms.com\/en\/?s={search_term_string}"},"query-input":{"@type":"PropertyValueSpecification","valueRequired":true,"valueName":"search_term_string"}}],"inLanguage":"nb-NO"},{"@type":"Organization","@id":"https:\/\/suresms.com\/en\/#organization","name":"SureSMS","url":"https:\/\/suresms.com\/en\/","logo":{"@type":"ImageObject","inLanguage":"nb-NO","@id":"https:\/\/suresms.com\/en\/#\/schema\/logo\/image\/","url":"https:\/\/suresms.com\/wp-content\/uploads\/2024\/11\/suresms-300x65-1.png","contentUrl":"https:\/\/suresms.com\/wp-content\/uploads\/2024\/11\/suresms-300x65-1.png","width":300,"height":65,"caption":"SureSMS"},"image":{"@id":"https:\/\/suresms.com\/en\/#\/schema\/logo\/image\/"},"sameAs":["https:\/\/www.facebook.com\/p\/SureSMS-100044607956149\/"]}]}},"_links":{"self":[{"href":"https:\/\/suresms.com\/nb\/wp-json\/wp\/v2\/pages\/18594","targetHints":{"allow":["GET"]}}],"collection":[{"href":"https:\/\/suresms.com\/nb\/wp-json\/wp\/v2\/pages"}],"about":[{"href":"https:\/\/suresms.com\/nb\/wp-json\/wp\/v2\/types\/page"}],"author":[{"embeddable":true,"href":"https:\/\/suresms.com\/nb\/wp-json\/wp\/v2\/users\/1"}],"replies":[{"embeddable":true,"href":"https:\/\/suresms.com\/nb\/wp-json\/wp\/v2\/comments?post=18594"}],"version-history":[{"count":7,"href":"https:\/\/suresms.com\/nb\/wp-json\/wp\/v2\/pages\/18594\/revisions"}],"predecessor-version":[{"id":23554,"href":"https:\/\/suresms.com\/nb\/wp-json\/wp\/v2\/pages\/18594\/revisions\/23554"}],"wp:attachment":[{"href":"https:\/\/suresms.com\/nb\/wp-json\/wp\/v2\/media?parent=18594"}],"wp:term":[{"taxonomy":"category","embeddable":true,"href":"https:\/\/suresms.com\/nb\/wp-json\/wp\/v2\/categories?post=18594"},{"taxonomy":"post_tag","embeddable":true,"href":"https:\/\/suresms.com\/nb\/wp-json\/wp\/v2\/tags?post=18594"}],"curies":[{"name":"wp","href":"https:\/\/api.w.org\/{rel}","templated":true}]}}