{"id":18292,"date":"2024-08-26T13:27:40","date_gmt":"2024-08-26T11:27:40","guid":{"rendered":"https:\/\/www.suresms.com\/dk\/?page_id=18292"},"modified":"2025-01-15T14:18:17","modified_gmt":"2025-01-15T14:18:17","slug":"stasjonsnavn-7","status":"publish","type":"page","link":"https:\/\/suresms.com\/nb\/docs\/addressbook\/contacts\/","title":{"rendered":"Kontaktpersoner"},"content":{"rendered":"<!-- Flexy Breadcrumb -->\r\n\t\t\t<div class=\"fbc fbc-page\">\r\n\r\n\t\t\t\t<!-- Breadcrumb wrapper -->\r\n\t\t\t\t<div class=\"fbc-wrap\">\r\n\r\n\t\t\t\t\t<!-- Ordered list-->\r\n\t\t\t\t\t<ol class=\"fbc-items\" itemscope itemtype=\"https:\/\/schema.org\/BreadcrumbList\">\r\n\t\t\t\t\t\t            <li itemprop=\"itemListElement\" itemscope itemtype=\"https:\/\/schema.org\/ListItem\">\r\n                <span itemprop=\"name\">\r\n                    <!-- Home Link -->\r\n                    <a itemprop=\"item\" href=\"https:\/\/suresms.com\/nb\/\">\r\n                    \r\n                                                    <i class=\"fa fa-home\" aria-hidden=\"true\"><\/i>Hjem                    <\/a>\r\n                <\/span>\r\n                <meta itemprop=\"position\" content=\"1\" \/><!-- Meta Position-->\r\n             <\/li><li><span class=\"fbc-separator\">\/<\/span><\/li><li class=\"active\" itemprop=\"itemListElement\" itemscope itemtype=\"https:\/\/schema.org\/ListItem\"><span itemprop=\"name\" title=\"Kontaktpersoner\">Kontaktpersoner<\/span><meta itemprop=\"position\" content=\"2\" \/><\/li>\t\t\t\t\t<\/ol>\r\n\t\t\t\t\t<div class=\"clearfix\"><\/div>\r\n\t\t\t\t<\/div>\r\n\t\t\t<\/div>\r\n\t\t\t\n<h1>\n\t\tKontaktpersoner\n\t<\/h1>\n\t<p>Her kan du lese om adresseboken i SureSMS. Adresseboken best\u00e5r av Kontakter og Grupper. Du kan lese mer om <a href=\"https:\/\/suresms.com\/nb\/dokumenter\/konto-4\/stasjonsnavn-6\/\">Gruppe her<\/a>. Nedenfor kan du lese hvordan du oppretter, redigerer og sletter en kontakt i adresseboken.<\/p>\n<h2>\n\t\tListe over kontakter\n\t<\/h2>\n\t<p>La oss begynne med \u00e5 se p\u00e5 skjermen der du ser listen over kontakter. Skjermbildet kan se slik ut:<\/p>\n\t<p>Som du kan se, inneholder listen f\u00f8rst en liten firkant der du kan velge en kontakt. Deretter vises f\u00f8lgende informasjon: Fullt navn p\u00e5 kontakten, landskode og telefonnummer.<\/p>\n<p>Hvis du har angitt en e-postadresse for kontakten, vises den her. Her vises ogs\u00e5 eventuell tilleggsinformasjon du har lagt inn - mer om det senere. Deretter kan du se et tall som viser hvor mange grupper kontakten er med i, og n\u00e5r kontakten ble opprettet.<\/p>\n<p>Hvis du klikker p\u00e5 blyanten ved siden av bryteren, har du mulighet til \u00e5 korrigere denne informasjonen.<\/p>\n\t\t\t\t<img loading=\"lazy\" decoding=\"async\" src=\"https:\/\/suresms.com\/wp-content\/uploads\/2024\/08\/Skaermbillede-2024-08-26-133800-1.png\" alt=\"Listen i adresseboken\" itemprop=\"image\" height=\"1097\" width=\"2012\" title=\"Skjermbilde 2024-08-26 133800\" onerror=\"this.style.display='none'\"  \/>\n\t\t\t\t<img decoding=\"async\" src=\"https:\/\/suresms.com\/wp-content\/plugins\/bb-plugin\/img\/pixel.png\" alt=\"\" itemprop=\"image\" onerror=\"this.style.display='none'\"  \/>\n\t<p>\u00d8verst p\u00e5 listen er det en handlingslinje. For det f\u00f8rste kan du s\u00f8ke i kontaktene dine i s\u00f8kefeltet, og du kan velge hvor mange kontakter du vil se om gangen. Det finnes ogs\u00e5 en \"Filtrer\"-knapp. Hvis du klikker p\u00e5 den, rulles filtermenyen ut, og du kan bare se kontakter som er i en bestemt gruppe. Som illustrert ovenfor.<\/p>\n<h2>\n\t\tOpprett, rediger eller slett kontakt\n\t<\/h2>\n\t<p>For \u00e5 opprette en kontakt klikker du p\u00e5 \"Valg\" \u00f8verst i h\u00f8yre hj\u00f8rne. Velg deretter\u00a0<em>Opprett ny<\/em>.<\/p>\n\t<p>Fyll ut skjermen med kontaktinformasjonen til den nye kontakten din, som vist i videoen til h\u00f8yre.<\/p>\n<p>Fullstendig navn, landskode og telefonnummer er obligatorisk. E-postadresse og tilleggsinformasjon er valgfritt.<\/p>\n<p>Klikk p\u00e5 blyanten ved siden av kontakten hvis du vil korrigere informasjon om kontakten.<\/p>\n<p><em>HUSK: \u00e5 klikke p\u00e5 Lagre etter at du har endret hvilke grupper kontakten er i.<\/em><\/p>\n\t\t\t\t\t<video src=\"https:\/\/suresms.com\/wp-content\/uploads\/2024\/08\/Dokumentation-Opret-ret-og-slet-kontakt-1.mp4\" alt=\"hosted-video-thumbnail\"><\/video>\n\t\t<h2>\n\t\tImporter eller eksporter liste over kontakter\n\t<\/h2>\n\t<p>Det er mulig \u00e5 importere kontakter fra en fil. Dette kan v\u00e6re en CSV-fil fra medlemssystemet, bokholderiet eller CRM-systemet ditt. Kontaktene importeres enten \"opp\u00e5\" de eksisterende eller som en helt ny import - du velger selv.<\/p>\n\t<p>Logg inn p\u00e5 SureSMS-kontoen din her : <a href=\"https:\/\/app.suresms.com\" target=\"_blank\" rel=\"noopener\">https:\/\/app.suresms.com<\/a><\/p>\n<p>I menyen velger du <em>Adressebok-&gt; Kontakter<\/em><\/p>\n<p>Klikk p\u00e5 <em>Valg <\/em>i \u00f8verste h\u00f8yre hj\u00f8rne<\/p>\n<p>Velg menypunktet\u00a0<em>Importer fra fil<\/em><\/p>\n<p>Velg filen fra din lokale datamaskin<\/p>\n<p>Klikk p\u00e5 knappen\u00a0<em>Analysatorer<\/em><\/p>\n<p>Klikk p\u00e5\u00a0<em>Import<\/em><\/p>\n<p>Du kan n\u00e5 se de nye kontaktene dine i adresseboken<\/p>\n<p>&nbsp;<\/p>\n<p>&nbsp;<\/p>\n\t\t\t\t\t<video src=\"https:\/\/suresms.com\/wp-content\/uploads\/2024\/10\/Dokumentation-Import-af-kontakter-til-adressebogen.mp4\" alt=\"hosted-video-thumbnail\"><\/video>\n\t\t<h2>\n\t\tLegg til tagger i en kontakt\n\t<\/h2>\n\t<p>Det er mulig \u00e5 legge til tagger eller etiketter til en kontakt. Denne taggen kan brukes til \u00e5 segmentere utsendelsen senere. Hvis du for eksempel er mekaniker, kan du legge til en tagg som forteller hvilket bilmerke mottakeren har. Hvis du har en nettbutikk som selger kj\u00e6ledyr, kan du legge til hvilket kj\u00e6ledyr kontakten har - katt, hund, grevling :-).<\/p>\n<p>Legg til en etikett fra kontaktoversikten ved \u00e5 krysse av for de kontaktene som skal ha en etikett\/tag<\/p>\n<p>&nbsp;<\/p>\n\t\t\t\t<img decoding=\"async\" src=\"https:\/\/suresms.com\/wp-content\/plugins\/bb-plugin\/img\/pixel.png\" alt=\"\" itemprop=\"image\" onerror=\"this.style.display='none'\"  \/>\n\t<p>Klikk deretter p\u00e5\u00a0<em>Valg<\/em> \u00f8verst i h\u00f8yre hj\u00f8rne og klikk p\u00e5 \"Legg til tagg\"<\/p>\n<p>&nbsp;<\/p>\n\t\t\t\t<img decoding=\"async\" src=\"https:\/\/suresms.com\/wp-content\/plugins\/bb-plugin\/img\/pixel.png\" alt=\"\" itemprop=\"image\" onerror=\"this.style.display='none'\"  \/>\n\t<p>Skriv deretter inn etiketten du vil knytte til kontakten. I dette tilfellet har vi valgt <em>Ketchers\u00a0<\/em>som et klistremerke.<\/p>\n<p>&nbsp;<\/p>","protected":false},"excerpt":{"rendered":"<p>Kontakter Her kan du lese om adresseboken i SureSMS. Adresseboken best\u00e5r av Kontakter og Grupper. Du kan lese mer om Grupper her. Nedenfor kan du lese om hvordan du oppretter, redigerer og sletter en kontakt i adresseboken. Liste over kontakter La oss begynne med \u00e5 se p\u00e5 skjermbildet der du ser listen over kontakter. Skjermbildet... <a title=\"Kontaktpersoner\" class=\"read-more\" href=\"https:\/\/suresms.com\/nb\/docs\/addressbook\/contacts\/\" aria-label=\"Les mer om Kontakter\">Les mer om dette<\/a><\/p>","protected":false},"author":1,"featured_media":0,"parent":18172,"menu_order":0,"comment_status":"closed","ping_status":"closed","template":"","meta":{"_fl_builder_enabled":"1","_fl_builder_data":null,"_fl_builder_draft":null,"_fl_builder_data_settings":null,"_fl_builder_css":"","_fl_builder_css_version":"","_fl_builder_js":"","footnotes":""},"categories":[],"tags":[],"class_list":["post-18292","page","type-page","status-publish"],"yoast_head":"<!-- This site is optimized with the Yoast SEO Premium plugin v27.3 (Yoast SEO v27.3) - https:\/\/yoast.com\/product\/yoast-seo-premium-wordpress\/ -->\r\n<title>Kontakter -<\/title>\r\n<meta name=\"robots\" content=\"index, follow, max-snippet:-1, max-image-preview:large, max-video-preview:-1\" \/>\r\n<link rel=\"canonical\" href=\"https:\/\/suresms.com\/nb\/dokumenter\/konto-4\/stasjonsnavn-7\/\" \/>\r\n<meta property=\"og:locale\" content=\"nb_NO\" \/>\r\n<meta property=\"og:type\" content=\"article\" \/>\r\n<meta property=\"og:title\" content=\"Kontakter\" \/>\r\n<meta property=\"og:description\" content=\"Kontakter Her kan du l\u00e6se om adressebogen i SureSMS. Adressebogen best\u00e5r af Kontakter og Grupper. Du kan l\u00e6se om Grupper her. Herunder kan du l\u00e6se hvordan du opretter, retter og sletter en kontakt i din adressebog. Liste over kontakter Lad os starte med at se p\u00e5 det sk\u00e6rmbillede hvor man ser listen af kontakter. Sk\u00e6rmbilledet ... Les mer\" \/>\r\n<meta property=\"og:url\" content=\"https:\/\/suresms.com\/nb\/dokumenter\/konto-4\/stasjonsnavn-7\/\" \/>\r\n<meta property=\"article:publisher\" content=\"https:\/\/www.facebook.com\/p\/SureSMS-100044607956149\/\" \/>\r\n<meta property=\"article:modified_time\" content=\"2025-01-15T14:18:17+00:00\" \/>\r\n<meta property=\"og:image\" content=\"https:\/\/suresms.com\/wp-content\/uploads\/2024\/08\/Skaermbillede-2024-08-26-133800-1.png\" \/>\r\n<meta name=\"twitter:card\" content=\"summary_large_image\" \/>\r\n<meta name=\"twitter:label1\" content=\"Ansl. lesetid\" \/>\n\t<meta name=\"twitter:data1\" content=\"3 minutter\" \/>\r\n<script type=\"application\/ld+json\" class=\"yoast-schema-graph\">{\"@context\":\"https:\\\/\\\/schema.org\",\"@graph\":[{\"@type\":\"WebPage\",\"@id\":\"https:\\\/\\\/suresms.com\\\/dk\\\/docs\\\/addressbook\\\/contacts\\\/\",\"url\":\"https:\\\/\\\/suresms.com\\\/dk\\\/docs\\\/addressbook\\\/contacts\\\/\",\"name\":\"Kontakter -\",\"isPartOf\":{\"@id\":\"https:\\\/\\\/suresms.com\\\/en\\\/#website\"},\"primaryImageOfPage\":{\"@id\":\"https:\\\/\\\/suresms.com\\\/dk\\\/docs\\\/addressbook\\\/contacts\\\/#primaryimage\"},\"image\":{\"@id\":\"https:\\\/\\\/suresms.com\\\/dk\\\/docs\\\/addressbook\\\/contacts\\\/#primaryimage\"},\"thumbnailUrl\":\"https:\\\/\\\/suresms.com\\\/wp-content\\\/uploads\\\/2024\\\/08\\\/Skaermbillede-2024-08-26-133800-1.png\",\"datePublished\":\"2024-08-26T11:27:40+00:00\",\"dateModified\":\"2025-01-15T14:18:17+00:00\",\"breadcrumb\":{\"@id\":\"https:\\\/\\\/suresms.com\\\/dk\\\/docs\\\/addressbook\\\/contacts\\\/#breadcrumb\"},\"inLanguage\":\"nb-NO\",\"potentialAction\":[{\"@type\":\"ReadAction\",\"target\":[\"https:\\\/\\\/suresms.com\\\/dk\\\/docs\\\/addressbook\\\/contacts\\\/\"]}]},{\"@type\":\"ImageObject\",\"inLanguage\":\"nb-NO\",\"@id\":\"https:\\\/\\\/suresms.com\\\/dk\\\/docs\\\/addressbook\\\/contacts\\\/#primaryimage\",\"url\":\"https:\\\/\\\/suresms.com\\\/wp-content\\\/uploads\\\/2024\\\/08\\\/Skaermbillede-2024-08-26-133800-1.png\",\"contentUrl\":\"https:\\\/\\\/suresms.com\\\/wp-content\\\/uploads\\\/2024\\\/08\\\/Skaermbillede-2024-08-26-133800-1.png\"},{\"@type\":\"BreadcrumbList\",\"@id\":\"https:\\\/\\\/suresms.com\\\/dk\\\/docs\\\/addressbook\\\/contacts\\\/#breadcrumb\",\"itemListElement\":[{\"@type\":\"ListItem\",\"position\":1,\"name\":\"Home\",\"item\":\"https:\\\/\\\/suresms.com\\\/dk\\\/\"},{\"@type\":\"ListItem\",\"position\":2,\"name\":\"Dokumentation\",\"item\":\"https:\\\/\\\/suresms.com\\\/dk\\\/docs\\\/\"},{\"@type\":\"ListItem\",\"position\":3,\"name\":\"Adressebog\",\"item\":\"https:\\\/\\\/suresms.com\\\/dk\\\/docs\\\/addressbook\\\/\"},{\"@type\":\"ListItem\",\"position\":4,\"name\":\"Kontakter\"}]},{\"@type\":\"WebSite\",\"@id\":\"https:\\\/\\\/suresms.com\\\/en\\\/#website\",\"url\":\"https:\\\/\\\/suresms.com\\\/en\\\/\",\"name\":\"SureSMS\",\"description\":\"Professionel SMS Gateway\",\"publisher\":{\"@id\":\"https:\\\/\\\/suresms.com\\\/en\\\/#organization\"},\"potentialAction\":[{\"@type\":\"SearchAction\",\"target\":{\"@type\":\"EntryPoint\",\"urlTemplate\":\"https:\\\/\\\/suresms.com\\\/en\\\/?s={search_term_string}\"},\"query-input\":{\"@type\":\"PropertyValueSpecification\",\"valueRequired\":true,\"valueName\":\"search_term_string\"}}],\"inLanguage\":\"nb-NO\"},{\"@type\":\"Organization\",\"@id\":\"https:\\\/\\\/suresms.com\\\/en\\\/#organization\",\"name\":\"SureSMS\",\"url\":\"https:\\\/\\\/suresms.com\\\/en\\\/\",\"logo\":{\"@type\":\"ImageObject\",\"inLanguage\":\"nb-NO\",\"@id\":\"https:\\\/\\\/suresms.com\\\/en\\\/#\\\/schema\\\/logo\\\/image\\\/\",\"url\":\"https:\\\/\\\/suresms.com\\\/wp-content\\\/uploads\\\/2024\\\/11\\\/suresms-300x65-1.png\",\"contentUrl\":\"https:\\\/\\\/suresms.com\\\/wp-content\\\/uploads\\\/2024\\\/11\\\/suresms-300x65-1.png\",\"width\":300,\"height\":65,\"caption\":\"SureSMS\"},\"image\":{\"@id\":\"https:\\\/\\\/suresms.com\\\/en\\\/#\\\/schema\\\/logo\\\/image\\\/\"},\"sameAs\":[\"https:\\\/\\\/www.facebook.com\\\/p\\\/SureSMS-100044607956149\\\/\"]}]}<\/script>\r\n<!-- \/ Yoast SEO Premium plugin. -->","yoast_head_json":{"title":"Kontakter -","robots":{"index":"index","follow":"follow","max-snippet":"max-snippet:-1","max-image-preview":"max-image-preview:large","max-video-preview":"max-video-preview:-1"},"canonical":"https:\/\/suresms.com\/nb\/dokumenter\/konto-4\/stasjonsnavn-7\/","og_locale":"nb_NO","og_type":"article","og_title":"Kontakter","og_description":"Kontakter Her kan du l\u00e6se om adressebogen i SureSMS. Adressebogen best\u00e5r af Kontakter og Grupper. Du kan l\u00e6se om Grupper her. Herunder kan du l\u00e6se hvordan du opretter, retter og sletter en kontakt i din adressebog. Liste over kontakter Lad os starte med at se p\u00e5 det sk\u00e6rmbillede hvor man ser listen af kontakter. Sk\u00e6rmbilledet ... Les mer","og_url":"https:\/\/suresms.com\/nb\/dokumenter\/konto-4\/stasjonsnavn-7\/","article_publisher":"https:\/\/www.facebook.com\/p\/SureSMS-100044607956149\/","article_modified_time":"2025-01-15T14:18:17+00:00","og_image":[{"url":"https:\/\/suresms.com\/wp-content\/uploads\/2024\/08\/Skaermbillede-2024-08-26-133800-1.png","type":"","width":"","height":""}],"twitter_card":"summary_large_image","twitter_misc":{"Ansl. lesetid":"3 minutter"},"schema":{"@context":"https:\/\/schema.org","@graph":[{"@type":"WebPage","@id":"https:\/\/suresms.com\/dk\/docs\/addressbook\/contacts\/","url":"https:\/\/suresms.com\/dk\/docs\/addressbook\/contacts\/","name":"Kontakter -","isPartOf":{"@id":"https:\/\/suresms.com\/en\/#website"},"primaryImageOfPage":{"@id":"https:\/\/suresms.com\/dk\/docs\/addressbook\/contacts\/#primaryimage"},"image":{"@id":"https:\/\/suresms.com\/dk\/docs\/addressbook\/contacts\/#primaryimage"},"thumbnailUrl":"https:\/\/suresms.com\/wp-content\/uploads\/2024\/08\/Skaermbillede-2024-08-26-133800-1.png","datePublished":"2024-08-26T11:27:40+00:00","dateModified":"2025-01-15T14:18:17+00:00","breadcrumb":{"@id":"https:\/\/suresms.com\/dk\/docs\/addressbook\/contacts\/#breadcrumb"},"inLanguage":"nb-NO","potentialAction":[{"@type":"ReadAction","target":["https:\/\/suresms.com\/dk\/docs\/addressbook\/contacts\/"]}]},{"@type":"ImageObject","inLanguage":"nb-NO","@id":"https:\/\/suresms.com\/dk\/docs\/addressbook\/contacts\/#primaryimage","url":"https:\/\/suresms.com\/wp-content\/uploads\/2024\/08\/Skaermbillede-2024-08-26-133800-1.png","contentUrl":"https:\/\/suresms.com\/wp-content\/uploads\/2024\/08\/Skaermbillede-2024-08-26-133800-1.png"},{"@type":"BreadcrumbList","@id":"https:\/\/suresms.com\/dk\/docs\/addressbook\/contacts\/#breadcrumb","itemListElement":[{"@type":"ListItem","position":1,"name":"Home","item":"https:\/\/suresms.com\/dk\/"},{"@type":"ListItem","position":2,"name":"Dokumentation","item":"https:\/\/suresms.com\/dk\/docs\/"},{"@type":"ListItem","position":3,"name":"Adressebog","item":"https:\/\/suresms.com\/dk\/docs\/addressbook\/"},{"@type":"ListItem","position":4,"name":"Kontakter"}]},{"@type":"WebSite","@id":"https:\/\/suresms.com\/en\/#website","url":"https:\/\/suresms.com\/en\/","name":"SureSMS","description":"Profesjonell SMS-gateway","publisher":{"@id":"https:\/\/suresms.com\/en\/#organization"},"potentialAction":[{"@type":"SearchAction","target":{"@type":"EntryPoint","urlTemplate":"https:\/\/suresms.com\/en\/?s={search_term_string}"},"query-input":{"@type":"PropertyValueSpecification","valueRequired":true,"valueName":"search_term_string"}}],"inLanguage":"nb-NO"},{"@type":"Organization","@id":"https:\/\/suresms.com\/en\/#organization","name":"SureSMS","url":"https:\/\/suresms.com\/en\/","logo":{"@type":"ImageObject","inLanguage":"nb-NO","@id":"https:\/\/suresms.com\/en\/#\/schema\/logo\/image\/","url":"https:\/\/suresms.com\/wp-content\/uploads\/2024\/11\/suresms-300x65-1.png","contentUrl":"https:\/\/suresms.com\/wp-content\/uploads\/2024\/11\/suresms-300x65-1.png","width":300,"height":65,"caption":"SureSMS"},"image":{"@id":"https:\/\/suresms.com\/en\/#\/schema\/logo\/image\/"},"sameAs":["https:\/\/www.facebook.com\/p\/SureSMS-100044607956149\/"]}]}},"_links":{"self":[{"href":"https:\/\/suresms.com\/nb\/wp-json\/wp\/v2\/pages\/18292","targetHints":{"allow":["GET"]}}],"collection":[{"href":"https:\/\/suresms.com\/nb\/wp-json\/wp\/v2\/pages"}],"about":[{"href":"https:\/\/suresms.com\/nb\/wp-json\/wp\/v2\/types\/page"}],"author":[{"embeddable":true,"href":"https:\/\/suresms.com\/nb\/wp-json\/wp\/v2\/users\/1"}],"replies":[{"embeddable":true,"href":"https:\/\/suresms.com\/nb\/wp-json\/wp\/v2\/comments?post=18292"}],"version-history":[{"count":8,"href":"https:\/\/suresms.com\/nb\/wp-json\/wp\/v2\/pages\/18292\/revisions"}],"predecessor-version":[{"id":21535,"href":"https:\/\/suresms.com\/nb\/wp-json\/wp\/v2\/pages\/18292\/revisions\/21535"}],"up":[{"embeddable":true,"href":"https:\/\/suresms.com\/nb\/wp-json\/wp\/v2\/pages\/18172"}],"wp:attachment":[{"href":"https:\/\/suresms.com\/nb\/wp-json\/wp\/v2\/media?parent=18292"}],"wp:term":[{"taxonomy":"category","embeddable":true,"href":"https:\/\/suresms.com\/nb\/wp-json\/wp\/v2\/categories?post=18292"},{"taxonomy":"post_tag","embeddable":true,"href":"https:\/\/suresms.com\/nb\/wp-json\/wp\/v2\/tags?post=18292"}],"curies":[{"name":"wp","href":"https:\/\/api.w.org\/{rel}","templated":true}]}}