{"id":18290,"date":"2024-08-26T13:26:01","date_gmt":"2024-08-26T11:26:01","guid":{"rendered":"https:\/\/www.suresms.com\/dk\/?page_id=18290"},"modified":"2025-07-05T04:12:22","modified_gmt":"2025-07-05T04:12:22","slug":"stasjonsnavn-6","status":"publish","type":"page","link":"https:\/\/suresms.com\/nb\/docs\/addressbook\/groups-and-lists\/","title":{"rendered":"Grupper og lister"},"content":{"rendered":"<!-- Flexy Breadcrumb -->\r\n\t\t\t<div class=\"fbc fbc-page\">\r\n\r\n\t\t\t\t<!-- Breadcrumb wrapper -->\r\n\t\t\t\t<div class=\"fbc-wrap\">\r\n\r\n\t\t\t\t\t<!-- Ordered list-->\r\n\t\t\t\t\t<ol class=\"fbc-items\" itemscope itemtype=\"https:\/\/schema.org\/BreadcrumbList\">\r\n\t\t\t\t\t\t            <li itemprop=\"itemListElement\" itemscope itemtype=\"https:\/\/schema.org\/ListItem\">\r\n                <span itemprop=\"name\">\r\n                    <!-- Home Link -->\r\n                    <a itemprop=\"item\" href=\"https:\/\/suresms.com\/nb\/\">\r\n                    \r\n                                                    <i class=\"fa fa-home\" aria-hidden=\"true\"><\/i>Hjem                    <\/a>\r\n                <\/span>\r\n                <meta itemprop=\"position\" content=\"1\" \/><!-- Meta Position-->\r\n             <\/li><li><span class=\"fbc-separator\">\/<\/span><\/li><li class=\"active\" itemprop=\"itemListElement\" itemscope itemtype=\"https:\/\/schema.org\/ListItem\"><span itemprop=\"name\" title=\"Grupper og lister\">Grupper og lister<\/span><meta itemprop=\"position\" content=\"2\" \/><\/li>\t\t\t\t\t<\/ol>\r\n\t\t\t\t\t<div class=\"clearfix\"><\/div>\r\n\t\t\t\t<\/div>\r\n\t\t\t<\/div>\r\n\t\t\t\n<h1>\n\t\t\tGrupper og lister\t<\/h1>\n\t<p>Nedenfor kan du lese om skjermbildet\u00a0<em>Grupper<\/em>. Hvert felt er forklart, og for noen av beskrivelsene finnes det lenker til utdypende informasjon.<\/p>\n<h2>\n\t\t\tOpprett ny gruppe\t<\/h2>\n\t<p>La oss begynne med \u00e5 se p\u00e5 hvordan du oppretter en gruppe.<\/p>\n\t<p>Logg inn p\u00e5 SureSMS-kontoen din her : <a href=\"https:\/\/app.suresms.com\" target=\"_blank\" rel=\"noopener\">https:\/\/app.suresms.com<\/a><\/p>\n<p>I menyen velger du <em>Adressebok -&gt; Grupper<\/em><\/p>\n<p>I \u00f8verste h\u00f8yre hj\u00f8rne klikker du p\u00e5 <em>\"Valg\"<\/em><\/p>\n<p>Velg <em>Opprett ny <\/em>\u00a0i undermenyen<\/p>\n<p>Skriv inn minst navnet p\u00e5 gruppen. Nedenfor kan du se skjermbildet med forklaringer for hvert felt.<\/p>\n<p>Avslutt ved \u00e5 klikke p\u00e5 <em>Edelsten<\/em><\/p>\n\t\t\t\t\t<video src=\"https:\/\/suresms.com\/wp-content\/uploads\/2024\/07\/Dokumentation-Bestille-afsendernavn.mp4\" alt=\"hosted-video-thumbnail\"><\/video>\n\t\t<h2>\n\t\t\tGruppefelt\t<\/h2>\n\t\t\t\t<img decoding=\"async\" src=\"https:\/\/suresms.com\/wp-content\/uploads\/2025\/01\/Adressebog-Grupper-01.png\" alt=\"Adressebok - Grupper - 01\" itemprop=\"image\" title=\"Adressebok - Grupper - 01\" onerror=\"this.style.display='none'\" loading='lazy' \/>\n\t\t\t\t\t\t\t\t\t\t<h4 tabindex=\"0\">Gruppens navn<\/h4>\n\t\t\t\t\t<p>Det er navnet p\u00e5 selve gruppen. Her er det rimelig stor valgfrihet. Gruppen kan imidlertid ikke starte med et tall. Det er heller ikke tillatt \u00e5 bruke parenteser.\u00a0<\/p>\n\t\t\t\t\t\t\t\t\t\t<h4 tabindex=\"0\">URL for tilpasset CSS<\/h4>\n\t\t\t\t\t<p>Hvis det offentlig tilgjengelige p\u00e5meldingsskjemaet m\u00e5 bruke stilarket fra ditt eget nettsted, kan du sette inn URL-adressen her. Det vil si at denne URL-en vanligvis peker til en CSS-fil p\u00e5 ditt eget nettsted.\u00a0<\/p>\n\t\t\t\t\t\t\t\t\t\t<h4 tabindex=\"0\">Beskrivelse<\/h4>\n\t\t\t\t\t<p>Her kan du opprette en beskrivelse av gruppen. Det kan v\u00e6re lurt hvis du har d\u00e5rlig hukommelse, eller hvis dere er flere som bruker grupper samtidig. Beskrivelsen kan ogs\u00e5 vises p\u00e5 registreringsskjemaet hvis du \u00f8nsker det.\u00a0<\/p>\n\t\t\t\t\t\t\t\t\t\t<h4 tabindex=\"0\">URL til bakgrunnsbilde<\/h4>\n\t\t\t\t\t<p>Hvis du vil ha et bilde som bakgrunn p\u00e5 registreringsskjemaet, kan du legge det til her.\u00a0<\/p>\n\t\t\t\t\t\t\t\t\t\t<h4 tabindex=\"0\">Bruk alltid avsendernavn<\/h4>\n\t\t\t\t\t<p>Denne innstillingen bestemmer hvilket avsendernavn som skal brukes n\u00e5r du sender til gruppen. Du kan velge fra listen. Du kan ogs\u00e5 velge \u00e5 angi at den ikke skal angis.\u00a0<\/p>\n\t\t\t\t\t\t\t\t\t\t<h4 tabindex=\"0\">Deaktiver innkommende SMS til gruppen<\/h4>\n\t\t\t\t\t<p>Du kan sende en SMS til SureSMS som deretter videresendes til gruppen. Dette krysset deaktiverer denne funksjonen.\u00a0<\/p>\n\t\t\t\t\t\t\t\t\t\t<h4 tabindex=\"0\">Dobbelt opt-in<\/h4>\n\t\t\t\t\t<p>Hvis en bruker melder seg p\u00e5 listen via nettsiden, er vi ikke sikre p\u00e5 at de har skrevet inn sitt eget nummer, eller at de bare har skrevet det inn riktig. Ved dobbel opt-in sender vi en SMS til nummeret som skal besvares f\u00f8r abonnementet blir aktivt.\u00a0<\/p>\n<h2>\n\t\t\tLegge til nye medlemmer i en gruppe\t<\/h2>\n\t<p>Du kan alltid legge til nye medlemmer i en eksisterende gruppe. Du m\u00e5 opprette den nye kontakten f\u00f8r du kan legge til kontakten i en eksisterende gruppe. <a href=\"https:\/\/suresms.com\/nb\/dokumenter\/konto-4\/stasjonsnavn-7\/#___Opret_ret_eller_slet_kontakt__\">Her kan du se hvordan du oppretter en ny kontakt.\u00a0<\/a><\/p>\n\t<p>I menyen velger du Adressebok <em>-&gt; Grupper\u00a0<\/em><\/p>\n<p>Klikk p\u00e5 den bl\u00e5 blyanten ved siden av gruppen du vil legge til et medlem i, for \u00e5 redigere gruppen.<\/p>\n<p>P\u00e5 h\u00f8yre side av skjermen ser du en liste med to lister: Kontakter og Medlemmer. Kontakter er alle kontaktene dine, mens Medlemmer er listen over kontakter som er medlemmer av denne gruppen.<\/p>\n<p>Merk av i avmerkingsboksene ved siden av tegnene p\u00e5 venstre side som du \u00f8nsker \u00e5 inkludere i gruppen.<\/p>\n<p>Klikk p\u00e5 den gr\u00f8nne pilen.<\/p>\n<p>Klikk p\u00e5 Lagre<\/p>\n<p>N\u00e5 har de nye kontaktene sluttet seg til gruppen.<\/p>\n<h2>\n\t\t\tFjern kontakt fra en gruppe\t<\/h2>\n\t<p>Det er mulig \u00e5 fjerne en kontakt fra en gruppe. Dette kan enten gj\u00f8res ved \u00e5 slette kontakten helt (<a href=\"https:\/\/suresms.com\/nb\/dokumenter\/konto-4\/stasjonsnavn-7\/#___Opret_ret_eller_slet_kontakt__\">les mer her<\/a>), eller du kan avslutte abonnementet p\u00e5 kontakten fra gruppen. Se hvordan nedenfor:<\/p>\n\t<p>I menyen velger du Adressebok -&gt; Grupper<\/p>\n<p>Klikk p\u00e5 den bl\u00e5 blyanten ved siden av gruppen du vil legge til et medlem i, for \u00e5 redigere gruppen.<\/p>\n<p>P\u00e5 h\u00f8yre side av skjermen ser du en liste med to lister: Kontakter og Medlemmer. Kontakter er alle kontaktene dine, mens Medlemmer er listen over kontakter som er medlemmer av denne gruppen.<\/p>\n<p>Finn kontakten du vil fjerne, i listen til h\u00f8yre. Sett en hake ved siden av denne kontakten.<\/p>\n<p>Klikk p\u00e5 den r\u00f8de pilen.<\/p>\n<p>Klikk p\u00e5 Lagre<\/p>\n<p>N\u00e5 er kontakten fjernet fra gruppen, men ikke fra adresseboken.<\/p>","protected":false},"excerpt":{"rendered":"<p>Grupper og lister Nedenfor kan du lese om skjermbildet Grupper. Hvert felt er forklart, og for noen av feltene finnes det utdypende lenker. Opprett ny gruppe La oss begynne med \u00e5 se p\u00e5 hvordan du oppretter en gruppe. Logg inn p\u00e5 SureSMS-kontoen din her: https:\/\/app.suresms.com I menyen velger du Adressebok -&gt; Grupper \u00d8verst til h\u00f8yre... <a title=\"Grupper og lister\" class=\"read-more\" href=\"https:\/\/suresms.com\/nb\/docs\/addressbook\/groups-and-lists\/\" aria-label=\"Les mer om grupper og lister\">Les mer om dette<\/a><\/p>","protected":false},"author":1,"featured_media":0,"parent":18172,"menu_order":0,"comment_status":"closed","ping_status":"closed","template":"","meta":{"_fl_builder_enabled":"1","_fl_builder_data":null,"_fl_builder_draft":null,"_fl_builder_data_settings":null,"_fl_builder_css":"","_fl_builder_css_version":"","_fl_builder_js":"","footnotes":""},"categories":[],"tags":[],"class_list":["post-18290","page","type-page","status-publish"],"yoast_head":"<!-- This site is optimized with the Yoast SEO Premium plugin v27.3 (Yoast SEO v27.3) - https:\/\/yoast.com\/product\/yoast-seo-premium-wordpress\/ -->\r\n<title>Grupper og Lister -<\/title>\r\n<meta name=\"robots\" content=\"index, follow, max-snippet:-1, max-image-preview:large, max-video-preview:-1\" \/>\r\n<link rel=\"canonical\" href=\"https:\/\/suresms.com\/nb\/dokumenter\/konto-4\/stasjonsnavn-6\/\" \/>\r\n<meta property=\"og:locale\" content=\"nb_NO\" \/>\r\n<meta property=\"og:type\" content=\"article\" \/>\r\n<meta property=\"og:title\" content=\"Grupper og Lister\" \/>\r\n<meta property=\"og:description\" content=\"Grupper og Lister Herunder kan du l\u00e6se om sk\u00e6rmbilledet\u00a0Grupper. Hvert felt er forklaret og uddybende link er tilg\u00e6ngelige for nogle beskrivelser. Opret ny gruppe Lad os starte med at se p\u00e5 hvordan man opretter en gruppe. Log ind p\u00e5 din SureSMS konto her : https:\/\/app.suresms.com I menuen v\u00e6lger du Adressebog -&gt; Grupper I \u00f8verste h\u00f8jre ... Les mer\" \/>\r\n<meta property=\"og:url\" content=\"https:\/\/suresms.com\/nb\/dokumenter\/konto-4\/stasjonsnavn-6\/\" \/>\r\n<meta property=\"article:publisher\" content=\"https:\/\/www.facebook.com\/p\/SureSMS-100044607956149\/\" \/>\r\n<meta property=\"article:modified_time\" content=\"2025-07-05T04:12:22+00:00\" \/>\r\n<meta property=\"og:image\" content=\"https:\/\/suresms.com\/wp-content\/uploads\/2025\/01\/Adressebog-Grupper-01.png\" \/>\r\n<meta name=\"twitter:card\" content=\"summary_large_image\" \/>\r\n<meta name=\"twitter:label1\" content=\"Ansl. lesetid\" \/>\n\t<meta name=\"twitter:data1\" content=\"3 minutter\" \/>\r\n<script type=\"application\/ld+json\" class=\"yoast-schema-graph\">{\"@context\":\"https:\\\/\\\/schema.org\",\"@graph\":[{\"@type\":\"WebPage\",\"@id\":\"https:\\\/\\\/suresms.com\\\/dk\\\/docs\\\/addressbook\\\/groups-and-lists\\\/\",\"url\":\"https:\\\/\\\/suresms.com\\\/dk\\\/docs\\\/addressbook\\\/groups-and-lists\\\/\",\"name\":\"Grupper og Lister -\",\"isPartOf\":{\"@id\":\"https:\\\/\\\/suresms.com\\\/en\\\/#website\"},\"primaryImageOfPage\":{\"@id\":\"https:\\\/\\\/suresms.com\\\/dk\\\/docs\\\/addressbook\\\/groups-and-lists\\\/#primaryimage\"},\"image\":{\"@id\":\"https:\\\/\\\/suresms.com\\\/dk\\\/docs\\\/addressbook\\\/groups-and-lists\\\/#primaryimage\"},\"thumbnailUrl\":\"https:\\\/\\\/suresms.com\\\/wp-content\\\/uploads\\\/2025\\\/01\\\/Adressebog-Grupper-01.png\",\"datePublished\":\"2024-08-26T11:26:01+00:00\",\"dateModified\":\"2025-07-05T04:12:22+00:00\",\"breadcrumb\":{\"@id\":\"https:\\\/\\\/suresms.com\\\/dk\\\/docs\\\/addressbook\\\/groups-and-lists\\\/#breadcrumb\"},\"inLanguage\":\"nb-NO\",\"potentialAction\":[{\"@type\":\"ReadAction\",\"target\":[\"https:\\\/\\\/suresms.com\\\/dk\\\/docs\\\/addressbook\\\/groups-and-lists\\\/\"]}]},{\"@type\":\"ImageObject\",\"inLanguage\":\"nb-NO\",\"@id\":\"https:\\\/\\\/suresms.com\\\/dk\\\/docs\\\/addressbook\\\/groups-and-lists\\\/#primaryimage\",\"url\":\"https:\\\/\\\/suresms.com\\\/wp-content\\\/uploads\\\/2025\\\/01\\\/Adressebog-Grupper-01.png\",\"contentUrl\":\"https:\\\/\\\/suresms.com\\\/wp-content\\\/uploads\\\/2025\\\/01\\\/Adressebog-Grupper-01.png\"},{\"@type\":\"BreadcrumbList\",\"@id\":\"https:\\\/\\\/suresms.com\\\/dk\\\/docs\\\/addressbook\\\/groups-and-lists\\\/#breadcrumb\",\"itemListElement\":[{\"@type\":\"ListItem\",\"position\":1,\"name\":\"Home\",\"item\":\"https:\\\/\\\/suresms.com\\\/dk\\\/\"},{\"@type\":\"ListItem\",\"position\":2,\"name\":\"Dokumentation\",\"item\":\"https:\\\/\\\/suresms.com\\\/dk\\\/docs\\\/\"},{\"@type\":\"ListItem\",\"position\":3,\"name\":\"Adressebog\",\"item\":\"https:\\\/\\\/suresms.com\\\/dk\\\/docs\\\/addressbook\\\/\"},{\"@type\":\"ListItem\",\"position\":4,\"name\":\"Grupper og Lister\"}]},{\"@type\":\"WebSite\",\"@id\":\"https:\\\/\\\/suresms.com\\\/en\\\/#website\",\"url\":\"https:\\\/\\\/suresms.com\\\/en\\\/\",\"name\":\"SureSMS\",\"description\":\"Professionel SMS Gateway\",\"publisher\":{\"@id\":\"https:\\\/\\\/suresms.com\\\/en\\\/#organization\"},\"potentialAction\":[{\"@type\":\"SearchAction\",\"target\":{\"@type\":\"EntryPoint\",\"urlTemplate\":\"https:\\\/\\\/suresms.com\\\/en\\\/?s={search_term_string}\"},\"query-input\":{\"@type\":\"PropertyValueSpecification\",\"valueRequired\":true,\"valueName\":\"search_term_string\"}}],\"inLanguage\":\"nb-NO\"},{\"@type\":\"Organization\",\"@id\":\"https:\\\/\\\/suresms.com\\\/en\\\/#organization\",\"name\":\"SureSMS\",\"url\":\"https:\\\/\\\/suresms.com\\\/en\\\/\",\"logo\":{\"@type\":\"ImageObject\",\"inLanguage\":\"nb-NO\",\"@id\":\"https:\\\/\\\/suresms.com\\\/en\\\/#\\\/schema\\\/logo\\\/image\\\/\",\"url\":\"https:\\\/\\\/suresms.com\\\/wp-content\\\/uploads\\\/2024\\\/11\\\/suresms-300x65-1.png\",\"contentUrl\":\"https:\\\/\\\/suresms.com\\\/wp-content\\\/uploads\\\/2024\\\/11\\\/suresms-300x65-1.png\",\"width\":300,\"height\":65,\"caption\":\"SureSMS\"},\"image\":{\"@id\":\"https:\\\/\\\/suresms.com\\\/en\\\/#\\\/schema\\\/logo\\\/image\\\/\"},\"sameAs\":[\"https:\\\/\\\/www.facebook.com\\\/p\\\/SureSMS-100044607956149\\\/\"]}]}<\/script>\r\n<!-- \/ Yoast SEO Premium plugin. -->","yoast_head_json":{"title":"Grupper og lister - Grupper og lister","robots":{"index":"index","follow":"follow","max-snippet":"max-snippet:-1","max-image-preview":"max-image-preview:large","max-video-preview":"max-video-preview:-1"},"canonical":"https:\/\/suresms.com\/nb\/dokumenter\/konto-4\/stasjonsnavn-6\/","og_locale":"nb_NO","og_type":"article","og_title":"Grupper og Lister","og_description":"Grupper og Lister Herunder kan du l\u00e6se om sk\u00e6rmbilledet\u00a0Grupper. Hvert felt er forklaret og uddybende link er tilg\u00e6ngelige for nogle beskrivelser. Opret ny gruppe Lad os starte med at se p\u00e5 hvordan man opretter en gruppe. Log ind p\u00e5 din SureSMS konto her : https:\/\/app.suresms.com I menuen v\u00e6lger du Adressebog -&gt; Grupper I \u00f8verste h\u00f8jre ... Les mer","og_url":"https:\/\/suresms.com\/nb\/dokumenter\/konto-4\/stasjonsnavn-6\/","article_publisher":"https:\/\/www.facebook.com\/p\/SureSMS-100044607956149\/","article_modified_time":"2025-07-05T04:12:22+00:00","og_image":[{"url":"https:\/\/suresms.com\/wp-content\/uploads\/2025\/01\/Adressebog-Grupper-01.png","type":"","width":"","height":""}],"twitter_card":"summary_large_image","twitter_misc":{"Ansl. lesetid":"3 minutter"},"schema":{"@context":"https:\/\/schema.org","@graph":[{"@type":"WebPage","@id":"https:\/\/suresms.com\/dk\/docs\/addressbook\/groups-and-lists\/","url":"https:\/\/suresms.com\/dk\/docs\/addressbook\/groups-and-lists\/","name":"Grupper og lister - Grupper og lister","isPartOf":{"@id":"https:\/\/suresms.com\/en\/#website"},"primaryImageOfPage":{"@id":"https:\/\/suresms.com\/dk\/docs\/addressbook\/groups-and-lists\/#primaryimage"},"image":{"@id":"https:\/\/suresms.com\/dk\/docs\/addressbook\/groups-and-lists\/#primaryimage"},"thumbnailUrl":"https:\/\/suresms.com\/wp-content\/uploads\/2025\/01\/Adressebog-Grupper-01.png","datePublished":"2024-08-26T11:26:01+00:00","dateModified":"2025-07-05T04:12:22+00:00","breadcrumb":{"@id":"https:\/\/suresms.com\/dk\/docs\/addressbook\/groups-and-lists\/#breadcrumb"},"inLanguage":"nb-NO","potentialAction":[{"@type":"ReadAction","target":["https:\/\/suresms.com\/dk\/docs\/addressbook\/groups-and-lists\/"]}]},{"@type":"ImageObject","inLanguage":"nb-NO","@id":"https:\/\/suresms.com\/dk\/docs\/addressbook\/groups-and-lists\/#primaryimage","url":"https:\/\/suresms.com\/wp-content\/uploads\/2025\/01\/Adressebog-Grupper-01.png","contentUrl":"https:\/\/suresms.com\/wp-content\/uploads\/2025\/01\/Adressebog-Grupper-01.png"},{"@type":"BreadcrumbList","@id":"https:\/\/suresms.com\/dk\/docs\/addressbook\/groups-and-lists\/#breadcrumb","itemListElement":[{"@type":"ListItem","position":1,"name":"Home","item":"https:\/\/suresms.com\/dk\/"},{"@type":"ListItem","position":2,"name":"Dokumentation","item":"https:\/\/suresms.com\/dk\/docs\/"},{"@type":"ListItem","position":3,"name":"Adressebog","item":"https:\/\/suresms.com\/dk\/docs\/addressbook\/"},{"@type":"ListItem","position":4,"name":"Grupper og Lister"}]},{"@type":"WebSite","@id":"https:\/\/suresms.com\/en\/#website","url":"https:\/\/suresms.com\/en\/","name":"SureSMS","description":"Profesjonell SMS-gateway","publisher":{"@id":"https:\/\/suresms.com\/en\/#organization"},"potentialAction":[{"@type":"SearchAction","target":{"@type":"EntryPoint","urlTemplate":"https:\/\/suresms.com\/en\/?s={search_term_string}"},"query-input":{"@type":"PropertyValueSpecification","valueRequired":true,"valueName":"search_term_string"}}],"inLanguage":"nb-NO"},{"@type":"Organization","@id":"https:\/\/suresms.com\/en\/#organization","name":"SureSMS","url":"https:\/\/suresms.com\/en\/","logo":{"@type":"ImageObject","inLanguage":"nb-NO","@id":"https:\/\/suresms.com\/en\/#\/schema\/logo\/image\/","url":"https:\/\/suresms.com\/wp-content\/uploads\/2024\/11\/suresms-300x65-1.png","contentUrl":"https:\/\/suresms.com\/wp-content\/uploads\/2024\/11\/suresms-300x65-1.png","width":300,"height":65,"caption":"SureSMS"},"image":{"@id":"https:\/\/suresms.com\/en\/#\/schema\/logo\/image\/"},"sameAs":["https:\/\/www.facebook.com\/p\/SureSMS-100044607956149\/"]}]}},"_links":{"self":[{"href":"https:\/\/suresms.com\/nb\/wp-json\/wp\/v2\/pages\/18290","targetHints":{"allow":["GET"]}}],"collection":[{"href":"https:\/\/suresms.com\/nb\/wp-json\/wp\/v2\/pages"}],"about":[{"href":"https:\/\/suresms.com\/nb\/wp-json\/wp\/v2\/types\/page"}],"author":[{"embeddable":true,"href":"https:\/\/suresms.com\/nb\/wp-json\/wp\/v2\/users\/1"}],"replies":[{"embeddable":true,"href":"https:\/\/suresms.com\/nb\/wp-json\/wp\/v2\/comments?post=18290"}],"version-history":[{"count":4,"href":"https:\/\/suresms.com\/nb\/wp-json\/wp\/v2\/pages\/18290\/revisions"}],"predecessor-version":[{"id":23450,"href":"https:\/\/suresms.com\/nb\/wp-json\/wp\/v2\/pages\/18290\/revisions\/23450"}],"up":[{"embeddable":true,"href":"https:\/\/suresms.com\/nb\/wp-json\/wp\/v2\/pages\/18172"}],"wp:attachment":[{"href":"https:\/\/suresms.com\/nb\/wp-json\/wp\/v2\/media?parent=18290"}],"wp:term":[{"taxonomy":"category","embeddable":true,"href":"https:\/\/suresms.com\/nb\/wp-json\/wp\/v2\/categories?post=18290"},{"taxonomy":"post_tag","embeddable":true,"href":"https:\/\/suresms.com\/nb\/wp-json\/wp\/v2\/tags?post=18290"}],"curies":[{"name":"wp","href":"https:\/\/api.w.org\/{rel}","templated":true}]}}