{"id":18276,"date":"2024-08-22T14:01:36","date_gmt":"2024-08-22T12:01:36","guid":{"rendered":"https:\/\/www.suresms.com\/dk\/?page_id=18276"},"modified":"2025-02-19T16:29:11","modified_gmt":"2025-02-19T16:29:11","slug":"stasjonsnavn-5","status":"publish","type":"page","link":"https:\/\/suresms.com\/nb\/docs\/troubleshooting\/min-sms-bliver-ikke-modtaget-pa-telefonen\/","title":{"rendered":"SMS-en min mottas ikke p\u00e5 telefonen min"},"content":{"rendered":"<!-- Flexy Breadcrumb -->\r\n\t\t\t<div class=\"fbc fbc-page\">\r\n\r\n\t\t\t\t<!-- Breadcrumb wrapper -->\r\n\t\t\t\t<div class=\"fbc-wrap\">\r\n\r\n\t\t\t\t\t<!-- Ordered list-->\r\n\t\t\t\t\t<ol class=\"fbc-items\" itemscope itemtype=\"https:\/\/schema.org\/BreadcrumbList\">\r\n\t\t\t\t\t\t            <li itemprop=\"itemListElement\" itemscope itemtype=\"https:\/\/schema.org\/ListItem\">\r\n                <span itemprop=\"name\">\r\n                    <!-- Home Link -->\r\n                    <a itemprop=\"item\" href=\"https:\/\/suresms.com\/nb\/\">\r\n                    \r\n                                                    <i class=\"fa fa-home\" aria-hidden=\"true\"><\/i>Hjem                    <\/a>\r\n                <\/span>\r\n                <meta itemprop=\"position\" content=\"1\" \/><!-- Meta Position-->\r\n             <\/li><li><span class=\"fbc-separator\">\/<\/span><\/li><li class=\"active\" itemprop=\"itemListElement\" itemscope itemtype=\"https:\/\/schema.org\/ListItem\"><span itemprop=\"name\" title=\"SMS-en min mottas ikke p\u00e5 telefonen min\">SMS-en min blir ikke...<\/span><meta itemprop=\"position\" content=\"2\" \/><\/li>\t\t\t\t\t<\/ol>\r\n\t\t\t\t\t<div class=\"clearfix\"><\/div>\r\n\t\t\t\t<\/div>\r\n\t\t\t<\/div>\r\n\t\t\t\n<h1>\n\t\tSMS-en min er oppf\u00f8rt som levert, men den vises ikke p\u00e5 mottakerens telefon.\n\t<\/h1>\n\t<p>Hvis du opplever at SureSMS-oversikten viser at SMS-en din er levert, men at den ikke vises p\u00e5 mottakerens telefon, kan det skyldes at mottakeren har blokkert visning av meldingene dine.<\/p>\n<p>Dette skjer vanligvis hvis du sender fra med et alfanumerisk avsendernavn.<\/p>\n<p>Det er med andre ord ikke SureSMS som er problemet. Det er heller ikke operat\u00f8rene, men mottakerens telefon.<\/p>\n<h2>\n\t\tMottakerens telefon er en Android\n\t<\/h2>\n\t<p>For at mottakerens telefon skal vise meldingene, m\u00e5 SPAM-filteret v\u00e6re sl\u00e5tt av p\u00e5 telefonen. Det finnes mange forskjellige Android-versjoner, s\u00e5 det er ikke sikkert at skjermbildene nedenfor stemmer n\u00f8yaktig med din telefon. Se om det hjelper.<\/p>\n\t<ol> \t\n<li>F\u00f8rst \u00e5pner du SMS-meldinger p\u00e5 telefonen.<\/li>\n\n<li>Klikk deretter p\u00e5 menyen \u00f8verst i h\u00f8yre hj\u00f8rne<\/li>\n\n<li>Klikk deretter p\u00e5 Innstillinger eller Innstillinger<\/li>\n\n<li>Hvis du har flere SIM-kort i telefonen, velger du det aktuelle kortet<\/li>\n\n<li>Velg n\u00e5 SPAM-beskyttelse<\/li>\n\n<li>Sl\u00e5 av SPAM-beskyttelse<\/li>\n<\/ol>\n\t\t\t\t<img loading=\"lazy\" decoding=\"async\" src=\"https:\/\/suresms.com\/wp-content\/uploads\/2024\/08\/Android-SMS-setting-1.jpg\" alt=\"Android-innstillinger\" itemprop=\"image\" height=\"496\" width=\"800\" title=\"Android SMS-innstillinger\" onerror=\"this.style.display='none'\"  \/>\n<h2>\n\t\tMottakerens telefon er en iPhone\n\t<\/h2>\n\t<p>iPhone er beryktet for \u00e5 kvittere for en SMS p\u00e5 nettverket, men ikke vise den til brukeren. Det er en rekke forskjellige grunner til dette. Det finnes innstillinger p\u00e5 iPhone som kan blokkere visningen. Hvis en melding har flere segmenter (over 160 tegn), kan iPhone av tekniske \u00e5rsaker velge \u00e5 ikke vise meldingen selv om den har mottatt begge segmentene. Test ved \u00e5 sende en SMS til telefonen med en kort tekst. Hvis den kommer gjennom, er det forklaringen.<\/p>\n<p>Sjekk at iPhone ikke blokkerer visningen ved \u00e5 f\u00f8lge trinnene nedenfor.<\/p>\n\t<ol>\n<li>\n<ol>\n<li>F\u00f8rst \u00e5pner du Innstillinger p\u00e5 telefonen<\/li>\n<li>Deretter finner du \"Meldinger\" under Apper<\/li>\n<li>G\u00e5 inn i innstillingene og klikk p\u00e5 Blokkerte kontakter<\/li>\n<li>Kontroller at avsendernavnet du bruker fra SureSMS, ikke finnes p\u00e5 listen.<\/li>\n<li>Kontroller at \"Filtrer ukjente avsendere\" ikke er sl\u00e5tt p\u00e5<\/li>\n<\/ol>\n<\/li>\n<\/ol>\n<p>&nbsp;<\/p>\n\t\t\t\t<img decoding=\"async\" src=\"https:\/\/suresms.com\/wp-content\/uploads\/2025\/02\/Screendump_phone_iphone_message_setting_01.jpg\" alt=\"Screendump_telefon_iphone_innstilling_av_meldinger_01\" itemprop=\"image\" title=\"Screendump_telefon_iphone_innstilling_av_meldinger_01\" onerror=\"this.style.display='none'\"  \/>","protected":false},"excerpt":{"rendered":"<p>Min SMS er oppf\u00f8rt som levert, men den vises ikke p\u00e5 mottakerens telefon. Hvis du opplever at SureSMS-oversikten viser at SMS-en din er levert, men at den ikke vises p\u00e5 mottakerens telefon, kan det skyldes at mottakeren har blokkert visningen av meldingene dine. Dette skjer vanligvis hvis du sender fra ... <a title=\"SMS-en min mottas ikke p\u00e5 telefonen min\" class=\"read-more\" href=\"https:\/\/suresms.com\/nb\/docs\/troubleshooting\/min-sms-bliver-ikke-modtaget-pa-telefonen\/\" aria-label=\"Les mer om SMS-en min mottas ikke p\u00e5 telefonen min\">Les mer om dette<\/a><\/p>","protected":false},"author":1,"featured_media":0,"parent":18273,"menu_order":0,"comment_status":"closed","ping_status":"closed","template":"","meta":{"_fl_builder_enabled":"1","_fl_builder_data":null,"_fl_builder_draft":null,"_fl_builder_data_settings":null,"_fl_builder_css":"","_fl_builder_css_version":"","_fl_builder_js":"","footnotes":""},"categories":[],"tags":[],"class_list":["post-18276","page","type-page","status-publish"],"yoast_head":"<!-- This site is optimized with the Yoast SEO Premium plugin v27.3 (Yoast SEO v27.3) - https:\/\/yoast.com\/product\/yoast-seo-premium-wordpress\/ -->\r\n<title>Min SMS bliver ikke modtaget p\u00e5 telefonen -<\/title>\r\n<meta name=\"robots\" content=\"index, follow, max-snippet:-1, max-image-preview:large, max-video-preview:-1\" \/>\r\n<link rel=\"canonical\" href=\"https:\/\/suresms.com\/nb\/dokumenter\/konto-6\/stasjonsnavn-5\/\" \/>\r\n<meta property=\"og:locale\" content=\"nb_NO\" \/>\r\n<meta property=\"og:type\" content=\"article\" \/>\r\n<meta property=\"og:title\" content=\"Min SMS bliver ikke modtaget p\u00e5 telefonen\" \/>\r\n<meta property=\"og:description\" content=\"Min SMS st\u00e5r som leveret, men den vises ikke p\u00e5 modtagerens telefon. Hvis du oplever at der i SureSMS oversigten st\u00e5r, at din SMS er leveret, men den ikke bliver vist p\u00e5 modtagerens telefon, s\u00e5 kan det v\u00e6re fordi at modtageren har blokeret for visning af dine beskeder. Dette sker typisk hvis du sender fra ... Les mer\" \/>\r\n<meta property=\"og:url\" content=\"https:\/\/suresms.com\/nb\/dokumenter\/konto-6\/stasjonsnavn-5\/\" \/>\r\n<meta property=\"article:publisher\" content=\"https:\/\/www.facebook.com\/p\/SureSMS-100044607956149\/\" \/>\r\n<meta property=\"article:modified_time\" content=\"2025-02-19T16:29:11+00:00\" \/>\r\n<meta property=\"og:image\" content=\"https:\/\/suresms.com\/wp-content\/uploads\/2024\/08\/Android-SMS-setting-1.jpg\" \/>\r\n<meta name=\"twitter:card\" content=\"summary_large_image\" \/>\r\n<meta name=\"twitter:label1\" content=\"Ansl. lesetid\" \/>\n\t<meta name=\"twitter:data1\" content=\"3 minutter\" \/>\r\n<script type=\"application\/ld+json\" class=\"yoast-schema-graph\">{\"@context\":\"https:\\\/\\\/schema.org\",\"@graph\":[{\"@type\":\"WebPage\",\"@id\":\"https:\\\/\\\/suresms.com\\\/dk\\\/docs\\\/troubleshooting\\\/min-sms-bliver-ikke-modtaget-pa-telefonen\\\/\",\"url\":\"https:\\\/\\\/suresms.com\\\/dk\\\/docs\\\/troubleshooting\\\/min-sms-bliver-ikke-modtaget-pa-telefonen\\\/\",\"name\":\"Min SMS bliver ikke modtaget p\u00e5 telefonen -\",\"isPartOf\":{\"@id\":\"https:\\\/\\\/suresms.com\\\/en\\\/#website\"},\"primaryImageOfPage\":{\"@id\":\"https:\\\/\\\/suresms.com\\\/dk\\\/docs\\\/troubleshooting\\\/min-sms-bliver-ikke-modtaget-pa-telefonen\\\/#primaryimage\"},\"image\":{\"@id\":\"https:\\\/\\\/suresms.com\\\/dk\\\/docs\\\/troubleshooting\\\/min-sms-bliver-ikke-modtaget-pa-telefonen\\\/#primaryimage\"},\"thumbnailUrl\":\"https:\\\/\\\/suresms.com\\\/wp-content\\\/uploads\\\/2024\\\/08\\\/Android-SMS-setting-1.jpg\",\"datePublished\":\"2024-08-22T12:01:36+00:00\",\"dateModified\":\"2025-02-19T16:29:11+00:00\",\"breadcrumb\":{\"@id\":\"https:\\\/\\\/suresms.com\\\/dk\\\/docs\\\/troubleshooting\\\/min-sms-bliver-ikke-modtaget-pa-telefonen\\\/#breadcrumb\"},\"inLanguage\":\"nb-NO\",\"potentialAction\":[{\"@type\":\"ReadAction\",\"target\":[\"https:\\\/\\\/suresms.com\\\/dk\\\/docs\\\/troubleshooting\\\/min-sms-bliver-ikke-modtaget-pa-telefonen\\\/\"]}]},{\"@type\":\"ImageObject\",\"inLanguage\":\"nb-NO\",\"@id\":\"https:\\\/\\\/suresms.com\\\/dk\\\/docs\\\/troubleshooting\\\/min-sms-bliver-ikke-modtaget-pa-telefonen\\\/#primaryimage\",\"url\":\"https:\\\/\\\/suresms.com\\\/wp-content\\\/uploads\\\/2024\\\/08\\\/Android-SMS-setting-1.jpg\",\"contentUrl\":\"https:\\\/\\\/suresms.com\\\/wp-content\\\/uploads\\\/2024\\\/08\\\/Android-SMS-setting-1.jpg\"},{\"@type\":\"BreadcrumbList\",\"@id\":\"https:\\\/\\\/suresms.com\\\/dk\\\/docs\\\/troubleshooting\\\/min-sms-bliver-ikke-modtaget-pa-telefonen\\\/#breadcrumb\",\"itemListElement\":[{\"@type\":\"ListItem\",\"position\":1,\"name\":\"Home\",\"item\":\"https:\\\/\\\/suresms.com\\\/dk\\\/\"},{\"@type\":\"ListItem\",\"position\":2,\"name\":\"Dokumentation\",\"item\":\"https:\\\/\\\/suresms.com\\\/dk\\\/docs\\\/\"},{\"@type\":\"ListItem\",\"position\":3,\"name\":\"Fejlfinding\",\"item\":\"https:\\\/\\\/suresms.com\\\/dk\\\/docs\\\/troubleshooting\\\/\"},{\"@type\":\"ListItem\",\"position\":4,\"name\":\"Min SMS bliver ikke modtaget p\u00e5 telefonen\"}]},{\"@type\":\"WebSite\",\"@id\":\"https:\\\/\\\/suresms.com\\\/en\\\/#website\",\"url\":\"https:\\\/\\\/suresms.com\\\/en\\\/\",\"name\":\"SureSMS\",\"description\":\"Professionel SMS Gateway\",\"publisher\":{\"@id\":\"https:\\\/\\\/suresms.com\\\/en\\\/#organization\"},\"potentialAction\":[{\"@type\":\"SearchAction\",\"target\":{\"@type\":\"EntryPoint\",\"urlTemplate\":\"https:\\\/\\\/suresms.com\\\/en\\\/?s={search_term_string}\"},\"query-input\":{\"@type\":\"PropertyValueSpecification\",\"valueRequired\":true,\"valueName\":\"search_term_string\"}}],\"inLanguage\":\"nb-NO\"},{\"@type\":\"Organization\",\"@id\":\"https:\\\/\\\/suresms.com\\\/en\\\/#organization\",\"name\":\"SureSMS\",\"url\":\"https:\\\/\\\/suresms.com\\\/en\\\/\",\"logo\":{\"@type\":\"ImageObject\",\"inLanguage\":\"nb-NO\",\"@id\":\"https:\\\/\\\/suresms.com\\\/en\\\/#\\\/schema\\\/logo\\\/image\\\/\",\"url\":\"https:\\\/\\\/suresms.com\\\/wp-content\\\/uploads\\\/2024\\\/11\\\/suresms-300x65-1.png\",\"contentUrl\":\"https:\\\/\\\/suresms.com\\\/wp-content\\\/uploads\\\/2024\\\/11\\\/suresms-300x65-1.png\",\"width\":300,\"height\":65,\"caption\":\"SureSMS\"},\"image\":{\"@id\":\"https:\\\/\\\/suresms.com\\\/en\\\/#\\\/schema\\\/logo\\\/image\\\/\"},\"sameAs\":[\"https:\\\/\\\/www.facebook.com\\\/p\\\/SureSMS-100044607956149\\\/\"]}]}<\/script>\r\n<!-- \/ Yoast SEO Premium plugin. -->","yoast_head_json":{"title":"SMS-en min blir ikke mottatt p\u00e5 telefonen min","robots":{"index":"index","follow":"follow","max-snippet":"max-snippet:-1","max-image-preview":"max-image-preview:large","max-video-preview":"max-video-preview:-1"},"canonical":"https:\/\/suresms.com\/nb\/dokumenter\/konto-6\/stasjonsnavn-5\/","og_locale":"nb_NO","og_type":"article","og_title":"Min SMS bliver ikke modtaget p\u00e5 telefonen","og_description":"Min SMS st\u00e5r som leveret, men den vises ikke p\u00e5 modtagerens telefon. Hvis du oplever at der i SureSMS oversigten st\u00e5r, at din SMS er leveret, men den ikke bliver vist p\u00e5 modtagerens telefon, s\u00e5 kan det v\u00e6re fordi at modtageren har blokeret for visning af dine beskeder. Dette sker typisk hvis du sender fra ... Les mer","og_url":"https:\/\/suresms.com\/nb\/dokumenter\/konto-6\/stasjonsnavn-5\/","article_publisher":"https:\/\/www.facebook.com\/p\/SureSMS-100044607956149\/","article_modified_time":"2025-02-19T16:29:11+00:00","og_image":[{"url":"https:\/\/suresms.com\/wp-content\/uploads\/2024\/08\/Android-SMS-setting-1.jpg","type":"","width":"","height":""}],"twitter_card":"summary_large_image","twitter_misc":{"Ansl. lesetid":"3 minutter"},"schema":{"@context":"https:\/\/schema.org","@graph":[{"@type":"WebPage","@id":"https:\/\/suresms.com\/dk\/docs\/troubleshooting\/min-sms-bliver-ikke-modtaget-pa-telefonen\/","url":"https:\/\/suresms.com\/dk\/docs\/troubleshooting\/min-sms-bliver-ikke-modtaget-pa-telefonen\/","name":"SMS-en min blir ikke mottatt p\u00e5 telefonen min","isPartOf":{"@id":"https:\/\/suresms.com\/en\/#website"},"primaryImageOfPage":{"@id":"https:\/\/suresms.com\/dk\/docs\/troubleshooting\/min-sms-bliver-ikke-modtaget-pa-telefonen\/#primaryimage"},"image":{"@id":"https:\/\/suresms.com\/dk\/docs\/troubleshooting\/min-sms-bliver-ikke-modtaget-pa-telefonen\/#primaryimage"},"thumbnailUrl":"https:\/\/suresms.com\/wp-content\/uploads\/2024\/08\/Android-SMS-setting-1.jpg","datePublished":"2024-08-22T12:01:36+00:00","dateModified":"2025-02-19T16:29:11+00:00","breadcrumb":{"@id":"https:\/\/suresms.com\/dk\/docs\/troubleshooting\/min-sms-bliver-ikke-modtaget-pa-telefonen\/#breadcrumb"},"inLanguage":"nb-NO","potentialAction":[{"@type":"ReadAction","target":["https:\/\/suresms.com\/dk\/docs\/troubleshooting\/min-sms-bliver-ikke-modtaget-pa-telefonen\/"]}]},{"@type":"ImageObject","inLanguage":"nb-NO","@id":"https:\/\/suresms.com\/dk\/docs\/troubleshooting\/min-sms-bliver-ikke-modtaget-pa-telefonen\/#primaryimage","url":"https:\/\/suresms.com\/wp-content\/uploads\/2024\/08\/Android-SMS-setting-1.jpg","contentUrl":"https:\/\/suresms.com\/wp-content\/uploads\/2024\/08\/Android-SMS-setting-1.jpg"},{"@type":"BreadcrumbList","@id":"https:\/\/suresms.com\/dk\/docs\/troubleshooting\/min-sms-bliver-ikke-modtaget-pa-telefonen\/#breadcrumb","itemListElement":[{"@type":"ListItem","position":1,"name":"Home","item":"https:\/\/suresms.com\/dk\/"},{"@type":"ListItem","position":2,"name":"Dokumentation","item":"https:\/\/suresms.com\/dk\/docs\/"},{"@type":"ListItem","position":3,"name":"Fejlfinding","item":"https:\/\/suresms.com\/dk\/docs\/troubleshooting\/"},{"@type":"ListItem","position":4,"name":"Min SMS bliver ikke modtaget p\u00e5 telefonen"}]},{"@type":"WebSite","@id":"https:\/\/suresms.com\/en\/#website","url":"https:\/\/suresms.com\/en\/","name":"SureSMS","description":"Profesjonell SMS-gateway","publisher":{"@id":"https:\/\/suresms.com\/en\/#organization"},"potentialAction":[{"@type":"SearchAction","target":{"@type":"EntryPoint","urlTemplate":"https:\/\/suresms.com\/en\/?s={search_term_string}"},"query-input":{"@type":"PropertyValueSpecification","valueRequired":true,"valueName":"search_term_string"}}],"inLanguage":"nb-NO"},{"@type":"Organization","@id":"https:\/\/suresms.com\/en\/#organization","name":"SureSMS","url":"https:\/\/suresms.com\/en\/","logo":{"@type":"ImageObject","inLanguage":"nb-NO","@id":"https:\/\/suresms.com\/en\/#\/schema\/logo\/image\/","url":"https:\/\/suresms.com\/wp-content\/uploads\/2024\/11\/suresms-300x65-1.png","contentUrl":"https:\/\/suresms.com\/wp-content\/uploads\/2024\/11\/suresms-300x65-1.png","width":300,"height":65,"caption":"SureSMS"},"image":{"@id":"https:\/\/suresms.com\/en\/#\/schema\/logo\/image\/"},"sameAs":["https:\/\/www.facebook.com\/p\/SureSMS-100044607956149\/"]}]}},"_links":{"self":[{"href":"https:\/\/suresms.com\/nb\/wp-json\/wp\/v2\/pages\/18276","targetHints":{"allow":["GET"]}}],"collection":[{"href":"https:\/\/suresms.com\/nb\/wp-json\/wp\/v2\/pages"}],"about":[{"href":"https:\/\/suresms.com\/nb\/wp-json\/wp\/v2\/types\/page"}],"author":[{"embeddable":true,"href":"https:\/\/suresms.com\/nb\/wp-json\/wp\/v2\/users\/1"}],"replies":[{"embeddable":true,"href":"https:\/\/suresms.com\/nb\/wp-json\/wp\/v2\/comments?post=18276"}],"version-history":[{"count":4,"href":"https:\/\/suresms.com\/nb\/wp-json\/wp\/v2\/pages\/18276\/revisions"}],"predecessor-version":[{"id":22282,"href":"https:\/\/suresms.com\/nb\/wp-json\/wp\/v2\/pages\/18276\/revisions\/22282"}],"up":[{"embeddable":true,"href":"https:\/\/suresms.com\/nb\/wp-json\/wp\/v2\/pages\/18273"}],"wp:attachment":[{"href":"https:\/\/suresms.com\/nb\/wp-json\/wp\/v2\/media?parent=18276"}],"wp:term":[{"taxonomy":"category","embeddable":true,"href":"https:\/\/suresms.com\/nb\/wp-json\/wp\/v2\/categories?post=18276"},{"taxonomy":"post_tag","embeddable":true,"href":"https:\/\/suresms.com\/nb\/wp-json\/wp\/v2\/tags?post=18276"}],"curies":[{"name":"wp","href":"https:\/\/api.w.org\/{rel}","templated":true}]}}