{"id":18183,"date":"2024-07-10T18:12:05","date_gmt":"2024-07-10T16:12:05","guid":{"rendered":"https:\/\/www.suresms.com\/dk\/?page_id=18183"},"modified":"2026-02-17T05:14:01","modified_gmt":"2026-02-17T05:14:01","slug":"stasjonsnavn-3","status":"publish","type":"page","link":"https:\/\/suresms.com\/nb\/docs\/message\/newmessage\/","title":{"rendered":"Ny melding"},"content":{"rendered":"<!-- Flexy Breadcrumb -->\r\n\t\t\t<div class=\"fbc fbc-page\">\r\n\r\n\t\t\t\t<!-- Breadcrumb wrapper -->\r\n\t\t\t\t<div class=\"fbc-wrap\">\r\n\r\n\t\t\t\t\t<!-- Ordered list-->\r\n\t\t\t\t\t<ol class=\"fbc-items\" itemscope itemtype=\"https:\/\/schema.org\/BreadcrumbList\">\r\n\t\t\t\t\t\t            <li itemprop=\"itemListElement\" itemscope itemtype=\"https:\/\/schema.org\/ListItem\">\r\n                <span itemprop=\"name\">\r\n                    <!-- Home Link -->\r\n                    <a itemprop=\"item\" href=\"https:\/\/suresms.com\/nb\/\">\r\n                    \r\n                                                    <i class=\"fa fa-home\" aria-hidden=\"true\"><\/i>Hjem                    <\/a>\r\n                <\/span>\r\n                <meta itemprop=\"position\" content=\"1\" \/><!-- Meta Position-->\r\n             <\/li><li><span class=\"fbc-separator\">\/<\/span><\/li><li class=\"active\" itemprop=\"itemListElement\" itemscope itemtype=\"https:\/\/schema.org\/ListItem\"><span itemprop=\"name\" title=\"Ny melding\">Ny melding<\/span><meta itemprop=\"position\" content=\"2\" \/><\/li>\t\t\t\t\t<\/ol>\r\n\t\t\t\t\t<div class=\"clearfix\"><\/div>\r\n\t\t\t\t<\/div>\r\n\t\t\t<\/div>\r\n\t\t\t\n<h1>\n\t\t\tNy melding\t<\/h1>\n\t<p>Nedenfor kan du lese om skjermbildet\u00a0<em>Ny melding<\/em>. Hvert felt er forklart, og for noen av beskrivelsene finnes det lenker til utdypende informasjon.<\/p>\n<h2>\n\t\t\tOpprett ny melding\t<\/h2>\n\t<p>La oss begynne med \u00e5 se p\u00e5 skjermbildet for sending av nye meldinger. Nedenfor kan du se hele skjermbildet av\u00a0<em>Ny melding.\u00a0<\/em>I det f\u00f8lgende forklares dette skjermbildet og de ulike elementene i det.<\/p>\n<figure itemscope itemtype=\"https:\/\/schema.org\/ImageObject\">\n\t\t\t\t<img decoding=\"async\" src=\"https:\/\/suresms.com\/wp-content\/uploads\/2024\/07\/Ny-besked-skaermbillede-1.png\" alt=\"Skjermbilde av ny melding\" height=\"2152\" width=\"2277\" title=\"Skjermbilde av ny melding\" onerror=\"this.style.display='none'\" loading=\"lazy\" \/>\n\t<\/figure>\n\t<p><strong><em>Landskode:\u00a0<\/em><\/strong>Velg landskoden til mottakeren. Hvis du velger fra grupper i adresseboken, brukes ikke dette feltet, ettersom hver kontakt i adresseboken har sin egen landskode. Hvis du bare vil skrive inn et nummer i mottakerfeltet, m\u00e5 landskoden v\u00e6re korrekt. Systemet husker landskoden fra tid til annen.<\/p>\n<p><strong><em>Telefonnummer<\/em><\/strong>: Her skriver du inn telefonnummeret. Uten mellomrom, bindestreker eller noe annet. Du kan ogs\u00e5 lime inn. Du kan for eksempel velge mange numre fra Excel og legge dem alle inn i dette feltet.<\/p>\n<p><strong><em>Beskjed:\u00a0<\/em><\/strong>Her skriver du selve meldingen. Under meldingen kan du se hvor mange tegn du har skrevet, hvor mange SMS-er den vil resultere i, og hvor mye det koster \u00e5 sende meldingen.<\/p>\n<h2>\n\t\t\tBruk av maler\t<\/h2>\n\t<p>Det er mulig \u00e5 opprette maler i systemet. Maler er standardmeldinger som er lagret i systemet, og som kan velges n\u00e5r du sender en melding. Det kan for eksempel v\u00e6re \"Husk avtalen din i morgen\". Da er det bare \u00e5 velge riktig mal og trykke p\u00e5 send.<\/p>\n\t<p>Logg inn p\u00e5 SureSMS-kontoen din her : <a href=\"https:\/\/app.suresms.com\" target=\"_blank\" rel=\"noopener\">https:\/\/app.suresms.com<\/a><\/p>\n<p>I menyen velger du <em>Ny melding\u00a0<\/em><\/p>\n<p>Klikk p\u00e5 <em>Valg<\/em> til h\u00f8yre over selve meldingsfeltet<\/p>\n<p>Klikk p\u00e5 <em>Administrer maler<\/em><\/p>\n<p>N\u00e5 kan du opprette, redigere og slette maler.<\/p>\n<p>N\u00e5r du skal bruke en mal, gj\u00f8r du det samme, men velger <em>Bruk mal<\/em> i menyen. Velg deretter malen du vil bruke, og klikk ok.<\/p>\n\t\t\t\t\t<video src=\"https:\/\/suresms.com\/wp-content\/uploads\/2024\/10\/Dokumentation-Skabeloner-i-beskeder.mp4\" alt=\"hosted-video-thumbnail\"><\/video>\n\t\t<h2>\n\t\t\tSl\u00e5 sammen informasjon i meldingen\t<\/h2>\n\t<p>Logg inn p\u00e5 SureSMS-kontoen din her : <a href=\"https:\/\/app.suresms.com\" target=\"_blank\" rel=\"noopener\">https:\/\/app.suresms.com<\/a><\/p>\n<p>I menyen velger du <em>Ny melding\u00a0<\/em><\/p>\n<p>Klikk p\u00e5 <em>Valg<\/em> til h\u00f8yre over selve meldingsfeltet<\/p>\n<p>Klikk p\u00e5 <em>Administrer maler<\/em><\/p>\n<p>N\u00e5 kan du opprette, redigere og slette maler.<\/p>\n<p>N\u00e5r du skal bruke en mal, gj\u00f8r du det samme, men velger <em>Bruk mal<\/em> i menyen. Velg deretter malen du vil bruke, og klikk ok.<\/p>\n\t\t\t\t\t<video src=\"https:\/\/suresms.com\/wp-content\/uploads\/2024\/10\/Dokumentation-Skabeloner-i-beskeder.mp4\" alt=\"hosted-video-thumbnail\"><\/video>\n\t\t<h2>\n\t\t\tLegg til lenker i meldinger\t<\/h2>\n\t<p>Det er mulig \u00e5 legge til lenker i meldingene dine. Du kan legge til ulike typer lenker:<\/p>\n<p>1. Vanlige lenker til nettsteder, men der du f\u00e5r m\u00e5le hvor mange som klikker p\u00e5 lenken.<\/p>\n<p>2. Lenke til filer, for eksempel PDF-filer<\/p>\n<p>3. MobilePay-lenker for direkte betaling i SMS-meldingen<\/p>\n<p>I denne videoen kan du se hvordan du legger til de ulike lenketypene<\/p>\n\t\t\t\t\t<video src=\"https:\/\/suresms.com\/wp-content\/uploads\/2026\/02\/Dokumentation-Ny-besked-Tilfoejelse-af-Links-i-beskeder.mp4\" alt=\"hosted-video-thumbnail\"><\/video>\n\t\t<h2>\n\t\t\tOpprett innkommende telefonnummer\t<\/h2>\n\t<p>Hvis du \u00f8nsker \u00e5 motta svar-SMS direkte p\u00e5 SureSMS-plattformen eller p\u00e5 e-post, trenger du en toveis SMS-l\u00f8sning. Den viktigste delen av denne l\u00f8sningen er at du m\u00e5 ha et telefonnummer hos SureSMS som du kan motta SMS-meldinger p\u00e5. Dette koster 99,- DKK per m\u00e5ned. Det er ingen kansellering p\u00e5 et nummer.<\/p>\n\t<p>Logg inn p\u00e5 SureSMS-kontoen din her : <a href=\"https:\/\/app.suresms.com\" target=\"_blank\" rel=\"noopener\">https:\/\/app.suresms.com<\/a><\/p>\n<p>Forsikre deg om at du har mer enn 99,- p\u00e5 kontoen din, ellers g\u00e5r du til online betaling<\/p>\n<p>I menyen velger du <em>Innstillinger -&gt; Avsendernavn<\/em> og deretter\u00a0<em>Valg\u00a0<\/em>\u00f8verst i h\u00f8yre hj\u00f8rne.<\/p>\n<p>Velg <em>Innkommende SMS-nummer <\/em>i undermenyen<\/p>\n<p>Velg det innkommende nummeret du \u00f8nsker fra listen over tilgjengelige numre<\/p>\n<p>Klikk p\u00e5 <em>Bestilling<\/em><\/p>\n<p>Det innkommende nummeret ditt er aktivt umiddelbart.<\/p>\n\t\t\t\t\t<video src=\"https:\/\/suresms.com\/wp-content\/uploads\/2024\/07\/Dokumentation-Bestil-indgaaende-SMS-nummer.mp4\" alt=\"hosted-video-thumbnail\"><\/video>\n\t\t\t\t\t\t\t\t\t\tHvis du \u00f8nsker \u00e5 motta innkommende SMS p\u00e5 e-post \n\t\t\t\t\t<p>Klikk p\u00e5\u00a0<em>Innstillinger og preferanser<\/em> i menyen<\/p>\n<p>Klikk p\u00e5\u00a0<em>Konto<\/em><\/p>\n<p>Klikk p\u00e5 <em>Kontoinnstillinger<\/em><\/p>\n<p>Klikk p\u00e5 \"Rediger\"<\/p>\n<p>Sett en hake i avmerkingsboksen\u00a0<em>Send innkommende SMS som e-post<\/em><\/p>\n<p>Kontroller at e-postadressen er riktig<\/p>\n<p>Klikk p\u00e5 <em>Edelsten<\/em><\/p>\n<h2>\n\t\t\tSlett innkommende telefonnummer\t<\/h2>\n\t<p>Hvis du ikke lenger har behov for et innkommende SMS-nummer, er det lurt \u00e5 slette det. Da unng\u00e5r du at mottakerne sender til deg ved en feiltakelse, og du sparer penger. Les nedenfor hvordan du sletter et innkommende SMS-nummer.<\/p>\n\t<p>Logg inn p\u00e5 SureSMS-kontoen din her : <a href=\"https:\/\/app.suresms.com\" target=\"_blank\" rel=\"noopener\">https:\/\/app.suresms.com<\/a><\/p>\n<p>Forsikre deg om at du har mer enn 99,- p\u00e5 kontoen din, ellers g\u00e5r du til online betaling<\/p>\n<p>I menyen velger du <em>Innstillinger -&gt; Avsendernavn<\/em><\/p>\n<p>Klikk p\u00e5 <em>Slett <\/em>ved siden av nummeret eller navnet du vil slette<\/p>\n<p>Skriv inn nummeret eller navnet igjen, og klikk p\u00e5 <em>OK<\/em><\/p>\n<p>Nummeret ditt vil bli slettet umiddelbart. Fakturering for nummeret skjer hver 1. i m\u00e5neden.<\/p>\n<p>Du vil ikke f\u00e5 refundert innbetalte bel\u00f8p.\u00a0<\/p>\n\t\t\t\t\t<video src=\"https:\/\/suresms.com\/wp-content\/uploads\/2024\/07\/Dokumentation-Slet-afsendernavn-og-indgaaende-SMS-nummer.mp4\" alt=\"hosted-video-thumbnail\"><\/video>\n\t\t<h2>\n\t\t\tImporter meldinger fra fil\t<\/h2>\n\t<p>Du kan opprette en CSV-fil med alle meldingene dine, importere og sende direkte fra fanen Ny melding. Slik gj\u00f8r du det.<\/p>\n<p>F\u00f8rst oppretter du en CSV-fil med f\u00f8lgende kolonner<\/p>\nKolonne 1: Landskode<br \/>\nKolonne 2: Telefonnummer<br \/>\nKolonne 3: Meldingen som skal sendes<br \/>\nKolonne 4: Tidspunkt for sending av meldingen (valgfritt)\n<p>Over mottakerfeltet klikker du p\u00e5 <em>Valg<\/em> og trykk deretter p\u00e5 <em>Importer fra fil.\u00a0<\/em><\/p>\n<p>Dra filen din inn i opplastingsfeltet, og klikk p\u00e5 <em>Import.<\/em><\/p>\n<p>G\u00e5 gjennom meldingene som skal sendes. Hvis de er i orden, klikker du p\u00e5 Send.<\/p>","protected":false},"excerpt":{"rendered":"<p>Ny melding Nedenfor kan du lese om skjermbildet Ny melding. Hvert felt er forklart, og for noen av feltene finnes det utdypende lenker. Opprett ny melding La oss begynne med \u00e5 se p\u00e5 skjermbildet for sending av ny melding. Nedenfor kan du se hele skjermbildet Ny melding. Den f\u00f8lgende forklaringen vil referere til dette skjermbildet og de forskjellige ... <a title=\"Ny melding\" class=\"read-more\" href=\"https:\/\/suresms.com\/nb\/docs\/message\/newmessage\/\" aria-label=\"Les mer om Ny melding\">Les mer om dette<\/a><\/p>","protected":false},"author":1,"featured_media":0,"parent":18168,"menu_order":0,"comment_status":"closed","ping_status":"closed","template":"","meta":{"_fl_builder_enabled":"1","_fl_builder_data":null,"_fl_builder_draft":null,"_fl_builder_data_settings":null,"_fl_builder_css":"","_fl_builder_css_version":"","_fl_builder_js":"","footnotes":""},"categories":[],"tags":[],"class_list":["post-18183","page","type-page","status-publish"],"yoast_head":"<!-- This site is optimized with the Yoast SEO Premium plugin v27.3 (Yoast SEO v27.3) - https:\/\/yoast.com\/product\/yoast-seo-premium-wordpress\/ -->\r\n<title>Ny besked -<\/title>\r\n<meta name=\"robots\" content=\"index, follow, max-snippet:-1, max-image-preview:large, max-video-preview:-1\" \/>\r\n<link rel=\"canonical\" href=\"https:\/\/suresms.com\/nb\/dokumenter\/konto-3\/stasjonsnavn-3\/\" \/>\r\n<meta property=\"og:locale\" content=\"nb_NO\" \/>\r\n<meta property=\"og:type\" content=\"article\" \/>\r\n<meta property=\"og:title\" content=\"Ny besked\" \/>\r\n<meta property=\"og:description\" content=\"Ny besked Herunder kan du l\u00e6se om sk\u00e6rmbilledet\u00a0Ny besked. Hvert felt er forklaret og uddybende link er tilg\u00e6ngelige for nogle beskrivelser. Opret ny besked Lad os starte med at se sk\u00e6rmbilledet for afsendelse af ny besked. Herunder kan du se det fulde sk\u00e6rmbillede af\u00a0Ny besked.\u00a0I den efterf\u00f8lgende forklaring refereres til dette sk\u00e6rmbillede og de forskellige ... Les mer\" \/>\r\n<meta property=\"og:url\" content=\"https:\/\/suresms.com\/nb\/dokumenter\/konto-3\/stasjonsnavn-3\/\" \/>\r\n<meta property=\"article:publisher\" content=\"https:\/\/www.facebook.com\/p\/SureSMS-100044607956149\/\" \/>\r\n<meta property=\"article:modified_time\" content=\"2026-02-17T05:14:01+00:00\" \/>\r\n<meta property=\"og:image\" content=\"https:\/\/suresms.com\/wp-content\/uploads\/2024\/07\/Ny-besked-skaermbillede-1.png\" \/>\r\n<meta name=\"twitter:card\" content=\"summary_large_image\" \/>\r\n<meta name=\"twitter:label1\" content=\"Ansl. lesetid\" \/>\n\t<meta name=\"twitter:data1\" content=\"3 minutter\" \/>\r\n<script type=\"application\/ld+json\" class=\"yoast-schema-graph\">{\"@context\":\"https:\\\/\\\/schema.org\",\"@graph\":[{\"@type\":\"WebPage\",\"@id\":\"https:\\\/\\\/suresms.com\\\/dk\\\/docs\\\/message\\\/newmessage\\\/\",\"url\":\"https:\\\/\\\/suresms.com\\\/dk\\\/docs\\\/message\\\/newmessage\\\/\",\"name\":\"Ny besked -\",\"isPartOf\":{\"@id\":\"https:\\\/\\\/suresms.com\\\/en\\\/#website\"},\"primaryImageOfPage\":{\"@id\":\"https:\\\/\\\/suresms.com\\\/dk\\\/docs\\\/message\\\/newmessage\\\/#primaryimage\"},\"image\":{\"@id\":\"https:\\\/\\\/suresms.com\\\/dk\\\/docs\\\/message\\\/newmessage\\\/#primaryimage\"},\"thumbnailUrl\":\"https:\\\/\\\/suresms.com\\\/wp-content\\\/uploads\\\/2024\\\/07\\\/Ny-besked-skaermbillede-1.png\",\"datePublished\":\"2024-07-10T16:12:05+00:00\",\"dateModified\":\"2026-02-17T05:14:01+00:00\",\"breadcrumb\":{\"@id\":\"https:\\\/\\\/suresms.com\\\/dk\\\/docs\\\/message\\\/newmessage\\\/#breadcrumb\"},\"inLanguage\":\"nb-NO\",\"potentialAction\":[{\"@type\":\"ReadAction\",\"target\":[\"https:\\\/\\\/suresms.com\\\/dk\\\/docs\\\/message\\\/newmessage\\\/\"]}]},{\"@type\":\"ImageObject\",\"inLanguage\":\"nb-NO\",\"@id\":\"https:\\\/\\\/suresms.com\\\/dk\\\/docs\\\/message\\\/newmessage\\\/#primaryimage\",\"url\":\"https:\\\/\\\/suresms.com\\\/wp-content\\\/uploads\\\/2024\\\/07\\\/Ny-besked-skaermbillede-1.png\",\"contentUrl\":\"https:\\\/\\\/suresms.com\\\/wp-content\\\/uploads\\\/2024\\\/07\\\/Ny-besked-skaermbillede-1.png\"},{\"@type\":\"BreadcrumbList\",\"@id\":\"https:\\\/\\\/suresms.com\\\/dk\\\/docs\\\/message\\\/newmessage\\\/#breadcrumb\",\"itemListElement\":[{\"@type\":\"ListItem\",\"position\":1,\"name\":\"Home\",\"item\":\"https:\\\/\\\/suresms.com\\\/dk\\\/\"},{\"@type\":\"ListItem\",\"position\":2,\"name\":\"Dokumentation\",\"item\":\"https:\\\/\\\/suresms.com\\\/dk\\\/docs\\\/\"},{\"@type\":\"ListItem\",\"position\":3,\"name\":\"Beskeder\",\"item\":\"https:\\\/\\\/suresms.com\\\/dk\\\/docs\\\/message\\\/\"},{\"@type\":\"ListItem\",\"position\":4,\"name\":\"Ny besked\"}]},{\"@type\":\"WebSite\",\"@id\":\"https:\\\/\\\/suresms.com\\\/en\\\/#website\",\"url\":\"https:\\\/\\\/suresms.com\\\/en\\\/\",\"name\":\"SureSMS\",\"description\":\"Professionel SMS Gateway\",\"publisher\":{\"@id\":\"https:\\\/\\\/suresms.com\\\/en\\\/#organization\"},\"potentialAction\":[{\"@type\":\"SearchAction\",\"target\":{\"@type\":\"EntryPoint\",\"urlTemplate\":\"https:\\\/\\\/suresms.com\\\/en\\\/?s={search_term_string}\"},\"query-input\":{\"@type\":\"PropertyValueSpecification\",\"valueRequired\":true,\"valueName\":\"search_term_string\"}}],\"inLanguage\":\"nb-NO\"},{\"@type\":\"Organization\",\"@id\":\"https:\\\/\\\/suresms.com\\\/en\\\/#organization\",\"name\":\"SureSMS\",\"url\":\"https:\\\/\\\/suresms.com\\\/en\\\/\",\"logo\":{\"@type\":\"ImageObject\",\"inLanguage\":\"nb-NO\",\"@id\":\"https:\\\/\\\/suresms.com\\\/en\\\/#\\\/schema\\\/logo\\\/image\\\/\",\"url\":\"https:\\\/\\\/suresms.com\\\/wp-content\\\/uploads\\\/2024\\\/11\\\/suresms-300x65-1.png\",\"contentUrl\":\"https:\\\/\\\/suresms.com\\\/wp-content\\\/uploads\\\/2024\\\/11\\\/suresms-300x65-1.png\",\"width\":300,\"height\":65,\"caption\":\"SureSMS\"},\"image\":{\"@id\":\"https:\\\/\\\/suresms.com\\\/en\\\/#\\\/schema\\\/logo\\\/image\\\/\"},\"sameAs\":[\"https:\\\/\\\/www.facebook.com\\\/p\\\/SureSMS-100044607956149\\\/\"]}]}<\/script>\r\n<!-- \/ Yoast SEO Premium plugin. -->","yoast_head_json":{"title":"Ny melding","robots":{"index":"index","follow":"follow","max-snippet":"max-snippet:-1","max-image-preview":"max-image-preview:large","max-video-preview":"max-video-preview:-1"},"canonical":"https:\/\/suresms.com\/nb\/dokumenter\/konto-3\/stasjonsnavn-3\/","og_locale":"nb_NO","og_type":"article","og_title":"Ny besked","og_description":"Ny besked Herunder kan du l\u00e6se om sk\u00e6rmbilledet\u00a0Ny besked. Hvert felt er forklaret og uddybende link er tilg\u00e6ngelige for nogle beskrivelser. Opret ny besked Lad os starte med at se sk\u00e6rmbilledet for afsendelse af ny besked. Herunder kan du se det fulde sk\u00e6rmbillede af\u00a0Ny besked.\u00a0I den efterf\u00f8lgende forklaring refereres til dette sk\u00e6rmbillede og de forskellige ... Les mer","og_url":"https:\/\/suresms.com\/nb\/dokumenter\/konto-3\/stasjonsnavn-3\/","article_publisher":"https:\/\/www.facebook.com\/p\/SureSMS-100044607956149\/","article_modified_time":"2026-02-17T05:14:01+00:00","og_image":[{"url":"https:\/\/suresms.com\/wp-content\/uploads\/2024\/07\/Ny-besked-skaermbillede-1.png","type":"","width":"","height":""}],"twitter_card":"summary_large_image","twitter_misc":{"Ansl. lesetid":"3 minutter"},"schema":{"@context":"https:\/\/schema.org","@graph":[{"@type":"WebPage","@id":"https:\/\/suresms.com\/dk\/docs\/message\/newmessage\/","url":"https:\/\/suresms.com\/dk\/docs\/message\/newmessage\/","name":"Ny melding","isPartOf":{"@id":"https:\/\/suresms.com\/en\/#website"},"primaryImageOfPage":{"@id":"https:\/\/suresms.com\/dk\/docs\/message\/newmessage\/#primaryimage"},"image":{"@id":"https:\/\/suresms.com\/dk\/docs\/message\/newmessage\/#primaryimage"},"thumbnailUrl":"https:\/\/suresms.com\/wp-content\/uploads\/2024\/07\/Ny-besked-skaermbillede-1.png","datePublished":"2024-07-10T16:12:05+00:00","dateModified":"2026-02-17T05:14:01+00:00","breadcrumb":{"@id":"https:\/\/suresms.com\/dk\/docs\/message\/newmessage\/#breadcrumb"},"inLanguage":"nb-NO","potentialAction":[{"@type":"ReadAction","target":["https:\/\/suresms.com\/dk\/docs\/message\/newmessage\/"]}]},{"@type":"ImageObject","inLanguage":"nb-NO","@id":"https:\/\/suresms.com\/dk\/docs\/message\/newmessage\/#primaryimage","url":"https:\/\/suresms.com\/wp-content\/uploads\/2024\/07\/Ny-besked-skaermbillede-1.png","contentUrl":"https:\/\/suresms.com\/wp-content\/uploads\/2024\/07\/Ny-besked-skaermbillede-1.png"},{"@type":"BreadcrumbList","@id":"https:\/\/suresms.com\/dk\/docs\/message\/newmessage\/#breadcrumb","itemListElement":[{"@type":"ListItem","position":1,"name":"Home","item":"https:\/\/suresms.com\/dk\/"},{"@type":"ListItem","position":2,"name":"Dokumentation","item":"https:\/\/suresms.com\/dk\/docs\/"},{"@type":"ListItem","position":3,"name":"Beskeder","item":"https:\/\/suresms.com\/dk\/docs\/message\/"},{"@type":"ListItem","position":4,"name":"Ny besked"}]},{"@type":"WebSite","@id":"https:\/\/suresms.com\/en\/#website","url":"https:\/\/suresms.com\/en\/","name":"SureSMS","description":"Profesjonell SMS-gateway","publisher":{"@id":"https:\/\/suresms.com\/en\/#organization"},"potentialAction":[{"@type":"SearchAction","target":{"@type":"EntryPoint","urlTemplate":"https:\/\/suresms.com\/en\/?s={search_term_string}"},"query-input":{"@type":"PropertyValueSpecification","valueRequired":true,"valueName":"search_term_string"}}],"inLanguage":"nb-NO"},{"@type":"Organization","@id":"https:\/\/suresms.com\/en\/#organization","name":"SureSMS","url":"https:\/\/suresms.com\/en\/","logo":{"@type":"ImageObject","inLanguage":"nb-NO","@id":"https:\/\/suresms.com\/en\/#\/schema\/logo\/image\/","url":"https:\/\/suresms.com\/wp-content\/uploads\/2024\/11\/suresms-300x65-1.png","contentUrl":"https:\/\/suresms.com\/wp-content\/uploads\/2024\/11\/suresms-300x65-1.png","width":300,"height":65,"caption":"SureSMS"},"image":{"@id":"https:\/\/suresms.com\/en\/#\/schema\/logo\/image\/"},"sameAs":["https:\/\/www.facebook.com\/p\/SureSMS-100044607956149\/"]}]}},"_links":{"self":[{"href":"https:\/\/suresms.com\/nb\/wp-json\/wp\/v2\/pages\/18183","targetHints":{"allow":["GET"]}}],"collection":[{"href":"https:\/\/suresms.com\/nb\/wp-json\/wp\/v2\/pages"}],"about":[{"href":"https:\/\/suresms.com\/nb\/wp-json\/wp\/v2\/types\/page"}],"author":[{"embeddable":true,"href":"https:\/\/suresms.com\/nb\/wp-json\/wp\/v2\/users\/1"}],"replies":[{"embeddable":true,"href":"https:\/\/suresms.com\/nb\/wp-json\/wp\/v2\/comments?post=18183"}],"version-history":[{"count":5,"href":"https:\/\/suresms.com\/nb\/wp-json\/wp\/v2\/pages\/18183\/revisions"}],"predecessor-version":[{"id":23828,"href":"https:\/\/suresms.com\/nb\/wp-json\/wp\/v2\/pages\/18183\/revisions\/23828"}],"up":[{"embeddable":true,"href":"https:\/\/suresms.com\/nb\/wp-json\/wp\/v2\/pages\/18168"}],"wp:attachment":[{"href":"https:\/\/suresms.com\/nb\/wp-json\/wp\/v2\/media?parent=18183"}],"wp:term":[{"taxonomy":"category","embeddable":true,"href":"https:\/\/suresms.com\/nb\/wp-json\/wp\/v2\/categories?post=18183"},{"taxonomy":"post_tag","embeddable":true,"href":"https:\/\/suresms.com\/nb\/wp-json\/wp\/v2\/tags?post=18183"}],"curies":[{"name":"wp","href":"https:\/\/api.w.org\/{rel}","templated":true}]}}