{"id":18159,"date":"2024-07-05T10:02:03","date_gmt":"2024-07-05T08:02:03","guid":{"rendered":"https:\/\/www.suresms.com\/dk\/?page_id=18159"},"modified":"2025-07-31T10:42:20","modified_gmt":"2025-07-31T10:42:20","slug":"stasjonsnavn","status":"publish","type":"page","link":"https:\/\/suresms.com\/nb\/docs\/account\/sendername\/","title":{"rendered":"Navn p\u00e5 avsender"},"content":{"rendered":"<!-- Flexy Breadcrumb -->\r\n\t\t\t<div class=\"fbc fbc-page\">\r\n\r\n\t\t\t\t<!-- Breadcrumb wrapper -->\r\n\t\t\t\t<div class=\"fbc-wrap\">\r\n\r\n\t\t\t\t\t<!-- Ordered list-->\r\n\t\t\t\t\t<ol class=\"fbc-items\" itemscope itemtype=\"https:\/\/schema.org\/BreadcrumbList\">\r\n\t\t\t\t\t\t            <li itemprop=\"itemListElement\" itemscope itemtype=\"https:\/\/schema.org\/ListItem\">\r\n                <span itemprop=\"name\">\r\n                    <!-- Home Link -->\r\n                    <a itemprop=\"item\" href=\"https:\/\/suresms.com\/nb\/\">\r\n                    \r\n                                                    <i class=\"fa fa-home\" aria-hidden=\"true\"><\/i>Hjem                    <\/a>\r\n                <\/span>\r\n                <meta itemprop=\"position\" content=\"1\" \/><!-- Meta Position-->\r\n             <\/li><li><span class=\"fbc-separator\">\/<\/span><\/li><li class=\"active\" itemprop=\"itemListElement\" itemscope itemtype=\"https:\/\/schema.org\/ListItem\"><span itemprop=\"name\" title=\"Navn p\u00e5 avsender\">Navn p\u00e5 avsender<\/span><meta itemprop=\"position\" content=\"2\" \/><\/li>\t\t\t\t\t<\/ol>\r\n\t\t\t\t\t<div class=\"clearfix\"><\/div>\r\n\t\t\t\t<\/div>\r\n\t\t\t<\/div>\r\n\t\t\t\n<h1>\n\t\t\tAvsendernavn og innkommende telefonnummer\t<\/h1>\n\t<p>Du kan bestille et annet telefonnummer som avsendernavn, eller du kan bestille en tekst som avsendernavn. Det er ogs\u00e5 mulig \u00e5 bestille et innkommende telefonnummer. Les nedenfor for \u00e5 finne ut hvordan.<\/p>\n<h2>\n\t\t\tOpprett avsendernavn \t<\/h2>\n\t<p>Du kan velge \u00e5 bruke et avsendernavn n\u00e5r du sender SMS. F.eks. SMS-Service eller MyCompany som avsender. Hvis du gj\u00f8r dette, vil mottakeren ikke kunne svare p\u00e5 SMS-en din. Du kan ogs\u00e5 velge \u00e5 bruke et telefonnummer. Dette kan v\u00e6re foreningens mobilnummer eller bedriftens kundesupport. Hvis du gj\u00f8r dette og nummeret er et mobilnummer, kan mottakeren svare p\u00e5 SMS-en din, og svaret vil bli sendt til denne telefonen.<\/p>\n\t<p>Logg inn p\u00e5 SureSMS-kontoen din her : <a href=\"https:\/\/app.suresms.com\" target=\"_blank\" rel=\"noopener\">https:\/\/app.suresms.com<\/a><\/p>\n<p>I menyen velger du <em>Innstillinger -&gt; Avsendernavn<\/em><\/p>\nI menyen kan du n\u00e5 velge mellom<br \/>\n<em>Nytt avsendernavn<br \/>\n<\/em>Hvis du for eksempel vil ha en avsender som er firmanavnet eller tjenesten din.\n<em>Registrer ditt eget nummer<br \/>\n<\/em>Hvis du vil ha muligheten til \u00e5 sende fra et annet telefonnummer. N\u00e5r du velger dette, sendes det en SMS til nummeret, og mottakeren m\u00e5 bekrefte at du kan sende p\u00e5 deres vegne f\u00f8r nummeret aktiveres.\n<em>Innkommende SMS-telefonnummer<br \/>\n<\/em>Hvis du \u00f8nsker \u00e5 motta SMS-meldinger p\u00e5 SureSMS-plattformen, velger du dette alternativet. Det koster 99,- per m\u00e5ned \u00e5 ha et innkommende nummer.\n<p>Klikk p\u00e5 <em>Bestilling<\/em><\/p>\n\t\t\t\t\t<video src=\"https:\/\/suresms.com\/wp-content\/uploads\/2025\/07\/OK-Dokumentation-Opret-nyt-afsendernavn.mp4\" alt=\"hosted-video-thumbnail\"><\/video>\n\t\t<h2>\n\t\t\tSlett avsendernavn\t<\/h2>\n\t<p>Logg inn p\u00e5 SureSMS-kontoen din her : <a href=\"https:\/\/app.suresms.com\" target=\"_blank\" rel=\"noopener\">https:\/\/app.suresms.com<\/a><\/p>\n<p>I menyen velger du <em>Innstillinger -&gt; Avsendernavn<\/em><\/p>\n<p>Finn avsendernavnet du \u00f8nsker \u00e5 slette.<\/p>\n<p>Klikk p\u00e5 s\u00f8ppelkassen ved siden av navnet.<\/p>\n<p>Skriv inn avsendernavnet p\u00e5 nytt i feltet, og klikk p\u00e5 Slett.<\/p>\n\t\t\t\t\t<video src=\"https:\/\/suresms.com\/wp-content\/uploads\/2025\/07\/OK-Dokumentation-Slet-afsendernavn.mp4\" alt=\"hosted-video-thumbnail\"><\/video>\n\t\t<h2>\n\t\t\tOpprett innkommende telefonnummer\t<\/h2>\n\t<p>Hvis du \u00f8nsker \u00e5 motta svar-SMS direkte p\u00e5 SureSMS-plattformen eller p\u00e5 e-post, trenger du en toveis SMS-l\u00f8sning. Den viktigste delen av denne l\u00f8sningen er at du m\u00e5 ha et telefonnummer hos SureSMS som du kan motta SMS-meldinger p\u00e5. Dette koster 99,- DKK per m\u00e5ned. Det er ingen kansellering p\u00e5 et nummer.<\/p>\n\t<p>Logg inn p\u00e5 SureSMS-kontoen din her : <a href=\"https:\/\/app.suresms.com\" target=\"_blank\" rel=\"noopener\">https:\/\/app.suresms.com<\/a><\/p>\n<p>Forsikre deg om at du har mer enn 99,- p\u00e5 kontoen din, ellers g\u00e5r du til online betaling<\/p>\n<p>I menyen velger du <em>Innstillinger -&gt; Avsendernavn<\/em> og deretter\u00a0<em>Valg\u00a0<\/em>\u00f8verst i h\u00f8yre hj\u00f8rne.<\/p>\n<p>Velg <em>Innkommende SMS-nummer <\/em>i undermenyen<\/p>\n<p>Velg det innkommende nummeret du \u00f8nsker fra listen over tilgjengelige numre<\/p>\n<p>Klikk p\u00e5 <em>Bestilling<\/em><\/p>\n<p>Det innkommende nummeret ditt er aktivt umiddelbart.<\/p>\n\t\t\t\t\t\t\t\t\t\tHvis du \u00f8nsker \u00e5 motta innkommende SMS p\u00e5 e-post \n\t\t\t\t\t<p>Klikk p\u00e5\u00a0<em>Innstillinger og preferanser<\/em> i menyen<\/p>\n<p>Klikk p\u00e5\u00a0<em>Konto<\/em><\/p>\n<p>Klikk p\u00e5 <em>Kontoinnstillinger<\/em><\/p>\n<p>Klikk p\u00e5 \"Rediger\"<\/p>\n<p>Sett en hake i avmerkingsboksen\u00a0<em>Send innkommende SMS som e-post<\/em><\/p>\n<p>Kontroller at e-postadressen er riktig<\/p>\n<p>Klikk p\u00e5 <em>Edelsten<\/em><\/p>\n\t\t\t\t\t<video src=\"https:\/\/suresms.com\/wp-content\/uploads\/2024\/07\/Dokumentation-Bestil-indgaaende-SMS-nummer.mp4\" alt=\"hosted-video-thumbnail\"><\/video>\n\t\t<h2>\n\t\t\tSlett innkommende telefonnummer\t<\/h2>\n\t<p>Hvis du ikke lenger har behov for et innkommende SMS-nummer, er det lurt \u00e5 slette det. Da unng\u00e5r du at mottakerne sender til deg ved en feiltakelse, og du sparer penger. Les nedenfor hvordan du sletter et innkommende SMS-nummer.<\/p>\n\t<p>Logg inn p\u00e5 SureSMS-kontoen din her : <a href=\"https:\/\/app.suresms.com\" target=\"_blank\" rel=\"noopener\">https:\/\/app.suresms.com<\/a><\/p>\n<p>Forsikre deg om at du har mer enn 99,- p\u00e5 kontoen din, ellers g\u00e5r du til online betaling<\/p>\n<p>I menyen velger du <em>Innstillinger -&gt; Avsendernavn<\/em><\/p>\n<p>Klikk p\u00e5 <em>Slett <\/em>ved siden av nummeret eller navnet du vil slette<\/p>\n<p>Skriv inn nummeret eller navnet igjen, og klikk p\u00e5 <em>OK<\/em><\/p>\n<p>Nummeret ditt vil bli slettet umiddelbart. Fakturering for nummeret skjer hver 1. i m\u00e5neden.<\/p>\n<p>Du vil ikke f\u00e5 refundert innbetalte bel\u00f8p.\u00a0<\/p>\n\t\t\t\t\t<video src=\"https:\/\/suresms.com\/wp-content\/uploads\/2024\/07\/Dokumentation-Slet-afsendernavn-og-indgaaende-SMS-nummer.mp4\" alt=\"hosted-video-thumbnail\"><\/video>","protected":false},"excerpt":{"rendered":"<p>Avsendernavn og innkommende telefonnummer Du kan bestille et annet telefonnummer som avsendernavn, eller du kan bestille en tekst som avsendernavn. Det er ogs\u00e5 mulig \u00e5 bestille et innkommende telefonnummer. Les nedenfor for \u00e5 finne ut hvordan du gj\u00f8r det. Opprett avsendernavn Du kan velge \u00e5 bruke et avsendernavn n\u00e5r du sender SMS. F.eks. SMS-Service eller MyCompany som avsender. Hvis du gj\u00f8r det, ... <a title=\"Navn p\u00e5 avsender\" class=\"read-more\" href=\"https:\/\/suresms.com\/nb\/docs\/account\/sendername\/\" aria-label=\"Les mer om avsendernavn\">Les mer om dette<\/a><\/p>","protected":false},"author":1,"featured_media":0,"parent":18156,"menu_order":0,"comment_status":"closed","ping_status":"closed","template":"","meta":{"_fl_builder_enabled":"1","_fl_builder_data":null,"_fl_builder_draft":null,"_fl_builder_data_settings":null,"_fl_builder_css":"","_fl_builder_css_version":"","_fl_builder_js":"","footnotes":""},"categories":[],"tags":[],"class_list":["post-18159","page","type-page","status-publish"],"yoast_head":"<!-- This site is optimized with the Yoast SEO Premium plugin v27.3 (Yoast SEO v27.3) - https:\/\/yoast.com\/product\/yoast-seo-premium-wordpress\/ -->\r\n<title>Afsendernavn -<\/title>\r\n<meta name=\"robots\" content=\"index, follow, max-snippet:-1, max-image-preview:large, max-video-preview:-1\" \/>\r\n<link rel=\"canonical\" href=\"https:\/\/suresms.com\/nb\/dokumenter\/konto\/stasjonsnavn\/\" \/>\r\n<meta property=\"og:locale\" content=\"nb_NO\" \/>\r\n<meta property=\"og:type\" content=\"article\" \/>\r\n<meta property=\"og:title\" content=\"Afsendernavn\" \/>\r\n<meta property=\"og:description\" content=\"Afsendernavn og indg\u00e5ende telefonnummer Du kan bestille et andet telefonnummer som afsendernavn eller du kan bestille en tekst som afsendernavn. Det er ogs\u00e5 muligt at bestille et indg\u00e5ende telefonnummer. L\u00e6s herunder hvordan. Opret afsendernavn Du kan v\u00e6lge at bruge et afsendernavn n\u00e5r du sender din SMS. F.eks. SMS-Service eller MitFirma som afsender. G\u00f8r du det, ... Les mer\" \/>\r\n<meta property=\"og:url\" content=\"https:\/\/suresms.com\/nb\/dokumenter\/konto\/stasjonsnavn\/\" \/>\r\n<meta property=\"article:publisher\" content=\"https:\/\/www.facebook.com\/p\/SureSMS-100044607956149\/\" \/>\r\n<meta property=\"article:modified_time\" content=\"2025-07-31T10:42:20+00:00\" \/>\r\n<meta name=\"twitter:card\" content=\"summary_large_image\" \/>\r\n<meta name=\"twitter:label1\" content=\"Ansl. lesetid\" \/>\n\t<meta name=\"twitter:data1\" content=\"1 minutt\" \/>\r\n<script type=\"application\/ld+json\" class=\"yoast-schema-graph\">{\"@context\":\"https:\\\/\\\/schema.org\",\"@graph\":[{\"@type\":\"WebPage\",\"@id\":\"https:\\\/\\\/suresms.com\\\/dk\\\/docs\\\/account\\\/sendername\\\/\",\"url\":\"https:\\\/\\\/suresms.com\\\/dk\\\/docs\\\/account\\\/sendername\\\/\",\"name\":\"Afsendernavn -\",\"isPartOf\":{\"@id\":\"https:\\\/\\\/suresms.com\\\/en\\\/#website\"},\"datePublished\":\"2024-07-05T08:02:03+00:00\",\"dateModified\":\"2025-07-31T10:42:20+00:00\",\"breadcrumb\":{\"@id\":\"https:\\\/\\\/suresms.com\\\/dk\\\/docs\\\/account\\\/sendername\\\/#breadcrumb\"},\"inLanguage\":\"nb-NO\",\"potentialAction\":[{\"@type\":\"ReadAction\",\"target\":[\"https:\\\/\\\/suresms.com\\\/dk\\\/docs\\\/account\\\/sendername\\\/\"]}]},{\"@type\":\"BreadcrumbList\",\"@id\":\"https:\\\/\\\/suresms.com\\\/dk\\\/docs\\\/account\\\/sendername\\\/#breadcrumb\",\"itemListElement\":[{\"@type\":\"ListItem\",\"position\":1,\"name\":\"Home\",\"item\":\"https:\\\/\\\/suresms.com\\\/dk\\\/\"},{\"@type\":\"ListItem\",\"position\":2,\"name\":\"Dokumentation\",\"item\":\"https:\\\/\\\/suresms.com\\\/dk\\\/docs\\\/\"},{\"@type\":\"ListItem\",\"position\":3,\"name\":\"Konto\",\"item\":\"https:\\\/\\\/suresms.com\\\/dk\\\/docs\\\/account\\\/\"},{\"@type\":\"ListItem\",\"position\":4,\"name\":\"Afsendernavn\"}]},{\"@type\":\"WebSite\",\"@id\":\"https:\\\/\\\/suresms.com\\\/en\\\/#website\",\"url\":\"https:\\\/\\\/suresms.com\\\/en\\\/\",\"name\":\"SureSMS\",\"description\":\"Professionel SMS Gateway\",\"publisher\":{\"@id\":\"https:\\\/\\\/suresms.com\\\/en\\\/#organization\"},\"potentialAction\":[{\"@type\":\"SearchAction\",\"target\":{\"@type\":\"EntryPoint\",\"urlTemplate\":\"https:\\\/\\\/suresms.com\\\/en\\\/?s={search_term_string}\"},\"query-input\":{\"@type\":\"PropertyValueSpecification\",\"valueRequired\":true,\"valueName\":\"search_term_string\"}}],\"inLanguage\":\"nb-NO\"},{\"@type\":\"Organization\",\"@id\":\"https:\\\/\\\/suresms.com\\\/en\\\/#organization\",\"name\":\"SureSMS\",\"url\":\"https:\\\/\\\/suresms.com\\\/en\\\/\",\"logo\":{\"@type\":\"ImageObject\",\"inLanguage\":\"nb-NO\",\"@id\":\"https:\\\/\\\/suresms.com\\\/en\\\/#\\\/schema\\\/logo\\\/image\\\/\",\"url\":\"https:\\\/\\\/suresms.com\\\/wp-content\\\/uploads\\\/2024\\\/11\\\/suresms-300x65-1.png\",\"contentUrl\":\"https:\\\/\\\/suresms.com\\\/wp-content\\\/uploads\\\/2024\\\/11\\\/suresms-300x65-1.png\",\"width\":300,\"height\":65,\"caption\":\"SureSMS\"},\"image\":{\"@id\":\"https:\\\/\\\/suresms.com\\\/en\\\/#\\\/schema\\\/logo\\\/image\\\/\"},\"sameAs\":[\"https:\\\/\\\/www.facebook.com\\\/p\\\/SureSMS-100044607956149\\\/\"]}]}<\/script>\r\n<!-- \/ Yoast SEO Premium plugin. -->","yoast_head_json":{"title":"Navn p\u00e5 avsender","robots":{"index":"index","follow":"follow","max-snippet":"max-snippet:-1","max-image-preview":"max-image-preview:large","max-video-preview":"max-video-preview:-1"},"canonical":"https:\/\/suresms.com\/nb\/dokumenter\/konto\/stasjonsnavn\/","og_locale":"nb_NO","og_type":"article","og_title":"Afsendernavn","og_description":"Afsendernavn og indg\u00e5ende telefonnummer Du kan bestille et andet telefonnummer som afsendernavn eller du kan bestille en tekst som afsendernavn. Det er ogs\u00e5 muligt at bestille et indg\u00e5ende telefonnummer. L\u00e6s herunder hvordan. Opret afsendernavn Du kan v\u00e6lge at bruge et afsendernavn n\u00e5r du sender din SMS. F.eks. SMS-Service eller MitFirma som afsender. G\u00f8r du det, ... Les mer","og_url":"https:\/\/suresms.com\/nb\/dokumenter\/konto\/stasjonsnavn\/","article_publisher":"https:\/\/www.facebook.com\/p\/SureSMS-100044607956149\/","article_modified_time":"2025-07-31T10:42:20+00:00","twitter_card":"summary_large_image","twitter_misc":{"Ansl. lesetid":"1 minutt"},"schema":{"@context":"https:\/\/schema.org","@graph":[{"@type":"WebPage","@id":"https:\/\/suresms.com\/dk\/docs\/account\/sendername\/","url":"https:\/\/suresms.com\/dk\/docs\/account\/sendername\/","name":"Navn p\u00e5 avsender","isPartOf":{"@id":"https:\/\/suresms.com\/en\/#website"},"datePublished":"2024-07-05T08:02:03+00:00","dateModified":"2025-07-31T10:42:20+00:00","breadcrumb":{"@id":"https:\/\/suresms.com\/dk\/docs\/account\/sendername\/#breadcrumb"},"inLanguage":"nb-NO","potentialAction":[{"@type":"ReadAction","target":["https:\/\/suresms.com\/dk\/docs\/account\/sendername\/"]}]},{"@type":"BreadcrumbList","@id":"https:\/\/suresms.com\/dk\/docs\/account\/sendername\/#breadcrumb","itemListElement":[{"@type":"ListItem","position":1,"name":"Home","item":"https:\/\/suresms.com\/dk\/"},{"@type":"ListItem","position":2,"name":"Dokumentation","item":"https:\/\/suresms.com\/dk\/docs\/"},{"@type":"ListItem","position":3,"name":"Konto","item":"https:\/\/suresms.com\/dk\/docs\/account\/"},{"@type":"ListItem","position":4,"name":"Afsendernavn"}]},{"@type":"WebSite","@id":"https:\/\/suresms.com\/en\/#website","url":"https:\/\/suresms.com\/en\/","name":"SureSMS","description":"Profesjonell SMS-gateway","publisher":{"@id":"https:\/\/suresms.com\/en\/#organization"},"potentialAction":[{"@type":"SearchAction","target":{"@type":"EntryPoint","urlTemplate":"https:\/\/suresms.com\/en\/?s={search_term_string}"},"query-input":{"@type":"PropertyValueSpecification","valueRequired":true,"valueName":"search_term_string"}}],"inLanguage":"nb-NO"},{"@type":"Organization","@id":"https:\/\/suresms.com\/en\/#organization","name":"SureSMS","url":"https:\/\/suresms.com\/en\/","logo":{"@type":"ImageObject","inLanguage":"nb-NO","@id":"https:\/\/suresms.com\/en\/#\/schema\/logo\/image\/","url":"https:\/\/suresms.com\/wp-content\/uploads\/2024\/11\/suresms-300x65-1.png","contentUrl":"https:\/\/suresms.com\/wp-content\/uploads\/2024\/11\/suresms-300x65-1.png","width":300,"height":65,"caption":"SureSMS"},"image":{"@id":"https:\/\/suresms.com\/en\/#\/schema\/logo\/image\/"},"sameAs":["https:\/\/www.facebook.com\/p\/SureSMS-100044607956149\/"]}]}},"_links":{"self":[{"href":"https:\/\/suresms.com\/nb\/wp-json\/wp\/v2\/pages\/18159","targetHints":{"allow":["GET"]}}],"collection":[{"href":"https:\/\/suresms.com\/nb\/wp-json\/wp\/v2\/pages"}],"about":[{"href":"https:\/\/suresms.com\/nb\/wp-json\/wp\/v2\/types\/page"}],"author":[{"embeddable":true,"href":"https:\/\/suresms.com\/nb\/wp-json\/wp\/v2\/users\/1"}],"replies":[{"embeddable":true,"href":"https:\/\/suresms.com\/nb\/wp-json\/wp\/v2\/comments?post=18159"}],"version-history":[{"count":1,"href":"https:\/\/suresms.com\/nb\/wp-json\/wp\/v2\/pages\/18159\/revisions"}],"predecessor-version":[{"id":23457,"href":"https:\/\/suresms.com\/nb\/wp-json\/wp\/v2\/pages\/18159\/revisions\/23457"}],"up":[{"embeddable":true,"href":"https:\/\/suresms.com\/nb\/wp-json\/wp\/v2\/pages\/18156"}],"wp:attachment":[{"href":"https:\/\/suresms.com\/nb\/wp-json\/wp\/v2\/media?parent=18159"}],"wp:term":[{"taxonomy":"category","embeddable":true,"href":"https:\/\/suresms.com\/nb\/wp-json\/wp\/v2\/categories?post=18159"},{"taxonomy":"post_tag","embeddable":true,"href":"https:\/\/suresms.com\/nb\/wp-json\/wp\/v2\/tags?post=18159"}],"curies":[{"name":"wp","href":"https:\/\/api.w.org\/{rel}","templated":true}]}}