{"id":18121,"date":"2024-07-04T14:34:42","date_gmt":"2024-07-04T12:34:42","guid":{"rendered":"https:\/\/www.suresms.com\/dk\/?page_id=18121"},"modified":"2025-11-11T10:39:49","modified_gmt":"2025-11-11T10:39:49","slug":"dokumenter","status":"publish","type":"page","link":"https:\/\/suresms.com\/nb\/docs\/","title":{"rendered":"Dokumentasjon"},"content":{"rendered":"<h1>\n\t\t\tSlik bruker du SureSMS-applikasjonen\t<\/h1>\n\t<p>Nedenfor finner du beskrivelser av de ulike funksjonene i menyen. Du finner ogs\u00e5 en del med veiledninger om hvordan du setter opp mer komplekse l\u00f8sninger.<\/p>\n\t<a href=\"https:\/\/suresms.com\/nb\/dokumenter\/konto-3\/\" target=\"_self\"  aria-label=\"G\u00e5 til https:\/\/suresms.com\/dk\/docs\/message\/\"><\/a>\n\t\t<h3>Meldinger<\/h3>\t\t\t\n\t\t\t\t<p>L\u00e6r hvordan du sender en ny melding. Hvor du ser dine sendte og mottatte meldinger.\u00a0<\/p>\n\t<a href=\"https:\/\/suresms.com\/nb\/dokumenter\/konto-4\/\" target=\"_self\"  aria-label=\"G\u00e5 til https:\/\/suresms.com\/dk\/docs\/addressbook\/\"><\/a>\n\t\t<h3>Adressebok<\/h3>\t\t\t\n\t\t\t\t<p>Les om kontakter og import av kontakter. Les om grupper og hvordan du organiserer kontaktene dine i grupper.\u00a0<\/p>\n\t<a href=\"https:\/\/suresms.com\/nb\/dokumenter\/konto-5\/\" target=\"_self\"  aria-label=\"G\u00e5 til https:\/\/suresms.com\/dk\/docs\/report\/\"><\/a>\n\t\t<h3>Rapporter<\/h3>\t\t\t\n\t\t\t\t<p>Les om rapportene du kan hente ut fra systemet. Eksporter rapporter.<\/p>\n\t<a href=\"https:\/\/suresms.com\/nb\/dokumenter\/konto-6\/\" target=\"_self\"  aria-label=\"G\u00e5 til https:\/\/suresms.com\/dk\/docs\/troubleshooting\/\"><\/a>\n\t\t<h3>Feils\u00f8king<\/h3>\t\t\t\n\t\t\t\t<p>Hvis du opplever feil i systemene, finner du her en rekke veiledninger for \u00e5 finne og rette feil.<\/p>\n\t<a href=\"https:\/\/suresms.com\/nb\/dokumenter\/oekonomi\/\" target=\"_self\"  aria-label=\"G\u00e5 til https:\/\/suresms.com\/dk\/docs\/finance\/\"><\/a>\n\t\t<h3>\u00d8konomi<\/h3>\t\t\t\n\t\t\t\t<p>Finn ut hvordan du ser forbruket ditt, laster ned fakturaer og bestiller kontoutskrifter.\u00a0<\/p>\n\t\t<h3>Integrasjoner<\/h3>\t\t\t\n\t\t\t\t<p>L\u00e6r hvordan du setter opp integrasjoner med andre systemer.\u00a0<\/p>\n\t<a href=\"https:\/\/suresms.com\/nb\/dokumenter\/konto\/\" target=\"_self\"  aria-label=\"G\u00e5 til https:\/\/suresms.com\/dk\/docs\/account\/\"><\/a>\n\t\t<h3>Konto<\/h3>\t\t\t\n\t\t\t\t<p>Les om hvordan du konfigurerer kontoen din og hvilke innstillinger du kan gj\u00f8re.<\/p>\n<h1>\n\t\t\tOppsettveiledninger\t<\/h1>\n\t<p>Nedenfor finner du instruksjoner om hvordan du konfigurerer SureSMS til \u00e5 gj\u00f8re forskjellige ting.<\/p>\n\t<a href=\"https:\/\/suresms.com\/nb\/dokumenter\/guider\/noen_bokser_og_koder\/\" target=\"_self\"  aria-label=\"G\u00e5 til https:\/\/suresms.com\/dk\/docs\/guides\/noglebokse_og_koder\/\"><\/a>\n\t\t<h3>N\u00f8kkelbokser og koder<\/h3>\t\t\t\n\t\t\t\t<p>Du kan sette opp SureSMS til \u00e5 sende en SMS med en kode til en n\u00f8kkelboks eller hengel\u00e5s. P\u00e5 denne m\u00e5ten kan du se hvem som har f\u00e5tt tilgang og n\u00e5r.\u00a0<\/p>\n\t<a href=\"https:\/\/suresms.com\/nb\/dokumenter\/guider\/sms-2-sms-oppsett\/\" target=\"_self\"  aria-label=\"G\u00e5 til https:\/\/suresms.com\/dk\/docs\/guides\/sms-2-sms-opstning\/\"><\/a>\n\t\t<h3>Oppsett av SMS-2-SMS<\/h3>\t\t\t\n\t\t\t\t<p>Hvis du vil konfigurere SureSMS slik at du kan sende en SMS til SureSMS som sendes ut til en hel liste med kontakter, finner du her en veiledning for hvordan du gj\u00f8r det.\u00a0<\/p>\n\t<a href=\"https:\/\/suresms.com\/nb\/dokumenter\/guider\/faa-paameldinger-til-sms-listen-din\/\" target=\"_self\"  aria-label=\"G\u00e5 til https:\/\/suresms.com\/dk\/docs\/guides\/faa-tilmeldinger-til-din-sms-liste\/\"><\/a>\n\t\t<h3>F\u00e5 p\u00e5meldinger til SMS-listen din<\/h3>\t\t\t\n\t\t\t\t<p>Beskrivelse av hvordan en person selv kan melde seg p\u00e5 SMS-listen din. Ved \u00e5 sende en SMS, med en QR-kode eller fylle ut et skjema.\u00a0<\/p>","protected":false},"excerpt":{"rendered":"<p>Slik bruker du SureSMS-applikasjonen Nedenfor finner du beskrivelser av de ulike funksjonene i menyen. Du finner ogs\u00e5 en del med veiledninger for hvordan du setter opp mer komplekse l\u00f8sninger. Meldinger Les hvordan du sender en ny melding. Hvor du ser sendte og mottatte meldinger.  Adressebok Les om kontakter og import av kontakter ... <a title=\"Dokumentasjon\" class=\"read-more\" href=\"https:\/\/suresms.com\/nb\/docs\/\" aria-label=\"Les mer om dokumentasjon\">Les mer om dette<\/a><\/p>","protected":false},"author":1,"featured_media":0,"parent":0,"menu_order":0,"comment_status":"closed","ping_status":"closed","template":"","meta":{"_fl_builder_enabled":"1","_fl_builder_data":null,"_fl_builder_draft":null,"_fl_builder_data_settings":null,"_fl_builder_css":"","_fl_builder_css_version":"","_fl_builder_js":"","footnotes":""},"categories":[17],"tags":[],"class_list":{"0":"post-18121","1":"page","2":"type-page","3":"status-publish","5":"category-linkfracornorstone"},"yoast_head":"<!-- This site is optimized with the Yoast SEO Premium plugin v27.3 (Yoast SEO v27.3) - https:\/\/yoast.com\/product\/yoast-seo-premium-wordpress\/ -->\r\n<title>Dokumentation -<\/title>\r\n<meta name=\"robots\" content=\"index, follow, max-snippet:-1, max-image-preview:large, max-video-preview:-1\" \/>\r\n<link rel=\"canonical\" href=\"https:\/\/suresms.com\/nb\/dokumenter\/\" \/>\r\n<meta property=\"og:locale\" content=\"nb_NO\" \/>\r\n<meta property=\"og:type\" content=\"article\" \/>\r\n<meta property=\"og:title\" content=\"Dokumentation\" \/>\r\n<meta property=\"og:description\" content=\"S\u00e5dan bruger du SureSMS applikationen Herunder finder du beskrivelse af de forskellige funktioner i menuen. Du finder ligeledes en sektion med guides der fort\u00e6ller hvordan man laver ops\u00e6tning af mere komplekse l\u00f8sninger. Beskeder L\u00e6s hvordan du sender en ny besked. Hvor du ser dine afsendte og modtaget beskeder.\u00a0 Adressebog L\u00e6s om kontakter og import af ... Les mer\" \/>\r\n<meta property=\"og:url\" content=\"https:\/\/suresms.com\/nb\/dokumenter\/\" \/>\r\n<meta property=\"article:publisher\" content=\"https:\/\/www.facebook.com\/p\/SureSMS-100044607956149\/\" \/>\r\n<meta property=\"article:modified_time\" content=\"2025-11-11T10:39:49+00:00\" \/>\r\n<meta name=\"twitter:card\" content=\"summary_large_image\" \/>\r\n<meta name=\"twitter:label1\" content=\"Ansl. lesetid\" \/>\n\t<meta name=\"twitter:data1\" content=\"1 minutt\" \/>\r\n<script type=\"application\/ld+json\" class=\"yoast-schema-graph\">{\"@context\":\"https:\\\/\\\/schema.org\",\"@graph\":[{\"@type\":\"WebPage\",\"@id\":\"https:\\\/\\\/suresms.com\\\/dk\\\/docs\\\/\",\"url\":\"https:\\\/\\\/suresms.com\\\/dk\\\/docs\\\/\",\"name\":\"Dokumentation -\",\"isPartOf\":{\"@id\":\"https:\\\/\\\/suresms.com\\\/en\\\/#website\"},\"datePublished\":\"2024-07-04T12:34:42+00:00\",\"dateModified\":\"2025-11-11T10:39:49+00:00\",\"breadcrumb\":{\"@id\":\"https:\\\/\\\/suresms.com\\\/dk\\\/docs\\\/#breadcrumb\"},\"inLanguage\":\"nb-NO\",\"potentialAction\":[{\"@type\":\"ReadAction\",\"target\":[\"https:\\\/\\\/suresms.com\\\/dk\\\/docs\\\/\"]}]},{\"@type\":\"BreadcrumbList\",\"@id\":\"https:\\\/\\\/suresms.com\\\/dk\\\/docs\\\/#breadcrumb\",\"itemListElement\":[{\"@type\":\"ListItem\",\"position\":1,\"name\":\"Home\",\"item\":\"https:\\\/\\\/suresms.com\\\/dk\\\/\"},{\"@type\":\"ListItem\",\"position\":2,\"name\":\"Dokumentation\"}]},{\"@type\":\"WebSite\",\"@id\":\"https:\\\/\\\/suresms.com\\\/en\\\/#website\",\"url\":\"https:\\\/\\\/suresms.com\\\/en\\\/\",\"name\":\"SureSMS\",\"description\":\"Professionel SMS Gateway\",\"publisher\":{\"@id\":\"https:\\\/\\\/suresms.com\\\/en\\\/#organization\"},\"potentialAction\":[{\"@type\":\"SearchAction\",\"target\":{\"@type\":\"EntryPoint\",\"urlTemplate\":\"https:\\\/\\\/suresms.com\\\/en\\\/?s={search_term_string}\"},\"query-input\":{\"@type\":\"PropertyValueSpecification\",\"valueRequired\":true,\"valueName\":\"search_term_string\"}}],\"inLanguage\":\"nb-NO\"},{\"@type\":\"Organization\",\"@id\":\"https:\\\/\\\/suresms.com\\\/en\\\/#organization\",\"name\":\"SureSMS\",\"url\":\"https:\\\/\\\/suresms.com\\\/en\\\/\",\"logo\":{\"@type\":\"ImageObject\",\"inLanguage\":\"nb-NO\",\"@id\":\"https:\\\/\\\/suresms.com\\\/en\\\/#\\\/schema\\\/logo\\\/image\\\/\",\"url\":\"https:\\\/\\\/suresms.com\\\/wp-content\\\/uploads\\\/2024\\\/11\\\/suresms-300x65-1.png\",\"contentUrl\":\"https:\\\/\\\/suresms.com\\\/wp-content\\\/uploads\\\/2024\\\/11\\\/suresms-300x65-1.png\",\"width\":300,\"height\":65,\"caption\":\"SureSMS\"},\"image\":{\"@id\":\"https:\\\/\\\/suresms.com\\\/en\\\/#\\\/schema\\\/logo\\\/image\\\/\"},\"sameAs\":[\"https:\\\/\\\/www.facebook.com\\\/p\\\/SureSMS-100044607956149\\\/\"]}]}<\/script>\r\n<!-- \/ Yoast SEO Premium plugin. -->","yoast_head_json":{"title":"Dokumentasjon","robots":{"index":"index","follow":"follow","max-snippet":"max-snippet:-1","max-image-preview":"max-image-preview:large","max-video-preview":"max-video-preview:-1"},"canonical":"https:\/\/suresms.com\/nb\/dokumenter\/","og_locale":"nb_NO","og_type":"article","og_title":"Dokumentation","og_description":"S\u00e5dan bruger du SureSMS applikationen Herunder finder du beskrivelse af de forskellige funktioner i menuen. Du finder ligeledes en sektion med guides der fort\u00e6ller hvordan man laver ops\u00e6tning af mere komplekse l\u00f8sninger. Beskeder L\u00e6s hvordan du sender en ny besked. Hvor du ser dine afsendte og modtaget beskeder.\u00a0 Adressebog L\u00e6s om kontakter og import af ... Les mer","og_url":"https:\/\/suresms.com\/nb\/dokumenter\/","article_publisher":"https:\/\/www.facebook.com\/p\/SureSMS-100044607956149\/","article_modified_time":"2025-11-11T10:39:49+00:00","twitter_card":"summary_large_image","twitter_misc":{"Ansl. lesetid":"1 minutt"},"schema":{"@context":"https:\/\/schema.org","@graph":[{"@type":"WebPage","@id":"https:\/\/suresms.com\/dk\/docs\/","url":"https:\/\/suresms.com\/dk\/docs\/","name":"Dokumentasjon","isPartOf":{"@id":"https:\/\/suresms.com\/en\/#website"},"datePublished":"2024-07-04T12:34:42+00:00","dateModified":"2025-11-11T10:39:49+00:00","breadcrumb":{"@id":"https:\/\/suresms.com\/dk\/docs\/#breadcrumb"},"inLanguage":"nb-NO","potentialAction":[{"@type":"ReadAction","target":["https:\/\/suresms.com\/dk\/docs\/"]}]},{"@type":"BreadcrumbList","@id":"https:\/\/suresms.com\/dk\/docs\/#breadcrumb","itemListElement":[{"@type":"ListItem","position":1,"name":"Home","item":"https:\/\/suresms.com\/dk\/"},{"@type":"ListItem","position":2,"name":"Dokumentation"}]},{"@type":"WebSite","@id":"https:\/\/suresms.com\/en\/#website","url":"https:\/\/suresms.com\/en\/","name":"SureSMS","description":"Profesjonell SMS-gateway","publisher":{"@id":"https:\/\/suresms.com\/en\/#organization"},"potentialAction":[{"@type":"SearchAction","target":{"@type":"EntryPoint","urlTemplate":"https:\/\/suresms.com\/en\/?s={search_term_string}"},"query-input":{"@type":"PropertyValueSpecification","valueRequired":true,"valueName":"search_term_string"}}],"inLanguage":"nb-NO"},{"@type":"Organization","@id":"https:\/\/suresms.com\/en\/#organization","name":"SureSMS","url":"https:\/\/suresms.com\/en\/","logo":{"@type":"ImageObject","inLanguage":"nb-NO","@id":"https:\/\/suresms.com\/en\/#\/schema\/logo\/image\/","url":"https:\/\/suresms.com\/wp-content\/uploads\/2024\/11\/suresms-300x65-1.png","contentUrl":"https:\/\/suresms.com\/wp-content\/uploads\/2024\/11\/suresms-300x65-1.png","width":300,"height":65,"caption":"SureSMS"},"image":{"@id":"https:\/\/suresms.com\/en\/#\/schema\/logo\/image\/"},"sameAs":["https:\/\/www.facebook.com\/p\/SureSMS-100044607956149\/"]}]}},"_links":{"self":[{"href":"https:\/\/suresms.com\/nb\/wp-json\/wp\/v2\/pages\/18121","targetHints":{"allow":["GET"]}}],"collection":[{"href":"https:\/\/suresms.com\/nb\/wp-json\/wp\/v2\/pages"}],"about":[{"href":"https:\/\/suresms.com\/nb\/wp-json\/wp\/v2\/types\/page"}],"author":[{"embeddable":true,"href":"https:\/\/suresms.com\/nb\/wp-json\/wp\/v2\/users\/1"}],"replies":[{"embeddable":true,"href":"https:\/\/suresms.com\/nb\/wp-json\/wp\/v2\/comments?post=18121"}],"version-history":[{"count":9,"href":"https:\/\/suresms.com\/nb\/wp-json\/wp\/v2\/pages\/18121\/revisions"}],"predecessor-version":[{"id":23537,"href":"https:\/\/suresms.com\/nb\/wp-json\/wp\/v2\/pages\/18121\/revisions\/23537"}],"wp:attachment":[{"href":"https:\/\/suresms.com\/nb\/wp-json\/wp\/v2\/media?parent=18121"}],"wp:term":[{"taxonomy":"category","embeddable":true,"href":"https:\/\/suresms.com\/nb\/wp-json\/wp\/v2\/categories?post=18121"},{"taxonomy":"post_tag","embeddable":true,"href":"https:\/\/suresms.com\/nb\/wp-json\/wp\/v2\/tags?post=18121"}],"curies":[{"name":"wp","href":"https:\/\/api.w.org\/{rel}","templated":true}]}}