{"id":17217,"date":"2024-05-18T11:31:03","date_gmt":"2024-05-18T09:31:03","guid":{"rendered":"https:\/\/www.suresms.com\/dk\/?page_id=17217"},"modified":"2024-05-18T11:31:03","modified_gmt":"2024-05-18T09:31:03","slug":"sms-lenke-4","status":"publish","type":"page","link":"https:\/\/suresms.com\/nb\/integrationer\/cms-content-management-system-sms-integration\/sms-integration-wordpress-wp-sms\/","title":{"rendered":"SMS-integrasjon for WordPress med WP-SMS"},"content":{"rendered":"<!-- Flexy Breadcrumb -->\r\n\t\t\t<div class=\"fbc fbc-page\">\r\n\r\n\t\t\t\t<!-- Breadcrumb wrapper -->\r\n\t\t\t\t<div class=\"fbc-wrap\">\r\n\r\n\t\t\t\t\t<!-- Ordered list-->\r\n\t\t\t\t\t<ol class=\"fbc-items\" itemscope itemtype=\"https:\/\/schema.org\/BreadcrumbList\">\r\n\t\t\t\t\t\t            <li itemprop=\"itemListElement\" itemscope itemtype=\"https:\/\/schema.org\/ListItem\">\r\n                <span itemprop=\"name\">\r\n                    <!-- Home Link -->\r\n                    <a itemprop=\"item\" href=\"https:\/\/suresms.com\/nb\/\">\r\n                    \r\n                                                    <i class=\"fa fa-home\" aria-hidden=\"true\"><\/i>Hjem                    <\/a>\r\n                <\/span>\r\n                <meta itemprop=\"position\" content=\"1\" \/><!-- Meta Position-->\r\n             <\/li><li><span class=\"fbc-separator\">\/<\/span><\/li><li class=\"active\" itemprop=\"itemListElement\" itemscope itemtype=\"https:\/\/schema.org\/ListItem\"><span itemprop=\"name\" title=\"SMS-integrasjon for WordPress med WP-SMS\">SMS-integrasjon for WordPress...<\/span><meta itemprop=\"position\" content=\"2\" \/><\/li>\t\t\t\t\t<\/ol>\r\n\t\t\t\t\t<div class=\"clearfix\"><\/div>\r\n\t\t\t\t<\/div>\r\n\t\t\t<\/div>\r\n\t\t\t\n\t<h1><strong>SMS-integrasjon for WordPress med WP-SMS<\/strong><\/h1>\n\t\t\t\t<img loading=\"lazy\" decoding=\"async\" src=\"https:\/\/www.suresms.com\/dk\/wp-content\/uploads\/2022\/02\/WpSMS-SureSMS-1.png\" alt=\"SMS WordPress med WP-SMS\" itemprop=\"image\" height=\"460\" width=\"1281\" title=\"WpSMS-SureSMS\" onerror=\"this.style.display='none'\"  \/>\n<h2>\n\t\tHva er WP-SMS (og WordPress)\n\t<\/h2>\n\t<p>WP-SMS er det ledende SMS-tillegget for WordPress, og det er det en god grunn til. Med et brukervennlig grensesnitt, en rekke kraftige funksjoner og utmerket support, tilbyr WP-SMS alt du trenger for \u00e5 effektivisere SMS-kommunikasjonen din. Og det beste av alt? Grunnversjonen er helt gratis! Hvis du vil ha avanserte funksjoner som tar SMS-strategien din til neste niv\u00e5, kan du oppgradere til Pro-versjonen v\u00e5r. Pr\u00f8v WP-SMS i dag, og oppdag hvordan vi kan forbedre bedriftskommunikasjonen din.<\/p>\n\t<p><strong>Uten URL-forkortelse med merkevare<\/strong><\/p>\n\t\t\t\t<img loading=\"lazy\" decoding=\"async\" src=\"https:\/\/www.suresms.com\/wp-content\/uploads\/2024\/05\/Uden-url-shortner.png\" alt=\"Uten URL-forkortelse\" itemprop=\"image\" height=\"614\" width=\"720\" title=\"Uten url-forkortelse\" onerror=\"this.style.display='none'\"  \/>\n\t<p><strong>Sende SMS fra WP-SMS<\/strong><\/p>\n\t\t\t\t<img loading=\"lazy\" decoding=\"async\" src=\"https:\/\/www.suresms.com\/dk\/wp-content\/uploads\/2022\/02\/Wp_SMS-send.png\" alt=\"Skjermbilde\" itemprop=\"image\" height=\"1185\" width=\"1359\" title=\"Wp_SMS send\" onerror=\"this.style.display='none'\"  \/>\n<h2>\n\t\tWP-SMS og SureSMS\n\t<\/h2>\n\t<p>WordPress-programtillegget WP-SMS (<a href=\"https:\/\/wp-sms-pro.com\/\">https:\/\/wp-sms-pro.com\/)<\/a> kan ikke sende SMS-meldinger selv. For \u00e5 kunne sende SMS-meldinger m\u00e5 programtillegget kobles til en SMS-gateway som for eksempel SureSMS. WP-SMS utnytter de mange mulighetene i WordPress og lar deg sende fra mange forskjellige steder og plugins. SMS-gatewayen s\u00f8rger for at meldingen blir levert til mottakeren.<\/p>\n<p>&nbsp;<\/p>\n<h2>\n\t\tWP-SMS og andre plugins\n\t<\/h2>\n\t<p>En av de store fordelene med WP-SMS er de mange integrasjonene til andre WordPress-plugins. Nedenfor kan du se de mange ulike integrasjonene.<\/p>\n\t\t\t\t\t<a href=\"javascript:void(0);\" id=\"fl-accordion--label-0\" tabindex=\"0\" aria-controls=\"fl-accordion--panel-0\">WooCommerce<\/a>\n\t\t\t\t\t\t\t\t\t\t\t<a href=\"#\" id=\"fl-accordion--icon-0\" tabindex=\"-1\" aria-controls=\"fl-accordion--panel-0\"><i>Utvid<\/i><\/a>\n\t\t\t\t\t<ul role=\"list\">\n<li>Legg til telefonnummer p\u00e5 utsjekkingssiden<\/li>\n<li>OTP (One Time Password) verifiserer kundens mobilnummer<\/li>\n<li>Varsle om nye produkter<\/li>\n<li>Varsle administratoren om nye bestillinger<\/li>\n<li>Varsle kundene n\u00e5r de legger inn en bestilling<\/li>\n<li>Varsle kundene n\u00e5r det skjer endringer i bestillingen deres<\/li>\n<\/ul>\n\t\t\t\t\t<a href=\"javascript:void(0);\" id=\"fl-accordion--label-1\" tabindex=\"0\" aria-controls=\"fl-accordion--panel-1\">BuddyPress<\/a>\n\t\t\t\t\t\t\t\t\t\t\t<a href=\"#\" id=\"fl-accordion--icon-1\" tabindex=\"-1\" aria-controls=\"fl-accordion--panel-1\"><i>Utvid<\/i><\/a>\n\t\t\t\t\t<ul>\n<li>Legg til\/bruk det eksisterende telefonnummerfeltet i.<\/li>\n<li>Send SMS til brukere n\u00e5r noen nevner dem i innlegg<\/li>\n<li>Send SMS til brukerne n\u00e5r de f\u00e5r svar p\u00e5 en aktivitet eller kommentar<\/li>\n<li>Send velkomst-SMS til nye brukere<\/li>\n<li>Private SMS-varsler<\/li>\n<\/ul>\n\t\t\t\t\t<a href=\"javascript:void(0);\" id=\"fl-accordion--label-2\" tabindex=\"0\" aria-controls=\"fl-accordion--panel-2\">GravityForms<\/a>\n\t\t\t\t\t\t\t\t\t\t\t<a href=\"#\" id=\"fl-accordion--icon-2\" tabindex=\"-1\" aria-controls=\"fl-accordion--panel-2\"><i>Utvid<\/i><\/a>\n\t\t\t\t\t<ul>\n<li>Send SMS til administrator n\u00e5r noen fyller ut et skjema<\/li>\n<li>Send SMS til en feltverdi n\u00e5r noen fyller ut et skjema<br \/>\n(Du kan for eksempel be om et telefonnummer og sende en SMS n\u00e5r de godkjenner skjemaet)<\/li>\n<\/ul>\n\t\t\t\t\t<a href=\"javascript:void(0);\" id=\"fl-accordion--label-3\" tabindex=\"0\" aria-controls=\"fl-accordion--panel-3\">Kontaktskjema 7<\/a>\n\t\t\t\t\t\t\t\t\t\t\t<a href=\"#\" id=\"fl-accordion--icon-3\" tabindex=\"-1\" aria-controls=\"fl-accordion--panel-3\"><i>Utvid<\/i><\/a>\n\t\t\t\t\t<ul>\n<li>Send SMS til administrator n\u00e5r noen fyller ut et skjema<\/li>\n<li>Send SMS til en feltverdi n\u00e5r noen fyller ut et skjema<br \/>\n(Du kan for eksempel be om et telefonnummer og sende en SMS n\u00e5r de godkjenner skjemaet)<\/li>\n<\/ul>\n\t\t\t\t\t<a href=\"javascript:void(0);\" id=\"fl-accordion--label-4\" tabindex=\"0\" aria-controls=\"fl-accordion--panel-4\">BookingPress<\/a>\n\t\t\t\t\t\t\t\t\t\t\t<a href=\"#\" id=\"fl-accordion--icon-4\" tabindex=\"-1\" aria-controls=\"fl-accordion--panel-4\"><i>Utvid<\/i><\/a>\n\t\t\t\t\t<ul data-sourcepos=\"5:1-11:0\">\n<li data-sourcepos=\"5:1-5:18\">Nye utnevnelser<\/li>\n<li data-sourcepos=\"6:1-6:23\">Godkjente utnevnelser<\/li>\n<li data-sourcepos=\"7:1-7:23\">Avlyste avtaler<\/li>\n<li data-sourcepos=\"8:1-8:26\">Omberammede avtaler<\/li>\n<li data-sourcepos=\"9:1-9:23\">Kommende avtaler<\/li>\n<li data-sourcepos=\"10:1-11:0\">Uteblitte avtaler<\/li>\n<\/ul>\n\t\t\t\t\t<a href=\"javascript:void(0);\" id=\"fl-accordion--label-5\" tabindex=\"0\" aria-controls=\"fl-accordion--panel-5\">WooCommerce Avtaler<\/a>\n\t\t\t\t\t\t\t\t\t\t\t<a href=\"#\" id=\"fl-accordion--icon-5\" tabindex=\"-1\" aria-controls=\"fl-accordion--panel-5\"><i>Utvid<\/i><\/a>\n\t\t\t\t\t<ul data-sourcepos=\"5:1-11:0\">\n<li data-sourcepos=\"5:1-5:18\">Nye utnevnelser<\/li>\n<li data-sourcepos=\"6:1-6:23\">Godkjente utnevnelser<\/li>\n<li data-sourcepos=\"7:1-7:23\">Avlyste avtaler<\/li>\n<li data-sourcepos=\"8:1-8:26\">Omberammede avtaler<\/li>\n<li data-sourcepos=\"9:1-9:23\">Kommende avtaler<\/li>\n<li data-sourcepos=\"10:1-11:0\">Uteblitte avtaler<\/li>\n<\/ul>\n\t\t\t\t\t<a href=\"javascript:void(0);\" id=\"fl-accordion--label-6\" tabindex=\"0\" aria-controls=\"fl-accordion--panel-6\">Bookingkalender<\/a>\n\t\t\t\t\t\t\t\t\t\t\t<a href=\"#\" id=\"fl-accordion--icon-6\" tabindex=\"-1\" aria-controls=\"fl-accordion--panel-6\"><i>Utvid<\/i><\/a>\n\t\t\t\t\t<ul data-sourcepos=\"5:1-11:0\">\n<li data-sourcepos=\"5:1-5:18\">Nye utnevnelser<\/li>\n<li data-sourcepos=\"6:1-6:23\">Godkjente utnevnelser<\/li>\n<li data-sourcepos=\"7:1-7:23\">Avlyste avtaler<\/li>\n<li data-sourcepos=\"8:1-8:26\">Omberammede avtaler<\/li>\n<li data-sourcepos=\"9:1-9:23\">Kommende avtaler<\/li>\n<li data-sourcepos=\"10:1-11:0\">Uteblitte avtaler<\/li>\n<\/ul>\n\t\t\t\t\t<a href=\"javascript:void(0);\" id=\"fl-accordion--label-7\" tabindex=\"0\" aria-controls=\"fl-accordion--panel-7\">Se alle integrasjoner her<\/a>\n\t\t\t\t\t\t\t\t\t\t\t<a href=\"#\" id=\"fl-accordion--icon-7\" tabindex=\"-1\" aria-controls=\"fl-accordion--panel-7\"><i>Utvid<\/i><\/a>\n\t\t\t\t\t<p><a href=\"https:\/\/wp-sms-pro.com\/product-category\/add-ons\/\" target=\"_blank\" rel=\"noopener\">https:\/\/wp-sms-pro.com\/product-category\/add-ons\/<\/a><\/p>\n<h2>\n\t\tSette opp WP-SMS\n\t<\/h2>\n\t<p>For \u00e5 bruke WP-SMS i WordPress m\u00e5 du installere WP-SMS i WordPress-installasjonen din og deretter koble den til SureSMS-kontoen din. Nedenfor kan du lese hvordan du gj\u00f8r det<\/p>\n<ol>\n<li>Sette opp i SureSMS<\/li>\n<li>Installer WP-SMS og sett det opp<\/li>\n<\/ol>\n<h3>\n\t\tOppsett i SureSMS\n\t<\/h3>\n\t<p>For \u00e5 bruke SureSMS fra WP-SMS trenger du en SureSMS-konto og en API-n\u00f8kkel fra SureSMS.<\/p>\n<ol>\n<li>Logg inn p\u00e5 SureSMS-kontoen din her <a href=\"https:\/\/app.suresms.com\" target=\"_blank\" rel=\"noopener\">https:\/\/app.suresms.com<\/a><br \/>\nHvis du ikke har en konto, kan du opprette en her <a href=\"https:\/\/suresms.com\/nb\/gratis-sms-testkonto\/\" target=\"_blank\" rel=\"noopener\">Opprett SMS Gateway-konto<\/a><\/li>\n<li>Velg API-n\u00f8kler i menyen<\/li>\n<li>Klikk p\u00e5 Alternativer \u00f8verst i h\u00f8yre hj\u00f8rne, og velg \"SureSMS API-n\u00f8kkel\" fra menyen.<\/li>\n<li>I navnet kan du skrive f.eks. WP-SMS\/WooCommerce hvis du trenger \u00e5 bruke WP-SMS fra WooCommerce<\/li>\n<li>Klikk p\u00e5 Lagre<\/li>\n<\/ol>\n\t\t\t\t<img loading=\"lazy\" decoding=\"async\" src=\"https:\/\/www.suresms.com\/wp-content\/uploads\/2024\/05\/SPIKey.png\" alt=\"APIKey\" itemprop=\"image\" height=\"216\" width=\"1045\" title=\"SPIKey\" onerror=\"this.style.display='none'\"  \/>\n\t<p>Kopier API-n\u00f8kkelen slik at du har den til senere bruk.<\/p>\n<p>Vi er n\u00e5 ferdige i SureSMS.<\/p>\n<h3>\n\t\tSette opp WP-SMS\n\t<\/h3>\n\t<h3>Installer og aktiver WP-SMS-tillegget p\u00e5 WordPress-nettstedet ditt<\/h3>\n<p>G\u00e5 til WordPress-dashbordet, finn \"Plugins\"-delen, klikk p\u00e5 \"Add New\" og s\u00f8k etter WP-SMS. Installer og aktiver programtillegget.<\/p>\n\t<h3>Konfigurer WP-SMS med SMS-gatewayen din<\/h3>\n<p>I WP-SMS-innstillingspanelet angir du den n\u00f8dvendige informasjonen for \u00e5 integrere med den valgte SMS-gatewayen:<\/p>\n<p><strong>Navn p\u00e5 gateway:<\/strong> Velg SureSMS fra listen over st\u00f8ttede gatewayer<\/p>\n\t\t\t\t<img loading=\"lazy\" decoding=\"async\" src=\"https:\/\/www.suresms.com\/wp-content\/uploads\/2024\/05\/WP-SMS-opsaetning.jpg\" alt=\"Oppsett av WP-SMS\" itemprop=\"image\" height=\"1173\" width=\"1615\" title=\"Oppsett av WP-SMS\" onerror=\"this.style.display='none'\"  \/>\n\t<strong>API-brukernavn<\/strong> Her skriver du \"APIkey\" uten anf\u00f8rselstegn<br \/>\n<strong>API-passord<\/strong>: her limer du inn API-n\u00f8kkelen du kopierte fra SureSMS<br \/>\n<strong>Avsendernummer<\/strong>Angi ditt eget nummer, eller en av de autoriserte avsender-ID-ene du har p\u00e5 SureSMS-kontoen din (kan ses her <a href=\"https:\/\/app.suresms.com\/Message\/SenderData\" target=\"_blank\" rel=\"noopener\">https:\/\/app.suresms.com\/Message\/SenderData<\/a>)<br \/>\n<strong>API-n\u00f8kkel<\/strong> : her limer du inn API-n\u00f8kkelen du kopierte fra SureSMS\n<h3>\n\t\tTesting av oppsettet\n\t<\/h3>\n\t<p>Du er n\u00e5 klar til \u00e5 teste integrasjonen din. Hvordan du tester den, avhenger av hvilke integrasjoner og funksjoner du har valgt \u00e5 bruke fra WP-SMS. Men n\u00e5r du har sendt en testmelding fra den valgte metoden, kan du se statusen til meldingen din p\u00e5 SureSMS p\u00e5 denne <a href=\"https:\/\/app.suresms.com\/Message\/OutBoundSMS\" target=\"_blank\" rel=\"noopener\">Siden for utg\u00e5ende meldinger i SureSMS<\/a>.<\/p>\n\t\t\t\t<img decoding=\"async\" src=\"https:\/\/www.suresms.com\/dk\/wp-content\/plugins\/bb-plugin\/img\/pixel.png\" alt=\"\" itemprop=\"image\" onerror=\"this.style.display='none'\"  \/>","protected":false},"excerpt":{"rendered":"<p>SMS-integrasjon for WordPress med WP-SMS Hva er WP-SMS (og WordPress) WP-SMS er det ledende SMS-tillegget for WordPress, og med god grunn. Med et brukervennlig grensesnitt, en rekke kraftige funksjoner og utmerket st\u00f8tte, tilbyr WP-SMS alt du trenger for \u00e5 effektivisere SMS-kommunikasjonen din. Og det beste av alt? Grunnversjonen er helt... <a title=\"SMS-integrasjon for WordPress med WP-SMS\" class=\"read-more\" href=\"https:\/\/suresms.com\/nb\/integrationer\/cms-content-management-system-sms-integration\/sms-integration-wordpress-wp-sms\/\" aria-label=\"Les mer om SMS-integrasjon for WordPress med WP-SMS\">Les mer om dette<\/a><\/p>","protected":false},"author":1,"featured_media":0,"parent":14437,"menu_order":12,"comment_status":"closed","ping_status":"closed","template":"","meta":{"_fl_builder_enabled":"1","_fl_builder_data":null,"_fl_builder_draft":null,"_fl_builder_data_settings":null,"_fl_builder_css":"","_fl_builder_css_version":"","_fl_builder_js":"","footnotes":""},"categories":[],"tags":[],"class_list":["post-17217","page","type-page","status-publish"],"yoast_head":"<!-- This site is optimized with the Yoast SEO Premium plugin v27.3 (Yoast SEO v27.3) - https:\/\/yoast.com\/product\/yoast-seo-premium-wordpress\/ -->\r\n<title>SMS integration til WordPress med WP-SMS - gratis konto<\/title>\r\n<meta name=\"description\" content=\"Du kan sende b\u00e5de sms links, billeder, videoer og lydfiler med vores SMS gateway. Uanede muligheder for rigt indhold.\" \/>\r\n<meta name=\"robots\" content=\"index, follow, max-snippet:-1, max-image-preview:large, max-video-preview:-1\" \/>\r\n<link rel=\"canonical\" href=\"https:\/\/suresms.com\/nb\/integrasjoner\/cms-content-management-system-sms-integrasjon\/sms-lenke-4\/\" \/>\r\n<meta property=\"og:locale\" content=\"nb_NO\" \/>\r\n<meta property=\"og:type\" content=\"article\" \/>\r\n<meta property=\"og:title\" content=\"SMS integration til WordPress med WP-SMS\" \/>\r\n<meta property=\"og:description\" content=\"Du kan sende b\u00e5de sms links, billeder, videoer og lydfiler med vores SMS gateway. Uanede muligheder for rigt indhold.\" \/>\r\n<meta property=\"og:url\" content=\"https:\/\/suresms.com\/nb\/integrasjoner\/cms-content-management-system-sms-integrasjon\/sms-lenke-4\/\" \/>\r\n<meta property=\"article:publisher\" content=\"https:\/\/www.facebook.com\/p\/SureSMS-100044607956149\/\" \/>\r\n<meta property=\"og:image\" content=\"https:\/\/www.suresms.com\/dk\/wp-content\/uploads\/2022\/02\/WpSMS-SureSMS-1.png\" \/>\r\n<meta name=\"twitter:card\" content=\"summary_large_image\" \/>\r\n<meta name=\"twitter:label1\" content=\"Ansl. lesetid\" \/>\n\t<meta name=\"twitter:data1\" content=\"10 minutter\" \/>\r\n<script type=\"application\/ld+json\" class=\"yoast-schema-graph\">{\"@context\":\"https:\\\/\\\/schema.org\",\"@graph\":[{\"@type\":\"WebPage\",\"@id\":\"https:\\\/\\\/suresms.com\\\/dk\\\/integrationer\\\/cms-content-management-system-sms-integration\\\/sms-integration-wordpress-wp-sms\\\/\",\"url\":\"https:\\\/\\\/suresms.com\\\/dk\\\/integrationer\\\/cms-content-management-system-sms-integration\\\/sms-integration-wordpress-wp-sms\\\/\",\"name\":\"SMS integration til WordPress med WP-SMS - gratis konto\",\"isPartOf\":{\"@id\":\"https:\\\/\\\/suresms.com\\\/en\\\/#website\"},\"primaryImageOfPage\":{\"@id\":\"https:\\\/\\\/suresms.com\\\/dk\\\/integrationer\\\/cms-content-management-system-sms-integration\\\/sms-integration-wordpress-wp-sms\\\/#primaryimage\"},\"image\":{\"@id\":\"https:\\\/\\\/suresms.com\\\/dk\\\/integrationer\\\/cms-content-management-system-sms-integration\\\/sms-integration-wordpress-wp-sms\\\/#primaryimage\"},\"thumbnailUrl\":\"https:\\\/\\\/www.suresms.com\\\/dk\\\/wp-content\\\/uploads\\\/2022\\\/02\\\/WpSMS-SureSMS-1.png\",\"datePublished\":\"2024-05-18T09:31:03+00:00\",\"description\":\"Du kan sende b\u00e5de sms links, billeder, videoer og lydfiler med vores SMS gateway. Uanede muligheder for rigt indhold.\",\"breadcrumb\":{\"@id\":\"https:\\\/\\\/suresms.com\\\/dk\\\/integrationer\\\/cms-content-management-system-sms-integration\\\/sms-integration-wordpress-wp-sms\\\/#breadcrumb\"},\"inLanguage\":\"nb-NO\",\"potentialAction\":[{\"@type\":\"ReadAction\",\"target\":[\"https:\\\/\\\/suresms.com\\\/dk\\\/integrationer\\\/cms-content-management-system-sms-integration\\\/sms-integration-wordpress-wp-sms\\\/\"]}]},{\"@type\":\"ImageObject\",\"inLanguage\":\"nb-NO\",\"@id\":\"https:\\\/\\\/suresms.com\\\/dk\\\/integrationer\\\/cms-content-management-system-sms-integration\\\/sms-integration-wordpress-wp-sms\\\/#primaryimage\",\"url\":\"https:\\\/\\\/www.suresms.com\\\/dk\\\/wp-content\\\/uploads\\\/2022\\\/02\\\/WpSMS-SureSMS-1.png\",\"contentUrl\":\"https:\\\/\\\/www.suresms.com\\\/dk\\\/wp-content\\\/uploads\\\/2022\\\/02\\\/WpSMS-SureSMS-1.png\"},{\"@type\":\"BreadcrumbList\",\"@id\":\"https:\\\/\\\/suresms.com\\\/dk\\\/integrationer\\\/cms-content-management-system-sms-integration\\\/sms-integration-wordpress-wp-sms\\\/#breadcrumb\",\"itemListElement\":[{\"@type\":\"ListItem\",\"position\":1,\"name\":\"Home\",\"item\":\"https:\\\/\\\/suresms.com\\\/dk\\\/\"},{\"@type\":\"ListItem\",\"position\":2,\"name\":\"Integrationer\",\"item\":\"https:\\\/\\\/suresms.com\\\/dk\\\/integrationer\\\/\"},{\"@type\":\"ListItem\",\"position\":3,\"name\":\"SMS integration til Content Management Systemer (CMS systemer)\",\"item\":\"https:\\\/\\\/suresms.com\\\/dk\\\/integrationer\\\/cms-content-management-system-sms-integration\\\/\"},{\"@type\":\"ListItem\",\"position\":4,\"name\":\"SMS integration til WordPress med WP-SMS\"}]},{\"@type\":\"WebSite\",\"@id\":\"https:\\\/\\\/suresms.com\\\/en\\\/#website\",\"url\":\"https:\\\/\\\/suresms.com\\\/en\\\/\",\"name\":\"SureSMS\",\"description\":\"Professionel SMS Gateway\",\"publisher\":{\"@id\":\"https:\\\/\\\/suresms.com\\\/en\\\/#organization\"},\"potentialAction\":[{\"@type\":\"SearchAction\",\"target\":{\"@type\":\"EntryPoint\",\"urlTemplate\":\"https:\\\/\\\/suresms.com\\\/en\\\/?s={search_term_string}\"},\"query-input\":{\"@type\":\"PropertyValueSpecification\",\"valueRequired\":true,\"valueName\":\"search_term_string\"}}],\"inLanguage\":\"nb-NO\"},{\"@type\":\"Organization\",\"@id\":\"https:\\\/\\\/suresms.com\\\/en\\\/#organization\",\"name\":\"SureSMS\",\"url\":\"https:\\\/\\\/suresms.com\\\/en\\\/\",\"logo\":{\"@type\":\"ImageObject\",\"inLanguage\":\"nb-NO\",\"@id\":\"https:\\\/\\\/suresms.com\\\/en\\\/#\\\/schema\\\/logo\\\/image\\\/\",\"url\":\"https:\\\/\\\/suresms.com\\\/wp-content\\\/uploads\\\/2024\\\/11\\\/suresms-300x65-1.png\",\"contentUrl\":\"https:\\\/\\\/suresms.com\\\/wp-content\\\/uploads\\\/2024\\\/11\\\/suresms-300x65-1.png\",\"width\":300,\"height\":65,\"caption\":\"SureSMS\"},\"image\":{\"@id\":\"https:\\\/\\\/suresms.com\\\/en\\\/#\\\/schema\\\/logo\\\/image\\\/\"},\"sameAs\":[\"https:\\\/\\\/www.facebook.com\\\/p\\\/SureSMS-100044607956149\\\/\"]}]}<\/script>\r\n<!-- \/ Yoast SEO Premium plugin. -->","yoast_head_json":{"title":"SMS-integrasjon for WordPress med WP-SMS - gratis konto","description":"Du kan sende SMS-lenker, bilder, videoer og lydfiler med v\u00e5r SMS-gateway. Uendelige muligheter for rikt innhold.","robots":{"index":"index","follow":"follow","max-snippet":"max-snippet:-1","max-image-preview":"max-image-preview:large","max-video-preview":"max-video-preview:-1"},"canonical":"https:\/\/suresms.com\/nb\/integrasjoner\/cms-content-management-system-sms-integrasjon\/sms-lenke-4\/","og_locale":"nb_NO","og_type":"article","og_title":"SMS integration til WordPress med WP-SMS","og_description":"Du kan sende b\u00e5de sms links, billeder, videoer og lydfiler med vores SMS gateway. Uanede muligheder for rigt indhold.","og_url":"https:\/\/suresms.com\/nb\/integrasjoner\/cms-content-management-system-sms-integrasjon\/sms-lenke-4\/","article_publisher":"https:\/\/www.facebook.com\/p\/SureSMS-100044607956149\/","og_image":[{"url":"https:\/\/www.suresms.com\/dk\/wp-content\/uploads\/2022\/02\/WpSMS-SureSMS-1.png","type":"","width":"","height":""}],"twitter_card":"summary_large_image","twitter_misc":{"Ansl. lesetid":"10 minutter"},"schema":{"@context":"https:\/\/schema.org","@graph":[{"@type":"WebPage","@id":"https:\/\/suresms.com\/dk\/integrationer\/cms-content-management-system-sms-integration\/sms-integration-wordpress-wp-sms\/","url":"https:\/\/suresms.com\/dk\/integrationer\/cms-content-management-system-sms-integration\/sms-integration-wordpress-wp-sms\/","name":"SMS-integrasjon for WordPress med WP-SMS - gratis konto","isPartOf":{"@id":"https:\/\/suresms.com\/en\/#website"},"primaryImageOfPage":{"@id":"https:\/\/suresms.com\/dk\/integrationer\/cms-content-management-system-sms-integration\/sms-integration-wordpress-wp-sms\/#primaryimage"},"image":{"@id":"https:\/\/suresms.com\/dk\/integrationer\/cms-content-management-system-sms-integration\/sms-integration-wordpress-wp-sms\/#primaryimage"},"thumbnailUrl":"https:\/\/www.suresms.com\/dk\/wp-content\/uploads\/2022\/02\/WpSMS-SureSMS-1.png","datePublished":"2024-05-18T09:31:03+00:00","description":"Du kan sende SMS-lenker, bilder, videoer og lydfiler med v\u00e5r SMS-gateway. Uendelige muligheter for rikt innhold.","breadcrumb":{"@id":"https:\/\/suresms.com\/dk\/integrationer\/cms-content-management-system-sms-integration\/sms-integration-wordpress-wp-sms\/#breadcrumb"},"inLanguage":"nb-NO","potentialAction":[{"@type":"ReadAction","target":["https:\/\/suresms.com\/dk\/integrationer\/cms-content-management-system-sms-integration\/sms-integration-wordpress-wp-sms\/"]}]},{"@type":"ImageObject","inLanguage":"nb-NO","@id":"https:\/\/suresms.com\/dk\/integrationer\/cms-content-management-system-sms-integration\/sms-integration-wordpress-wp-sms\/#primaryimage","url":"https:\/\/www.suresms.com\/dk\/wp-content\/uploads\/2022\/02\/WpSMS-SureSMS-1.png","contentUrl":"https:\/\/www.suresms.com\/dk\/wp-content\/uploads\/2022\/02\/WpSMS-SureSMS-1.png"},{"@type":"BreadcrumbList","@id":"https:\/\/suresms.com\/dk\/integrationer\/cms-content-management-system-sms-integration\/sms-integration-wordpress-wp-sms\/#breadcrumb","itemListElement":[{"@type":"ListItem","position":1,"name":"Home","item":"https:\/\/suresms.com\/dk\/"},{"@type":"ListItem","position":2,"name":"Integrationer","item":"https:\/\/suresms.com\/dk\/integrationer\/"},{"@type":"ListItem","position":3,"name":"SMS integration til Content Management Systemer (CMS systemer)","item":"https:\/\/suresms.com\/dk\/integrationer\/cms-content-management-system-sms-integration\/"},{"@type":"ListItem","position":4,"name":"SMS integration til WordPress med WP-SMS"}]},{"@type":"WebSite","@id":"https:\/\/suresms.com\/en\/#website","url":"https:\/\/suresms.com\/en\/","name":"SureSMS","description":"Profesjonell SMS-gateway","publisher":{"@id":"https:\/\/suresms.com\/en\/#organization"},"potentialAction":[{"@type":"SearchAction","target":{"@type":"EntryPoint","urlTemplate":"https:\/\/suresms.com\/en\/?s={search_term_string}"},"query-input":{"@type":"PropertyValueSpecification","valueRequired":true,"valueName":"search_term_string"}}],"inLanguage":"nb-NO"},{"@type":"Organization","@id":"https:\/\/suresms.com\/en\/#organization","name":"SureSMS","url":"https:\/\/suresms.com\/en\/","logo":{"@type":"ImageObject","inLanguage":"nb-NO","@id":"https:\/\/suresms.com\/en\/#\/schema\/logo\/image\/","url":"https:\/\/suresms.com\/wp-content\/uploads\/2024\/11\/suresms-300x65-1.png","contentUrl":"https:\/\/suresms.com\/wp-content\/uploads\/2024\/11\/suresms-300x65-1.png","width":300,"height":65,"caption":"SureSMS"},"image":{"@id":"https:\/\/suresms.com\/en\/#\/schema\/logo\/image\/"},"sameAs":["https:\/\/www.facebook.com\/p\/SureSMS-100044607956149\/"]}]}},"_links":{"self":[{"href":"https:\/\/suresms.com\/nb\/wp-json\/wp\/v2\/pages\/17217","targetHints":{"allow":["GET"]}}],"collection":[{"href":"https:\/\/suresms.com\/nb\/wp-json\/wp\/v2\/pages"}],"about":[{"href":"https:\/\/suresms.com\/nb\/wp-json\/wp\/v2\/types\/page"}],"author":[{"embeddable":true,"href":"https:\/\/suresms.com\/nb\/wp-json\/wp\/v2\/users\/1"}],"replies":[{"embeddable":true,"href":"https:\/\/suresms.com\/nb\/wp-json\/wp\/v2\/comments?post=17217"}],"version-history":[{"count":0,"href":"https:\/\/suresms.com\/nb\/wp-json\/wp\/v2\/pages\/17217\/revisions"}],"up":[{"embeddable":true,"href":"https:\/\/suresms.com\/nb\/wp-json\/wp\/v2\/pages\/14437"}],"wp:attachment":[{"href":"https:\/\/suresms.com\/nb\/wp-json\/wp\/v2\/media?parent=17217"}],"wp:term":[{"taxonomy":"category","embeddable":true,"href":"https:\/\/suresms.com\/nb\/wp-json\/wp\/v2\/categories?post=17217"},{"taxonomy":"post_tag","embeddable":true,"href":"https:\/\/suresms.com\/nb\/wp-json\/wp\/v2\/tags?post=17217"}],"curies":[{"name":"wp","href":"https:\/\/api.w.org\/{rel}","templated":true}]}}