{"id":16543,"date":"2023-01-25T10:38:05","date_gmt":"2023-01-25T08:38:05","guid":{"rendered":"https:\/\/www.suresms.com\/dk\/?page_id=16543"},"modified":"2024-12-06T13:05:55","modified_gmt":"2024-12-06T13:05:55","slug":"sms-lenke","status":"publish","type":"page","link":"https:\/\/suresms.com\/nb\/funktioner\/sms-link\/","title":{"rendered":"SMS-lenke"},"content":{"rendered":"<!-- Flexy Breadcrumb -->\r\n\t\t\t<div class=\"fbc fbc-page\">\r\n\r\n\t\t\t\t<!-- Breadcrumb wrapper -->\r\n\t\t\t\t<div class=\"fbc-wrap\">\r\n\r\n\t\t\t\t\t<!-- Ordered list-->\r\n\t\t\t\t\t<ol class=\"fbc-items\" itemscope itemtype=\"https:\/\/schema.org\/BreadcrumbList\">\r\n\t\t\t\t\t\t            <li itemprop=\"itemListElement\" itemscope itemtype=\"https:\/\/schema.org\/ListItem\">\r\n                <span itemprop=\"name\">\r\n                    <!-- Home Link -->\r\n                    <a itemprop=\"item\" href=\"https:\/\/suresms.com\/nb\/\">\r\n                    \r\n                                                    <i class=\"fa fa-home\" aria-hidden=\"true\"><\/i>Hjem                    <\/a>\r\n                <\/span>\r\n                <meta itemprop=\"position\" content=\"1\" \/><!-- Meta Position-->\r\n             <\/li><li><span class=\"fbc-separator\">\/<\/span><\/li><li class=\"active\" itemprop=\"itemListElement\" itemscope itemtype=\"https:\/\/schema.org\/ListItem\"><span itemprop=\"name\" title=\"SMS-lenke\">SMS-lenke<\/span><meta itemprop=\"position\" content=\"2\" \/><\/li>\t\t\t\t\t<\/ol>\r\n\t\t\t\t\t<div class=\"clearfix\"><\/div>\r\n\t\t\t\t<\/div>\r\n\t\t\t<\/div>\r\n\t\t\t\n<h1>\n\t\tSMS-lenke\n\t<\/h1>\n\t<h4>Videoer, PDF-filer, bilder og lenker kan alle inkluderes i en SMS-melding. Det er like enkelt som \u00e5 legge ved en fil n\u00e5r du sender en e-post.<\/h4>\n<p>Med SureSMS f\u00e5r du en unik mulighet til \u00e5 sende lenker i SMS-meldingen din. Vi har laget v\u00e5r egen URL-forkortelse som gj\u00f8r det mulig \u00e5 vise videoer, pdf-filer, bilder og mye mer i SMS-meldinger.<\/p>\n\t<ul>\n\t\t<li>\t\t\t\t\n\t\t<h3>Sett inn lenke i meldinger<\/h3><p>Du har muligheten til \u00e5 sette inn en lenke i meldingen din med v\u00e5r spesielle lenkemodul. Ved \u00e5 bruke URL-forkorteren v\u00e5r kan du lage en sv\u00e6rt kort lenke og spare mange tegn.<\/p><\/li><li>\t\t\t\t\n\t\t<h3>Bruk ditt eget domenenavn<\/h3><p>Med v\u00e5r spesielle branded-url-modul har du muligheten til \u00e5 opprette en kort lenke i meldingene dine som inneholder ditt eget domenenavn. Dette resulterer vanligvis i en 30% h\u00f8yere klikkfrekvens fordi lenken din er mer troverdig.\u00a0<\/p><\/li><li>\t\t\t\t\n\t\t<h3>Legg ved filer<\/h3><p>Som den eneste danske SMS-gatewayen gir SureSMS deg mulighet til \u00e5 legge inn filer n\u00e5r du sender en SMS. Det kan for eksempel v\u00e6re en PDF-fil eller en video.\u00a0<\/p><\/li><li>\t\t\t\t\n\t\t<h3>MobilePay-lenke<\/h3><p>Hvis du mottar betaling fra mottakerne dine, har du ogs\u00e5 muligheten til \u00e5 legge inn en MobilePay-lenke i meldingen. Brukeren sveiper bare, og betalingen g\u00e5r gjennom.<\/p><\/li><li>\t\t\t\t\n\t\t<h3>Last ned lenke<\/h3><p>Hvis du sender ut SMS-markedsf\u00f8ring, er det et krav at folk kan melde seg av listen din. Dette gj\u00f8res enkelt med lenker i SMS-meldingen.<\/p><\/li>\t<\/ul>\n\t<p>I skjermbildet nedenfor kan du se hvor enkelt det er \u00e5 sette inn en lenke med din egen URL i meldingen.<\/p>\n\t\t\t\t<img loading=\"lazy\" decoding=\"async\" src=\"https:\/\/suresms.com\/wp-content\/uploads\/2023\/01\/Tilfoej-link-1.png\" alt=\"Legg til lenke i meldingen\" itemprop=\"image\" height=\"498\" width=\"1416\" title=\"Legg til lenke\" onerror=\"this.style.display='none'\"  \/>\n\t<p>Hvis du velger \u00e5 opprette en kobling, kan du gj\u00f8re det p\u00e5 to m\u00e5ter.<\/p>\nDu kan enten skrive lenken direkte i meldingene, f.eks. https:\/\/mitdomain.dk\/kampagne1.<br \/>\nDu kan ogs\u00e5 velge \u00e5 sette inn en normal lenke. Her skriver du https:\/\/mitdomain.dk\/kampagne1 i lenkefeltet, men n\u00e5r mottakeren mottar meldingen, st\u00e5r det https:\/\/a-l.ink\/HdB6sg.\n<p>Les mer om <a href=\"https:\/\/suresms.com\/nb\/funksjoner\/sms-lenke-3\/\">merkede nettadresser her<\/a>der du bruker en lenke som ser slik ut: https:\/\/m.mitfomain.dk\/fhdcd<\/p>\n<p>N\u00e5r de klikker p\u00e5 lenken, \u00e5pnes en side p\u00e5 serveren v\u00e5r der vi sjekker hvem som har klikket, hvilken telefon de har klikket fra, hva klokken er og mye mer. Deretter videresendes brukeren til den endelige adressen. Dette gj\u00f8r at vi kan m\u00e5le hvem som har klikket og rapportere dette til deg.<\/p>\n\t<h2>Linksporing i SMS-markedsf\u00f8ring<\/h2>\n<p>Med den spesielle lenkefunksjonaliteten i v\u00e5r SMS-avsender f\u00e5r du ogs\u00e5 muligheten til \u00e5 spore. Du kan se hvem som har klikket p\u00e5 en lenke, hvor lenge de har sett p\u00e5 en video, hvor mange ganger de har klikket og n\u00e5r. Alt sammen verdifull informasjon hvis du driver med markedsf\u00f8ring.<\/p>\n<ol> \t\n<li>Kortere og tydeligere lenker gir h\u00f8yere klikkfrekvens: N\u00e5r lenkene dine er kortere og \"penere\", ser de mer troverdige og gjennomsiktige ut. Dette kan f\u00f8re til en h\u00f8yere gjennomsnittlig klikkfrekvens, ettersom mottakerne er mer tilb\u00f8yelige til \u00e5 klikke p\u00e5 lenken.<\/li>\n\n<li>Gir verdifulle kampanjedata som klikkfrekvenser og konverteringer: Ved \u00e5 bruke lenkesporing i SMS-kampanjene dine f\u00e5r du verdifull innsikt i hvordan kampanjene fungerer n\u00e5r det gjelder klikkfrekvenser og konverteringer. Denne kunnskapen kan brukes til \u00e5 planlegge og optimalisere fremtidige kampanjer.<\/li>\n\n<li>Gir oversikt over avvisningsfrekvensen for kampanjer: Ved \u00e5 bruke avmeldingslenker kan du raskt se hvilke kampanjer mottakerne dine ikke liker. Denne kunnskapen kan brukes til \u00e5 optimalisere fremtidige kampanjer eller droppe dem som ikke fungerer godt. Med lenkesporing kan du se hvilke av SMS-kampanjene dine som fungerer bra, og hvilke som kanskje trenger mer arbeid i fremtiden.<\/li>\n<\/ol>\n\t<h2>Avslutt abonnement p\u00e5 SMS via lenke<\/h2>\n<p>Lenke i SMS kan ogs\u00e5 brukes hvis mottakerne \u00f8nsker \u00e5 melde seg av nyhetsbrevet ditt. Denne lenken legges automatisk inn hvis du krysser av for dette n\u00e5r du sender ut. Alt mottakeren trenger \u00e5 gj\u00f8re for \u00e5 melde seg av, er \u00e5 klikke p\u00e5 lenken.<\/p>\n\t<h4><strong>\u00a0Her kan du lese noen eksempler p\u00e5 hvordan kundene v\u00e5re bruker \"Group SMS\"-funksjonen i dag<\/strong><\/h4>\n\n<ul> \t\n<li>Et mellomstort transportselskap p\u00e5 Jylland bruker gruppe-SMS til \u00e5 sende ut arbeidsoppdrag til sj\u00e5f\u00f8rene sine. SMS-meldingene som sendes ut, inneholder logistikkinformasjon om varer, lokasjon og henting.<\/li>\n\n<li>Et nettspillselskap skaffer seg nye kunder ved \u00e5 sende gruppemeldinger med lenker til mulige nettspill til brukerne sine.<\/li>\n\n<li>P\u00e5 et dansk sykehus sender kantinesjefen jevnlig ut gruppemeldinger til de heldige ansatte om sosiale arrangementer og viktige hendelser: \"I dag er det kake i kantinen!\" eller \"I morgen feirer vi sommeren med fredagsgrill i g\u00e5rdsplassen!\"<\/li>\n<\/ul>","protected":false},"excerpt":{"rendered":"<p>SMS-lenke Videoer, PDF-filer, bilder og lenker kan alle inkluderes i en SMS-melding. Det er like enkelt som \u00e5 legge ved en fil n\u00e5r du sender en e-post. Med SureSMS f\u00e5r du en unik mulighet til \u00e5 sende lenker i SMS-meldingen din. Vi har laget v\u00e5r egen URL-forkortelse... <a title=\"SMS-lenke\" class=\"read-more\" href=\"https:\/\/suresms.com\/nb\/funktioner\/sms-link\/\" aria-label=\"Les mer om SMS-lenke\">Les mer om dette<\/a><\/p>","protected":false},"author":1,"featured_media":0,"parent":958,"menu_order":12,"comment_status":"closed","ping_status":"closed","template":"","meta":{"_fl_builder_enabled":"1","_fl_builder_data":null,"_fl_builder_draft":null,"_fl_builder_data_settings":null,"_fl_builder_css":"","_fl_builder_css_version":"","_fl_builder_js":"","footnotes":""},"categories":[17],"tags":[],"class_list":{"0":"post-16543","1":"page","2":"type-page","3":"status-publish","5":"category-linkfracornorstone"},"yoast_head":"<!-- This site is optimized with the Yoast SEO Premium plugin v27.3 (Yoast SEO v27.3) - https:\/\/yoast.com\/product\/yoast-seo-premium-wordpress\/ -->\r\n<title>SMS link - gratis konto<\/title>\r\n<meta name=\"description\" content=\"Du kan sende b\u00e5de sms links, billeder, videoer og lydfiler med vores SMS gateway. Uanede muligheder for rigt indhold.\" \/>\r\n<meta name=\"robots\" content=\"index, follow, max-snippet:-1, max-image-preview:large, max-video-preview:-1\" \/>\r\n<link rel=\"canonical\" href=\"https:\/\/suresms.com\/nb\/funksjoner\/sms-lenke\/\" \/>\r\n<meta property=\"og:locale\" content=\"nb_NO\" \/>\r\n<meta property=\"og:type\" content=\"article\" \/>\r\n<meta property=\"og:title\" content=\"SMS link\" \/>\r\n<meta property=\"og:description\" content=\"Du kan sende b\u00e5de sms links, billeder, videoer og lydfiler med vores SMS gateway. Uanede muligheder for rigt indhold.\" \/>\r\n<meta property=\"og:url\" content=\"https:\/\/suresms.com\/nb\/funksjoner\/sms-lenke\/\" \/>\r\n<meta property=\"article:publisher\" content=\"https:\/\/www.facebook.com\/p\/SureSMS-100044607956149\/\" \/>\r\n<meta property=\"article:modified_time\" content=\"2024-12-06T13:05:55+00:00\" \/>\r\n<meta property=\"og:image\" content=\"https:\/\/suresms.com\/wp-content\/uploads\/2023\/01\/Tilfoej-link-1.png\" \/>\r\n<meta name=\"twitter:card\" content=\"summary_large_image\" \/>\r\n<meta name=\"twitter:label1\" content=\"Ansl. lesetid\" \/>\n\t<meta name=\"twitter:data1\" content=\"5 minutter\" \/>\r\n<script type=\"application\/ld+json\" class=\"yoast-schema-graph\">{\"@context\":\"https:\\\/\\\/schema.org\",\"@graph\":[{\"@type\":\"WebPage\",\"@id\":\"https:\\\/\\\/suresms.com\\\/dk\\\/funktioner\\\/sms-link\\\/\",\"url\":\"https:\\\/\\\/suresms.com\\\/dk\\\/funktioner\\\/sms-link\\\/\",\"name\":\"SMS link - gratis konto\",\"isPartOf\":{\"@id\":\"https:\\\/\\\/suresms.com\\\/en\\\/#website\"},\"primaryImageOfPage\":{\"@id\":\"https:\\\/\\\/suresms.com\\\/dk\\\/funktioner\\\/sms-link\\\/#primaryimage\"},\"image\":{\"@id\":\"https:\\\/\\\/suresms.com\\\/dk\\\/funktioner\\\/sms-link\\\/#primaryimage\"},\"thumbnailUrl\":\"https:\\\/\\\/suresms.com\\\/wp-content\\\/uploads\\\/2023\\\/01\\\/Tilfoej-link-1.png\",\"datePublished\":\"2023-01-25T08:38:05+00:00\",\"dateModified\":\"2024-12-06T13:05:55+00:00\",\"description\":\"Du kan sende b\u00e5de sms links, billeder, videoer og lydfiler med vores SMS gateway. Uanede muligheder for rigt indhold.\",\"breadcrumb\":{\"@id\":\"https:\\\/\\\/suresms.com\\\/dk\\\/funktioner\\\/sms-link\\\/#breadcrumb\"},\"inLanguage\":\"nb-NO\",\"potentialAction\":[{\"@type\":\"ReadAction\",\"target\":[\"https:\\\/\\\/suresms.com\\\/dk\\\/funktioner\\\/sms-link\\\/\"]}]},{\"@type\":\"ImageObject\",\"inLanguage\":\"nb-NO\",\"@id\":\"https:\\\/\\\/suresms.com\\\/dk\\\/funktioner\\\/sms-link\\\/#primaryimage\",\"url\":\"https:\\\/\\\/suresms.com\\\/wp-content\\\/uploads\\\/2023\\\/01\\\/Tilfoej-link-1.png\",\"contentUrl\":\"https:\\\/\\\/suresms.com\\\/wp-content\\\/uploads\\\/2023\\\/01\\\/Tilfoej-link-1.png\"},{\"@type\":\"BreadcrumbList\",\"@id\":\"https:\\\/\\\/suresms.com\\\/dk\\\/funktioner\\\/sms-link\\\/#breadcrumb\",\"itemListElement\":[{\"@type\":\"ListItem\",\"position\":1,\"name\":\"Home\",\"item\":\"https:\\\/\\\/suresms.com\\\/dk\\\/\"},{\"@type\":\"ListItem\",\"position\":2,\"name\":\"Funktioner\",\"item\":\"https:\\\/\\\/suresms.com\\\/dk\\\/funktioner\\\/\"},{\"@type\":\"ListItem\",\"position\":3,\"name\":\"SMS link\"}]},{\"@type\":\"WebSite\",\"@id\":\"https:\\\/\\\/suresms.com\\\/en\\\/#website\",\"url\":\"https:\\\/\\\/suresms.com\\\/en\\\/\",\"name\":\"SureSMS\",\"description\":\"Professionel SMS Gateway\",\"publisher\":{\"@id\":\"https:\\\/\\\/suresms.com\\\/en\\\/#organization\"},\"potentialAction\":[{\"@type\":\"SearchAction\",\"target\":{\"@type\":\"EntryPoint\",\"urlTemplate\":\"https:\\\/\\\/suresms.com\\\/en\\\/?s={search_term_string}\"},\"query-input\":{\"@type\":\"PropertyValueSpecification\",\"valueRequired\":true,\"valueName\":\"search_term_string\"}}],\"inLanguage\":\"nb-NO\"},{\"@type\":\"Organization\",\"@id\":\"https:\\\/\\\/suresms.com\\\/en\\\/#organization\",\"name\":\"SureSMS\",\"url\":\"https:\\\/\\\/suresms.com\\\/en\\\/\",\"logo\":{\"@type\":\"ImageObject\",\"inLanguage\":\"nb-NO\",\"@id\":\"https:\\\/\\\/suresms.com\\\/en\\\/#\\\/schema\\\/logo\\\/image\\\/\",\"url\":\"https:\\\/\\\/suresms.com\\\/wp-content\\\/uploads\\\/2024\\\/11\\\/suresms-300x65-1.png\",\"contentUrl\":\"https:\\\/\\\/suresms.com\\\/wp-content\\\/uploads\\\/2024\\\/11\\\/suresms-300x65-1.png\",\"width\":300,\"height\":65,\"caption\":\"SureSMS\"},\"image\":{\"@id\":\"https:\\\/\\\/suresms.com\\\/en\\\/#\\\/schema\\\/logo\\\/image\\\/\"},\"sameAs\":[\"https:\\\/\\\/www.facebook.com\\\/p\\\/SureSMS-100044607956149\\\/\"]}]}<\/script>\r\n<!-- \/ Yoast SEO Premium plugin. -->","yoast_head_json":{"title":"SMS-lenke - gratis konto","description":"Du kan sende SMS-lenker, bilder, videoer og lydfiler med v\u00e5r SMS-gateway. Uendelige muligheter for rikt innhold.","robots":{"index":"index","follow":"follow","max-snippet":"max-snippet:-1","max-image-preview":"max-image-preview:large","max-video-preview":"max-video-preview:-1"},"canonical":"https:\/\/suresms.com\/nb\/funksjoner\/sms-lenke\/","og_locale":"nb_NO","og_type":"article","og_title":"SMS link","og_description":"Du kan sende b\u00e5de sms links, billeder, videoer og lydfiler med vores SMS gateway. Uanede muligheder for rigt indhold.","og_url":"https:\/\/suresms.com\/nb\/funksjoner\/sms-lenke\/","article_publisher":"https:\/\/www.facebook.com\/p\/SureSMS-100044607956149\/","article_modified_time":"2024-12-06T13:05:55+00:00","og_image":[{"url":"https:\/\/suresms.com\/wp-content\/uploads\/2023\/01\/Tilfoej-link-1.png","type":"","width":"","height":""}],"twitter_card":"summary_large_image","twitter_misc":{"Ansl. lesetid":"5 minutter"},"schema":{"@context":"https:\/\/schema.org","@graph":[{"@type":"WebPage","@id":"https:\/\/suresms.com\/dk\/funktioner\/sms-link\/","url":"https:\/\/suresms.com\/dk\/funktioner\/sms-link\/","name":"SMS-lenke - gratis konto","isPartOf":{"@id":"https:\/\/suresms.com\/en\/#website"},"primaryImageOfPage":{"@id":"https:\/\/suresms.com\/dk\/funktioner\/sms-link\/#primaryimage"},"image":{"@id":"https:\/\/suresms.com\/dk\/funktioner\/sms-link\/#primaryimage"},"thumbnailUrl":"https:\/\/suresms.com\/wp-content\/uploads\/2023\/01\/Tilfoej-link-1.png","datePublished":"2023-01-25T08:38:05+00:00","dateModified":"2024-12-06T13:05:55+00:00","description":"Du kan sende SMS-lenker, bilder, videoer og lydfiler med v\u00e5r SMS-gateway. Uendelige muligheter for rikt innhold.","breadcrumb":{"@id":"https:\/\/suresms.com\/dk\/funktioner\/sms-link\/#breadcrumb"},"inLanguage":"nb-NO","potentialAction":[{"@type":"ReadAction","target":["https:\/\/suresms.com\/dk\/funktioner\/sms-link\/"]}]},{"@type":"ImageObject","inLanguage":"nb-NO","@id":"https:\/\/suresms.com\/dk\/funktioner\/sms-link\/#primaryimage","url":"https:\/\/suresms.com\/wp-content\/uploads\/2023\/01\/Tilfoej-link-1.png","contentUrl":"https:\/\/suresms.com\/wp-content\/uploads\/2023\/01\/Tilfoej-link-1.png"},{"@type":"BreadcrumbList","@id":"https:\/\/suresms.com\/dk\/funktioner\/sms-link\/#breadcrumb","itemListElement":[{"@type":"ListItem","position":1,"name":"Home","item":"https:\/\/suresms.com\/dk\/"},{"@type":"ListItem","position":2,"name":"Funktioner","item":"https:\/\/suresms.com\/dk\/funktioner\/"},{"@type":"ListItem","position":3,"name":"SMS link"}]},{"@type":"WebSite","@id":"https:\/\/suresms.com\/en\/#website","url":"https:\/\/suresms.com\/en\/","name":"SureSMS","description":"Profesjonell SMS-gateway","publisher":{"@id":"https:\/\/suresms.com\/en\/#organization"},"potentialAction":[{"@type":"SearchAction","target":{"@type":"EntryPoint","urlTemplate":"https:\/\/suresms.com\/en\/?s={search_term_string}"},"query-input":{"@type":"PropertyValueSpecification","valueRequired":true,"valueName":"search_term_string"}}],"inLanguage":"nb-NO"},{"@type":"Organization","@id":"https:\/\/suresms.com\/en\/#organization","name":"SureSMS","url":"https:\/\/suresms.com\/en\/","logo":{"@type":"ImageObject","inLanguage":"nb-NO","@id":"https:\/\/suresms.com\/en\/#\/schema\/logo\/image\/","url":"https:\/\/suresms.com\/wp-content\/uploads\/2024\/11\/suresms-300x65-1.png","contentUrl":"https:\/\/suresms.com\/wp-content\/uploads\/2024\/11\/suresms-300x65-1.png","width":300,"height":65,"caption":"SureSMS"},"image":{"@id":"https:\/\/suresms.com\/en\/#\/schema\/logo\/image\/"},"sameAs":["https:\/\/www.facebook.com\/p\/SureSMS-100044607956149\/"]}]}},"_links":{"self":[{"href":"https:\/\/suresms.com\/nb\/wp-json\/wp\/v2\/pages\/16543","targetHints":{"allow":["GET"]}}],"collection":[{"href":"https:\/\/suresms.com\/nb\/wp-json\/wp\/v2\/pages"}],"about":[{"href":"https:\/\/suresms.com\/nb\/wp-json\/wp\/v2\/types\/page"}],"author":[{"embeddable":true,"href":"https:\/\/suresms.com\/nb\/wp-json\/wp\/v2\/users\/1"}],"replies":[{"embeddable":true,"href":"https:\/\/suresms.com\/nb\/wp-json\/wp\/v2\/comments?post=16543"}],"version-history":[{"count":2,"href":"https:\/\/suresms.com\/nb\/wp-json\/wp\/v2\/pages\/16543\/revisions"}],"predecessor-version":[{"id":19497,"href":"https:\/\/suresms.com\/nb\/wp-json\/wp\/v2\/pages\/16543\/revisions\/19497"}],"up":[{"embeddable":true,"href":"https:\/\/suresms.com\/nb\/wp-json\/wp\/v2\/pages\/958"}],"wp:attachment":[{"href":"https:\/\/suresms.com\/nb\/wp-json\/wp\/v2\/media?parent=16543"}],"wp:term":[{"taxonomy":"category","embeddable":true,"href":"https:\/\/suresms.com\/nb\/wp-json\/wp\/v2\/categories?post=16543"},{"taxonomy":"post_tag","embeddable":true,"href":"https:\/\/suresms.com\/nb\/wp-json\/wp\/v2\/tags?post=16543"}],"curies":[{"name":"wp","href":"https:\/\/api.w.org\/{rel}","templated":true}]}}