{"id":1654,"date":"2016-02-01T18:43:38","date_gmt":"2016-02-01T16:43:38","guid":{"rendered":"https:\/\/www.suresms.com\/dk\/?page_id=1654"},"modified":"2025-01-22T16:11:08","modified_gmt":"2025-01-22T16:11:08","slug":"grenutslipp","status":"publish","type":"page","link":"https:\/\/suresms.com\/nb\/branchelosninger\/","title":{"rendered":"Bransjel\u00f8sninger"},"content":{"rendered":"<h1>Bransjel\u00f8sninger - Premium SMS-l\u00f8sning for din virksomhet<\/h1>\n<p>Vi i SureSMS tilbyr fleksible og stabile SMS-l\u00f8sninger til mange bransjer og organisasjoner. For oss er samarbeidet med kundene v\u00e5re et partnerskap der vi tilpasser produkter og tjenester til deres behov, slik at vi sammen kan forbedre kommunikasjonen og konkurranseevnen deres.<\/p>\n<p>P\u00e5 denne siden har vi samlet noen av de bransjene og yrkesgruppene som bruker v\u00e5re nettbaserte SMS-tjenester. Finn inspirasjon til hvordan vi kan hjelpe din virksomhet.<\/p>\n<p>Les mer om fordeler og funksjoner p\u00e5 de enkelte sidene.<\/p>\n\t\t<h3><a href=\"https:\/\/suresms.com\/nb\/grenutslipp\/sms-for-servicebedrifter\/\" target=\"_self\">Tjenesteselskaper<\/a><\/h3>\n\t\t\t\t<a href=\"https:\/\/suresms.com\/nb\/grenutslipp\/sms-for-servicebedrifter\/\"  target=\"_self\" itemprop=\"url\">\n\t\t\t\t<img loading=\"lazy\" decoding=\"async\" src=\"https:\/\/suresms.com\/wp-content\/uploads\/2016\/06\/sms-til-service-snippet.jpg\" alt=\"SMS for servicebedrifter, bilservice, fris\u00f8rer og tannleger\" itemprop=\"image\" height=\"266\" width=\"400\" title=\"SMS for service\" onerror=\"this.style.display='none'\"  \/>\n\t\t\t\t<\/a>\n<a href=\"https:\/\/suresms.com\/nb\/grenutslipp\/sms-for-servicebedrifter\/\"  target=\"_self\">Om SMS for servicebedrifter<\/a>\t\n\t\t<h3><a href=\"https:\/\/suresms.com\/nb\/grenutslipp\/sms-for-transport-og-logistikkbedrifter\/\" target=\"_self\">Transportbransjen<\/a><\/h3>\n\t\t\t\t<a href=\"https:\/\/suresms.com\/nb\/grenutslipp\/sms-for-transport-og-logistikkbedrifter\/\"  target=\"_self\" itemprop=\"url\">\n\t\t\t\t<img loading=\"lazy\" decoding=\"async\" src=\"https:\/\/suresms.com\/wp-content\/uploads\/2016\/02\/SMS-til-Transport-snippet.jpg\" alt=\"SMS for transport- og logistikkbedrifter\" itemprop=\"image\" height=\"266\" width=\"400\" title=\"SMS til transportselskaper\" onerror=\"this.style.display='none'\"  \/>\n\t\t\t\t<\/a>\n<a href=\"https:\/\/suresms.com\/nb\/grenutslipp\/sms-for-transport-og-logistikkbedrifter\/\"  target=\"_self\">Les om SMS for transportbransjen<\/a>\t\n\t\t<h3><a href=\"https:\/\/suresms.com\/nb\/grenutslipp\/sms-for-bedrifter\/\" target=\"_self\">Butikker og bedrifter<\/a><\/h3>\n\t\t\t\t<a href=\"https:\/\/suresms.com\/nb\/grenutslipp\/sms-for-bedrifter\/\"  target=\"_self\" itemprop=\"url\">\n\t\t\t\t<img loading=\"lazy\" decoding=\"async\" src=\"https:\/\/suresms.com\/wp-content\/uploads\/2015\/02\/sms-til-butikker-snippet.jpg\" alt=\"SMS-kunder p\u00e5 nettet til butikker og forretninger\" itemprop=\"image\" height=\"267\" width=\"400\" title=\"SMS til butikker snippet\" onerror=\"this.style.display='none'\"  \/>\n\t\t\t\t<\/a>\n<a href=\"https:\/\/suresms.com\/nb\/grenutslipp\/sms-for-bedrifter\/\"  target=\"_self\">Les om SMS til butikker og butikker<\/a>\t\n\t\t<h3><a href=\"https:\/\/suresms.com\/nb\/grenutslipp\/sms-til-offentlige-institusjoner\/\" target=\"_self\">Offentlige institusjoner<\/a><\/h3>\n\t\t\t\t<a href=\"https:\/\/suresms.com\/nb\/grenutslipp\/sms-til-offentlige-institusjoner\/\"  target=\"_self\" itemprop=\"url\">\n\t\t\t\t<img loading=\"lazy\" decoding=\"async\" src=\"https:\/\/suresms.com\/wp-content\/uploads\/2016\/02\/sms-til-offentlige-snippet.jpg\" alt=\"SMS til offentlige institusjoner i stat og kommune\" itemprop=\"image\" height=\"266\" width=\"400\" title=\"SMS til offentlige institusjoner\" onerror=\"this.style.display='none'\"  \/>\n\t\t\t\t<\/a>\n<a href=\"https:\/\/suresms.com\/nb\/grenutslipp\/sms-til-offentlige-institusjoner\/\"  target=\"_self\">Les om SMS for offentlige institusjoner<\/a>\t\n\t\t<h3><a href=\"https:\/\/suresms.com\/nb\/grenutslipp\/sms-for-nettbaserte-virksomheter-og-nettjenester-2\/\" target=\"_self\">Nettbaserte virksomheter<\/a><\/h3>\n\t\t\t\t<a href=\"https:\/\/suresms.com\/nb\/grenutslipp\/sms-for-nettbaserte-virksomheter-og-nettjenester-2\/\"  target=\"_self\" itemprop=\"url\">\n\t\t\t\t<img loading=\"lazy\" decoding=\"async\" src=\"https:\/\/suresms.com\/wp-content\/uploads\/2016\/06\/SMS-til-butikker.jpg\" alt=\"SMS for nettbaserte virksomheter og nettjenester\" itemprop=\"image\" height=\"266\" width=\"400\" title=\"SMS for nettbaserte virksomheter og nettjenester\" onerror=\"this.style.display='none'\"  \/>\n\t\t\t\t<\/a>\n<a href=\"https:\/\/suresms.com\/nb\/grenutslipp\/sms-for-nettbaserte-virksomheter-og-nettjenester-2\/\"  target=\"_self\">Les om SMS for nettbaserte tjenester<\/a>\t\n\t\t<h3><a href=\"https:\/\/suresms.com\/nb\/grenutslipp\/sms-for-produksjonsbedrifter\/\" target=\"_self\">Produksjon og virksomhet<\/a><\/h3>\n\t\t\t\t<a href=\"https:\/\/suresms.com\/nb\/grenutslipp\/sms-for-produksjonsbedrifter\/\"  target=\"_self\" itemprop=\"url\">\n\t\t\t\t<img loading=\"lazy\" decoding=\"async\" src=\"https:\/\/suresms.com\/wp-content\/uploads\/2016\/06\/sms-til-produktionsvirksomheder-snippet.jpg\" alt=\"SMS for produksjons- og forretningsorganisasjoner\" itemprop=\"image\" height=\"266\" width=\"400\" title=\"SMS for produksjonsbedrifter\" onerror=\"this.style.display='none'\"  \/>\n\t\t\t\t<\/a>\n<a href=\"https:\/\/suresms.com\/nb\/grenutslipp\/sms-for-produksjonsbedrifter\/\"  target=\"_self\">Om SMS for Business &amp; Enterprise<\/a>\t\n\t\t<h3><a href=\"https:\/\/suresms.com\/nb\/grenutslipp\/sms-klubber\/\" target=\"_self\">Klubber og foreninger<\/a><\/h3>\n\t\t\t\t<a href=\"https:\/\/suresms.com\/nb\/grenutslipp\/sms-klubber\/\"  target=\"_self\" itemprop=\"url\">\n\t\t\t\t<img loading=\"lazy\" decoding=\"async\" src=\"https:\/\/suresms.com\/wp-content\/uploads\/2015\/02\/sms-til-klubber-snippet.jpg\" alt=\"send sms online klubber og foreninger\" itemprop=\"image\" height=\"266\" width=\"400\" title=\"SMS til klubber\" onerror=\"this.style.display='none'\"  \/>\n\t\t\t\t<\/a>\n<a href=\"https:\/\/suresms.com\/nb\/grenutslipp\/sms-klubber\/\"  target=\"_self\">Les om SMS for klubber og foreninger <\/a>\t\n\t\t<h3><a href=\"https:\/\/suresms.com\/nb\/grenutslipp\/noedmelding\/\" target=\"_self\">N\u00f8d-SMS for alle<\/a><\/h3>\n\t\t\t\t<a href=\"https:\/\/suresms.com\/nb\/grenutslipp\/noedmelding\/\"  target=\"_self\" itemprop=\"url\">\n\t\t\t\t<img loading=\"lazy\" decoding=\"async\" src=\"https:\/\/suresms.com\/wp-content\/uploads\/2023\/07\/Emergency-BW-1.png\" alt=\"N\u00f8d-SMS\" itemprop=\"image\" height=\"333\" width=\"500\" title=\"Emergency BW\" onerror=\"this.style.display='none'\"  \/>\n\t\t\t\t<\/a>\n<a href=\"https:\/\/suresms.com\/nb\/grenutslipp\/noedmelding\/\"  target=\"_self\">Les mer om v\u00e5r n\u00f8d-SMS<\/a>\t\n\t<h3>Send en SMS n\u00e5r det er nyheter p\u00e5 nettstedet ditt<\/h3>\n<p>Det er en nyttig funksjon for foreninger, n\u00e6ringslivsorganisasjoner og h\u00e5ndverkere, og det er b\u00e5de enkelt og billig \u00e5 sette opp. Med v\u00e5r SMS Gateway kan du velge om du vil sende en SMS til alle kunder eller bare til grupper av brukere. Via v\u00e5rt SureSMS API sendes SMS-en automatisk n\u00e5r du oppdaterer nettstedet ditt. Hvis du allerede har et nyhetsbrev eller en modul for utsendelse av nyhetsbrev, kan du bruke v\u00e5r email2sms-modul til \u00e5 sette det opp slik at brukerne dine mottar SMS-en fra nyhetsmodulen din.<\/p>\n<p><a href=\"https:\/\/suresms.com\/nb\/om-suresms\/suresms-stoette\/\">Ring supportteamet<\/a> for en prat. Vi hjelper deg gjerne med \u00e5 komme i gang med en l\u00f8sning som passer dine behov.<\/p>\n\t\t\t\t<a href=\"https:\/\/suresms.com\/nb\/om-suresms\/suresms-stoette\/\"  target=\"_self\" itemprop=\"url\">\n\t\t\t\t<img loading=\"lazy\" decoding=\"async\" src=\"https:\/\/suresms.com\/wp-content\/uploads\/bb-plugin\/cache\/Not-there1-panorama-46ce722cf3951d9002e2059616f3f7fe-.jpg\" alt=\"Hvilken nettbasert SMS-l\u00f8sning\" itemprop=\"image\" height=\"266\" width=\"500\" title=\"online sms-l\u00f8sning i tvil\" onerror=\"this.style.display='none'\"  \/>\n\t\t\t\t<\/a>\n<h3><a href=\"https:\/\/suresms.com\/nb\/om-suresms\/suresms-stoette\/\" target=\"_self\">Jeg er ikke der<\/a><\/h3>Jeg kan ikke se meg selv i boksene dine.<br \/>\nJeg trenger en SMS-l\u00f8sning som jeg ikke vet om dere tilbyr.\n<p>&nbsp;<\/p>\n<a title=\"SureSMS 24\/7 kundest\u00f8tte\" href=\"https:\/\/suresms.com\/nb\/om-suresms\/suresms-stoette\/\">Kontakt v\u00e5rt supportteam.<\/a> Vi har definitivt en l\u00f8sning for deg, og vi elsker utfordringer.<br \/>\nVi st\u00e5r klare med kunnskap, hjelp og gratis profesjonell r\u00e5dgivning syv dager i uken.\n\t\t\t\t<a href=\"https:\/\/suresms.com\/nb\/bestilling\/gratis-sms-testkonto\/\"  target=\"_self\" itemprop=\"url\">\n\t\t\t\t<img loading=\"lazy\" decoding=\"async\" src=\"https:\/\/suresms.com\/wp-content\/uploads\/bb-plugin\/cache\/test-stor-panorama-de3cf342ba8c1b45016354f59526e95d-.jpg\" alt=\"Gratis pr\u00f8vekonto for Sure SMS\" itemprop=\"image\" height=\"266\" width=\"500\" title=\"Opprett en gratis pr\u00f8vekonto for Sure SMS\" onerror=\"this.style.display='none'\"  \/>\n\t\t\t\t<\/a>\n<h3><a href=\"https:\/\/suresms.com\/nb\/bestilling\/gratis-sms-testkonto\/\" target=\"_self\">Opprett en gratis pr\u00f8vekonto N\u00c5!<\/a><\/h3>Du kan opprette en konto gratis og pr\u00f8ve systemet v\u00e5rt. F\u00f8lg lenken og f\u00e5 en testkonto inkludert 50 gratis SMS-er med en gang. Dette er en tjeneste fra SureSMS for deg uten \u00f8konomiske kostnader eller forpliktelser.<br \/>\nAv sikkerhetsgrunner sjekker vi hver konto manuelt, og det kan noen ganger oppst\u00e5 en kort ventetid. Vi ber om forst\u00e5else for dette.","protected":false},"excerpt":{"rendered":"<p>Bransjel\u00f8sninger - Premium SMS-l\u00f8sninger for din virksomhet Hos SureSMS tilbyr vi fleksible og stabile SMS-l\u00f8sninger for mange bransjer og organisasjoner. For oss er samarbeidet med kundene v\u00e5re et partnerskap der vi tilpasser produkter og tjenester til deres behov, slik at vi sammen kan forbedre deres kommunikasjon og konkurranseevne. P\u00e5 denne siden har vi samlet noen av ... <a title=\"Bransjel\u00f8sninger\" class=\"read-more\" href=\"https:\/\/suresms.com\/nb\/branchelosninger\/\" aria-label=\"Les mer om bransjel\u00f8sninger\">Les mer om dette<\/a><\/p>","protected":false},"author":1,"featured_media":0,"parent":0,"menu_order":7,"comment_status":"closed","ping_status":"closed","template":"","meta":{"_fl_builder_enabled":"1","_fl_builder_data":null,"_fl_builder_draft":null,"_fl_builder_data_settings":null,"_fl_builder_css":"","_fl_builder_css_version":"","_fl_builder_js":"","footnotes":""},"categories":[],"tags":[],"class_list":["post-1654","page","type-page","status-publish"],"yoast_head":"<!-- This site is optimized with the Yoast SEO Premium plugin v27.3 (Yoast SEO v27.3) - https:\/\/yoast.com\/product\/yoast-seo-premium-wordpress\/ -->\r\n<title>En SMS-l\u00f8sning til dig! SureSMS - Find din SMS-l\u00f8sning her<\/title>\r\n<meta name=\"description\" content=\"Find din SMS l\u00f8sning her! Hos SureSMS tager vi udgangspunkt i kunden. Bedste SMS l\u00f8sning til Transport virksomheder, offentlige institutioner og klubber.\" \/>\r\n<meta name=\"robots\" content=\"index, follow, max-snippet:-1, max-image-preview:large, max-video-preview:-1\" \/>\r\n<link rel=\"canonical\" href=\"https:\/\/suresms.com\/nb\/grenutslipp\/\" \/>\r\n<meta property=\"og:locale\" content=\"nb_NO\" \/>\r\n<meta property=\"og:type\" content=\"article\" \/>\r\n<meta property=\"og:title\" content=\"Branchel\u00f8sninger\" \/>\r\n<meta property=\"og:description\" content=\"Find din SMS l\u00f8sning her! Hos SureSMS tager vi udgangspunkt i kunden. Bedste SMS l\u00f8sning til Transport virksomheder, offentlige institutioner og klubber.\" \/>\r\n<meta property=\"og:url\" content=\"https:\/\/suresms.com\/nb\/grenutslipp\/\" \/>\r\n<meta property=\"article:publisher\" content=\"https:\/\/www.facebook.com\/p\/SureSMS-100044607956149\/\" \/>\r\n<meta property=\"article:modified_time\" content=\"2025-01-22T16:11:08+00:00\" \/>\r\n<meta property=\"og:image\" content=\"https:\/\/suresms.com\/wp-content\/uploads\/2016\/06\/sms-til-service-snippet.jpg\" \/>\r\n\t<meta property=\"og:image:width\" content=\"400\" \/>\r\n\t<meta property=\"og:image:height\" content=\"266\" \/>\r\n\t<meta property=\"og:image:type\" content=\"image\/jpeg\" \/>\r\n<meta name=\"twitter:card\" content=\"summary_large_image\" \/>\r\n<meta name=\"twitter:label1\" content=\"Ansl. lesetid\" \/>\n\t<meta name=\"twitter:data1\" content=\"9 minutter\" \/>\r\n<script type=\"application\/ld+json\" class=\"yoast-schema-graph\">{\"@context\":\"https:\\\/\\\/schema.org\",\"@graph\":[{\"@type\":\"WebPage\",\"@id\":\"https:\\\/\\\/suresms.com\\\/dk\\\/branchelosninger\\\/\",\"url\":\"https:\\\/\\\/suresms.com\\\/dk\\\/branchelosninger\\\/\",\"name\":\"En SMS-l\u00f8sning til dig! SureSMS - Find din SMS-l\u00f8sning her\",\"isPartOf\":{\"@id\":\"https:\\\/\\\/suresms.com\\\/en\\\/#website\"},\"primaryImageOfPage\":{\"@id\":\"https:\\\/\\\/suresms.com\\\/dk\\\/branchelosninger\\\/#primaryimage\"},\"image\":{\"@id\":\"https:\\\/\\\/suresms.com\\\/dk\\\/branchelosninger\\\/#primaryimage\"},\"thumbnailUrl\":\"https:\\\/\\\/suresms.com\\\/wp-content\\\/uploads\\\/2016\\\/06\\\/sms-til-service-snippet.jpg\",\"datePublished\":\"2016-02-01T16:43:38+00:00\",\"dateModified\":\"2025-01-22T16:11:08+00:00\",\"description\":\"Find din SMS l\u00f8sning her! Hos SureSMS tager vi udgangspunkt i kunden. Bedste SMS l\u00f8sning til Transport virksomheder, offentlige institutioner og klubber.\",\"breadcrumb\":{\"@id\":\"https:\\\/\\\/suresms.com\\\/dk\\\/branchelosninger\\\/#breadcrumb\"},\"inLanguage\":\"nb-NO\",\"potentialAction\":[{\"@type\":\"ReadAction\",\"target\":[\"https:\\\/\\\/suresms.com\\\/dk\\\/branchelosninger\\\/\"]}]},{\"@type\":\"ImageObject\",\"inLanguage\":\"nb-NO\",\"@id\":\"https:\\\/\\\/suresms.com\\\/dk\\\/branchelosninger\\\/#primaryimage\",\"url\":\"https:\\\/\\\/suresms.com\\\/wp-content\\\/uploads\\\/2016\\\/06\\\/sms-til-service-snippet.jpg\",\"contentUrl\":\"https:\\\/\\\/suresms.com\\\/wp-content\\\/uploads\\\/2016\\\/06\\\/sms-til-service-snippet.jpg\"},{\"@type\":\"BreadcrumbList\",\"@id\":\"https:\\\/\\\/suresms.com\\\/dk\\\/branchelosninger\\\/#breadcrumb\",\"itemListElement\":[{\"@type\":\"ListItem\",\"position\":1,\"name\":\"Home\",\"item\":\"https:\\\/\\\/suresms.com\\\/dk\\\/\"},{\"@type\":\"ListItem\",\"position\":2,\"name\":\"Branchel\u00f8sninger\"}]},{\"@type\":\"WebSite\",\"@id\":\"https:\\\/\\\/suresms.com\\\/en\\\/#website\",\"url\":\"https:\\\/\\\/suresms.com\\\/en\\\/\",\"name\":\"SureSMS\",\"description\":\"Professionel SMS Gateway\",\"publisher\":{\"@id\":\"https:\\\/\\\/suresms.com\\\/en\\\/#organization\"},\"potentialAction\":[{\"@type\":\"SearchAction\",\"target\":{\"@type\":\"EntryPoint\",\"urlTemplate\":\"https:\\\/\\\/suresms.com\\\/en\\\/?s={search_term_string}\"},\"query-input\":{\"@type\":\"PropertyValueSpecification\",\"valueRequired\":true,\"valueName\":\"search_term_string\"}}],\"inLanguage\":\"nb-NO\"},{\"@type\":\"Organization\",\"@id\":\"https:\\\/\\\/suresms.com\\\/en\\\/#organization\",\"name\":\"SureSMS\",\"url\":\"https:\\\/\\\/suresms.com\\\/en\\\/\",\"logo\":{\"@type\":\"ImageObject\",\"inLanguage\":\"nb-NO\",\"@id\":\"https:\\\/\\\/suresms.com\\\/en\\\/#\\\/schema\\\/logo\\\/image\\\/\",\"url\":\"https:\\\/\\\/suresms.com\\\/wp-content\\\/uploads\\\/2024\\\/11\\\/suresms-300x65-1.png\",\"contentUrl\":\"https:\\\/\\\/suresms.com\\\/wp-content\\\/uploads\\\/2024\\\/11\\\/suresms-300x65-1.png\",\"width\":300,\"height\":65,\"caption\":\"SureSMS\"},\"image\":{\"@id\":\"https:\\\/\\\/suresms.com\\\/en\\\/#\\\/schema\\\/logo\\\/image\\\/\"},\"sameAs\":[\"https:\\\/\\\/www.facebook.com\\\/p\\\/SureSMS-100044607956149\\\/\"]}]}<\/script>\r\n<!-- \/ Yoast SEO Premium plugin. -->","yoast_head_json":{"title":"En SMS-l\u00f8sning for deg! SureSMS - Finn din SMS-l\u00f8sning her","description":"Finn din SMS-l\u00f8sning her! Hos SureSMS tar vi utgangspunkt i kunden. Beste SMS-l\u00f8sning for transportselskaper, offentlige institusjoner og klubber.","robots":{"index":"index","follow":"follow","max-snippet":"max-snippet:-1","max-image-preview":"max-image-preview:large","max-video-preview":"max-video-preview:-1"},"canonical":"https:\/\/suresms.com\/nb\/grenutslipp\/","og_locale":"nb_NO","og_type":"article","og_title":"Branchel\u00f8sninger","og_description":"Find din SMS l\u00f8sning her! Hos SureSMS tager vi udgangspunkt i kunden. Bedste SMS l\u00f8sning til Transport virksomheder, offentlige institutioner og klubber.","og_url":"https:\/\/suresms.com\/nb\/grenutslipp\/","article_publisher":"https:\/\/www.facebook.com\/p\/SureSMS-100044607956149\/","article_modified_time":"2025-01-22T16:11:08+00:00","og_image":[{"width":400,"height":266,"url":"https:\/\/suresms.com\/wp-content\/uploads\/2016\/06\/sms-til-service-snippet.jpg","type":"image\/jpeg"}],"twitter_card":"summary_large_image","twitter_misc":{"Ansl. lesetid":"9 minutter"},"schema":{"@context":"https:\/\/schema.org","@graph":[{"@type":"WebPage","@id":"https:\/\/suresms.com\/dk\/branchelosninger\/","url":"https:\/\/suresms.com\/dk\/branchelosninger\/","name":"En SMS-l\u00f8sning for deg! SureSMS - Finn din SMS-l\u00f8sning her","isPartOf":{"@id":"https:\/\/suresms.com\/en\/#website"},"primaryImageOfPage":{"@id":"https:\/\/suresms.com\/dk\/branchelosninger\/#primaryimage"},"image":{"@id":"https:\/\/suresms.com\/dk\/branchelosninger\/#primaryimage"},"thumbnailUrl":"https:\/\/suresms.com\/wp-content\/uploads\/2016\/06\/sms-til-service-snippet.jpg","datePublished":"2016-02-01T16:43:38+00:00","dateModified":"2025-01-22T16:11:08+00:00","description":"Finn din SMS-l\u00f8sning her! Hos SureSMS tar vi utgangspunkt i kunden. Beste SMS-l\u00f8sning for transportselskaper, offentlige institusjoner og klubber.","breadcrumb":{"@id":"https:\/\/suresms.com\/dk\/branchelosninger\/#breadcrumb"},"inLanguage":"nb-NO","potentialAction":[{"@type":"ReadAction","target":["https:\/\/suresms.com\/dk\/branchelosninger\/"]}]},{"@type":"ImageObject","inLanguage":"nb-NO","@id":"https:\/\/suresms.com\/dk\/branchelosninger\/#primaryimage","url":"https:\/\/suresms.com\/wp-content\/uploads\/2016\/06\/sms-til-service-snippet.jpg","contentUrl":"https:\/\/suresms.com\/wp-content\/uploads\/2016\/06\/sms-til-service-snippet.jpg"},{"@type":"BreadcrumbList","@id":"https:\/\/suresms.com\/dk\/branchelosninger\/#breadcrumb","itemListElement":[{"@type":"ListItem","position":1,"name":"Home","item":"https:\/\/suresms.com\/dk\/"},{"@type":"ListItem","position":2,"name":"Branchel\u00f8sninger"}]},{"@type":"WebSite","@id":"https:\/\/suresms.com\/en\/#website","url":"https:\/\/suresms.com\/en\/","name":"SureSMS","description":"Profesjonell SMS-gateway","publisher":{"@id":"https:\/\/suresms.com\/en\/#organization"},"potentialAction":[{"@type":"SearchAction","target":{"@type":"EntryPoint","urlTemplate":"https:\/\/suresms.com\/en\/?s={search_term_string}"},"query-input":{"@type":"PropertyValueSpecification","valueRequired":true,"valueName":"search_term_string"}}],"inLanguage":"nb-NO"},{"@type":"Organization","@id":"https:\/\/suresms.com\/en\/#organization","name":"SureSMS","url":"https:\/\/suresms.com\/en\/","logo":{"@type":"ImageObject","inLanguage":"nb-NO","@id":"https:\/\/suresms.com\/en\/#\/schema\/logo\/image\/","url":"https:\/\/suresms.com\/wp-content\/uploads\/2024\/11\/suresms-300x65-1.png","contentUrl":"https:\/\/suresms.com\/wp-content\/uploads\/2024\/11\/suresms-300x65-1.png","width":300,"height":65,"caption":"SureSMS"},"image":{"@id":"https:\/\/suresms.com\/en\/#\/schema\/logo\/image\/"},"sameAs":["https:\/\/www.facebook.com\/p\/SureSMS-100044607956149\/"]}]}},"_links":{"self":[{"href":"https:\/\/suresms.com\/nb\/wp-json\/wp\/v2\/pages\/1654","targetHints":{"allow":["GET"]}}],"collection":[{"href":"https:\/\/suresms.com\/nb\/wp-json\/wp\/v2\/pages"}],"about":[{"href":"https:\/\/suresms.com\/nb\/wp-json\/wp\/v2\/types\/page"}],"author":[{"embeddable":true,"href":"https:\/\/suresms.com\/nb\/wp-json\/wp\/v2\/users\/1"}],"replies":[{"embeddable":true,"href":"https:\/\/suresms.com\/nb\/wp-json\/wp\/v2\/comments?post=1654"}],"version-history":[{"count":11,"href":"https:\/\/suresms.com\/nb\/wp-json\/wp\/v2\/pages\/1654\/revisions"}],"predecessor-version":[{"id":21943,"href":"https:\/\/suresms.com\/nb\/wp-json\/wp\/v2\/pages\/1654\/revisions\/21943"}],"wp:attachment":[{"href":"https:\/\/suresms.com\/nb\/wp-json\/wp\/v2\/media?parent=1654"}],"wp:term":[{"taxonomy":"category","embeddable":true,"href":"https:\/\/suresms.com\/nb\/wp-json\/wp\/v2\/categories?post=1654"},{"taxonomy":"post_tag","embeddable":true,"href":"https:\/\/suresms.com\/nb\/wp-json\/wp\/v2\/tags?post=1654"}],"curies":[{"name":"wp","href":"https:\/\/api.w.org\/{rel}","templated":true}]}}