{"id":16272,"date":"2022-11-25T16:09:25","date_gmt":"2022-11-25T14:09:25","guid":{"rendered":"https:\/\/www.suresms.com\/dk\/?page_id=16272"},"modified":"2026-02-25T14:22:47","modified_gmt":"2026-02-25T14:22:47","slug":"fysisk-adgangskontroll","status":"publish","type":"page","link":"https:\/\/suresms.com\/nb\/integrationer\/fysisk-adgangs-kontrol\/","title":{"rendered":"SMS-integrasjon for fysiske produkter"},"content":{"rendered":"<!-- Flexy Breadcrumb -->\r\n\t\t\t<div class=\"fbc fbc-page\">\r\n\r\n\t\t\t\t<!-- Breadcrumb wrapper -->\r\n\t\t\t\t<div class=\"fbc-wrap\">\r\n\r\n\t\t\t\t\t<!-- Ordered list-->\r\n\t\t\t\t\t<ol class=\"fbc-items\" itemscope itemtype=\"https:\/\/schema.org\/BreadcrumbList\">\r\n\t\t\t\t\t\t            <li itemprop=\"itemListElement\" itemscope itemtype=\"https:\/\/schema.org\/ListItem\">\r\n                <span itemprop=\"name\">\r\n                    <!-- Home Link -->\r\n                    <a itemprop=\"item\" href=\"https:\/\/suresms.com\/nb\/\">\r\n                    \r\n                                                    <i class=\"fa fa-home\" aria-hidden=\"true\"><\/i>Hjem                    <\/a>\r\n                <\/span>\r\n                <meta itemprop=\"position\" content=\"1\" \/><!-- Meta Position-->\r\n             <\/li><li><span class=\"fbc-separator\">\/<\/span><\/li><li class=\"active\" itemprop=\"itemListElement\" itemscope itemtype=\"https:\/\/schema.org\/ListItem\"><span itemprop=\"name\" title=\"SMS-integrasjon for fysiske produkter\">SMS-integrasjon for fysisk...<\/span><meta itemprop=\"position\" content=\"2\" \/><\/li>\t\t\t\t\t<\/ol>\r\n\t\t\t\t\t<div class=\"clearfix\"><\/div>\r\n\t\t\t\t<\/div>\r\n\t\t\t<\/div>\r\n\t\t\t\n\t\t<h1>Gj\u00f8r butikken din ubemannet<\/h1>\n\t<h3>Med SMS-integrasjon til f.eks. butikkd\u00f8ren, et toalett eller en idrettshall kan kundene betjene seg selv utenom \u00e5pningstidene.\nMulighet for \u00e5 begrense tilgangen etter tid og telefonnummer. Legg til ekstra sikkerhet med MitID eller ta betaling via Mobilepay.<\/h3>\n\t\t<h3>Kundene kan komme til butikken din n\u00e5r det passer dem<\/h3><ul>\n<li>\n<ul>\n<li>\u00d8k inntektene med lengre \u00e5pningstider<\/li>\n<\/ul>\n<\/li>\n<\/ul>\n<ul>\n<li>\n<ul>\n<li>Forbedre kundeservicen og f\u00e5 mer lojale kunder<\/li>\n<li>Se hvilke kunder som har bes\u00f8kt butikken din<\/li>\n<\/ul>\n<\/li>\n<\/ul>\n<p>&nbsp;<\/p>\n<figure itemscope itemtype=\"https:\/\/schema.org\/ImageObject\">\n\t\t\t\t<img decoding=\"async\" src=\"https:\/\/suresms.com\/wp-content\/uploads\/2022\/11\/Keypad-fritlagt-lille-1.png\" alt=\"Salto tastatur c1000 med mitID\" height=\"525\" width=\"600\" title=\"Eksponert tastatur - liten\" onerror=\"this.style.display='none'\" loading=\"lazy\" \/>\n\t<\/figure>\n<figure itemscope itemtype=\"https:\/\/schema.org\/ImageObject\">\n\t\t\t\t<img decoding=\"async\" src=\"https:\/\/suresms.com\/wp-content\/uploads\/2026\/02\/Ubemandet-illustration-01-1.png\" alt=\"Ubemannet illustrasjon - 01\" height=\"413\" width=\"998\" title=\"Ubemannet illustrasjon - 01\" onerror=\"this.style.display='none'\" loading=\"lazy\" \/>\n\t<\/figure>\n\t<h2>Tre enkle trinn<\/h2>\n<ul>\n<li>Kunden skanner en QR-kode, og SMS-appen \u00e5pnes med en forh\u00e5ndsutfylt melding<\/li>\n<li>Kunden sender SMS-meldingen med ett enkelt klikk p\u00e5 Send<\/li>\n<li>Kunden mottar SMS med PIN-kode<\/li>\n<li>Kunden taster inn PIN-koden p\u00e5 tastaturet, og d\u00f8ren \u00e5pnes<\/li>\n<\/ul>\n<p>Ganske enkelt.<\/p>\n\t<h3>Blomsterbutikker...<\/h3>\n<p>&nbsp;<\/p>\n<figure itemscope itemtype=\"https:\/\/schema.org\/ImageObject\">\n\t\t\t\t<img decoding=\"async\" src=\"https:\/\/suresms.com\/wp-content\/uploads\/2026\/02\/Butik-Blomster.png\" alt=\"Handle blomster\" height=\"200\" width=\"200\" title=\"Handle blomster\" onerror=\"this.style.display='none'\" loading=\"lazy\" \/>\n\t<\/figure>\n\t<h3>Fiskehandlere<\/h3>\n<p>&nbsp;<\/p>\n<figure itemscope itemtype=\"https:\/\/schema.org\/ImageObject\">\n\t\t\t\t<img decoding=\"async\" src=\"https:\/\/suresms.com\/wp-content\/uploads\/2026\/02\/Butik-Fiskehandler.png\" alt=\"Butikk Fiskehandler\" height=\"201\" width=\"200\" title=\"Butikk Fiskehandler\" onerror=\"this.style.display='none'\" loading=\"lazy\" \/>\n\t<\/figure>\n\t<h3>Gjenbruksbutikker<\/h3>\n<p>&nbsp;<\/p>\n<figure itemscope itemtype=\"https:\/\/schema.org\/ImageObject\">\n\t\t\t\t<img decoding=\"async\" src=\"https:\/\/suresms.com\/wp-content\/uploads\/2026\/02\/Butik-Toejbutik.png\" alt=\"Butikk - klesbutikk\" height=\"201\" width=\"200\" title=\"Butikk - klesbutikk\" onerror=\"this.style.display='none'\" loading=\"lazy\" \/>\n\t<\/figure>\n\t<h3>Butikken din?<\/h3>\n<figure itemscope itemtype=\"https:\/\/schema.org\/ImageObject\">\n\t\t\t\t<img decoding=\"async\" src=\"https:\/\/suresms.com\/wp-content\/uploads\/2026\/02\/Butik-DinButik.png\" alt=\"Butikk-din-butikk\" height=\"200\" width=\"200\" title=\"Butikk-din-butikk\" onerror=\"this.style.display='none'\" loading=\"lazy\" \/>\n\t<\/figure>\n\t<h2>Ekstra alternativer - \u00f8kt sikkerhet for deg<\/h2>\n<p>Hvis du trenger ekstra sikkerhet, slik at du vet n\u00f8yaktig hvem som kommer inn i butikken din, har vi moduler som kan \u00f8ke sikkerheten. Du kan blant annet velge:<\/p>\n\t\t<h3>Tidsinnstilling<\/h3><p>Hvis du ikke \u00f8nsker \u00e5 utvide \u00e5pningstidene til hele dagen, men bare i noen timer f\u00f8r og etter at personalet er til stede, kan dette gj\u00f8res med tidsinnstilling. Du kan sette opp systemet slik at det kun utsteder koder til d\u00f8ren i bestemte perioder.<\/p>\n\t<figure itemscope itemtype=\"https:\/\/schema.org\/ImageObject\">\n\t\t\t\t<img decoding=\"async\" src=\"https:\/\/suresms.com\/wp-content\/uploads\/2026\/02\/Smartwatch-100x126-1.png\" alt=\"Smartklokke - 100x126\" height=\"126\" width=\"100\" title=\"Smartklokke - 100x126\" onerror=\"this.style.display='none'\" loading=\"lazy\" \/>\n\t<\/figure>\n\t\t<h3>MitID<\/h3><p>Den sterkeste sikkerheten er med MitID-autentisering. I prosessen blir kunden bedt om \u00e5 logge seg p\u00e5 MitID p\u00e5 telefonen sin, og CPR-nummeret lagres p\u00e5 kunden. P\u00e5 denne m\u00e5ten kan du v\u00e6re helt sikker p\u00e5 hvem som g\u00e5r inn i butikken din.<\/p>\n\t<figure itemscope itemtype=\"https:\/\/schema.org\/ImageObject\">\n\t\t\t\t<img decoding=\"async\" src=\"https:\/\/suresms.com\/wp-content\/uploads\/2026\/02\/Mitid-100x100-1.png\" alt=\"Mitid - 100x100\" height=\"100\" width=\"100\" title=\"Mitid - 100x100\" onerror=\"this.style.display='none'\" loading=\"lazy\" \/>\n\t<\/figure>\n\t\t<h3>Godkjente tall<\/h3><p>Du kan opprette lister over numre som kan motta en kode. Hvis du for eksempel har en liste over medlemmer eller faste kunder, kan du laste opp denne listen og s\u00f8rge for at bare personer p\u00e5 listen kan motta en kode.<\/p>\n\t<figure itemscope itemtype=\"https:\/\/schema.org\/ImageObject\">\n\t\t\t\t<img decoding=\"async\" src=\"https:\/\/suresms.com\/wp-content\/uploads\/2026\/02\/Godkendte-numre-100x100-1.png\" alt=\"Godkjente tall - 100x100\" height=\"100\" width=\"100\" title=\"Godkjente tall - 100x100\" onerror=\"this.style.display='none'\" loading=\"lazy\" \/>\n\t<\/figure>\n\t\t<h3>Overv\u00e5king og varsling<\/h3><p>Du mottar en SMS n\u00e5r noen kommer inn i butikken. Kombiner dette med videooverv\u00e5king, og du kan se hva som skjer i butikken mens det skjer.<\/p>\n\t<figure itemscope itemtype=\"https:\/\/schema.org\/ImageObject\">\n\t\t\t\t<img decoding=\"async\" src=\"https:\/\/suresms.com\/wp-content\/uploads\/2026\/02\/Overvaagning-og-advisering-100x100-1.png\" alt=\"Overv\u00e5king og varsling - 100x100\" height=\"100\" width=\"100\" title=\"Overv\u00e5king og varsling - 100x100\" onerror=\"this.style.display='none'\" loading=\"lazy\" \/>\n\t<\/figure>\n\t\t<h3>Kom i gang<\/h3><p>Denne l\u00f8sningen er en kombinasjon av programvare og maskinvare. SureSMS har utviklet en programvareplattform som st\u00f8tter Conlan C1000LP-tastaturet.<\/p>\n<p>Det betyr at du m\u00e5 ha b\u00e5de et tastatur og en d\u00f8rl\u00e5s i butikken, men ogs\u00e5 en konto p\u00e5 SureSMS for \u00e5 f\u00e5 fullt utbytte av l\u00f8sningen.<\/p>\n<p>Vi leverer bare programvaren, s\u00e5 du trenger en l\u00e5sesmed til \u00e5 hjelpe deg med \u00e5 sette den opp.<\/p>\n<p>Nedenfor finner du en liste over l\u00e5sesmeder som har installert en l\u00f8sning f\u00f8r, og som kan hjelpe deg i gang.<\/p>\n<p>&nbsp;<\/p>\n\t\t\t\t<table>\n\t\t\t\t\t<thead>\n\t\t\t\t\t\t\t\t\t\t\t\t\t\t<tr>\n\t\t\t\t\t\t\t\t\t\t\t\t\t\t\t<th rowspan=\"\" colspan=\"\">\n\t\t\t\t\t\t\t\t\t\t Selskapets navn \n\t\t\t\t\t\t\t\t\t\t\t\t\t\t\t\t\t<\/th>\n\t\t\t\t\t\t\t\t\t\t\t\t\t\t<th rowspan=\"\" colspan=\"\">\n\t\t\t\t\t\t\t\t\t\t Omr\u00e5de av interesse \n\t\t\t\t\t\t\t\t\t\t\t\t\t\t\t\t\t<\/th>\n\t\t\t\t\t\t\t\t\t\t\t\t\t\t<th rowspan=\"\" colspan=\"\">\n\t\t\t\t\t\t\t\t\t\t Hjemmeside \n\t\t\t\t\t\t\t\t\t\t\t\t\t\t\t\t\t<\/th>\n\t\t\t\t\t\t\t\t\t\t\t<\/tr><\/thead>\n\t\t\t\t\t<tbody>\n\t\t\t\t\t\t\t\t\t\t\t\t\t\t\t<tr>\n\t\t\t\t\t\t\t\t\t\t\t\t\t\t\t\t\t\t\t\t<td colspan=\"\" rowspan=\"\">\n\t\t\t\t\t\t\t\t\t\t\t\t\t\t\t SP Sikring \n\t\t\t\t\t\t\t\t\t\t\t\t\t\t\t\t\t\t\t\t\t\t\t\t<\/td>\n\t\t\t\t\t\t\t\t\t\t\t\t\t\t\t\t<td colspan=\"\" rowspan=\"\">\n\t\t\t\t\t\t\t\t\t\t\t\t\t\t\t\t\t\t\t\t\t\t\t Nord- og Midt-Jylland \n\t\t\t\t\t\t\t\t\t\t\t\t\t\t\t\t\t\t\t\t\t\t\t<\/td>\n\t\t\t\t\t\t\t\t\t\t\t\t\t\t\t\t<td colspan=\"\" rowspan=\"\">\n\t\t\t\t\t\t\t\t\t\t\t\t\t<a href=\"https:\/\/spst.dk\/\" target=\"_self\">\n\t\t\t\t\t\t\t\t\t\t\t\t\t\t <blockquote class=\"wp-embedded-content\" data-secret=\"ewV3eMWptK\"><a href=\"https:\/\/spst.dk\/\">Startside<\/a><\/blockquote><iframe loading=\"lazy\" class=\"wp-embedded-content\" sandbox=\"allow-scripts\" security=\"restricted\" style=\"position: absolute; visibility: hidden;\" title=\"\u201cHjem\u201d - SP Sikring &amp; El-Teknik ApS\" src=\"https:\/\/spst.dk\/embed\/#?secret=IlC3UvtDzb#?secret=ewV3eMWptK\" data-secret=\"ewV3eMWptK\" width=\"600\" height=\"338\" frameborder=\"0\" marginwidth=\"0\" marginheight=\"0\" scrolling=\"no\"><\/iframe> \n\t\t\t\t\t\t\t\t\t\t\t\t\t\t\t\t\t\t\t\t\t\t\t\t\t\t\t<\/a>\n\t\t\t\t\t\t\t\t\t\t\t\t\t\t\t\t\t\t\t<\/td>\n\t\t\t\t\t\t\t\t\t\t\t\t\t\t\t<\/tr><tr>\n\t\t\t\t\t\t\t\t\t\t\t\t\t\t\t\t\t\t\t\t<td colspan=\"\" rowspan=\"\">\n\t\t\t\t\t\t\t\t\t\t\t\t\t\t\t\t\t\t\t\t\t\t\t Lock.com \n\t\t\t\t\t\t\t\t\t\t\t\t\t\t\t\t\t\t\t\t\t\t\t<\/td>\n\t\t\t\t\t\t\t\t\t\t\t\t\t\t\t\t<td colspan=\"\" rowspan=\"\">\n\t\t\t\t\t\t\t\t\t\t\t\t\t\t\t\t\t\t\t\t\t\t\t Fyn og trekantomr\u00e5det \n\t\t\t\t\t\t\t\t\t\t\t\t\t\t\t\t\t\t\t\t\t\t\t<\/td>\n\t\t\t\t\t\t\t\t\t\t\t\t\t\t\t\t<td colspan=\"\" rowspan=\"\">\n\t\t\t\t\t\t\t\t\t\t\t\t\t<a href=\"https:\/\/laas.dk\" target=\"_self\">\n\t\t\t\t\t\t\t\t\t\t\t\t\t\t https:\/\/laas.dk \n\t\t\t\t\t\t\t\t\t\t\t\t\t\t\t\t\t\t\t\t\t\t\t\t\t\t\t<\/a>\n\t\t\t\t\t\t\t\t\t\t\t\t\t\t\t\t\t\t\t<\/td>\n\t\t\t\t\t\t\t\t\t\t\t\t\t\t\t<\/tr><tr>\n\t\t\t\t\t\t\t\t\t\t\t\t\t\t\t\t\t\t\t\t<td colspan=\"\" rowspan=\"\">\n\t\t\t\t\t\t\t\t\t\t\t\t\t\t\t\t\t\t\t\t\t\t\t Baggerl\u00e5ser \n\t\t\t\t\t\t\t\t\t\t\t\t\t\t\t\t\t\t\t\t\t\t\t<\/td>\n\t\t\t\t\t\t\t\t\t\t\t\t\t\t\t\t<td colspan=\"\" rowspan=\"\">\n\t\t\t\t\t\t\t\t\t\t\t\t\t\t\t\t\t\t\t\t\t\t\t Sj\u00e6lland og \u00f8yene \n\t\t\t\t\t\t\t\t\t\t\t\t\t\t\t\t\t\t\t\t\t\t\t<\/td>\n\t\t\t\t\t\t\t\t\t\t\t\t\t\t\t\t<td colspan=\"\" rowspan=\"\">\n\t\t\t\t\t\t\t\t\t\t\t\t\t<a href=\"https:\/\/bagger-laase.dk\" target=\"_self\">\n\t\t\t\t\t\t\t\t\t\t\t\t\t\t <blockquote class=\"wp-embedded-content\" data-secret=\"aBOeeiGcCw\"><a href=\"https:\/\/bagger-laase.dk\/\">Startside<\/a><\/blockquote><iframe loading=\"lazy\" class=\"wp-embedded-content\" sandbox=\"allow-scripts\" security=\"restricted\" style=\"position: absolute; visibility: hidden;\" title=\"\u201cHjem\u201d - Bagger L\u00e5se &amp; Alarm A\/S\" src=\"https:\/\/bagger-laase.dk\/embed#?secret=7rj7TFzG10#?secret=aBOeeiGcCw\" data-secret=\"aBOeeiGcCw\" width=\"600\" height=\"338\" frameborder=\"0\" marginwidth=\"0\" marginheight=\"0\" scrolling=\"no\"><\/iframe> \n\t\t\t\t\t\t\t\t\t\t\t\t\t\t\t\t\t\t\t\t\t\t\t\t\t\t\t<\/a>\n\t\t\t\t\t\t\t\t\t\t\t\t\t\t\t\t\t\t\t<\/td>\n\t\t\t\t\t\t\t\t\t\t\t<\/tr><\/tbody>\n\t\t\t\t<\/table>\n\t\t\t\t\t\t\t\t\t\t<h4 tabindex=\"0\">Hvor mye koster det?<\/h4>\n\t\t\t\t\t<p>Dessverre er det vanskelig \u00e5 si hva det koster fra start til slutt. Vi kan imidlertid si at et tastatur og sluttstykke vanligvis koster rundt 2 000 danske kroner. Montering av l\u00e5sesmeden avhenger mye av hvor den skal installeres.\u00a0<\/p>\n<p>Prisen for programvaren er 950,- for registrering og 99,- per m\u00e5ned. I tillegg koster det 31 \u00f8re per kode som sendes (1 DKK hvis du bruker MitID)<\/p>\n\t\t<h3>Veiledning<\/h3><p>Her finner du instruksjonene for Conlan-tastaturet<\/p>\n<p><a href=\"https:\/\/www.conlan.eu\/download\/doc\/en\/Stand-Alone\/C1000LP-Manual.pdf\">Conlan C1000LP - Bruksanvisning<\/a> - oppdatert p\u00e5 Conlans nettsted.<\/p>\n<p>Men vi har ogs\u00e5 v\u00e5rt eget lokale eksemplar liggende <a href=\"https:\/\/suresms.com\/wp-content\/uploads\/2026\/01\/C1000LP-Manual.pdf\">her<\/a>, hvis Conlans dokumentasjon ikke finnes.<\/p>\n<p>Du kan laste ned veiledningen for \u00e5 sette opp <a href=\"https:\/\/suresms.com\/wp-content\/uploads\/2026\/01\/Vejledning-i-opsaetning-af-Conlan-NemID-doer.pdf\">SureSMS her.<\/a><\/p>","protected":false},"excerpt":{"rendered":"<p>Gj\u00f8r butikken din ubemannet Med SMS-integrasjon til f.eks. butikkd\u00f8ren, et toalett eller en idrettshall kan kundene betjene seg selv utenom \u00e5pningstidene. Mulighet for \u00e5 begrense tilgangen etter tid og telefonnummer. Legg til ekstra sikkerhet med MyID eller ta betaling via Mobilepay. Kundene kan komme til butikken din n\u00e5r det passer dem \u00d8ke omsetningen med... <a title=\"SMS-integrasjon for fysiske produkter\" class=\"read-more\" href=\"https:\/\/suresms.com\/nb\/integrationer\/fysisk-adgangs-kontrol\/\" aria-label=\"Les mer om SMS-integrasjon for fysiske produkter\">Les mer om dette<\/a><\/p>","protected":false},"author":1,"featured_media":0,"parent":9400,"menu_order":1,"comment_status":"closed","ping_status":"closed","template":"","meta":{"_fl_builder_enabled":"1","_fl_builder_data":null,"_fl_builder_draft":null,"_fl_builder_data_settings":null,"_fl_builder_css":"","_fl_builder_css_version":"","_fl_builder_js":"","footnotes":""},"categories":[],"tags":[],"class_list":["post-16272","page","type-page","status-publish"],"yoast_head":"<!-- This site is optimized with the Yoast SEO Premium plugin v27.3 (Yoast SEO v27.3) - https:\/\/yoast.com\/product\/yoast-seo-premium-wordpress\/ -->\r\n<title>SMS integration til fysiske produkter - SMS integrationer til 2000+ systemer<\/title>\r\n<meta name=\"description\" content=\"SMS integrationer med 2000+ systemer. Mange forskellige muligheder og gratis ops\u00e6tning. API, webservice, JSON og meget mere\" \/>\r\n<meta name=\"robots\" content=\"index, follow, max-snippet:-1, max-image-preview:large, max-video-preview:-1\" \/>\r\n<link rel=\"canonical\" href=\"https:\/\/suresms.com\/nb\/integrasjoner\/fysisk-adgangskontroll\/\" \/>\r\n<meta property=\"og:locale\" content=\"nb_NO\" \/>\r\n<meta property=\"og:type\" content=\"article\" \/>\r\n<meta property=\"og:title\" content=\"SMS integration til fysiske produkter\" \/>\r\n<meta property=\"og:description\" content=\"SMS integrationer med 2000+ systemer. Mange forskellige muligheder og gratis ops\u00e6tning. API, webservice, JSON og meget mere\" \/>\r\n<meta property=\"og:url\" content=\"https:\/\/suresms.com\/nb\/integrasjoner\/fysisk-adgangskontroll\/\" \/>\r\n<meta property=\"article:publisher\" content=\"https:\/\/www.facebook.com\/p\/SureSMS-100044607956149\/\" \/>\r\n<meta property=\"article:modified_time\" content=\"2026-02-25T14:22:47+00:00\" \/>\r\n<meta property=\"og:image\" content=\"https:\/\/suresms.com\/wp-content\/uploads\/2022\/11\/Keypad-fritlagt-lille-1.png\" \/>\r\n<meta name=\"twitter:card\" content=\"summary_large_image\" \/>\r\n<meta name=\"twitter:label1\" content=\"Ansl. lesetid\" \/>\n\t<meta name=\"twitter:data1\" content=\"5 minutter\" \/>\r\n<script type=\"application\/ld+json\" class=\"yoast-schema-graph\">{\"@context\":\"https:\\\/\\\/schema.org\",\"@graph\":[{\"@type\":\"WebPage\",\"@id\":\"https:\\\/\\\/suresms.com\\\/dk\\\/integrationer\\\/fysisk-adgangs-kontrol\\\/\",\"url\":\"https:\\\/\\\/suresms.com\\\/dk\\\/integrationer\\\/fysisk-adgangs-kontrol\\\/\",\"name\":\"SMS integration til fysiske produkter - SMS integrationer til 2000+ systemer\",\"isPartOf\":{\"@id\":\"https:\\\/\\\/suresms.com\\\/en\\\/#website\"},\"primaryImageOfPage\":{\"@id\":\"https:\\\/\\\/suresms.com\\\/dk\\\/integrationer\\\/fysisk-adgangs-kontrol\\\/#primaryimage\"},\"image\":{\"@id\":\"https:\\\/\\\/suresms.com\\\/dk\\\/integrationer\\\/fysisk-adgangs-kontrol\\\/#primaryimage\"},\"thumbnailUrl\":\"https:\\\/\\\/suresms.com\\\/wp-content\\\/uploads\\\/2022\\\/11\\\/Keypad-fritlagt-lille-1.png\",\"datePublished\":\"2022-11-25T14:09:25+00:00\",\"dateModified\":\"2026-02-25T14:22:47+00:00\",\"description\":\"SMS integrationer med 2000+ systemer. Mange forskellige muligheder og gratis ops\u00e6tning. API, webservice, JSON og meget mere\",\"breadcrumb\":{\"@id\":\"https:\\\/\\\/suresms.com\\\/dk\\\/integrationer\\\/fysisk-adgangs-kontrol\\\/#breadcrumb\"},\"inLanguage\":\"nb-NO\",\"potentialAction\":[{\"@type\":\"ReadAction\",\"target\":[\"https:\\\/\\\/suresms.com\\\/dk\\\/integrationer\\\/fysisk-adgangs-kontrol\\\/\"]}]},{\"@type\":\"ImageObject\",\"inLanguage\":\"nb-NO\",\"@id\":\"https:\\\/\\\/suresms.com\\\/dk\\\/integrationer\\\/fysisk-adgangs-kontrol\\\/#primaryimage\",\"url\":\"https:\\\/\\\/suresms.com\\\/wp-content\\\/uploads\\\/2022\\\/11\\\/Keypad-fritlagt-lille-1.png\",\"contentUrl\":\"https:\\\/\\\/suresms.com\\\/wp-content\\\/uploads\\\/2022\\\/11\\\/Keypad-fritlagt-lille-1.png\"},{\"@type\":\"BreadcrumbList\",\"@id\":\"https:\\\/\\\/suresms.com\\\/dk\\\/integrationer\\\/fysisk-adgangs-kontrol\\\/#breadcrumb\",\"itemListElement\":[{\"@type\":\"ListItem\",\"position\":1,\"name\":\"Home\",\"item\":\"https:\\\/\\\/suresms.com\\\/dk\\\/\"},{\"@type\":\"ListItem\",\"position\":2,\"name\":\"Integrationer\",\"item\":\"https:\\\/\\\/suresms.com\\\/dk\\\/integrationer\\\/\"},{\"@type\":\"ListItem\",\"position\":3,\"name\":\"SMS integration til fysiske produkter\"}]},{\"@type\":\"WebSite\",\"@id\":\"https:\\\/\\\/suresms.com\\\/en\\\/#website\",\"url\":\"https:\\\/\\\/suresms.com\\\/en\\\/\",\"name\":\"SureSMS\",\"description\":\"Professionel SMS Gateway\",\"publisher\":{\"@id\":\"https:\\\/\\\/suresms.com\\\/en\\\/#organization\"},\"potentialAction\":[{\"@type\":\"SearchAction\",\"target\":{\"@type\":\"EntryPoint\",\"urlTemplate\":\"https:\\\/\\\/suresms.com\\\/en\\\/?s={search_term_string}\"},\"query-input\":{\"@type\":\"PropertyValueSpecification\",\"valueRequired\":true,\"valueName\":\"search_term_string\"}}],\"inLanguage\":\"nb-NO\"},{\"@type\":\"Organization\",\"@id\":\"https:\\\/\\\/suresms.com\\\/en\\\/#organization\",\"name\":\"SureSMS\",\"url\":\"https:\\\/\\\/suresms.com\\\/en\\\/\",\"logo\":{\"@type\":\"ImageObject\",\"inLanguage\":\"nb-NO\",\"@id\":\"https:\\\/\\\/suresms.com\\\/en\\\/#\\\/schema\\\/logo\\\/image\\\/\",\"url\":\"https:\\\/\\\/suresms.com\\\/wp-content\\\/uploads\\\/2024\\\/11\\\/suresms-300x65-1.png\",\"contentUrl\":\"https:\\\/\\\/suresms.com\\\/wp-content\\\/uploads\\\/2024\\\/11\\\/suresms-300x65-1.png\",\"width\":300,\"height\":65,\"caption\":\"SureSMS\"},\"image\":{\"@id\":\"https:\\\/\\\/suresms.com\\\/en\\\/#\\\/schema\\\/logo\\\/image\\\/\"},\"sameAs\":[\"https:\\\/\\\/www.facebook.com\\\/p\\\/SureSMS-100044607956149\\\/\"]}]}<\/script>\r\n<!-- \/ Yoast SEO Premium plugin. -->","yoast_head_json":{"title":"SMS-integrasjon for fysiske produkter - SMS-integrasjoner for mer enn 2000 systemer","description":"SMS-integrasjoner med mer enn 2000 systemer. Mange forskjellige alternativer og gratis oppsett. API, webtjeneste, JSON og mye mer","robots":{"index":"index","follow":"follow","max-snippet":"max-snippet:-1","max-image-preview":"max-image-preview:large","max-video-preview":"max-video-preview:-1"},"canonical":"https:\/\/suresms.com\/nb\/integrasjoner\/fysisk-adgangskontroll\/","og_locale":"nb_NO","og_type":"article","og_title":"SMS integration til fysiske produkter","og_description":"SMS integrationer med 2000+ systemer. Mange forskellige muligheder og gratis ops\u00e6tning. API, webservice, JSON og meget mere","og_url":"https:\/\/suresms.com\/nb\/integrasjoner\/fysisk-adgangskontroll\/","article_publisher":"https:\/\/www.facebook.com\/p\/SureSMS-100044607956149\/","article_modified_time":"2026-02-25T14:22:47+00:00","og_image":[{"url":"https:\/\/suresms.com\/wp-content\/uploads\/2022\/11\/Keypad-fritlagt-lille-1.png","type":"","width":"","height":""}],"twitter_card":"summary_large_image","twitter_misc":{"Ansl. lesetid":"5 minutter"},"schema":{"@context":"https:\/\/schema.org","@graph":[{"@type":"WebPage","@id":"https:\/\/suresms.com\/dk\/integrationer\/fysisk-adgangs-kontrol\/","url":"https:\/\/suresms.com\/dk\/integrationer\/fysisk-adgangs-kontrol\/","name":"SMS-integrasjon for fysiske produkter - SMS-integrasjoner for mer enn 2000 systemer","isPartOf":{"@id":"https:\/\/suresms.com\/en\/#website"},"primaryImageOfPage":{"@id":"https:\/\/suresms.com\/dk\/integrationer\/fysisk-adgangs-kontrol\/#primaryimage"},"image":{"@id":"https:\/\/suresms.com\/dk\/integrationer\/fysisk-adgangs-kontrol\/#primaryimage"},"thumbnailUrl":"https:\/\/suresms.com\/wp-content\/uploads\/2022\/11\/Keypad-fritlagt-lille-1.png","datePublished":"2022-11-25T14:09:25+00:00","dateModified":"2026-02-25T14:22:47+00:00","description":"SMS-integrasjoner med mer enn 2000 systemer. Mange forskjellige alternativer og gratis oppsett. API, webtjeneste, JSON og mye mer","breadcrumb":{"@id":"https:\/\/suresms.com\/dk\/integrationer\/fysisk-adgangs-kontrol\/#breadcrumb"},"inLanguage":"nb-NO","potentialAction":[{"@type":"ReadAction","target":["https:\/\/suresms.com\/dk\/integrationer\/fysisk-adgangs-kontrol\/"]}]},{"@type":"ImageObject","inLanguage":"nb-NO","@id":"https:\/\/suresms.com\/dk\/integrationer\/fysisk-adgangs-kontrol\/#primaryimage","url":"https:\/\/suresms.com\/wp-content\/uploads\/2022\/11\/Keypad-fritlagt-lille-1.png","contentUrl":"https:\/\/suresms.com\/wp-content\/uploads\/2022\/11\/Keypad-fritlagt-lille-1.png"},{"@type":"BreadcrumbList","@id":"https:\/\/suresms.com\/dk\/integrationer\/fysisk-adgangs-kontrol\/#breadcrumb","itemListElement":[{"@type":"ListItem","position":1,"name":"Home","item":"https:\/\/suresms.com\/dk\/"},{"@type":"ListItem","position":2,"name":"Integrationer","item":"https:\/\/suresms.com\/dk\/integrationer\/"},{"@type":"ListItem","position":3,"name":"SMS integration til fysiske produkter"}]},{"@type":"WebSite","@id":"https:\/\/suresms.com\/en\/#website","url":"https:\/\/suresms.com\/en\/","name":"SureSMS","description":"Profesjonell SMS-gateway","publisher":{"@id":"https:\/\/suresms.com\/en\/#organization"},"potentialAction":[{"@type":"SearchAction","target":{"@type":"EntryPoint","urlTemplate":"https:\/\/suresms.com\/en\/?s={search_term_string}"},"query-input":{"@type":"PropertyValueSpecification","valueRequired":true,"valueName":"search_term_string"}}],"inLanguage":"nb-NO"},{"@type":"Organization","@id":"https:\/\/suresms.com\/en\/#organization","name":"SureSMS","url":"https:\/\/suresms.com\/en\/","logo":{"@type":"ImageObject","inLanguage":"nb-NO","@id":"https:\/\/suresms.com\/en\/#\/schema\/logo\/image\/","url":"https:\/\/suresms.com\/wp-content\/uploads\/2024\/11\/suresms-300x65-1.png","contentUrl":"https:\/\/suresms.com\/wp-content\/uploads\/2024\/11\/suresms-300x65-1.png","width":300,"height":65,"caption":"SureSMS"},"image":{"@id":"https:\/\/suresms.com\/en\/#\/schema\/logo\/image\/"},"sameAs":["https:\/\/www.facebook.com\/p\/SureSMS-100044607956149\/"]}]}},"_links":{"self":[{"href":"https:\/\/suresms.com\/nb\/wp-json\/wp\/v2\/pages\/16272","targetHints":{"allow":["GET"]}}],"collection":[{"href":"https:\/\/suresms.com\/nb\/wp-json\/wp\/v2\/pages"}],"about":[{"href":"https:\/\/suresms.com\/nb\/wp-json\/wp\/v2\/types\/page"}],"author":[{"embeddable":true,"href":"https:\/\/suresms.com\/nb\/wp-json\/wp\/v2\/users\/1"}],"replies":[{"embeddable":true,"href":"https:\/\/suresms.com\/nb\/wp-json\/wp\/v2\/comments?post=16272"}],"version-history":[{"count":9,"href":"https:\/\/suresms.com\/nb\/wp-json\/wp\/v2\/pages\/16272\/revisions"}],"predecessor-version":[{"id":23843,"href":"https:\/\/suresms.com\/nb\/wp-json\/wp\/v2\/pages\/16272\/revisions\/23843"}],"up":[{"embeddable":true,"href":"https:\/\/suresms.com\/nb\/wp-json\/wp\/v2\/pages\/9400"}],"wp:attachment":[{"href":"https:\/\/suresms.com\/nb\/wp-json\/wp\/v2\/media?parent=16272"}],"wp:term":[{"taxonomy":"category","embeddable":true,"href":"https:\/\/suresms.com\/nb\/wp-json\/wp\/v2\/categories?post=16272"},{"taxonomy":"post_tag","embeddable":true,"href":"https:\/\/suresms.com\/nb\/wp-json\/wp\/v2\/tags?post=16272"}],"curies":[{"name":"wp","href":"https:\/\/api.w.org\/{rel}","templated":true}]}}