{"id":16156,"date":"2022-11-08T11:17:17","date_gmt":"2022-11-08T09:17:17","guid":{"rendered":"https:\/\/www.suresms.com\/dk\/?page_id=16156"},"modified":"2024-12-18T13:12:44","modified_gmt":"2024-12-18T13:12:44","slug":"journalfoering-av-tekstmeldinger","status":"publish","type":"page","link":"https:\/\/suresms.com\/nb\/funktioner\/journalisering-af-sms\/","title":{"rendered":"Journalisering av SMS"},"content":{"rendered":"<!-- Flexy Breadcrumb -->\r\n\t\t\t<div class=\"fbc fbc-page\">\r\n\r\n\t\t\t\t<!-- Breadcrumb wrapper -->\r\n\t\t\t\t<div class=\"fbc-wrap\">\r\n\r\n\t\t\t\t\t<!-- Ordered list-->\r\n\t\t\t\t\t<ol class=\"fbc-items\" itemscope itemtype=\"https:\/\/schema.org\/BreadcrumbList\">\r\n\t\t\t\t\t\t            <li itemprop=\"itemListElement\" itemscope itemtype=\"https:\/\/schema.org\/ListItem\">\r\n                <span itemprop=\"name\">\r\n                    <!-- Home Link -->\r\n                    <a itemprop=\"item\" href=\"https:\/\/suresms.com\/nb\/\">\r\n                    \r\n                                                    <i class=\"fa fa-home\" aria-hidden=\"true\"><\/i>Hjem                    <\/a>\r\n                <\/span>\r\n                <meta itemprop=\"position\" content=\"1\" \/><!-- Meta Position-->\r\n             <\/li><li><span class=\"fbc-separator\">\/<\/span><\/li><li class=\"active\" itemprop=\"itemListElement\" itemscope itemtype=\"https:\/\/schema.org\/ListItem\"><span itemprop=\"name\" title=\"Journalisering av SMS\">Journalisering av SMS<\/span><meta itemprop=\"position\" content=\"2\" \/><\/li>\t\t\t\t\t<\/ol>\r\n\t\t\t\t\t<div class=\"clearfix\"><\/div>\r\n\t\t\t\t<\/div>\r\n\t\t\t<\/div>\r\n\t\t\t\n\t<h1>Journalisering av SMS-meldinger<\/h1>\n<p>Forvaltningsmyndigheter har plikt til \u00e5 journalf\u00f8re dokumenter som sendes eller mottas i forbindelse med saksbehandlingen i myndighetens virksomhet.<\/p>\n<p>Plikten gjelder kun dokumenter som er relevante for en sak eller saksbehandlingen for \u00f8vrig. B\u00e5de interne og eksterne dokumenter i endelig form er omfattet av plikten.<\/p>\n<p>Det betyr at dersom en ansatt i en myndighet sender eller mottar en SMS som er relevant for en sak, skal den loggf\u00f8res. Det kan v\u00e6re utfordringer og ulike l\u00f8sninger for \u00e5 oppfylle loggf\u00f8ringsplikten, som du kan finne p\u00e5 relevante offentlige nettsteder, for eksempel <a href=\"https:\/\/www.ombudsmanden.dk\/myndighedsguiden\/generel-forvaltningsret\/journaliseringspligt\/\" target=\"_blank\" rel=\"noopener\">Ombudsmannen om plikten til \u00e5 f\u00f8re journal.\u00a0<\/a><\/p>\n\t<h2>Utfordringene<\/h2>\n<p>Utfordringene n\u00e5r det gjelder journalisering av SMS er at det er noen utfordringer som er unike for mediet. Den st\u00f8rste utfordringen er at SMS-meldingen leveres p\u00e5 en plattform der den lokale IT-avdelingen har liten kontroll. Den leveres gjennom et autonomt nettverk der det ikke er mulig for IT-avdelingen \u00e5 fange opp meldingene.<\/p>\n<p>P\u00e5 selve telefonen er forbrukerbeskyttelse viktigst, s\u00e5 det er ikke mulig \u00e5 installere programvare som avlytter kommunikasjon.<\/p>\n<p>De konkrete utfordringene er<\/p>\n<ul> \t\n<li>Ingen kontroll over enheten<\/li>\n\n<li>Ingen kontroll over nettverket<\/li>\n\n<li>Ingen mulighet for automatisk journalf\u00f8ring<\/li>\n<\/ul>\n<p>N\u00e5r det gjelder e-post eller dialog i kontaktfora, har b\u00e5de brukeren og IT-avdelingen bedre mulighet til \u00e5 merke og loggf\u00f8re meldingen.<\/p>\n\t\t\t\t<img loading=\"lazy\" decoding=\"async\" src=\"https:\/\/suresms.com\/wp-content\/uploads\/2022\/11\/os0004_53-1.jpg\" alt=\"Utfordringer som m\u00e5 overvinnes\" itemprop=\"image\" height=\"417\" width=\"500\" title=\"Utfordringer ved journalisering av SMS\" onerror=\"this.style.display='none'\"  \/>\n\t<h2>Eksisterende l\u00f8sninger<\/h2>\n<p>V\u00e5r erfaring er at den vanligste m\u00e5ten myndighetene l\u00f8ser problemet p\u00e5, er \u00e5 be medarbeiderne ta en skjermdump av meldingene, sende skjermdumpen til seg selv via e-post, og s\u00e5 skrive ned fra e-posten. Dette overf\u00f8rer ansvaret til den ansatte, som m\u00e5 bruke tid p\u00e5 det, kanskje ikke f\u00e5r det gjort, og kanskje <a href=\"https:\/\/nyheder.tv2.dk\/politik\/2021-10-27-mette-frederiksen-slettede-smser-ministerie-afviser-maalrettet-sletning\" target=\"_blank\" rel=\"noopener\">Sletter meldingene<\/a>\u00a0 Ved en feiltakelse.<\/p>\n<p>En annen l\u00f8sning vi har h\u00f8rt, er at den ansatte f\u00e5r beskjed om \u00e5 ikke sende tekstmeldinger som kan p\u00e5virke saksbehandlingen. Dette er ikke mulig fordi b\u00e5de sendte og mottatte meldinger m\u00e5 logges, og den ansatte har ikke kontroll p\u00e5 hva innbyggerne sender til dem. For det andre kan det for noen ansattgrupper v\u00e6re direkte vanskelig \u00e5 gj\u00f8re jobben sin, for eksempel hvis de jobber med s\u00e5rbare unge mennesker.<\/p>\n<p>Noen myndigheter har integrert SMS i saksbehandlingssystemene sine. Hvis systemene b\u00e5de kan sende og motta, kan dette v\u00e6re en god og gjennomf\u00f8rbar l\u00f8sning. Vi ser imidlertid at det i den virkelige verden ofte er behov for \u00e5 kunne sende SMS-meldinger n\u00e5r man ikke har \u00e5pnet <a href=\"https:\/\/www.retsinformation.dk\/eli\/fob\/2015\/30\" target=\"_blank\" rel=\"noopener\">saksbehandlingssystem<\/a>..<\/p>\n<p>&nbsp;<\/p>\n\t<h2>V\u00e5r l\u00f8sning - loggf\u00f8ring av SMS fra telefonen din<\/h2>\n<p>SureSMS er i den unike posisjonen at vi har tilgang til v\u00e5rt eget SMS-senter. Det betyr at vi kan fange opp SMS-meldinger etter hvert som de sendes og mottas, f\u00f8r de leveres til telefonen. Det betyr at vi kan journalf\u00f8re meldingene uten at de ansatte trenger \u00e5 gj\u00f8re noe, b\u00e5de innkommende og utg\u00e5ende SMS-meldinger.<\/p>\n<p>Det fungerer slik at den ansatte f\u00e5r et ekstra e-sim installert p\u00e5 telefonen sin. Dette nummeret brukes til \u00e5 sende og motta SMS-meldinger. Dette er et SureSMS-nummer, og p\u00e5 grunn av v\u00e5re dype integrasjoner har vi muligheten til \u00e5 fange opp SMS-meldingene. Disse meldingene vil vanligvis bli videresendt til myndighetens journalsystem. I journalsystemet kan det settes opp regler for n\u00e5r en SMS skal logges.<\/p>\n<p>Typisk vil man imidlertid velge \u00e5 logge alle SMS-meldinger fordi de er sv\u00e6rt sm\u00e5 datamessig. Prisen for en komplett l\u00f8sning starter p\u00e5 rundt 40 000 danske kroner inkludert 100 numre.<\/p>\n\t<h4><strong>Vil du vite mer?<\/strong><\/h4>\n<p>Fyll ut skjemaet nedenfor, s\u00e5 tar vi kontakt med deg.<\/p>\n\n<div class=\"wpcf7 no-js\" id=\"wpcf7-f13762-o1\" lang=\"en-GB\" dir=\"ltr\" data-wpcf7-id=\"13762\">\n<div class=\"screen-reader-response\"><p role=\"status\" aria-live=\"polite\" aria-atomic=\"true\"><\/p> <ul><\/ul><\/div>\n<form action=\"\/nb\/wp-json\/wp\/v2\/pages\/16156#wpcf7-f13762-o1\" method=\"post\" class=\"wpcf7-form init\" aria-label=\"Kontaktskjema\" novalidate=\"novalidate\" data-status=\"init\" data-trp-original-action=\"\/nb\/wp-json\/wp\/v2\/pages\/16156#wpcf7-f13762-o1\">\n<fieldset class=\"hidden-fields-container\"><input type=\"hidden\" name=\"_wpcf7\" value=\"13762\" \/><input type=\"hidden\" name=\"_wpcf7_version\" value=\"6.1.5\" \/><input type=\"hidden\" name=\"_wpcf7_locale\" value=\"en_GB\" \/><input type=\"hidden\" name=\"_wpcf7_unit_tag\" value=\"wpcf7-f13762-o1\" \/><input type=\"hidden\" name=\"_wpcf7_container_post\" value=\"0\" \/><input type=\"hidden\" name=\"_wpcf7_posted_data_hash\" value=\"\" \/>\n<\/fieldset>\n<p><label><span class=\"wpcf7-form-control-wrap\" data-name=\"your-name\"><input size=\"40\" maxlength=\"400\" class=\"wpcf7-form-control wpcf7-text wpcf7-validates-as-required wpctf7-my-custom-class\" aria-required=\"true\" aria-invalid=\"false\" placeholder=\"Ditt navn\" value=\"\" type=\"text\" name=\"your-name\" \/><\/span><\/label>\n<\/p>\n<p><span class=\"wpcf7-form-control-wrap\" data-name=\"email\"><input size=\"40\" maxlength=\"400\" class=\"wpcf7-form-control wpcf7-email wpcf7-validates-as-required wpcf7-text wpcf7-validates-as-email wpctf7-my-custom-class\" aria-required=\"true\" aria-invalid=\"false\" placeholder=\"E-post*.\" value=\"\" type=\"email\" name=\"email\" \/><\/span>\n<\/p>\n<p><div class=\"cf7-cf-turnstile\" style=\"margin-top: 0px; margin-bottom: -15px;\"> <div id=\"cf-turnstile-cf7-1976615087\" class=\"cf-turnstile\" data-sitekey=\"0x4AAAAAAB8YGArd9ML-HbMW\" data-theme=\"light\" data-language=\"auto\" data-size=\"normal\" data-retry=\"auto\" data-retry-interval=\"1000\" data-refresh-expired=\"auto\" data-action=\"contact-form-7\" data-appearance=\"always\"><\/div> <script>document.addEventListener(\"DOMContentLoaded\", function() { setTimeout(function(){ var e=document.getElementById(\"cf-turnstile-cf7-1976615087\"); e&&!e.innerHTML.trim()&&(turnstile.remove(\"#cf-turnstile-cf7-1976615087\"), turnstile.render(\"#cf-turnstile-cf7-1976615087\", {sitekey:\"0x4AAAAAAB8YGArd9ML-HbMW\"})); }, 100); });<\/script> <br class=\"cf-turnstile-br cf-turnstile-br-cf7-1976615087\"> <style>#cf-turnstile-cf7-1976615087 { margin-left: -15px; }<\/style> <script>document.addEventListener(\"DOMContentLoaded\",function(){document.querySelectorAll('.wpcf7-form').forEach(function(e){e.addEventListener('submit',function(){if(document.getElementById('cf-turnstile-cf7-1976615087')){setTimeout(function(){turnstile.reset('#cf-turnstile-cf7-1976615087');},1000)}})})});<\/script> <\/div><br\/><input class=\"wpcf7-form-control wpcf7-submit has-spinner\" type=\"submit\" value=\"Bestill veiledning\" \/>\n<\/p><div class=\"wpcf7-response-output\" aria-hidden=\"true\"><\/div>\n<input type=\"hidden\" name=\"trp-form-language\" value=\"nb\"\/><\/form>\n<\/div>\n\n\t\t\t\t<img loading=\"lazy\" decoding=\"async\" src=\"https:\/\/suresms.com\/wp-content\/uploads\/2022\/06\/API-connection-1.png\" alt=\"Send SMS med API\" itemprop=\"image\" height=\"528\" width=\"960\" title=\"API-tilkobling\" onerror=\"this.style.display='none'\"  \/>\n\t<h2>V\u00e5r l\u00f8sning - SMS-journalf\u00f8ring p\u00e5 PC<\/h2>\n<p>For at kommunikasjonen mellom kommuner, institusjoner, myndigheter og innbyggere skal fungere, er det avgj\u00f8rende at meldinger og informasjon b\u00e5de blir mottatt OG lest! Unders\u00f8kelser viser at de aller fleste SMS-meldinger blir lest av mottakeren, noe som gj\u00f8r SMS-meldinger til en rask og p\u00e5litelig kommunikasjonsform.<\/p>\n<p>Med en SMS-gateway kan offentlige organisasjoner holde oversikten og overholde kravene til journalf\u00f8ring.<\/p>\n<p><strong>Fordeler og fordeler<\/strong><\/p>\n<ul>\n<li>\n<ul>\n<li><strong>Innebygd journalf\u00f8ring. Gjennom v\u00e5r webportal har du alltid dokumentasjon for alle meldinger som sendes til innbyggere eller ansatte.<\/strong><\/li>\n<\/ul>\n<\/li>\n<\/ul>\n<p>&nbsp;<\/p>\n<ul>\n<li>\n<ul>\n<li><strong>Servicemeldinger og p\u00e5minnelser om avtaler via SMS er en god service for innbyggere og brukere, samtidig som det sikrer f\u00e6rre avbestillinger og mindre sl\u00f8sing med ressurser. Bruk autogenererte SMS-meldinger eller styr utsendelsen selv via v\u00e5rt webgrensesnitt.<\/strong><\/li>\n<\/ul>\n<\/li>\n<\/ul>\n<p>&nbsp;<\/p>\n<ul>\n<li>\n<ul>\n<li><strong>All kommunikasjon mellom kunden og serverne v\u00e5re er kryptert ved hjelp av den nyeste SSL-krypteringen. Dette gj\u00f8r det trygt \u00e5 sende sensitive personopplysninger via SureSMS.<\/strong><\/li>\n<\/ul>\n<\/li>\n<\/ul>\n<p>&nbsp;<\/p>\n<ul>\n<li>\n<ul>\n<li><strong>Ingen dyre abonnementer. Vi tar kun betalt for det antallet meldinger du faktisk sender. Fakturering er gratis, og det er enkelt \u00e5 betale via EAN-nummer.<\/strong><\/li>\n<\/ul>\n<\/li>\n<\/ul>\n<p>&nbsp;<\/p>\n<p>Ovennevnte er et utvalg av v\u00e5re funksjoner. Men det finnes mange flere. Ta en titt p\u00e5 v\u00e5r\u00a0<a href=\"https:\/\/suresms.com\/nb\/funksjoner\/\">funksjonssider<\/a>\u00a0p\u00e5 suresms.com for inspirasjon.<\/p>\n<p><strong>Full oversikt og dokumentasjon via SureSMS-nettportalen<\/strong><\/p>\n<p>Fra v\u00e5r webportal kan du enkelt logge deg inn og sende SMS-meldinger til brukere via datamaskinen din. Herfra er det enkelt \u00e5 sende meldinger til grupper, planlegge utsendelser og flette inn navn i meldingene.<\/p>\n<p>Her har du ogs\u00e5 full oversikt over meldingene som er sendt, og meldingene lagres her for journalf\u00f8ring eller dokumentasjon. Du har alltid oversikt over b\u00e5de innhold og tidspunkt for sending og mottak av meldinger.<\/p>\n<p><strong>Leverer til b\u00e5de statlige institusjoner og kommuner<\/strong><\/p>\n<p>I \u00e5renes l\u00f8p har vi levert SMS til mange offentlige institusjoner og har lang erfaring med \u00e5 samarbeide med dem: biblioteker, statsfengsler, hjelpemiddelsentraler, offentlige etater og mye mer. Offentlige institusjoner har behov for \u00e5 kommunisere med et bredt tverrsnitt av befolkningen, samtidig som pris, kvalitet og sikkerhet M\u00c5 v\u00e6re i toppklasse. Vi har ekspertisen som skal til for \u00e5 levere en solid og fleksibel gateway som er enkel \u00e5 bruke.<\/p>\n<p><strong>Send fra flere numre<\/strong><\/p>\n<p>Har din organisasjon behov for \u00e5 sende fra flere telefonnumre, eller trenger du en fleksibel innlogging slik at flere ansatte kan sende fra en bestemt bruker? Det gj\u00f8res enkelt via v\u00e5r nettportal.<\/p>\n\t<h4><strong>Her kan du lese noen eksempler p\u00e5 hvordan kundene v\u00e5re bruker SMS-tjenesten v\u00e5r i dag:<\/strong><\/h4>\n<ul>\n<li>En dansk fagforening bruker v\u00e5r nettbaserte SMS-tjeneste til \u00e5 sende ut nyhetsbrev til sine kunder. Det er selvsagt enklere \u00e5 sende ut lange nyhetsbrev via datamaskinens st\u00f8rre tastatur, og det gir ogs\u00e5 mulighet til \u00e5 legge ved lenker med relevante artikler til organisasjonens medlemmer.<\/li>\n<li>En jaktforening p\u00e5 Sj\u00e6lland har opprettet en konto p\u00e5 v\u00e5r Gateway. Ettersom medlemmene i foreningen bytter p\u00e5 \u00e5 organisere jaktene, har de alle en innlogging til foreningens konto hvorfra de sender meldinger om kommende jakter til de andre medlemmene.<\/li>\n<li>Et varmeselskap bruker v\u00e5r gateway til \u00e5 varsle innbyggerne om avbrudd i forsyningen. N\u00e5r for eksempel varmen blir sl\u00e5tt av p\u00e5 grunn av reparasjoner i et gitt omr\u00e5de, hentes telefonnumrene ut av varmeselskapets system og limes inn p\u00e5 nettstedet v\u00e5rt, der de enkelt kan sende en melding til alle ber\u00f8rte husstander.<\/li>\n<\/ul>","protected":false},"excerpt":{"rendered":"<p>Logging av SMS-meldinger Forvaltningsmyndigheter har plikt til \u00e5 loggf\u00f8re dokumenter som sendes eller mottas i forbindelse med saksbehandlingen i myndighetens virksomhet. Plikten gjelder kun dokumenter som er relevante for en sak eller saksbehandlingen for \u00f8vrig. B\u00e5de interne og eksterne dokumenter i endelig form er omfattet av plikten. Dette betyr at dersom ... <a title=\"Journalisering av SMS\" class=\"read-more\" href=\"https:\/\/suresms.com\/nb\/funktioner\/journalisering-af-sms\/\" aria-label=\"Les mer om Journaling SMS\">Les mer om dette<\/a><\/p>","protected":false},"author":1,"featured_media":0,"parent":958,"menu_order":1,"comment_status":"closed","ping_status":"closed","template":"","meta":{"_fl_builder_enabled":"1","_fl_builder_data":null,"_fl_builder_draft":null,"_fl_builder_data_settings":null,"_fl_builder_css":"","_fl_builder_css_version":"","_fl_builder_js":"","footnotes":""},"categories":[17],"tags":[],"class_list":{"0":"post-16156","1":"page","2":"type-page","3":"status-publish","5":"category-linkfracornorstone"},"yoast_head":"<!-- This site is optimized with the Yoast SEO Premium plugin v27.3 (Yoast SEO v27.3) - https:\/\/yoast.com\/product\/yoast-seo-premium-wordpress\/ -->\r\n<title>Journalisering af SMS - den rigtige l\u00f8sning for myndigheder<\/title>\r\n<meta name=\"description\" content=\"Journalisering af SMS uden at afsender eller modtager skal g\u00f8re noget, kr\u00e6ver ikke installation p\u00e5 telefonen. Teknisk helt korrekte l\u00f8sning.\" \/>\r\n<meta name=\"robots\" content=\"index, follow, max-snippet:-1, max-image-preview:large, max-video-preview:-1\" \/>\r\n<link rel=\"canonical\" href=\"https:\/\/suresms.com\/nb\/funksjoner\/journalfoering-av-tekstmeldinger\/\" \/>\r\n<meta property=\"og:locale\" content=\"nb_NO\" \/>\r\n<meta property=\"og:type\" content=\"article\" \/>\r\n<meta property=\"og:title\" content=\"Journalisering af SMS\" \/>\r\n<meta property=\"og:description\" content=\"Journalisering af SMS uden at afsender eller modtager skal g\u00f8re noget, kr\u00e6ver ikke installation p\u00e5 telefonen. Teknisk helt korrekte l\u00f8sning.\" \/>\r\n<meta property=\"og:url\" content=\"https:\/\/suresms.com\/nb\/funksjoner\/journalfoering-av-tekstmeldinger\/\" \/>\r\n<meta property=\"article:publisher\" content=\"https:\/\/www.facebook.com\/p\/SureSMS-100044607956149\/\" \/>\r\n<meta property=\"article:modified_time\" content=\"2024-12-18T13:12:44+00:00\" \/>\r\n<meta property=\"og:image\" content=\"https:\/\/suresms.com\/wp-content\/uploads\/2022\/11\/os0004_53-1.jpg\" \/>\r\n<meta name=\"twitter:card\" content=\"summary_large_image\" \/>\r\n<meta name=\"twitter:label1\" content=\"Ansl. lesetid\" \/>\n\t<meta name=\"twitter:data1\" content=\"11 minutter\" \/>\r\n<script type=\"application\/ld+json\" class=\"yoast-schema-graph\">{\"@context\":\"https:\\\/\\\/schema.org\",\"@graph\":[{\"@type\":\"WebPage\",\"@id\":\"https:\\\/\\\/suresms.com\\\/dk\\\/funktioner\\\/journalisering-af-sms\\\/\",\"url\":\"https:\\\/\\\/suresms.com\\\/dk\\\/funktioner\\\/journalisering-af-sms\\\/\",\"name\":\"Journalisering af SMS - den rigtige l\u00f8sning for myndigheder\",\"isPartOf\":{\"@id\":\"https:\\\/\\\/suresms.com\\\/en\\\/#website\"},\"primaryImageOfPage\":{\"@id\":\"https:\\\/\\\/suresms.com\\\/dk\\\/funktioner\\\/journalisering-af-sms\\\/#primaryimage\"},\"image\":{\"@id\":\"https:\\\/\\\/suresms.com\\\/dk\\\/funktioner\\\/journalisering-af-sms\\\/#primaryimage\"},\"thumbnailUrl\":\"https:\\\/\\\/suresms.com\\\/wp-content\\\/uploads\\\/2022\\\/11\\\/os0004_53-1.jpg\",\"datePublished\":\"2022-11-08T09:17:17+00:00\",\"dateModified\":\"2024-12-18T13:12:44+00:00\",\"description\":\"Journalisering af SMS uden at afsender eller modtager skal g\u00f8re noget, kr\u00e6ver ikke installation p\u00e5 telefonen. Teknisk helt korrekte l\u00f8sning.\",\"breadcrumb\":{\"@id\":\"https:\\\/\\\/suresms.com\\\/dk\\\/funktioner\\\/journalisering-af-sms\\\/#breadcrumb\"},\"inLanguage\":\"nb-NO\",\"potentialAction\":[{\"@type\":\"ReadAction\",\"target\":[\"https:\\\/\\\/suresms.com\\\/dk\\\/funktioner\\\/journalisering-af-sms\\\/\"]}]},{\"@type\":\"ImageObject\",\"inLanguage\":\"nb-NO\",\"@id\":\"https:\\\/\\\/suresms.com\\\/dk\\\/funktioner\\\/journalisering-af-sms\\\/#primaryimage\",\"url\":\"https:\\\/\\\/suresms.com\\\/wp-content\\\/uploads\\\/2022\\\/11\\\/os0004_53-1.jpg\",\"contentUrl\":\"https:\\\/\\\/suresms.com\\\/wp-content\\\/uploads\\\/2022\\\/11\\\/os0004_53-1.jpg\"},{\"@type\":\"BreadcrumbList\",\"@id\":\"https:\\\/\\\/suresms.com\\\/dk\\\/funktioner\\\/journalisering-af-sms\\\/#breadcrumb\",\"itemListElement\":[{\"@type\":\"ListItem\",\"position\":1,\"name\":\"Home\",\"item\":\"https:\\\/\\\/suresms.com\\\/dk\\\/\"},{\"@type\":\"ListItem\",\"position\":2,\"name\":\"Funktioner\",\"item\":\"https:\\\/\\\/suresms.com\\\/dk\\\/funktioner\\\/\"},{\"@type\":\"ListItem\",\"position\":3,\"name\":\"Journalisering af SMS\"}]},{\"@type\":\"WebSite\",\"@id\":\"https:\\\/\\\/suresms.com\\\/en\\\/#website\",\"url\":\"https:\\\/\\\/suresms.com\\\/en\\\/\",\"name\":\"SureSMS\",\"description\":\"Professionel SMS Gateway\",\"publisher\":{\"@id\":\"https:\\\/\\\/suresms.com\\\/en\\\/#organization\"},\"potentialAction\":[{\"@type\":\"SearchAction\",\"target\":{\"@type\":\"EntryPoint\",\"urlTemplate\":\"https:\\\/\\\/suresms.com\\\/en\\\/?s={search_term_string}\"},\"query-input\":{\"@type\":\"PropertyValueSpecification\",\"valueRequired\":true,\"valueName\":\"search_term_string\"}}],\"inLanguage\":\"nb-NO\"},{\"@type\":\"Organization\",\"@id\":\"https:\\\/\\\/suresms.com\\\/en\\\/#organization\",\"name\":\"SureSMS\",\"url\":\"https:\\\/\\\/suresms.com\\\/en\\\/\",\"logo\":{\"@type\":\"ImageObject\",\"inLanguage\":\"nb-NO\",\"@id\":\"https:\\\/\\\/suresms.com\\\/en\\\/#\\\/schema\\\/logo\\\/image\\\/\",\"url\":\"https:\\\/\\\/suresms.com\\\/wp-content\\\/uploads\\\/2024\\\/11\\\/suresms-300x65-1.png\",\"contentUrl\":\"https:\\\/\\\/suresms.com\\\/wp-content\\\/uploads\\\/2024\\\/11\\\/suresms-300x65-1.png\",\"width\":300,\"height\":65,\"caption\":\"SureSMS\"},\"image\":{\"@id\":\"https:\\\/\\\/suresms.com\\\/en\\\/#\\\/schema\\\/logo\\\/image\\\/\"},\"sameAs\":[\"https:\\\/\\\/www.facebook.com\\\/p\\\/SureSMS-100044607956149\\\/\"]}]}<\/script>\r\n<!-- \/ Yoast SEO Premium plugin. -->","yoast_head_json":{"title":"SMS-journalf\u00f8ring - den riktige l\u00f8sningen for myndighetene","description":"Journalisering av SMS uten at avsender eller mottaker trenger \u00e5 gj\u00f8re noe, ingen installasjon p\u00e5 telefonen. Teknisk korrekt l\u00f8sning.","robots":{"index":"index","follow":"follow","max-snippet":"max-snippet:-1","max-image-preview":"max-image-preview:large","max-video-preview":"max-video-preview:-1"},"canonical":"https:\/\/suresms.com\/nb\/funksjoner\/journalfoering-av-tekstmeldinger\/","og_locale":"nb_NO","og_type":"article","og_title":"Journalisering af SMS","og_description":"Journalisering af SMS uden at afsender eller modtager skal g\u00f8re noget, kr\u00e6ver ikke installation p\u00e5 telefonen. Teknisk helt korrekte l\u00f8sning.","og_url":"https:\/\/suresms.com\/nb\/funksjoner\/journalfoering-av-tekstmeldinger\/","article_publisher":"https:\/\/www.facebook.com\/p\/SureSMS-100044607956149\/","article_modified_time":"2024-12-18T13:12:44+00:00","og_image":[{"url":"https:\/\/suresms.com\/wp-content\/uploads\/2022\/11\/os0004_53-1.jpg","type":"","width":"","height":""}],"twitter_card":"summary_large_image","twitter_misc":{"Ansl. lesetid":"11 minutter"},"schema":{"@context":"https:\/\/schema.org","@graph":[{"@type":"WebPage","@id":"https:\/\/suresms.com\/dk\/funktioner\/journalisering-af-sms\/","url":"https:\/\/suresms.com\/dk\/funktioner\/journalisering-af-sms\/","name":"SMS-journalf\u00f8ring - den riktige l\u00f8sningen for myndighetene","isPartOf":{"@id":"https:\/\/suresms.com\/en\/#website"},"primaryImageOfPage":{"@id":"https:\/\/suresms.com\/dk\/funktioner\/journalisering-af-sms\/#primaryimage"},"image":{"@id":"https:\/\/suresms.com\/dk\/funktioner\/journalisering-af-sms\/#primaryimage"},"thumbnailUrl":"https:\/\/suresms.com\/wp-content\/uploads\/2022\/11\/os0004_53-1.jpg","datePublished":"2022-11-08T09:17:17+00:00","dateModified":"2024-12-18T13:12:44+00:00","description":"Journalisering av SMS uten at avsender eller mottaker trenger \u00e5 gj\u00f8re noe, ingen installasjon p\u00e5 telefonen. Teknisk korrekt l\u00f8sning.","breadcrumb":{"@id":"https:\/\/suresms.com\/dk\/funktioner\/journalisering-af-sms\/#breadcrumb"},"inLanguage":"nb-NO","potentialAction":[{"@type":"ReadAction","target":["https:\/\/suresms.com\/dk\/funktioner\/journalisering-af-sms\/"]}]},{"@type":"ImageObject","inLanguage":"nb-NO","@id":"https:\/\/suresms.com\/dk\/funktioner\/journalisering-af-sms\/#primaryimage","url":"https:\/\/suresms.com\/wp-content\/uploads\/2022\/11\/os0004_53-1.jpg","contentUrl":"https:\/\/suresms.com\/wp-content\/uploads\/2022\/11\/os0004_53-1.jpg"},{"@type":"BreadcrumbList","@id":"https:\/\/suresms.com\/dk\/funktioner\/journalisering-af-sms\/#breadcrumb","itemListElement":[{"@type":"ListItem","position":1,"name":"Home","item":"https:\/\/suresms.com\/dk\/"},{"@type":"ListItem","position":2,"name":"Funktioner","item":"https:\/\/suresms.com\/dk\/funktioner\/"},{"@type":"ListItem","position":3,"name":"Journalisering af SMS"}]},{"@type":"WebSite","@id":"https:\/\/suresms.com\/en\/#website","url":"https:\/\/suresms.com\/en\/","name":"SureSMS","description":"Profesjonell SMS-gateway","publisher":{"@id":"https:\/\/suresms.com\/en\/#organization"},"potentialAction":[{"@type":"SearchAction","target":{"@type":"EntryPoint","urlTemplate":"https:\/\/suresms.com\/en\/?s={search_term_string}"},"query-input":{"@type":"PropertyValueSpecification","valueRequired":true,"valueName":"search_term_string"}}],"inLanguage":"nb-NO"},{"@type":"Organization","@id":"https:\/\/suresms.com\/en\/#organization","name":"SureSMS","url":"https:\/\/suresms.com\/en\/","logo":{"@type":"ImageObject","inLanguage":"nb-NO","@id":"https:\/\/suresms.com\/en\/#\/schema\/logo\/image\/","url":"https:\/\/suresms.com\/wp-content\/uploads\/2024\/11\/suresms-300x65-1.png","contentUrl":"https:\/\/suresms.com\/wp-content\/uploads\/2024\/11\/suresms-300x65-1.png","width":300,"height":65,"caption":"SureSMS"},"image":{"@id":"https:\/\/suresms.com\/en\/#\/schema\/logo\/image\/"},"sameAs":["https:\/\/www.facebook.com\/p\/SureSMS-100044607956149\/"]}]}},"_links":{"self":[{"href":"https:\/\/suresms.com\/nb\/wp-json\/wp\/v2\/pages\/16156","targetHints":{"allow":["GET"]}}],"collection":[{"href":"https:\/\/suresms.com\/nb\/wp-json\/wp\/v2\/pages"}],"about":[{"href":"https:\/\/suresms.com\/nb\/wp-json\/wp\/v2\/types\/page"}],"author":[{"embeddable":true,"href":"https:\/\/suresms.com\/nb\/wp-json\/wp\/v2\/users\/1"}],"replies":[{"embeddable":true,"href":"https:\/\/suresms.com\/nb\/wp-json\/wp\/v2\/comments?post=16156"}],"version-history":[{"count":4,"href":"https:\/\/suresms.com\/nb\/wp-json\/wp\/v2\/pages\/16156\/revisions"}],"predecessor-version":[{"id":19537,"href":"https:\/\/suresms.com\/nb\/wp-json\/wp\/v2\/pages\/16156\/revisions\/19537"}],"up":[{"embeddable":true,"href":"https:\/\/suresms.com\/nb\/wp-json\/wp\/v2\/pages\/958"}],"wp:attachment":[{"href":"https:\/\/suresms.com\/nb\/wp-json\/wp\/v2\/media?parent=16156"}],"wp:term":[{"taxonomy":"category","embeddable":true,"href":"https:\/\/suresms.com\/nb\/wp-json\/wp\/v2\/categories?post=16156"},{"taxonomy":"post_tag","embeddable":true,"href":"https:\/\/suresms.com\/nb\/wp-json\/wp\/v2\/tags?post=16156"}],"curies":[{"name":"wp","href":"https:\/\/api.w.org\/{rel}","templated":true}]}}