{"id":15657,"date":"2022-06-29T23:49:16","date_gmt":"2022-06-29T21:49:16","guid":{"rendered":"https:\/\/www.suresms.com\/dk\/?page_id=15657"},"modified":"2025-11-06T05:51:06","modified_gmt":"2025-11-06T05:51:06","slug":"send-sms-fra-pc","status":"publish","type":"page","link":"https:\/\/suresms.com\/nb\/funktioner\/send-sms-fra-pc\/","title":{"rendered":"Send SMS fra PC"},"content":{"rendered":"<!-- Flexy Breadcrumb -->\r\n\t\t\t<div class=\"fbc fbc-page\">\r\n\r\n\t\t\t\t<!-- Breadcrumb wrapper -->\r\n\t\t\t\t<div class=\"fbc-wrap\">\r\n\r\n\t\t\t\t\t<!-- Ordered list-->\r\n\t\t\t\t\t<ol class=\"fbc-items\" itemscope itemtype=\"https:\/\/schema.org\/BreadcrumbList\">\r\n\t\t\t\t\t\t            <li itemprop=\"itemListElement\" itemscope itemtype=\"https:\/\/schema.org\/ListItem\">\r\n                <span itemprop=\"name\">\r\n                    <!-- Home Link -->\r\n                    <a itemprop=\"item\" href=\"https:\/\/suresms.com\/nb\/\">\r\n                    \r\n                                                    <i class=\"fa fa-home\" aria-hidden=\"true\"><\/i>Hjem                    <\/a>\r\n                <\/span>\r\n                <meta itemprop=\"position\" content=\"1\" \/><!-- Meta Position-->\r\n             <\/li><li><span class=\"fbc-separator\">\/<\/span><\/li><li class=\"active\" itemprop=\"itemListElement\" itemscope itemtype=\"https:\/\/schema.org\/ListItem\"><span itemprop=\"name\" title=\"Send SMS fra PC\">Send SMS fra PC<\/span><meta itemprop=\"position\" content=\"2\" \/><\/li>\t\t\t\t\t<\/ol>\r\n\t\t\t\t\t<div class=\"clearfix\"><\/div>\r\n\t\t\t\t<\/div>\r\n\t\t\t<\/div>\r\n\t\t\t\n\t\t\t\t<img decoding=\"async\" src=\"https:\/\/suresms.com\/wp-content\/uploads\/2022\/06\/Send-sms-online-1.png\" alt=\"Send SMS online -bilde\" itemprop=\"image\" height=\"367\" width=\"900\" title=\"Send tekstmeldinger p\u00e5 nettet\" onerror=\"this.style.display='none'\" loading=\"lazy\" \/>\n\t<h1>Send SMS fra PC eller Mac med v\u00e5r nettbaserte SMS-sender<\/h1>\n<p>Det er mye raskere og enklere \u00e5 sende SMS-meldinger fra datamaskinen enn fra telefonen. I tillegg har du mange flere muligheter n\u00e5r du bruker en PC eller Mac. Du kan for eksempel legge ved PDF-filer, opprette ubegrensede lister, sende videoer (som mottakeren faktisk kan se), sende MobilePay-lenker og mye mer.<\/p>\n<p>Er du en profesjonell bruker med behov for \u00e5 sende SMS-meldinger til kunder, klienter, ansatte eller medlemmer av organisasjonen din? Da er det en god id\u00e9 \u00e5 sende SMS p\u00e5 nettet ved hjelp av en online SMS-avsender.<\/p>\n<p>Enten du bruker en PC eller Mac eller et nettbrett med Android, kan du bruke systemet v\u00e5rt til \u00e5 sende SMS-meldinger p\u00e5 nettet. Det fungerer p\u00e5 alle datamaskiner og nettbrett uavhengig av operativsystem. Ved \u00e5 logge inn i v\u00e5r webapp f\u00e5r du tilgang til et system der du kan sende SMS-meldinger.<\/p>\n<p>&nbsp;<\/p>\n\t<h2>Send SMS-meldinger<\/h2>\n<p>Med tilgang til v\u00e5r SMS-avsender, som du kan bestille gratis rett til h\u00f8yre for dette, kan du sende og motta SMS-meldinger via datamaskinen eller nettbrettet ditt. Du kan enten sende en SMS-melding til en enkelt person ved \u00e5 taste inn telefonnummeret, eller du kan sende til en liste. Du kan importere listen inn i systemet fra CRM-systemet ditt, medlemssystemet ditt eller bare et regneark du har liggende.<\/p>\n<p>Hvis du ogs\u00e5 \u00f8nsker \u00e5 motta SMS-meldinger p\u00e5 nettet, m\u00e5 du kj\u00f8pe en toveis SMS-modul. Det koster 99 DKK per m\u00e5ned, men da kan du motta SMS b\u00e5de p\u00e5 nettstedet v\u00e5rt og i e-postinnboksen din.<\/p>\n\t\t\t\t<img decoding=\"async\" src=\"https:\/\/suresms.com\/wp-content\/uploads\/2022\/06\/What-is-your-message-1.png\" alt=\"Hva er SMS-meldingen din\" itemprop=\"image\" height=\"238\" width=\"319\" title=\"Hva er budskapet ditt\" onerror=\"this.style.display='none'\" loading=\"lazy\" \/>\n\t\t\t<a href=\"https:\/\/app.suresms.com\/account\/signup\" target=\"_blank\" rel=\"noopener\">\n\t\t\t\t\t\t\tOpprett en gratis konto\n\t\t\t\t\t<\/a>\n\t<h2>Send SMS fra PC \/ Send SMS fra Mac<\/h2>\n<p>Den enkleste m\u00e5ten \u00e5 sende tekstmeldinger p\u00e5 nettet er \u00e5 sende dem fra PC-en din ved \u00e5 logge inn p\u00e5 nettstedet v\u00e5rt. Skriv inn meldingen din og trykk p\u00e5 \"Send\". Vi sender deretter en SMS-melding til mottakeren. Det er raskt og enkelt \u00e5 sende SMS p\u00e5 nettet.<\/p>\n<p>Vi st\u00f8tter alle de st\u00f8rste nettleserne, s\u00e5 du trenger ikke \u00e5 bekymre deg for om systemet v\u00e5rt fungerer p\u00e5 din datamaskin. Hvem som helst kan bruke v\u00e5r SMS-avsender.<\/p>\n\t<h2>Send en SMS via nettet<\/h2>\n<p>Det finnes andre m\u00e5ter \u00e5 sende en SMS p\u00e5 enn via nettleseren. Du kan ogs\u00e5 sende meldingene dine via e-post. Ved \u00e5 bruke en l\u00f8sning som heter mail2sms kan du sende SMS-meldinger p\u00e5 nettet fra e-postprogrammet ditt. Dette gjelder uavhengig av hvilket e-postprogram og hvilken e-postleverand\u00f8r du har.<\/p>\n<p>&nbsp;<\/p>\n<h2>Om SMS-meldinger<\/h2>\n<p>En SMS kan maksimalt inneholde 160 tegn (inkludert mellomrom). Hvis du skriver en lengre melding, vil meldingen likevel bli sendt, men den vil bli belastet som 2 eller flere SMS-meldinger avhengig av lengden<\/p>\n<p>Du kan IKKE sende SMS-meldinger til 3-, 4- eller 5-sifrede numre - s\u00e5kalte kortkoder fra SureSMS.<\/p>\n<p>Fra nettstedet v\u00e5rt kan du enkelt bruke de mange alternativene: eksportere kontakter, opprette grupper, planlegge utsendelser og lage maler for \u00e5 gj\u00f8re kommunikasjonen raskere, enklere og mer profesjonell.<\/p>\n<p>Les mer her p\u00e5 nettstedet under Funksjoner og egenskaper, eller f\u00f8lg lenken nederst p\u00e5 siden til YouTube-kanalen v\u00e5r for \u00e5 se instruksjonsvideoene v\u00e5re.<\/p>\n<h2>Gratis SMS?<\/h2>\n<p>De fleste mobiltelefonabonnementer inkluderer gratis SMS. Siden vi betaler operat\u00f8rene for hver SMS som sendes, er det dessverre ikke mulig for oss \u00e5 tilby dette. Det koster 28 \u00f8re per SMS du sender p\u00e5 nettet.<\/p>\n<p>&nbsp;<\/p>\n\t<h4><strong>V\u00e5rt WEB-grensesnitt er enkelt \u00e5 bruke<\/strong><\/h4>\n<p>Du kan logge inn p\u00e5 nettstedet v\u00e5rt via f\u00f8lgende lenke <a href=\"https:\/\/app.suresms.com\">http:\/\/app.suresms.com<\/a> eller ved \u00e5 klikke p\u00e5 p\u00e5loggingsknappen \u00f8verst til h\u00f8yre p\u00e5 denne siden.<\/p>\n<p>SureSMS Gateway er spesielt utviklet for bedrifter og organisasjoner. Vi g\u00e5r manuelt gjennom alle kontoer f\u00f8r de opprettes for \u00e5 sikre at alle henvendelser er seri\u00f8se. Derfor kan det v\u00e6re en kort ventetid f\u00f8r du mottar e-post med p\u00e5loggingsinformasjon fra oss og kan begynne \u00e5 sende SMS.<\/p>\n<p>V\u00e5r l\u00f8sning er en s\u00e5kalt plattformuavhengig l\u00f8sning. Det betyr at den passer uansett om du bruker en PC eller Mac, et nettbrett med Android eller Windows. Systemet v\u00e5rt fungerer ogs\u00e5 for deg.<\/p>\n<p>Vi har l\u00f8st oppgaven med plattformuavhengighet ved \u00e5 bruke de spr\u00e5kene som brukes p\u00e5 nettet, og som alle enheter forst\u00e5r. Du kan for eksempel bruke SMS-l\u00f8sningen v\u00e5r via <a title=\"Beskrivelse av http-protokollen\" href=\"http:\/\/da.wikipedia.org\/wiki\/HTTP\">http<\/a>\u00a0eller via <a title=\"SMTP-protokoller\" href=\"http:\/\/da.wikipedia.org\/wiki\/Simple_Mail_Transfer_Protocol\">SMTP <\/a>(ogs\u00e5 kalt e-post).<\/p>\n\t<h4><strong>F\u00e5 en p\u00e5logging med en gang!<\/strong><\/h4>\n<p>For \u00e5 logge inn kreves det et brukernavn og passord. <strong>Du kan gj\u00f8re dette ved \u00e5 opprette en testkonto p\u00e5 denne siden.<\/strong><\/p>\n<p>Det koster ingenting \u00e5 f\u00e5 et brukernavn. Det er gratis \u00e5 opprette en konto i v\u00e5r gateway, og abonnementet koster 0,- DKK.<br \/>Vi har en transparent prispolitikk, s\u00e5 det finnes ingen skjulte kostnader eller abonnementer. Kundene v\u00e5re betaler en avm\u00e5lt pris, dvs. kun for de SMS-ene de sender. Du kan se v\u00e5re oppdaterte <a title=\"Priser p\u00e5 SMS-gateway, ingen oppsett, ingen abonnement\" href=\"https:\/\/suresms.com\/nb\/priser-paa-sms-gateway\/\">Priser<\/a>\u00a0Her.<\/p>\n<p>Med de 50 gratis meldingene du f\u00e5r n\u00e5r du oppretter en testkonto, har du mulighet til \u00e5 pr\u00f8ve ut SMS-gatewayen v\u00e5r uten \u00e5 betale. Du trenger IKKE \u00e5 oppgi kredittkortopplysninger for \u00e5 \u00e5pne en testkonto.<\/p>\n\t\t\t\t<img decoding=\"async\" src=\"https:\/\/suresms.com\/wp-content\/uploads\/2022\/08\/Webinterface-1-1.png\" alt=\"Send SMS fra PC\" itemprop=\"image\" height=\"1557\" width=\"2665\" title=\"SureSMS webgrensesnitt\" onerror=\"this.style.display='none'\" loading=\"lazy\" \/>\n\t<h4><strong>Enkelt \u00e5 integrere API og mange funksjoner\u00a0<\/strong><\/h4>\n<p>Vi elsker \u00e5 utvikle oss, og kundene v\u00e5re bruker oss p\u00e5 mange forskjellige m\u00e5ter. Det er vi stolte av.<\/p>\n<p>I \u00e5renes l\u00f8p har vi utviklet mange funksjoner og egenskaper for kundene v\u00e5re. Mange av dem finner du beskrevet i menyene p\u00e5 dette nettstedet, men hvis du ikke finner det du leter etter, er du velkommen til \u00e5 kontakte oss. Vi dekker det meste, og vi tar gjerne p\u00e5 oss nye utfordringer.<\/p>\n<p>Er du utvikler og vil vite mer om API-et v\u00e5rt? Sjekk ut v\u00e5re utviklersider eller ring oss p\u00e5 tlf: 50 322 322. Du kan ogs\u00e5 <a title=\"Kontakt oss\" href=\"https:\/\/suresms.com\/nb\/kontakt\/\">Send oss en melding her.<\/a><\/p>\n\t\t\t\t<img decoding=\"async\" src=\"https:\/\/suresms.com\/wp-content\/uploads\/2022\/06\/API-connection-1.png\" alt=\"Send SMS med API\" itemprop=\"image\" height=\"528\" width=\"960\" title=\"API-tilkobling\" onerror=\"this.style.display='none'\" loading=\"lazy\" \/>\n\t<h4><strong>Her kan du lese noen eksempler p\u00e5 hvordan kundene v\u00e5re bruker SMS-tjenesten v\u00e5r i dag:<\/strong><\/h4>\n<ul>\n<li>En dansk fagforening bruker v\u00e5r nettbaserte SMS-tjeneste til \u00e5 sende ut nyhetsbrev til sine kunder. Det er selvsagt enklere \u00e5 sende ut lange nyhetsbrev via datamaskinens st\u00f8rre tastatur, og det gir ogs\u00e5 mulighet til \u00e5 legge ved lenker med relevante artikler til organisasjonens medlemmer.<\/li>\n<li>En jaktforening p\u00e5 Sj\u00e6lland har opprettet en konto p\u00e5 v\u00e5r Gateway. Ettersom medlemmene i foreningen bytter p\u00e5 \u00e5 organisere jaktene, har de alle en innlogging til foreningens konto hvorfra de sender meldinger om kommende jakter til de andre medlemmene.<\/li>\n<li>Et varmeselskap bruker v\u00e5r gateway til \u00e5 varsle innbyggerne om avbrudd i forsyningen. N\u00e5r for eksempel varmen blir sl\u00e5tt av p\u00e5 grunn av reparasjoner i et gitt omr\u00e5de, hentes telefonnumrene ut av varmeselskapets system og limes inn p\u00e5 nettstedet v\u00e5rt, der de enkelt kan sende en melding til alle ber\u00f8rte husstander.<\/li>\n<\/ul>","protected":false},"excerpt":{"rendered":"<p>Send SMS fra PC eller Mac med v\u00e5r nettbaserte SMS-sender Det er mye raskere og enklere \u00e5 sende SMS-meldinger fra datamaskinen enn fra telefonen. Dessuten har du mange flere muligheter n\u00e5r du bruker en PC eller Mac. Du kan for eksempel legge ved PDF-filer, opprette ubegrensede lister, sende videoer (som mottakeren faktisk ... <a title=\"Send SMS fra PC\" class=\"read-more\" href=\"https:\/\/suresms.com\/nb\/funktioner\/send-sms-fra-pc\/\" aria-label=\"Les mer om Send SMS fra PC\">Les mer om dette<\/a><\/p>","protected":false},"author":1,"featured_media":0,"parent":958,"menu_order":2,"comment_status":"closed","ping_status":"closed","template":"","meta":{"_fl_builder_enabled":"1","_fl_builder_data":null,"_fl_builder_draft":null,"_fl_builder_data_settings":null,"_fl_builder_css":"","_fl_builder_css_version":"","_fl_builder_js":"","footnotes":""},"categories":[17],"tags":[],"class_list":{"0":"post-15657","1":"page","2":"type-page","3":"status-publish","5":"category-linkfracornorstone"},"yoast_head":"<!-- This site is optimized with the Yoast SEO Premium plugin v27.3 (Yoast SEO v27.3) - https:\/\/yoast.com\/product\/yoast-seo-premium-wordpress\/ -->\r\n<title>Send SMS fra PC - Send SMS fra Mac - Send SMS fra computer<\/title>\r\n<meta name=\"description\" content=\"Send SMS fra PC eller Send SMS fra Mac. Fordele ved at sende fra computer er arkivering, hastighed og deling af kontakter. Pr\u00f8v det gratis.\" \/>\r\n<meta name=\"robots\" content=\"index, follow, max-snippet:-1, max-image-preview:large, max-video-preview:-1\" \/>\r\n<link rel=\"canonical\" href=\"https:\/\/suresms.com\/nb\/funksjoner\/send-sms-fra-pc\/\" \/>\r\n<meta property=\"og:locale\" content=\"nb_NO\" \/>\r\n<meta property=\"og:type\" content=\"article\" \/>\r\n<meta property=\"og:title\" content=\"Send sms fra PC\" \/>\r\n<meta property=\"og:description\" content=\"Send SMS fra PC eller Send SMS fra Mac. Fordele ved at sende fra computer er arkivering, hastighed og deling af kontakter. Pr\u00f8v det gratis.\" \/>\r\n<meta property=\"og:url\" content=\"https:\/\/suresms.com\/nb\/funksjoner\/send-sms-fra-pc\/\" \/>\r\n<meta property=\"article:publisher\" content=\"https:\/\/www.facebook.com\/p\/SureSMS-100044607956149\/\" \/>\r\n<meta property=\"article:modified_time\" content=\"2025-11-06T05:51:06+00:00\" \/>\r\n<meta property=\"og:image\" content=\"https:\/\/suresms.com\/wp-content\/uploads\/2022\/06\/Send-sms-online-1.png\" \/>\r\n<meta name=\"twitter:card\" content=\"summary_large_image\" \/>\r\n<meta name=\"twitter:label1\" content=\"Ansl. lesetid\" \/>\n\t<meta name=\"twitter:data1\" content=\"9 minutter\" \/>\r\n<script type=\"application\/ld+json\" class=\"yoast-schema-graph\">{\"@context\":\"https:\\\/\\\/schema.org\",\"@graph\":[{\"@type\":\"WebPage\",\"@id\":\"https:\\\/\\\/suresms.com\\\/dk\\\/funktioner\\\/send-sms-fra-pc\\\/\",\"url\":\"https:\\\/\\\/suresms.com\\\/dk\\\/funktioner\\\/send-sms-fra-pc\\\/\",\"name\":\"Send SMS fra PC - Send SMS fra Mac - Send SMS fra computer\",\"isPartOf\":{\"@id\":\"https:\\\/\\\/suresms.com\\\/en\\\/#website\"},\"primaryImageOfPage\":{\"@id\":\"https:\\\/\\\/suresms.com\\\/dk\\\/funktioner\\\/send-sms-fra-pc\\\/#primaryimage\"},\"image\":{\"@id\":\"https:\\\/\\\/suresms.com\\\/dk\\\/funktioner\\\/send-sms-fra-pc\\\/#primaryimage\"},\"thumbnailUrl\":\"https:\\\/\\\/suresms.com\\\/wp-content\\\/uploads\\\/2022\\\/06\\\/Send-sms-online-1.png\",\"datePublished\":\"2022-06-29T21:49:16+00:00\",\"dateModified\":\"2025-11-06T05:51:06+00:00\",\"description\":\"Send SMS fra PC eller Send SMS fra Mac. Fordele ved at sende fra computer er arkivering, hastighed og deling af kontakter. Pr\u00f8v det gratis.\",\"breadcrumb\":{\"@id\":\"https:\\\/\\\/suresms.com\\\/dk\\\/funktioner\\\/send-sms-fra-pc\\\/#breadcrumb\"},\"inLanguage\":\"nb-NO\",\"potentialAction\":[{\"@type\":\"ReadAction\",\"target\":[\"https:\\\/\\\/suresms.com\\\/dk\\\/funktioner\\\/send-sms-fra-pc\\\/\"]}]},{\"@type\":\"ImageObject\",\"inLanguage\":\"nb-NO\",\"@id\":\"https:\\\/\\\/suresms.com\\\/dk\\\/funktioner\\\/send-sms-fra-pc\\\/#primaryimage\",\"url\":\"https:\\\/\\\/suresms.com\\\/wp-content\\\/uploads\\\/2022\\\/06\\\/Send-sms-online-1.png\",\"contentUrl\":\"https:\\\/\\\/suresms.com\\\/wp-content\\\/uploads\\\/2022\\\/06\\\/Send-sms-online-1.png\"},{\"@type\":\"BreadcrumbList\",\"@id\":\"https:\\\/\\\/suresms.com\\\/dk\\\/funktioner\\\/send-sms-fra-pc\\\/#breadcrumb\",\"itemListElement\":[{\"@type\":\"ListItem\",\"position\":1,\"name\":\"Home\",\"item\":\"https:\\\/\\\/suresms.com\\\/dk\\\/\"},{\"@type\":\"ListItem\",\"position\":2,\"name\":\"Funktioner\",\"item\":\"https:\\\/\\\/suresms.com\\\/dk\\\/funktioner\\\/\"},{\"@type\":\"ListItem\",\"position\":3,\"name\":\"Send sms fra PC\"}]},{\"@type\":\"WebSite\",\"@id\":\"https:\\\/\\\/suresms.com\\\/en\\\/#website\",\"url\":\"https:\\\/\\\/suresms.com\\\/en\\\/\",\"name\":\"SureSMS\",\"description\":\"Professionel SMS Gateway\",\"publisher\":{\"@id\":\"https:\\\/\\\/suresms.com\\\/en\\\/#organization\"},\"potentialAction\":[{\"@type\":\"SearchAction\",\"target\":{\"@type\":\"EntryPoint\",\"urlTemplate\":\"https:\\\/\\\/suresms.com\\\/en\\\/?s={search_term_string}\"},\"query-input\":{\"@type\":\"PropertyValueSpecification\",\"valueRequired\":true,\"valueName\":\"search_term_string\"}}],\"inLanguage\":\"nb-NO\"},{\"@type\":\"Organization\",\"@id\":\"https:\\\/\\\/suresms.com\\\/en\\\/#organization\",\"name\":\"SureSMS\",\"url\":\"https:\\\/\\\/suresms.com\\\/en\\\/\",\"logo\":{\"@type\":\"ImageObject\",\"inLanguage\":\"nb-NO\",\"@id\":\"https:\\\/\\\/suresms.com\\\/en\\\/#\\\/schema\\\/logo\\\/image\\\/\",\"url\":\"https:\\\/\\\/suresms.com\\\/wp-content\\\/uploads\\\/2024\\\/11\\\/suresms-300x65-1.png\",\"contentUrl\":\"https:\\\/\\\/suresms.com\\\/wp-content\\\/uploads\\\/2024\\\/11\\\/suresms-300x65-1.png\",\"width\":300,\"height\":65,\"caption\":\"SureSMS\"},\"image\":{\"@id\":\"https:\\\/\\\/suresms.com\\\/en\\\/#\\\/schema\\\/logo\\\/image\\\/\"},\"sameAs\":[\"https:\\\/\\\/www.facebook.com\\\/p\\\/SureSMS-100044607956149\\\/\"]}]}<\/script>\r\n<!-- \/ Yoast SEO Premium plugin. -->","yoast_head_json":{"title":"Send SMS fra PC - Send SMS fra Mac - Send SMS fra datamaskin","description":"Send SMS fra PC eller Send SMS fra Mac. Fordelene med \u00e5 sende fra datamaskinen er arkivering, hastighet og deling av kontakter. Pr\u00f8v det gratis.","robots":{"index":"index","follow":"follow","max-snippet":"max-snippet:-1","max-image-preview":"max-image-preview:large","max-video-preview":"max-video-preview:-1"},"canonical":"https:\/\/suresms.com\/nb\/funksjoner\/send-sms-fra-pc\/","og_locale":"nb_NO","og_type":"article","og_title":"Send sms fra PC","og_description":"Send SMS fra PC eller Send SMS fra Mac. Fordele ved at sende fra computer er arkivering, hastighed og deling af kontakter. Pr\u00f8v det gratis.","og_url":"https:\/\/suresms.com\/nb\/funksjoner\/send-sms-fra-pc\/","article_publisher":"https:\/\/www.facebook.com\/p\/SureSMS-100044607956149\/","article_modified_time":"2025-11-06T05:51:06+00:00","og_image":[{"url":"https:\/\/suresms.com\/wp-content\/uploads\/2022\/06\/Send-sms-online-1.png","type":"","width":"","height":""}],"twitter_card":"summary_large_image","twitter_misc":{"Ansl. lesetid":"9 minutter"},"schema":{"@context":"https:\/\/schema.org","@graph":[{"@type":"WebPage","@id":"https:\/\/suresms.com\/dk\/funktioner\/send-sms-fra-pc\/","url":"https:\/\/suresms.com\/dk\/funktioner\/send-sms-fra-pc\/","name":"Send SMS fra PC - Send SMS fra Mac - Send SMS fra datamaskin","isPartOf":{"@id":"https:\/\/suresms.com\/en\/#website"},"primaryImageOfPage":{"@id":"https:\/\/suresms.com\/dk\/funktioner\/send-sms-fra-pc\/#primaryimage"},"image":{"@id":"https:\/\/suresms.com\/dk\/funktioner\/send-sms-fra-pc\/#primaryimage"},"thumbnailUrl":"https:\/\/suresms.com\/wp-content\/uploads\/2022\/06\/Send-sms-online-1.png","datePublished":"2022-06-29T21:49:16+00:00","dateModified":"2025-11-06T05:51:06+00:00","description":"Send SMS fra PC eller Send SMS fra Mac. Fordelene med \u00e5 sende fra datamaskinen er arkivering, hastighet og deling av kontakter. Pr\u00f8v det gratis.","breadcrumb":{"@id":"https:\/\/suresms.com\/dk\/funktioner\/send-sms-fra-pc\/#breadcrumb"},"inLanguage":"nb-NO","potentialAction":[{"@type":"ReadAction","target":["https:\/\/suresms.com\/dk\/funktioner\/send-sms-fra-pc\/"]}]},{"@type":"ImageObject","inLanguage":"nb-NO","@id":"https:\/\/suresms.com\/dk\/funktioner\/send-sms-fra-pc\/#primaryimage","url":"https:\/\/suresms.com\/wp-content\/uploads\/2022\/06\/Send-sms-online-1.png","contentUrl":"https:\/\/suresms.com\/wp-content\/uploads\/2022\/06\/Send-sms-online-1.png"},{"@type":"BreadcrumbList","@id":"https:\/\/suresms.com\/dk\/funktioner\/send-sms-fra-pc\/#breadcrumb","itemListElement":[{"@type":"ListItem","position":1,"name":"Home","item":"https:\/\/suresms.com\/dk\/"},{"@type":"ListItem","position":2,"name":"Funktioner","item":"https:\/\/suresms.com\/dk\/funktioner\/"},{"@type":"ListItem","position":3,"name":"Send sms fra PC"}]},{"@type":"WebSite","@id":"https:\/\/suresms.com\/en\/#website","url":"https:\/\/suresms.com\/en\/","name":"SureSMS","description":"Profesjonell SMS-gateway","publisher":{"@id":"https:\/\/suresms.com\/en\/#organization"},"potentialAction":[{"@type":"SearchAction","target":{"@type":"EntryPoint","urlTemplate":"https:\/\/suresms.com\/en\/?s={search_term_string}"},"query-input":{"@type":"PropertyValueSpecification","valueRequired":true,"valueName":"search_term_string"}}],"inLanguage":"nb-NO"},{"@type":"Organization","@id":"https:\/\/suresms.com\/en\/#organization","name":"SureSMS","url":"https:\/\/suresms.com\/en\/","logo":{"@type":"ImageObject","inLanguage":"nb-NO","@id":"https:\/\/suresms.com\/en\/#\/schema\/logo\/image\/","url":"https:\/\/suresms.com\/wp-content\/uploads\/2024\/11\/suresms-300x65-1.png","contentUrl":"https:\/\/suresms.com\/wp-content\/uploads\/2024\/11\/suresms-300x65-1.png","width":300,"height":65,"caption":"SureSMS"},"image":{"@id":"https:\/\/suresms.com\/en\/#\/schema\/logo\/image\/"},"sameAs":["https:\/\/www.facebook.com\/p\/SureSMS-100044607956149\/"]}]}},"_links":{"self":[{"href":"https:\/\/suresms.com\/nb\/wp-json\/wp\/v2\/pages\/15657","targetHints":{"allow":["GET"]}}],"collection":[{"href":"https:\/\/suresms.com\/nb\/wp-json\/wp\/v2\/pages"}],"about":[{"href":"https:\/\/suresms.com\/nb\/wp-json\/wp\/v2\/types\/page"}],"author":[{"embeddable":true,"href":"https:\/\/suresms.com\/nb\/wp-json\/wp\/v2\/users\/1"}],"replies":[{"embeddable":true,"href":"https:\/\/suresms.com\/nb\/wp-json\/wp\/v2\/comments?post=15657"}],"version-history":[{"count":6,"href":"https:\/\/suresms.com\/nb\/wp-json\/wp\/v2\/pages\/15657\/revisions"}],"predecessor-version":[{"id":23528,"href":"https:\/\/suresms.com\/nb\/wp-json\/wp\/v2\/pages\/15657\/revisions\/23528"}],"up":[{"embeddable":true,"href":"https:\/\/suresms.com\/nb\/wp-json\/wp\/v2\/pages\/958"}],"wp:attachment":[{"href":"https:\/\/suresms.com\/nb\/wp-json\/wp\/v2\/media?parent=15657"}],"wp:term":[{"taxonomy":"category","embeddable":true,"href":"https:\/\/suresms.com\/nb\/wp-json\/wp\/v2\/categories?post=15657"},{"taxonomy":"post_tag","embeddable":true,"href":"https:\/\/suresms.com\/nb\/wp-json\/wp\/v2\/tags?post=15657"}],"curies":[{"name":"wp","href":"https:\/\/api.w.org\/{rel}","templated":true}]}}