{"id":1507,"date":"2016-01-14T15:20:23","date_gmt":"2016-01-14T13:20:23","guid":{"rendered":"https:\/\/www.suresms.com\/dk\/?page_id=1507"},"modified":"2026-04-14T04:38:10","modified_gmt":"2026-04-14T04:38:10","slug":"priser-og-betaling","status":"publish","type":"page","link":"https:\/\/suresms.com\/nb\/om-suresms\/priser-og-betaling\/","title":{"rendered":"Priser og betaling"},"content":{"rendered":"<h1>Priser og betaling<\/h1>\n<p>Bruk priskalkulatoren v\u00e5r nedenfor for \u00e5 finne ut hvor mye en SMS-l\u00f8sning koster per m\u00e5ned.<\/p>\n\t<h1>Betalingsmuligheter<\/h1>\n<p>Vi tilbyr ulike fleksible betalingsalternativer for v\u00e5re kunder.<\/p>\n<ul>\n<li>\n<ul>\n<li>Med SureSMS Gateway Account kj\u00f8per du vanligvis SMSer med kredittkort direkte fra nettstedet v\u00e5rt. Du vil motta en e-post fra oss n\u00e5r det er p\u00e5 tide \u00e5 fylle p\u00e5. Umiddelbart etter betaling vil du motta en faktura fra oss.<\/li>\n<\/ul>\n<\/li>\n<\/ul>\n<ul>\n<li>\n<ul>\n<li>Fakturer regnskapsf\u00f8reren en gang i m\u00e5neden eller per kvartal basert p\u00e5 forbruket i forrige periode. Hvis du velger forbruksbasert fakturering, er det en minimumsfakturering p\u00e5 100,- per m\u00e5ned.<\/li>\n<\/ul>\n<\/li>\n<\/ul>\n<ul>\n<li>\n<ul>\n<li>Faktura med forskuddsbetaling p\u00e5 f.eks. 200 eller 1000 DKK, som settes inn p\u00e5 din SMS-konto.<\/li>\n<\/ul>\n<\/li>\n<\/ul>\n<ul>\n<li>\n<ul>\n<li>Fakturering via EAN-nummer. Hvis du representerer en offentlig institusjon, har vi mulighet til \u00e5 sende fakturaen til deg via EAN-nummer.<\/li>\n<\/ul>\n<\/li>\n<\/ul>\n<p>NB! Vi aksepterer MasterCard, Visa og MobilePay. <\/p>\n\t<h1>Overskytende saldo ved avslutning av konto<\/h1>\n<p>Hvis du velger forskuddsbetaling eller betaling med kredittkort, er det viktig \u00e5 v\u00e6re oppmerksom p\u00e5 at et eventuelt overskytende bel\u00f8p ikke vil bli utbetalt hvis kontoen senere blir deaktivert eller stengt.<\/p>\n<p>Innskutte midler brukes utelukkende til SMS-bruk og relaterte tjenester, og en eventuell restsaldo vil bli kansellert n\u00e5r kontoen avsluttes. Dette gjelder uavhengig av om betalingen gj\u00f8res som en engangsforskuddsbetaling eller l\u00f8pende p\u00e5fylling via kredittkort.<\/p>\n\t<h2>Det med liten skrift<\/h2>\n<p>Husk at en SMS-melding alltid kan inneholde maksimalt 160 tegn inkludert mellomrom!<\/p>\n<p>Hvis meldingen din overstiger 160 tegn, vil den i praksis bli sendt som separate SMS-er og sl\u00e5tt sammen til \u00e9n lang tekst p\u00e5 mottakerens telefon. Som kunde m\u00e5 du betale for antall SMSer vi sender, s\u00e5 lengre SMSer blir litt dyrere.<\/p>\n<p>I nettappen v\u00e5r finnes det en teller, slik at du alltid kan se hvor mange tegn\/SMS-er du er oppe i mens du skriver tekstmeldingene dine.<\/p>\n<p>&nbsp;<\/p>\n<table>\n<thead>\n<tr>\n<th>Antall tegn<\/th>\n<th>Antall SMS-meldinger<\/th>\n<\/tr>\n<\/thead>\n<tbody>\n<tr>\n<td>0 - 160 tegn<\/td>\n<td>1 segment<\/td>\n<\/tr>\n<tr>\n<td>161 - 306 tegn<\/td>\n<td>2 segmenter<\/td>\n<\/tr>\n<tr>\n<td>307 - 459 tegn<\/td>\n<td>3 segmenter<\/td>\n<\/tr>\n<tr>\n<td>460 - 612 tegn<\/td>\n<td>4 segmenter<\/td>\n<\/tr>\n<tr>\n<td>613 - 765 tegn<\/td>\n<td>5 segmenter<\/td>\n<\/tr>\n<tr>\n<td>766 - 918 tegn<\/td>\n<td>6 segmenter<\/td>\n<\/tr>\n<tr>\n<td>919 - 1071 tegn<\/td>\n<td>7 segmenter<\/td>\n<\/tr>\n<tr>\n<td>1072 - 1224 tegn<\/td>\n<td>8 segmenter<\/td>\n<\/tr>\n<tr>\n<td>1225 - 1377 tegn<\/td>\n<td>9 segmenter<\/td>\n<\/tr>\n<tr>\n<td>1378 - 1530 tegn<\/td>\n<td>10 segmenter<\/td>\n<\/tr>\n<\/tbody>\n<\/table>\n<p>Hvis du velger \u00e5 sende tegn som ikke finnes i det \"vanlige\" alfabetet, for eksempel emojier, sendes teksten p\u00e5 en annen m\u00e5te, og det reduserer antall tegn som kan v\u00e6re i meldingen, i henhold til tabellen nedenfor.<\/p>\n<p>&nbsp;<\/p>\n<table>\n<thead>\n<tr>\n<th>Antall tegn<\/th>\n<th>Antall SMS-meldinger<\/th>\n<\/tr>\n<\/thead>\n<tbody>\n<tr>\n<td>0 - 70 tegn<\/td>\n<td>1 segment<\/td>\n<\/tr>\n<tr>\n<td>71 - 134 tegn<\/td>\n<td>2 segmenter<\/td>\n<\/tr>\n<tr>\n<td>135 - 201 tegn<\/td>\n<td>3 segmenter<\/td>\n<\/tr>\n<tr>\n<td>202 - 268 tegn<\/td>\n<td>4 segmenter<\/td>\n<\/tr>\n<tr>\n<td>269 - 335 tegn<\/td>\n<td>5 segmenter<\/td>\n<\/tr>\n<tr>\n<td>336 - 402 tegn<\/td>\n<td>6 segmenter<\/td>\n<\/tr>\n<tr>\n<td>403 - 469 tegn<\/td>\n<td>7 segmenter<\/td>\n<\/tr>\n<tr>\n<td>470 - 536 tegn<\/td>\n<td>8 segmenter<\/td>\n<\/tr>\n<tr>\n<td>537 - 603 tegn<\/td>\n<td>9 segmenter<\/td>\n<\/tr>\n<tr>\n<td>604 - 670 tegn<\/td>\n<td>10 segmenter<\/td>\n<\/tr>\n<\/tbody>\n<\/table>\n<p>&nbsp;<\/p>\n<p>V\u00e6r ogs\u00e5 oppmerksom p\u00e5 at det ikke er teknisk mulig \u00e5 sende SMS-meldinger til 3-, 4- eller 5-sifrede numre - s\u00e5kalte kortnumre - fra Sure SMS-gatewayen.<\/p>","protected":false},"excerpt":{"rendered":"<p>Priser og betaling Bruk v\u00e5r priskalkulator nedenfor for \u00e5 finne ut hvor mye en SMS-l\u00f8sning koster per m\u00e5ned. Betaling Vi tilbyr ulike fleksible betalingsalternativer for v\u00e5re kunder. Med SureSMS Gateway Account kj\u00f8per du vanligvis SMS-meldinger med kredittkort direkte fra nettsiden v\u00e5r. Du vil motta en e-post fra oss n\u00e5r det er p\u00e5 tide \u00e5... <a title=\"Priser og betaling\" class=\"read-more\" href=\"https:\/\/suresms.com\/nb\/om-suresms\/priser-og-betaling\/\" aria-label=\"Les mer om priser og betaling\">Les mer om dette<\/a><\/p>","protected":false},"author":1,"featured_media":0,"parent":18594,"menu_order":26,"comment_status":"closed","ping_status":"closed","template":"","meta":{"_fl_builder_enabled":"1","_fl_builder_data":null,"_fl_builder_draft":null,"_fl_builder_data_settings":null,"_fl_builder_css":"","_fl_builder_css_version":"","_fl_builder_js":"","footnotes":""},"categories":[],"tags":[],"class_list":["post-1507","page","type-page","status-publish"],"yoast_head":"<!-- This site is optimized with the Yoast SEO Premium plugin v27.3 (Yoast SEO v27.3) - https:\/\/yoast.com\/product\/yoast-seo-premium-wordpress\/ -->\r\n<title>Betaling - SureSMS. Gratis faktura. SE info om betaling her!<\/title>\r\n<meta name=\"description\" content=\"Hos SureSMS har du mulighed for at v\u00e6lge forskellige betalingsformer. \u00d8nsker du en faktura sender vi selvf\u00f8lgelig GRATIS faktura til alle vore kunder.\" \/>\r\n<meta name=\"robots\" content=\"index, follow, max-snippet:-1, max-image-preview:large, max-video-preview:-1\" \/>\r\n<link rel=\"canonical\" href=\"https:\/\/suresms.com\/nb\/om-suresms\/priser-og-betaling\/\" \/>\r\n<meta property=\"og:locale\" content=\"nb_NO\" \/>\r\n<meta property=\"og:type\" content=\"article\" \/>\r\n<meta property=\"og:title\" content=\"Priser og betaling\" \/>\r\n<meta property=\"og:description\" content=\"Hos SureSMS har du mulighed for at v\u00e6lge forskellige betalingsformer. \u00d8nsker du en faktura sender vi selvf\u00f8lgelig GRATIS faktura til alle vore kunder.\" \/>\r\n<meta property=\"og:url\" content=\"https:\/\/suresms.com\/nb\/om-suresms\/priser-og-betaling\/\" \/>\r\n<meta property=\"article:publisher\" content=\"https:\/\/www.facebook.com\/p\/SureSMS-100044607956149\/\" \/>\r\n<meta property=\"article:modified_time\" content=\"2026-04-14T04:38:10+00:00\" \/>\r\n<meta name=\"twitter:card\" content=\"summary_large_image\" \/>\r\n<meta name=\"twitter:label1\" content=\"Ansl. lesetid\" \/>\n\t<meta name=\"twitter:data1\" content=\"2 minutter\" \/>\r\n<script type=\"application\/ld+json\" class=\"yoast-schema-graph\">{\"@context\":\"https:\\\/\\\/schema.org\",\"@graph\":[{\"@type\":\"WebPage\",\"@id\":\"https:\\\/\\\/suresms.com\\\/dk\\\/om-suresms\\\/priser-og-betaling\\\/\",\"url\":\"https:\\\/\\\/suresms.com\\\/dk\\\/om-suresms\\\/priser-og-betaling\\\/\",\"name\":\"Betaling - SureSMS. Gratis faktura. SE info om betaling her!\",\"isPartOf\":{\"@id\":\"https:\\\/\\\/suresms.com\\\/en\\\/#website\"},\"datePublished\":\"2016-01-14T13:20:23+00:00\",\"dateModified\":\"2026-04-14T04:38:10+00:00\",\"description\":\"Hos SureSMS har du mulighed for at v\u00e6lge forskellige betalingsformer. \u00d8nsker du en faktura sender vi selvf\u00f8lgelig GRATIS faktura til alle vore kunder.\",\"breadcrumb\":{\"@id\":\"https:\\\/\\\/suresms.com\\\/dk\\\/om-suresms\\\/priser-og-betaling\\\/#breadcrumb\"},\"inLanguage\":\"nb-NO\",\"potentialAction\":[{\"@type\":\"ReadAction\",\"target\":[\"https:\\\/\\\/suresms.com\\\/dk\\\/om-suresms\\\/priser-og-betaling\\\/\"]}]},{\"@type\":\"BreadcrumbList\",\"@id\":\"https:\\\/\\\/suresms.com\\\/dk\\\/om-suresms\\\/priser-og-betaling\\\/#breadcrumb\",\"itemListElement\":[{\"@type\":\"ListItem\",\"position\":1,\"name\":\"Home\",\"item\":\"https:\\\/\\\/suresms.com\\\/dk\\\/\"},{\"@type\":\"ListItem\",\"position\":2,\"name\":\"Om SureSMS\",\"item\":\"https:\\\/\\\/suresms.com\\\/dk\\\/om-suresms\\\/\"},{\"@type\":\"ListItem\",\"position\":3,\"name\":\"Priser og betaling\"}]},{\"@type\":\"WebSite\",\"@id\":\"https:\\\/\\\/suresms.com\\\/en\\\/#website\",\"url\":\"https:\\\/\\\/suresms.com\\\/en\\\/\",\"name\":\"SureSMS\",\"description\":\"Professionel SMS Gateway\",\"publisher\":{\"@id\":\"https:\\\/\\\/suresms.com\\\/en\\\/#organization\"},\"potentialAction\":[{\"@type\":\"SearchAction\",\"target\":{\"@type\":\"EntryPoint\",\"urlTemplate\":\"https:\\\/\\\/suresms.com\\\/en\\\/?s={search_term_string}\"},\"query-input\":{\"@type\":\"PropertyValueSpecification\",\"valueRequired\":true,\"valueName\":\"search_term_string\"}}],\"inLanguage\":\"nb-NO\"},{\"@type\":\"Organization\",\"@id\":\"https:\\\/\\\/suresms.com\\\/en\\\/#organization\",\"name\":\"SureSMS\",\"url\":\"https:\\\/\\\/suresms.com\\\/en\\\/\",\"logo\":{\"@type\":\"ImageObject\",\"inLanguage\":\"nb-NO\",\"@id\":\"https:\\\/\\\/suresms.com\\\/en\\\/#\\\/schema\\\/logo\\\/image\\\/\",\"url\":\"https:\\\/\\\/suresms.com\\\/wp-content\\\/uploads\\\/2024\\\/11\\\/suresms-300x65-1.png\",\"contentUrl\":\"https:\\\/\\\/suresms.com\\\/wp-content\\\/uploads\\\/2024\\\/11\\\/suresms-300x65-1.png\",\"width\":300,\"height\":65,\"caption\":\"SureSMS\"},\"image\":{\"@id\":\"https:\\\/\\\/suresms.com\\\/en\\\/#\\\/schema\\\/logo\\\/image\\\/\"},\"sameAs\":[\"https:\\\/\\\/www.facebook.com\\\/p\\\/SureSMS-100044607956149\\\/\"]}]}<\/script>\r\n<!-- \/ Yoast SEO Premium plugin. -->","yoast_head_json":{"title":"Betaling - SureSMS. Gratis faktura. SE betalingsinfo her!","description":"Hos SureSMS har du muligheten til \u00e5 velge forskjellige betalingsmetoder. Hvis du \u00f8nsker en faktura, sender vi selvf\u00f8lgelig en GRATIS faktura til alle v\u00e5re kunder.","robots":{"index":"index","follow":"follow","max-snippet":"max-snippet:-1","max-image-preview":"max-image-preview:large","max-video-preview":"max-video-preview:-1"},"canonical":"https:\/\/suresms.com\/nb\/om-suresms\/priser-og-betaling\/","og_locale":"nb_NO","og_type":"article","og_title":"Priser og betaling","og_description":"Hos SureSMS har du mulighed for at v\u00e6lge forskellige betalingsformer. \u00d8nsker du en faktura sender vi selvf\u00f8lgelig GRATIS faktura til alle vore kunder.","og_url":"https:\/\/suresms.com\/nb\/om-suresms\/priser-og-betaling\/","article_publisher":"https:\/\/www.facebook.com\/p\/SureSMS-100044607956149\/","article_modified_time":"2026-04-14T04:38:10+00:00","twitter_card":"summary_large_image","twitter_misc":{"Ansl. lesetid":"2 minutter"},"schema":{"@context":"https:\/\/schema.org","@graph":[{"@type":"WebPage","@id":"https:\/\/suresms.com\/dk\/om-suresms\/priser-og-betaling\/","url":"https:\/\/suresms.com\/dk\/om-suresms\/priser-og-betaling\/","name":"Betaling - SureSMS. Gratis faktura. SE betalingsinfo her!","isPartOf":{"@id":"https:\/\/suresms.com\/en\/#website"},"datePublished":"2016-01-14T13:20:23+00:00","dateModified":"2026-04-14T04:38:10+00:00","description":"Hos SureSMS har du muligheten til \u00e5 velge forskjellige betalingsmetoder. Hvis du \u00f8nsker en faktura, sender vi selvf\u00f8lgelig en GRATIS faktura til alle v\u00e5re kunder.","breadcrumb":{"@id":"https:\/\/suresms.com\/dk\/om-suresms\/priser-og-betaling\/#breadcrumb"},"inLanguage":"nb-NO","potentialAction":[{"@type":"ReadAction","target":["https:\/\/suresms.com\/dk\/om-suresms\/priser-og-betaling\/"]}]},{"@type":"BreadcrumbList","@id":"https:\/\/suresms.com\/dk\/om-suresms\/priser-og-betaling\/#breadcrumb","itemListElement":[{"@type":"ListItem","position":1,"name":"Home","item":"https:\/\/suresms.com\/dk\/"},{"@type":"ListItem","position":2,"name":"Om SureSMS","item":"https:\/\/suresms.com\/dk\/om-suresms\/"},{"@type":"ListItem","position":3,"name":"Priser og betaling"}]},{"@type":"WebSite","@id":"https:\/\/suresms.com\/en\/#website","url":"https:\/\/suresms.com\/en\/","name":"SureSMS","description":"Profesjonell SMS-gateway","publisher":{"@id":"https:\/\/suresms.com\/en\/#organization"},"potentialAction":[{"@type":"SearchAction","target":{"@type":"EntryPoint","urlTemplate":"https:\/\/suresms.com\/en\/?s={search_term_string}"},"query-input":{"@type":"PropertyValueSpecification","valueRequired":true,"valueName":"search_term_string"}}],"inLanguage":"nb-NO"},{"@type":"Organization","@id":"https:\/\/suresms.com\/en\/#organization","name":"SureSMS","url":"https:\/\/suresms.com\/en\/","logo":{"@type":"ImageObject","inLanguage":"nb-NO","@id":"https:\/\/suresms.com\/en\/#\/schema\/logo\/image\/","url":"https:\/\/suresms.com\/wp-content\/uploads\/2024\/11\/suresms-300x65-1.png","contentUrl":"https:\/\/suresms.com\/wp-content\/uploads\/2024\/11\/suresms-300x65-1.png","width":300,"height":65,"caption":"SureSMS"},"image":{"@id":"https:\/\/suresms.com\/en\/#\/schema\/logo\/image\/"},"sameAs":["https:\/\/www.facebook.com\/p\/SureSMS-100044607956149\/"]}]}},"_links":{"self":[{"href":"https:\/\/suresms.com\/nb\/wp-json\/wp\/v2\/pages\/1507","targetHints":{"allow":["GET"]}}],"collection":[{"href":"https:\/\/suresms.com\/nb\/wp-json\/wp\/v2\/pages"}],"about":[{"href":"https:\/\/suresms.com\/nb\/wp-json\/wp\/v2\/types\/page"}],"author":[{"embeddable":true,"href":"https:\/\/suresms.com\/nb\/wp-json\/wp\/v2\/users\/1"}],"replies":[{"embeddable":true,"href":"https:\/\/suresms.com\/nb\/wp-json\/wp\/v2\/comments?post=1507"}],"version-history":[{"count":15,"href":"https:\/\/suresms.com\/nb\/wp-json\/wp\/v2\/pages\/1507\/revisions"}],"predecessor-version":[{"id":23898,"href":"https:\/\/suresms.com\/nb\/wp-json\/wp\/v2\/pages\/1507\/revisions\/23898"}],"up":[{"embeddable":true,"href":"https:\/\/suresms.com\/nb\/wp-json\/wp\/v2\/pages\/18594"}],"wp:attachment":[{"href":"https:\/\/suresms.com\/nb\/wp-json\/wp\/v2\/media?parent=1507"}],"wp:term":[{"taxonomy":"category","embeddable":true,"href":"https:\/\/suresms.com\/nb\/wp-json\/wp\/v2\/categories?post=1507"},{"taxonomy":"post_tag","embeddable":true,"href":"https:\/\/suresms.com\/nb\/wp-json\/wp\/v2\/tags?post=1507"}],"curies":[{"name":"wp","href":"https:\/\/api.w.org\/{rel}","templated":true}]}}