{"id":1449,"date":"2015-12-14T16:52:32","date_gmt":"2015-12-14T14:52:32","guid":{"rendered":"https:\/\/www.suresms.com\/dk\/?page_id=1449"},"modified":"2025-01-10T11:01:15","modified_gmt":"2025-01-10T11:01:15","slug":"overvaaking","status":"publish","type":"page","link":"https:\/\/suresms.com\/nb\/om-suresms\/overvagning\/","title":{"rendered":"Overv\u00e5king"},"content":{"rendered":"<!-- Flexy Breadcrumb -->\r\n\t\t\t<div class=\"fbc fbc-page\">\r\n\r\n\t\t\t\t<!-- Breadcrumb wrapper -->\r\n\t\t\t\t<div class=\"fbc-wrap\">\r\n\r\n\t\t\t\t\t<!-- Ordered list-->\r\n\t\t\t\t\t<ol class=\"fbc-items\" itemscope itemtype=\"https:\/\/schema.org\/BreadcrumbList\">\r\n\t\t\t\t\t\t            <li itemprop=\"itemListElement\" itemscope itemtype=\"https:\/\/schema.org\/ListItem\">\r\n                <span itemprop=\"name\">\r\n                    <!-- Home Link -->\r\n                    <a itemprop=\"item\" href=\"https:\/\/suresms.com\/nb\/\">\r\n                    \r\n                                                    <i class=\"fa fa-home\" aria-hidden=\"true\"><\/i>Hjem                    <\/a>\r\n                <\/span>\r\n                <meta itemprop=\"position\" content=\"1\" \/><!-- Meta Position-->\r\n             <\/li><li><span class=\"fbc-separator\">\/<\/span><\/li><li class=\"active\" itemprop=\"itemListElement\" itemscope itemtype=\"https:\/\/schema.org\/ListItem\"><span itemprop=\"name\" title=\"Overv\u00e5king\">Overv\u00e5king<\/span><meta itemprop=\"position\" content=\"2\" \/><\/li>\t\t\t\t\t<\/ol>\r\n\t\t\t\t\t<div class=\"clearfix\"><\/div>\r\n\t\t\t\t<\/div>\r\n\t\t\t<\/div>\r\n\t\t\t\n\t<h1>Overv\u00e5king<\/h1>\n<p>V\u00e5r f\u00f8rsteprioritet er \u00e5 s\u00f8rge for at tekstmeldingene blir sendt.<\/p>\n<p>N\u00e5r man tilbyr en SMS-tjeneste, er overv\u00e5kingssystemer n\u00f8kkelen til \u00e5 sikre riktig oppetid og s\u00f8rge for at meldingene faktisk blir sendt og levert til kundene. Det er altfor mange ting som kan g\u00e5 galt n\u00e5r man sender ut en SMS-melding, til at man bare kan stole p\u00e5 alarmer og maskiner.<\/p>\n<h4><strong>Full overv\u00e5king og alltid tilgjengelig 24\/7<\/strong><\/h4>\n<p>Vi har over 100 m\u00e5lepunkter i nettverket og infrastrukturen v\u00e5r som overv\u00e5kes hvert minutt, men vi er ikke bare avhengige av maskiner.<\/p>\n<p>S\u00e5 snart noe g\u00e5r galt, blir v\u00e5r driftsleder\/vakthavende tekniker umiddelbart informert. Det er alltid en mann p\u00e5 jobb hvis en server ikke sender eller mottar som forutsatt.<\/p>\n<p>Vi overv\u00e5ker serverne v\u00e5re kontinuerlig! 24 timer i d\u00f8gnet, 7 dager i uken, 365 dager i \u00e5ret. Vi ser p\u00e5 mens du sover for \u00e5 sikre den aller beste oppetiden.<\/p>\n<p>Vi overv\u00e5ker alle danske operat\u00f8rer og ogs\u00e5 de st\u00f8rre nordiske operat\u00f8rene for \u00e5 sikre optimal levering. Det betyr at vi oppdager hvis en av dem er nede eller av andre grunner ikke leverer. Dette gj\u00f8r at vi kan reagere umiddelbart og finne l\u00f8sninger p\u00e5 problemet.<\/p>\n<p><strong>Vi ligger alltid i forkant med det beste utstyret<\/strong><\/p>\n<p>For \u00e5 sikre at vi alltid leverer optimalt, s\u00f8rger vi for at vi alltid er oppdatert med den nyeste teknologien. Utstyret v\u00e5rt l\u00e6rer av feil. N\u00e5r en feil har oppst\u00e5tt \u00e9n gang, vil den samme handlingen neste gang sette i gang en korrigerende handling som automatisk gjenoppretter systemet til full drift.\u00a0<\/p>\n<p>Maskinl\u00e6ring ... L\u00e6ringsmaskinen i aksjon.<\/p>\n<h4><strong>Maksimal oppetid! Over 99,9 %<\/strong><\/h4>\n<p>Vi har maksimal oppetid hos SureSMS. P\u00e5 mange salgssider i bransjen kan du lese om oppetid p\u00e5 99,7 % eller 100 %.  Hos SureSMS er oppetiden v\u00e5r over 99,9, men i praksis er disse tallene bare avrundinger.<\/p>\n<p>Vi s\u00f8rger for at systemene v\u00e5re alltid er i drift og alltid overv\u00e5kes for \u00e5 fange opp eventuelle feil som skjer med maskiner eller leverand\u00f8rer.\u00a0<\/p>\n<p>Hvis telefonen du sender til, er sl\u00e5tt p\u00e5, s\u00f8rger vi for optimal overv\u00e5king for \u00e5 sikre at meldingen din n\u00e5r frem.<\/p>\n<p>\u00a0<\/p>\n\t<h4><strong>Her kan du lese noen eksempler p\u00e5 hvordan kundene v\u00e5re bruker den hostede SIM-l\u00f8sningen v\u00e5r:<\/strong><\/h4>\n<ul>\n<li><strong>Et dansk varmeforsyningsselskap<\/strong> bruke v\u00e5r hostede SIM-l\u00f8sning til \u00e5 <strong>sin virksomhet i Norge og Sverige<\/strong>. Akkurat som i Danmark m\u00e5 deres ansatte sende p\u00e5minnelser om avtaler til beboerne, men siden disse er p\u00e5 norske og svenske nummer, b\u00f8r toveisl\u00f8sningen selvf\u00f8lgelig v\u00e6re den samme.<\/li>\n<li><strong>Et dansk reklamebyr\u00e5<\/strong> sender ut fysiske brev til kundene med tilbud. Brevene inneholder et telefonnummer der kundene kan melde seg p\u00e5 tilbudene ved hjelp av et KEYWORD. Nummeret videresendes til reklamebyr\u00e5ets kundetelefon, slik at ogs\u00e5 fremtidige kunder kan ringe.<\/li>\n<li><strong>Et hotell n\u00e6r den dansk-tyske grensen<\/strong> bruker v\u00e5r 2-veis l\u00f8sning for kommunikasjon med fremtidige og tidligere kunder. Siden det er b\u00e5de dansker og tyskere blant gjestene, skal 2-veis-l\u00f8sningen selvf\u00f8lgelig ha b\u00e5de et dansk og et tysk mobilnummer.<\/li>\n<\/ul>\n\t\t<h3><a href=\"http:\/\/suresms.com\/nb\/dokumenter\/\" target=\"_self\">Bes\u00f8k nettstedet v\u00e5rt for h\u00e5ndboken<\/a><\/h3>\n\t\t\t\t<a href=\"http:\/\/suresms.com\/nb\/dokumenter\/\" target=\"_self\" itemprop=\"url\">\n\t\t\t\t<img loading=\"lazy\" decoding=\"async\" src=\"https:\/\/suresms.com\/wp-content\/uploads\/2016\/03\/Manual-400x250-px1.jpg\" alt=\"manuell nettside suresms\" itemprop=\"image\" height=\"250\" width=\"400\" title=\"Manuell 400x250 px\" onerror=\"this.style.display='none'\"  \/>\n\t\t\t\t<\/a>\n<p>For \u00e5 hjelpe kundene v\u00e5re har vi samlet alle instruksjoner og beskrivelser p\u00e5 suresms.com\/docs. Her kan du se hvordan gatewayen v\u00e5r fungerer og f\u00e5 enkle og brukervennlige instruksjoner for de mange funksjonene.<\/p>\n\t\t<h3><a href=\"http:\/\/developer.suresms.com\/\" target=\"_self\">utvikler.suresms.com<\/a><\/h3>\n\t\t\t\t<a href=\"http:\/\/developer.suresms.com\/\" target=\"_self\" itemprop=\"url\">\n\t\t\t\t<img loading=\"lazy\" decoding=\"async\" src=\"https:\/\/suresms.com\/wp-content\/uploads\/2016\/03\/developer-400x250-px.jpg\" alt=\"suresms-nettsted for utviklere\" itemprop=\"image\" height=\"250\" width=\"400\" title=\"utvikler 400x250 px\" onerror=\"this.style.display='none'\"  \/>\n\t\t\t\t<\/a>\nSureSMS er laget av utviklere for utviklere!<br \/>\nP\u00e5 developer.suresms.com har vi samlet dokumentasjon og kodeeksempler for \u00e5 gj\u00f8re det enkelt \u00e5 integrere gatewayen v\u00e5r i systemet ditt.\n\t\t<h3><a href=\"https:\/\/www.youtube.com\/channel\/UC1XGC5rl9mI9ndtBVn8yq7g\" target=\"_self\">Se instruksjonsvideoene v\u00e5re!<\/a><\/h3>\n\t\t\t\t<a href=\"https:\/\/www.youtube.com\/channel\/UC1XGC5rl9mI9ndtBVn8yq7g\" target=\"_self\" itemprop=\"url\">\n\t\t\t\t<img loading=\"lazy\" decoding=\"async\" src=\"https:\/\/suresms.com\/wp-content\/uploads\/2016\/03\/you-tube400x250px.jpg\" alt=\"suresms sms gateway you tube videoer\" itemprop=\"image\" height=\"250\" width=\"400\" title=\"you tube 400x250px\" onerror=\"this.style.display='none'\"  \/>\n\t\t\t\t<\/a>\n<p>Skal du komme i gang med en ny funksjon? Eller trenger du bare \u00e5 vite litt mer om hvordan gatewayen v\u00e5r fungerer? P\u00e5 Youtube har vi samlet instruksjonsvideoene v\u00e5re. Klar til \u00e5 sette i gang!<\/p>","protected":false},"excerpt":{"rendered":"<p>Overv\u00e5king \u00c5 s\u00f8rge for at SMS-meldinger blir sendt er v\u00e5r h\u00f8yeste prioritet. N\u00e5r du tilbyr en SMS-tjeneste, er overv\u00e5kingssystemer avgj\u00f8rende for \u00e5 sikre riktig oppetid og s\u00f8rge for at meldingene faktisk blir sendt og levert til kundene. Det er for mange ting som kan g\u00e5 galt n\u00e5r man sender ut en SMS-melding... <a title=\"Overv\u00e5king\" class=\"read-more\" href=\"https:\/\/suresms.com\/nb\/om-suresms\/overvagning\/\" aria-label=\"Les mer om overv\u00e5king\">Les mer om dette<\/a><\/p>","protected":false},"author":1,"featured_media":0,"parent":18594,"menu_order":16,"comment_status":"closed","ping_status":"closed","template":"","meta":{"_fl_builder_enabled":"1","_fl_builder_data":null,"_fl_builder_draft":null,"_fl_builder_data_settings":null,"_fl_builder_css":"","_fl_builder_css_version":"","_fl_builder_js":"","footnotes":""},"categories":[],"tags":[],"class_list":["post-1449","page","type-page","status-publish"],"yoast_head":"<!-- This site is optimized with the Yoast SEO Premium plugin v27.3 (Yoast SEO v27.3) - https:\/\/yoast.com\/product\/yoast-seo-premium-wordpress\/ -->\r\n<title>SMS Overv\u00e5gning | Fuld overv\u00e5gning og altid vagt 24\/7 \u2713<\/title>\r\n<meta name=\"description\" content=\"Overv\u00e5gning af servere og alle danske operat\u00f8rer 24 \/7 . Altid teknikere p\u00e5 vagt. Vi garanterer optimal kvalitet &amp; levering . H\u00f8j oppetid p\u00e5 99,9 %.\" \/>\r\n<meta name=\"robots\" content=\"index, follow, max-snippet:-1, max-image-preview:large, max-video-preview:-1\" \/>\r\n<link rel=\"canonical\" href=\"https:\/\/suresms.com\/nb\/om-suresms\/overvaaking\/\" \/>\r\n<meta property=\"og:locale\" content=\"nb_NO\" \/>\r\n<meta property=\"og:type\" content=\"article\" \/>\r\n<meta property=\"og:title\" content=\"Overv\u00e5gning\" \/>\r\n<meta property=\"og:description\" content=\"Overv\u00e5gning af servere og alle danske operat\u00f8rer 24 \/7 . Altid teknikere p\u00e5 vagt. Vi garanterer optimal kvalitet &amp; levering . H\u00f8j oppetid p\u00e5 99,9 %.\" \/>\r\n<meta property=\"og:url\" content=\"https:\/\/suresms.com\/nb\/om-suresms\/overvaaking\/\" \/>\r\n<meta property=\"article:publisher\" content=\"https:\/\/www.facebook.com\/p\/SureSMS-100044607956149\/\" \/>\r\n<meta property=\"article:modified_time\" content=\"2025-01-10T11:01:15+00:00\" \/>\r\n<meta property=\"og:image\" content=\"https:\/\/suresms.com\/wp-content\/uploads\/2016\/03\/Manual-400x250-px1.jpg\" \/>\r\n<meta name=\"twitter:card\" content=\"summary_large_image\" \/>\r\n<meta name=\"twitter:label1\" content=\"Ansl. lesetid\" \/>\n\t<meta name=\"twitter:data1\" content=\"3 minutter\" \/>\r\n<script type=\"application\/ld+json\" class=\"yoast-schema-graph\">{\"@context\":\"https:\\\/\\\/schema.org\",\"@graph\":[{\"@type\":\"WebPage\",\"@id\":\"https:\\\/\\\/suresms.com\\\/dk\\\/om-suresms\\\/overvagning\\\/\",\"url\":\"https:\\\/\\\/suresms.com\\\/dk\\\/om-suresms\\\/overvagning\\\/\",\"name\":\"SMS Overv\u00e5gning | Fuld overv\u00e5gning og altid vagt 24\\\/7 \u2713\",\"isPartOf\":{\"@id\":\"https:\\\/\\\/suresms.com\\\/en\\\/#website\"},\"primaryImageOfPage\":{\"@id\":\"https:\\\/\\\/suresms.com\\\/dk\\\/om-suresms\\\/overvagning\\\/#primaryimage\"},\"image\":{\"@id\":\"https:\\\/\\\/suresms.com\\\/dk\\\/om-suresms\\\/overvagning\\\/#primaryimage\"},\"thumbnailUrl\":\"https:\\\/\\\/suresms.com\\\/wp-content\\\/uploads\\\/2016\\\/03\\\/Manual-400x250-px1.jpg\",\"datePublished\":\"2015-12-14T14:52:32+00:00\",\"dateModified\":\"2025-01-10T11:01:15+00:00\",\"description\":\"Overv\u00e5gning af servere og alle danske operat\u00f8rer 24 \\\/7 . Altid teknikere p\u00e5 vagt. Vi garanterer optimal kvalitet & levering . H\u00f8j oppetid p\u00e5 99,9 %.\",\"breadcrumb\":{\"@id\":\"https:\\\/\\\/suresms.com\\\/dk\\\/om-suresms\\\/overvagning\\\/#breadcrumb\"},\"inLanguage\":\"nb-NO\",\"potentialAction\":[{\"@type\":\"ReadAction\",\"target\":[\"https:\\\/\\\/suresms.com\\\/dk\\\/om-suresms\\\/overvagning\\\/\"]}]},{\"@type\":\"ImageObject\",\"inLanguage\":\"nb-NO\",\"@id\":\"https:\\\/\\\/suresms.com\\\/dk\\\/om-suresms\\\/overvagning\\\/#primaryimage\",\"url\":\"https:\\\/\\\/suresms.com\\\/wp-content\\\/uploads\\\/2016\\\/03\\\/Manual-400x250-px1.jpg\",\"contentUrl\":\"https:\\\/\\\/suresms.com\\\/wp-content\\\/uploads\\\/2016\\\/03\\\/Manual-400x250-px1.jpg\"},{\"@type\":\"BreadcrumbList\",\"@id\":\"https:\\\/\\\/suresms.com\\\/dk\\\/om-suresms\\\/overvagning\\\/#breadcrumb\",\"itemListElement\":[{\"@type\":\"ListItem\",\"position\":1,\"name\":\"Home\",\"item\":\"https:\\\/\\\/suresms.com\\\/dk\\\/\"},{\"@type\":\"ListItem\",\"position\":2,\"name\":\"Om SureSMS\",\"item\":\"https:\\\/\\\/suresms.com\\\/dk\\\/om-suresms\\\/\"},{\"@type\":\"ListItem\",\"position\":3,\"name\":\"Overv\u00e5gning\"}]},{\"@type\":\"WebSite\",\"@id\":\"https:\\\/\\\/suresms.com\\\/en\\\/#website\",\"url\":\"https:\\\/\\\/suresms.com\\\/en\\\/\",\"name\":\"SureSMS\",\"description\":\"Professionel SMS Gateway\",\"publisher\":{\"@id\":\"https:\\\/\\\/suresms.com\\\/en\\\/#organization\"},\"potentialAction\":[{\"@type\":\"SearchAction\",\"target\":{\"@type\":\"EntryPoint\",\"urlTemplate\":\"https:\\\/\\\/suresms.com\\\/en\\\/?s={search_term_string}\"},\"query-input\":{\"@type\":\"PropertyValueSpecification\",\"valueRequired\":true,\"valueName\":\"search_term_string\"}}],\"inLanguage\":\"nb-NO\"},{\"@type\":\"Organization\",\"@id\":\"https:\\\/\\\/suresms.com\\\/en\\\/#organization\",\"name\":\"SureSMS\",\"url\":\"https:\\\/\\\/suresms.com\\\/en\\\/\",\"logo\":{\"@type\":\"ImageObject\",\"inLanguage\":\"nb-NO\",\"@id\":\"https:\\\/\\\/suresms.com\\\/en\\\/#\\\/schema\\\/logo\\\/image\\\/\",\"url\":\"https:\\\/\\\/suresms.com\\\/wp-content\\\/uploads\\\/2024\\\/11\\\/suresms-300x65-1.png\",\"contentUrl\":\"https:\\\/\\\/suresms.com\\\/wp-content\\\/uploads\\\/2024\\\/11\\\/suresms-300x65-1.png\",\"width\":300,\"height\":65,\"caption\":\"SureSMS\"},\"image\":{\"@id\":\"https:\\\/\\\/suresms.com\\\/en\\\/#\\\/schema\\\/logo\\\/image\\\/\"},\"sameAs\":[\"https:\\\/\\\/www.facebook.com\\\/p\\\/SureSMS-100044607956149\\\/\"]}]}<\/script>\r\n<!-- \/ Yoast SEO Premium plugin. -->","yoast_head_json":{"title":"SMS-overv\u00e5king | Full overv\u00e5king og alltid tilgjengelig 24\/7 \u2713.","description":"Overv\u00e5king av servere og alle danske operat\u00f8rer 24\/7. Alltid teknikere p\u00e5 vakt. Vi garanterer optimal kvalitet og levering. 99,9 % h\u00f8y oppetid.","robots":{"index":"index","follow":"follow","max-snippet":"max-snippet:-1","max-image-preview":"max-image-preview:large","max-video-preview":"max-video-preview:-1"},"canonical":"https:\/\/suresms.com\/nb\/om-suresms\/overvaaking\/","og_locale":"nb_NO","og_type":"article","og_title":"Overv\u00e5gning","og_description":"Overv\u00e5gning af servere og alle danske operat\u00f8rer 24 \/7 . Altid teknikere p\u00e5 vagt. Vi garanterer optimal kvalitet & levering . H\u00f8j oppetid p\u00e5 99,9 %.","og_url":"https:\/\/suresms.com\/nb\/om-suresms\/overvaaking\/","article_publisher":"https:\/\/www.facebook.com\/p\/SureSMS-100044607956149\/","article_modified_time":"2025-01-10T11:01:15+00:00","og_image":[{"url":"https:\/\/suresms.com\/wp-content\/uploads\/2016\/03\/Manual-400x250-px1.jpg","type":"","width":"","height":""}],"twitter_card":"summary_large_image","twitter_misc":{"Ansl. lesetid":"3 minutter"},"schema":{"@context":"https:\/\/schema.org","@graph":[{"@type":"WebPage","@id":"https:\/\/suresms.com\/dk\/om-suresms\/overvagning\/","url":"https:\/\/suresms.com\/dk\/om-suresms\/overvagning\/","name":"SMS-overv\u00e5king | Full overv\u00e5king og alltid tilgjengelig 24\/7 \u2713.","isPartOf":{"@id":"https:\/\/suresms.com\/en\/#website"},"primaryImageOfPage":{"@id":"https:\/\/suresms.com\/dk\/om-suresms\/overvagning\/#primaryimage"},"image":{"@id":"https:\/\/suresms.com\/dk\/om-suresms\/overvagning\/#primaryimage"},"thumbnailUrl":"https:\/\/suresms.com\/wp-content\/uploads\/2016\/03\/Manual-400x250-px1.jpg","datePublished":"2015-12-14T14:52:32+00:00","dateModified":"2025-01-10T11:01:15+00:00","description":"Overv\u00e5king av servere og alle danske operat\u00f8rer 24\/7. Alltid teknikere p\u00e5 vakt. Vi garanterer optimal kvalitet og levering. 99,9 % h\u00f8y oppetid.","breadcrumb":{"@id":"https:\/\/suresms.com\/dk\/om-suresms\/overvagning\/#breadcrumb"},"inLanguage":"nb-NO","potentialAction":[{"@type":"ReadAction","target":["https:\/\/suresms.com\/dk\/om-suresms\/overvagning\/"]}]},{"@type":"ImageObject","inLanguage":"nb-NO","@id":"https:\/\/suresms.com\/dk\/om-suresms\/overvagning\/#primaryimage","url":"https:\/\/suresms.com\/wp-content\/uploads\/2016\/03\/Manual-400x250-px1.jpg","contentUrl":"https:\/\/suresms.com\/wp-content\/uploads\/2016\/03\/Manual-400x250-px1.jpg"},{"@type":"BreadcrumbList","@id":"https:\/\/suresms.com\/dk\/om-suresms\/overvagning\/#breadcrumb","itemListElement":[{"@type":"ListItem","position":1,"name":"Home","item":"https:\/\/suresms.com\/dk\/"},{"@type":"ListItem","position":2,"name":"Om SureSMS","item":"https:\/\/suresms.com\/dk\/om-suresms\/"},{"@type":"ListItem","position":3,"name":"Overv\u00e5gning"}]},{"@type":"WebSite","@id":"https:\/\/suresms.com\/en\/#website","url":"https:\/\/suresms.com\/en\/","name":"SureSMS","description":"Profesjonell SMS-gateway","publisher":{"@id":"https:\/\/suresms.com\/en\/#organization"},"potentialAction":[{"@type":"SearchAction","target":{"@type":"EntryPoint","urlTemplate":"https:\/\/suresms.com\/en\/?s={search_term_string}"},"query-input":{"@type":"PropertyValueSpecification","valueRequired":true,"valueName":"search_term_string"}}],"inLanguage":"nb-NO"},{"@type":"Organization","@id":"https:\/\/suresms.com\/en\/#organization","name":"SureSMS","url":"https:\/\/suresms.com\/en\/","logo":{"@type":"ImageObject","inLanguage":"nb-NO","@id":"https:\/\/suresms.com\/en\/#\/schema\/logo\/image\/","url":"https:\/\/suresms.com\/wp-content\/uploads\/2024\/11\/suresms-300x65-1.png","contentUrl":"https:\/\/suresms.com\/wp-content\/uploads\/2024\/11\/suresms-300x65-1.png","width":300,"height":65,"caption":"SureSMS"},"image":{"@id":"https:\/\/suresms.com\/en\/#\/schema\/logo\/image\/"},"sameAs":["https:\/\/www.facebook.com\/p\/SureSMS-100044607956149\/"]}]}},"_links":{"self":[{"href":"https:\/\/suresms.com\/nb\/wp-json\/wp\/v2\/pages\/1449","targetHints":{"allow":["GET"]}}],"collection":[{"href":"https:\/\/suresms.com\/nb\/wp-json\/wp\/v2\/pages"}],"about":[{"href":"https:\/\/suresms.com\/nb\/wp-json\/wp\/v2\/types\/page"}],"author":[{"embeddable":true,"href":"https:\/\/suresms.com\/nb\/wp-json\/wp\/v2\/users\/1"}],"replies":[{"embeddable":true,"href":"https:\/\/suresms.com\/nb\/wp-json\/wp\/v2\/comments?post=1449"}],"version-history":[{"count":7,"href":"https:\/\/suresms.com\/nb\/wp-json\/wp\/v2\/pages\/1449\/revisions"}],"predecessor-version":[{"id":21406,"href":"https:\/\/suresms.com\/nb\/wp-json\/wp\/v2\/pages\/1449\/revisions\/21406"}],"up":[{"embeddable":true,"href":"https:\/\/suresms.com\/nb\/wp-json\/wp\/v2\/pages\/18594"}],"wp:attachment":[{"href":"https:\/\/suresms.com\/nb\/wp-json\/wp\/v2\/media?parent=1449"}],"wp:term":[{"taxonomy":"category","embeddable":true,"href":"https:\/\/suresms.com\/nb\/wp-json\/wp\/v2\/categories?post=1449"},{"taxonomy":"post_tag","embeddable":true,"href":"https:\/\/suresms.com\/nb\/wp-json\/wp\/v2\/tags?post=1449"}],"curies":[{"name":"wp","href":"https:\/\/api.w.org\/{rel}","templated":true}]}}