{"id":14437,"date":"2022-02-16T13:45:49","date_gmt":"2022-02-16T11:45:49","guid":{"rendered":"https:\/\/www.suresms.com\/dk\/?page_id=14437"},"modified":"2025-01-05T00:00:36","modified_gmt":"2025-01-05T00:00:36","slug":"cms-content-management-system-sms-integrasjon","status":"publish","type":"page","link":"https:\/\/suresms.com\/nb\/integrationer\/cms-content-management-system-sms-integration\/","title":{"rendered":"SMS-integrasjon med innholdsstyringssystemer (CMS-systemer)"},"content":{"rendered":"<!-- Flexy Breadcrumb -->\r\n\t\t\t<div class=\"fbc fbc-page\">\r\n\r\n\t\t\t\t<!-- Breadcrumb wrapper -->\r\n\t\t\t\t<div class=\"fbc-wrap\">\r\n\r\n\t\t\t\t\t<!-- Ordered list-->\r\n\t\t\t\t\t<ol class=\"fbc-items\" itemscope itemtype=\"https:\/\/schema.org\/BreadcrumbList\">\r\n\t\t\t\t\t\t            <li itemprop=\"itemListElement\" itemscope itemtype=\"https:\/\/schema.org\/ListItem\">\r\n                <span itemprop=\"name\">\r\n                    <!-- Home Link -->\r\n                    <a itemprop=\"item\" href=\"https:\/\/suresms.com\/nb\/\">\r\n                    \r\n                                                    <i class=\"fa fa-home\" aria-hidden=\"true\"><\/i>Hjem                    <\/a>\r\n                <\/span>\r\n                <meta itemprop=\"position\" content=\"1\" \/><!-- Meta Position-->\r\n             <\/li><li><span class=\"fbc-separator\">\/<\/span><\/li><li class=\"active\" itemprop=\"itemListElement\" itemscope itemtype=\"https:\/\/schema.org\/ListItem\"><span itemprop=\"name\" title=\"SMS-integrasjon med innholdsstyringssystemer (CMS-systemer)\">SMS-integrasjon for innhold...<\/span><meta itemprop=\"position\" content=\"2\" \/><\/li>\t\t\t\t\t<\/ol>\r\n\t\t\t\t\t<div class=\"clearfix\"><\/div>\r\n\t\t\t\t<\/div>\r\n\t\t\t<\/div>\r\n\t\t\t\n\t\t<h1><strong>SMS-integrasjon for innholdsstyringssystemer (CMS)<\/strong><\/h1>\n\t\t\t\t<img loading=\"lazy\" decoding=\"async\" src=\"https:\/\/suresms.com\/wp-content\/uploads\/2022\/02\/ContentManagementSystem-1.png\" alt=\"ContentManagementSystem\" itemprop=\"image\" height=\"440\" width=\"1109\" title=\"ContentManagementSystem\" onerror=\"this.style.display='none'\"  \/>\n\t<h3>Med SMS-integrasjon i Content Management System eller CMS-systemet ditt kan du kommunisere med kunder og ansatte raskt og effektivt.<\/h3>\n\t\t<h3>SMS i CMS-systemer<\/h3><p>Det finnes mange muligheter n\u00e5r du kobler CMS-systemet ditt til en SMS-gateway. Det kan v\u00e6re lurt \u00e5 sende varsler til administratorer om nye brukere som registrerer seg, n\u00e5r det kommer nye kommentarer til innholdet ditt, eller n\u00e5r brukere logger seg p\u00e5 CMS-et ditt. Du kan ogs\u00e5 integrere med for eksempel Contact Form 7, WooCommerce og Easy Digital Downloads, slik at du f\u00e5r en SMS n\u00e5r noen laster ned materiale.<\/p>\n<p>Det er ogs\u00e5 en \u00e5penbar mulighet for bes\u00f8kende p\u00e5 nettstedet ditt til \u00e5 registrere seg for SMS-nyhetsbrev og motta aktiveringskoder via SMS.<\/p>\n<p>Integrasjonen med SMS i CMS-systemet ditt krever at du har en plugin-modul for CMS-systemet ditt, for eksempel WordPress eller Joomla, og at du har tilgang til en SMS-gateway. SureSMS er en slik gateway.<\/p>\n<p>P\u00e5 denne siden kan du se en liste over plugin-moduler for ulike CMS-systemer som st\u00f8tter SureSMS som gateway. F\u00f8r du kan sette det opp, kan du bestille en gratis pr\u00f8vekonto for SureSMS for \u00e5 se om programtillegget og SureSMS sammen kan l\u00f8se din spesifikke oppgave.<\/p>\n\t<p>Nedenfor kan du se noen av de integrasjonene som allerede finnes mellom SureSMS og CMS-systemer.<\/p>\n\t\t\t\t<a href=\"https:\/\/suresms.com\/nb\/integrasjoner\/cms-content-management-system-sms-integrasjon\/wordpress-sms-integrasjon\/\" target=\"_self\" itemprop=\"url\">\n\t\t\t\t<img loading=\"lazy\" decoding=\"async\" src=\"https:\/\/suresms.com\/wp-content\/uploads\/2022\/02\/WpSMS-SureSMS-1-1.png\" alt=\"SMS WordPress med WP-SMS\" itemprop=\"image\" height=\"460\" width=\"1281\" title=\"WpSMS-SureSMS\" onerror=\"this.style.display='none'\"  \/>\n\t\t\t\t<\/a>\n<h3><a href=\"https:\/\/suresms.com\/nb\/integrasjoner\/cms-content-management-system-sms-integrasjon\/wordpress-sms-integrasjon\/\" target=\"_self\">WP-SMS<\/a><\/h3><p>WP-SMS er en gratis online WordPress-plugin som gir deg mange muligheter for \u00e5 integrere SMS p\u00e5 nettstedet ditt. SMS-lister, integrasjon med WooCommerce, ContactForm7, BuddyPress og mange, mange flere.<\/p>\n\t\t<h3><a href=\"https:\/\/suresms.com\/nb\/integrasjoner\/cms-content-management-system-sms-integrasjon\/joomla-sms-loesning\/\" target=\"_self\">Joomla<\/a><\/h3><p>SureSMS er valgt som en av standard SMS-gatewayene som Acyba bruker i sin AcySMS-l\u00f8sning.<\/p>\n<p>AcySMS er en gratis utvidelse for Joomla. Utvidelsen er fullt integrert med Joomla-nettstedet ditt og lar deg opprette oppf\u00f8lgingskampanjer, autosvar, nyhetsbrev, annonser, kampanjer, tilbud og autosvar .... alt via SMS.<\/p>","protected":false},"excerpt":{"rendered":"<p>SMS-integrasjon for Content Management Systems (CMS) Med SMS-integrasjon til ditt Content Management System eller CMS-system kan du raskt og effektivt kommunisere med kunder og ansatte. SMS i CMS-systemer Det finnes mange muligheter n\u00e5r du kobler CMS-systemet ditt til en SMS-gateway. Det kan for eksempel v\u00e6re lurt \u00e5 sende varsler til ... <a title=\"SMS-integrasjon med innholdsstyringssystemer (CMS-systemer)\" class=\"read-more\" href=\"https:\/\/suresms.com\/nb\/integrationer\/cms-content-management-system-sms-integration\/\" aria-label=\"Les mer om SMS-integrasjon for Content Management Systems (CMS)\">Les mer om dette<\/a><\/p>","protected":false},"author":1,"featured_media":0,"parent":9400,"menu_order":1,"comment_status":"closed","ping_status":"closed","template":"","meta":{"_fl_builder_enabled":"1","_fl_builder_data":null,"_fl_builder_draft":null,"_fl_builder_data_settings":null,"_fl_builder_css":"","_fl_builder_css_version":"","_fl_builder_js":"","footnotes":""},"categories":[],"tags":[],"class_list":["post-14437","page","type-page","status-publish"],"yoast_head":"<!-- This site is optimized with the Yoast SEO Premium plugin v27.3 (Yoast SEO v27.3) - https:\/\/yoast.com\/product\/yoast-seo-premium-wordpress\/ -->\r\n<title>SMS integration til Content Management Systemer (CMS systemer) - SMS integrationer til 2000+ systemer<\/title>\r\n<meta name=\"description\" content=\"SMS integrationer med 2000+ systemer. Mange forskellige muligheder og gratis ops\u00e6tning. API, webservice, JSON og meget mere\" \/>\r\n<meta name=\"robots\" content=\"index, follow, max-snippet:-1, max-image-preview:large, max-video-preview:-1\" \/>\r\n<link rel=\"canonical\" href=\"https:\/\/suresms.com\/nb\/integrasjoner\/cms-content-management-system-sms-integrasjon\/\" \/>\r\n<meta property=\"og:locale\" content=\"nb_NO\" \/>\r\n<meta property=\"og:type\" content=\"article\" \/>\r\n<meta property=\"og:title\" content=\"SMS integration til Content Management Systemer (CMS systemer)\" \/>\r\n<meta property=\"og:description\" content=\"SMS integrationer med 2000+ systemer. Mange forskellige muligheder og gratis ops\u00e6tning. API, webservice, JSON og meget mere\" \/>\r\n<meta property=\"og:url\" content=\"https:\/\/suresms.com\/nb\/integrasjoner\/cms-content-management-system-sms-integrasjon\/\" \/>\r\n<meta property=\"article:publisher\" content=\"https:\/\/www.facebook.com\/p\/SureSMS-100044607956149\/\" \/>\r\n<meta property=\"article:modified_time\" content=\"2025-01-05T00:00:36+00:00\" \/>\r\n<meta property=\"og:image\" content=\"https:\/\/suresms.com\/wp-content\/uploads\/2022\/02\/ContentManagementSystem-1.png\" \/>\r\n<meta name=\"twitter:card\" content=\"summary_large_image\" \/>\r\n<meta name=\"twitter:label1\" content=\"Ansl. lesetid\" \/>\n\t<meta name=\"twitter:data1\" content=\"6 minutter\" \/>\r\n<script type=\"application\/ld+json\" class=\"yoast-schema-graph\">{\"@context\":\"https:\\\/\\\/schema.org\",\"@graph\":[{\"@type\":\"WebPage\",\"@id\":\"https:\\\/\\\/suresms.com\\\/dk\\\/integrationer\\\/cms-content-management-system-sms-integration\\\/\",\"url\":\"https:\\\/\\\/suresms.com\\\/dk\\\/integrationer\\\/cms-content-management-system-sms-integration\\\/\",\"name\":\"SMS integration til Content Management Systemer (CMS systemer) - SMS integrationer til 2000+ systemer\",\"isPartOf\":{\"@id\":\"https:\\\/\\\/suresms.com\\\/en\\\/#website\"},\"primaryImageOfPage\":{\"@id\":\"https:\\\/\\\/suresms.com\\\/dk\\\/integrationer\\\/cms-content-management-system-sms-integration\\\/#primaryimage\"},\"image\":{\"@id\":\"https:\\\/\\\/suresms.com\\\/dk\\\/integrationer\\\/cms-content-management-system-sms-integration\\\/#primaryimage\"},\"thumbnailUrl\":\"https:\\\/\\\/suresms.com\\\/wp-content\\\/uploads\\\/2022\\\/02\\\/ContentManagementSystem-1.png\",\"datePublished\":\"2022-02-16T11:45:49+00:00\",\"dateModified\":\"2025-01-05T00:00:36+00:00\",\"description\":\"SMS integrationer med 2000+ systemer. Mange forskellige muligheder og gratis ops\u00e6tning. API, webservice, JSON og meget mere\",\"breadcrumb\":{\"@id\":\"https:\\\/\\\/suresms.com\\\/dk\\\/integrationer\\\/cms-content-management-system-sms-integration\\\/#breadcrumb\"},\"inLanguage\":\"nb-NO\",\"potentialAction\":[{\"@type\":\"ReadAction\",\"target\":[\"https:\\\/\\\/suresms.com\\\/dk\\\/integrationer\\\/cms-content-management-system-sms-integration\\\/\"]}]},{\"@type\":\"ImageObject\",\"inLanguage\":\"nb-NO\",\"@id\":\"https:\\\/\\\/suresms.com\\\/dk\\\/integrationer\\\/cms-content-management-system-sms-integration\\\/#primaryimage\",\"url\":\"https:\\\/\\\/suresms.com\\\/wp-content\\\/uploads\\\/2022\\\/02\\\/ContentManagementSystem-1.png\",\"contentUrl\":\"https:\\\/\\\/suresms.com\\\/wp-content\\\/uploads\\\/2022\\\/02\\\/ContentManagementSystem-1.png\"},{\"@type\":\"BreadcrumbList\",\"@id\":\"https:\\\/\\\/suresms.com\\\/dk\\\/integrationer\\\/cms-content-management-system-sms-integration\\\/#breadcrumb\",\"itemListElement\":[{\"@type\":\"ListItem\",\"position\":1,\"name\":\"Home\",\"item\":\"https:\\\/\\\/suresms.com\\\/dk\\\/\"},{\"@type\":\"ListItem\",\"position\":2,\"name\":\"Integrationer\",\"item\":\"https:\\\/\\\/suresms.com\\\/dk\\\/integrationer\\\/\"},{\"@type\":\"ListItem\",\"position\":3,\"name\":\"SMS integration til Content Management Systemer (CMS systemer)\"}]},{\"@type\":\"WebSite\",\"@id\":\"https:\\\/\\\/suresms.com\\\/en\\\/#website\",\"url\":\"https:\\\/\\\/suresms.com\\\/en\\\/\",\"name\":\"SureSMS\",\"description\":\"Professionel SMS Gateway\",\"publisher\":{\"@id\":\"https:\\\/\\\/suresms.com\\\/en\\\/#organization\"},\"potentialAction\":[{\"@type\":\"SearchAction\",\"target\":{\"@type\":\"EntryPoint\",\"urlTemplate\":\"https:\\\/\\\/suresms.com\\\/en\\\/?s={search_term_string}\"},\"query-input\":{\"@type\":\"PropertyValueSpecification\",\"valueRequired\":true,\"valueName\":\"search_term_string\"}}],\"inLanguage\":\"nb-NO\"},{\"@type\":\"Organization\",\"@id\":\"https:\\\/\\\/suresms.com\\\/en\\\/#organization\",\"name\":\"SureSMS\",\"url\":\"https:\\\/\\\/suresms.com\\\/en\\\/\",\"logo\":{\"@type\":\"ImageObject\",\"inLanguage\":\"nb-NO\",\"@id\":\"https:\\\/\\\/suresms.com\\\/en\\\/#\\\/schema\\\/logo\\\/image\\\/\",\"url\":\"https:\\\/\\\/suresms.com\\\/wp-content\\\/uploads\\\/2024\\\/11\\\/suresms-300x65-1.png\",\"contentUrl\":\"https:\\\/\\\/suresms.com\\\/wp-content\\\/uploads\\\/2024\\\/11\\\/suresms-300x65-1.png\",\"width\":300,\"height\":65,\"caption\":\"SureSMS\"},\"image\":{\"@id\":\"https:\\\/\\\/suresms.com\\\/en\\\/#\\\/schema\\\/logo\\\/image\\\/\"},\"sameAs\":[\"https:\\\/\\\/www.facebook.com\\\/p\\\/SureSMS-100044607956149\\\/\"]}]}<\/script>\r\n<!-- \/ Yoast SEO Premium plugin. -->","yoast_head_json":{"title":"SMS-integrasjon for Content Management Systems (CMS-systemer) - SMS-integrasjoner for mer enn 2000 systemer","description":"SMS-integrasjoner med mer enn 2000 systemer. Mange forskjellige alternativer og gratis oppsett. API, webtjeneste, JSON og mye mer","robots":{"index":"index","follow":"follow","max-snippet":"max-snippet:-1","max-image-preview":"max-image-preview:large","max-video-preview":"max-video-preview:-1"},"canonical":"https:\/\/suresms.com\/nb\/integrasjoner\/cms-content-management-system-sms-integrasjon\/","og_locale":"nb_NO","og_type":"article","og_title":"SMS integration til Content Management Systemer (CMS systemer)","og_description":"SMS integrationer med 2000+ systemer. Mange forskellige muligheder og gratis ops\u00e6tning. API, webservice, JSON og meget mere","og_url":"https:\/\/suresms.com\/nb\/integrasjoner\/cms-content-management-system-sms-integrasjon\/","article_publisher":"https:\/\/www.facebook.com\/p\/SureSMS-100044607956149\/","article_modified_time":"2025-01-05T00:00:36+00:00","og_image":[{"url":"https:\/\/suresms.com\/wp-content\/uploads\/2022\/02\/ContentManagementSystem-1.png","type":"","width":"","height":""}],"twitter_card":"summary_large_image","twitter_misc":{"Ansl. lesetid":"6 minutter"},"schema":{"@context":"https:\/\/schema.org","@graph":[{"@type":"WebPage","@id":"https:\/\/suresms.com\/dk\/integrationer\/cms-content-management-system-sms-integration\/","url":"https:\/\/suresms.com\/dk\/integrationer\/cms-content-management-system-sms-integration\/","name":"SMS-integrasjon for Content Management Systems (CMS-systemer) - SMS-integrasjoner for mer enn 2000 systemer","isPartOf":{"@id":"https:\/\/suresms.com\/en\/#website"},"primaryImageOfPage":{"@id":"https:\/\/suresms.com\/dk\/integrationer\/cms-content-management-system-sms-integration\/#primaryimage"},"image":{"@id":"https:\/\/suresms.com\/dk\/integrationer\/cms-content-management-system-sms-integration\/#primaryimage"},"thumbnailUrl":"https:\/\/suresms.com\/wp-content\/uploads\/2022\/02\/ContentManagementSystem-1.png","datePublished":"2022-02-16T11:45:49+00:00","dateModified":"2025-01-05T00:00:36+00:00","description":"SMS-integrasjoner med mer enn 2000 systemer. Mange forskjellige alternativer og gratis oppsett. API, webtjeneste, JSON og mye mer","breadcrumb":{"@id":"https:\/\/suresms.com\/dk\/integrationer\/cms-content-management-system-sms-integration\/#breadcrumb"},"inLanguage":"nb-NO","potentialAction":[{"@type":"ReadAction","target":["https:\/\/suresms.com\/dk\/integrationer\/cms-content-management-system-sms-integration\/"]}]},{"@type":"ImageObject","inLanguage":"nb-NO","@id":"https:\/\/suresms.com\/dk\/integrationer\/cms-content-management-system-sms-integration\/#primaryimage","url":"https:\/\/suresms.com\/wp-content\/uploads\/2022\/02\/ContentManagementSystem-1.png","contentUrl":"https:\/\/suresms.com\/wp-content\/uploads\/2022\/02\/ContentManagementSystem-1.png"},{"@type":"BreadcrumbList","@id":"https:\/\/suresms.com\/dk\/integrationer\/cms-content-management-system-sms-integration\/#breadcrumb","itemListElement":[{"@type":"ListItem","position":1,"name":"Home","item":"https:\/\/suresms.com\/dk\/"},{"@type":"ListItem","position":2,"name":"Integrationer","item":"https:\/\/suresms.com\/dk\/integrationer\/"},{"@type":"ListItem","position":3,"name":"SMS integration til Content Management Systemer (CMS systemer)"}]},{"@type":"WebSite","@id":"https:\/\/suresms.com\/en\/#website","url":"https:\/\/suresms.com\/en\/","name":"SureSMS","description":"Profesjonell SMS-gateway","publisher":{"@id":"https:\/\/suresms.com\/en\/#organization"},"potentialAction":[{"@type":"SearchAction","target":{"@type":"EntryPoint","urlTemplate":"https:\/\/suresms.com\/en\/?s={search_term_string}"},"query-input":{"@type":"PropertyValueSpecification","valueRequired":true,"valueName":"search_term_string"}}],"inLanguage":"nb-NO"},{"@type":"Organization","@id":"https:\/\/suresms.com\/en\/#organization","name":"SureSMS","url":"https:\/\/suresms.com\/en\/","logo":{"@type":"ImageObject","inLanguage":"nb-NO","@id":"https:\/\/suresms.com\/en\/#\/schema\/logo\/image\/","url":"https:\/\/suresms.com\/wp-content\/uploads\/2024\/11\/suresms-300x65-1.png","contentUrl":"https:\/\/suresms.com\/wp-content\/uploads\/2024\/11\/suresms-300x65-1.png","width":300,"height":65,"caption":"SureSMS"},"image":{"@id":"https:\/\/suresms.com\/en\/#\/schema\/logo\/image\/"},"sameAs":["https:\/\/www.facebook.com\/p\/SureSMS-100044607956149\/"]}]}},"_links":{"self":[{"href":"https:\/\/suresms.com\/nb\/wp-json\/wp\/v2\/pages\/14437","targetHints":{"allow":["GET"]}}],"collection":[{"href":"https:\/\/suresms.com\/nb\/wp-json\/wp\/v2\/pages"}],"about":[{"href":"https:\/\/suresms.com\/nb\/wp-json\/wp\/v2\/types\/page"}],"author":[{"embeddable":true,"href":"https:\/\/suresms.com\/nb\/wp-json\/wp\/v2\/users\/1"}],"replies":[{"embeddable":true,"href":"https:\/\/suresms.com\/nb\/wp-json\/wp\/v2\/comments?post=14437"}],"version-history":[{"count":3,"href":"https:\/\/suresms.com\/nb\/wp-json\/wp\/v2\/pages\/14437\/revisions"}],"predecessor-version":[{"id":21037,"href":"https:\/\/suresms.com\/nb\/wp-json\/wp\/v2\/pages\/14437\/revisions\/21037"}],"up":[{"embeddable":true,"href":"https:\/\/suresms.com\/nb\/wp-json\/wp\/v2\/pages\/9400"}],"wp:attachment":[{"href":"https:\/\/suresms.com\/nb\/wp-json\/wp\/v2\/media?parent=14437"}],"wp:term":[{"taxonomy":"category","embeddable":true,"href":"https:\/\/suresms.com\/nb\/wp-json\/wp\/v2\/categories?post=14437"},{"taxonomy":"post_tag","embeddable":true,"href":"https:\/\/suresms.com\/nb\/wp-json\/wp\/v2\/tags?post=14437"}],"curies":[{"name":"wp","href":"https:\/\/api.w.org\/{rel}","templated":true}]}}