{"id":1443,"date":"2015-12-14T16:47:20","date_gmt":"2015-12-14T14:47:20","guid":{"rendered":"https:\/\/www.suresms.com\/dk\/?page_id=1443"},"modified":"2024-11-29T17:26:58","modified_gmt":"2024-11-29T17:26:58","slug":"sikkerhet","status":"publish","type":"page","link":"https:\/\/suresms.com\/nb\/om-suresms\/sikkerhed\/","title":{"rendered":"Trygghet og sikkerhet"},"content":{"rendered":"<!-- Flexy Breadcrumb -->\r\n\t\t\t<div class=\"fbc fbc-page\">\r\n\r\n\t\t\t\t<!-- Breadcrumb wrapper -->\r\n\t\t\t\t<div class=\"fbc-wrap\">\r\n\r\n\t\t\t\t\t<!-- Ordered list-->\r\n\t\t\t\t\t<ol class=\"fbc-items\" itemscope itemtype=\"https:\/\/schema.org\/BreadcrumbList\">\r\n\t\t\t\t\t\t            <li itemprop=\"itemListElement\" itemscope itemtype=\"https:\/\/schema.org\/ListItem\">\r\n                <span itemprop=\"name\">\r\n                    <!-- Home Link -->\r\n                    <a itemprop=\"item\" href=\"https:\/\/suresms.com\/nb\/\">\r\n                    \r\n                                                    <i class=\"fa fa-home\" aria-hidden=\"true\"><\/i>Hjem                    <\/a>\r\n                <\/span>\r\n                <meta itemprop=\"position\" content=\"1\" \/><!-- Meta Position-->\r\n             <\/li><li><span class=\"fbc-separator\">\/<\/span><\/li><li class=\"active\" itemprop=\"itemListElement\" itemscope itemtype=\"https:\/\/schema.org\/ListItem\"><span itemprop=\"name\" title=\"Trygghet og sikkerhet\">Trygghet og sikkerhet<\/span><meta itemprop=\"position\" content=\"2\" \/><\/li>\t\t\t\t\t<\/ol>\r\n\t\t\t\t\t<div class=\"clearfix\"><\/div>\r\n\t\t\t\t<\/div>\r\n\t\t\t<\/div>\r\n\t\t\t\n<h1>\n\t\tTrygghet og sikkerhet\n\t<\/h1>\n\t<p>... er det viktigste for oss. Sikkerhet for det:<\/p>\n<ul>\n<li>...SMS-meldingene dine blir levert.<\/li>\n<li>... ingen andre kan se tekstmeldingene dine.<\/li>\n<li>...andre ikke kan sende SMS-meldinger p\u00e5 dine vegne.<\/li>\n<\/ul>\n\t\t<h2>\t\n\tTilgang til data<\/h2><p>Det er kun v\u00e5re danske autoriserte medarbeidere med taushetsplikt, ansatt av SureSMS, som har tilgang til opplysningene dine.<\/p>\n\t\t<h2>\t\n\tSikkerhetskopiering<\/h2><p>Vi tar kontinuerlig sikkerhetskopi av alle data for \u00e5 sikre at de ikke g\u00e5r tapt. Sikkerhetskopiene lagres p\u00e5 forskjellige fysiske steder, og gjenopprettingstiden er testet til 2 timer.<\/p>\n\t\t<h2>\t\n\tAutomatisk sletting<\/h2><p>Vi tilbyr systematisk sletting av meldinger hvis kundene v\u00e5re ber om det. For eksempel hvis meldingene inneholder sensitive personopplysninger. Dette kan settes opp direkte fra v\u00e5r WEB-portal.<\/p>\n\t\t<h2>\t\n\tKryptering<\/h2><p>All kommunikasjon til og fra SureSMS er kryptert med den nyeste teknologien. Dette betyr at overf\u00f8ringen alltid er sikker. Data som lagres hos SureSMS er ogs\u00e5 kryptert.<\/p>\n\t\t<h2><a href=\"https:\/\/suresms.com\/nb\/om-suresms\/overvaaking\/\" target=\"_self\">\t\n\tOverv\u00e5king<\/a><\/h2><p>Systemer som holder \u00f8ye med systemene. Vi overv\u00e5ker leveringskvalitet, leveringshastighet, oppetid, tilgjengelighet og mye mer.<\/p>\n\t\t<h2>\t\n\tOppetid<\/h2><p>Vi garanterer en oppetid p\u00e5 99,99%, men det siste \u00e5ret har den v\u00e6rt 99,998%.<\/p>","protected":false},"excerpt":{"rendered":"<p>Sikkerhet ... er det viktigste for oss. Sikkerhet for at: ... SMS-meldingene dine blir levert. ... ingen andre kan se SMS-meldingene dine. ... ingen andre kan sende SMS-meldinger p\u00e5 dine vegne. Tilgang til data Kun v\u00e5re danske autoriserte medarbeidere med taushetsplikt, ansatt av SureSMS, har tilgang til ... <a title=\"Trygghet og sikkerhet\" class=\"read-more\" href=\"https:\/\/suresms.com\/nb\/om-suresms\/sikkerhed\/\" aria-label=\"Les mer om sikkerhet\">Les mer om dette<\/a><\/p>","protected":false},"author":1,"featured_media":0,"parent":18594,"menu_order":13,"comment_status":"closed","ping_status":"closed","template":"","meta":{"_fl_builder_enabled":"1","_fl_builder_data":null,"_fl_builder_draft":null,"_fl_builder_data_settings":null,"_fl_builder_css":"","_fl_builder_css_version":"","_fl_builder_js":"","footnotes":""},"categories":[],"tags":[],"class_list":["post-1443","page","type-page","status-publish"],"yoast_head":"<!-- This site is optimized with the Yoast SEO Premium plugin v27.3 (Yoast SEO v27.3) - https:\/\/yoast.com\/product\/yoast-seo-premium-wordpress\/ -->\r\n<title>Vi g\u00f8r alt for at dine beskeder n\u00e5r frem. L\u00e6s alt om sikkerhed her.<\/title>\r\n<meta name=\"description\" content=\"Hos SureSMS er sikkerhed det vigtigste: Datasikkerhed: De allerbedste leverand\u00f8rer, SSL-kryptering af data, Co-locatede servere flere steder p\u00e5 Sj\u00e6lland.\" \/>\r\n<meta name=\"robots\" content=\"index, follow, max-snippet:-1, max-image-preview:large, max-video-preview:-1\" \/>\r\n<link rel=\"canonical\" href=\"https:\/\/suresms.com\/nb\/om-suresms\/sikkerhet\/\" \/>\r\n<meta property=\"og:locale\" content=\"nb_NO\" \/>\r\n<meta property=\"og:type\" content=\"article\" \/>\r\n<meta property=\"og:title\" content=\"Sikkerhed\" \/>\r\n<meta property=\"og:description\" content=\"Hos SureSMS er sikkerhed det vigtigste: Datasikkerhed: De allerbedste leverand\u00f8rer, SSL-kryptering af data, Co-locatede servere flere steder p\u00e5 Sj\u00e6lland.\" \/>\r\n<meta property=\"og:url\" content=\"https:\/\/suresms.com\/nb\/om-suresms\/sikkerhet\/\" \/>\r\n<meta property=\"article:publisher\" content=\"https:\/\/www.facebook.com\/p\/SureSMS-100044607956149\/\" \/>\r\n<meta property=\"article:modified_time\" content=\"2024-11-29T17:26:58+00:00\" \/>\r\n<meta name=\"twitter:card\" content=\"summary_large_image\" \/>\r\n<meta name=\"twitter:label1\" content=\"Ansl. lesetid\" \/>\n\t<meta name=\"twitter:data1\" content=\"1 minutt\" \/>\r\n<script type=\"application\/ld+json\" class=\"yoast-schema-graph\">{\"@context\":\"https:\\\/\\\/schema.org\",\"@graph\":[{\"@type\":\"WebPage\",\"@id\":\"https:\\\/\\\/suresms.com\\\/dk\\\/om-suresms\\\/sikkerhed\\\/\",\"url\":\"https:\\\/\\\/suresms.com\\\/dk\\\/om-suresms\\\/sikkerhed\\\/\",\"name\":\"Vi g\u00f8r alt for at dine beskeder n\u00e5r frem. L\u00e6s alt om sikkerhed her.\",\"isPartOf\":{\"@id\":\"https:\\\/\\\/suresms.com\\\/en\\\/#website\"},\"datePublished\":\"2015-12-14T14:47:20+00:00\",\"dateModified\":\"2024-11-29T17:26:58+00:00\",\"description\":\"Hos SureSMS er sikkerhed det vigtigste: Datasikkerhed: De allerbedste leverand\u00f8rer, SSL-kryptering af data, Co-locatede servere flere steder p\u00e5 Sj\u00e6lland.\",\"breadcrumb\":{\"@id\":\"https:\\\/\\\/suresms.com\\\/dk\\\/om-suresms\\\/sikkerhed\\\/#breadcrumb\"},\"inLanguage\":\"nb-NO\",\"potentialAction\":[{\"@type\":\"ReadAction\",\"target\":[\"https:\\\/\\\/suresms.com\\\/dk\\\/om-suresms\\\/sikkerhed\\\/\"]}]},{\"@type\":\"BreadcrumbList\",\"@id\":\"https:\\\/\\\/suresms.com\\\/dk\\\/om-suresms\\\/sikkerhed\\\/#breadcrumb\",\"itemListElement\":[{\"@type\":\"ListItem\",\"position\":1,\"name\":\"Home\",\"item\":\"https:\\\/\\\/suresms.com\\\/dk\\\/\"},{\"@type\":\"ListItem\",\"position\":2,\"name\":\"Om SureSMS\",\"item\":\"https:\\\/\\\/suresms.com\\\/dk\\\/om-suresms\\\/\"},{\"@type\":\"ListItem\",\"position\":3,\"name\":\"Sikkerhed\"}]},{\"@type\":\"WebSite\",\"@id\":\"https:\\\/\\\/suresms.com\\\/en\\\/#website\",\"url\":\"https:\\\/\\\/suresms.com\\\/en\\\/\",\"name\":\"SureSMS\",\"description\":\"Professionel SMS Gateway\",\"publisher\":{\"@id\":\"https:\\\/\\\/suresms.com\\\/en\\\/#organization\"},\"potentialAction\":[{\"@type\":\"SearchAction\",\"target\":{\"@type\":\"EntryPoint\",\"urlTemplate\":\"https:\\\/\\\/suresms.com\\\/en\\\/?s={search_term_string}\"},\"query-input\":{\"@type\":\"PropertyValueSpecification\",\"valueRequired\":true,\"valueName\":\"search_term_string\"}}],\"inLanguage\":\"nb-NO\"},{\"@type\":\"Organization\",\"@id\":\"https:\\\/\\\/suresms.com\\\/en\\\/#organization\",\"name\":\"SureSMS\",\"url\":\"https:\\\/\\\/suresms.com\\\/en\\\/\",\"logo\":{\"@type\":\"ImageObject\",\"inLanguage\":\"nb-NO\",\"@id\":\"https:\\\/\\\/suresms.com\\\/en\\\/#\\\/schema\\\/logo\\\/image\\\/\",\"url\":\"https:\\\/\\\/suresms.com\\\/wp-content\\\/uploads\\\/2024\\\/11\\\/suresms-300x65-1.png\",\"contentUrl\":\"https:\\\/\\\/suresms.com\\\/wp-content\\\/uploads\\\/2024\\\/11\\\/suresms-300x65-1.png\",\"width\":300,\"height\":65,\"caption\":\"SureSMS\"},\"image\":{\"@id\":\"https:\\\/\\\/suresms.com\\\/en\\\/#\\\/schema\\\/logo\\\/image\\\/\"},\"sameAs\":[\"https:\\\/\\\/www.facebook.com\\\/p\\\/SureSMS-100044607956149\\\/\"]}]}<\/script>\r\n<!-- \/ Yoast SEO Premium plugin. -->","yoast_head_json":{"title":"Vi gj\u00f8r alt vi kan for \u00e5 sikre at meldingene dine n\u00e5r frem. Les alt om sikkerhet her.","description":"Hos SureSMS er sikkerhet det aller viktigste: Datasikkerhet: De aller beste leverand\u00f8rene, SSL-kryptering av data, samlokaliserte servere p\u00e5 flere steder p\u00e5 Sj\u00e6lland.","robots":{"index":"index","follow":"follow","max-snippet":"max-snippet:-1","max-image-preview":"max-image-preview:large","max-video-preview":"max-video-preview:-1"},"canonical":"https:\/\/suresms.com\/nb\/om-suresms\/sikkerhet\/","og_locale":"nb_NO","og_type":"article","og_title":"Sikkerhed","og_description":"Hos SureSMS er sikkerhed det vigtigste: Datasikkerhed: De allerbedste leverand\u00f8rer, SSL-kryptering af data, Co-locatede servere flere steder p\u00e5 Sj\u00e6lland.","og_url":"https:\/\/suresms.com\/nb\/om-suresms\/sikkerhet\/","article_publisher":"https:\/\/www.facebook.com\/p\/SureSMS-100044607956149\/","article_modified_time":"2024-11-29T17:26:58+00:00","twitter_card":"summary_large_image","twitter_misc":{"Ansl. lesetid":"1 minutt"},"schema":{"@context":"https:\/\/schema.org","@graph":[{"@type":"WebPage","@id":"https:\/\/suresms.com\/dk\/om-suresms\/sikkerhed\/","url":"https:\/\/suresms.com\/dk\/om-suresms\/sikkerhed\/","name":"Vi gj\u00f8r alt vi kan for \u00e5 sikre at meldingene dine n\u00e5r frem. Les alt om sikkerhet her.","isPartOf":{"@id":"https:\/\/suresms.com\/en\/#website"},"datePublished":"2015-12-14T14:47:20+00:00","dateModified":"2024-11-29T17:26:58+00:00","description":"Hos SureSMS er sikkerhet det aller viktigste: Datasikkerhet: De aller beste leverand\u00f8rene, SSL-kryptering av data, samlokaliserte servere p\u00e5 flere steder p\u00e5 Sj\u00e6lland.","breadcrumb":{"@id":"https:\/\/suresms.com\/dk\/om-suresms\/sikkerhed\/#breadcrumb"},"inLanguage":"nb-NO","potentialAction":[{"@type":"ReadAction","target":["https:\/\/suresms.com\/dk\/om-suresms\/sikkerhed\/"]}]},{"@type":"BreadcrumbList","@id":"https:\/\/suresms.com\/dk\/om-suresms\/sikkerhed\/#breadcrumb","itemListElement":[{"@type":"ListItem","position":1,"name":"Home","item":"https:\/\/suresms.com\/dk\/"},{"@type":"ListItem","position":2,"name":"Om SureSMS","item":"https:\/\/suresms.com\/dk\/om-suresms\/"},{"@type":"ListItem","position":3,"name":"Sikkerhed"}]},{"@type":"WebSite","@id":"https:\/\/suresms.com\/en\/#website","url":"https:\/\/suresms.com\/en\/","name":"SureSMS","description":"Profesjonell SMS-gateway","publisher":{"@id":"https:\/\/suresms.com\/en\/#organization"},"potentialAction":[{"@type":"SearchAction","target":{"@type":"EntryPoint","urlTemplate":"https:\/\/suresms.com\/en\/?s={search_term_string}"},"query-input":{"@type":"PropertyValueSpecification","valueRequired":true,"valueName":"search_term_string"}}],"inLanguage":"nb-NO"},{"@type":"Organization","@id":"https:\/\/suresms.com\/en\/#organization","name":"SureSMS","url":"https:\/\/suresms.com\/en\/","logo":{"@type":"ImageObject","inLanguage":"nb-NO","@id":"https:\/\/suresms.com\/en\/#\/schema\/logo\/image\/","url":"https:\/\/suresms.com\/wp-content\/uploads\/2024\/11\/suresms-300x65-1.png","contentUrl":"https:\/\/suresms.com\/wp-content\/uploads\/2024\/11\/suresms-300x65-1.png","width":300,"height":65,"caption":"SureSMS"},"image":{"@id":"https:\/\/suresms.com\/en\/#\/schema\/logo\/image\/"},"sameAs":["https:\/\/www.facebook.com\/p\/SureSMS-100044607956149\/"]}]}},"_links":{"self":[{"href":"https:\/\/suresms.com\/nb\/wp-json\/wp\/v2\/pages\/1443","targetHints":{"allow":["GET"]}}],"collection":[{"href":"https:\/\/suresms.com\/nb\/wp-json\/wp\/v2\/pages"}],"about":[{"href":"https:\/\/suresms.com\/nb\/wp-json\/wp\/v2\/types\/page"}],"author":[{"embeddable":true,"href":"https:\/\/suresms.com\/nb\/wp-json\/wp\/v2\/users\/1"}],"replies":[{"embeddable":true,"href":"https:\/\/suresms.com\/nb\/wp-json\/wp\/v2\/comments?post=1443"}],"version-history":[{"count":2,"href":"https:\/\/suresms.com\/nb\/wp-json\/wp\/v2\/pages\/1443\/revisions"}],"predecessor-version":[{"id":19358,"href":"https:\/\/suresms.com\/nb\/wp-json\/wp\/v2\/pages\/1443\/revisions\/19358"}],"up":[{"embeddable":true,"href":"https:\/\/suresms.com\/nb\/wp-json\/wp\/v2\/pages\/18594"}],"wp:attachment":[{"href":"https:\/\/suresms.com\/nb\/wp-json\/wp\/v2\/media?parent=1443"}],"wp:term":[{"taxonomy":"category","embeddable":true,"href":"https:\/\/suresms.com\/nb\/wp-json\/wp\/v2\/categories?post=1443"},{"taxonomy":"post_tag","embeddable":true,"href":"https:\/\/suresms.com\/nb\/wp-json\/wp\/v2\/tags?post=1443"}],"curies":[{"name":"wp","href":"https:\/\/api.w.org\/{rel}","templated":true}]}}