{"id":1437,"date":"2015-12-14T16:33:49","date_gmt":"2015-12-14T14:33:49","guid":{"rendered":"https:\/\/www.suresms.com\/dk\/?page_id=1437"},"modified":"2024-12-05T15:49:04","modified_gmt":"2024-12-05T15:49:04","slug":"komplett-logging-og-overvaaking","status":"publish","type":"page","link":"https:\/\/suresms.com\/nb\/funktioner\/komplet-log-og-monitorering\/","title":{"rendered":"Komplett logg og overv\u00e5king"},"content":{"rendered":"<!-- Flexy Breadcrumb -->\r\n\t\t\t<div class=\"fbc fbc-page\">\r\n\r\n\t\t\t\t<!-- Breadcrumb wrapper -->\r\n\t\t\t\t<div class=\"fbc-wrap\">\r\n\r\n\t\t\t\t\t<!-- Ordered list-->\r\n\t\t\t\t\t<ol class=\"fbc-items\" itemscope itemtype=\"https:\/\/schema.org\/BreadcrumbList\">\r\n\t\t\t\t\t\t            <li itemprop=\"itemListElement\" itemscope itemtype=\"https:\/\/schema.org\/ListItem\">\r\n                <span itemprop=\"name\">\r\n                    <!-- Home Link -->\r\n                    <a itemprop=\"item\" href=\"https:\/\/suresms.com\/nb\/\">\r\n                    \r\n                                                    <i class=\"fa fa-home\" aria-hidden=\"true\"><\/i>Hjem                    <\/a>\r\n                <\/span>\r\n                <meta itemprop=\"position\" content=\"1\" \/><!-- Meta Position-->\r\n             <\/li><li><span class=\"fbc-separator\">\/<\/span><\/li><li class=\"active\" itemprop=\"itemListElement\" itemscope itemtype=\"https:\/\/schema.org\/ListItem\"><span itemprop=\"name\" title=\"Komplett logg og overv\u00e5king\">Komplett logg og overv\u00e5king<\/span><meta itemprop=\"position\" content=\"2\" \/><\/li>\t\t\t\t\t<\/ol>\r\n\t\t\t\t\t<div class=\"clearfix\"><\/div>\r\n\t\t\t\t<\/div>\r\n\t\t\t<\/div>\r\n\t\t\t\n<h1>\n\t\tSMS-utboks\n\t<\/h1>\n\t<p>Som SureSMS-kunde logger du deg inn p\u00e5 v\u00e5r webportal. Herfra er det mulig \u00e5 se alle meldingene du har sendt (og mottatt hvis du har en 2-veis l\u00f8sning).<\/p>\n<p>Du kan se status for hver melding. Med status mener vi at du kan se n\u00e5r meldingen ble mottatt p\u00e5 serveren v\u00e5r, n\u00e5r vi sendte den til operat\u00f8ren og n\u00e5r operat\u00f8ren leverte den til telefonen. Du kan med andre ord alltid se n\u00f8yaktig hvor langt alle meldingene dine har reist.<\/p>\n<p>Du har alltid en fullstendig logg over hvor mange meldinger som er sendt og statusen p\u00e5 dem.<\/p>\n\t<ul>\n\t\t<li>\t\t\t\t\n\t\t<h3>Se alle sendte meldinger<\/h3><p>Du har alltid oversikt over hvor mange meldinger du har sendt, til hvem og hvilken status hver enkelt melding har. Er den planlagt, i k\u00f8, p\u00e5 vei, levert eller har leveringen mislyktes.\u00a0<\/p><\/li><li>\t\t\t\t\n\t\t<h3>Filtrer p\u00e5 status<\/h3><p>I loggen har du ogs\u00e5 mulighet til \u00e5 filtrere meldinger etter status. Det betyr at du for eksempel kan opprette et filter som viser alle meldinger som har mislyktes. Deretter kan du g\u00e5 gjennom dem og s\u00f8rge for at du har riktig antall mottakere.<\/p><\/li><li>\t\t\t\t\n\t\t<h3>Sjekk om lenker er aktivert<\/h3><p>Hvis du har sendt en lenke eller fil i SMS-meldingen, kan du se om lenken har blitt \u00e5pnet og n\u00e5r. Du kan ogs\u00e5 filtrere meldingene der lenken har blitt \u00e5pnet, for eksempel.\u00a0<\/p><\/li><li>\t\t\t\t\n\t\t<h3>Eksporter alle meldingene dine<\/h3><p>Hvis du har behov for \u00e5 jobbe videre med meldingene dine i et annet system, kan du enkelt velge ut de meldingene du \u00f8nsker \u00e5 jobbe videre med, og eksportere dem til for eksempel Excel.\u00a0<\/p><\/li><li>\t\t\t\t\n\t\t<h3>Detaljer om hver melding<\/h3><p>Ved siden av hver melding kan du se alle detaljene om den. Hvor lang var den, hvor mye kostet den, n\u00e5r mottok vi den, n\u00e5r ble den levert til telefonen og mye mer.\u00a0<\/p><\/li>\t<\/ul>\n\t\t<h4>Vil du opprette en konto med en gang? <\/h4>\n\t\t<p>Vi st\u00e5r klare til \u00e5 \u00f8nske deg velkommen som kunde hos SureSMS!<\/p>\n\t\t\t<a href=\"https:\/\/suresms.com\/nb\/opprette-sms-gateway-konto\/\" target=\"_self\">\n\t\t\t\t\t\t\tOpprett en SureSMS-konto!\n\t\t\t\t\t<\/a>\n\t\t<h4>Bestill en 2-veis l\u00f8sning!<\/h4>\n\t\t<p>Har du allerede en konto? Bestill en 2-veis l\u00f8sning og f\u00e5 de ekstra alternativene som din egen l\u00f8sning tilbyr.<\/p>\n\t\t\t<a href=\"https:\/\/suresms.com\/nb\/bestill-2-veis-lossing\/\" target=\"_self\">\n\t\t\t\t\t\t\tBestill 2-veis l\u00f8sning\n\t\t\t\t\t<\/a>\n\t<h4><strong>Her kan du lese noen eksempler p\u00e5 hvordan kundene v\u00e5re i dag f\u00e5r verdi av logg- og rapporteringsmodulen v\u00e5r:<\/strong><\/h4>\n\n<ul> \t\n<li>En av v\u00e5re kunder er <strong>SMS-forhandler<\/strong>. Hvert kvartal henter han ut et utdrag av meldingene kundene hans har sendt via v\u00e5r Gateway. Deretter kan han enkelt sortere SMS-ene etter avsender og fakturere hver kunde i henhold til forbruk. Dette sparer ham for mye administrasjon.<\/li>\n\n<li><strong>En bilforhandler<\/strong>bruker rapporteringsmodulen v\u00e5r hver m\u00e5ned til \u00e5 lage et uttrekk av hvor mange SMS-meldinger hver av selgerne hans har sendt. P\u00e5 denne m\u00e5ten kan han se hvilke av medarbeiderne som er mest aktive n\u00e5r det gjelder kundekontakt via SMS. Jo flere aktive selgere, jo mer salg.<\/li>\n\n<li>Og mange av kundene v\u00e5re bruker den til \u00e5 kryssjekke at antallet meldinger de har sendt, stemmer overens med det antallet deres eget system sier at de har sendt. P\u00e5 den m\u00e5ten kan de v\u00e6re sikre p\u00e5 at<strong> kvaliteten er god<\/strong>.<\/li>\n<\/ul>","protected":false},"excerpt":{"rendered":"<p>SMS Utboks Som SureSMS-kunde logger du deg inn p\u00e5 v\u00e5r webportal. Herfra kan du se alle meldingene du har sendt (og mottatt hvis du har en 2-veis l\u00f8sning). Du kan se status for hver enkelt melding. Med status mener vi at du kan se n\u00e5r meldingen ble mottatt p\u00e5 serveren v\u00e5r, ... <a title=\"Komplett logg og overv\u00e5king\" class=\"read-more\" href=\"https:\/\/suresms.com\/nb\/funktioner\/komplet-log-og-monitorering\/\" aria-label=\"Les mer om Komplett logg og overv\u00e5king\">Les mer om dette<\/a><\/p>","protected":false},"author":1,"featured_media":0,"parent":958,"menu_order":14,"comment_status":"closed","ping_status":"closed","template":"","meta":{"_fl_builder_enabled":"1","_fl_builder_data":null,"_fl_builder_draft":null,"_fl_builder_data_settings":null,"_fl_builder_css":"","_fl_builder_css_version":"","_fl_builder_js":"","footnotes":""},"categories":[17],"tags":[],"class_list":{"0":"post-1437","1":"page","2":"type-page","3":"status-publish","5":"category-linkfracornorstone"},"yoast_head":"<!-- This site is optimized with the Yoast SEO Premium plugin v27.3 (Yoast SEO v27.3) - https:\/\/yoast.com\/product\/yoast-seo-premium-wordpress\/ -->\r\n<title>SMS log | F\u00e5 styr p\u00e5 firmaets SMS med sms log fra SureSMS \u2713<\/title>\r\n<meta name=\"description\" content=\"F\u00e5 overblik over dine sendte beskeder hos SureSMS med SMS log, monitorering og overblik via vores rapporteringsmodul. Abonnement 0,-- Betal kun pr. SMS.\" \/>\r\n<meta name=\"robots\" content=\"index, follow, max-snippet:-1, max-image-preview:large, max-video-preview:-1\" \/>\r\n<link rel=\"canonical\" href=\"https:\/\/suresms.com\/nb\/funksjoner\/komplett-logging-og-overvaaking\/\" \/>\r\n<meta property=\"og:locale\" content=\"nb_NO\" \/>\r\n<meta property=\"og:type\" content=\"article\" \/>\r\n<meta property=\"og:title\" content=\"Komplet log og monitorering\" \/>\r\n<meta property=\"og:description\" content=\"F\u00e5 overblik over dine sendte beskeder hos SureSMS med SMS log, monitorering og overblik via vores rapporteringsmodul. Abonnement 0,-- Betal kun pr. SMS.\" \/>\r\n<meta property=\"og:url\" content=\"https:\/\/suresms.com\/nb\/funksjoner\/komplett-logging-og-overvaaking\/\" \/>\r\n<meta property=\"article:publisher\" content=\"https:\/\/www.facebook.com\/p\/SureSMS-100044607956149\/\" \/>\r\n<meta property=\"article:modified_time\" content=\"2024-12-05T15:49:04+00:00\" \/>\r\n<meta name=\"twitter:card\" content=\"summary_large_image\" \/>\r\n<meta name=\"twitter:label1\" content=\"Ansl. lesetid\" \/>\n\t<meta name=\"twitter:data1\" content=\"7 minutter\" \/>\r\n<script type=\"application\/ld+json\" class=\"yoast-schema-graph\">{\"@context\":\"https:\\\/\\\/schema.org\",\"@graph\":[{\"@type\":\"WebPage\",\"@id\":\"https:\\\/\\\/suresms.com\\\/dk\\\/funktioner\\\/komplet-log-og-monitorering\\\/\",\"url\":\"https:\\\/\\\/suresms.com\\\/dk\\\/funktioner\\\/komplet-log-og-monitorering\\\/\",\"name\":\"SMS log | F\u00e5 styr p\u00e5 firmaets SMS med sms log fra SureSMS \u2713\",\"isPartOf\":{\"@id\":\"https:\\\/\\\/suresms.com\\\/en\\\/#website\"},\"datePublished\":\"2015-12-14T14:33:49+00:00\",\"dateModified\":\"2024-12-05T15:49:04+00:00\",\"description\":\"F\u00e5 overblik over dine sendte beskeder hos SureSMS med SMS log, monitorering og overblik via vores rapporteringsmodul. Abonnement 0,-- Betal kun pr. SMS.\",\"breadcrumb\":{\"@id\":\"https:\\\/\\\/suresms.com\\\/dk\\\/funktioner\\\/komplet-log-og-monitorering\\\/#breadcrumb\"},\"inLanguage\":\"nb-NO\",\"potentialAction\":[{\"@type\":\"ReadAction\",\"target\":[\"https:\\\/\\\/suresms.com\\\/dk\\\/funktioner\\\/komplet-log-og-monitorering\\\/\"]}]},{\"@type\":\"BreadcrumbList\",\"@id\":\"https:\\\/\\\/suresms.com\\\/dk\\\/funktioner\\\/komplet-log-og-monitorering\\\/#breadcrumb\",\"itemListElement\":[{\"@type\":\"ListItem\",\"position\":1,\"name\":\"Home\",\"item\":\"https:\\\/\\\/suresms.com\\\/dk\\\/\"},{\"@type\":\"ListItem\",\"position\":2,\"name\":\"Funktioner\",\"item\":\"https:\\\/\\\/suresms.com\\\/dk\\\/funktioner\\\/\"},{\"@type\":\"ListItem\",\"position\":3,\"name\":\"Komplet log og monitorering\"}]},{\"@type\":\"WebSite\",\"@id\":\"https:\\\/\\\/suresms.com\\\/en\\\/#website\",\"url\":\"https:\\\/\\\/suresms.com\\\/en\\\/\",\"name\":\"SureSMS\",\"description\":\"Professionel SMS Gateway\",\"publisher\":{\"@id\":\"https:\\\/\\\/suresms.com\\\/en\\\/#organization\"},\"potentialAction\":[{\"@type\":\"SearchAction\",\"target\":{\"@type\":\"EntryPoint\",\"urlTemplate\":\"https:\\\/\\\/suresms.com\\\/en\\\/?s={search_term_string}\"},\"query-input\":{\"@type\":\"PropertyValueSpecification\",\"valueRequired\":true,\"valueName\":\"search_term_string\"}}],\"inLanguage\":\"nb-NO\"},{\"@type\":\"Organization\",\"@id\":\"https:\\\/\\\/suresms.com\\\/en\\\/#organization\",\"name\":\"SureSMS\",\"url\":\"https:\\\/\\\/suresms.com\\\/en\\\/\",\"logo\":{\"@type\":\"ImageObject\",\"inLanguage\":\"nb-NO\",\"@id\":\"https:\\\/\\\/suresms.com\\\/en\\\/#\\\/schema\\\/logo\\\/image\\\/\",\"url\":\"https:\\\/\\\/suresms.com\\\/wp-content\\\/uploads\\\/2024\\\/11\\\/suresms-300x65-1.png\",\"contentUrl\":\"https:\\\/\\\/suresms.com\\\/wp-content\\\/uploads\\\/2024\\\/11\\\/suresms-300x65-1.png\",\"width\":300,\"height\":65,\"caption\":\"SureSMS\"},\"image\":{\"@id\":\"https:\\\/\\\/suresms.com\\\/en\\\/#\\\/schema\\\/logo\\\/image\\\/\"},\"sameAs\":[\"https:\\\/\\\/www.facebook.com\\\/p\\\/SureSMS-100044607956149\\\/\"]}]}<\/script>\r\n<!-- \/ Yoast SEO Premium plugin. -->","yoast_head_json":{"title":"SMS-logg | Hold oversikt over bedriftens SMS med SMS-logg fra SureSMS \u2713 SureSMS","description":"F\u00e5 oversikt over dine sendte meldinger med SureSMS med SMS-logg, overv\u00e5king og oversikt via v\u00e5r rapporteringsmodul. Abonnement 0,-- Betal kun per SMS.","robots":{"index":"index","follow":"follow","max-snippet":"max-snippet:-1","max-image-preview":"max-image-preview:large","max-video-preview":"max-video-preview:-1"},"canonical":"https:\/\/suresms.com\/nb\/funksjoner\/komplett-logging-og-overvaaking\/","og_locale":"nb_NO","og_type":"article","og_title":"Komplet log og monitorering","og_description":"F\u00e5 overblik over dine sendte beskeder hos SureSMS med SMS log, monitorering og overblik via vores rapporteringsmodul. Abonnement 0,-- Betal kun pr. SMS.","og_url":"https:\/\/suresms.com\/nb\/funksjoner\/komplett-logging-og-overvaaking\/","article_publisher":"https:\/\/www.facebook.com\/p\/SureSMS-100044607956149\/","article_modified_time":"2024-12-05T15:49:04+00:00","twitter_card":"summary_large_image","twitter_misc":{"Ansl. lesetid":"7 minutter"},"schema":{"@context":"https:\/\/schema.org","@graph":[{"@type":"WebPage","@id":"https:\/\/suresms.com\/dk\/funktioner\/komplet-log-og-monitorering\/","url":"https:\/\/suresms.com\/dk\/funktioner\/komplet-log-og-monitorering\/","name":"SMS-logg | Hold oversikt over bedriftens SMS med SMS-logg fra SureSMS \u2713 SureSMS","isPartOf":{"@id":"https:\/\/suresms.com\/en\/#website"},"datePublished":"2015-12-14T14:33:49+00:00","dateModified":"2024-12-05T15:49:04+00:00","description":"F\u00e5 oversikt over dine sendte meldinger med SureSMS med SMS-logg, overv\u00e5king og oversikt via v\u00e5r rapporteringsmodul. Abonnement 0,-- Betal kun per SMS.","breadcrumb":{"@id":"https:\/\/suresms.com\/dk\/funktioner\/komplet-log-og-monitorering\/#breadcrumb"},"inLanguage":"nb-NO","potentialAction":[{"@type":"ReadAction","target":["https:\/\/suresms.com\/dk\/funktioner\/komplet-log-og-monitorering\/"]}]},{"@type":"BreadcrumbList","@id":"https:\/\/suresms.com\/dk\/funktioner\/komplet-log-og-monitorering\/#breadcrumb","itemListElement":[{"@type":"ListItem","position":1,"name":"Home","item":"https:\/\/suresms.com\/dk\/"},{"@type":"ListItem","position":2,"name":"Funktioner","item":"https:\/\/suresms.com\/dk\/funktioner\/"},{"@type":"ListItem","position":3,"name":"Komplet log og monitorering"}]},{"@type":"WebSite","@id":"https:\/\/suresms.com\/en\/#website","url":"https:\/\/suresms.com\/en\/","name":"SureSMS","description":"Profesjonell SMS-gateway","publisher":{"@id":"https:\/\/suresms.com\/en\/#organization"},"potentialAction":[{"@type":"SearchAction","target":{"@type":"EntryPoint","urlTemplate":"https:\/\/suresms.com\/en\/?s={search_term_string}"},"query-input":{"@type":"PropertyValueSpecification","valueRequired":true,"valueName":"search_term_string"}}],"inLanguage":"nb-NO"},{"@type":"Organization","@id":"https:\/\/suresms.com\/en\/#organization","name":"SureSMS","url":"https:\/\/suresms.com\/en\/","logo":{"@type":"ImageObject","inLanguage":"nb-NO","@id":"https:\/\/suresms.com\/en\/#\/schema\/logo\/image\/","url":"https:\/\/suresms.com\/wp-content\/uploads\/2024\/11\/suresms-300x65-1.png","contentUrl":"https:\/\/suresms.com\/wp-content\/uploads\/2024\/11\/suresms-300x65-1.png","width":300,"height":65,"caption":"SureSMS"},"image":{"@id":"https:\/\/suresms.com\/en\/#\/schema\/logo\/image\/"},"sameAs":["https:\/\/www.facebook.com\/p\/SureSMS-100044607956149\/"]}]}},"_links":{"self":[{"href":"https:\/\/suresms.com\/nb\/wp-json\/wp\/v2\/pages\/1437","targetHints":{"allow":["GET"]}}],"collection":[{"href":"https:\/\/suresms.com\/nb\/wp-json\/wp\/v2\/pages"}],"about":[{"href":"https:\/\/suresms.com\/nb\/wp-json\/wp\/v2\/types\/page"}],"author":[{"embeddable":true,"href":"https:\/\/suresms.com\/nb\/wp-json\/wp\/v2\/users\/1"}],"replies":[{"embeddable":true,"href":"https:\/\/suresms.com\/nb\/wp-json\/wp\/v2\/comments?post=1437"}],"version-history":[{"count":1,"href":"https:\/\/suresms.com\/nb\/wp-json\/wp\/v2\/pages\/1437\/revisions"}],"predecessor-version":[{"id":19453,"href":"https:\/\/suresms.com\/nb\/wp-json\/wp\/v2\/pages\/1437\/revisions\/19453"}],"up":[{"embeddable":true,"href":"https:\/\/suresms.com\/nb\/wp-json\/wp\/v2\/pages\/958"}],"wp:attachment":[{"href":"https:\/\/suresms.com\/nb\/wp-json\/wp\/v2\/media?parent=1437"}],"wp:term":[{"taxonomy":"category","embeddable":true,"href":"https:\/\/suresms.com\/nb\/wp-json\/wp\/v2\/categories?post=1437"},{"taxonomy":"post_tag","embeddable":true,"href":"https:\/\/suresms.com\/nb\/wp-json\/wp\/v2\/tags?post=1437"}],"curies":[{"name":"wp","href":"https:\/\/api.w.org\/{rel}","templated":true}]}}