{"id":1426,"date":"2015-12-14T16:21:44","date_gmt":"2015-12-14T14:21:44","guid":{"rendered":"https:\/\/www.suresms.com\/dk\/?page_id=1426"},"modified":"2024-12-05T15:51:28","modified_gmt":"2024-12-05T15:51:28","slug":"registreringsskjema-paa-nett","status":"publish","type":"page","link":"https:\/\/suresms.com\/nb\/funktioner\/web-tilmeldingsformular\/","title":{"rendered":"WEB-registreringsskjema"},"content":{"rendered":"<!-- Flexy Breadcrumb -->\r\n\t\t\t<div class=\"fbc fbc-page\">\r\n\r\n\t\t\t\t<!-- Breadcrumb wrapper -->\r\n\t\t\t\t<div class=\"fbc-wrap\">\r\n\r\n\t\t\t\t\t<!-- Ordered list-->\r\n\t\t\t\t\t<ol class=\"fbc-items\" itemscope itemtype=\"https:\/\/schema.org\/BreadcrumbList\">\r\n\t\t\t\t\t\t            <li itemprop=\"itemListElement\" itemscope itemtype=\"https:\/\/schema.org\/ListItem\">\r\n                <span itemprop=\"name\">\r\n                    <!-- Home Link -->\r\n                    <a itemprop=\"item\" href=\"https:\/\/suresms.com\/nb\/\">\r\n                    \r\n                                                    <i class=\"fa fa-home\" aria-hidden=\"true\"><\/i>Hjem                    <\/a>\r\n                <\/span>\r\n                <meta itemprop=\"position\" content=\"1\" \/><!-- Meta Position-->\r\n             <\/li><li><span class=\"fbc-separator\">\/<\/span><\/li><li class=\"active\" itemprop=\"itemListElement\" itemscope itemtype=\"https:\/\/schema.org\/ListItem\"><span itemprop=\"name\" title=\"WEB-registreringsskjema\">WEB-registreringsskjema<\/span><meta itemprop=\"position\" content=\"2\" \/><\/li>\t\t\t\t\t<\/ol>\r\n\t\t\t\t\t<div class=\"clearfix\"><\/div>\r\n\t\t\t\t<\/div>\r\n\t\t\t<\/div>\r\n\t\t\t\n<h1>\n\t\tEnkle p\u00e5meldingslister\n\t<\/h1>\n\t<p>N\u00e5r du har opprettet en gruppe i SureSMS, m\u00e5 det ogs\u00e5 finnes mottakere i gruppen. Kanskje har du dem i et annet system, og du kan lese dem inn via en CSV-fil. Kanskje har du dem p\u00e5 huskelapper, og du m\u00e5 begynne \u00e5 skrive. Men det finnes en enklere m\u00e5te.<\/p>\n<p>Hvis du g\u00e5r til menyen Adressebok - Grupper og velger gruppen, kan du nederst p\u00e5 skjermen se hvordan du legger til personer i grupper.<\/p>\n<p>Du kan gj\u00f8re dette via QR-kode, SMS, e-post og via et webskjema.<\/p>\n<p>Gjennom denne enkle lenken kan medlemmer, kunder og venner melde seg p\u00e5 lister, nyhetsbrev, kundeklubber, arrangementer... Mulighetene er uendelige. De skriver bare inn nummeret sitt og trykker p\u00e5 \"Abonner\" eller \"Avmeld\". Deretter mottar de en SMS med en pinkode for \u00e5 aktivere abonnementet p\u00e5 listen. N\u00e5r denne er tastet inn, er de tilmeldt\/avmeldt gruppen.<\/p>\n<p>Prosedyren er enkel og kj\u00f8res automatisk, uten at du trenger \u00e5 sette deg inn i skriving, liming eller annet administrativt arbeid.<\/p>\n<p>P\u00e5 den m\u00e5ten er det veldig enkelt \u00e5 f\u00e5 mange til \u00e5 melde seg p\u00e5.<\/p>\n\t<ul>\n\t\t<li>\t\t\t\t\n\t\t<h3>Motta p\u00e5melding via SMS<\/h3><p>Du kan sende en SMS til et nummer med ditt personlige n\u00f8kkelord. Brukeren blir da automatisk lagt til i listen.\u00a0<\/p><\/li><li>\t\t\t\t\n\t\t<h3>Motta registrering via QR-kode<\/h3><p>Du kan skrive ut en QR-kode og sette den p\u00e5 kassaapparatet. Kundene kan da melde seg p\u00e5 SMS-listen din mens de venter p\u00e5 at du skal pakke inn varene deres.<\/p><\/li><li>\t\t\t\t\n\t\t<h3>Motta registrering via WEB-skjema<\/h3><p>Sett enkelt inn en lenke p\u00e5 din egen side med et p\u00e5meldingsskjema. Du kan til og med style den med en CSS som passer.\u00a0<\/p><\/li><li>\t\t\t\t\n\t\t<h3>Legg til ekstra informasjon<\/h3><p>Hvis du \u00f8nsker \u00e5 samle inn ytterligere informasjon i skjemaet, for eksempel hvilken st\u00f8rrelse de bruker, hvilken butikk de har registrert seg i eller noe annet, er det ogs\u00e5 mulig.\u00a0<\/p><\/li>\t<\/ul>\n\t\t<h4>Vil du opprette en konto med en gang? <\/h4>\n\t\t<p>Vi st\u00e5r klare til \u00e5 \u00f8nske deg velkommen som kunde hos SureSMS!<\/p>\n\t\t\t<a href=\"https:\/\/suresms.com\/nb\/opprette-sms-gateway-konto\/\" target=\"_self\">\n\t\t\t\t\t\t\tOpprett en SureSMS-konto!\n\t\t\t\t\t<\/a>\n\t\t<h4>Bestill en 2-veis l\u00f8sning!<\/h4>\n\t\t<p>Har du allerede en konto? Bestill en 2-veis l\u00f8sning og f\u00e5 de ekstra alternativene som din egen l\u00f8sning tilbyr.<\/p>\n\t\t\t<a href=\"https:\/\/suresms.com\/nb\/bestill-2-veis-lossing\/\" target=\"_self\">\n\t\t\t\t\t\t\tBestill 2-veis l\u00f8sning\n\t\t\t\t\t<\/a>","protected":false},"excerpt":{"rendered":"<p>Enkle p\u00e5meldingslister N\u00e5r du har opprettet en gruppe i SureSMS, m\u00e5 det ogs\u00e5 finnes noen mottakere i gruppen. Kanskje har du dem i et annet system, og du kan lese dem inn via en CSV-fil. Kanskje har du dem p\u00e5 huskelapper, og du m\u00e5 begynne \u00e5 skrive ... <a title=\"WEB-registreringsskjema\" class=\"read-more\" href=\"https:\/\/suresms.com\/nb\/funktioner\/web-tilmeldingsformular\/\" aria-label=\"Les mer om WEB-registreringsskjema\">Les mer om dette<\/a><\/p>","protected":false},"author":1,"featured_media":0,"parent":958,"menu_order":13,"comment_status":"closed","ping_status":"closed","template":"","meta":{"_fl_builder_enabled":"1","_fl_builder_data":null,"_fl_builder_draft":null,"_fl_builder_data_settings":null,"_fl_builder_css":"","_fl_builder_css_version":"","_fl_builder_js":"","footnotes":""},"categories":[17],"tags":[],"class_list":{"0":"post-1426","1":"page","2":"type-page","3":"status-publish","5":"category-linkfracornorstone"},"yoast_head":"<!-- This site is optimized with the Yoast SEO Premium plugin v27.3 (Yoast SEO v27.3) - https:\/\/yoast.com\/product\/yoast-seo-premium-wordpress\/ -->\r\n<title>Nem tilmelding til lister Lav webtilmeldingsformular p\u00e5 website<\/title>\r\n<meta name=\"description\" content=\"Opret tilmeldingsformular til dinegruppe-SMS&#039;er p\u00e5 dit website. Lad brugere selv tilmelde sig grupper. Gratis funktion SureSMS gruppeSMS. Kun 18 \u00f8re \/ SMS\" \/>\r\n<meta name=\"robots\" content=\"index, follow, max-snippet:-1, max-image-preview:large, max-video-preview:-1\" \/>\r\n<link rel=\"canonical\" href=\"https:\/\/suresms.com\/nb\/funksjoner\/registreringsskjema-paa-nett\/\" \/>\r\n<meta property=\"og:locale\" content=\"nb_NO\" \/>\r\n<meta property=\"og:type\" content=\"article\" \/>\r\n<meta property=\"og:title\" content=\"WEB tilmeldingsformular\" \/>\r\n<meta property=\"og:description\" content=\"Opret tilmeldingsformular til dinegruppe-SMS&#039;er p\u00e5 dit website. Lad brugere selv tilmelde sig grupper. Gratis funktion SureSMS gruppeSMS. Kun 18 \u00f8re \/ SMS\" \/>\r\n<meta property=\"og:url\" content=\"https:\/\/suresms.com\/nb\/funksjoner\/registreringsskjema-paa-nett\/\" \/>\r\n<meta property=\"article:publisher\" content=\"https:\/\/www.facebook.com\/p\/SureSMS-100044607956149\/\" \/>\r\n<meta property=\"article:modified_time\" content=\"2024-12-05T15:51:28+00:00\" \/>\r\n<meta name=\"twitter:card\" content=\"summary_large_image\" \/>\r\n<meta name=\"twitter:label1\" content=\"Ansl. lesetid\" \/>\n\t<meta name=\"twitter:data1\" content=\"2 minutter\" \/>\r\n<script type=\"application\/ld+json\" class=\"yoast-schema-graph\">{\"@context\":\"https:\\\/\\\/schema.org\",\"@graph\":[{\"@type\":\"WebPage\",\"@id\":\"https:\\\/\\\/suresms.com\\\/dk\\\/funktioner\\\/web-tilmeldingsformular\\\/\",\"url\":\"https:\\\/\\\/suresms.com\\\/dk\\\/funktioner\\\/web-tilmeldingsformular\\\/\",\"name\":\"Nem tilmelding til lister Lav webtilmeldingsformular p\u00e5 website\",\"isPartOf\":{\"@id\":\"https:\\\/\\\/suresms.com\\\/en\\\/#website\"},\"datePublished\":\"2015-12-14T14:21:44+00:00\",\"dateModified\":\"2024-12-05T15:51:28+00:00\",\"description\":\"Opret tilmeldingsformular til dinegruppe-SMS'er p\u00e5 dit website. Lad brugere selv tilmelde sig grupper. Gratis funktion SureSMS gruppeSMS. Kun 18 \u00f8re \\\/ SMS\",\"breadcrumb\":{\"@id\":\"https:\\\/\\\/suresms.com\\\/dk\\\/funktioner\\\/web-tilmeldingsformular\\\/#breadcrumb\"},\"inLanguage\":\"nb-NO\",\"potentialAction\":[{\"@type\":\"ReadAction\",\"target\":[\"https:\\\/\\\/suresms.com\\\/dk\\\/funktioner\\\/web-tilmeldingsformular\\\/\"]}]},{\"@type\":\"BreadcrumbList\",\"@id\":\"https:\\\/\\\/suresms.com\\\/dk\\\/funktioner\\\/web-tilmeldingsformular\\\/#breadcrumb\",\"itemListElement\":[{\"@type\":\"ListItem\",\"position\":1,\"name\":\"Home\",\"item\":\"https:\\\/\\\/suresms.com\\\/dk\\\/\"},{\"@type\":\"ListItem\",\"position\":2,\"name\":\"Funktioner\",\"item\":\"https:\\\/\\\/suresms.com\\\/dk\\\/funktioner\\\/\"},{\"@type\":\"ListItem\",\"position\":3,\"name\":\"WEB tilmeldingsformular\"}]},{\"@type\":\"WebSite\",\"@id\":\"https:\\\/\\\/suresms.com\\\/en\\\/#website\",\"url\":\"https:\\\/\\\/suresms.com\\\/en\\\/\",\"name\":\"SureSMS\",\"description\":\"Professionel SMS Gateway\",\"publisher\":{\"@id\":\"https:\\\/\\\/suresms.com\\\/en\\\/#organization\"},\"potentialAction\":[{\"@type\":\"SearchAction\",\"target\":{\"@type\":\"EntryPoint\",\"urlTemplate\":\"https:\\\/\\\/suresms.com\\\/en\\\/?s={search_term_string}\"},\"query-input\":{\"@type\":\"PropertyValueSpecification\",\"valueRequired\":true,\"valueName\":\"search_term_string\"}}],\"inLanguage\":\"nb-NO\"},{\"@type\":\"Organization\",\"@id\":\"https:\\\/\\\/suresms.com\\\/en\\\/#organization\",\"name\":\"SureSMS\",\"url\":\"https:\\\/\\\/suresms.com\\\/en\\\/\",\"logo\":{\"@type\":\"ImageObject\",\"inLanguage\":\"nb-NO\",\"@id\":\"https:\\\/\\\/suresms.com\\\/en\\\/#\\\/schema\\\/logo\\\/image\\\/\",\"url\":\"https:\\\/\\\/suresms.com\\\/wp-content\\\/uploads\\\/2024\\\/11\\\/suresms-300x65-1.png\",\"contentUrl\":\"https:\\\/\\\/suresms.com\\\/wp-content\\\/uploads\\\/2024\\\/11\\\/suresms-300x65-1.png\",\"width\":300,\"height\":65,\"caption\":\"SureSMS\"},\"image\":{\"@id\":\"https:\\\/\\\/suresms.com\\\/en\\\/#\\\/schema\\\/logo\\\/image\\\/\"},\"sameAs\":[\"https:\\\/\\\/www.facebook.com\\\/p\\\/SureSMS-100044607956149\\\/\"]}]}<\/script>\r\n<!-- \/ Yoast SEO Premium plugin. -->","yoast_head_json":{"title":"Enkel p\u00e5melding til lister Opprett p\u00e5meldingsskjema p\u00e5 nettsiden","description":"Opprett et p\u00e5meldingsskjema for gruppe-SMS p\u00e5 nettstedet ditt. La brukerne selv melde seg p\u00e5 grupper. Gratis SureSMS-gruppe-SMS-funksjon. Kun 18 \u00f8re \/ SMS","robots":{"index":"index","follow":"follow","max-snippet":"max-snippet:-1","max-image-preview":"max-image-preview:large","max-video-preview":"max-video-preview:-1"},"canonical":"https:\/\/suresms.com\/nb\/funksjoner\/registreringsskjema-paa-nett\/","og_locale":"nb_NO","og_type":"article","og_title":"WEB tilmeldingsformular","og_description":"Opret tilmeldingsformular til dinegruppe-SMS'er p\u00e5 dit website. Lad brugere selv tilmelde sig grupper. Gratis funktion SureSMS gruppeSMS. Kun 18 \u00f8re \/ SMS","og_url":"https:\/\/suresms.com\/nb\/funksjoner\/registreringsskjema-paa-nett\/","article_publisher":"https:\/\/www.facebook.com\/p\/SureSMS-100044607956149\/","article_modified_time":"2024-12-05T15:51:28+00:00","twitter_card":"summary_large_image","twitter_misc":{"Ansl. lesetid":"2 minutter"},"schema":{"@context":"https:\/\/schema.org","@graph":[{"@type":"WebPage","@id":"https:\/\/suresms.com\/dk\/funktioner\/web-tilmeldingsformular\/","url":"https:\/\/suresms.com\/dk\/funktioner\/web-tilmeldingsformular\/","name":"Enkel p\u00e5melding til lister Opprett p\u00e5meldingsskjema p\u00e5 nettsiden","isPartOf":{"@id":"https:\/\/suresms.com\/en\/#website"},"datePublished":"2015-12-14T14:21:44+00:00","dateModified":"2024-12-05T15:51:28+00:00","description":"Opprett et p\u00e5meldingsskjema for gruppe-SMS p\u00e5 nettstedet ditt. La brukerne selv melde seg p\u00e5 grupper. Gratis SureSMS-gruppe-SMS-funksjon. Kun 18 \u00f8re \/ SMS","breadcrumb":{"@id":"https:\/\/suresms.com\/dk\/funktioner\/web-tilmeldingsformular\/#breadcrumb"},"inLanguage":"nb-NO","potentialAction":[{"@type":"ReadAction","target":["https:\/\/suresms.com\/dk\/funktioner\/web-tilmeldingsformular\/"]}]},{"@type":"BreadcrumbList","@id":"https:\/\/suresms.com\/dk\/funktioner\/web-tilmeldingsformular\/#breadcrumb","itemListElement":[{"@type":"ListItem","position":1,"name":"Home","item":"https:\/\/suresms.com\/dk\/"},{"@type":"ListItem","position":2,"name":"Funktioner","item":"https:\/\/suresms.com\/dk\/funktioner\/"},{"@type":"ListItem","position":3,"name":"WEB tilmeldingsformular"}]},{"@type":"WebSite","@id":"https:\/\/suresms.com\/en\/#website","url":"https:\/\/suresms.com\/en\/","name":"SureSMS","description":"Profesjonell SMS-gateway","publisher":{"@id":"https:\/\/suresms.com\/en\/#organization"},"potentialAction":[{"@type":"SearchAction","target":{"@type":"EntryPoint","urlTemplate":"https:\/\/suresms.com\/en\/?s={search_term_string}"},"query-input":{"@type":"PropertyValueSpecification","valueRequired":true,"valueName":"search_term_string"}}],"inLanguage":"nb-NO"},{"@type":"Organization","@id":"https:\/\/suresms.com\/en\/#organization","name":"SureSMS","url":"https:\/\/suresms.com\/en\/","logo":{"@type":"ImageObject","inLanguage":"nb-NO","@id":"https:\/\/suresms.com\/en\/#\/schema\/logo\/image\/","url":"https:\/\/suresms.com\/wp-content\/uploads\/2024\/11\/suresms-300x65-1.png","contentUrl":"https:\/\/suresms.com\/wp-content\/uploads\/2024\/11\/suresms-300x65-1.png","width":300,"height":65,"caption":"SureSMS"},"image":{"@id":"https:\/\/suresms.com\/en\/#\/schema\/logo\/image\/"},"sameAs":["https:\/\/www.facebook.com\/p\/SureSMS-100044607956149\/"]}]}},"_links":{"self":[{"href":"https:\/\/suresms.com\/nb\/wp-json\/wp\/v2\/pages\/1426","targetHints":{"allow":["GET"]}}],"collection":[{"href":"https:\/\/suresms.com\/nb\/wp-json\/wp\/v2\/pages"}],"about":[{"href":"https:\/\/suresms.com\/nb\/wp-json\/wp\/v2\/types\/page"}],"author":[{"embeddable":true,"href":"https:\/\/suresms.com\/nb\/wp-json\/wp\/v2\/users\/1"}],"replies":[{"embeddable":true,"href":"https:\/\/suresms.com\/nb\/wp-json\/wp\/v2\/comments?post=1426"}],"version-history":[{"count":4,"href":"https:\/\/suresms.com\/nb\/wp-json\/wp\/v2\/pages\/1426\/revisions"}],"predecessor-version":[{"id":19462,"href":"https:\/\/suresms.com\/nb\/wp-json\/wp\/v2\/pages\/1426\/revisions\/19462"}],"up":[{"embeddable":true,"href":"https:\/\/suresms.com\/nb\/wp-json\/wp\/v2\/pages\/958"}],"wp:attachment":[{"href":"https:\/\/suresms.com\/nb\/wp-json\/wp\/v2\/media?parent=1426"}],"wp:term":[{"taxonomy":"category","embeddable":true,"href":"https:\/\/suresms.com\/nb\/wp-json\/wp\/v2\/categories?post=1426"},{"taxonomy":"post_tag","embeddable":true,"href":"https:\/\/suresms.com\/nb\/wp-json\/wp\/v2\/tags?post=1426"}],"curies":[{"name":"wp","href":"https:\/\/api.w.org\/{rel}","templated":true}]}}