{"id":1409,"date":"2015-12-14T16:00:43","date_gmt":"2015-12-14T14:00:43","guid":{"rendered":"https:\/\/www.suresms.com\/dk\/?page_id=1409"},"modified":"2024-12-05T15:40:42","modified_gmt":"2024-12-05T15:40:42","slug":"sms-til-sms-funksjon","status":"publish","type":"page","link":"https:\/\/suresms.com\/nb\/funktioner\/sms-til-sms-funktion\/","title":{"rendered":"SMS til SMS-funksjon"},"content":{"rendered":"<!-- Flexy Breadcrumb -->\r\n\t\t\t<div class=\"fbc fbc-page\">\r\n\r\n\t\t\t\t<!-- Breadcrumb wrapper -->\r\n\t\t\t\t<div class=\"fbc-wrap\">\r\n\r\n\t\t\t\t\t<!-- Ordered list-->\r\n\t\t\t\t\t<ol class=\"fbc-items\" itemscope itemtype=\"https:\/\/schema.org\/BreadcrumbList\">\r\n\t\t\t\t\t\t            <li itemprop=\"itemListElement\" itemscope itemtype=\"https:\/\/schema.org\/ListItem\">\r\n                <span itemprop=\"name\">\r\n                    <!-- Home Link -->\r\n                    <a itemprop=\"item\" href=\"https:\/\/suresms.com\/nb\/\">\r\n                    \r\n                                                    <i class=\"fa fa-home\" aria-hidden=\"true\"><\/i>Hjem                    <\/a>\r\n                <\/span>\r\n                <meta itemprop=\"position\" content=\"1\" \/><!-- Meta Position-->\r\n             <\/li><li><span class=\"fbc-separator\">\/<\/span><\/li><li class=\"active\" itemprop=\"itemListElement\" itemscope itemtype=\"https:\/\/schema.org\/ListItem\"><span itemprop=\"name\" title=\"SMS til SMS-funksjon\">SMS til SMS-funksjon<\/span><meta itemprop=\"position\" content=\"2\" \/><\/li>\t\t\t\t\t<\/ol>\r\n\t\t\t\t\t<div class=\"clearfix\"><\/div>\r\n\t\t\t\t<\/div>\r\n\t\t\t<\/div>\r\n\t\t\t\n<h1>\n\t\tSMS til SMS-funksjon\n\t<\/h1>\n\t<p>Dette er kanskje en av de mest avanserte funksjonene i SureSMS. Med SMS-til-SMS-funksjonen er det mulig \u00e5 sende en SMS til SureSMS. Denne SMS-en videresendes til en annen telefon, eventuelt med en annen avsender.<\/p>\n<h4><strong>Hvorfor det?<\/strong><\/h4>\n<p>Hvis du er i en organisasjon og \u00f8nsker en l\u00f8sning der alle kan sende en melding til alle i organisasjonen, f.eks. i forbindelse med arrangementer, kan du gj\u00f8re det med denne funksjonen.<\/p>\n<p>Ved \u00e5 opprette en konto hos SureSMS og opprette en gruppe, f.eks. styret, kan hvem som helst sende en SMS til et nummer med teksten \"Styret\" etterfulgt av meldingen. Meldingen vil da bli videresendt til alle i styret.<\/p>\n<p>Det betyr at det enkelte medlem ikke engang trenger \u00e5 vite nummeret til personen det skal sende til. Enkelt for avsenderen og personvern for mottakeren av meldingen.<\/p>\n<p>Et annet eksempel er for eksempel et borettslag som skal pusse opp. Med SMS2SMS kan du oppgi ett nummer og ett navn til h\u00e5ndverkerne. Byggmesterne kan deretter sende \u00e9n SMS, og alle medlemmene i organisasjonen vil motta meldingen.<\/p>\n<h4><strong>Gratis SMS2SMS for alle v\u00e5re kunder<\/strong><\/h4>\n<p>SMS til SMS-funksjonen koster ikke ekstra i SureSMS. Den er en del av tjenesten v\u00e5r. Avhengig av hvilke krav du har til s\u00f8keord, kan det imidlertid hende at du m\u00e5 kj\u00f8pe en 2-veis-l\u00f8sning. I SureSMS har vi laget denne l\u00f8sningen for alle kundene v\u00e5re, noe som betyr at vi har en 2-veis l\u00f8sning som kundene v\u00e5re kan bruke gratis. MEN, dette betyr ogs\u00e5 at den deles mellom kundene. Derfor kan du bare f\u00e5 de s\u00f8keordene som er tilgjengelige. Hvis en kunde allerede har tatt et s\u00f8keord, m\u00e5 du velge et annet.<\/p>\n<h4><strong>Lag en toveis l\u00f8sning for fritt valg<\/strong><\/h4>\n<p>Derfor velger noen kunder \u00e5 kj\u00f8pe sin egen 2-veis l\u00f8sning. P\u00e5 denne m\u00e5ten kan de fritt velge s\u00f8keord og eventuelt ogs\u00e5 hvilket mobilnummer det skal sendes til. Kj\u00f8per man sin egen 2-veis-l\u00f8sning, er man ikke avhengig av andre, mulighetene er st\u00f8rre og bryderiet med \u00e5 velge s\u00f8keord som passer til den enkelte anledning reduseres.<\/p>\n<p>Det finnes ulike produkter, men uansett om du velger v\u00e5r hostede SIM-l\u00f8sning eller et virtuelt langt nummer, har du ubegrenset med numre og fritt valg av s\u00f8keord.<\/p>\n<p>For mer informasjon om 2-veis l\u00f8sninger, se mer i menyen under 2-veis SMS.<\/p>\n<p>Se lenken her for <a title=\"Priser p\u00e5 SMS-gateway\" href=\"https:\/\/suresms.com\/nb\/priser-paa-sms-gateway\/\">oppdaterte priser p\u00e5 v\u00e5re 2-veis l\u00f8sninger.<\/a><\/p>\n\t\t<h4>Vil du opprette en konto med en gang? <\/h4>\n\t\t<p>Vi st\u00e5r klare til \u00e5 \u00f8nske deg velkommen som kunde hos SureSMS!<\/p>\n\t\t\t<a href=\"https:\/\/suresms.com\/nb\/opprette-sms-gateway-konto\/\" target=\"_self\">\n\t\t\t\t\t\t\tOpprett en SureSMS-konto!\n\t\t\t\t\t<\/a>\n\t\t<h4>Bestill en 2-veis l\u00f8sning!<\/h4>\n\t\t<p>Har du allerede en konto? Bestill en 2-veis l\u00f8sning og f\u00e5 de ekstra alternativene som din egen l\u00f8sning tilbyr.\u00a0<\/p>\n\t\t\t<a href=\"https:\/\/suresms.com\/nb\/bestill-2-veis-lossing\/\" target=\"_self\">\n\t\t\t\t\t\t\tBestill 2-veis l\u00f8sning\n\t\t\t\t\t<\/a>\n\t<h4><strong>Her kan du lese et eksempel p\u00e5 hvordan kundene v\u00e5re bruker SMS2SMS i dag<\/strong><\/h4>\n<ul>\n<li>Vi utviklet SMS2SMS-l\u00f8sningen v\u00e5r for et dansk arkitektfirma. Selskapet \u00f8nsket en SMS-l\u00f8sning som kunne brukes p\u00e5 byggeprosjektene deres. L\u00f8sningen skulle forenkle kommunikasjonen og gj\u00f8re det mulig for entrepren\u00f8rer og underleverand\u00f8rer \u00e5 kommunisere med beboerne om fremdriften i byggeprosjektene, tilbud med mer. Samtidig \u00f8nsket arkitektfirmaet en l\u00f8sning der beboerne selv kunne melde seg p\u00e5 informasjonsflyten.\u00a0 <br \/><strong>SureSMS har utviklet SMS2SMS-produktet for arkitekter<\/strong>. Hvem som helst kan sende informasjon til l\u00f8sningen via en enkelt SMS, og innbyggerne kan selv registrere seg for den via n\u00f8kkelord.<\/li>\n<\/ul>\n<p>\u00a0<\/p>","protected":false},"excerpt":{"rendered":"<p>SMS-til-SMS-funksjon Dette er kanskje en av de mest avanserte funksjonene i SureSMS. Med SMS-til-SMS-funksjonen er det mulig \u00e5 sende en SMS til SureSMS. Denne SMS-en videresendes til en annen telefon, eventuelt med en annen avsender. Hvorfor b\u00f8r du gj\u00f8re dette? Hvis du er i en organisasjon og \u00f8nsker en l\u00f8sning som... <a title=\"SMS til SMS-funksjon\" class=\"read-more\" href=\"https:\/\/suresms.com\/nb\/funktioner\/sms-til-sms-funktion\/\" aria-label=\"Les mer om SMS til SMS-funksjonen\">Les mer om dette<\/a><\/p>","protected":false},"author":1,"featured_media":0,"parent":958,"menu_order":3,"comment_status":"closed","ping_status":"closed","template":"","meta":{"_fl_builder_enabled":"1","_fl_builder_data":null,"_fl_builder_draft":null,"_fl_builder_data_settings":null,"_fl_builder_css":"","_fl_builder_css_version":"","_fl_builder_js":"","footnotes":""},"categories":[17],"tags":[],"class_list":{"0":"post-1409","1":"page","2":"type-page","3":"status-publish","5":"category-linkfracornorstone"},"yoast_head":"<!-- This site is optimized with the Yoast SEO Premium plugin v27.3 (Yoast SEO v27.3) - https:\/\/yoast.com\/product\/yoast-seo-premium-wordpress\/ -->\r\n<title>SMS til SMS funktion - SureSMS. NYT avanceret produkt - tilmeld selv<\/title>\r\n<meta name=\"description\" content=\"SMS til SMS. Send informationer til grupper uden at kende kontakternes identitet. Godt til f.x underlevand\u00f8rer. 2-vejsl\u00f8sning, hvortil man kan sende tilbud\" \/>\r\n<meta name=\"robots\" content=\"index, follow, max-snippet:-1, max-image-preview:large, max-video-preview:-1\" \/>\r\n<link rel=\"canonical\" href=\"https:\/\/suresms.com\/nb\/funksjoner\/sms-til-sms-funksjon\/\" \/>\r\n<meta property=\"og:locale\" content=\"nb_NO\" \/>\r\n<meta property=\"og:type\" content=\"article\" \/>\r\n<meta property=\"og:title\" content=\"SMS til SMS funktion\" \/>\r\n<meta property=\"og:description\" content=\"SMS til SMS. Send informationer til grupper uden at kende kontakternes identitet. Godt til f.x underlevand\u00f8rer. 2-vejsl\u00f8sning, hvortil man kan sende tilbud\" \/>\r\n<meta property=\"og:url\" content=\"https:\/\/suresms.com\/nb\/funksjoner\/sms-til-sms-funksjon\/\" \/>\r\n<meta property=\"article:publisher\" content=\"https:\/\/www.facebook.com\/p\/SureSMS-100044607956149\/\" \/>\r\n<meta property=\"article:modified_time\" content=\"2024-12-05T15:40:42+00:00\" \/>\r\n<meta name=\"twitter:card\" content=\"summary_large_image\" \/>\r\n<meta name=\"twitter:label1\" content=\"Ansl. lesetid\" \/>\n\t<meta name=\"twitter:data1\" content=\"4 minutter\" \/>\r\n<script type=\"application\/ld+json\" class=\"yoast-schema-graph\">{\"@context\":\"https:\\\/\\\/schema.org\",\"@graph\":[{\"@type\":\"WebPage\",\"@id\":\"https:\\\/\\\/suresms.com\\\/dk\\\/funktioner\\\/sms-til-sms-funktion\\\/\",\"url\":\"https:\\\/\\\/suresms.com\\\/dk\\\/funktioner\\\/sms-til-sms-funktion\\\/\",\"name\":\"SMS til SMS funktion - SureSMS. NYT avanceret produkt - tilmeld selv\",\"isPartOf\":{\"@id\":\"https:\\\/\\\/suresms.com\\\/en\\\/#website\"},\"datePublished\":\"2015-12-14T14:00:43+00:00\",\"dateModified\":\"2024-12-05T15:40:42+00:00\",\"description\":\"SMS til SMS. Send informationer til grupper uden at kende kontakternes identitet. Godt til f.x underlevand\u00f8rer. 2-vejsl\u00f8sning, hvortil man kan sende tilbud\",\"breadcrumb\":{\"@id\":\"https:\\\/\\\/suresms.com\\\/dk\\\/funktioner\\\/sms-til-sms-funktion\\\/#breadcrumb\"},\"inLanguage\":\"nb-NO\",\"potentialAction\":[{\"@type\":\"ReadAction\",\"target\":[\"https:\\\/\\\/suresms.com\\\/dk\\\/funktioner\\\/sms-til-sms-funktion\\\/\"]}]},{\"@type\":\"BreadcrumbList\",\"@id\":\"https:\\\/\\\/suresms.com\\\/dk\\\/funktioner\\\/sms-til-sms-funktion\\\/#breadcrumb\",\"itemListElement\":[{\"@type\":\"ListItem\",\"position\":1,\"name\":\"Home\",\"item\":\"https:\\\/\\\/suresms.com\\\/dk\\\/\"},{\"@type\":\"ListItem\",\"position\":2,\"name\":\"Funktioner\",\"item\":\"https:\\\/\\\/suresms.com\\\/dk\\\/funktioner\\\/\"},{\"@type\":\"ListItem\",\"position\":3,\"name\":\"SMS til SMS funktion\"}]},{\"@type\":\"WebSite\",\"@id\":\"https:\\\/\\\/suresms.com\\\/en\\\/#website\",\"url\":\"https:\\\/\\\/suresms.com\\\/en\\\/\",\"name\":\"SureSMS\",\"description\":\"Professionel SMS Gateway\",\"publisher\":{\"@id\":\"https:\\\/\\\/suresms.com\\\/en\\\/#organization\"},\"potentialAction\":[{\"@type\":\"SearchAction\",\"target\":{\"@type\":\"EntryPoint\",\"urlTemplate\":\"https:\\\/\\\/suresms.com\\\/en\\\/?s={search_term_string}\"},\"query-input\":{\"@type\":\"PropertyValueSpecification\",\"valueRequired\":true,\"valueName\":\"search_term_string\"}}],\"inLanguage\":\"nb-NO\"},{\"@type\":\"Organization\",\"@id\":\"https:\\\/\\\/suresms.com\\\/en\\\/#organization\",\"name\":\"SureSMS\",\"url\":\"https:\\\/\\\/suresms.com\\\/en\\\/\",\"logo\":{\"@type\":\"ImageObject\",\"inLanguage\":\"nb-NO\",\"@id\":\"https:\\\/\\\/suresms.com\\\/en\\\/#\\\/schema\\\/logo\\\/image\\\/\",\"url\":\"https:\\\/\\\/suresms.com\\\/wp-content\\\/uploads\\\/2024\\\/11\\\/suresms-300x65-1.png\",\"contentUrl\":\"https:\\\/\\\/suresms.com\\\/wp-content\\\/uploads\\\/2024\\\/11\\\/suresms-300x65-1.png\",\"width\":300,\"height\":65,\"caption\":\"SureSMS\"},\"image\":{\"@id\":\"https:\\\/\\\/suresms.com\\\/en\\\/#\\\/schema\\\/logo\\\/image\\\/\"},\"sameAs\":[\"https:\\\/\\\/www.facebook.com\\\/p\\\/SureSMS-100044607956149\\\/\"]}]}<\/script>\r\n<!-- \/ Yoast SEO Premium plugin. -->","yoast_head_json":{"title":"SMS til SMS-funksjon - SureSMS. NYTT avansert produkt - registrer deg selv","description":"SMS til SMS. Send informasjon til grupper uten \u00e5 kjenne identiteten til kontaktene. Bra for f.eks. underleverand\u00f8rer. 2-veis l\u00f8sning som du kan sende tilbud til","robots":{"index":"index","follow":"follow","max-snippet":"max-snippet:-1","max-image-preview":"max-image-preview:large","max-video-preview":"max-video-preview:-1"},"canonical":"https:\/\/suresms.com\/nb\/funksjoner\/sms-til-sms-funksjon\/","og_locale":"nb_NO","og_type":"article","og_title":"SMS til SMS funktion","og_description":"SMS til SMS. Send informationer til grupper uden at kende kontakternes identitet. Godt til f.x underlevand\u00f8rer. 2-vejsl\u00f8sning, hvortil man kan sende tilbud","og_url":"https:\/\/suresms.com\/nb\/funksjoner\/sms-til-sms-funksjon\/","article_publisher":"https:\/\/www.facebook.com\/p\/SureSMS-100044607956149\/","article_modified_time":"2024-12-05T15:40:42+00:00","twitter_card":"summary_large_image","twitter_misc":{"Ansl. lesetid":"4 minutter"},"schema":{"@context":"https:\/\/schema.org","@graph":[{"@type":"WebPage","@id":"https:\/\/suresms.com\/dk\/funktioner\/sms-til-sms-funktion\/","url":"https:\/\/suresms.com\/dk\/funktioner\/sms-til-sms-funktion\/","name":"SMS til SMS-funksjon - SureSMS. NYTT avansert produkt - registrer deg selv","isPartOf":{"@id":"https:\/\/suresms.com\/en\/#website"},"datePublished":"2015-12-14T14:00:43+00:00","dateModified":"2024-12-05T15:40:42+00:00","description":"SMS til SMS. Send informasjon til grupper uten \u00e5 kjenne identiteten til kontaktene. Bra for f.eks. underleverand\u00f8rer. 2-veis l\u00f8sning som du kan sende tilbud til","breadcrumb":{"@id":"https:\/\/suresms.com\/dk\/funktioner\/sms-til-sms-funktion\/#breadcrumb"},"inLanguage":"nb-NO","potentialAction":[{"@type":"ReadAction","target":["https:\/\/suresms.com\/dk\/funktioner\/sms-til-sms-funktion\/"]}]},{"@type":"BreadcrumbList","@id":"https:\/\/suresms.com\/dk\/funktioner\/sms-til-sms-funktion\/#breadcrumb","itemListElement":[{"@type":"ListItem","position":1,"name":"Home","item":"https:\/\/suresms.com\/dk\/"},{"@type":"ListItem","position":2,"name":"Funktioner","item":"https:\/\/suresms.com\/dk\/funktioner\/"},{"@type":"ListItem","position":3,"name":"SMS til SMS funktion"}]},{"@type":"WebSite","@id":"https:\/\/suresms.com\/en\/#website","url":"https:\/\/suresms.com\/en\/","name":"SureSMS","description":"Profesjonell SMS-gateway","publisher":{"@id":"https:\/\/suresms.com\/en\/#organization"},"potentialAction":[{"@type":"SearchAction","target":{"@type":"EntryPoint","urlTemplate":"https:\/\/suresms.com\/en\/?s={search_term_string}"},"query-input":{"@type":"PropertyValueSpecification","valueRequired":true,"valueName":"search_term_string"}}],"inLanguage":"nb-NO"},{"@type":"Organization","@id":"https:\/\/suresms.com\/en\/#organization","name":"SureSMS","url":"https:\/\/suresms.com\/en\/","logo":{"@type":"ImageObject","inLanguage":"nb-NO","@id":"https:\/\/suresms.com\/en\/#\/schema\/logo\/image\/","url":"https:\/\/suresms.com\/wp-content\/uploads\/2024\/11\/suresms-300x65-1.png","contentUrl":"https:\/\/suresms.com\/wp-content\/uploads\/2024\/11\/suresms-300x65-1.png","width":300,"height":65,"caption":"SureSMS"},"image":{"@id":"https:\/\/suresms.com\/en\/#\/schema\/logo\/image\/"},"sameAs":["https:\/\/www.facebook.com\/p\/SureSMS-100044607956149\/"]}]}},"_links":{"self":[{"href":"https:\/\/suresms.com\/nb\/wp-json\/wp\/v2\/pages\/1409","targetHints":{"allow":["GET"]}}],"collection":[{"href":"https:\/\/suresms.com\/nb\/wp-json\/wp\/v2\/pages"}],"about":[{"href":"https:\/\/suresms.com\/nb\/wp-json\/wp\/v2\/types\/page"}],"author":[{"embeddable":true,"href":"https:\/\/suresms.com\/nb\/wp-json\/wp\/v2\/users\/1"}],"replies":[{"embeddable":true,"href":"https:\/\/suresms.com\/nb\/wp-json\/wp\/v2\/comments?post=1409"}],"version-history":[{"count":1,"href":"https:\/\/suresms.com\/nb\/wp-json\/wp\/v2\/pages\/1409\/revisions"}],"predecessor-version":[{"id":19474,"href":"https:\/\/suresms.com\/nb\/wp-json\/wp\/v2\/pages\/1409\/revisions\/19474"}],"up":[{"embeddable":true,"href":"https:\/\/suresms.com\/nb\/wp-json\/wp\/v2\/pages\/958"}],"wp:attachment":[{"href":"https:\/\/suresms.com\/nb\/wp-json\/wp\/v2\/media?parent=1409"}],"wp:term":[{"taxonomy":"category","embeddable":true,"href":"https:\/\/suresms.com\/nb\/wp-json\/wp\/v2\/categories?post=1409"},{"taxonomy":"post_tag","embeddable":true,"href":"https:\/\/suresms.com\/nb\/wp-json\/wp\/v2\/tags?post=1409"}],"curies":[{"name":"wp","href":"https:\/\/api.w.org\/{rel}","templated":true}]}}