{"id":1076,"date":"2015-02-26T15:14:08","date_gmt":"2015-02-26T13:14:08","guid":{"rendered":"https:\/\/www.suresms.com\/dk\/?page_id=1076"},"modified":"2024-12-06T13:00:45","modified_gmt":"2024-12-06T13:00:45","slug":"sms-maler","status":"publish","type":"page","link":"https:\/\/suresms.com\/nb\/funktioner\/sms-skabeloner\/","title":{"rendered":"SMS-maler"},"content":{"rendered":"<!-- Flexy Breadcrumb -->\r\n\t\t\t<div class=\"fbc fbc-page\">\r\n\r\n\t\t\t\t<!-- Breadcrumb wrapper -->\r\n\t\t\t\t<div class=\"fbc-wrap\">\r\n\r\n\t\t\t\t\t<!-- Ordered list-->\r\n\t\t\t\t\t<ol class=\"fbc-items\" itemscope itemtype=\"https:\/\/schema.org\/BreadcrumbList\">\r\n\t\t\t\t\t\t            <li itemprop=\"itemListElement\" itemscope itemtype=\"https:\/\/schema.org\/ListItem\">\r\n                <span itemprop=\"name\">\r\n                    <!-- Home Link -->\r\n                    <a itemprop=\"item\" href=\"https:\/\/suresms.com\/nb\/\">\r\n                    \r\n                                                    <i class=\"fa fa-home\" aria-hidden=\"true\"><\/i>Hjem                    <\/a>\r\n                <\/span>\r\n                <meta itemprop=\"position\" content=\"1\" \/><!-- Meta Position-->\r\n             <\/li><li><span class=\"fbc-separator\">\/<\/span><\/li><li class=\"active\" itemprop=\"itemListElement\" itemscope itemtype=\"https:\/\/schema.org\/ListItem\"><span itemprop=\"name\" title=\"SMS-maler\">SMS-maler<\/span><meta itemprop=\"position\" content=\"2\" \/><\/li>\t\t\t\t\t<\/ol>\r\n\t\t\t\t\t<div class=\"clearfix\"><\/div>\r\n\t\t\t\t<\/div>\r\n\t\t\t<\/div>\r\n\t\t\t\n<h1>\n\t\tSMS-maler\n\t<\/h1>\n\t<p>Mange av kundene v\u00e5re sender ofte ut samme type meldinger til kunder eller forretningspartnere om og om igjen. Da er det lurt \u00e5 benytte seg av muligheten til \u00e5 opprette maler i SMS-systemet v\u00e5rt.<\/p>\n<p><strong>Med en mal kan du spare b\u00e5de arbeidstid og s\u00f8rge for at alle brukerne dine f\u00e5r den aller beste servicen!<\/strong><\/p>\n<p>En mal er en tekst som du kan bruke mange ganger. I stedet for \u00e5 skrive meldingen hver gang du skal sende den, kan du opprette en mal. N\u00e5r du har opprettet malen, kan du velge den fra en liste, og meldingen du har valgt, blir sendt automatisk.<\/p>\n<p>&nbsp;<\/p>\n\t<ul>\n\t\t<li>\t\t\t\t\n\t\t<h3>Ulike maler<\/h3><p>Det er mulig \u00e5 opprette alle de malene du trenger. Hvis du for eksempel skal sende meldingen \"Husk tiden din...\", men ogs\u00e5 har behov for \u00e5 sende meldingen \"Varene dine er ankommet...\", oppretter du ganske enkelt to forskjellige maler.<\/p><\/li><li>\t\t\t\t\n\t\t<h3>Enkel administrasjon<\/h3><p>Fra nettstedet v\u00e5rt er det enkelt \u00e5 opprette, redigere og slette maler for ethvert form\u00e5l. Og det er mulighet for et ubegrenset antall maler for ethvert form\u00e5l.<\/p><\/li><li>\t\t\t\t\n\t\t<h3>Personlig tilpassede meldinger<\/h3><p>Hvis du \u00f8nsker \u00e5 personalisere meldingene dine for \u00e5 f\u00e5 bedre respons fra kundene, kan du velge \u00e5 sl\u00e5 sammen navn i meldingene, slik at du ikke g\u00e5r p\u00e5 akkord med \u00e5 levere personlige meldinger til kundene dine. Se mer om funksjonen Sl\u00e5 sammen personlige meldinger i grupper her<\/p><\/li>\t<\/ul>\n\t<p>Les veiledningen p\u00e5 <a href=\"https:\/\/suresms.com\/nb\/dokumenter\/konto-3\/stasjonsnavn-3\/#___Brug_af_skabeloner__\">Bruk maler her<\/a>.<\/p>\n\t\t<h4>Vil du opprette en konto med en gang? <\/h4>\n\t\t<p>Vi st\u00e5r klare til \u00e5 \u00f8nske deg velkommen som kunde hos SureSMS!<\/p>\n\t\t\t<a href=\"https:\/\/suresms.com\/nb\/opprette-sms-gateway-konto\/\" target=\"_self\">\n\t\t\t\t\t\t\tOpprett en SureSMS-konto!\n\t\t\t\t\t<\/a>\n\t\t<h4>Bestill en 2-veis l\u00f8sning!<\/h4>\n\t\t<p>Har du allerede en konto? Bestill en 2-veis l\u00f8sning og f\u00e5 de ekstra alternativene som din egen l\u00f8sning tilbyr.\u00a0<\/p>\n\t\t\t<a href=\"https:\/\/suresms.com\/nb\/bestill-2-veis-lossing\/\" target=\"_self\">\n\t\t\t\t\t\t\tBestill 2-veis l\u00f8sning\n\t\t\t\t\t<\/a>\n\t<h4><strong>Her kan du lese noen eksempler p\u00e5 hvordan kundene v\u00e5re bruker funksjonen i dag: \"E-mail2SMS\"<\/strong><\/h4>\n<ul>\n<li>Flere kommuner bruker E-mail2SMS fra SureSMS til \u00e5 overv\u00e5ke sin IT. En ny trend blant hackere er \u00e5 sende virus som krypterer mottakerens data og deretter krever l\u00f8sepenger for \u00e5 frigj\u00f8re dem igjen. Jo raskere delte stasjoner og lignende kobles fra nettverket, desto mindre skade blir gjort. Overv\u00e5kingen bruker e-mail2SMS til \u00e5 sende en SMS til kommunens st\u00f8ttespillere, slik at de kan reagere raskt og minimere skaden.<\/li>\n<li>Blant kundene v\u00e5re er flere store data- og elektronikkselskaper som har integrert v\u00e5r e-mail2SMS-l\u00f8sning i sine systemer. Systemene sender en SMS til kundene om status p\u00e5 servicesaken deres.<\/li>\n<li>Den samme funksjonen, som er enkel \u00e5 integrere, brukes av flere forsikringsselskaper til \u00e5 sende statusmeldinger til kundene om skademeldinger og andre forsikringssaker.<\/li>\n<li>Og s\u00e5 har vi ogs\u00e5 en driftig hageforening fra det gr\u00f8nne Amager, som sender ut invitasjoner til generalforsamlinger og annen informasjon og arrangementer til kolonistene sine. <strong>La Danmark blomstre og v\u00e5ren komme!<\/strong><\/li>\n<\/ul>","protected":false},"excerpt":{"rendered":"<p>SMS-maler Mange av v\u00e5re kunder sender ofte ut samme type meldinger til kunder eller forretningspartnere om og om igjen. Da er det lurt \u00e5 bruke muligheten til \u00e5 opprette maler i v\u00e5rt SMS-system. Med en mal kan du spare tid og s\u00f8rge for at alle brukerne dine f\u00e5r den aller beste... <a title=\"SMS-maler\" class=\"read-more\" href=\"https:\/\/suresms.com\/nb\/funktioner\/sms-skabeloner\/\" aria-label=\"Les mer om SMS-maler\">Les mer om dette<\/a><\/p>","protected":false},"author":1,"featured_media":0,"parent":958,"menu_order":8,"comment_status":"closed","ping_status":"closed","template":"","meta":{"_fl_builder_enabled":"1","_fl_builder_data":null,"_fl_builder_draft":null,"_fl_builder_data_settings":null,"_fl_builder_css":"","_fl_builder_css_version":"","_fl_builder_js":"","footnotes":""},"categories":[17],"tags":[],"class_list":{"0":"post-1076","1":"page","2":"type-page","3":"status-publish","5":"category-linkfracornorstone"},"yoast_head":"<!-- This site is optimized with the Yoast SEO Premium plugin v27.3 (Yoast SEO v27.3) - https:\/\/yoast.com\/product\/yoast-seo-premium-wordpress\/ -->\r\n<title>SMS Templates | Opret let mange SMS skabeloner og spar tid<\/title>\r\n<meta name=\"description\" content=\"Skal du sende mange ens beskeder? Opret nemt SMS skabeloner og spar tid og arbejde. gratis funktion . Opret gratis testkonto inkl. 100 SMS&#039;er og pr\u00f8v nu.\" \/>\r\n<meta name=\"robots\" content=\"index, follow, max-snippet:-1, max-image-preview:large, max-video-preview:-1\" \/>\r\n<link rel=\"canonical\" href=\"https:\/\/suresms.com\/nb\/funksjoner\/sms-maler\/\" \/>\r\n<meta property=\"og:locale\" content=\"nb_NO\" \/>\r\n<meta property=\"og:type\" content=\"article\" \/>\r\n<meta property=\"og:title\" content=\"SMS skabeloner\" \/>\r\n<meta property=\"og:description\" content=\"Skal du sende mange ens beskeder? Opret nemt SMS skabeloner og spar tid og arbejde. gratis funktion . Opret gratis testkonto inkl. 100 SMS&#039;er og pr\u00f8v nu.\" \/>\r\n<meta property=\"og:url\" content=\"https:\/\/suresms.com\/nb\/funksjoner\/sms-maler\/\" \/>\r\n<meta property=\"article:publisher\" content=\"https:\/\/www.facebook.com\/p\/SureSMS-100044607956149\/\" \/>\r\n<meta property=\"article:modified_time\" content=\"2024-12-06T13:00:45+00:00\" \/>\r\n<meta name=\"twitter:card\" content=\"summary_large_image\" \/>\r\n<meta name=\"twitter:label1\" content=\"Ansl. lesetid\" \/>\n\t<meta name=\"twitter:data1\" content=\"7 minutter\" \/>\r\n<script type=\"application\/ld+json\" class=\"yoast-schema-graph\">{\"@context\":\"https:\\\/\\\/schema.org\",\"@graph\":[{\"@type\":\"WebPage\",\"@id\":\"https:\\\/\\\/suresms.com\\\/dk\\\/funktioner\\\/sms-skabeloner\\\/\",\"url\":\"https:\\\/\\\/suresms.com\\\/dk\\\/funktioner\\\/sms-skabeloner\\\/\",\"name\":\"SMS Templates | Opret let mange SMS skabeloner og spar tid\",\"isPartOf\":{\"@id\":\"https:\\\/\\\/suresms.com\\\/en\\\/#website\"},\"datePublished\":\"2015-02-26T13:14:08+00:00\",\"dateModified\":\"2024-12-06T13:00:45+00:00\",\"description\":\"Skal du sende mange ens beskeder? Opret nemt SMS skabeloner og spar tid og arbejde. gratis funktion . Opret gratis testkonto inkl. 100 SMS'er og pr\u00f8v nu.\",\"breadcrumb\":{\"@id\":\"https:\\\/\\\/suresms.com\\\/dk\\\/funktioner\\\/sms-skabeloner\\\/#breadcrumb\"},\"inLanguage\":\"nb-NO\",\"potentialAction\":[{\"@type\":\"ReadAction\",\"target\":[\"https:\\\/\\\/suresms.com\\\/dk\\\/funktioner\\\/sms-skabeloner\\\/\"]}]},{\"@type\":\"BreadcrumbList\",\"@id\":\"https:\\\/\\\/suresms.com\\\/dk\\\/funktioner\\\/sms-skabeloner\\\/#breadcrumb\",\"itemListElement\":[{\"@type\":\"ListItem\",\"position\":1,\"name\":\"Home\",\"item\":\"https:\\\/\\\/suresms.com\\\/dk\\\/\"},{\"@type\":\"ListItem\",\"position\":2,\"name\":\"Funktioner\",\"item\":\"https:\\\/\\\/suresms.com\\\/dk\\\/funktioner\\\/\"},{\"@type\":\"ListItem\",\"position\":3,\"name\":\"SMS skabeloner\"}]},{\"@type\":\"WebSite\",\"@id\":\"https:\\\/\\\/suresms.com\\\/en\\\/#website\",\"url\":\"https:\\\/\\\/suresms.com\\\/en\\\/\",\"name\":\"SureSMS\",\"description\":\"Professionel SMS Gateway\",\"publisher\":{\"@id\":\"https:\\\/\\\/suresms.com\\\/en\\\/#organization\"},\"potentialAction\":[{\"@type\":\"SearchAction\",\"target\":{\"@type\":\"EntryPoint\",\"urlTemplate\":\"https:\\\/\\\/suresms.com\\\/en\\\/?s={search_term_string}\"},\"query-input\":{\"@type\":\"PropertyValueSpecification\",\"valueRequired\":true,\"valueName\":\"search_term_string\"}}],\"inLanguage\":\"nb-NO\"},{\"@type\":\"Organization\",\"@id\":\"https:\\\/\\\/suresms.com\\\/en\\\/#organization\",\"name\":\"SureSMS\",\"url\":\"https:\\\/\\\/suresms.com\\\/en\\\/\",\"logo\":{\"@type\":\"ImageObject\",\"inLanguage\":\"nb-NO\",\"@id\":\"https:\\\/\\\/suresms.com\\\/en\\\/#\\\/schema\\\/logo\\\/image\\\/\",\"url\":\"https:\\\/\\\/suresms.com\\\/wp-content\\\/uploads\\\/2024\\\/11\\\/suresms-300x65-1.png\",\"contentUrl\":\"https:\\\/\\\/suresms.com\\\/wp-content\\\/uploads\\\/2024\\\/11\\\/suresms-300x65-1.png\",\"width\":300,\"height\":65,\"caption\":\"SureSMS\"},\"image\":{\"@id\":\"https:\\\/\\\/suresms.com\\\/en\\\/#\\\/schema\\\/logo\\\/image\\\/\"},\"sameAs\":[\"https:\\\/\\\/www.facebook.com\\\/p\\\/SureSMS-100044607956149\\\/\"]}]}<\/script>\r\n<!-- \/ Yoast SEO Premium plugin. -->","yoast_head_json":{"title":"SMS-maler | Lag enkelt mange SMS-maler og spar tid","description":"Trenger du \u00e5 sende mange lignende meldinger? Lag SMS-maler p\u00e5 en enkel m\u00e5te og spar tid og krefter. gratis funksjon. Opprett en gratis pr\u00f8vekonto med 100 SMS-meldinger og pr\u00f8v n\u00e5.","robots":{"index":"index","follow":"follow","max-snippet":"max-snippet:-1","max-image-preview":"max-image-preview:large","max-video-preview":"max-video-preview:-1"},"canonical":"https:\/\/suresms.com\/nb\/funksjoner\/sms-maler\/","og_locale":"nb_NO","og_type":"article","og_title":"SMS skabeloner","og_description":"Skal du sende mange ens beskeder? Opret nemt SMS skabeloner og spar tid og arbejde. gratis funktion . Opret gratis testkonto inkl. 100 SMS'er og pr\u00f8v nu.","og_url":"https:\/\/suresms.com\/nb\/funksjoner\/sms-maler\/","article_publisher":"https:\/\/www.facebook.com\/p\/SureSMS-100044607956149\/","article_modified_time":"2024-12-06T13:00:45+00:00","twitter_card":"summary_large_image","twitter_misc":{"Ansl. lesetid":"7 minutter"},"schema":{"@context":"https:\/\/schema.org","@graph":[{"@type":"WebPage","@id":"https:\/\/suresms.com\/dk\/funktioner\/sms-skabeloner\/","url":"https:\/\/suresms.com\/dk\/funktioner\/sms-skabeloner\/","name":"SMS-maler | Lag enkelt mange SMS-maler og spar tid","isPartOf":{"@id":"https:\/\/suresms.com\/en\/#website"},"datePublished":"2015-02-26T13:14:08+00:00","dateModified":"2024-12-06T13:00:45+00:00","description":"Trenger du \u00e5 sende mange lignende meldinger? Lag SMS-maler p\u00e5 en enkel m\u00e5te og spar tid og krefter. gratis funksjon. Opprett en gratis pr\u00f8vekonto med 100 SMS-meldinger og pr\u00f8v n\u00e5.","breadcrumb":{"@id":"https:\/\/suresms.com\/dk\/funktioner\/sms-skabeloner\/#breadcrumb"},"inLanguage":"nb-NO","potentialAction":[{"@type":"ReadAction","target":["https:\/\/suresms.com\/dk\/funktioner\/sms-skabeloner\/"]}]},{"@type":"BreadcrumbList","@id":"https:\/\/suresms.com\/dk\/funktioner\/sms-skabeloner\/#breadcrumb","itemListElement":[{"@type":"ListItem","position":1,"name":"Home","item":"https:\/\/suresms.com\/dk\/"},{"@type":"ListItem","position":2,"name":"Funktioner","item":"https:\/\/suresms.com\/dk\/funktioner\/"},{"@type":"ListItem","position":3,"name":"SMS skabeloner"}]},{"@type":"WebSite","@id":"https:\/\/suresms.com\/en\/#website","url":"https:\/\/suresms.com\/en\/","name":"SureSMS","description":"Profesjonell SMS-gateway","publisher":{"@id":"https:\/\/suresms.com\/en\/#organization"},"potentialAction":[{"@type":"SearchAction","target":{"@type":"EntryPoint","urlTemplate":"https:\/\/suresms.com\/en\/?s={search_term_string}"},"query-input":{"@type":"PropertyValueSpecification","valueRequired":true,"valueName":"search_term_string"}}],"inLanguage":"nb-NO"},{"@type":"Organization","@id":"https:\/\/suresms.com\/en\/#organization","name":"SureSMS","url":"https:\/\/suresms.com\/en\/","logo":{"@type":"ImageObject","inLanguage":"nb-NO","@id":"https:\/\/suresms.com\/en\/#\/schema\/logo\/image\/","url":"https:\/\/suresms.com\/wp-content\/uploads\/2024\/11\/suresms-300x65-1.png","contentUrl":"https:\/\/suresms.com\/wp-content\/uploads\/2024\/11\/suresms-300x65-1.png","width":300,"height":65,"caption":"SureSMS"},"image":{"@id":"https:\/\/suresms.com\/en\/#\/schema\/logo\/image\/"},"sameAs":["https:\/\/www.facebook.com\/p\/SureSMS-100044607956149\/"]}]}},"_links":{"self":[{"href":"https:\/\/suresms.com\/nb\/wp-json\/wp\/v2\/pages\/1076","targetHints":{"allow":["GET"]}}],"collection":[{"href":"https:\/\/suresms.com\/nb\/wp-json\/wp\/v2\/pages"}],"about":[{"href":"https:\/\/suresms.com\/nb\/wp-json\/wp\/v2\/types\/page"}],"author":[{"embeddable":true,"href":"https:\/\/suresms.com\/nb\/wp-json\/wp\/v2\/users\/1"}],"replies":[{"embeddable":true,"href":"https:\/\/suresms.com\/nb\/wp-json\/wp\/v2\/comments?post=1076"}],"version-history":[{"count":2,"href":"https:\/\/suresms.com\/nb\/wp-json\/wp\/v2\/pages\/1076\/revisions"}],"predecessor-version":[{"id":19491,"href":"https:\/\/suresms.com\/nb\/wp-json\/wp\/v2\/pages\/1076\/revisions\/19491"}],"up":[{"embeddable":true,"href":"https:\/\/suresms.com\/nb\/wp-json\/wp\/v2\/pages\/958"}],"wp:attachment":[{"href":"https:\/\/suresms.com\/nb\/wp-json\/wp\/v2\/media?parent=1076"}],"wp:term":[{"taxonomy":"category","embeddable":true,"href":"https:\/\/suresms.com\/nb\/wp-json\/wp\/v2\/categories?post=1076"},{"taxonomy":"post_tag","embeddable":true,"href":"https:\/\/suresms.com\/nb\/wp-json\/wp\/v2\/tags?post=1076"}],"curies":[{"name":"wp","href":"https:\/\/api.w.org\/{rel}","templated":true}]}}