{"id":1070,"date":"2015-02-26T13:10:48","date_gmt":"2015-02-26T11:10:48","guid":{"rendered":"https:\/\/www.suresms.com\/dk\/?page_id=1070"},"modified":"2025-12-03T11:07:56","modified_gmt":"2025-12-03T11:07:56","slug":"selvvalgt-avsender-av-meldingen-din","status":"publish","type":"page","link":"https:\/\/suresms.com\/nb\/funktioner\/selvvalgt-afsender-pa-din-besked\/","title":{"rendered":"Selvvalgt avsender av meldingen din"},"content":{"rendered":"<!-- Flexy Breadcrumb -->\r\n\t\t\t<div class=\"fbc fbc-page\">\r\n\r\n\t\t\t\t<!-- Breadcrumb wrapper -->\r\n\t\t\t\t<div class=\"fbc-wrap\">\r\n\r\n\t\t\t\t\t<!-- Ordered list-->\r\n\t\t\t\t\t<ol class=\"fbc-items\" itemscope itemtype=\"https:\/\/schema.org\/BreadcrumbList\">\r\n\t\t\t\t\t\t            <li itemprop=\"itemListElement\" itemscope itemtype=\"https:\/\/schema.org\/ListItem\">\r\n                <span itemprop=\"name\">\r\n                    <!-- Home Link -->\r\n                    <a itemprop=\"item\" href=\"https:\/\/suresms.com\/nb\/\">\r\n                    \r\n                                                    <i class=\"fa fa-home\" aria-hidden=\"true\"><\/i>Hjem                    <\/a>\r\n                <\/span>\r\n                <meta itemprop=\"position\" content=\"1\" \/><!-- Meta Position-->\r\n             <\/li><li><span class=\"fbc-separator\">\/<\/span><\/li><li class=\"active\" itemprop=\"itemListElement\" itemscope itemtype=\"https:\/\/schema.org\/ListItem\"><span itemprop=\"name\" title=\"Selvvalgt avsender av meldingen din\">Selvvalgt avsender p\u00e5 din...<\/span><meta itemprop=\"position\" content=\"2\" \/><\/li>\t\t\t\t\t<\/ol>\r\n\t\t\t\t\t<div class=\"clearfix\"><\/div>\r\n\t\t\t\t<\/div>\r\n\t\t\t<\/div>\r\n\t\t\t\n\t<h1>Selvvalgt avsender av meldingen din<\/h1>\n\t\t\t\t<img decoding=\"async\" src=\"https:\/\/suresms.com\/wp-content\/uploads\/2022\/06\/Not-allowed-senderid-1.png\" alt=\"Valgfri avsender-ID p\u00e5 meldingene dine\" itemprop=\"image\" height=\"388\" width=\"1400\" title=\"Ikke tillatt senderid\" onerror=\"this.style.display='none'\" loading=\"lazy\" \/>\n\t<p>N\u00e5r du sender en SMS-melding fra v\u00e5r SMS-gateway, kan du velge avsender. Det betyr at du kan bestemme hvem som skal v\u00e6re avsender n\u00e5r meldingen lander p\u00e5 mottakerens telefon. Du kan selvf\u00f8lgelig ikke velge SKAT, Nets eller Politiet, slik bildet over viser. Vi m\u00e5 godkjenne avsenderen, og hvis den ikke er relatert til din bedrift eller organisasjon, vil vi ikke godkjenne avsenderen.<\/p>\n\t\t\t\t<img decoding=\"async\" src=\"https:\/\/suresms.com\/wp-content\/uploads\/2022\/06\/All-senderids-are-manually-approved-1.png\" alt=\"Alle avsendernavn godkjennes manuelt\" itemprop=\"image\" height=\"137\" width=\"1271\" title=\"Alle avsendernavn godkjennes manuelt\" onerror=\"this.style.display='none'\" loading=\"lazy\" \/>\n\t<h4><strong>Alfanumerisk eller numerisk avsender<\/strong><\/h4>\n<p>Det f\u00f8rste du m\u00e5 ta stilling til, er om du vil bruke en alfanumerisk eller en numerisk avsender.<\/p>\n<p><strong>En alfanumerisk avsender er en kombinasjon av bokstaver.<\/strong> Du kan for eksempel velge avsenderen \"Club\" eller \"FashionShop\". Hvis du velger en alfanumerisk avsender, vil mottakeren ikke kunne svare p\u00e5 meldingen. Derfor m\u00e5 du oppgi et nummer i meldingen hvis du vil at mottakeren skal kunne komme i kontakt med deg.<\/p>\n<p>Et annet alternativ er \u00e5 velge en numerisk avsender.<\/p>\n<p><strong>En numerisk avsender er ganske enkelt et telefonnummer.<\/strong> Du kan velge ditt eget telefonnummer eller for eksempel firmaets telefonnummer som avsender. N\u00e5r mottakeren av meldingen svarer p\u00e5 meldingen, vil svaret automatisk havne p\u00e5 telefonen som inneholder SIM-kortet med det valgte nummeret.<\/p>\n<p>&nbsp;<\/p>\n\t<h4><strong>Bare legitime avsendere<\/strong><\/h4>\n<p>Vi godkjenner alle avsendere manuelt f\u00f8r de slippes ut. Det betyr at du ikke kan f\u00e5 avsendere som PostNord, Nets eller POLITI. Dette gj\u00f8r vi for \u00e5 \u00f8ke sikkerheten generelt og tilliten til SMS spesielt.<\/p>\n<h4><strong>Fordeler og ulemper<\/strong><\/h4>\n<p>Det er fordeler og ulemper med begge l\u00f8sningene. Med en alfanumerisk avsender blir merkevaren din sterkere, og budskapet blir mer personlig. En alfanumerisk avsender inkluderer IKKE nummeret meldingen sendes fra. Det betyr at du i SMS-meldingen m\u00e5 skrive hvordan mottakeren kan n\u00e5 deg hvis du \u00f8nsker svar.<\/p>\n<p>Med en numerisk avsender er det raskt og enkelt \u00e5 svare tilbake. Den enkle arbeidsflyten gj\u00f8r det mer tilgjengelig for mottakeren \u00e5 sende svaret, slik at du unng\u00e5r muligheten for at en bruker har sendt deg et svar som du IKKE mottar.<\/p>\n\t\t\t<a href=\"https:\/\/app.suresms.com\/account\/signup\" target=\"_blank\" rel=\"noopener\">\n\t\t\t\t\t\t\tOpprett en gratis konto\n\t\t\t\t\t<\/a>\n\t<h4><strong>Noen begrensninger<\/strong><\/h4>\n<p>Hvis du velger den alfanumeriske avsenderen, b\u00f8r du v\u00e6re oppmerksom p\u00e5 at du bare kan velge en avsender med maksimalt 11 tegn. Dette er en begrensning i SMS-protokollen, noe som betyr at den gjelder for alle som sender SMS-meldinger. Det er ikke noe vi i SureSMS kan endre p\u00e5.<\/p>\n<p>Hvis du velger en alfanumerisk avsender, vil vi i Sure SMS endre avsender. Dette gj\u00f8r vi av sikkerhetsmessige \u00e5rsaker for \u00e5 sikre at du ikke utgir deg for \u00e5 v\u00e6re en annen enn den du er. Dette er et sikkerhetstiltak vi innf\u00f8rte etter at SMS-gatewayer hos kolleger i bransjen ble misbrukt til \u00e5 sende meldinger med falske avsendere.<\/p>\n<p>Du kan bestille s\u00e5 mange forskjellige alfanumeriske avsendere du vil. Det koster ikke noe ekstra, vi legger dem bare inn i systemet for deg.<\/p>\n<p>Les mer om de mange andre gratisfunksjonene i gatewayen v\u00e5r. <a title=\"Funksjoner og egenskaper\" href=\"https:\/\/suresms.com\/nb\/funksjoner\/\">G\u00e5 tilbake til menyen Funksjoner og funksjoner.<\/a><\/p>\n\t\t<h4>Vil du opprette en konto med en gang? <\/h4>\n\t\t<p>Vi st\u00e5r klare til \u00e5 \u00f8nske deg velkommen som kunde hos SureSMS!<\/p>\n\t\t\t<a href=\"https:\/\/suresms.com\/nb\/opprette-sms-gateway-konto\/\" target=\"_self\">\n\t\t\t\t\t\t\tOpprett en SureSMS-konto!\n\t\t\t\t\t<\/a>\n\t\t<h4>Bestill en 2-veis l\u00f8sning!<\/h4>\n\t\t<p>Har du allerede en konto? Bestill en 2-veis l\u00f8sning og f\u00e5 de ekstra alternativene som din egen l\u00f8sning tilbyr.\u00a0<\/p>\n\t\t\t<a href=\"https:\/\/suresms.com\/nb\/bestill-2-veis-lossing\/\" target=\"_self\">\n\t\t\t\t\t\t\tBestill 2-veis l\u00f8sning\n\t\t\t\t\t<\/a>\n\t<h4><strong>Her kan du lese noen eksempler p\u00e5 hvordan kundene v\u00e5re bruker funksjonen i dag: \"Selvvalgt avsender p\u00e5 SMS\"<\/strong><\/h4>\n\n<ul> \t\n<li>Flere av v\u00e5re selskaper som representerer flere varemerker, har \u00e9n administrasjon som h\u00e5ndterer kommunikasjonen. N\u00e5r de sender SMS-meldinger til brukere, har de opprettet flere avsendere og velger deretter ganske enkelt merkevaren de skriver fra i avsenderfeltet. Flere merkevarer, men ett selskap og \u00e9n administrasjon.<\/li>\n\n<li>Flere av v\u00e5re organisasjoner har ulike styremedlemmer som sender SMS-meldinger fra nettsiden v\u00e5r. I avsenderfeltet kan de enkelt velge \"Kasserer\", \"President\" eller \"Styret\", avhengig av hvem meldingen er fra. Men hele gruppen har full oversikt over organisasjonens meldinger.<\/li>\n\n<li>En av salongene v\u00e5re velger mobilnummeret eller navnet p\u00e5 salongen som avsender, avhengig av om det er meldinger eller kampanjer som skal sendes ut til kundene. For kampanjer er navnet viktig, mens det for ledige stillinger eller andre henvendelser er viktig at kundene kan svare tilbake.<\/li>\n<\/ul>\n\t\t<h3><a href=\"http:\/\/suresms.com\/nb\/dokumenter\/\" target=\"_self\">Bes\u00f8k nettstedet v\u00e5rt for h\u00e5ndboken<\/a><\/h3>\n\t\t\t\t<a href=\"http:\/\/suresms.com\/nb\/dokumenter\/\"  target=\"_self\" itemprop=\"url\">\n\t\t\t\t<img decoding=\"async\" src=\"https:\/\/suresms.com\/wp-content\/uploads\/bb-plugin\/cache\/Manual-400x250-px1-panorama-e9e3d5dc2346ff0881cf6ebd5537712d-.jpg\" alt=\"manuell nettside suresms\" itemprop=\"image\" height=\"250\" width=\"400\" title=\"Manuell 400x250 px\" onerror=\"this.style.display='none'\" loading=\"lazy\" \/>\n\t\t\t\t<\/a>\n<p>For \u00e5 hjelpe kundene v\u00e5re har vi samlet alle instruksjoner og beskrivelser p\u00e5 suresms.com\/docs. Her kan du se hvordan gatewayen v\u00e5r fungerer og f\u00e5 enkle og brukervennlige instruksjoner for de mange funksjonene.<\/p>\n\t\t<h3><a href=\"http:\/\/developer.suresms.com\/\" target=\"_self\">utvikler.suresms.com<\/a><\/h3>\n\t\t\t\t<a href=\"http:\/\/developer.suresms.com\/\"  target=\"_self\" itemprop=\"url\">\n\t\t\t\t<img decoding=\"async\" src=\"https:\/\/suresms.com\/wp-content\/uploads\/bb-plugin\/cache\/developer-400x250-px-panorama-dcae33984faa2af9c04c6a2b37f15958-.jpg\" alt=\"suresms-nettsted for utviklere\" itemprop=\"image\" height=\"250\" width=\"400\" title=\"utvikler 400x250 px\" onerror=\"this.style.display='none'\" loading=\"lazy\" \/>\n\t\t\t\t<\/a>\nSureSMS er laget av utviklere for utviklere!<br \/>\nP\u00e5 developer.suresms.com har vi samlet dokumentasjon og kodeeksempler for \u00e5 gj\u00f8re det enkelt \u00e5 integrere gatewayen v\u00e5r i systemet ditt.\n\t\t<h3><a href=\"https:\/\/www.youtube.com\/channel\/UC1XGC5rl9mI9ndtBVn8yq7g\" target=\"_self\">Se instruksjonsvideoene v\u00e5re!<\/a><\/h3>\n\t\t\t\t<a href=\"https:\/\/www.youtube.com\/channel\/UC1XGC5rl9mI9ndtBVn8yq7g\"  target=\"_self\" itemprop=\"url\">\n\t\t\t\t<img decoding=\"async\" src=\"https:\/\/suresms.com\/wp-content\/uploads\/bb-plugin\/cache\/you-tube400x250px-panorama-60bfdf50fa411bc1f1119324993b555c-.jpg\" alt=\"suresms sms gateway you tube videoer\" itemprop=\"image\" height=\"250\" width=\"400\" title=\"you tube 400x250px\" onerror=\"this.style.display='none'\" loading=\"lazy\" \/>\n\t\t\t\t<\/a>\n<p>Skal du komme i gang med en ny funksjon? Eller trenger du bare \u00e5 vite litt mer om hvordan gatewayen v\u00e5r fungerer? P\u00e5 Youtube har vi samlet instruksjonsvideoene v\u00e5re. Klar til \u00e5 sette i gang!<\/p>","protected":false},"excerpt":{"rendered":"<p>Velg avsender av meldingen din N\u00e5r du sender en SMS-melding fra v\u00e5r SMS-gateway, kan du selv velge avsender. Det betyr at du kan velge hvem du vil skal st\u00e5 som avsender n\u00e5r meldingen lander p\u00e5 mottakerens telefon. Du kan selvf\u00f8lgelig ikke velge SKAT, Nets eller Politiet som p\u00e5 bildet over... <a title=\"Selvvalgt avsender av meldingen din\" class=\"read-more\" href=\"https:\/\/suresms.com\/nb\/funktioner\/selvvalgt-afsender-pa-din-besked\/\" aria-label=\"Les mer om Tilpass avsenderen av meldingen din\">Les mer om dette<\/a><\/p>","protected":false},"author":1,"featured_media":0,"parent":958,"menu_order":7,"comment_status":"closed","ping_status":"closed","template":"","meta":{"_fl_builder_enabled":"1","_fl_builder_data":null,"_fl_builder_draft":null,"_fl_builder_data_settings":null,"_fl_builder_css":"","_fl_builder_css_version":"","_fl_builder_js":"","footnotes":""},"categories":[17],"tags":[],"class_list":{"0":"post-1070","1":"page","2":"type-page","3":"status-publish","5":"category-linkfracornorstone"},"yoast_head":"<!-- This site is optimized with the Yoast SEO Premium plugin v27.3 (Yoast SEO v27.3) - https:\/\/yoast.com\/product\/yoast-seo-premium-wordpress\/ -->\r\n<title>Send anonym SMS | Send dine beskeder fra selvvalgt afsender<\/title>\r\n<meta name=\"description\" content=\"Find fleksible sms l\u00f8sninger her. Send anonym sms, send sms til hele verden eller send sms til brugere og kunder.\" \/>\r\n<meta name=\"robots\" content=\"index, follow, max-snippet:-1, max-image-preview:large, max-video-preview:-1\" \/>\r\n<link rel=\"canonical\" href=\"https:\/\/suresms.com\/nb\/funksjoner\/selvvalgt-avsender-av-meldingen-din\/\" \/>\r\n<meta property=\"og:locale\" content=\"nb_NO\" \/>\r\n<meta property=\"og:type\" content=\"article\" \/>\r\n<meta property=\"og:title\" content=\"Selvvalgt afsender p\u00e5 din besked\" \/>\r\n<meta property=\"og:description\" content=\"Find fleksible sms l\u00f8sninger her. Send anonym sms, send sms til hele verden eller send sms til brugere og kunder.\" \/>\r\n<meta property=\"og:url\" content=\"https:\/\/suresms.com\/nb\/funksjoner\/selvvalgt-avsender-av-meldingen-din\/\" \/>\r\n<meta property=\"article:publisher\" content=\"https:\/\/www.facebook.com\/p\/SureSMS-100044607956149\/\" \/>\r\n<meta property=\"article:modified_time\" content=\"2025-12-03T11:07:56+00:00\" \/>\r\n<meta property=\"og:image\" content=\"https:\/\/suresms.com\/wp-content\/uploads\/2022\/06\/Not-allowed-senderid-1.png\" \/>\r\n<meta name=\"twitter:card\" content=\"summary_large_image\" \/>\r\n<meta name=\"twitter:label1\" content=\"Ansl. lesetid\" \/>\n\t<meta name=\"twitter:data1\" content=\"6 minutter\" \/>\r\n<script type=\"application\/ld+json\" class=\"yoast-schema-graph\">{\"@context\":\"https:\\\/\\\/schema.org\",\"@graph\":[{\"@type\":\"WebPage\",\"@id\":\"https:\\\/\\\/suresms.com\\\/dk\\\/funktioner\\\/selvvalgt-afsender-pa-din-besked\\\/\",\"url\":\"https:\\\/\\\/suresms.com\\\/dk\\\/funktioner\\\/selvvalgt-afsender-pa-din-besked\\\/\",\"name\":\"Send anonym SMS | Send dine beskeder fra selvvalgt afsender\",\"isPartOf\":{\"@id\":\"https:\\\/\\\/suresms.com\\\/en\\\/#website\"},\"primaryImageOfPage\":{\"@id\":\"https:\\\/\\\/suresms.com\\\/dk\\\/funktioner\\\/selvvalgt-afsender-pa-din-besked\\\/#primaryimage\"},\"image\":{\"@id\":\"https:\\\/\\\/suresms.com\\\/dk\\\/funktioner\\\/selvvalgt-afsender-pa-din-besked\\\/#primaryimage\"},\"thumbnailUrl\":\"https:\\\/\\\/suresms.com\\\/wp-content\\\/uploads\\\/2022\\\/06\\\/Not-allowed-senderid-1.png\",\"datePublished\":\"2015-02-26T11:10:48+00:00\",\"dateModified\":\"2025-12-03T11:07:56+00:00\",\"description\":\"Find fleksible sms l\u00f8sninger her. Send anonym sms, send sms til hele verden eller send sms til brugere og kunder.\",\"breadcrumb\":{\"@id\":\"https:\\\/\\\/suresms.com\\\/dk\\\/funktioner\\\/selvvalgt-afsender-pa-din-besked\\\/#breadcrumb\"},\"inLanguage\":\"nb-NO\",\"potentialAction\":[{\"@type\":\"ReadAction\",\"target\":[\"https:\\\/\\\/suresms.com\\\/dk\\\/funktioner\\\/selvvalgt-afsender-pa-din-besked\\\/\"]}]},{\"@type\":\"ImageObject\",\"inLanguage\":\"nb-NO\",\"@id\":\"https:\\\/\\\/suresms.com\\\/dk\\\/funktioner\\\/selvvalgt-afsender-pa-din-besked\\\/#primaryimage\",\"url\":\"https:\\\/\\\/suresms.com\\\/wp-content\\\/uploads\\\/2022\\\/06\\\/Not-allowed-senderid-1.png\",\"contentUrl\":\"https:\\\/\\\/suresms.com\\\/wp-content\\\/uploads\\\/2022\\\/06\\\/Not-allowed-senderid-1.png\"},{\"@type\":\"BreadcrumbList\",\"@id\":\"https:\\\/\\\/suresms.com\\\/dk\\\/funktioner\\\/selvvalgt-afsender-pa-din-besked\\\/#breadcrumb\",\"itemListElement\":[{\"@type\":\"ListItem\",\"position\":1,\"name\":\"Home\",\"item\":\"https:\\\/\\\/suresms.com\\\/dk\\\/\"},{\"@type\":\"ListItem\",\"position\":2,\"name\":\"Funktioner\",\"item\":\"https:\\\/\\\/suresms.com\\\/dk\\\/funktioner\\\/\"},{\"@type\":\"ListItem\",\"position\":3,\"name\":\"Selvvalgt afsender p\u00e5 din besked\"}]},{\"@type\":\"WebSite\",\"@id\":\"https:\\\/\\\/suresms.com\\\/en\\\/#website\",\"url\":\"https:\\\/\\\/suresms.com\\\/en\\\/\",\"name\":\"SureSMS\",\"description\":\"Professionel SMS Gateway\",\"publisher\":{\"@id\":\"https:\\\/\\\/suresms.com\\\/en\\\/#organization\"},\"potentialAction\":[{\"@type\":\"SearchAction\",\"target\":{\"@type\":\"EntryPoint\",\"urlTemplate\":\"https:\\\/\\\/suresms.com\\\/en\\\/?s={search_term_string}\"},\"query-input\":{\"@type\":\"PropertyValueSpecification\",\"valueRequired\":true,\"valueName\":\"search_term_string\"}}],\"inLanguage\":\"nb-NO\"},{\"@type\":\"Organization\",\"@id\":\"https:\\\/\\\/suresms.com\\\/en\\\/#organization\",\"name\":\"SureSMS\",\"url\":\"https:\\\/\\\/suresms.com\\\/en\\\/\",\"logo\":{\"@type\":\"ImageObject\",\"inLanguage\":\"nb-NO\",\"@id\":\"https:\\\/\\\/suresms.com\\\/en\\\/#\\\/schema\\\/logo\\\/image\\\/\",\"url\":\"https:\\\/\\\/suresms.com\\\/wp-content\\\/uploads\\\/2024\\\/11\\\/suresms-300x65-1.png\",\"contentUrl\":\"https:\\\/\\\/suresms.com\\\/wp-content\\\/uploads\\\/2024\\\/11\\\/suresms-300x65-1.png\",\"width\":300,\"height\":65,\"caption\":\"SureSMS\"},\"image\":{\"@id\":\"https:\\\/\\\/suresms.com\\\/en\\\/#\\\/schema\\\/logo\\\/image\\\/\"},\"sameAs\":[\"https:\\\/\\\/www.facebook.com\\\/p\\\/SureSMS-100044607956149\\\/\"]}]}<\/script>\r\n<!-- \/ Yoast SEO Premium plugin. -->","yoast_head_json":{"title":"Send anonyme SMS | Send meldingene dine fra den avsenderen du \u00f8nsker","description":"Her finner du fleksible SMS-l\u00f8sninger. Send anonyme SMS, send SMS til hele verden eller send SMS til brukere og kunder.","robots":{"index":"index","follow":"follow","max-snippet":"max-snippet:-1","max-image-preview":"max-image-preview:large","max-video-preview":"max-video-preview:-1"},"canonical":"https:\/\/suresms.com\/nb\/funksjoner\/selvvalgt-avsender-av-meldingen-din\/","og_locale":"nb_NO","og_type":"article","og_title":"Selvvalgt afsender p\u00e5 din besked","og_description":"Find fleksible sms l\u00f8sninger her. Send anonym sms, send sms til hele verden eller send sms til brugere og kunder.","og_url":"https:\/\/suresms.com\/nb\/funksjoner\/selvvalgt-avsender-av-meldingen-din\/","article_publisher":"https:\/\/www.facebook.com\/p\/SureSMS-100044607956149\/","article_modified_time":"2025-12-03T11:07:56+00:00","og_image":[{"url":"https:\/\/suresms.com\/wp-content\/uploads\/2022\/06\/Not-allowed-senderid-1.png","type":"","width":"","height":""}],"twitter_card":"summary_large_image","twitter_misc":{"Ansl. lesetid":"6 minutter"},"schema":{"@context":"https:\/\/schema.org","@graph":[{"@type":"WebPage","@id":"https:\/\/suresms.com\/dk\/funktioner\/selvvalgt-afsender-pa-din-besked\/","url":"https:\/\/suresms.com\/dk\/funktioner\/selvvalgt-afsender-pa-din-besked\/","name":"Send anonyme SMS | Send meldingene dine fra den avsenderen du \u00f8nsker","isPartOf":{"@id":"https:\/\/suresms.com\/en\/#website"},"primaryImageOfPage":{"@id":"https:\/\/suresms.com\/dk\/funktioner\/selvvalgt-afsender-pa-din-besked\/#primaryimage"},"image":{"@id":"https:\/\/suresms.com\/dk\/funktioner\/selvvalgt-afsender-pa-din-besked\/#primaryimage"},"thumbnailUrl":"https:\/\/suresms.com\/wp-content\/uploads\/2022\/06\/Not-allowed-senderid-1.png","datePublished":"2015-02-26T11:10:48+00:00","dateModified":"2025-12-03T11:07:56+00:00","description":"Her finner du fleksible SMS-l\u00f8sninger. Send anonyme SMS, send SMS til hele verden eller send SMS til brukere og kunder.","breadcrumb":{"@id":"https:\/\/suresms.com\/dk\/funktioner\/selvvalgt-afsender-pa-din-besked\/#breadcrumb"},"inLanguage":"nb-NO","potentialAction":[{"@type":"ReadAction","target":["https:\/\/suresms.com\/dk\/funktioner\/selvvalgt-afsender-pa-din-besked\/"]}]},{"@type":"ImageObject","inLanguage":"nb-NO","@id":"https:\/\/suresms.com\/dk\/funktioner\/selvvalgt-afsender-pa-din-besked\/#primaryimage","url":"https:\/\/suresms.com\/wp-content\/uploads\/2022\/06\/Not-allowed-senderid-1.png","contentUrl":"https:\/\/suresms.com\/wp-content\/uploads\/2022\/06\/Not-allowed-senderid-1.png"},{"@type":"BreadcrumbList","@id":"https:\/\/suresms.com\/dk\/funktioner\/selvvalgt-afsender-pa-din-besked\/#breadcrumb","itemListElement":[{"@type":"ListItem","position":1,"name":"Home","item":"https:\/\/suresms.com\/dk\/"},{"@type":"ListItem","position":2,"name":"Funktioner","item":"https:\/\/suresms.com\/dk\/funktioner\/"},{"@type":"ListItem","position":3,"name":"Selvvalgt afsender p\u00e5 din besked"}]},{"@type":"WebSite","@id":"https:\/\/suresms.com\/en\/#website","url":"https:\/\/suresms.com\/en\/","name":"SureSMS","description":"Profesjonell SMS-gateway","publisher":{"@id":"https:\/\/suresms.com\/en\/#organization"},"potentialAction":[{"@type":"SearchAction","target":{"@type":"EntryPoint","urlTemplate":"https:\/\/suresms.com\/en\/?s={search_term_string}"},"query-input":{"@type":"PropertyValueSpecification","valueRequired":true,"valueName":"search_term_string"}}],"inLanguage":"nb-NO"},{"@type":"Organization","@id":"https:\/\/suresms.com\/en\/#organization","name":"SureSMS","url":"https:\/\/suresms.com\/en\/","logo":{"@type":"ImageObject","inLanguage":"nb-NO","@id":"https:\/\/suresms.com\/en\/#\/schema\/logo\/image\/","url":"https:\/\/suresms.com\/wp-content\/uploads\/2024\/11\/suresms-300x65-1.png","contentUrl":"https:\/\/suresms.com\/wp-content\/uploads\/2024\/11\/suresms-300x65-1.png","width":300,"height":65,"caption":"SureSMS"},"image":{"@id":"https:\/\/suresms.com\/en\/#\/schema\/logo\/image\/"},"sameAs":["https:\/\/www.facebook.com\/p\/SureSMS-100044607956149\/"]}]}},"_links":{"self":[{"href":"https:\/\/suresms.com\/nb\/wp-json\/wp\/v2\/pages\/1070","targetHints":{"allow":["GET"]}}],"collection":[{"href":"https:\/\/suresms.com\/nb\/wp-json\/wp\/v2\/pages"}],"about":[{"href":"https:\/\/suresms.com\/nb\/wp-json\/wp\/v2\/types\/page"}],"author":[{"embeddable":true,"href":"https:\/\/suresms.com\/nb\/wp-json\/wp\/v2\/users\/1"}],"replies":[{"embeddable":true,"href":"https:\/\/suresms.com\/nb\/wp-json\/wp\/v2\/comments?post=1070"}],"version-history":[{"count":9,"href":"https:\/\/suresms.com\/nb\/wp-json\/wp\/v2\/pages\/1070\/revisions"}],"predecessor-version":[{"id":23569,"href":"https:\/\/suresms.com\/nb\/wp-json\/wp\/v2\/pages\/1070\/revisions\/23569"}],"up":[{"embeddable":true,"href":"https:\/\/suresms.com\/nb\/wp-json\/wp\/v2\/pages\/958"}],"wp:attachment":[{"href":"https:\/\/suresms.com\/nb\/wp-json\/wp\/v2\/media?parent=1070"}],"wp:term":[{"taxonomy":"category","embeddable":true,"href":"https:\/\/suresms.com\/nb\/wp-json\/wp\/v2\/categories?post=1070"},{"taxonomy":"post_tag","embeddable":true,"href":"https:\/\/suresms.com\/nb\/wp-json\/wp\/v2\/tags?post=1070"}],"curies":[{"name":"wp","href":"https:\/\/api.w.org\/{rel}","templated":true}]}}