{"id":10,"date":"2013-11-26T08:53:21","date_gmt":"2013-11-26T08:53:21","guid":{"rendered":"http:\/\/suresms-gateway.dk\/?page_id=10"},"modified":"2025-10-08T16:02:19","modified_gmt":"2025-10-08T16:02:19","slug":"suresms-stoette","status":"publish","type":"page","link":"https:\/\/suresms.com\/nb\/om-suresms\/suresms-support\/","title":{"rendered":"SureSMS 24\/7 kundest\u00f8tte"},"content":{"rendered":"<!-- Flexy Breadcrumb -->\r\n\t\t\t<div class=\"fbc fbc-page\">\r\n\r\n\t\t\t\t<!-- Breadcrumb wrapper -->\r\n\t\t\t\t<div class=\"fbc-wrap\">\r\n\r\n\t\t\t\t\t<!-- Ordered list-->\r\n\t\t\t\t\t<ol class=\"fbc-items\" itemscope itemtype=\"https:\/\/schema.org\/BreadcrumbList\">\r\n\t\t\t\t\t\t            <li itemprop=\"itemListElement\" itemscope itemtype=\"https:\/\/schema.org\/ListItem\">\r\n                <span itemprop=\"name\">\r\n                    <!-- Home Link -->\r\n                    <a itemprop=\"item\" href=\"https:\/\/suresms.com\/nb\/\">\r\n                    \r\n                                                    <i class=\"fa fa-home\" aria-hidden=\"true\"><\/i>Hjem                    <\/a>\r\n                <\/span>\r\n                <meta itemprop=\"position\" content=\"1\" \/><!-- Meta Position-->\r\n             <\/li><li><span class=\"fbc-separator\">\/<\/span><\/li><li class=\"active\" itemprop=\"itemListElement\" itemscope itemtype=\"https:\/\/schema.org\/ListItem\"><span itemprop=\"name\" title=\"SureSMS 24\/7 kundest\u00f8tte\">SureSMS 24\/7 kundest\u00f8tte<\/span><meta itemprop=\"position\" content=\"2\" \/><\/li>\t\t\t\t\t<\/ol>\r\n\t\t\t\t\t<div class=\"clearfix\"><\/div>\r\n\t\t\t\t<\/div>\r\n\t\t\t<\/div>\r\n\t\t\t\n<h1>\n\t\t\t24\/7 support\t<\/h1>\n\t<p><strong>Det viktigste for oss er \u00e5 s\u00f8rge for at gatewayen v\u00e5r fungerer optimalt for kundene v\u00e5re.<\/strong><\/p>\n<p>Derfor har vi valgt \u00e5 prioritere support 100 %. Vi har dyktige utviklere og teknikere som har ansvaret for supporten. De samme menneskene som kjenner systemet ut og inn.<\/p>\n<p>For at kundene v\u00e5re skal v\u00e6re forn\u00f8yde, m\u00e5 de f\u00e5 den hjelpen de trenger.<\/p>\n<p><strong>Du er ALLTID velkommen til \u00e5 kontakte oss i SureSMS!<\/strong><\/p>\n<p>Har du noen sp\u00f8rsm\u00e5l? Trenger du hjelp? Eller har du en ny oppgave som vi kan hjelpe deg med \u00e5 l\u00f8se?<\/p>\n<p>Benytt deg av et av v\u00e5re mange supportalternativer som er beskrevet nedenfor. Vi ser frem til \u00e5 h\u00f8re fra deg!<\/p>\n\t\t\t\t<img decoding=\"async\" src=\"https:\/\/suresms.com\/wp-content\/uploads\/2013\/11\/help-1019912_500x350-pix-e1473253361719.jpg\" alt=\"st\u00f8tte for sms-gateway 24\/7 suresms\" itemprop=\"image\" height=\"280\" width=\"400\" title=\"24\/7 n\u00f8dst\u00f8tte\" onerror=\"this.style.display='none'\" loading=\"lazy\" \/>\n\t<h4><strong>Hos SureSMS har du mange muligheter til \u00e5 f\u00e5 st\u00f8tte for SMS-l\u00f8sningen din:<\/strong><\/h4>\n\t\t<h3><a href=\"http:\/\/www.teamviewer.com\/link\/?url=505374&#038;id=1248079762\" target=\"_blank\"  rel=\"noopener\">Ekstern support<\/a><\/h3><p>Noen ganger m\u00e5 vi ha tilgang til datamaskinen din for \u00e5 kunne gi deg best mulig support. Klikk p\u00e5 den bl\u00e5 knappen for \u00e5 gi oss midlertidig tilgang.<\/p>\n\t<!-- TeamViewer Logo (generated at https:\/\/www.teamviewer.com) -->\n  <a href=\"https:\/\/www.teamviewer.com\/link\/?url=505374&#038;id=1607343389772\">\n    <img loading=\"lazy\" decoding=\"async\" src=\"https:\/\/static.teamviewer.com\/resources\/badges\/teamviewer_badge_flat4.png\" alt=\"TeamViewer for fjernsupport\" title=\"TeamViewer for fjernsupport\" border=\"0\" width=\"234\" height=\"60\" \/>\n  <\/a>\n\t<h3>Med Team Viewer kan vi gi direkte st\u00f8tte<\/h3>\n<p>Hvis kundene v\u00e5re trenger mer praktisk hjelp, bruker vi ofte Team Viewer. Gjennom dette programmet kan vi tilby fjernsupport.<\/p>\n<p>Det betyr at selv om vi befinner oss i Hvidovre i Danmark og du er et annet sted, kan vi g\u00e5 direkte inn p\u00e5 datamaskinen din og se hva som er galt.<\/p>\n<p>Du gir oss midlertidig tilgang til datamaskinen din ved \u00e5 dele en ID og et passord med oss. Tilgangen er selvsagt midlertidig og slettes s\u00e5 snart programmet stenges ned.<\/p>\n<h4>\n\t\t\tFyll ut kontaktskjemaet\t<\/h4>\n\t\n<div class=\"wpcf7 no-js\" id=\"wpcf7-f2264-o1\" lang=\"da-DK\" dir=\"ltr\" data-wpcf7-id=\"2264\">\n<div class=\"screen-reader-response\"><p role=\"status\" aria-live=\"polite\" aria-atomic=\"true\"><\/p> <ul><\/ul><\/div>\n<form action=\"\/nb\/wp-json\/wp\/v2\/pages\/10#wpcf7-f2264-o1\" method=\"post\" class=\"wpcf7-form init\" aria-label=\"Kontaktskjema\" enctype=\"multipart\/form-data\" novalidate=\"novalidate\" data-status=\"init\" data-trp-original-action=\"\/nb\/wp-json\/wp\/v2\/pages\/10#wpcf7-f2264-o1\">\n<fieldset class=\"hidden-fields-container\"><input type=\"hidden\" name=\"_wpcf7\" value=\"2264\" \/><input type=\"hidden\" name=\"_wpcf7_version\" value=\"6.1.5\" \/><input type=\"hidden\" name=\"_wpcf7_locale\" value=\"da_DK\" \/><input type=\"hidden\" name=\"_wpcf7_unit_tag\" value=\"wpcf7-f2264-o1\" \/><input type=\"hidden\" name=\"_wpcf7_container_post\" value=\"0\" \/><input type=\"hidden\" name=\"_wpcf7_posted_data_hash\" value=\"\" \/>\n<\/fieldset>\n<p>Firmanavn (m\u00e5 fylles ut)\n<\/p>\n<p><span class=\"wpcf7-form-control-wrap\" data-name=\"your-name\"><input size=\"40\" maxlength=\"400\" class=\"wpcf7-form-control wpcf7-text wpcf7-validates-as-required\" aria-required=\"true\" aria-invalid=\"false\" value=\"\" type=\"text\" name=\"your-name\" \/><\/span>\n<\/p>\n<p>Ditt navn (m\u00e5 fylles ut)\n<\/p>\n<p><span class=\"wpcf7-form-control-wrap\" data-name=\"dit-navn\"><input size=\"40\" maxlength=\"400\" class=\"wpcf7-form-control wpcf7-text wpcf7-validates-as-required\" aria-required=\"true\" aria-invalid=\"false\" value=\"\" type=\"text\" name=\"dit-navn\" \/><\/span>\n<\/p>\n<p>E-postadressen din (m\u00e5 fylles ut)\n<\/p>\n<p><span class=\"wpcf7-form-control-wrap\" data-name=\"your-email\"><input size=\"40\" maxlength=\"400\" class=\"wpcf7-form-control wpcf7-email wpcf7-validates-as-required wpcf7-text wpcf7-validates-as-email\" aria-required=\"true\" aria-invalid=\"false\" value=\"\" type=\"email\" name=\"your-email\" \/><\/span>\n<\/p>\n<p>Telefonnummer (m\u00e5 fylles ut)\n<\/p>\n<p><span class=\"wpcf7-form-control-wrap\" data-name=\"tel-616\"><input size=\"40\" maxlength=\"400\" class=\"wpcf7-form-control wpcf7-tel wpcf7-validates-as-required wpcf7-text wpcf7-validates-as-tel\" aria-required=\"true\" aria-invalid=\"false\" value=\"\" type=\"tel\" name=\"tel-616\" \/><\/span>\n<\/p>\n<p>Emne\n<\/p>\n<p><span class=\"wpcf7-form-control-wrap\" data-name=\"your-subject\"><input size=\"40\" maxlength=\"400\" class=\"wpcf7-form-control wpcf7-text\" aria-invalid=\"false\" value=\"\" type=\"text\" name=\"your-subject\" \/><\/span>\n<\/p>\n<p>Meldingen din\n<\/p>\n<p><span class=\"wpcf7-form-control-wrap\" data-name=\"your-message\"><textarea cols=\"40\" rows=\"10\" maxlength=\"2000\" class=\"wpcf7-form-control wpcf7-textarea\" aria-invalid=\"false\" name=\"your-message\"><\/textarea><\/span>\n<\/p>\n<p>Last opp en hvilken som helst fil\n<\/p>\n<p><span class=\"wpcf7-form-control-wrap\" data-name=\"file-948\"><input size=\"40\" class=\"wpcf7-form-control wpcf7-file\" id=\"Uploadfil\" accept=\"audio\/*,video\/*,image\/*\" aria-invalid=\"false\" type=\"file\" name=\"file-948\" \/><\/span>\n<\/p>\n<p><div class=\"cf7-cf-turnstile\" style=\"margin-top: 0px; margin-bottom: -15px;\"> <div id=\"cf-turnstile-cf7-3579534455\" class=\"cf-turnstile\" data-sitekey=\"0x4AAAAAAB8YGArd9ML-HbMW\" data-theme=\"light\" data-language=\"auto\" data-size=\"normal\" data-retry=\"auto\" data-retry-interval=\"1000\" data-refresh-expired=\"auto\" data-action=\"contact-form-7\" data-appearance=\"always\"><\/div> <script>document.addEventListener(\"DOMContentLoaded\", function() { setTimeout(function(){ var e=document.getElementById(\"cf-turnstile-cf7-3579534455\"); e&&!e.innerHTML.trim()&&(turnstile.remove(\"#cf-turnstile-cf7-3579534455\"), turnstile.render(\"#cf-turnstile-cf7-3579534455\", {sitekey:\"0x4AAAAAAB8YGArd9ML-HbMW\"})); }, 100); });<\/script> <br class=\"cf-turnstile-br cf-turnstile-br-cf7-3579534455\"> <style>#cf-turnstile-cf7-3579534455 { margin-left: -15px; }<\/style> <script>document.addEventListener(\"DOMContentLoaded\",function(){document.querySelectorAll('.wpcf7-form').forEach(function(e){e.addEventListener('submit',function(){if(document.getElementById('cf-turnstile-cf7-3579534455')){setTimeout(function(){turnstile.reset('#cf-turnstile-cf7-3579534455');},1000)}})})});<\/script> <\/div>\n<\/p>\n<p><input class=\"wpcf7-form-control wpcf7-submit has-spinner\" type=\"submit\" value=\"Send\" \/>\n<\/p><div class=\"wpcf7-response-output\" aria-hidden=\"true\"><\/div>\n<input type=\"hidden\" name=\"trp-form-language\" value=\"nb\"\/><\/form>\n<\/div>","protected":false},"excerpt":{"rendered":"<p>24\/7 support Det viktigste for oss er \u00e5 s\u00f8rge for at gatewayen v\u00e5r fungerer optimalt for kundene v\u00e5re. Derfor har vi valgt \u00e5 prioritere support 100 %. Supporten v\u00e5r h\u00e5ndteres av dyktige utviklere og teknikere. De samme menneskene som kjenner systemet ut og inn. For at kundene v\u00e5re skal v\u00e6re forn\u00f8yde, krever det ... <a title=\"SureSMS 24\/7 kundest\u00f8tte\" class=\"read-more\" href=\"https:\/\/suresms.com\/nb\/om-suresms\/suresms-support\/\" aria-label=\"Les mer om support for SureSMS 24\/7\">Les mer om dette<\/a><\/p>","protected":false},"author":1,"featured_media":0,"parent":18594,"menu_order":6,"comment_status":"closed","ping_status":"closed","template":"","meta":{"_fl_builder_enabled":"1","_fl_builder_data":null,"_fl_builder_draft":null,"_fl_builder_data_settings":null,"_fl_builder_css":"","_fl_builder_css_version":"","_fl_builder_js":"","footnotes":""},"class_list":["post-10","page","type-page","status-publish"],"yoast_head":"<!-- This site is optimized with the Yoast SEO Premium plugin v27.3 (Yoast SEO v27.3) - https:\/\/yoast.com\/product\/yoast-seo-premium-wordpress\/ -->\r\n<title>Support SureSMS ApS - Support 24\/7 - Chat, video og kontaktoplysninger<\/title>\r\n<meta name=\"description\" content=\"Altid gratis support i SureSMS og r\u00e5dgivning fra professionelle IT-folk. Kontakt SureSMS ApS her - Chat, Video. Se vores manual og dokumentation her.\" \/>\r\n<meta name=\"robots\" content=\"index, follow, max-snippet:-1, max-image-preview:large, max-video-preview:-1\" \/>\r\n<link rel=\"canonical\" href=\"https:\/\/suresms.com\/nb\/om-suresms\/suresms-stoette\/\" \/>\r\n<meta property=\"og:locale\" content=\"nb_NO\" \/>\r\n<meta property=\"og:type\" content=\"article\" \/>\r\n<meta property=\"og:title\" content=\"Support SureSMS 24\/7\" \/>\r\n<meta property=\"og:description\" content=\"Altid gratis support i SureSMS og r\u00e5dgivning fra professionelle IT-folk. Kontakt SureSMS ApS her - Chat, Video. Se vores manual og dokumentation her.\" \/>\r\n<meta property=\"og:url\" content=\"https:\/\/suresms.com\/nb\/om-suresms\/suresms-stoette\/\" \/>\r\n<meta property=\"article:publisher\" content=\"https:\/\/www.facebook.com\/p\/SureSMS-100044607956149\/\" \/>\r\n<meta property=\"article:modified_time\" content=\"2025-10-08T16:02:19+00:00\" \/>\r\n<meta property=\"og:image\" content=\"https:\/\/suresms.com\/wp-content\/uploads\/2013\/11\/help-1019912_500x350-pix-e1473253361719.jpg\" \/>\r\n<meta name=\"twitter:card\" content=\"summary_large_image\" \/>\r\n<meta name=\"twitter:label1\" content=\"Ansl. lesetid\" \/>\n\t<meta name=\"twitter:data1\" content=\"1 minutt\" \/>\r\n<script type=\"application\/ld+json\" class=\"yoast-schema-graph\">{\"@context\":\"https:\\\/\\\/schema.org\",\"@graph\":[{\"@type\":\"WebPage\",\"@id\":\"https:\\\/\\\/suresms.com\\\/dk\\\/om-suresms\\\/suresms-support\\\/\",\"url\":\"https:\\\/\\\/suresms.com\\\/dk\\\/om-suresms\\\/suresms-support\\\/\",\"name\":\"Support SureSMS ApS - Support 24\\\/7 - Chat, video og kontaktoplysninger\",\"isPartOf\":{\"@id\":\"https:\\\/\\\/suresms.com\\\/en\\\/#website\"},\"primaryImageOfPage\":{\"@id\":\"https:\\\/\\\/suresms.com\\\/dk\\\/om-suresms\\\/suresms-support\\\/#primaryimage\"},\"image\":{\"@id\":\"https:\\\/\\\/suresms.com\\\/dk\\\/om-suresms\\\/suresms-support\\\/#primaryimage\"},\"thumbnailUrl\":\"https:\\\/\\\/suresms.com\\\/wp-content\\\/uploads\\\/2013\\\/11\\\/help-1019912_500x350-pix-e1473253361719.jpg\",\"datePublished\":\"2013-11-26T08:53:21+00:00\",\"dateModified\":\"2025-10-08T16:02:19+00:00\",\"description\":\"Altid gratis support i SureSMS og r\u00e5dgivning fra professionelle IT-folk. Kontakt SureSMS ApS her - Chat, Video. Se vores manual og dokumentation her.\",\"breadcrumb\":{\"@id\":\"https:\\\/\\\/suresms.com\\\/dk\\\/om-suresms\\\/suresms-support\\\/#breadcrumb\"},\"inLanguage\":\"nb-NO\",\"potentialAction\":[{\"@type\":\"ReadAction\",\"target\":[\"https:\\\/\\\/suresms.com\\\/dk\\\/om-suresms\\\/suresms-support\\\/\"]}]},{\"@type\":\"ImageObject\",\"inLanguage\":\"nb-NO\",\"@id\":\"https:\\\/\\\/suresms.com\\\/dk\\\/om-suresms\\\/suresms-support\\\/#primaryimage\",\"url\":\"https:\\\/\\\/suresms.com\\\/wp-content\\\/uploads\\\/2013\\\/11\\\/help-1019912_500x350-pix-e1473253361719.jpg\",\"contentUrl\":\"https:\\\/\\\/suresms.com\\\/wp-content\\\/uploads\\\/2013\\\/11\\\/help-1019912_500x350-pix-e1473253361719.jpg\"},{\"@type\":\"BreadcrumbList\",\"@id\":\"https:\\\/\\\/suresms.com\\\/dk\\\/om-suresms\\\/suresms-support\\\/#breadcrumb\",\"itemListElement\":[{\"@type\":\"ListItem\",\"position\":1,\"name\":\"Home\",\"item\":\"https:\\\/\\\/suresms.com\\\/dk\\\/\"},{\"@type\":\"ListItem\",\"position\":2,\"name\":\"Om SureSMS\",\"item\":\"https:\\\/\\\/suresms.com\\\/dk\\\/om-suresms\\\/\"},{\"@type\":\"ListItem\",\"position\":3,\"name\":\"Support SureSMS 24\\\/7\"}]},{\"@type\":\"WebSite\",\"@id\":\"https:\\\/\\\/suresms.com\\\/en\\\/#website\",\"url\":\"https:\\\/\\\/suresms.com\\\/en\\\/\",\"name\":\"SureSMS\",\"description\":\"Professionel SMS Gateway\",\"publisher\":{\"@id\":\"https:\\\/\\\/suresms.com\\\/en\\\/#organization\"},\"potentialAction\":[{\"@type\":\"SearchAction\",\"target\":{\"@type\":\"EntryPoint\",\"urlTemplate\":\"https:\\\/\\\/suresms.com\\\/en\\\/?s={search_term_string}\"},\"query-input\":{\"@type\":\"PropertyValueSpecification\",\"valueRequired\":true,\"valueName\":\"search_term_string\"}}],\"inLanguage\":\"nb-NO\"},{\"@type\":\"Organization\",\"@id\":\"https:\\\/\\\/suresms.com\\\/en\\\/#organization\",\"name\":\"SureSMS\",\"url\":\"https:\\\/\\\/suresms.com\\\/en\\\/\",\"logo\":{\"@type\":\"ImageObject\",\"inLanguage\":\"nb-NO\",\"@id\":\"https:\\\/\\\/suresms.com\\\/en\\\/#\\\/schema\\\/logo\\\/image\\\/\",\"url\":\"https:\\\/\\\/suresms.com\\\/wp-content\\\/uploads\\\/2024\\\/11\\\/suresms-300x65-1.png\",\"contentUrl\":\"https:\\\/\\\/suresms.com\\\/wp-content\\\/uploads\\\/2024\\\/11\\\/suresms-300x65-1.png\",\"width\":300,\"height\":65,\"caption\":\"SureSMS\"},\"image\":{\"@id\":\"https:\\\/\\\/suresms.com\\\/en\\\/#\\\/schema\\\/logo\\\/image\\\/\"},\"sameAs\":[\"https:\\\/\\\/www.facebook.com\\\/p\\\/SureSMS-100044607956149\\\/\"]}]}<\/script>\r\n<!-- \/ Yoast SEO Premium plugin. -->","yoast_head_json":{"title":"Support SureSMS ApS - Support 24\/7 - Chat, video og kontaktinformasjon","description":"Alltid gratis SureSMS-support og r\u00e5d fra IT-profesjonelle. Kontakt SureSMS ApS her - Chat, Video. Se v\u00e5r manual og dokumentasjon her.","robots":{"index":"index","follow":"follow","max-snippet":"max-snippet:-1","max-image-preview":"max-image-preview:large","max-video-preview":"max-video-preview:-1"},"canonical":"https:\/\/suresms.com\/nb\/om-suresms\/suresms-stoette\/","og_locale":"nb_NO","og_type":"article","og_title":"Support SureSMS 24\/7","og_description":"Altid gratis support i SureSMS og r\u00e5dgivning fra professionelle IT-folk. Kontakt SureSMS ApS her - Chat, Video. Se vores manual og dokumentation her.","og_url":"https:\/\/suresms.com\/nb\/om-suresms\/suresms-stoette\/","article_publisher":"https:\/\/www.facebook.com\/p\/SureSMS-100044607956149\/","article_modified_time":"2025-10-08T16:02:19+00:00","og_image":[{"url":"https:\/\/suresms.com\/wp-content\/uploads\/2013\/11\/help-1019912_500x350-pix-e1473253361719.jpg","type":"","width":"","height":""}],"twitter_card":"summary_large_image","twitter_misc":{"Ansl. lesetid":"1 minutt"},"schema":{"@context":"https:\/\/schema.org","@graph":[{"@type":"WebPage","@id":"https:\/\/suresms.com\/dk\/om-suresms\/suresms-support\/","url":"https:\/\/suresms.com\/dk\/om-suresms\/suresms-support\/","name":"Support SureSMS ApS - Support 24\/7 - Chat, video og kontaktinformasjon","isPartOf":{"@id":"https:\/\/suresms.com\/en\/#website"},"primaryImageOfPage":{"@id":"https:\/\/suresms.com\/dk\/om-suresms\/suresms-support\/#primaryimage"},"image":{"@id":"https:\/\/suresms.com\/dk\/om-suresms\/suresms-support\/#primaryimage"},"thumbnailUrl":"https:\/\/suresms.com\/wp-content\/uploads\/2013\/11\/help-1019912_500x350-pix-e1473253361719.jpg","datePublished":"2013-11-26T08:53:21+00:00","dateModified":"2025-10-08T16:02:19+00:00","description":"Alltid gratis SureSMS-support og r\u00e5d fra IT-profesjonelle. Kontakt SureSMS ApS her - Chat, Video. Se v\u00e5r manual og dokumentasjon her.","breadcrumb":{"@id":"https:\/\/suresms.com\/dk\/om-suresms\/suresms-support\/#breadcrumb"},"inLanguage":"nb-NO","potentialAction":[{"@type":"ReadAction","target":["https:\/\/suresms.com\/dk\/om-suresms\/suresms-support\/"]}]},{"@type":"ImageObject","inLanguage":"nb-NO","@id":"https:\/\/suresms.com\/dk\/om-suresms\/suresms-support\/#primaryimage","url":"https:\/\/suresms.com\/wp-content\/uploads\/2013\/11\/help-1019912_500x350-pix-e1473253361719.jpg","contentUrl":"https:\/\/suresms.com\/wp-content\/uploads\/2013\/11\/help-1019912_500x350-pix-e1473253361719.jpg"},{"@type":"BreadcrumbList","@id":"https:\/\/suresms.com\/dk\/om-suresms\/suresms-support\/#breadcrumb","itemListElement":[{"@type":"ListItem","position":1,"name":"Home","item":"https:\/\/suresms.com\/dk\/"},{"@type":"ListItem","position":2,"name":"Om SureSMS","item":"https:\/\/suresms.com\/dk\/om-suresms\/"},{"@type":"ListItem","position":3,"name":"Support SureSMS 24\/7"}]},{"@type":"WebSite","@id":"https:\/\/suresms.com\/en\/#website","url":"https:\/\/suresms.com\/en\/","name":"SureSMS","description":"Profesjonell SMS-gateway","publisher":{"@id":"https:\/\/suresms.com\/en\/#organization"},"potentialAction":[{"@type":"SearchAction","target":{"@type":"EntryPoint","urlTemplate":"https:\/\/suresms.com\/en\/?s={search_term_string}"},"query-input":{"@type":"PropertyValueSpecification","valueRequired":true,"valueName":"search_term_string"}}],"inLanguage":"nb-NO"},{"@type":"Organization","@id":"https:\/\/suresms.com\/en\/#organization","name":"SureSMS","url":"https:\/\/suresms.com\/en\/","logo":{"@type":"ImageObject","inLanguage":"nb-NO","@id":"https:\/\/suresms.com\/en\/#\/schema\/logo\/image\/","url":"https:\/\/suresms.com\/wp-content\/uploads\/2024\/11\/suresms-300x65-1.png","contentUrl":"https:\/\/suresms.com\/wp-content\/uploads\/2024\/11\/suresms-300x65-1.png","width":300,"height":65,"caption":"SureSMS"},"image":{"@id":"https:\/\/suresms.com\/en\/#\/schema\/logo\/image\/"},"sameAs":["https:\/\/www.facebook.com\/p\/SureSMS-100044607956149\/"]}]}},"_links":{"self":[{"href":"https:\/\/suresms.com\/nb\/wp-json\/wp\/v2\/pages\/10","targetHints":{"allow":["GET"]}}],"collection":[{"href":"https:\/\/suresms.com\/nb\/wp-json\/wp\/v2\/pages"}],"about":[{"href":"https:\/\/suresms.com\/nb\/wp-json\/wp\/v2\/types\/page"}],"author":[{"embeddable":true,"href":"https:\/\/suresms.com\/nb\/wp-json\/wp\/v2\/users\/1"}],"replies":[{"embeddable":true,"href":"https:\/\/suresms.com\/nb\/wp-json\/wp\/v2\/comments?post=10"}],"version-history":[{"count":5,"href":"https:\/\/suresms.com\/nb\/wp-json\/wp\/v2\/pages\/10\/revisions"}],"predecessor-version":[{"id":23491,"href":"https:\/\/suresms.com\/nb\/wp-json\/wp\/v2\/pages\/10\/revisions\/23491"}],"up":[{"embeddable":true,"href":"https:\/\/suresms.com\/nb\/wp-json\/wp\/v2\/pages\/18594"}],"wp:attachment":[{"href":"https:\/\/suresms.com\/nb\/wp-json\/wp\/v2\/media?parent=10"}],"curies":[{"name":"wp","href":"https:\/\/api.w.org\/{rel}","templated":true}]}}