{"id":958,"date":"2015-02-25T14:07:24","date_gmt":"2015-02-25T12:07:24","guid":{"rendered":"https:\/\/www.suresms.com\/dk\/?page_id=958"},"modified":"2025-11-05T08:57:43","modified_gmt":"2025-11-05T08:57:43","slug":"caracteristiques","status":"publish","type":"page","link":"https:\/\/suresms.com\/fr\/funktioner\/","title":{"rendered":"Caract\u00e9ristiques et fonctions"},"content":{"rendered":"<!-- Flexy Breadcrumb -->\r\n\t\t\t<div class=\"fbc fbc-page\">\r\n\r\n\t\t\t\t<!-- Breadcrumb wrapper -->\r\n\t\t\t\t<div class=\"fbc-wrap\">\r\n\r\n\t\t\t\t\t<!-- Ordered list-->\r\n\t\t\t\t\t<ol class=\"fbc-items\" itemscope itemtype=\"https:\/\/schema.org\/BreadcrumbList\">\r\n\t\t\t\t\t\t            <li itemprop=\"itemListElement\" itemscope itemtype=\"https:\/\/schema.org\/ListItem\">\r\n                <span itemprop=\"name\">\r\n                    <!-- Home Link -->\r\n                    <a itemprop=\"item\" href=\"https:\/\/suresms.com\/fr\/\">\r\n                    \r\n                                                    <i class=\"fa fa-home\" aria-hidden=\"true\"><\/i>Accueil                    <\/a>\r\n                <\/span>\r\n                <meta itemprop=\"position\" content=\"1\" \/><!-- Meta Position-->\r\n             <\/li><li><span class=\"fbc-separator\">\/<\/span><\/li><li class=\"active\" itemprop=\"itemListElement\" itemscope itemtype=\"https:\/\/schema.org\/ListItem\"><span itemprop=\"name\" title=\"Caract\u00e9ristiques et fonctions\">Caract\u00e9ristiques et fonctions<\/span><meta itemprop=\"position\" content=\"2\" \/><\/li>\t\t\t\t\t<\/ol>\r\n\t\t\t\t\t<div class=\"clearfix\"><\/div>\r\n\t\t\t\t<\/div>\r\n\t\t\t<\/div>\r\n\t\t\t\n\t<h1>Caract\u00e9ristiques et fonctions<\/h1>\n<p>Notre syst\u00e8me SMS poss\u00e8de de nombreuses fonctions utiles. Diff\u00e9rentes fonctions sont utilis\u00e9es par diff\u00e9rents types de clients. Vous recherchez peut-\u00eatre l'une des fonctions \u00e9num\u00e9r\u00e9es ci-dessous. Cliquez sur la fonction pour en savoir plus. Vous pouvez \u00e9galement visiter notre <a href=\"https:\/\/suresms.com\/fr\/rejets-de-la-branche\/\">Guide de l'industrie<\/a>pour voir comment diff\u00e9rents secteurs d'activit\u00e9 utilisent notre solution.<\/p>\n\t\t<h3><a href=\"https:\/\/suresms.com\/fr\/caracteristiques\/envoyer-des-sms-depuis-un-pc\/\"  target=\"_self\">\t\n\tEnvoyer des SMS depuis un PC<\/a><\/h3><p>La fonction de base de notre passerelle SMS est que vous pouvez \u00e9crire un SMS \u00e0 partir de votre PC et l'envoyer de la m\u00eame mani\u00e8re qu'un e-mail. C'est la fonction de base.<\/p>\n\t\t<h3><a href=\"https:\/\/suresms.com\/fr\/caracteristiques\/modeles-de-sms\/\"  target=\"_self\">\t\n\tMod\u00e8les de SMS<\/a><\/h3><p>Si vous envoyez beaucoup de messages identiques ou presque identiques, les mod\u00e8les sont faits pour vous. Vous pouvez cr\u00e9er tous les mod\u00e8les que vous souhaitez. Les champs de fusion vous permettent de personnaliser vos mod\u00e8les.<\/p>\n\t\t<h3><a href=\"https:\/\/suresms.com\/fr\/caracteristiques\/expediteur-auto-selectionne-de-votre-message\/\"  target=\"_self\">\t\n\tID de l'exp\u00e9diteur auto-s\u00e9lectionn\u00e9<\/a><\/h3><p>Choisissez l'exp\u00e9diteur de votre message. Par exemple, il pourrait s'agir de Coca-Cola. Peut \u00eatre utilis\u00e9 pour faire conna\u00eetre votre entreprise ou votre organisation. Il n'est pas possible de r\u00e9pondre aux messages.<\/p>\n\t\t<h3><a href=\"https:\/\/suresms.com\/fr\/caracteristiques\/messagerie-de-fusion-par-sms-pour-les-groupes\/\"  target=\"_self\">\t\n\tOption tresse<\/a><\/h3><p>Fusionner les informations du carnet d'adresses dans les messages. G\u00e9n\u00e9ralement, le nom est fusionn\u00e9, mais toutes les informations peuvent l'\u00eatre. Par exemple, les m\u00e9caniciens fusionnent le mod\u00e8le de voiture dans les messages.<\/p>\n\t\t<h3><a href=\"https:\/\/suresms.com\/fr\/caracteristiques\/groupe-sms\/\"  target=\"_self\">\t\n\tSMS de groupe<\/a><\/h3><p>Vous pouvez cr\u00e9er tous les groupes que vous souhaitez dans SureSMS. Vous pouvez ajouter tous les contacts que vous souhaitez. L'envoi d'un SMS de groupe ne pourrait pas \u00eatre plus simple. Cela peut se faire en quelques clics.<\/p>\n\t\t<h3><a href=\"https:\/\/suresms.com\/fr\/caracteristiques\/fonction-sms-vers-sms\/\"  target=\"_self\">\t\n\tSMS-2-SMS<\/a><\/h3><p>Avec notre solution SMS bidirectionnelle, vous pouvez envoyer un SMS qui est ensuite envoy\u00e9 \u00e0 un autre num\u00e9ro ou \u00e0 un groupe entier.<\/p>\n\t\t<h3><a href=\"https:\/\/suresms.com\/fr\/caracteristiques\/recevoir-des-messages-texte-sur-votre-ordinateur\/\"  target=\"_self\">\t\n\tRecevoir des SMS<\/a><\/h3><p>Avec le SMS bidirectionnel, vous pouvez recevoir des SMS en ligne. Cr\u00e9ez un dialogue avec vos clients ou vos employ\u00e9s. Recevez des commandes par SMS. Largement utilis\u00e9 par les agences d'int\u00e9rim. Recevez des SMS dans votre bo\u00eete de r\u00e9ception.<\/p>\n\t\t<h3><a href=\"https:\/\/suresms.com\/fr\/caracteristiques\/envoi-de-messages-textuels-programmes\/\"  target=\"_self\">\t\n\tPlanifier l'envoi<\/a><\/h3><p>Assurez-vous d'atteindre votre public cible au bon moment. Vous pouvez planifier vos envois \u00e0 l'avance tout en les envoyant au moment qui vous convient le mieux.<\/p>\n\t\t<h3><a href=\"https:\/\/suresms.com\/fr\/caracteristiques\/email2sms-la-solution-de-facilite\/\"  target=\"_self\">\t\n\temail-2-SMS<\/a><\/h3><p>Quel que soit le syst\u00e8me de messagerie que vous utilisez, vous pouvez utiliser notre fonction email-2-SMS. Vous envoyez un e-mail \u00e0 SureSMS et nous le transmettons sous forme de SMS.<\/p>\n\t\t<h3><a href=\"https:\/\/suresms.com\/fr\/caracteristiques\/journalisation-et-surveillance-completes\/\"  target=\"_self\">\t\n\tBo\u00eete d'envoi de SMS<\/a><\/h3><p>Aper\u00e7u complet de tous les messages SMS envoy\u00e9s et re\u00e7us. Voir les fils de discussion avec chaque destinataire. Quels messages ont \u00e9t\u00e9 d\u00e9livr\u00e9s et quand ? Toutes les listes peuvent \u00eatre export\u00e9es vers Excel\/CSV.<\/p>\n\t\t<h3>\t\n\tJoindre des fichiers<\/h3><p>Notre plateforme vous permet de joindre des fichiers. Il peut s'agir de vid\u00e9os, de fichiers pdf ou d'images.<\/p>\n\t\t<h3><a href=\"https:\/\/suresms.com\/fr\/caracteristiques\/lien-sms-3\/\"  target=\"_self\">\t\n\tURL de marque<\/a><\/h3><p>Utilisez votre propre nom de domaine dans les liens ins\u00e9r\u00e9s dans vos messages. 39% des taux de clics plus \u00e9lev\u00e9s et des messages plus fiables ne sont que quelques-uns des avantages.<\/p>\n\t\t<h3><a href=\"https:\/\/suresms.com\/fr\/caracteristiques\/lien-sms\/\"  target=\"_self\">\t\n\tLien SMS<\/a><\/h3><p>Ins\u00e9rez des liens, des images ou des vid\u00e9os dans vos messages. Consultez les statistiques sur le nombre de personnes qui ont regard\u00e9 la vid\u00e9o. Qui a cliqu\u00e9 sur le lien. Par exemple, pour envoyer des listes de prix actuels ou des offres sp\u00e9ciales.<\/p>\n\t\t<h3>\t\n\tRapports<\/h3><p>Obtenez une vue d'ensemble compl\u00e8te des quantit\u00e9s exp\u00e9di\u00e9es et des dates d'exp\u00e9dition. Les rapports contiennent \u00e9galement les chiffres de vente de Shopify.<\/p>\n\t\t<h3><a href=\"https:\/\/suresms.com\/fr\/caracteristiques\/sms-internationaux\/\"  target=\"_self\">\t\n\tSMS vers le monde entier<\/a><\/h3><p>Des connexions avec plus de 1900 op\u00e9rateurs dans le monde entier nous permettent de faire passer votre message. Nous sommes particuli\u00e8rement performants dans les pays nordiques et en Europe du Nord.<\/p>\n\t\t<h3><a href=\"https:\/\/suresms.com\/fr\/caracteristiques\/formulaire-dinscription-en-ligne\/\"  target=\"_self\">\t\n\tListes d'inscription faciles<\/a><\/h3><p>Int\u00e9grez le formulaire d'inscription sur votre site web, via des codes QR ou en envoyant un SMS. Facilitez la t\u00e2che de vos destinataires en leur permettant de s'inscrire sur vos listes et d'obtenir des informations pr\u00e9cieuses.<\/p>\n\t\t<h3><a href=\"https:\/\/suresms.com\/fr\/caracteristiques\/journalisation-des-messages-textuels\/\"  target=\"_self\">\t\n\tJournalisation des SMS<\/a><\/h3><p>Avec notre solution SMS bidirectionnelle, vous pouvez envoyer un SMS qui est ensuite envoy\u00e9 \u00e0 un autre num\u00e9ro ou \u00e0 un groupe entier.<\/p>\n\t\t<h3>Envoyer un SMS<\/h3>\n\t\t\t\t<img decoding=\"async\" src=\"https:\/\/suresms.com\/wp-content\/uploads\/2015\/02\/sky-250x100pix.jpg\" alt=\"Passerelle SMS envoyer des sms en ligne\" itemprop=\"image\" height=\"100\" width=\"250\" title=\"ciel-250x100pix\" onerror=\"this.style.display='none'\" loading=\"lazy\" \/>\n<ul>\n<li>\n<ul>\n<li><a title=\"Envoyer des SMS en ligne\" href=\"https:\/\/suresms.com\/fr\/caracteristiques\/envoyer-des-sms-depuis-un-pc\/\">Envoyer des SMS via notre portail web<\/a><\/li>\n<\/ul>\n<\/li>\n<\/ul>\n<ul>\n<li>\n<ul>\n<li><a title=\"Solution SMS internationale\" href=\"https:\/\/suresms.com\/fr\/caracteristiques\/sms-internationaux\/\">SMS vers le monde entier<\/a><\/li>\n<\/ul>\n<\/li>\n<\/ul>\n<ul>\n<li>\n<ul>\n<li><a title=\"Exp\u00e9diteur auto-s\u00e9lectionn\u00e9 de votre message\" href=\"https:\/\/suresms.com\/fr\/caracteristiques\/expediteur-auto-selectionne-de-votre-message\/\">S\u00e9lection de l'exp\u00e9diteur de vos SMS<\/a><\/li>\n<\/ul>\n<\/li>\n<\/ul>\n<ul>\n<li>\n<ul>\n<li><a title=\"Mod\u00e8les de SMS\" href=\"https:\/\/suresms.com\/fr\/caracteristiques\/modeles-de-sms\/\">Mod\u00e8les de SMS<\/a><\/li>\n<\/ul>\n<\/li>\n<\/ul>\n<ul>\n<li>\n<ul>\n<li><a title=\"Envoi de messages SMS programm\u00e9s\" href=\"https:\/\/suresms.com\/fr\/caracteristiques\/envoi-de-messages-textuels-programmes\/\">Messages SMS programm\u00e9s<\/a><\/li>\n<\/ul>\n<\/li>\n<\/ul>\n<ul>\n<li>\n<ul>\n<li><a title=\"email2sms - la solution facile\" href=\"https:\/\/suresms.com\/fr\/caracteristiques\/email2sms-la-solution-de-facilite\/\">Email 2 SMS<\/a><\/li>\n<\/ul>\n<\/li>\n<\/ul>\n<ul>\n<li>\n<ul>\n<li><a href=\"https:\/\/suresms.com\/fr\/integrations\/mail_et_calendrier\/sms-outlook-addin\/\">Envoyer des SMS depuis Outlook<\/a><\/li>\n<\/ul>\n<\/li>\n<\/ul>\n<ul>\n\n<\/ul>\n<p>&nbsp;<\/p>\n\t\t<h3>GROUP-SMS<\/h3>\n\t\t\t\t<img decoding=\"async\" src=\"https:\/\/suresms.com\/wp-content\/uploads\/2015\/02\/GruppeSMS-250x100-pix.jpg\" alt=\"Fonctionnalit\u00e9s de la passerelle SMS sms de groupe\" itemprop=\"image\" height=\"100\" width=\"250\" title=\"GroupSMS 250x100 pix\" onerror=\"this.style.display='none'\" loading=\"lazy\" \/>\n<ul>\n<li>\n<ul>\n<li><a title=\"GroupSMS : cr\u00e9er et envoyer des messages \u00e0 des groupes\" href=\"https:\/\/suresms.com\/fr\/caracteristiques\/groupe-sms\/\">Cr\u00e9er et envoyer des SMS de groupe<\/a><\/li>\n<\/ul>\n<\/li>\n<\/ul>\n<ul>\n<li>\n<ul>\n<li><a title=\"Importer des contacts\" href=\"https:\/\/suresms.com\/fr\/documents\/documents-10\/documents-18\/\">Importer des contacts<\/a><\/li>\n<\/ul>\n<\/li>\n<\/ul>\n<ul>\n<li>\n<ul>\n<li><a title=\"Nombre illimit\u00e9 de contacts et de groupes\" href=\"https:\/\/suresms.com\/fr\/documents\/documents-10\/documents-17\/\">Nombre illimit\u00e9 de destinataires \/ groupes<\/a><\/li>\n<\/ul>\n<\/li>\n<\/ul>\n<ul>\n<li>\n<ul>\n<li><a title=\"Fusion par SMS de messages vers des groupes\" href=\"https:\/\/suresms.com\/fr\/messagerie-de-fusion-par-sms-pour-les-groupes\/\">Fusionner les noms des destinataires dans les SMS de groupe<\/a><\/li>\n<\/ul>\n<\/li>\n<\/ul>\n<ul>\n<li>\n<ul>\n<li><a title=\"Formulaires d&#039;inscription WEB\" href=\"https:\/\/suresms.com\/fr\/formulaire-dinscription-en-ligne\/\">Inscription \/ d\u00e9sinscription de listes via WEB<\/a><\/li>\n<\/ul>\n<\/li>\n<\/ul>\n<ul>\n<li>\n<ul>\n<li><a title=\"Inscription\/d\u00e9sinscription \u00e0 des listes par SMS\" href=\"https:\/\/suresms.com\/fr\/formulaire-dinscription-en-ligne\/\">Inscription\/d\u00e9sinscription \u00e0 des listes par SMS<\/a><\/li>\n<\/ul>\n<\/li>\n<\/ul>\n\t\t<h3>POUR LES D\u00c9VELOPPEURS<\/h3>\n\t\t\t\t<img decoding=\"async\" src=\"https:\/\/suresms.com\/wp-content\/uploads\/2015\/02\/Udviklere-250x100-pix.jpg\" alt=\"API de d\u00e9veloppement des fonctions SMS\" itemprop=\"image\" height=\"100\" width=\"250\" title=\"D\u00e9veloppeurs 250x100 pixels\" onerror=\"this.style.display='none'\" loading=\"lazy\" \/>\n<ul>\n<li>\n<ul>\n<li><a title=\"API SMS pour les d\u00e9veloppeurs\" href=\"https:\/\/developer.suresms.com\">API\u00a0<\/a><\/li>\n<\/ul>\n<\/li>\n<\/ul>\n<ul>\n<li>\n<ul>\n<li><a title=\"Fonctionnalit\u00e9s SMS bidirectionnel\" href=\"https:\/\/suresms.com\/fr\/caracteristiques\/recevoir-des-messages-texte-sur-votre-ordinateur\/\">Sms entrants bidirectionnels<\/a><\/li>\n<\/ul>\n<\/li>\n<\/ul>\n<ul>\n<li>\n<ul>\n<li><a title=\"SMS bidirectionnels avec la carte SIM h\u00e9berg\u00e9e\" href=\"https:\/\/suresms.com\/fr\/dechargement-de-sms-dans-les-deux-sens-avec-une-carte-sim-hebergee\/\">\u00c0 propos de la SIM h\u00e9berg\u00e9e<\/a><\/li>\n<\/ul>\n<\/li>\n<\/ul>\n<ul>\n<li>\n<ul>\n<li><a title=\"Fonction SMS vers SMS\" href=\"https:\/\/suresms.com\/fr\/fonction-sms-vers-sms\/\">SMS vers SMS<\/a><\/li>\n<\/ul>\n<\/li>\n<\/ul>\n<ul>\n<li>\n<ul>\n<li><a title=\"Int\u00e9grations SMS\" href=\"https:\/\/suresms.com\/fr\/integrations\/\">Int\u00e9grations<\/a><\/li>\n<\/ul>\n<\/li>\n<\/ul>\n<ul>\n<li>\n<ul>\n<li><a href=\"http:\/\/developer.suresms.com\/\">Documentation<\/a><\/li>\n<\/ul>\n<\/li>\n<\/ul>\n<p>&nbsp;<\/p>\n\t\t<h3>S\u00c9CURIT\u00c9<\/h3>\n\t\t\t\t<img decoding=\"async\" src=\"https:\/\/suresms.com\/wp-content\/uploads\/2015\/02\/Sikkerhed-250x100-pix.jpg\" alt=\"Portail SMS sur la s\u00e9curit\u00e9\" itemprop=\"image\" height=\"100\" width=\"250\" title=\"S\u00e9curit\u00e9 250x100 pix\" onerror=\"this.style.display='none'\" loading=\"lazy\" \/>\n<ul>\n<li>\n<ul>\n<li><a title=\"S\u00e9curit\u00e9 et s\u00fbret\u00e9\" href=\"https:\/\/suresms.com\/fr\/securite\/\">S\u00e9curit\u00e9 et s\u00fbret\u00e9<\/a><\/li>\n<\/ul>\n<\/li>\n<\/ul>\n<ul>\n<li>\n<ul>\n<li><a title=\"Journal et suivi complets\" href=\"https:\/\/suresms.com\/fr\/journalisation-et-surveillance-completes\/\">Journal et suivi complets<\/a><\/li>\n<\/ul>\n<\/li>\n<\/ul>\n<ul>\n<li>\n<ul>\n<li><a title=\"Contr\u00f4le\" href=\"https:\/\/suresms.com\/fr\/controle\/\">Contr\u00f4le<\/a><\/li>\n<\/ul>\n<\/li>\n<\/ul>\n<ul>\n<li>\n<ul>\n<li><a href=\"https:\/\/suresms.com\/fr\/caracteristiques\/journalisation-des-messages-textuels\/\">Journalisation<\/a><\/li>\n<\/ul>\n<\/li>\n<\/ul>\n<ul>\n<li>\n<ul>\n<li><a href=\"https:\/\/suresms.com\/fr\/caracteristiques\/sms-internationaux-2\/\">CPR-Ouverture<\/a><\/li>\n<\/ul>\n<\/li>\n<\/ul>\n<ul>\n<li>\n<ul>\n<li><a title=\"Assistance t\u00e9l\u00e9phonique et par courrier \u00e9lectronique 24 heures sur 24, 7 jours sur 7\" href=\"https:\/\/suresms.com\/fr\/support-suresms\/\">Assistance par courriel et par t\u00e9l\u00e9phone<\/a><\/li>\n<\/ul>\n<\/li>\n<\/ul>\n<p>&nbsp;<\/p>\n\t\t<h3>Vous avez des doutes sur quelque chose ?<\/h3>\n\t\t<p>Vous pouvez toujours utiliser notre aide en ligne ou \u00e9crire \u00e0 notre chat\/hotline sur notre site web. Nous sommes pr\u00eats \u00e0 r\u00e9pondre \u00e0 vos questions et \u00e0 vous aider \u00e0 d\u00e9marrer.<\/p>\n\t\t\t<a href=\"https:\/\/suresms.com\/fr\/contact\/\" target=\"_self\">\n\t\t\t\t\t\t\tVoir les coordonn\u00e9es\n\t\t\t\t\t<\/a>\n<h3><b>Aujourd'hui, nos clients font appel \u00e0 nous pour :<\/b><\/h3>\n<ul>\n<li>Rappels par SMS<\/li>\n<li>Mot de passe unique<\/li>\n<li>Surveillance du trafic<\/li>\n<li>Clubs de clients et SMS d'information<\/li>\n<li>Marketing mobile<\/li>\n<li>Vote<\/li>\n<li>Concours\u00a0<\/li>\n<\/ul>\n\t\t\t\t<img decoding=\"async\" src=\"https:\/\/suresms.com\/wp-content\/uploads\/2024\/09\/Glen100x118.png\" alt=\"Glen100x118\" itemprop=\"image\" title=\"Glen100x118\" onerror=\"this.style.display='none'\" loading=\"lazy\" \/>\n\t\t\t<a href=\"https:\/\/calendly.com\/gm--nzwp\/30min\" target=\"_self\">\n\t\t\t\t\t\t\tR\u00e9server une d\u00e9monstration\n\t\t\t\t\t<\/a>\n\t<p>avec Glen<\/p>","protected":false},"excerpt":{"rendered":"<p>Caract\u00e9ristiques et fonctions Notre syst\u00e8me SMS poss\u00e8de de nombreuses caract\u00e9ristiques utiles. Diff\u00e9rentes fonctions sont utilis\u00e9es par diff\u00e9rents types de clients. Vous recherchez peut-\u00eatre l'une des fonctions \u00e9num\u00e9r\u00e9es ci-dessous. Cliquez sur la fonction pour en savoir plus. Vous pouvez \u00e9galement consulter notre guide sectoriel pour voir comment diff\u00e9rents secteurs utilisent notre solution. Envoyer ... <a title=\"Caract\u00e9ristiques et fonctions\" class=\"read-more\" href=\"https:\/\/suresms.com\/fr\/funktioner\/\" aria-label=\"En savoir plus sur Funktioner\">En savoir plus<\/a><\/p>","protected":false},"author":1,"featured_media":0,"parent":0,"menu_order":3,"comment_status":"closed","ping_status":"closed","template":"","meta":{"_fl_builder_enabled":"1","_fl_builder_data":null,"_fl_builder_draft":null,"_fl_builder_data_settings":null,"_fl_builder_css":"","_fl_builder_css_version":"","_fl_builder_js":"","footnotes":""},"categories":[],"tags":[],"class_list":["post-958","page","type-page","status-publish"],"yoast_head":"<!-- This site is optimized with the Yoast SEO Premium plugin v27.3 (Yoast SEO v27.3) - https:\/\/yoast.com\/product\/yoast-seo-premium-wordpress\/ -->\r\n<title>Funktioner i vores online SMS platform<\/title>\r\n<meta name=\"description\" content=\"Her kan du se mange af de funktioner vi tilbyder i vores SMS platform. Lister, grupper, adressebog, keywords, tovejs sms og meget mere...\" \/>\r\n<meta name=\"robots\" content=\"index, follow, max-snippet:-1, max-image-preview:large, max-video-preview:-1\" \/>\r\n<link rel=\"canonical\" href=\"https:\/\/suresms.com\/fr\/caracteristiques\/\" \/>\r\n<meta property=\"og:locale\" content=\"fr_FR\" \/>\r\n<meta property=\"og:type\" content=\"article\" \/>\r\n<meta property=\"og:title\" content=\"Fleksibele SMS l\u00f8sninger til udviklere og virksomheder\" \/>\r\n<meta property=\"og:description\" content=\"Se de mange funktioner og features, som f\u00f8lger med vores SureSMS L\u00f8sning. Find inspiration til , hvordan du let kan bruge SMS&#039;er til kkommunikation med alle typer brugere og systemer.\" \/>\r\n<meta property=\"og:url\" content=\"https:\/\/suresms.com\/fr\/caracteristiques\/\" \/>\r\n<meta property=\"article:publisher\" content=\"https:\/\/www.facebook.com\/p\/SureSMS-100044607956149\/\" \/>\r\n<meta property=\"article:modified_time\" content=\"2025-11-05T08:57:43+00:00\" \/>\r\n<meta property=\"og:image\" content=\"https:\/\/suresms.com\/wp-content\/uploads\/2016\/06\/SMS-til-butikker.jpg\" \/>\r\n\t<meta property=\"og:image:width\" content=\"400\" \/>\r\n\t<meta property=\"og:image:height\" content=\"266\" \/>\r\n\t<meta property=\"og:image:type\" content=\"image\/jpeg\" \/>\r\n<meta name=\"twitter:card\" content=\"summary_large_image\" \/>\r\n<meta name=\"twitter:title\" content=\"Funktioner\" \/>\r\n<meta name=\"twitter:label1\" content=\"Dur\u00e9e de lecture estim\u00e9e\" \/>\n\t<meta name=\"twitter:data1\" content=\"10 minutes\" \/>\r\n<script type=\"application\/ld+json\" class=\"yoast-schema-graph\">{\"@context\":\"https:\\\/\\\/schema.org\",\"@graph\":[{\"@type\":\"WebPage\",\"@id\":\"https:\\\/\\\/suresms.com\\\/dk\\\/funktioner\\\/\",\"url\":\"https:\\\/\\\/suresms.com\\\/dk\\\/funktioner\\\/\",\"name\":\"Funktioner i vores online SMS platform\",\"isPartOf\":{\"@id\":\"https:\\\/\\\/suresms.com\\\/en\\\/#website\"},\"primaryImageOfPage\":{\"@id\":\"https:\\\/\\\/suresms.com\\\/dk\\\/funktioner\\\/#primaryimage\"},\"image\":{\"@id\":\"https:\\\/\\\/suresms.com\\\/dk\\\/funktioner\\\/#primaryimage\"},\"thumbnailUrl\":\"https:\\\/\\\/suresms.com\\\/wp-content\\\/uploads\\\/2015\\\/02\\\/sky-250x100pix.jpg\",\"datePublished\":\"2015-02-25T12:07:24+00:00\",\"dateModified\":\"2025-11-05T08:57:43+00:00\",\"description\":\"Her kan du se mange af de funktioner vi tilbyder i vores SMS platform. Lister, grupper, adressebog, keywords, tovejs sms og meget mere...\",\"breadcrumb\":{\"@id\":\"https:\\\/\\\/suresms.com\\\/dk\\\/funktioner\\\/#breadcrumb\"},\"inLanguage\":\"fr-FR\",\"potentialAction\":[{\"@type\":\"ReadAction\",\"target\":[\"https:\\\/\\\/suresms.com\\\/dk\\\/funktioner\\\/\"]}]},{\"@type\":\"ImageObject\",\"inLanguage\":\"fr-FR\",\"@id\":\"https:\\\/\\\/suresms.com\\\/dk\\\/funktioner\\\/#primaryimage\",\"url\":\"https:\\\/\\\/suresms.com\\\/wp-content\\\/uploads\\\/2015\\\/02\\\/sky-250x100pix.jpg\",\"contentUrl\":\"https:\\\/\\\/suresms.com\\\/wp-content\\\/uploads\\\/2015\\\/02\\\/sky-250x100pix.jpg\"},{\"@type\":\"BreadcrumbList\",\"@id\":\"https:\\\/\\\/suresms.com\\\/dk\\\/funktioner\\\/#breadcrumb\",\"itemListElement\":[{\"@type\":\"ListItem\",\"position\":1,\"name\":\"Home\",\"item\":\"https:\\\/\\\/suresms.com\\\/dk\\\/\"},{\"@type\":\"ListItem\",\"position\":2,\"name\":\"Funktioner\"}]},{\"@type\":\"WebSite\",\"@id\":\"https:\\\/\\\/suresms.com\\\/en\\\/#website\",\"url\":\"https:\\\/\\\/suresms.com\\\/en\\\/\",\"name\":\"SureSMS\",\"description\":\"Professionel SMS Gateway\",\"publisher\":{\"@id\":\"https:\\\/\\\/suresms.com\\\/en\\\/#organization\"},\"potentialAction\":[{\"@type\":\"SearchAction\",\"target\":{\"@type\":\"EntryPoint\",\"urlTemplate\":\"https:\\\/\\\/suresms.com\\\/en\\\/?s={search_term_string}\"},\"query-input\":{\"@type\":\"PropertyValueSpecification\",\"valueRequired\":true,\"valueName\":\"search_term_string\"}}],\"inLanguage\":\"fr-FR\"},{\"@type\":\"Organization\",\"@id\":\"https:\\\/\\\/suresms.com\\\/en\\\/#organization\",\"name\":\"SureSMS\",\"url\":\"https:\\\/\\\/suresms.com\\\/en\\\/\",\"logo\":{\"@type\":\"ImageObject\",\"inLanguage\":\"fr-FR\",\"@id\":\"https:\\\/\\\/suresms.com\\\/en\\\/#\\\/schema\\\/logo\\\/image\\\/\",\"url\":\"https:\\\/\\\/suresms.com\\\/wp-content\\\/uploads\\\/2024\\\/11\\\/suresms-300x65-1.png\",\"contentUrl\":\"https:\\\/\\\/suresms.com\\\/wp-content\\\/uploads\\\/2024\\\/11\\\/suresms-300x65-1.png\",\"width\":300,\"height\":65,\"caption\":\"SureSMS\"},\"image\":{\"@id\":\"https:\\\/\\\/suresms.com\\\/en\\\/#\\\/schema\\\/logo\\\/image\\\/\"},\"sameAs\":[\"https:\\\/\\\/www.facebook.com\\\/p\\\/SureSMS-100044607956149\\\/\"]}]}<\/script>\r\n<!-- \/ Yoast SEO Premium plugin. -->","yoast_head_json":{"title":"Caract\u00e9ristiques de notre plateforme SMS en ligne","description":"Vous pouvez voir ici un grand nombre des fonctions que nous offrons dans notre plate-forme SMS. Listes, groupes, carnet d'adresses, mots-cl\u00e9s, SMS bidirectionnels et bien plus encore...","robots":{"index":"index","follow":"follow","max-snippet":"max-snippet:-1","max-image-preview":"max-image-preview:large","max-video-preview":"max-video-preview:-1"},"canonical":"https:\/\/suresms.com\/fr\/caracteristiques\/","og_locale":"fr_FR","og_type":"article","og_title":"Fleksibele SMS l\u00f8sninger til udviklere og virksomheder","og_description":"Se de mange funktioner og features, som f\u00f8lger med vores SureSMS L\u00f8sning. Find inspiration til , hvordan du let kan bruge SMS'er til kkommunikation med alle typer brugere og systemer.","og_url":"https:\/\/suresms.com\/fr\/caracteristiques\/","article_publisher":"https:\/\/www.facebook.com\/p\/SureSMS-100044607956149\/","article_modified_time":"2025-11-05T08:57:43+00:00","og_image":[{"width":400,"height":266,"url":"https:\/\/suresms.com\/wp-content\/uploads\/2016\/06\/SMS-til-butikker.jpg","type":"image\/jpeg"}],"twitter_card":"summary_large_image","twitter_title":"Funktioner","twitter_misc":{"Dur\u00e9e de lecture estim\u00e9e":"10 minutes"},"schema":{"@context":"https:\/\/schema.org","@graph":[{"@type":"WebPage","@id":"https:\/\/suresms.com\/dk\/funktioner\/","url":"https:\/\/suresms.com\/dk\/funktioner\/","name":"Caract\u00e9ristiques de notre plateforme SMS en ligne","isPartOf":{"@id":"https:\/\/suresms.com\/en\/#website"},"primaryImageOfPage":{"@id":"https:\/\/suresms.com\/dk\/funktioner\/#primaryimage"},"image":{"@id":"https:\/\/suresms.com\/dk\/funktioner\/#primaryimage"},"thumbnailUrl":"https:\/\/suresms.com\/wp-content\/uploads\/2015\/02\/sky-250x100pix.jpg","datePublished":"2015-02-25T12:07:24+00:00","dateModified":"2025-11-05T08:57:43+00:00","description":"Vous pouvez voir ici un grand nombre des fonctions que nous offrons dans notre plate-forme SMS. Listes, groupes, carnet d'adresses, mots-cl\u00e9s, SMS bidirectionnels et bien plus encore...","breadcrumb":{"@id":"https:\/\/suresms.com\/dk\/funktioner\/#breadcrumb"},"inLanguage":"fr-FR","potentialAction":[{"@type":"ReadAction","target":["https:\/\/suresms.com\/dk\/funktioner\/"]}]},{"@type":"ImageObject","inLanguage":"fr-FR","@id":"https:\/\/suresms.com\/dk\/funktioner\/#primaryimage","url":"https:\/\/suresms.com\/wp-content\/uploads\/2015\/02\/sky-250x100pix.jpg","contentUrl":"https:\/\/suresms.com\/wp-content\/uploads\/2015\/02\/sky-250x100pix.jpg"},{"@type":"BreadcrumbList","@id":"https:\/\/suresms.com\/dk\/funktioner\/#breadcrumb","itemListElement":[{"@type":"ListItem","position":1,"name":"Home","item":"https:\/\/suresms.com\/dk\/"},{"@type":"ListItem","position":2,"name":"Funktioner"}]},{"@type":"WebSite","@id":"https:\/\/suresms.com\/en\/#website","url":"https:\/\/suresms.com\/en\/","name":"SureSMS","description":"Passerelle SMS professionnelle","publisher":{"@id":"https:\/\/suresms.com\/en\/#organization"},"potentialAction":[{"@type":"SearchAction","target":{"@type":"EntryPoint","urlTemplate":"https:\/\/suresms.com\/en\/?s={search_term_string}"},"query-input":{"@type":"PropertyValueSpecification","valueRequired":true,"valueName":"search_term_string"}}],"inLanguage":"fr-FR"},{"@type":"Organization","@id":"https:\/\/suresms.com\/en\/#organization","name":"SureSMS","url":"https:\/\/suresms.com\/en\/","logo":{"@type":"ImageObject","inLanguage":"fr-FR","@id":"https:\/\/suresms.com\/en\/#\/schema\/logo\/image\/","url":"https:\/\/suresms.com\/wp-content\/uploads\/2024\/11\/suresms-300x65-1.png","contentUrl":"https:\/\/suresms.com\/wp-content\/uploads\/2024\/11\/suresms-300x65-1.png","width":300,"height":65,"caption":"SureSMS"},"image":{"@id":"https:\/\/suresms.com\/en\/#\/schema\/logo\/image\/"},"sameAs":["https:\/\/www.facebook.com\/p\/SureSMS-100044607956149\/"]}]}},"_links":{"self":[{"href":"https:\/\/suresms.com\/fr\/wp-json\/wp\/v2\/pages\/958","targetHints":{"allow":["GET"]}}],"collection":[{"href":"https:\/\/suresms.com\/fr\/wp-json\/wp\/v2\/pages"}],"about":[{"href":"https:\/\/suresms.com\/fr\/wp-json\/wp\/v2\/types\/page"}],"author":[{"embeddable":true,"href":"https:\/\/suresms.com\/fr\/wp-json\/wp\/v2\/users\/1"}],"replies":[{"embeddable":true,"href":"https:\/\/suresms.com\/fr\/wp-json\/wp\/v2\/comments?post=958"}],"version-history":[{"count":35,"href":"https:\/\/suresms.com\/fr\/wp-json\/wp\/v2\/pages\/958\/revisions"}],"predecessor-version":[{"id":23524,"href":"https:\/\/suresms.com\/fr\/wp-json\/wp\/v2\/pages\/958\/revisions\/23524"}],"wp:attachment":[{"href":"https:\/\/suresms.com\/fr\/wp-json\/wp\/v2\/media?parent=958"}],"wp:term":[{"taxonomy":"category","embeddable":true,"href":"https:\/\/suresms.com\/fr\/wp-json\/wp\/v2\/categories?post=958"},{"taxonomy":"post_tag","embeddable":true,"href":"https:\/\/suresms.com\/fr\/wp-json\/wp\/v2\/tags?post=958"}],"curies":[{"name":"wp","href":"https:\/\/api.w.org\/{rel}","templated":true}]}}