{"id":903,"date":"2015-02-10T15:43:06","date_gmt":"2015-02-10T13:43:06","guid":{"rendered":"https:\/\/www.suresms.com\/dk\/?page_id=903"},"modified":"2025-01-05T00:15:18","modified_gmt":"2025-01-05T00:15:18","slug":"sms-pour-les-entreprises","status":"publish","type":"page","link":"https:\/\/suresms.com\/fr\/branchelosninger\/sms-til-forretninger\/","title":{"rendered":"SMS vers les boutiques et les magasins"},"content":{"rendered":"<!-- Flexy Breadcrumb -->\r\n\t\t\t<div class=\"fbc fbc-page\">\r\n\r\n\t\t\t\t<!-- Breadcrumb wrapper -->\r\n\t\t\t\t<div class=\"fbc-wrap\">\r\n\r\n\t\t\t\t\t<!-- Ordered list-->\r\n\t\t\t\t\t<ol class=\"fbc-items\" itemscope itemtype=\"https:\/\/schema.org\/BreadcrumbList\">\r\n\t\t\t\t\t\t            <li itemprop=\"itemListElement\" itemscope itemtype=\"https:\/\/schema.org\/ListItem\">\r\n                <span itemprop=\"name\">\r\n                    <!-- Home Link -->\r\n                    <a itemprop=\"item\" href=\"https:\/\/suresms.com\/fr\/\">\r\n                    \r\n                                                    <i class=\"fa fa-home\" aria-hidden=\"true\"><\/i>Accueil                    <\/a>\r\n                <\/span>\r\n                <meta itemprop=\"position\" content=\"1\" \/><!-- Meta Position-->\r\n             <\/li><li><span class=\"fbc-separator\">\/<\/span><\/li><li class=\"active\" itemprop=\"itemListElement\" itemscope itemtype=\"https:\/\/schema.org\/ListItem\"><span itemprop=\"name\" title=\"SMS vers les boutiques et les magasins\">SMS aux entreprises et...<\/span><meta itemprop=\"position\" content=\"2\" \/><\/li>\t\t\t\t\t<\/ol>\r\n\t\t\t\t\t<div class=\"clearfix\"><\/div>\r\n\t\t\t\t<\/div>\r\n\t\t\t<\/div>\r\n\t\t\t\n<h1>\n\t\tSMS aux entreprises\n\t<\/h1>\n<p>&nbsp;<\/p>\n<p>&nbsp;<\/p>\n<p><strong>Vous \u00eates une boulangerie, un bijoutier, un magasin de v\u00e9los ou tout autre chose ? Nous avons la solution SMS pour entreprises. Nombre de nos clients sont des magasins ou des cha\u00eenes de magasins qui envoient des messages \u00e0 leurs clients. Nos magasins nous utilisent pour diff\u00e9rentes t\u00e2ches : envoi d'offres et de nouvelles, inscription \u00e0 des clubs de clients ou information sur les retours de marchandises ou les r\u00e9parations.<\/strong><\/p>\n<p>&nbsp;<\/p>\n<p><strong>Avantages :<\/strong><\/p>\n<ul>\n<li>\n<ul>\n<li><strong>Envoyez des rappels de rendez-vous aux clients et \u00e9vitez les annulations inutiles.<\/strong><\/li>\n<\/ul>\n<\/li>\n<\/ul>\n<p>&nbsp;<\/p>\n<ul>\n<li>\n<ul>\n<li><strong>Envoyez rapidement de nombreux messages \u00e0 partir de notre portail web en ligne gr\u00e2ce au SMS group\u00e9.<\/strong><\/li>\n<\/ul>\n<\/li>\n<\/ul>\n<p>&nbsp;<\/p>\n<ul>\n<li>\n<ul>\n<li><strong>Envoyez des SMS group\u00e9s gr\u00e2ce \u00e0 la fonction de fusion des noms et personnalisez vos messages.<\/strong><\/li>\n<\/ul>\n<\/li>\n<\/ul>\n<p>&nbsp;<\/p>\n<ul>\n<li>\n<ul>\n<li><strong>Envoyez des bulletins d'information et des offres par SMS et g\u00e9n\u00e9rez plus de revenus<\/strong><\/li>\n<\/ul>\n<\/li>\n<\/ul>\n<p>&nbsp;<\/p>\n<ul>\n<li>\n<ul>\n<li><strong>Cr\u00e9ez une solution bidirectionnelle et communiquez avec vos clients par SMS - \u00e0 partir d'un PC, d'une tablette ou d'un t\u00e9l\u00e9phone portable. Acc\u00e8s facile au syst\u00e8me pour plusieurs utilisateurs.<\/strong><\/li>\n<\/ul>\n<\/li>\n<\/ul>\n<p>&nbsp;<\/p>\n<p>&nbsp;<\/p>\n<h3>Int\u00e9grer SureSMS dans votre propre syst\u00e8me<\/h3>\n<p>De nombreux clients ont int\u00e9gr\u00e9 notre solution dans leur syst\u00e8me POS (point de vente). Cela signifie que le syst\u00e8me envoie lui-m\u00eame des messages SMS au client, par exemple \u00e0 l'occasion d'un anniversaire, \u00e0 l'approche d'un rendez-vous ou pour \u00e9valuer un service. D'autres utilisent notre syst\u00e8me sans int\u00e9gration et ajoutent eux-m\u00eames des messages SMS programm\u00e9s. Notre solution SMS vous offre de nombreuses possibilit\u00e9s en mati\u00e8re de marketing, de communication ou tout simplement de bon contact avec vos clients.<\/p>\n<h3>Fonctions du groupe<\/h3>\n\u00c0 partir de notre portail web, vous pouvez faire <a title=\"GroupSMS : cr\u00e9er et envoyer des messages \u00e0 des groupes\" href=\"https:\/\/suresms.com\/fr\/groupe-sms\/\">groupes de b\u00e9n\u00e9ficiaires<\/a>. Il peut s'agir de tous vos clients, des clients d'un code postal sp\u00e9cifique ou des clients qui ont achet\u00e9 quelque chose de particulier chez vous.<br \/>\nSi vous avez les clients de vos clients dans une feuille de calcul, vous pouvez les lire dans notre syst\u00e8me et cr\u00e9er rapidement vos utilisateurs sans saisie inutile.\n<h3>Nom de l'exp\u00e9diteur<\/h3>\n<p>Vous pouvez d\u00e9cider qui doit \u00eatre l'exp\u00e9diteur du message. Il peut s'agir du num\u00e9ro de t\u00e9l\u00e9phone ou du nom de votre entreprise. La seule restriction - fix\u00e9e par les soci\u00e9t\u00e9s de t\u00e9l\u00e9communications - est que l'identifiant de l'exp\u00e9diteur ne peut comporter plus de 11 caract\u00e8res.<\/p>\n<h3>Dialogue avec les clients via une solution bidirectionnelle<\/h3>\n<p>Avec une solution bidirectionnelle, vos clients peuvent r\u00e9pondre \u00e0 vos messages et vous avez la possibilit\u00e9 de dialoguer avec eux. Par exemple, au sujet d'une pi\u00e8ce d\u00e9tach\u00e9e manquante, d'une offre de r\u00e9paration, d'un article retourn\u00e9, etc. Vous pouvez \u00e9galement envoyer des enqu\u00eates d'opinion \u00e0 vos clients et ceux-ci peuvent s'inscrire \u00e0 des \u00e9v\u00e9nements ou \u00e0 des abonnements par l'interm\u00e9diaire de ce que l'on appelle les KEYWORDS.<\/p>\n<h3>Comment s'inscrire<\/h3>\n<p>Avec notre <a title=\"SMS bidirectionnel, r\u00e9ception de SMS sur votre ordinateur\" href=\"https:\/\/suresms.com\/fr\/caracteristiques\/recevoir-des-messages-texte-sur-votre-ordinateur\/\">Solution SMS bidirectionnelle <\/a>les clients peuvent s'inscrire eux-m\u00eames \u00e0 vos groupes\/liste. Nous proposons \u00e9galement une version o\u00f9 vous installez un iPad dans votre magasin pour que les clients puissent s'inscrire eux-m\u00eames. Une troisi\u00e8me option consiste \u00e0 ajouter un petit code \u00e0 votre site web pour que les clients puissent s'inscrire \u00e0 partir de l\u00e0.<\/p>\n<h3>Commencez tout de suite<\/h3>\n<p>La question de savoir si un syst\u00e8me vous convient et s'il est rentable doit \u00eatre examin\u00e9e. Mais vous pouvez commencer d\u00e8s maintenant et voir comment cela fonctionne, sans frais ni obligation.<\/p>\n<p>Remplissez notre lien pour un compte d'essai gratuit sur cette page et recevez 50 SMS gratuits. Vous pourrez ainsi tester notre passerelle SMS avant de prendre une d\u00e9cision.<\/p>\n<p>Si vous choisissez de devenir client chez nous, le co\u00fbt est toujours uniquement par SMS envoy\u00e9. Nous n'avons pas d'abonnement pour notre passerelle SMS. Cependant, une solution bidirectionnelle co\u00fbte un abonnement mensuel.\u00a0<a title=\"Prix des passerelles SMS\" href=\"https:\/\/suresms.com\/fr\/prix-des-passerelles-sms\/\">Pour en savoir plus sur les prix et les produits, cliquez ici.<\/a><\/p>\n<p>&nbsp;<\/p>\n\t\t\t<p><a href=\"https:\/\/suresms.com\/wp-content\/uploads\/2015\/02\/norriq-logo-20x120-px.jpg\"><img loading=\"lazy\" decoding=\"async\" src=\"https:\/\/suresms.com\/wp-content\/uploads\/2015\/02\/norriq-logo-20x120-px.jpg\" alt=\"logo norriq 20x120 px\" width=\"200\" height=\"96\" \/><\/a><\/p>\n<p><em>\"Nous avons utilis\u00e9 SureSMS pour plusieurs de nos clients. SureSMS est int\u00e9gr\u00e9 \u00e0 notre syst\u00e8me de point de vente et \u00e0 notre syst\u00e8me financier, de sorte que les messages sont envoy\u00e9s automatiquement aux clients de nos clients lorsque la commande est termin\u00e9e.<\/em><\/p>\n<p><em>SureSMS a toujours \u00e9t\u00e9 prompt \u00e0 aider les nouveaux clients \u00e0 se lancer. Une fois qu'ils sont op\u00e9rationnels, nous ne leur parlons plus car il n'y a jamais de probl\u00e8mes.<\/em><\/p>\n<p><em>Certains de nos clients envoient des messages \u00e0 des num\u00e9ros \u00e9trangers et cela ne pose pas de probl\u00e8me non plus\".<\/em><\/p>\n<p><strong>S\u00f8ren Christensen,\u00a0<\/strong><strong>Norriq<\/strong><\/p>\n\t\t<h4>Cr\u00e9er un compte d'essai gratuit<\/h4>\n\t\t<p>Cela ne prend que 5 minutes. Commencez tout de suite et obtenez <strong>100 SMS gratuits<\/strong> sans conditions.<\/p>\n\t\t\t<a href=\"https:\/\/suresms.com\/fr\/compte-test-sms-gratuit\/\" target=\"_self\">\n\t\t\t\t\t\t\tCr\u00e9er un compte d'essai\n\t\t\t\t\t<\/a>\n\t\t<h4>Commandez une solution \u00e0 deux voies !<\/h4>\n\t\t<p>Vous avez d\u00e9j\u00e0 un compte ? Commandez une solution bidirectionnelle et b\u00e9n\u00e9ficiez des options suppl\u00e9mentaires offertes par votre propre solution.<\/p>\n\t\t\t<a href=\"https:\/\/suresms.com\/fr\/commande-dun-dechargement-a-deux-voies\/\" target=\"_self\">\n\t\t\t\t\t\t\tCommander une solution \u00e0 deux voies\n\t\t\t\t\t<\/a>\n\t<p>&gt; Retourner \u00e0 <a href=\"https:\/\/suresms.com\/fr\/rejets-de-la-branche\/\">Solutions pour l'industrie<\/a><\/p>\n\t\t\t\t<a href=\"https:\/\/suresms.com\/fr\/sms-outlook-add\/\" target=\"_self\" itemprop=\"url\">\n\t\t\t\t<img loading=\"lazy\" decoding=\"async\" src=\"https:\/\/suresms.com\/wp-content\/uploads\/2016\/02\/facebook-Outlook-plugin-version-1.4-snippet-1.jpg\" alt=\"plugin facebook Outlook version 1.4 snippet\" itemprop=\"image\" height=\"630\" width=\"1200\" title=\"plugin facebook Outlook version 1.4 snippet\" onerror=\"this.style.display='none'\"  \/>\n\t\t\t\t<\/a>\n\t\t<h3><a href=\"https:\/\/suresms.com\/fr\/sms-outlook-add\/\" target=\"_self\">Outlook SMS Plugin Version 2.10<\/a><\/h3>Notre module d'extension SMS est con\u00e7u sp\u00e9cifiquement pour Outlook. Avec une installation rapide de notre plugin, vous obtenez un exp\u00e9diteur de SMS et de SMS de groupe int\u00e9gr\u00e9 dans votre menu Outlook avec acc\u00e8s \u00e0 vos contacts Outlook. Vous disposez d'une DOCUMENTATION COMPL\u00c8TE puisque tous les messages sont automatiquement sauvegard\u00e9s. Int\u00e9gration facile \u00e0 d'autres syst\u00e8mes.<br \/>\nPlusieurs nouvelles options pour la s\u00e9lection de l'ID de l'exp\u00e9diteur. Utilisez le nom de votre entreprise ou s\u00e9lectionnez votre num\u00e9ro de t\u00e9l\u00e9phone portable et recevez les r\u00e9ponses directement sur votre t\u00e9l\u00e9phone portable. Devriez-vous recevoir les r\u00e9ponses dans Outlook ? Contactez-nous pour un <a href=\"https:\/\/suresms.com\/fr\/caracteristiques\/recevoir-des-messages-texte-sur-votre-ordinateur\/\">Solution \u00e0 deux voies<\/a>.\n<p>&nbsp;<\/p>\n\n\t\t\t<a href=\"https:\/\/suresms.com\/fr\/sms-outlook-add\/\" target=\"_self\">\n\t\t\t\t\t\t\tEn savoir plus sur notre module compl\u00e9mentaire SMS Outlook\n\t\t\t\t\t<\/a>","protected":false},"excerpt":{"rendered":"<p>SMS pour entreprises Vous avez une boulangerie, une bijouterie, un magasin de v\u00e9los ou tout autre chose ? Nous avons la solution SMS pour entreprises. Nombre de nos clients sont des magasins ou des cha\u00eenes de magasins qui envoient des messages \u00e0 leurs clients. Nos magasins nous utilisent pour r\u00e9soudre diverses t\u00e2ches : envoi d'offres et de nouvelles, inscription de nouveaux clients, ... <a title=\"SMS vers les boutiques et les magasins\" class=\"read-more\" href=\"https:\/\/suresms.com\/fr\/branchelosninger\/sms-til-forretninger\/\" aria-label=\"En savoir plus sur SMS til forretretning og butikker\">En savoir plus<\/a><\/p>","protected":false},"author":1,"featured_media":0,"parent":1654,"menu_order":3,"comment_status":"closed","ping_status":"closed","template":"","meta":{"_fl_builder_enabled":"1","_fl_builder_data":null,"_fl_builder_draft":null,"_fl_builder_data_settings":null,"_fl_builder_css":"","_fl_builder_css_version":"","_fl_builder_js":"","footnotes":""},"categories":[],"tags":[],"class_list":["post-903","page","type-page","status-publish"],"yoast_head":"<!-- This site is optimized with the Yoast SEO Premium plugin v27.3 (Yoast SEO v27.3) - https:\/\/yoast.com\/product\/yoast-seo-premium-wordpress\/ -->\r\n<title>SMS til forretninger. F\u00e5 en SMS l\u00f8sning til lige netop din forretning<\/title>\r\n<meta name=\"description\" content=\"S\u00e5dan f\u00e5r du online SMS til din forretning. L\u00e6s hvad du kan med en SMS gateway. Send p\u00e5mindelser &amp; personlige beskeder til kunder. Opret gratis Konto.\" \/>\r\n<meta name=\"robots\" content=\"index, follow, max-snippet:-1, max-image-preview:large, max-video-preview:-1\" \/>\r\n<link rel=\"canonical\" href=\"https:\/\/suresms.com\/fr\/rejets-de-la-branche\/sms-pour-les-entreprises\/\" \/>\r\n<meta property=\"og:locale\" content=\"fr_FR\" \/>\r\n<meta property=\"og:type\" content=\"article\" \/>\r\n<meta property=\"og:title\" content=\"SMS til forretninger og butikker\" \/>\r\n<meta property=\"og:description\" content=\"S\u00e5dan f\u00e5r du online SMS til din forretning. L\u00e6s hvad du kan med en SMS gateway. Send p\u00e5mindelser &amp; personlige beskeder til kunder. Opret gratis Konto.\" \/>\r\n<meta property=\"og:url\" content=\"https:\/\/suresms.com\/fr\/rejets-de-la-branche\/sms-pour-les-entreprises\/\" \/>\r\n<meta property=\"article:publisher\" content=\"https:\/\/www.facebook.com\/p\/SureSMS-100044607956149\/\" \/>\r\n<meta property=\"article:modified_time\" content=\"2025-01-05T00:15:18+00:00\" \/>\r\n<meta property=\"og:image\" content=\"https:\/\/suresms.com\/wp-content\/uploads\/2015\/02\/sms-til-butikker-snippet.jpg\" \/>\r\n\t<meta property=\"og:image:width\" content=\"400\" \/>\r\n\t<meta property=\"og:image:height\" content=\"267\" \/>\r\n\t<meta property=\"og:image:type\" content=\"image\/jpeg\" \/>\r\n<meta name=\"twitter:card\" content=\"summary_large_image\" \/>\r\n<meta name=\"twitter:label1\" content=\"Dur\u00e9e de lecture estim\u00e9e\" \/>\n\t<meta name=\"twitter:data1\" content=\"4 minutes\" \/>\r\n<script type=\"application\/ld+json\" class=\"yoast-schema-graph\">{\"@context\":\"https:\\\/\\\/schema.org\",\"@graph\":[{\"@type\":\"WebPage\",\"@id\":\"https:\\\/\\\/suresms.com\\\/dk\\\/branchelosninger\\\/sms-til-forretninger\\\/\",\"url\":\"https:\\\/\\\/suresms.com\\\/dk\\\/branchelosninger\\\/sms-til-forretninger\\\/\",\"name\":\"SMS til forretninger. F\u00e5 en SMS l\u00f8sning til lige netop din forretning\",\"isPartOf\":{\"@id\":\"https:\\\/\\\/suresms.com\\\/en\\\/#website\"},\"primaryImageOfPage\":{\"@id\":\"https:\\\/\\\/suresms.com\\\/dk\\\/branchelosninger\\\/sms-til-forretninger\\\/#primaryimage\"},\"image\":{\"@id\":\"https:\\\/\\\/suresms.com\\\/dk\\\/branchelosninger\\\/sms-til-forretninger\\\/#primaryimage\"},\"thumbnailUrl\":\"https:\\\/\\\/suresms.com\\\/wp-content\\\/uploads\\\/2015\\\/02\\\/norriq-logo-20x120-px.jpg\",\"datePublished\":\"2015-02-10T13:43:06+00:00\",\"dateModified\":\"2025-01-05T00:15:18+00:00\",\"description\":\"S\u00e5dan f\u00e5r du online SMS til din forretning. L\u00e6s hvad du kan med en SMS gateway. Send p\u00e5mindelser & personlige beskeder til kunder. Opret gratis Konto.\",\"breadcrumb\":{\"@id\":\"https:\\\/\\\/suresms.com\\\/dk\\\/branchelosninger\\\/sms-til-forretninger\\\/#breadcrumb\"},\"inLanguage\":\"fr-FR\",\"potentialAction\":[{\"@type\":\"ReadAction\",\"target\":[\"https:\\\/\\\/suresms.com\\\/dk\\\/branchelosninger\\\/sms-til-forretninger\\\/\"]}]},{\"@type\":\"ImageObject\",\"inLanguage\":\"fr-FR\",\"@id\":\"https:\\\/\\\/suresms.com\\\/dk\\\/branchelosninger\\\/sms-til-forretninger\\\/#primaryimage\",\"url\":\"https:\\\/\\\/suresms.com\\\/wp-content\\\/uploads\\\/2015\\\/02\\\/norriq-logo-20x120-px.jpg\",\"contentUrl\":\"https:\\\/\\\/suresms.com\\\/wp-content\\\/uploads\\\/2015\\\/02\\\/norriq-logo-20x120-px.jpg\"},{\"@type\":\"BreadcrumbList\",\"@id\":\"https:\\\/\\\/suresms.com\\\/dk\\\/branchelosninger\\\/sms-til-forretninger\\\/#breadcrumb\",\"itemListElement\":[{\"@type\":\"ListItem\",\"position\":1,\"name\":\"Home\",\"item\":\"https:\\\/\\\/suresms.com\\\/dk\\\/\"},{\"@type\":\"ListItem\",\"position\":2,\"name\":\"Branchel\u00f8sninger\",\"item\":\"https:\\\/\\\/suresms.com\\\/dk\\\/branchelosninger\\\/\"},{\"@type\":\"ListItem\",\"position\":3,\"name\":\"SMS til forretninger og butikker\"}]},{\"@type\":\"WebSite\",\"@id\":\"https:\\\/\\\/suresms.com\\\/en\\\/#website\",\"url\":\"https:\\\/\\\/suresms.com\\\/en\\\/\",\"name\":\"SureSMS\",\"description\":\"Professionel SMS Gateway\",\"publisher\":{\"@id\":\"https:\\\/\\\/suresms.com\\\/en\\\/#organization\"},\"potentialAction\":[{\"@type\":\"SearchAction\",\"target\":{\"@type\":\"EntryPoint\",\"urlTemplate\":\"https:\\\/\\\/suresms.com\\\/en\\\/?s={search_term_string}\"},\"query-input\":{\"@type\":\"PropertyValueSpecification\",\"valueRequired\":true,\"valueName\":\"search_term_string\"}}],\"inLanguage\":\"fr-FR\"},{\"@type\":\"Organization\",\"@id\":\"https:\\\/\\\/suresms.com\\\/en\\\/#organization\",\"name\":\"SureSMS\",\"url\":\"https:\\\/\\\/suresms.com\\\/en\\\/\",\"logo\":{\"@type\":\"ImageObject\",\"inLanguage\":\"fr-FR\",\"@id\":\"https:\\\/\\\/suresms.com\\\/en\\\/#\\\/schema\\\/logo\\\/image\\\/\",\"url\":\"https:\\\/\\\/suresms.com\\\/wp-content\\\/uploads\\\/2024\\\/11\\\/suresms-300x65-1.png\",\"contentUrl\":\"https:\\\/\\\/suresms.com\\\/wp-content\\\/uploads\\\/2024\\\/11\\\/suresms-300x65-1.png\",\"width\":300,\"height\":65,\"caption\":\"SureSMS\"},\"image\":{\"@id\":\"https:\\\/\\\/suresms.com\\\/en\\\/#\\\/schema\\\/logo\\\/image\\\/\"},\"sameAs\":[\"https:\\\/\\\/www.facebook.com\\\/p\\\/SureSMS-100044607956149\\\/\"]}]}<\/script>\r\n<!-- \/ Yoast SEO Premium plugin. -->","yoast_head_json":{"title":"SMS pour les entreprises. Obtenez une solution SMS pour votre entreprise","description":"Comment obtenir des SMS en ligne pour votre entreprise. D\u00e9couvrez ce que vous pouvez faire avec une passerelle SMS. Envoyez des rappels et des messages personnalis\u00e9s \u00e0 vos clients. Cr\u00e9ez un compte gratuit.","robots":{"index":"index","follow":"follow","max-snippet":"max-snippet:-1","max-image-preview":"max-image-preview:large","max-video-preview":"max-video-preview:-1"},"canonical":"https:\/\/suresms.com\/fr\/rejets-de-la-branche\/sms-pour-les-entreprises\/","og_locale":"fr_FR","og_type":"article","og_title":"SMS til forretninger og butikker","og_description":"S\u00e5dan f\u00e5r du online SMS til din forretning. L\u00e6s hvad du kan med en SMS gateway. Send p\u00e5mindelser & personlige beskeder til kunder. Opret gratis Konto.","og_url":"https:\/\/suresms.com\/fr\/rejets-de-la-branche\/sms-pour-les-entreprises\/","article_publisher":"https:\/\/www.facebook.com\/p\/SureSMS-100044607956149\/","article_modified_time":"2025-01-05T00:15:18+00:00","og_image":[{"width":400,"height":267,"url":"https:\/\/suresms.com\/wp-content\/uploads\/2015\/02\/sms-til-butikker-snippet.jpg","type":"image\/jpeg"}],"twitter_card":"summary_large_image","twitter_misc":{"Dur\u00e9e de lecture estim\u00e9e":"4 minutes"},"schema":{"@context":"https:\/\/schema.org","@graph":[{"@type":"WebPage","@id":"https:\/\/suresms.com\/dk\/branchelosninger\/sms-til-forretninger\/","url":"https:\/\/suresms.com\/dk\/branchelosninger\/sms-til-forretninger\/","name":"SMS pour les entreprises. Obtenez une solution SMS pour votre entreprise","isPartOf":{"@id":"https:\/\/suresms.com\/en\/#website"},"primaryImageOfPage":{"@id":"https:\/\/suresms.com\/dk\/branchelosninger\/sms-til-forretninger\/#primaryimage"},"image":{"@id":"https:\/\/suresms.com\/dk\/branchelosninger\/sms-til-forretninger\/#primaryimage"},"thumbnailUrl":"https:\/\/suresms.com\/wp-content\/uploads\/2015\/02\/norriq-logo-20x120-px.jpg","datePublished":"2015-02-10T13:43:06+00:00","dateModified":"2025-01-05T00:15:18+00:00","description":"Comment obtenir des SMS en ligne pour votre entreprise. D\u00e9couvrez ce que vous pouvez faire avec une passerelle SMS. Envoyez des rappels et des messages personnalis\u00e9s \u00e0 vos clients. Cr\u00e9ez un compte gratuit.","breadcrumb":{"@id":"https:\/\/suresms.com\/dk\/branchelosninger\/sms-til-forretninger\/#breadcrumb"},"inLanguage":"fr-FR","potentialAction":[{"@type":"ReadAction","target":["https:\/\/suresms.com\/dk\/branchelosninger\/sms-til-forretninger\/"]}]},{"@type":"ImageObject","inLanguage":"fr-FR","@id":"https:\/\/suresms.com\/dk\/branchelosninger\/sms-til-forretninger\/#primaryimage","url":"https:\/\/suresms.com\/wp-content\/uploads\/2015\/02\/norriq-logo-20x120-px.jpg","contentUrl":"https:\/\/suresms.com\/wp-content\/uploads\/2015\/02\/norriq-logo-20x120-px.jpg"},{"@type":"BreadcrumbList","@id":"https:\/\/suresms.com\/dk\/branchelosninger\/sms-til-forretninger\/#breadcrumb","itemListElement":[{"@type":"ListItem","position":1,"name":"Home","item":"https:\/\/suresms.com\/dk\/"},{"@type":"ListItem","position":2,"name":"Branchel\u00f8sninger","item":"https:\/\/suresms.com\/dk\/branchelosninger\/"},{"@type":"ListItem","position":3,"name":"SMS til forretninger og butikker"}]},{"@type":"WebSite","@id":"https:\/\/suresms.com\/en\/#website","url":"https:\/\/suresms.com\/en\/","name":"SureSMS","description":"Passerelle SMS professionnelle","publisher":{"@id":"https:\/\/suresms.com\/en\/#organization"},"potentialAction":[{"@type":"SearchAction","target":{"@type":"EntryPoint","urlTemplate":"https:\/\/suresms.com\/en\/?s={search_term_string}"},"query-input":{"@type":"PropertyValueSpecification","valueRequired":true,"valueName":"search_term_string"}}],"inLanguage":"fr-FR"},{"@type":"Organization","@id":"https:\/\/suresms.com\/en\/#organization","name":"SureSMS","url":"https:\/\/suresms.com\/en\/","logo":{"@type":"ImageObject","inLanguage":"fr-FR","@id":"https:\/\/suresms.com\/en\/#\/schema\/logo\/image\/","url":"https:\/\/suresms.com\/wp-content\/uploads\/2024\/11\/suresms-300x65-1.png","contentUrl":"https:\/\/suresms.com\/wp-content\/uploads\/2024\/11\/suresms-300x65-1.png","width":300,"height":65,"caption":"SureSMS"},"image":{"@id":"https:\/\/suresms.com\/en\/#\/schema\/logo\/image\/"},"sameAs":["https:\/\/www.facebook.com\/p\/SureSMS-100044607956149\/"]}]}},"_links":{"self":[{"href":"https:\/\/suresms.com\/fr\/wp-json\/wp\/v2\/pages\/903","targetHints":{"allow":["GET"]}}],"collection":[{"href":"https:\/\/suresms.com\/fr\/wp-json\/wp\/v2\/pages"}],"about":[{"href":"https:\/\/suresms.com\/fr\/wp-json\/wp\/v2\/types\/page"}],"author":[{"embeddable":true,"href":"https:\/\/suresms.com\/fr\/wp-json\/wp\/v2\/users\/1"}],"replies":[{"embeddable":true,"href":"https:\/\/suresms.com\/fr\/wp-json\/wp\/v2\/comments?post=903"}],"version-history":[{"count":5,"href":"https:\/\/suresms.com\/fr\/wp-json\/wp\/v2\/pages\/903\/revisions"}],"predecessor-version":[{"id":21048,"href":"https:\/\/suresms.com\/fr\/wp-json\/wp\/v2\/pages\/903\/revisions\/21048"}],"up":[{"embeddable":true,"href":"https:\/\/suresms.com\/fr\/wp-json\/wp\/v2\/pages\/1654"}],"wp:attachment":[{"href":"https:\/\/suresms.com\/fr\/wp-json\/wp\/v2\/media?parent=903"}],"wp:term":[{"taxonomy":"category","embeddable":true,"href":"https:\/\/suresms.com\/fr\/wp-json\/wp\/v2\/categories?post=903"},{"taxonomy":"post_tag","embeddable":true,"href":"https:\/\/suresms.com\/fr\/wp-json\/wp\/v2\/tags?post=903"}],"curies":[{"name":"wp","href":"https:\/\/api.w.org\/{rel}","templated":true}]}}