{"id":8,"date":"2013-11-26T08:53:02","date_gmt":"2013-11-26T08:53:02","guid":{"rendered":"http:\/\/suresms-gateway.dk\/?page_id=8"},"modified":"2025-10-21T14:37:10","modified_gmt":"2025-10-21T14:37:10","slug":"les-references","status":"publish","type":"page","link":"https:\/\/suresms.com\/fr\/referencer\/","title":{"rendered":"R\u00e9f\u00e9rences"},"content":{"rendered":"<p><strong>R\u00c9F\u00c9RENCES<\/strong><\/p>\n<h5>SureSMS envoie des messages SMS \u00e0 plus de 4 500 000 num\u00e9ros de t\u00e9l\u00e9phone chaque ann\u00e9e. Nous avons plus de 1 000 clients au Danemark et \u00e0 l'\u00e9tranger. <\/h5>\n\t\t\t\t<img decoding=\"async\" src=\"https:\/\/suresms.com\/wp-content\/uploads\/2024\/11\/Esbjerg-Gods-farver.png\" alt=\"Manoir d&#039;Esbjerg - couleurs\" title=\"Manoir d&#039;Esbjerg - couleurs\" itemprop=\"image\"\/>\n\t\t<h5>Manoir d'Esbjerg<\/h5>\t\t\t\n\t\t\t\t<p>Nous avons visit\u00e9 le manoir d'Esbjerg !<\/p>\n<p>Regardez la vid\u00e9o et d\u00e9couvrez comment ils utilisent SureSMS dans leur vie quotidienne !\u00a0<\/p>\n\t\t<iframe loading=\"lazy\" title=\"Esbjerg Estate utilise SureSMS\" width=\"1200\" height=\"675\" src=\"https:\/\/www.youtube.com\/embed\/hIm8gbO0dhU?feature=oembed\" frameborder=\"0\" allow=\"accelerometer; autoplay; clipboard-write; encrypted-media; gyroscope; picture-in-picture\" allowfullscreen><\/iframe>\t\n\t\t\t\t<img decoding=\"async\" src=\"https:\/\/suresms.com\/wp-content\/uploads\/2019\/11\/Norriq-1.png\" alt=\"Norriq\" title=\"Norriq\" itemprop=\"image\"\/>\n\t\t<h5>S\u00f8ren Christensen<\/h5>\t\t\t\n\t\t\t\t<p>Nous avons utilis\u00e9 SureSMS pour plusieurs de nos clients.<\/p>\n<p>SureSMS est int\u00e9gr\u00e9 \u00e0 notre syst\u00e8me de point de vente et \u00e0 notre syst\u00e8me financier, de sorte que des messages sont envoy\u00e9s automatiquement aux clients de nos clients lorsque la commande est termin\u00e9e.<\/p>\n<p>Notre coop\u00e9ration avec SureSMS a \u00e9t\u00e9 bonne et ils ont toujours \u00e9t\u00e9 prompts \u00e0 nous aider \u00e0 faire fonctionner les nouveaux clients. Une fois que nous sommes op\u00e9rationnels, nous ne leur parlons plus car il n'y a jamais de probl\u00e8mes.<\/p>\n<p>Certains de nos clients envoient \u00e9galement des documents \u00e0 des num\u00e9ros \u00e9trangers, ce qui ne pose aucun probl\u00e8me.<\/p>\n\t\t\t\t<img decoding=\"async\" src=\"https:\/\/suresms.com\/wp-content\/uploads\/2013\/11\/Agema.png\" alt=\"Agema\" title=\"Agema\" itemprop=\"image\"\/>\n\t\t<h5>Martin Everh\u00f8j<\/h5>\t\t\t\n\t\t\t\t<p>Agema utilise SureSMS avec notre SMS Passcode. Il est de la plus haute importance que les messages parviennent au destinataire rapidement et en toute s\u00e9curit\u00e9.<\/p>\n<p>Il fonctionne parfaitement avec SureSMS qui est stable et toujours disponible en cas de besoin.<\/p>\n<p>Nous recommandons vivement SureSMS aux autres entreprises et organisations qui ont besoin d'une solution SMS stable et ax\u00e9e sur le service.<\/p>\n\t\t\t\t<img decoding=\"async\" src=\"https:\/\/suresms.com\/wp-content\/uploads\/2024\/11\/Fujitsu-farver.png\" alt=\"Fujitsu - couleurs\" title=\"Fujitsu - couleurs\" itemprop=\"image\"\/>\n\t\t<h5>John Johansen<\/h5>\t\t\t\n\t\t\t\t<p>\u00a0<\/p>\n<p>J'envoie des SMS via le site Web de SureSMS et je trouve le syst\u00e8me tr\u00e8s convivial et intuitif. J'ai pu former mon patron en une demi-heure et j'ai \u00e9t\u00e9 heureux de le voir envoyer un SMS important pendant que j'\u00e9tais en vacances.<\/p>\n<p>SureSMS est convivial, intuitif et tr\u00e8s bien accueilli par nos utilisateurs internes. Avant SureSMS, tr\u00e8s peu de nos techniciens assistaient \u00e0 nos r\u00e9unions internes. D\u00e9sormais, ils re\u00e7oivent un SMS de rappel une heure avant la r\u00e9union et le taux de r\u00e9ussite est pass\u00e9 \u00e0 2\/3.<\/p>\n\t\t\t\t<img decoding=\"async\" src=\"https:\/\/suresms.com\/wp-content\/uploads\/2013\/11\/norstaff.png\" alt=\"R\u00e9f\u00e9rences clients Logo Norstaff\" title=\"norstaff\" itemprop=\"image\"\/>\n\t\t<h5>Patrick Hickey<\/h5>\t\t\t\n\t\t\t\t<p>\u00a0<\/p>\n<p>Norstaff utilise SureSMS pour le recrutement et la r\u00e9servation de personnel temporaire.<\/p>\n<p><em>\"Nous sommes SUPER satisfaits de SureSMS et n'avons que des \u00e9loges \u00e0 faire sur le service.<\/em><\/p>\n\t\t\t\t<img decoding=\"async\" src=\"https:\/\/suresms.com\/wp-content\/uploads\/2015\/02\/REB-Rodskov1.jpg\" alt=\"R\u00e9f\u00e9rences clients Logo noir et blanc du centre communautaire de Rodskov\" title=\"REB Rodskov logo noir blanc\" itemprop=\"image\"\/>\n\t\t<h5>Michel Gorm<\/h5>\t\t\t\n\t\t\t\t<p>Vous m'avez \u00e9t\u00e9 recommand\u00e9 par un coll\u00e8gue qui utilise \u00e9galement votre solution.<\/p>\n<p>J'ai \u00e9tudi\u00e9 et test\u00e9 un certain nombre d'autres solutions SMS, et la v\u00f4tre est de loin la plus souple et la plus rapide - \u00e0 un prix raisonnable.<\/p>\n<p>MERCI pour cet excellent produit ! Il fait exactement ce dont j'ai besoin - Super bien !\"<\/p>\n\t\t\t\t<img decoding=\"async\" src=\"https:\/\/suresms.com\/wp-content\/uploads\/2016\/01\/Herning-Varmforsinkning-100-px.jpg\" alt=\"R\u00e9f\u00e9rences clients Logo couleur de la galvanisation \u00e0 chaud de Herning\" title=\"Herning Galvanisation \u00e0 chaud 100 px\" itemprop=\"image\"\/>\n\t\t<h5>Bjarne J\u00f8rgensen<\/h5>\t\t\t\n\t\t\t\t<p>Herning Varmforzinkning envoie des messages \u00e0 ses clients via Email2SMS. Les clients re\u00e7oivent un message flash sur leur t\u00e9l\u00e9phone portable lorsqu'une commande est termin\u00e9e.<\/p>\n<p>\"Il devrait y avoir plus d'entreprises informatiques comme la v\u00f4tre.<br \/>- C'est tr\u00e8s flexible\".<\/p>\n\t\t\t\t<img decoding=\"async\" src=\"https:\/\/suresms.com\/wp-content\/uploads\/2016\/06\/Frisoergaarden-1.jpg\" alt=\"Frisoergaarden\" title=\"Frisoergaarden\" itemprop=\"image\"\/>\n\t\t<h5>Julie Thorsen<\/h5>\t\t\t\n\t\t\t\t<p>Depuis que nous sommes pass\u00e9s de Clickatell \u00e0 SureSMS, nous n'avons plus de probl\u00e8mes avec notre syst\u00e8me de SMS, et je regrette que nous ne l'ayons pas fait depuis longtemps.<\/p>\n<p>Merci pour cette solution stable et abordable !<\/p>\n\t\t\t\t<img decoding=\"async\" src=\"https:\/\/suresms.com\/wp-content\/uploads\/2019\/11\/Fujitsu-567px-1.png\" alt=\"Fujitsu - 567px\" itemprop=\"image\" height=\"319\" width=\"567\" title=\"Fujitsu - 567px\" onerror=\"this.style.display='none'\" loading=\"lazy\" \/>\n\t\t\t\t<img decoding=\"async\" src=\"https:\/\/suresms.com\/wp-content\/uploads\/2019\/11\/Dubex-300px-1.png\" alt=\"Dubex - 300px\" itemprop=\"image\" height=\"169\" width=\"300\" title=\"Dubex - 300px\" onerror=\"this.style.display='none'\" loading=\"lazy\" \/>\n\t\t\t\t<img decoding=\"async\" src=\"https:\/\/suresms.com\/wp-content\/uploads\/2019\/12\/Hartmanns-logo-bw-1.png\" alt=\"Logo Hartmanns n\/b\" itemprop=\"image\" height=\"319\" width=\"567\" title=\"Logo Hartmanns n\/b\" onerror=\"this.style.display='none'\" loading=\"lazy\" \/>\n\t\t\t\t<img decoding=\"async\" src=\"https:\/\/suresms.com\/wp-content\/uploads\/2019\/11\/Boligportal-300-px-1.png\" alt=\"Portail d&#039;accueil - 300 px\" itemprop=\"image\" height=\"169\" width=\"300\" title=\"Portail d&#039;accueil - 300 px\" onerror=\"this.style.display='none'\" loading=\"lazy\" \/>\n\t\t\t\t<img decoding=\"async\" src=\"https:\/\/suresms.com\/wp-content\/uploads\/2019\/11\/Daells-Bolighus-567px-1.png\" alt=\"Daells Bolighus - 567px\" itemprop=\"image\" height=\"319\" width=\"567\" title=\"Daells Bolighus - 567px\" onerror=\"this.style.display='none'\" loading=\"lazy\" \/>\n\t\t\t\t<img decoding=\"async\" src=\"https:\/\/suresms.com\/wp-content\/uploads\/2019\/11\/COWI-567px-e1574268785303-1.png\" alt=\"COWI\" itemprop=\"image\" height=\"319\" width=\"567\" title=\"COWI\" onerror=\"this.style.display='none'\" loading=\"lazy\" \/>","protected":false},"excerpt":{"rendered":"<p>R\u00c9F\u00c9RENCES SureSMS envoie des messages SMS \u00e0 plus de 4 500 000 num\u00e9ros de t\u00e9l\u00e9phone chaque ann\u00e9e. Nous avons plus de 1 000 clients au Danemark et \u00e0 l'\u00e9tranger. Esbjerg Estate Nous avons visit\u00e9 Esbjerg Estate ! Regardez la vid\u00e9o et d\u00e9couvrez comment ils utilisent SureSMS dans leur vie quotidienne !  S\u00f8ren Christensen Nous avons utilis\u00e9 SureSMS pour plusieurs de nos clients. SureSMS est int\u00e9gr\u00e9 \u00e0 notre syst\u00e8me de point de vente et \u00e0 notre syst\u00e8me financier, de sorte que ... <a title=\"R\u00e9f\u00e9rences\" class=\"read-more\" href=\"https:\/\/suresms.com\/fr\/referencer\/\" aria-label=\"En savoir plus sur Referencer\">En savoir plus<\/a><\/p>","protected":false},"author":1,"featured_media":0,"parent":0,"menu_order":5,"comment_status":"closed","ping_status":"closed","template":"","meta":{"_fl_builder_enabled":"1","_fl_builder_data":null,"_fl_builder_draft":null,"_fl_builder_data_settings":null,"_fl_builder_css":"","_fl_builder_css_version":"","_fl_builder_js":"","footnotes":""},"categories":[],"tags":[],"class_list":["post-8","page","type-page","status-publish"],"yoast_head":"<!-- This site is optimized with the Yoast SEO Premium plugin v27.3 (Yoast SEO v27.3) - https:\/\/yoast.com\/product\/yoast-seo-premium-wordpress\/ -->\r\n<title>Referencer fra SureSMS kunder - Se udtalelser fra vores kunder<\/title>\r\n<meta name=\"description\" content=\"Referencer p\u00e5 SureSMS og vores gateway. L\u00e6s hvad vores kunder mener om vores gateway og service som virksomhed.\" \/>\r\n<meta name=\"robots\" content=\"index, follow, max-snippet:-1, max-image-preview:large, max-video-preview:-1\" \/>\r\n<link rel=\"canonical\" href=\"https:\/\/suresms.com\/fr\/les-references\/\" \/>\r\n<meta property=\"og:locale\" content=\"fr_FR\" \/>\r\n<meta property=\"og:type\" content=\"article\" \/>\r\n<meta property=\"og:title\" content=\"Referencer\" \/>\r\n<meta property=\"og:description\" content=\"Referencer p\u00e5 SureSMS og vores gateway. L\u00e6s hvad vores kunder mener om vores gateway og service som virksomhed.\" \/>\r\n<meta property=\"og:url\" content=\"https:\/\/suresms.com\/fr\/les-references\/\" \/>\r\n<meta property=\"article:publisher\" content=\"https:\/\/www.facebook.com\/p\/SureSMS-100044607956149\/\" \/>\r\n<meta property=\"article:modified_time\" content=\"2025-10-21T14:37:10+00:00\" \/>\r\n<meta property=\"og:image\" content=\"https:\/\/suresms.com\/wp-content\/uploads\/2024\/11\/Esbjerg-Gods-farver.png\" \/>\r\n<meta name=\"twitter:card\" content=\"summary_large_image\" \/>\r\n<meta name=\"twitter:label1\" content=\"Dur\u00e9e de lecture estim\u00e9e\" \/>\n\t<meta name=\"twitter:data1\" content=\"2 minutes\" \/>\r\n<script type=\"application\/ld+json\" class=\"yoast-schema-graph\">{\"@context\":\"https:\\\/\\\/schema.org\",\"@graph\":[{\"@type\":\"WebPage\",\"@id\":\"https:\\\/\\\/suresms.com\\\/dk\\\/referencer\\\/\",\"url\":\"https:\\\/\\\/suresms.com\\\/dk\\\/referencer\\\/\",\"name\":\"Referencer fra SureSMS kunder - Se udtalelser fra vores kunder\",\"isPartOf\":{\"@id\":\"https:\\\/\\\/suresms.com\\\/en\\\/#website\"},\"primaryImageOfPage\":{\"@id\":\"https:\\\/\\\/suresms.com\\\/dk\\\/referencer\\\/#primaryimage\"},\"image\":{\"@id\":\"https:\\\/\\\/suresms.com\\\/dk\\\/referencer\\\/#primaryimage\"},\"thumbnailUrl\":\"https:\\\/\\\/suresms.com\\\/wp-content\\\/uploads\\\/2024\\\/11\\\/Esbjerg-Gods-farver.png\",\"datePublished\":\"2013-11-26T08:53:02+00:00\",\"dateModified\":\"2025-10-21T14:37:10+00:00\",\"description\":\"Referencer p\u00e5 SureSMS og vores gateway. L\u00e6s hvad vores kunder mener om vores gateway og service som virksomhed.\",\"breadcrumb\":{\"@id\":\"https:\\\/\\\/suresms.com\\\/dk\\\/referencer\\\/#breadcrumb\"},\"inLanguage\":\"fr-FR\",\"potentialAction\":[{\"@type\":\"ReadAction\",\"target\":[\"https:\\\/\\\/suresms.com\\\/dk\\\/referencer\\\/\"]}]},{\"@type\":\"ImageObject\",\"inLanguage\":\"fr-FR\",\"@id\":\"https:\\\/\\\/suresms.com\\\/dk\\\/referencer\\\/#primaryimage\",\"url\":\"https:\\\/\\\/suresms.com\\\/wp-content\\\/uploads\\\/2024\\\/11\\\/Esbjerg-Gods-farver.png\",\"contentUrl\":\"https:\\\/\\\/suresms.com\\\/wp-content\\\/uploads\\\/2024\\\/11\\\/Esbjerg-Gods-farver.png\"},{\"@type\":\"BreadcrumbList\",\"@id\":\"https:\\\/\\\/suresms.com\\\/dk\\\/referencer\\\/#breadcrumb\",\"itemListElement\":[{\"@type\":\"ListItem\",\"position\":1,\"name\":\"Home\",\"item\":\"https:\\\/\\\/suresms.com\\\/dk\\\/\"},{\"@type\":\"ListItem\",\"position\":2,\"name\":\"Referencer\"}]},{\"@type\":\"WebSite\",\"@id\":\"https:\\\/\\\/suresms.com\\\/en\\\/#website\",\"url\":\"https:\\\/\\\/suresms.com\\\/en\\\/\",\"name\":\"SureSMS\",\"description\":\"Professionel SMS Gateway\",\"publisher\":{\"@id\":\"https:\\\/\\\/suresms.com\\\/en\\\/#organization\"},\"potentialAction\":[{\"@type\":\"SearchAction\",\"target\":{\"@type\":\"EntryPoint\",\"urlTemplate\":\"https:\\\/\\\/suresms.com\\\/en\\\/?s={search_term_string}\"},\"query-input\":{\"@type\":\"PropertyValueSpecification\",\"valueRequired\":true,\"valueName\":\"search_term_string\"}}],\"inLanguage\":\"fr-FR\"},{\"@type\":\"Organization\",\"@id\":\"https:\\\/\\\/suresms.com\\\/en\\\/#organization\",\"name\":\"SureSMS\",\"url\":\"https:\\\/\\\/suresms.com\\\/en\\\/\",\"logo\":{\"@type\":\"ImageObject\",\"inLanguage\":\"fr-FR\",\"@id\":\"https:\\\/\\\/suresms.com\\\/en\\\/#\\\/schema\\\/logo\\\/image\\\/\",\"url\":\"https:\\\/\\\/suresms.com\\\/wp-content\\\/uploads\\\/2024\\\/11\\\/suresms-300x65-1.png\",\"contentUrl\":\"https:\\\/\\\/suresms.com\\\/wp-content\\\/uploads\\\/2024\\\/11\\\/suresms-300x65-1.png\",\"width\":300,\"height\":65,\"caption\":\"SureSMS\"},\"image\":{\"@id\":\"https:\\\/\\\/suresms.com\\\/en\\\/#\\\/schema\\\/logo\\\/image\\\/\"},\"sameAs\":[\"https:\\\/\\\/www.facebook.com\\\/p\\\/SureSMS-100044607956149\\\/\"]}]}<\/script>\r\n<!-- \/ Yoast SEO Premium plugin. -->","yoast_head_json":{"title":"R\u00e9f\u00e9rences des clients de SureSMS - Voir les t\u00e9moignages de nos clients","description":"R\u00e9f\u00e9rences sur SureSMS et notre passerelle. Lisez ce que nos clients disent de notre passerelle et de notre service en tant qu'entreprise.","robots":{"index":"index","follow":"follow","max-snippet":"max-snippet:-1","max-image-preview":"max-image-preview:large","max-video-preview":"max-video-preview:-1"},"canonical":"https:\/\/suresms.com\/fr\/les-references\/","og_locale":"fr_FR","og_type":"article","og_title":"Referencer","og_description":"Referencer p\u00e5 SureSMS og vores gateway. L\u00e6s hvad vores kunder mener om vores gateway og service som virksomhed.","og_url":"https:\/\/suresms.com\/fr\/les-references\/","article_publisher":"https:\/\/www.facebook.com\/p\/SureSMS-100044607956149\/","article_modified_time":"2025-10-21T14:37:10+00:00","og_image":[{"url":"https:\/\/suresms.com\/wp-content\/uploads\/2024\/11\/Esbjerg-Gods-farver.png","type":"","width":"","height":""}],"twitter_card":"summary_large_image","twitter_misc":{"Dur\u00e9e de lecture estim\u00e9e":"2 minutes"},"schema":{"@context":"https:\/\/schema.org","@graph":[{"@type":"WebPage","@id":"https:\/\/suresms.com\/dk\/referencer\/","url":"https:\/\/suresms.com\/dk\/referencer\/","name":"R\u00e9f\u00e9rences des clients de SureSMS - Voir les t\u00e9moignages de nos clients","isPartOf":{"@id":"https:\/\/suresms.com\/en\/#website"},"primaryImageOfPage":{"@id":"https:\/\/suresms.com\/dk\/referencer\/#primaryimage"},"image":{"@id":"https:\/\/suresms.com\/dk\/referencer\/#primaryimage"},"thumbnailUrl":"https:\/\/suresms.com\/wp-content\/uploads\/2024\/11\/Esbjerg-Gods-farver.png","datePublished":"2013-11-26T08:53:02+00:00","dateModified":"2025-10-21T14:37:10+00:00","description":"R\u00e9f\u00e9rences sur SureSMS et notre passerelle. Lisez ce que nos clients disent de notre passerelle et de notre service en tant qu'entreprise.","breadcrumb":{"@id":"https:\/\/suresms.com\/dk\/referencer\/#breadcrumb"},"inLanguage":"fr-FR","potentialAction":[{"@type":"ReadAction","target":["https:\/\/suresms.com\/dk\/referencer\/"]}]},{"@type":"ImageObject","inLanguage":"fr-FR","@id":"https:\/\/suresms.com\/dk\/referencer\/#primaryimage","url":"https:\/\/suresms.com\/wp-content\/uploads\/2024\/11\/Esbjerg-Gods-farver.png","contentUrl":"https:\/\/suresms.com\/wp-content\/uploads\/2024\/11\/Esbjerg-Gods-farver.png"},{"@type":"BreadcrumbList","@id":"https:\/\/suresms.com\/dk\/referencer\/#breadcrumb","itemListElement":[{"@type":"ListItem","position":1,"name":"Home","item":"https:\/\/suresms.com\/dk\/"},{"@type":"ListItem","position":2,"name":"Referencer"}]},{"@type":"WebSite","@id":"https:\/\/suresms.com\/en\/#website","url":"https:\/\/suresms.com\/en\/","name":"SureSMS","description":"Passerelle SMS professionnelle","publisher":{"@id":"https:\/\/suresms.com\/en\/#organization"},"potentialAction":[{"@type":"SearchAction","target":{"@type":"EntryPoint","urlTemplate":"https:\/\/suresms.com\/en\/?s={search_term_string}"},"query-input":{"@type":"PropertyValueSpecification","valueRequired":true,"valueName":"search_term_string"}}],"inLanguage":"fr-FR"},{"@type":"Organization","@id":"https:\/\/suresms.com\/en\/#organization","name":"SureSMS","url":"https:\/\/suresms.com\/en\/","logo":{"@type":"ImageObject","inLanguage":"fr-FR","@id":"https:\/\/suresms.com\/en\/#\/schema\/logo\/image\/","url":"https:\/\/suresms.com\/wp-content\/uploads\/2024\/11\/suresms-300x65-1.png","contentUrl":"https:\/\/suresms.com\/wp-content\/uploads\/2024\/11\/suresms-300x65-1.png","width":300,"height":65,"caption":"SureSMS"},"image":{"@id":"https:\/\/suresms.com\/en\/#\/schema\/logo\/image\/"},"sameAs":["https:\/\/www.facebook.com\/p\/SureSMS-100044607956149\/"]}]}},"_links":{"self":[{"href":"https:\/\/suresms.com\/fr\/wp-json\/wp\/v2\/pages\/8","targetHints":{"allow":["GET"]}}],"collection":[{"href":"https:\/\/suresms.com\/fr\/wp-json\/wp\/v2\/pages"}],"about":[{"href":"https:\/\/suresms.com\/fr\/wp-json\/wp\/v2\/types\/page"}],"author":[{"embeddable":true,"href":"https:\/\/suresms.com\/fr\/wp-json\/wp\/v2\/users\/1"}],"replies":[{"embeddable":true,"href":"https:\/\/suresms.com\/fr\/wp-json\/wp\/v2\/comments?post=8"}],"version-history":[{"count":18,"href":"https:\/\/suresms.com\/fr\/wp-json\/wp\/v2\/pages\/8\/revisions"}],"predecessor-version":[{"id":23500,"href":"https:\/\/suresms.com\/fr\/wp-json\/wp\/v2\/pages\/8\/revisions\/23500"}],"wp:attachment":[{"href":"https:\/\/suresms.com\/fr\/wp-json\/wp\/v2\/media?parent=8"}],"wp:term":[{"taxonomy":"category","embeddable":true,"href":"https:\/\/suresms.com\/fr\/wp-json\/wp\/v2\/categories?post=8"},{"taxonomy":"post_tag","embeddable":true,"href":"https:\/\/suresms.com\/fr\/wp-json\/wp\/v2\/tags?post=8"}],"curies":[{"name":"wp","href":"https:\/\/api.w.org\/{rel}","templated":true}]}}