{"id":755,"date":"2014-12-17T20:12:52","date_gmt":"2014-12-17T18:12:52","guid":{"rendered":"https:\/\/www.suresms.com\/dk\/?page_id=755"},"modified":"2025-01-10T10:55:05","modified_gmt":"2025-01-10T10:55:05","slug":"messagerie-de-fusion-par-sms-pour-les-groupes","status":"publish","type":"page","link":"https:\/\/suresms.com\/fr\/funktioner\/sms-fletning-af-beskeder-til-grupper\/","title":{"rendered":"Fusion par SMS de messages vers des groupes"},"content":{"rendered":"<!-- Flexy Breadcrumb -->\r\n\t\t\t<div class=\"fbc fbc-page\">\r\n\r\n\t\t\t\t<!-- Breadcrumb wrapper -->\r\n\t\t\t\t<div class=\"fbc-wrap\">\r\n\r\n\t\t\t\t\t<!-- Ordered list-->\r\n\t\t\t\t\t<ol class=\"fbc-items\" itemscope itemtype=\"https:\/\/schema.org\/BreadcrumbList\">\r\n\t\t\t\t\t\t            <li itemprop=\"itemListElement\" itemscope itemtype=\"https:\/\/schema.org\/ListItem\">\r\n                <span itemprop=\"name\">\r\n                    <!-- Home Link -->\r\n                    <a itemprop=\"item\" href=\"https:\/\/suresms.com\/fr\/\">\r\n                    \r\n                                                    <i class=\"fa fa-home\" aria-hidden=\"true\"><\/i>Accueil                    <\/a>\r\n                <\/span>\r\n                <meta itemprop=\"position\" content=\"1\" \/><!-- Meta Position-->\r\n             <\/li><li><span class=\"fbc-separator\">\/<\/span><\/li><li class=\"active\" itemprop=\"itemListElement\" itemscope itemtype=\"https:\/\/schema.org\/ListItem\"><span itemprop=\"name\" title=\"Fusion par SMS de messages vers des groupes\">Fusion de messages par SMS...<\/span><meta itemprop=\"position\" content=\"2\" \/><\/li>\t\t\t\t\t<\/ol>\r\n\t\t\t\t\t<div class=\"clearfix\"><\/div>\r\n\t\t\t\t<\/div>\r\n\t\t\t<\/div>\r\n\t\t\t\n<h1>\n\t\tTressage de messages\n\t<\/h1>\n\t<p>Envoyer des messages \u00e0 de nombreux utilisateurs en m\u00eame temps est facile et pratique, mais comment s'assurer que vos messages SMS restent personnalis\u00e9s ?<\/p>\n<p>En tant qu'utilisateur de Sure SMS, vous pouvez personnaliser vos messages en int\u00e9grant le nom du destinataire dans le message lui-m\u00eame. Cela permet de cr\u00e9er un meilleur contact et donc une meilleure relation avec le destinataire, qu'il soit un employ\u00e9, un client ou un utilisateur potentiel de l'un de vos produits.<\/p>\n\t<ul>\n\t\t<li>\t\t\t\t\n\t\t<h3>Options pour le nom et le pr\u00e9nom<\/h3><p>Par exemple, si vous avez un groupe de clients \u00e0 qui vous envoyez des messages, vous pouvez les cr\u00e9er par pr\u00e9nom et par nom dans SureSMS. Lorsque vous envoyez des messages, vous pouvez \u00e9crire un petit code dans le message \u00e0 l'endroit o\u00f9 devrait se trouver le pr\u00e9nom, par exemple \"Bonjour , joyeux anniversaire\". Le syst\u00e8me fusionnera automatiquement le pr\u00e9nom de la personne dans l'espace o\u00f9 le code est \u00e9crit.<\/p><\/li><li>\t\t\t\t\n\t\t<h3>Fusionner d'autres champs<\/h3><p>Vous avez \u00e9galement la possibilit\u00e9 d'ajouter vos propres valeurs. Par exemple, il pourrait s'agir de <br \/>Marque de voiture si vous \u00eates m\u00e9canicien<br \/>Num\u00e9ro de classe si vous enseignez<br \/>Escalier s'il s'agit d'une association de logement<\/p><\/li>\t<\/ul>\n<p><em>Par exemple, vous pouvez \u00e9crire \"Bonjour , bon anniversaire\". Le syst\u00e8me fusionnera automatiquement le pr\u00e9nom de la personne dans l'espace o\u00f9 le code est \u00e9crit.<\/em><\/p>\n<p>Selon le destinataire du message et la fonction du message, vous pouvez <strong>s\u00e9lectionner le pr\u00e9nom, le nom de famille ou le nom complet<\/strong>.<\/p>\n<p>Nous avons r\u00e9alis\u00e9 une courte vid\u00e9o sur cette fonctionnalit\u00e9, que vous pouvez visionner en suivant le lien sur cette page.<\/p>\n\t\t<h3>Essayez-le MAINTENANT !<\/h3>\n\t\t<p>Cr\u00e9ez un compte d'essai gratuit maintenant et recevez 50 SMS gratuits. Sans engagement<\/p>\n\t\t\t<a href=\"https:\/\/suresms.com\/fr\/compte-test-sms-gratuit\/\" target=\"_self\">\n\t\t\t\t\t\t\tCr\u00e9er un compte d'essai\n\t\t\t\t\t<\/a>\n\t\t\t\t\t<video src=\"https:\/\/suresms.com\/wp-content\/uploads\/2024\/10\/Dokumentation-Import-af-kontakter-til-adressebogen.mp4\" alt=\"hosted-video-thumbnail\"><\/video>\n\t<p><strong>Comment fusionner facilement des noms dans des messages<\/strong><\/p>\n<ol>\n<li>S\u00e9lectionner un groupe<\/li>\n<li>R\u00e9digez votre message comme d'habitude dans le champ de texte, mais au lieu d'un nom, \u00e9crivez un code.<\/li>\n<li>Appuyez sur envoyer ! Voir les instructions d\u00e9taill\u00e9es et les codes <a title=\"Manuel\" href=\"https:\/\/suresms.com\/fr\/documents\/documents-9\/documents-12\/#___Flet_informationer_i_besked__\" target=\"_blank\" rel=\"noopener\">Ici !<\/a><\/li>\n<\/ol>\n<p><strong>Il est important de v\u00e9rifier que tous les contacts sont mis \u00e0 jour avec les noms et pr\u00e9noms corrects avant d'utiliser la fonction de fusion.\u00a0<\/strong><\/p>\n\t<h4><strong>Voici quelques exemples d'utilisation de cette fonctionnalit\u00e9 par nos clients : \"Fusionner les noms des destinataires dans GroupSMS\".<\/strong><\/h4>\n\n<ul> \t\n<li>Un h\u00f4pital utilise la tresse SMS dans le cadre d'un projet de recherche. Il envoie des messages quotidiens aux participants \u00e0 l'essai avec des informations, des instructions sur les m\u00e9dicaments et leur dosage.<\/li>\n\n<li>Un concessionnaire automobile envoie des SMS automatis\u00e9s \u00e0 ses clients le lendemain de la r\u00e9paration de leur voiture. Le SMS demande au client ce qu'il pense de la proc\u00e9dure. Le concessionnaire automobile dispose ainsi d'une \u00e9valuation rapide et efficace de son service.<\/li>\n\n<li>Un consultant en musculation utilise la fonction de fusion pour envoyer des SMS \u00e0 ses membres. Les messages personnalis\u00e9s avec des messages forts sont beaucoup plus motivants et ont g\u00e9n\u00e9ralement plus d'impact.<\/li>\n\n<li>Parmi nos clients qui utilisent la fonction de fusion, il y en a aussi beaucoup qui n'envoient pas un grand nombre de messages, mais o\u00f9 les noms sont int\u00e9gr\u00e9s dans des messages plus personnalis\u00e9s. Par exemple, nous avons des entreprises qui l'utilisent pour convoquer des r\u00e9unions, tout comme nous avons un horloger qui l'utilise pour des messages concernant des marchandises \u00e0 collecter.<\/li>\n<\/ul>","protected":false},"excerpt":{"rendered":"<p>Fusionner les messages Il est facile et pratique d'envoyer des messages \u00e0 de nombreux utilisateurs en m\u00eame temps, mais comment s'assurer que vos messages SMS restent personnalis\u00e9s ? En tant qu'utilisateur de Sure SMS, vous pouvez personnaliser vos messages en fusionnant le nom du destinataire dans le message lui-m\u00eame. Cela cr\u00e9e un ... <a title=\"Fusion par SMS de messages vers des groupes\" class=\"read-more\" href=\"https:\/\/suresms.com\/fr\/funktioner\/sms-fletning-af-beskeder-til-grupper\/\" aria-label=\"En savoir plus sur Fusion de messages SMS pour les groupes\">En savoir plus<\/a><\/p>","protected":false},"author":1,"featured_media":0,"parent":958,"menu_order":11,"comment_status":"closed","ping_status":"closed","template":"","meta":{"_fl_builder_enabled":"1","_fl_builder_data":null,"_fl_builder_draft":null,"_fl_builder_data_settings":null,"_fl_builder_css":"","_fl_builder_css_version":"","_fl_builder_js":"","footnotes":""},"categories":[17],"tags":[],"class_list":{"0":"post-755","1":"page","2":"type-page","3":"status-publish","5":"category-linkfracornorstone"},"yoast_head":"<!-- This site is optimized with the Yoast SEO Premium plugin v27.3 (Yoast SEO v27.3) - https:\/\/yoast.com\/product\/yoast-seo-premium-wordpress\/ -->\r\n<title>SMS fletning af beskeder til grupper<\/title>\r\n<meta name=\"description\" content=\"Du kan nemt g\u00f8re dine SMS beskeder personlige med SureSMS. Ved at bruge nogle simple koder, kan du g\u00f8re beskeden helt personlig. Se her hvordan.\" \/>\r\n<meta name=\"robots\" content=\"index, follow, max-snippet:-1, max-image-preview:large, max-video-preview:-1\" \/>\r\n<link rel=\"canonical\" href=\"https:\/\/suresms.com\/fr\/caracteristiques\/messagerie-de-fusion-par-sms-pour-les-groupes\/\" \/>\r\n<meta property=\"og:locale\" content=\"fr_FR\" \/>\r\n<meta property=\"og:type\" content=\"article\" \/>\r\n<meta property=\"og:title\" content=\"SMS fletning af beskeder til grupper\" \/>\r\n<meta property=\"og:description\" content=\"Du kan nemt g\u00f8re dine SMS beskeder personlige med SureSMS. Ved at bruge nogle simple koder, kan du g\u00f8re beskeden helt personlig. Se her hvordan.\" \/>\r\n<meta property=\"og:url\" content=\"https:\/\/suresms.com\/fr\/caracteristiques\/messagerie-de-fusion-par-sms-pour-les-groupes\/\" \/>\r\n<meta property=\"article:publisher\" content=\"https:\/\/www.facebook.com\/p\/SureSMS-100044607956149\/\" \/>\r\n<meta property=\"article:modified_time\" content=\"2025-01-10T10:55:05+00:00\" \/>\r\n<meta name=\"twitter:card\" content=\"summary_large_image\" \/>\r\n<meta name=\"twitter:label1\" content=\"Dur\u00e9e de lecture estim\u00e9e\" \/>\n\t<meta name=\"twitter:data1\" content=\"3 minutes\" \/>\r\n<script type=\"application\/ld+json\" class=\"yoast-schema-graph\">{\"@context\":\"https:\\\/\\\/schema.org\",\"@graph\":[{\"@type\":\"WebPage\",\"@id\":\"https:\\\/\\\/suresms.com\\\/dk\\\/funktioner\\\/sms-fletning-af-beskeder-til-grupper\\\/\",\"url\":\"https:\\\/\\\/suresms.com\\\/dk\\\/funktioner\\\/sms-fletning-af-beskeder-til-grupper\\\/\",\"name\":\"SMS fletning af beskeder til grupper\",\"isPartOf\":{\"@id\":\"https:\\\/\\\/suresms.com\\\/en\\\/#website\"},\"datePublished\":\"2014-12-17T18:12:52+00:00\",\"dateModified\":\"2025-01-10T10:55:05+00:00\",\"description\":\"Du kan nemt g\u00f8re dine SMS beskeder personlige med SureSMS. Ved at bruge nogle simple koder, kan du g\u00f8re beskeden helt personlig. Se her hvordan.\",\"breadcrumb\":{\"@id\":\"https:\\\/\\\/suresms.com\\\/dk\\\/funktioner\\\/sms-fletning-af-beskeder-til-grupper\\\/#breadcrumb\"},\"inLanguage\":\"fr-FR\",\"potentialAction\":[{\"@type\":\"ReadAction\",\"target\":[\"https:\\\/\\\/suresms.com\\\/dk\\\/funktioner\\\/sms-fletning-af-beskeder-til-grupper\\\/\"]}]},{\"@type\":\"BreadcrumbList\",\"@id\":\"https:\\\/\\\/suresms.com\\\/dk\\\/funktioner\\\/sms-fletning-af-beskeder-til-grupper\\\/#breadcrumb\",\"itemListElement\":[{\"@type\":\"ListItem\",\"position\":1,\"name\":\"Home\",\"item\":\"https:\\\/\\\/suresms.com\\\/dk\\\/\"},{\"@type\":\"ListItem\",\"position\":2,\"name\":\"Funktioner\",\"item\":\"https:\\\/\\\/suresms.com\\\/dk\\\/funktioner\\\/\"},{\"@type\":\"ListItem\",\"position\":3,\"name\":\"SMS fletning af beskeder til grupper\"}]},{\"@type\":\"WebSite\",\"@id\":\"https:\\\/\\\/suresms.com\\\/en\\\/#website\",\"url\":\"https:\\\/\\\/suresms.com\\\/en\\\/\",\"name\":\"SureSMS\",\"description\":\"Professionel SMS Gateway\",\"publisher\":{\"@id\":\"https:\\\/\\\/suresms.com\\\/en\\\/#organization\"},\"potentialAction\":[{\"@type\":\"SearchAction\",\"target\":{\"@type\":\"EntryPoint\",\"urlTemplate\":\"https:\\\/\\\/suresms.com\\\/en\\\/?s={search_term_string}\"},\"query-input\":{\"@type\":\"PropertyValueSpecification\",\"valueRequired\":true,\"valueName\":\"search_term_string\"}}],\"inLanguage\":\"fr-FR\"},{\"@type\":\"Organization\",\"@id\":\"https:\\\/\\\/suresms.com\\\/en\\\/#organization\",\"name\":\"SureSMS\",\"url\":\"https:\\\/\\\/suresms.com\\\/en\\\/\",\"logo\":{\"@type\":\"ImageObject\",\"inLanguage\":\"fr-FR\",\"@id\":\"https:\\\/\\\/suresms.com\\\/en\\\/#\\\/schema\\\/logo\\\/image\\\/\",\"url\":\"https:\\\/\\\/suresms.com\\\/wp-content\\\/uploads\\\/2024\\\/11\\\/suresms-300x65-1.png\",\"contentUrl\":\"https:\\\/\\\/suresms.com\\\/wp-content\\\/uploads\\\/2024\\\/11\\\/suresms-300x65-1.png\",\"width\":300,\"height\":65,\"caption\":\"SureSMS\"},\"image\":{\"@id\":\"https:\\\/\\\/suresms.com\\\/en\\\/#\\\/schema\\\/logo\\\/image\\\/\"},\"sameAs\":[\"https:\\\/\\\/www.facebook.com\\\/p\\\/SureSMS-100044607956149\\\/\"]}]}<\/script>\r\n<!-- \/ Yoast SEO Premium plugin. -->","yoast_head_json":{"title":"Fusion par SMS de messages vers des groupes","description":"Vous pouvez facilement personnaliser vos messages SMS avec SureSMS. En utilisant quelques codes simples, vous pouvez rendre votre message compl\u00e8tement personnalis\u00e9. D\u00e9couvrez comment ici.","robots":{"index":"index","follow":"follow","max-snippet":"max-snippet:-1","max-image-preview":"max-image-preview:large","max-video-preview":"max-video-preview:-1"},"canonical":"https:\/\/suresms.com\/fr\/caracteristiques\/messagerie-de-fusion-par-sms-pour-les-groupes\/","og_locale":"fr_FR","og_type":"article","og_title":"SMS fletning af beskeder til grupper","og_description":"Du kan nemt g\u00f8re dine SMS beskeder personlige med SureSMS. Ved at bruge nogle simple koder, kan du g\u00f8re beskeden helt personlig. Se her hvordan.","og_url":"https:\/\/suresms.com\/fr\/caracteristiques\/messagerie-de-fusion-par-sms-pour-les-groupes\/","article_publisher":"https:\/\/www.facebook.com\/p\/SureSMS-100044607956149\/","article_modified_time":"2025-01-10T10:55:05+00:00","twitter_card":"summary_large_image","twitter_misc":{"Dur\u00e9e de lecture estim\u00e9e":"3 minutes"},"schema":{"@context":"https:\/\/schema.org","@graph":[{"@type":"WebPage","@id":"https:\/\/suresms.com\/dk\/funktioner\/sms-fletning-af-beskeder-til-grupper\/","url":"https:\/\/suresms.com\/dk\/funktioner\/sms-fletning-af-beskeder-til-grupper\/","name":"Fusion par SMS de messages vers des groupes","isPartOf":{"@id":"https:\/\/suresms.com\/en\/#website"},"datePublished":"2014-12-17T18:12:52+00:00","dateModified":"2025-01-10T10:55:05+00:00","description":"Vous pouvez facilement personnaliser vos messages SMS avec SureSMS. En utilisant quelques codes simples, vous pouvez rendre votre message compl\u00e8tement personnalis\u00e9. D\u00e9couvrez comment ici.","breadcrumb":{"@id":"https:\/\/suresms.com\/dk\/funktioner\/sms-fletning-af-beskeder-til-grupper\/#breadcrumb"},"inLanguage":"fr-FR","potentialAction":[{"@type":"ReadAction","target":["https:\/\/suresms.com\/dk\/funktioner\/sms-fletning-af-beskeder-til-grupper\/"]}]},{"@type":"BreadcrumbList","@id":"https:\/\/suresms.com\/dk\/funktioner\/sms-fletning-af-beskeder-til-grupper\/#breadcrumb","itemListElement":[{"@type":"ListItem","position":1,"name":"Home","item":"https:\/\/suresms.com\/dk\/"},{"@type":"ListItem","position":2,"name":"Funktioner","item":"https:\/\/suresms.com\/dk\/funktioner\/"},{"@type":"ListItem","position":3,"name":"SMS fletning af beskeder til grupper"}]},{"@type":"WebSite","@id":"https:\/\/suresms.com\/en\/#website","url":"https:\/\/suresms.com\/en\/","name":"SureSMS","description":"Passerelle SMS professionnelle","publisher":{"@id":"https:\/\/suresms.com\/en\/#organization"},"potentialAction":[{"@type":"SearchAction","target":{"@type":"EntryPoint","urlTemplate":"https:\/\/suresms.com\/en\/?s={search_term_string}"},"query-input":{"@type":"PropertyValueSpecification","valueRequired":true,"valueName":"search_term_string"}}],"inLanguage":"fr-FR"},{"@type":"Organization","@id":"https:\/\/suresms.com\/en\/#organization","name":"SureSMS","url":"https:\/\/suresms.com\/en\/","logo":{"@type":"ImageObject","inLanguage":"fr-FR","@id":"https:\/\/suresms.com\/en\/#\/schema\/logo\/image\/","url":"https:\/\/suresms.com\/wp-content\/uploads\/2024\/11\/suresms-300x65-1.png","contentUrl":"https:\/\/suresms.com\/wp-content\/uploads\/2024\/11\/suresms-300x65-1.png","width":300,"height":65,"caption":"SureSMS"},"image":{"@id":"https:\/\/suresms.com\/en\/#\/schema\/logo\/image\/"},"sameAs":["https:\/\/www.facebook.com\/p\/SureSMS-100044607956149\/"]}]}},"_links":{"self":[{"href":"https:\/\/suresms.com\/fr\/wp-json\/wp\/v2\/pages\/755","targetHints":{"allow":["GET"]}}],"collection":[{"href":"https:\/\/suresms.com\/fr\/wp-json\/wp\/v2\/pages"}],"about":[{"href":"https:\/\/suresms.com\/fr\/wp-json\/wp\/v2\/types\/page"}],"author":[{"embeddable":true,"href":"https:\/\/suresms.com\/fr\/wp-json\/wp\/v2\/users\/1"}],"replies":[{"embeddable":true,"href":"https:\/\/suresms.com\/fr\/wp-json\/wp\/v2\/comments?post=755"}],"version-history":[{"count":5,"href":"https:\/\/suresms.com\/fr\/wp-json\/wp\/v2\/pages\/755\/revisions"}],"predecessor-version":[{"id":21398,"href":"https:\/\/suresms.com\/fr\/wp-json\/wp\/v2\/pages\/755\/revisions\/21398"}],"up":[{"embeddable":true,"href":"https:\/\/suresms.com\/fr\/wp-json\/wp\/v2\/pages\/958"}],"wp:attachment":[{"href":"https:\/\/suresms.com\/fr\/wp-json\/wp\/v2\/media?parent=755"}],"wp:term":[{"taxonomy":"category","embeddable":true,"href":"https:\/\/suresms.com\/fr\/wp-json\/wp\/v2\/categories?post=755"},{"taxonomy":"post_tag","embeddable":true,"href":"https:\/\/suresms.com\/fr\/wp-json\/wp\/v2\/tags?post=755"}],"curies":[{"name":"wp","href":"https:\/\/api.w.org\/{rel}","templated":true}]}}