{"id":748,"date":"2014-12-16T20:14:42","date_gmt":"2014-12-16T18:14:42","guid":{"rendered":"https:\/\/www.suresms.com\/dk\/?page_id=748"},"modified":"2024-11-24T17:03:16","modified_gmt":"2024-11-24T17:03:16","slug":"wilkaar","status":"publish","type":"page","link":"https:\/\/suresms.com\/fr\/politikker\/vilkaar\/","title":{"rendered":"Conditions d'utilisation"},"content":{"rendered":"<p><strong>En g\u00e9n\u00e9ral<\/strong><\/p>\n<ol>\n<li>L'acc\u00e8s et l'utilisation du site web et du logiciel SureSMS sont soumis aux conditions et modalit\u00e9s suivantes\u00a0<a href=\"https:\/\/suresms.com\/fr\/politique-de-confidentialite\/\">politique de confidentialit\u00e9<\/a>. En utilisant ce site web, vous acceptez nos conditions g\u00e9n\u00e9rales d'utilisation et\u00a0<a href=\"https:\/\/suresms.com\/fr\/politique-de-confidentialite\/\">politique de confidentialit\u00e9<\/a>. Si vous n'acceptez pas les conditions g\u00e9n\u00e9rales suivantes ou notre politique de confidentialit\u00e9, vous devez imm\u00e9diatement cesser d'utiliser le service et le logiciel fournis par SureSMS.<\/li>\n<li>En acceptant ces conditions g\u00e9n\u00e9rales, vous vous engagez \u00e0,\n<ul>\n<li>qu'une personne repr\u00e9sentant SureSMS peut vous contacter par t\u00e9l\u00e9phone, e-mail ou SMS concernant le(s) service(s) que vous utilisez.<\/li>\n<li>qu'une personne repr\u00e9sentant SureSMS peut vous contacter par t\u00e9l\u00e9phone, e-mail ou SMS au sujet des services concern\u00e9s.<\/li>\n<li>que SureSMS peut utiliser le nom de l'entreprise que vous repr\u00e9sentez \u00e0 des fins de marketing.<\/li>\n<li>que si vous ne souhaitez pas \u00eatre contact\u00e9, vous pouvez\u00a0<a href=\"https:\/\/suresms.com\/fr\/contact\/\">ici <\/a>refuser tout contact ult\u00e9rieur<\/li>\n<\/ul>\n<\/li>\n<li>Si vous ne respectez pas l'ensemble des conditions suivantes, votre droit d'acc\u00e8s cessera imm\u00e9diatement.<\/li>\n<li>Nous nous r\u00e9servons le droit de modifier les pr\u00e9sentes conditions g\u00e9n\u00e9rales sans pr\u00e9avis. Les conditions modifi\u00e9es entreront en vigueur \u00e0 la date indiqu\u00e9e dans celles-ci. Elles seront disponibles ici sur le site web. Vous \u00eates donc invit\u00e9 \u00e0 les lire r\u00e9guli\u00e8rement lorsque vous visitez le site web. En continuant \u00e0 utiliser le site web et les logiciels d\u00e9velopp\u00e9s par SureSMS, vous acceptez les nouvelles conditions d'utilisation.<\/li>\n<li>SureSMS conserve vos donn\u00e9es personnelles aussi longtemps que vous \u00eates un utilisateur de nos syst\u00e8mes. SureSMS conserve vos donn\u00e9es personnelles pendant une dur\u00e9e maximale de cinq ans. En tant qu'utilisateur enregistr\u00e9 de SureSMS, vous avez le droit de vous opposer \u00e0 l'enregistrement en \u00e9crivant \u00e0 info@suresms.com. Glen Mandsberg est d\u00e9sign\u00e9 comme responsable du traitement des donn\u00e9es dans SureSMS et les soci\u00e9t\u00e9s apparent\u00e9es. Vous pouvez \u00e0 tout moment nous demander de supprimer vos informations, demander les informations que nous poss\u00e9dons \u00e0 votre sujet et nous demander de corriger les erreurs et les omissions dans vos informations personnelles.<\/li>\n<\/ol>\n<p><strong>Notre service<\/strong><\/p>\n<ol>\n<li>Nous offrons un service qui permet d'utiliser les r\u00e9seaux des compagnies t\u00e9l\u00e9phoniques pour envoyer et recevoir des messages SMS \u00e0 partir de t\u00e9l\u00e9phones mobiles.<\/li>\n<li>Le prix de nos services d\u00e9pend des fonctionnalit\u00e9s que vous souhaitez, du pays vers lequel vous voulez envoyer et du logiciel que vous utilisez pour l'envoi. Vous pouvez obtenir notre liste de prix actuelle \u00e0 tout moment en envoyant un courrier \u00e9lectronique \u00e0 l'adresse suivante <a href=\"mailto:info@suresms.com\">info@suresms.com<\/a>.<\/li>\n<li>SureSMS fournit une aide en ligne sous la forme d'un site web. Si l'assistance est assur\u00e9e par du personnel, nous faisons de notre mieux pour r\u00e9pondre \u00e0 l'assistance par chat. Vous pouvez toujours demander de l'aide \u00e0 notre \u00e9quipe d'assistance en envoyant un courriel \u00e0 l'adresse suivante <a href=\"mailto:support@suresms.com\">support@suresms.com<\/a>.<\/li>\n<li>Nous nous effor\u00e7ons de vous fournir un acc\u00e8s illimit\u00e9 au site web et aux autres syst\u00e8mes. Toutefois, nous ne pouvons pas garantir la disponibilit\u00e9 ininterrompue de notre service, tout comme les soci\u00e9t\u00e9s de t\u00e9l\u00e9communications ne peuvent pas garantir la livraison des messages SMS.<\/li>\n<li>Nous nous r\u00e9servons le droit d'\u00e9diter, de supprimer, de retirer, de modifier et d'am\u00e9liorer \u00e0 tout moment l'ensemble des donn\u00e9es, informations et contenus affich\u00e9s sur le site web.<\/li>\n<\/ol>\n<p><strong>Utilisation autoris\u00e9e<\/strong><\/p>\n<ol start=\"1\">\n<li>Vous ne pouvez pas utiliser ce site web \u00e0 des fins ill\u00e9gales, frauduleuses ou malhonn\u00eates.<\/li>\n<li>Vous ne pouvez pas, avec nos syst\u00e8mes, vous faire passer pour quelqu'un d'autre que vous.<\/li>\n<li>Vous ne devez pas perturber, interrompre ou imposer une charge disproportionn\u00e9e \u00e0 nos syst\u00e8mes de communication ou techniques, selon notre appr\u00e9ciation.<\/li>\n<li>Vous \u00eates tenu de respecter les lois des pays vers lesquels les SMS sont envoy\u00e9s. Vous \u00eates tenu de vous informer sur ces r\u00e8gles.<\/li>\n<li>SureSMS peut bloquer votre compte sans pr\u00e9avis en cas de suspicion d'utilisation abusive du compte pour envoyer des SMS ill\u00e9gaux. Vous serez imm\u00e9diatement inform\u00e9 du blocage de votre compte.<\/li>\n<li>Si SureSMS est confront\u00e9 \u00e0 des demandes d'indemnisation \u00e0 la suite d'une mauvaise utilisation de votre compte, SureSMS peut vous tenir pour responsable de ces demandes.<\/li>\n<\/ol>\n<p><strong>Droits de propri\u00e9t\u00e9 intellectuelle<\/strong><\/p>\n<ol>\n<li>Les droits d'auteur sur les donn\u00e9es, le contenu et les informations affich\u00e9s sur notre site web et les syst\u00e8mes logiciels associ\u00e9s appartiennent \u00e0 SureSMS. Vous pouvez imprimer, copier, transf\u00e9rer ou stocker des extraits du mat\u00e9riel et des informations affich\u00e9s sur le site web pour votre propre usage.<\/li>\n<li>Sauf indication contraire dans les pr\u00e9sentes conditions g\u00e9n\u00e9rales, aucune de nos propri\u00e9t\u00e9s dans et autour de ce site web (donn\u00e9es, contenu, mat\u00e9riel et informations affich\u00e9s ici) ne peut \u00eatre utilis\u00e9e, copi\u00e9e, modifi\u00e9e, publi\u00e9e, transmise, vendue, d\u00e9riv\u00e9e, redessin\u00e9e, reproduite, reformat\u00e9e et distribu\u00e9e sans l'autorisation pr\u00e9alable de SureSMS.<\/li>\n<\/ol>\n<p><strong>Manquement \u00e0 notre responsabilit\u00e9<\/strong><\/p>\n<ol>\n<li>SureSMS ne peut \u00eatre tenu responsable des pertes subies en rapport avec l'utilisation de ce site web ou des produits logiciels connexes. Cela ne comprend ni les pertes directes ni les pertes indirectes.<\/li>\n<li>SureSMS ne peut \u00eatre tenu responsable des cons\u00e9quences de la non-remise des messages SMS, car la responsabilit\u00e9 en incombe aux soci\u00e9t\u00e9s de t\u00e9l\u00e9communications.<\/li>\n<\/ol>\n<p><strong>Votre responsabilit\u00e9<\/strong><\/p>\n<ol>\n<li>Vous devez prendre toutes les pr\u00e9cautions n\u00e9cessaires pour vous assurer que les donn\u00e9es, le contenu, le mat\u00e9riel et les informations que vous fournissez (y compris les \u00e9l\u00e9ments suivants\u00a0<em>contenu utilisateur<\/em>) ne contient pas de virus, de logiciels espions, de logiciels malveillants ou d'autres \u00e9l\u00e9ments susceptibles d'avoir un effet n\u00e9faste sur ce site web, sur les sites web de tiers ou sur d'autres personnes.<\/li>\n<li>Pour utiliser ce site web, vous devez vous inscrire. Votre nom d'utilisateur et votre mot de passe doivent rester confidentiels afin d'\u00e9viter les abus. Vous \u00eates responsable des activit\u00e9s qui ont eu lieu sous votre nom d'utilisateur.<\/li>\n<li>Vous \u00eates responsable de vos contributions \u00e0 ce site web et aux produits logiciels associ\u00e9s. Cela couvre \u00e9galement le contenu des messages SMS et des destinataires, ainsi que les informations relatives aux destinataires. Vous devez garantir que votre contenu d'utilisateur ne porte pas atteinte aux droits priv\u00e9s, aux droits des soci\u00e9t\u00e9s ou aux droits alternatifs de tiers (y compris les informations confidentielles).<\/li>\n<li>Vous acceptez d'\u00eatre tenu pour responsable de tout dommage, perte, r\u00e9clamation, d\u00e9sagr\u00e9ment ou d\u00e9pense que SureSMS pourrait subir \u00e0 la suite de votre utilisation du site web et des produits connexes.<\/li>\n<li>Si vous souhaitez vous opposer aux calculs d'une facture, vous devez le faire avant la date de paiement de la facture.<\/li>\n<\/ol>\n<p><strong>Annulation<\/strong><\/p>\n<ol>\n<li>Vous pouvez r\u00e9silier votre abonnement \u00e0 SureSMS \u00e0 tout moment. La p\u00e9riode de r\u00e9siliation est de 0 (z\u00e9ro) jour.<\/li>\n<li>Nous appliquons une politique de non-remboursement. Cela signifie que nous ne remboursons pas les montants d\u00e9j\u00e0 factur\u00e9s ou pay\u00e9s. Vous pouvez toujours utiliser la totalit\u00e9 du solde de votre compte SureSMS.<\/li>\n<li>Le solde de votre compte SureSMS n'expire pas.<\/li>\n<li>Si vous souhaitez supprimer compl\u00e8tement votre compte, vous perdrez le montant d\u00e9pos\u00e9, y compris les SMS gratuits.<\/li>\n<\/ol>\n<p><strong>Changements et mises \u00e0 jour<\/strong><\/p>\n<ol>\n<li>Nous pouvons modifier et mettre \u00e0 jour les conditions g\u00e9n\u00e9rales. L'utilisation du site web apr\u00e8s la mise \u00e0 jour signifie l'acceptation de la version mise \u00e0 jour.<\/li>\n<li>Les conditions g\u00e9n\u00e9rales ont \u00e9t\u00e9 mises \u00e0 jour pour la derni\u00e8re fois le 19 d\u00e9cembre 2017.<\/li>\n<\/ol>\n<p>&nbsp;<\/p>","protected":false},"excerpt":{"rendered":"<p>G\u00e9n\u00e9ralit\u00e9s L'acc\u00e8s et l'utilisation du site web et du logiciel SureSMS sont soumis aux conditions g\u00e9n\u00e9rales et \u00e0 la politique de confidentialit\u00e9 suivantes. En utilisant ce site web, vous acceptez nos conditions g\u00e9n\u00e9rales et notre politique de confidentialit\u00e9. Si vous n'acceptez pas les conditions g\u00e9n\u00e9rales suivantes ou notre politique de confidentialit\u00e9, vous devez imm\u00e9diatement cesser d'utiliser le service et ... <a title=\"Conditions d&#039;utilisation\" class=\"read-more\" href=\"https:\/\/suresms.com\/fr\/politikker\/vilkaar\/\" aria-label=\"En savoir plus sur les conditions g\u00e9n\u00e9rales\">En savoir plus<\/a><\/p>","protected":false},"author":1,"featured_media":0,"parent":19124,"menu_order":22,"comment_status":"closed","ping_status":"closed","template":"","meta":{"_fl_builder_enabled":"1","_fl_builder_data":null,"_fl_builder_draft":null,"_fl_builder_data_settings":null,"_fl_builder_css":"","_fl_builder_css_version":"","_fl_builder_js":"","footnotes":""},"categories":[],"tags":[],"class_list":["post-748","page","type-page","status-publish"],"yoast_head":"<!-- This site is optimized with the Yoast SEO Premium plugin v27.3 (Yoast SEO v27.3) - https:\/\/yoast.com\/product\/yoast-seo-premium-wordpress\/ -->\r\n<title>Vilk\u00e5r og betingelser -<\/title>\r\n<meta name=\"robots\" content=\"index, follow, max-snippet:-1, max-image-preview:large, max-video-preview:-1\" \/>\r\n<link rel=\"canonical\" href=\"https:\/\/suresms.com\/fr\/caracteristiques-2\/wilkaar\/\" \/>\r\n<meta property=\"og:locale\" content=\"fr_FR\" \/>\r\n<meta property=\"og:type\" content=\"article\" \/>\r\n<meta property=\"og:title\" content=\"Vilk\u00e5r og betingelser\" \/>\r\n<meta property=\"og:description\" content=\"Generelt Adgangen og brugen af SureSMS hjemmeside og software sker med udgangspunkt i f\u00f8lgende vilk\u00e5r, betingelser og\u00a0persondatapolitik. Ved brug af denne hjemmeside erkl\u00e6rer du dig enig i vores vilk\u00e5r og betingelser og\u00a0persondatapolitik. Hvis du ikke er enig i de f\u00f8lgende vilk\u00e5r og betingelser eller vores persondatapolitik, skal du straks stoppe med at anvende service og ... Lire la suite\" \/>\r\n<meta property=\"og:url\" content=\"https:\/\/suresms.com\/fr\/caracteristiques-2\/wilkaar\/\" \/>\r\n<meta property=\"article:publisher\" content=\"https:\/\/www.facebook.com\/p\/SureSMS-100044607956149\/\" \/>\r\n<meta property=\"article:modified_time\" content=\"2024-11-24T17:03:16+00:00\" \/>\r\n<meta name=\"twitter:card\" content=\"summary_large_image\" \/>\r\n<meta name=\"twitter:label1\" content=\"Dur\u00e9e de lecture estim\u00e9e\" \/>\n\t<meta name=\"twitter:data1\" content=\"5 minutes\" \/>\r\n<script type=\"application\/ld+json\" class=\"yoast-schema-graph\">{\"@context\":\"https:\\\/\\\/schema.org\",\"@graph\":[{\"@type\":\"WebPage\",\"@id\":\"https:\\\/\\\/suresms.com\\\/politikker\\\/vilkaar\\\/\",\"url\":\"https:\\\/\\\/suresms.com\\\/politikker\\\/vilkaar\\\/\",\"name\":\"Vilk\u00e5r og betingelser -\",\"isPartOf\":{\"@id\":\"https:\\\/\\\/suresms.com\\\/en\\\/#website\"},\"datePublished\":\"2014-12-16T18:14:42+00:00\",\"dateModified\":\"2024-11-24T17:03:16+00:00\",\"breadcrumb\":{\"@id\":\"https:\\\/\\\/suresms.com\\\/politikker\\\/vilkaar\\\/#breadcrumb\"},\"inLanguage\":\"fr-FR\",\"potentialAction\":[{\"@type\":\"ReadAction\",\"target\":[\"https:\\\/\\\/suresms.com\\\/politikker\\\/vilkaar\\\/\"]}]},{\"@type\":\"BreadcrumbList\",\"@id\":\"https:\\\/\\\/suresms.com\\\/politikker\\\/vilkaar\\\/#breadcrumb\",\"itemListElement\":[{\"@type\":\"ListItem\",\"position\":1,\"name\":\"Home\",\"item\":\"https:\\\/\\\/suresms.com\\\/dk\\\/\"},{\"@type\":\"ListItem\",\"position\":2,\"name\":\"Politikker\",\"item\":\"https:\\\/\\\/suresms.com\\\/politikker\\\/\"},{\"@type\":\"ListItem\",\"position\":3,\"name\":\"Vilk\u00e5r og betingelser\"}]},{\"@type\":\"WebSite\",\"@id\":\"https:\\\/\\\/suresms.com\\\/en\\\/#website\",\"url\":\"https:\\\/\\\/suresms.com\\\/en\\\/\",\"name\":\"SureSMS\",\"description\":\"Professionel SMS Gateway\",\"publisher\":{\"@id\":\"https:\\\/\\\/suresms.com\\\/en\\\/#organization\"},\"potentialAction\":[{\"@type\":\"SearchAction\",\"target\":{\"@type\":\"EntryPoint\",\"urlTemplate\":\"https:\\\/\\\/suresms.com\\\/en\\\/?s={search_term_string}\"},\"query-input\":{\"@type\":\"PropertyValueSpecification\",\"valueRequired\":true,\"valueName\":\"search_term_string\"}}],\"inLanguage\":\"fr-FR\"},{\"@type\":\"Organization\",\"@id\":\"https:\\\/\\\/suresms.com\\\/en\\\/#organization\",\"name\":\"SureSMS\",\"url\":\"https:\\\/\\\/suresms.com\\\/en\\\/\",\"logo\":{\"@type\":\"ImageObject\",\"inLanguage\":\"fr-FR\",\"@id\":\"https:\\\/\\\/suresms.com\\\/en\\\/#\\\/schema\\\/logo\\\/image\\\/\",\"url\":\"https:\\\/\\\/suresms.com\\\/wp-content\\\/uploads\\\/2024\\\/11\\\/suresms-300x65-1.png\",\"contentUrl\":\"https:\\\/\\\/suresms.com\\\/wp-content\\\/uploads\\\/2024\\\/11\\\/suresms-300x65-1.png\",\"width\":300,\"height\":65,\"caption\":\"SureSMS\"},\"image\":{\"@id\":\"https:\\\/\\\/suresms.com\\\/en\\\/#\\\/schema\\\/logo\\\/image\\\/\"},\"sameAs\":[\"https:\\\/\\\/www.facebook.com\\\/p\\\/SureSMS-100044607956149\\\/\"]}]}<\/script>\r\n<!-- \/ Yoast SEO Premium plugin. -->","yoast_head_json":{"title":"Conditions d'utilisation","robots":{"index":"index","follow":"follow","max-snippet":"max-snippet:-1","max-image-preview":"max-image-preview:large","max-video-preview":"max-video-preview:-1"},"canonical":"https:\/\/suresms.com\/fr\/caracteristiques-2\/wilkaar\/","og_locale":"fr_FR","og_type":"article","og_title":"Vilk\u00e5r og betingelser","og_description":"Generelt Adgangen og brugen af SureSMS hjemmeside og software sker med udgangspunkt i f\u00f8lgende vilk\u00e5r, betingelser og\u00a0persondatapolitik. Ved brug af denne hjemmeside erkl\u00e6rer du dig enig i vores vilk\u00e5r og betingelser og\u00a0persondatapolitik. Hvis du ikke er enig i de f\u00f8lgende vilk\u00e5r og betingelser eller vores persondatapolitik, skal du straks stoppe med at anvende service og ... Lire la suite","og_url":"https:\/\/suresms.com\/fr\/caracteristiques-2\/wilkaar\/","article_publisher":"https:\/\/www.facebook.com\/p\/SureSMS-100044607956149\/","article_modified_time":"2024-11-24T17:03:16+00:00","twitter_card":"summary_large_image","twitter_misc":{"Dur\u00e9e de lecture estim\u00e9e":"5 minutes"},"schema":{"@context":"https:\/\/schema.org","@graph":[{"@type":"WebPage","@id":"https:\/\/suresms.com\/politikker\/vilkaar\/","url":"https:\/\/suresms.com\/politikker\/vilkaar\/","name":"Conditions d'utilisation","isPartOf":{"@id":"https:\/\/suresms.com\/en\/#website"},"datePublished":"2014-12-16T18:14:42+00:00","dateModified":"2024-11-24T17:03:16+00:00","breadcrumb":{"@id":"https:\/\/suresms.com\/politikker\/vilkaar\/#breadcrumb"},"inLanguage":"fr-FR","potentialAction":[{"@type":"ReadAction","target":["https:\/\/suresms.com\/politikker\/vilkaar\/"]}]},{"@type":"BreadcrumbList","@id":"https:\/\/suresms.com\/politikker\/vilkaar\/#breadcrumb","itemListElement":[{"@type":"ListItem","position":1,"name":"Home","item":"https:\/\/suresms.com\/dk\/"},{"@type":"ListItem","position":2,"name":"Politikker","item":"https:\/\/suresms.com\/politikker\/"},{"@type":"ListItem","position":3,"name":"Vilk\u00e5r og betingelser"}]},{"@type":"WebSite","@id":"https:\/\/suresms.com\/en\/#website","url":"https:\/\/suresms.com\/en\/","name":"SureSMS","description":"Passerelle SMS professionnelle","publisher":{"@id":"https:\/\/suresms.com\/en\/#organization"},"potentialAction":[{"@type":"SearchAction","target":{"@type":"EntryPoint","urlTemplate":"https:\/\/suresms.com\/en\/?s={search_term_string}"},"query-input":{"@type":"PropertyValueSpecification","valueRequired":true,"valueName":"search_term_string"}}],"inLanguage":"fr-FR"},{"@type":"Organization","@id":"https:\/\/suresms.com\/en\/#organization","name":"SureSMS","url":"https:\/\/suresms.com\/en\/","logo":{"@type":"ImageObject","inLanguage":"fr-FR","@id":"https:\/\/suresms.com\/en\/#\/schema\/logo\/image\/","url":"https:\/\/suresms.com\/wp-content\/uploads\/2024\/11\/suresms-300x65-1.png","contentUrl":"https:\/\/suresms.com\/wp-content\/uploads\/2024\/11\/suresms-300x65-1.png","width":300,"height":65,"caption":"SureSMS"},"image":{"@id":"https:\/\/suresms.com\/en\/#\/schema\/logo\/image\/"},"sameAs":["https:\/\/www.facebook.com\/p\/SureSMS-100044607956149\/"]}]}},"_links":{"self":[{"href":"https:\/\/suresms.com\/fr\/wp-json\/wp\/v2\/pages\/748","targetHints":{"allow":["GET"]}}],"collection":[{"href":"https:\/\/suresms.com\/fr\/wp-json\/wp\/v2\/pages"}],"about":[{"href":"https:\/\/suresms.com\/fr\/wp-json\/wp\/v2\/types\/page"}],"author":[{"embeddable":true,"href":"https:\/\/suresms.com\/fr\/wp-json\/wp\/v2\/users\/1"}],"replies":[{"embeddable":true,"href":"https:\/\/suresms.com\/fr\/wp-json\/wp\/v2\/comments?post=748"}],"version-history":[{"count":1,"href":"https:\/\/suresms.com\/fr\/wp-json\/wp\/v2\/pages\/748\/revisions"}],"predecessor-version":[{"id":19133,"href":"https:\/\/suresms.com\/fr\/wp-json\/wp\/v2\/pages\/748\/revisions\/19133"}],"up":[{"embeddable":true,"href":"https:\/\/suresms.com\/fr\/wp-json\/wp\/v2\/pages\/19124"}],"wp:attachment":[{"href":"https:\/\/suresms.com\/fr\/wp-json\/wp\/v2\/media?parent=748"}],"wp:term":[{"taxonomy":"category","embeddable":true,"href":"https:\/\/suresms.com\/fr\/wp-json\/wp\/v2\/categories?post=748"},{"taxonomy":"post_tag","embeddable":true,"href":"https:\/\/suresms.com\/fr\/wp-json\/wp\/v2\/tags?post=748"}],"curies":[{"name":"wp","href":"https:\/\/api.w.org\/{rel}","templated":true}]}}