{"id":5320,"date":"2017-12-22T15:17:39","date_gmt":"2017-12-22T13:17:39","guid":{"rendered":"https:\/\/www.suresms.com\/dk\/?page_id=5320"},"modified":"2025-03-24T14:57:40","modified_gmt":"2025-03-24T14:57:40","slug":"politique-de-confidentialite","status":"publish","type":"page","link":"https:\/\/suresms.com\/fr\/politikker\/persondata-politik\/","title":{"rendered":"Politique de confidentialit\u00e9"},"content":{"rendered":"<p>SureSMS est une soci\u00e9t\u00e9 enregistr\u00e9e au Danemark sous le num\u00e9ro CVR 33263104. Son si\u00e8ge social est situ\u00e9 \u00e0 Industriholmen 82, 2650 Hvidovre, Danemark.<\/p>\n<p>La politique de confidentialit\u00e9 suivante prot\u00e8ge vos donn\u00e9es personnelles conform\u00e9ment \u00e0 la loi sur les donn\u00e9es personnelles et au r\u00e8glement de l'UE sur les donn\u00e9es personnelles. Cette politique de confidentialit\u00e9 explique comment nous collectons et utilisons vos donn\u00e9es personnelles et quelles mesures nous prenons pour garantir la confidentialit\u00e9 de vos donn\u00e9es.<\/p>\n<h2>Quelles sont les informations que nous recueillons ?<\/h2>\n<p>Nous recueillons vos donn\u00e9es \u00e0 caract\u00e8re personnel dans le cadre des demandes et de l'enregistrement de comptes pour nos services. Nous pouvons \u00e9galement collecter des donn\u00e9es qui montrent comment vous utilisez notre site web, de quel site web vous venez, quelles pages vous avez visit\u00e9es et comment vous vous d\u00e9placez sur le site web. Nous recueillons \u00e9galement des informations sur les SMS que vous envoyez et les autres services que vous utilisez, y compris si vous stockez les coordonn\u00e9es des destinataires de vos SMS.<\/p>\n<p>Nous recueillons \u00e9galement des informations sur le moment o\u00f9 vous acc\u00e9dez au service et sur les appareils \u00e0 partir desquels vous acc\u00e9dez au service. Nous recueillons \u00e9galement des informations sur les \u00e9v\u00e9nements inattendus dans nos syst\u00e8mes et services, qu'ils se produisent sur votre appareil ou sur le n\u00f4tre.<\/p>\n<h2>Objectif<\/h2>\n<p>Nous utilisons vos donn\u00e9es personnelles pour pouvoir vous offrir le meilleur service dans les domaines o\u00f9 nous offrons des services. Y compris, mais sans s'y limiter :<\/p>\n<ol>\n<li>\n<ol>\n<li>Vous permet d'envoyer et de recevoir des messages SMS.<\/li>\n<li>\u00a0Effectuer des rapports en rapport avec 1)<\/li>\n<li>Tenir un r\u00e9pertoire des destinataires et des exp\u00e9diteurs de messages SMS.<\/li>\n<li>Traiter les paiements sur notre plateforme.<\/li>\n<li>vous contacter pour la rectification de d\u00e9fauts, de nouveaux services connexes.<\/li>\n<\/ol>\n<\/li>\n<\/ol>\n<ol>\n\n<\/ol>\n<p>&nbsp;<\/p>\n<h2>Divulgation d'informations<\/h2>\n<p>Nous traitons vos informations personnelles de mani\u00e8re confidentielle et ne les divulguons pas. L'acc\u00e8s aux informations personnelles n'est pas non plus donn\u00e9 \u00e0 d'autres entreprises. Nous divulguons vos informations aux autorit\u00e9s charg\u00e9es de la lutte contre la fraude et le blanchiment d'argent si nous soup\u00e7onnons que des informations trompeuses ont \u00e9t\u00e9 fournies \u00e0 des fins frauduleuses.<\/p>\n<p>Dans des circonstances exceptionnelles, SureSMS ApS sera oblig\u00e9 de divulguer des informations personnelles. SureSMS ApS est tenu de travailler conform\u00e9ment \u00e0 l'ordre de la loi ou du tribunal en r\u00e9ponse \u00e0 une demande l\u00e9gale de l'\u00c9tat ou des autorit\u00e9s.<\/p>\n<h2>Am\u00e9liorer notre service<\/h2>\n<p>Pour nous assurer que les services que nous offrons r\u00e9pondent \u00e0 vos besoins, nous pouvons vous demander votre avis. Tout commentaire que vous nous donnez sera utilis\u00e9 uniquement dans le but d'am\u00e9liorer nos services et ne sera pas affich\u00e9 sur le site web.<\/p>\n<h2>Cookies<\/h2>\n<p>Voir notre politique en mati\u00e8re de cookies <a href=\"https:\/\/suresms.com\/fr\/caracteristiques-2\/cookies-et-politique-de-la-vie-privee-suresmes\/\">ici<\/a>.<\/p>\n<h2>S\u00e9curit\u00e9 et s\u00fbret\u00e9<\/h2>\n<p>La protection de vos donn\u00e9es est importante pour nous. Toutes les communications entre les appareils SureSMS et les clients sont prot\u00e9g\u00e9es par un cryptage. Le cryptage est assur\u00e9 par Google Trust Services. Nous ne stockons pas les informations relatives aux cartes de cr\u00e9dit.<\/p>\n<p>Bien que nous nous efforcions de prot\u00e9ger vos donn\u00e9es, nous ne pouvons pas le garantir. C'est donc \u00e0 vos risques et p\u00e9rils que vous nous les communiquez.<\/p>\n<h2>Vos droits<\/h2>\n<p>Vous avez le droit d'\u00eatre inform\u00e9 \u00e0 tout moment des donn\u00e9es que nous avons enregistr\u00e9es \u00e0 votre sujet. Vous avez le droit de faire corriger les donn\u00e9es incorrectes et vous avez le droit de demander que nous supprimions toutes vos donn\u00e9es. Cependant, nous avons une responsabilit\u00e9 en ce qui concerne la l\u00e9gislation sur le terrorisme et la loi danoise sur la comptabilit\u00e9, ce qui signifie que toutes les donn\u00e9es ne peuvent pas \u00eatre supprim\u00e9es. Veuillez utiliser la section contact de ce site web pour trouver les coordonn\u00e9es appropri\u00e9es. <a href=\"https:\/\/suresms.com\/fr\/a-propos-de-suresms\/contact\/\">coordonn\u00e9es<\/a>.<\/p>\n<h2>Changements<\/h2>\n<p>Nous pouvons modifier cette politique de confidentialit\u00e9. L'utilisation du site web apr\u00e8s la mise \u00e0 jour de la politique de confidentialit\u00e9 signifie l'acceptation de la politique de confidentialit\u00e9 mise \u00e0 jour. Cette politique de confidentialit\u00e9 a \u00e9t\u00e9 mise \u00e0 jour pour la derni\u00e8re fois le 24 mars 2024.<\/p>\n<h2>Nous contacter \u00e0 propos de cette politique<\/h2>\n<p>Vous pouvez toujours nous contacter au sujet de cette politique ou d'autres questions. \u00c9crire \u00e0 <a href=\"mailto:support@suresms.com\">support@suresms.com<\/a> et tapez Politik dans le champ \"sujet\".<\/p>","protected":false},"excerpt":{"rendered":"<p>SureSMS est une soci\u00e9t\u00e9 enregistr\u00e9e au Danemark sous le num\u00e9ro CVR 33263104. Son si\u00e8ge social est situ\u00e9 \u00e0 Industriholmen 82, 2650 Hvidovre, Danemark. La politique de confidentialit\u00e9 suivante prot\u00e8ge vos donn\u00e9es personnelles conform\u00e9ment \u00e0 la loi sur les donn\u00e9es personnelles et au r\u00e8glement de l'UE sur les donn\u00e9es personnelles. Cette politique de confidentialit\u00e9 explique la mani\u00e8re dont nous collectons et utilisons vos donn\u00e9es personnelles et les mesures que nous prenons pour assurer la protection de vos donn\u00e9es personnelles. <a title=\"Politique de confidentialit\u00e9\" class=\"read-more\" href=\"https:\/\/suresms.com\/fr\/politikker\/persondata-politik\/\" aria-label=\"Plus d&#039;informations sur Persondata politik\">En savoir plus<\/a><\/p>","protected":false},"author":1,"featured_media":0,"parent":19124,"menu_order":0,"comment_status":"closed","ping_status":"closed","template":"","meta":{"_fl_builder_enabled":"1","_fl_builder_data":null,"_fl_builder_draft":null,"_fl_builder_data_settings":null,"_fl_builder_css":"","_fl_builder_css_version":"","_fl_builder_js":"","footnotes":""},"categories":[],"tags":[],"class_list":["post-5320","page","type-page","status-publish"],"yoast_head":"<!-- This site is optimized with the Yoast SEO Premium plugin v27.3 (Yoast SEO v27.3) - https:\/\/yoast.com\/product\/yoast-seo-premium-wordpress\/ -->\r\n<title>Persondata politik -<\/title>\r\n<meta name=\"robots\" content=\"index, follow, max-snippet:-1, max-image-preview:large, max-video-preview:-1\" \/>\r\n<link rel=\"canonical\" href=\"https:\/\/suresms.com\/fr\/caracteristiques-2\/politique-de-confidentialite\/\" \/>\r\n<meta property=\"og:locale\" content=\"fr_FR\" \/>\r\n<meta property=\"og:type\" content=\"article\" \/>\r\n<meta property=\"og:title\" content=\"Persondata politik\" \/>\r\n<meta property=\"og:description\" content=\"SureSMS er et dansk registreret selskab med CVR nummer 33263104. Selskabet er registreret p\u00e5 adressen Industriholmen 82, 2650 Hvidovre, Danmark. Den f\u00f8lgende persondatapolitik beskytter dine personlige data i overensstemmelse med Persondataloven og EU persondata forordning. Denne fortrolighedspolitik forklarer m\u00e5den, hvorp\u00e5 vi indsamler og bruger dine personlige data, og hvilke foranstaltninger vi tager, for at sikre ... Lire la suite\" \/>\r\n<meta property=\"og:url\" content=\"https:\/\/suresms.com\/fr\/caracteristiques-2\/politique-de-confidentialite\/\" \/>\r\n<meta property=\"article:publisher\" content=\"https:\/\/www.facebook.com\/p\/SureSMS-100044607956149\/\" \/>\r\n<meta property=\"article:modified_time\" content=\"2025-03-24T14:57:40+00:00\" \/>\r\n<meta name=\"twitter:card\" content=\"summary_large_image\" \/>\r\n<meta name=\"twitter:label1\" content=\"Dur\u00e9e de lecture estim\u00e9e\" \/>\n\t<meta name=\"twitter:data1\" content=\"3 minutes\" \/>\r\n<script type=\"application\/ld+json\" class=\"yoast-schema-graph\">{\"@context\":\"https:\\\/\\\/schema.org\",\"@graph\":[{\"@type\":\"WebPage\",\"@id\":\"https:\\\/\\\/suresms.com\\\/dk\\\/politikker\\\/persondata-politik\\\/\",\"url\":\"https:\\\/\\\/suresms.com\\\/dk\\\/politikker\\\/persondata-politik\\\/\",\"name\":\"Persondata politik -\",\"isPartOf\":{\"@id\":\"https:\\\/\\\/suresms.com\\\/en\\\/#website\"},\"datePublished\":\"2017-12-22T13:17:39+00:00\",\"dateModified\":\"2025-03-24T14:57:40+00:00\",\"breadcrumb\":{\"@id\":\"https:\\\/\\\/suresms.com\\\/dk\\\/politikker\\\/persondata-politik\\\/#breadcrumb\"},\"inLanguage\":\"fr-FR\",\"potentialAction\":[{\"@type\":\"ReadAction\",\"target\":[\"https:\\\/\\\/suresms.com\\\/dk\\\/politikker\\\/persondata-politik\\\/\"]}]},{\"@type\":\"BreadcrumbList\",\"@id\":\"https:\\\/\\\/suresms.com\\\/dk\\\/politikker\\\/persondata-politik\\\/#breadcrumb\",\"itemListElement\":[{\"@type\":\"ListItem\",\"position\":1,\"name\":\"Home\",\"item\":\"https:\\\/\\\/suresms.com\\\/dk\\\/\"},{\"@type\":\"ListItem\",\"position\":2,\"name\":\"Politikker\",\"item\":\"https:\\\/\\\/suresms.com\\\/politikker\\\/\"},{\"@type\":\"ListItem\",\"position\":3,\"name\":\"Persondata politik\"}]},{\"@type\":\"WebSite\",\"@id\":\"https:\\\/\\\/suresms.com\\\/en\\\/#website\",\"url\":\"https:\\\/\\\/suresms.com\\\/en\\\/\",\"name\":\"SureSMS\",\"description\":\"Professionel SMS Gateway\",\"publisher\":{\"@id\":\"https:\\\/\\\/suresms.com\\\/en\\\/#organization\"},\"potentialAction\":[{\"@type\":\"SearchAction\",\"target\":{\"@type\":\"EntryPoint\",\"urlTemplate\":\"https:\\\/\\\/suresms.com\\\/en\\\/?s={search_term_string}\"},\"query-input\":{\"@type\":\"PropertyValueSpecification\",\"valueRequired\":true,\"valueName\":\"search_term_string\"}}],\"inLanguage\":\"fr-FR\"},{\"@type\":\"Organization\",\"@id\":\"https:\\\/\\\/suresms.com\\\/en\\\/#organization\",\"name\":\"SureSMS\",\"url\":\"https:\\\/\\\/suresms.com\\\/en\\\/\",\"logo\":{\"@type\":\"ImageObject\",\"inLanguage\":\"fr-FR\",\"@id\":\"https:\\\/\\\/suresms.com\\\/en\\\/#\\\/schema\\\/logo\\\/image\\\/\",\"url\":\"https:\\\/\\\/suresms.com\\\/wp-content\\\/uploads\\\/2024\\\/11\\\/suresms-300x65-1.png\",\"contentUrl\":\"https:\\\/\\\/suresms.com\\\/wp-content\\\/uploads\\\/2024\\\/11\\\/suresms-300x65-1.png\",\"width\":300,\"height\":65,\"caption\":\"SureSMS\"},\"image\":{\"@id\":\"https:\\\/\\\/suresms.com\\\/en\\\/#\\\/schema\\\/logo\\\/image\\\/\"},\"sameAs\":[\"https:\\\/\\\/www.facebook.com\\\/p\\\/SureSMS-100044607956149\\\/\"]}]}<\/script>\r\n<!-- \/ Yoast SEO Premium plugin. -->","yoast_head_json":{"title":"Politique en mati\u00e8re de donn\u00e9es personnelles","robots":{"index":"index","follow":"follow","max-snippet":"max-snippet:-1","max-image-preview":"max-image-preview:large","max-video-preview":"max-video-preview:-1"},"canonical":"https:\/\/suresms.com\/fr\/caracteristiques-2\/politique-de-confidentialite\/","og_locale":"fr_FR","og_type":"article","og_title":"Persondata politik","og_description":"SureSMS er et dansk registreret selskab med CVR nummer 33263104. Selskabet er registreret p\u00e5 adressen Industriholmen 82, 2650 Hvidovre, Danmark. Den f\u00f8lgende persondatapolitik beskytter dine personlige data i overensstemmelse med Persondataloven og EU persondata forordning. Denne fortrolighedspolitik forklarer m\u00e5den, hvorp\u00e5 vi indsamler og bruger dine personlige data, og hvilke foranstaltninger vi tager, for at sikre ... Lire la suite","og_url":"https:\/\/suresms.com\/fr\/caracteristiques-2\/politique-de-confidentialite\/","article_publisher":"https:\/\/www.facebook.com\/p\/SureSMS-100044607956149\/","article_modified_time":"2025-03-24T14:57:40+00:00","twitter_card":"summary_large_image","twitter_misc":{"Dur\u00e9e de lecture estim\u00e9e":"3 minutes"},"schema":{"@context":"https:\/\/schema.org","@graph":[{"@type":"WebPage","@id":"https:\/\/suresms.com\/dk\/politikker\/persondata-politik\/","url":"https:\/\/suresms.com\/dk\/politikker\/persondata-politik\/","name":"Politique en mati\u00e8re de donn\u00e9es personnelles","isPartOf":{"@id":"https:\/\/suresms.com\/en\/#website"},"datePublished":"2017-12-22T13:17:39+00:00","dateModified":"2025-03-24T14:57:40+00:00","breadcrumb":{"@id":"https:\/\/suresms.com\/dk\/politikker\/persondata-politik\/#breadcrumb"},"inLanguage":"fr-FR","potentialAction":[{"@type":"ReadAction","target":["https:\/\/suresms.com\/dk\/politikker\/persondata-politik\/"]}]},{"@type":"BreadcrumbList","@id":"https:\/\/suresms.com\/dk\/politikker\/persondata-politik\/#breadcrumb","itemListElement":[{"@type":"ListItem","position":1,"name":"Home","item":"https:\/\/suresms.com\/dk\/"},{"@type":"ListItem","position":2,"name":"Politikker","item":"https:\/\/suresms.com\/politikker\/"},{"@type":"ListItem","position":3,"name":"Persondata politik"}]},{"@type":"WebSite","@id":"https:\/\/suresms.com\/en\/#website","url":"https:\/\/suresms.com\/en\/","name":"SureSMS","description":"Passerelle SMS professionnelle","publisher":{"@id":"https:\/\/suresms.com\/en\/#organization"},"potentialAction":[{"@type":"SearchAction","target":{"@type":"EntryPoint","urlTemplate":"https:\/\/suresms.com\/en\/?s={search_term_string}"},"query-input":{"@type":"PropertyValueSpecification","valueRequired":true,"valueName":"search_term_string"}}],"inLanguage":"fr-FR"},{"@type":"Organization","@id":"https:\/\/suresms.com\/en\/#organization","name":"SureSMS","url":"https:\/\/suresms.com\/en\/","logo":{"@type":"ImageObject","inLanguage":"fr-FR","@id":"https:\/\/suresms.com\/en\/#\/schema\/logo\/image\/","url":"https:\/\/suresms.com\/wp-content\/uploads\/2024\/11\/suresms-300x65-1.png","contentUrl":"https:\/\/suresms.com\/wp-content\/uploads\/2024\/11\/suresms-300x65-1.png","width":300,"height":65,"caption":"SureSMS"},"image":{"@id":"https:\/\/suresms.com\/en\/#\/schema\/logo\/image\/"},"sameAs":["https:\/\/www.facebook.com\/p\/SureSMS-100044607956149\/"]}]}},"_links":{"self":[{"href":"https:\/\/suresms.com\/fr\/wp-json\/wp\/v2\/pages\/5320","targetHints":{"allow":["GET"]}}],"collection":[{"href":"https:\/\/suresms.com\/fr\/wp-json\/wp\/v2\/pages"}],"about":[{"href":"https:\/\/suresms.com\/fr\/wp-json\/wp\/v2\/types\/page"}],"author":[{"embeddable":true,"href":"https:\/\/suresms.com\/fr\/wp-json\/wp\/v2\/users\/1"}],"replies":[{"embeddable":true,"href":"https:\/\/suresms.com\/fr\/wp-json\/wp\/v2\/comments?post=5320"}],"version-history":[{"count":5,"href":"https:\/\/suresms.com\/fr\/wp-json\/wp\/v2\/pages\/5320\/revisions"}],"predecessor-version":[{"id":22984,"href":"https:\/\/suresms.com\/fr\/wp-json\/wp\/v2\/pages\/5320\/revisions\/22984"}],"up":[{"embeddable":true,"href":"https:\/\/suresms.com\/fr\/wp-json\/wp\/v2\/pages\/19124"}],"wp:attachment":[{"href":"https:\/\/suresms.com\/fr\/wp-json\/wp\/v2\/media?parent=5320"}],"wp:term":[{"taxonomy":"category","embeddable":true,"href":"https:\/\/suresms.com\/fr\/wp-json\/wp\/v2\/categories?post=5320"},{"taxonomy":"post_tag","embeddable":true,"href":"https:\/\/suresms.com\/fr\/wp-json\/wp\/v2\/tags?post=5320"}],"curies":[{"name":"wp","href":"https:\/\/api.w.org\/{rel}","templated":true}]}}