{"id":5221,"date":"2017-11-22T09:11:25","date_gmt":"2017-11-22T07:11:25","guid":{"rendered":"https:\/\/www.suresms.com\/dk\/?page_id=5221"},"modified":"2026-03-05T12:29:29","modified_gmt":"2026-03-05T12:29:29","slug":"gdpr","status":"publish","type":"page","link":"https:\/\/suresms.com\/fr\/ressourcer\/gdpr\/","title":{"rendered":"GDPR"},"content":{"rendered":"<!-- Flexy Breadcrumb -->\r\n\t\t\t<div class=\"fbc fbc-page\">\r\n\r\n\t\t\t\t<!-- Breadcrumb wrapper -->\r\n\t\t\t\t<div class=\"fbc-wrap\">\r\n\r\n\t\t\t\t\t<!-- Ordered list-->\r\n\t\t\t\t\t<ol class=\"fbc-items\" itemscope itemtype=\"https:\/\/schema.org\/BreadcrumbList\">\r\n\t\t\t\t\t\t            <li itemprop=\"itemListElement\" itemscope itemtype=\"https:\/\/schema.org\/ListItem\">\r\n                <span itemprop=\"name\">\r\n                    <!-- Home Link -->\r\n                    <a itemprop=\"item\" href=\"https:\/\/suresms.com\/fr\/\">\r\n                    \r\n                                                    <i class=\"fa fa-home\" aria-hidden=\"true\"><\/i>Accueil                    <\/a>\r\n                <\/span>\r\n                <meta itemprop=\"position\" content=\"1\" \/><!-- Meta Position-->\r\n             <\/li><li><span class=\"fbc-separator\">\/<\/span><\/li><li class=\"active\" itemprop=\"itemListElement\" itemscope itemtype=\"https:\/\/schema.org\/ListItem\"><span itemprop=\"name\" title=\"GDPR\">GDPR<\/span><meta itemprop=\"position\" content=\"2\" \/><\/li>\t\t\t\t\t<\/ol>\r\n\t\t\t\t\t<div class=\"clearfix\"><\/div>\r\n\t\t\t\t<\/div>\r\n\t\t\t<\/div>\r\n\t\t\t\n\t<h1>SureSMS et le GDPR<\/h1>\n<p>Le GDPR (General Data Protection Regulation) est un texte l\u00e9gislatif important qui vise \u00e0 renforcer et \u00e0 unifier les lois sur la protection des donn\u00e9es pour tous les individus dans l'UE. Le r\u00e8glement est entr\u00e9 en vigueur le 25 mai 2018.<\/p>\n<p>Notre engagement : SureSMS s'engage pleinement \u00e0 se conformer \u00e0 tous les \u00e9l\u00e9ments du GDPR avant l'entr\u00e9e en vigueur du r\u00e8glement.<\/p>\n\t\t\t\t\t\t\t\t<a href=\"https:\/\/suresms.com\/fr\/a-propos-de-suresms\/sous-processeurs\/\" target=\"_self\">\n\t\t\t\t\t\t<\/a>\n\t<h2><a href=\"https:\/\/suresms.com\/fr\/a-propos-de-suresms\/sous-processeurs\/\"  target=\"_self\">Sous-processeurs<\/a><\/h2><p>Voir la liste compl\u00e8te des sous-processeurs que nous utilisons dans SureSMS :<\/p>\n\t\t\t\t\t\t\t\t<a href=\"https:\/\/suresms.com\/fr\/ressources\/gdpr\/sous-processeurs-2\/\" target=\"_self\">\n\t\t\t\t\t\t<\/a>\n\t<h2><a href=\"https:\/\/suresms.com\/fr\/ressources\/gdpr\/sous-processeurs-2\/\"  target=\"_self\">Accord sur le traitement des donn\u00e9es<\/a><\/h2><p>Vous pouvez consulter ici notre accord standard sur le traitement des donn\u00e9es.<\/p>\n\t<h2>D\u00e9claration ISAE 3000<\/h2><p>Commander la d\u00e9claration ISAE 3000 que nous recevons chaque ann\u00e9e et qui atteste de notre conformit\u00e9 au r\u00e8glement g\u00e9n\u00e9ral europ\u00e9en sur la protection des donn\u00e9es.<\/p>","protected":false},"excerpt":{"rendered":"<p>SureSMS et le GDPR Le GDPR (General Data Protection Regulation) est un texte l\u00e9gislatif important qui vise \u00e0 renforcer et \u00e0 unifier les lois sur la protection des donn\u00e9es pour tous les individus dans l'UE. Le r\u00e8glement est entr\u00e9 en vigueur le 25 mai 2018. Notre engagement : SureSMS s'engage pleinement \u00e0 se conformer \u00e0 tous les \u00e9l\u00e9ments du GDPR avant son entr\u00e9e en vigueur. Sous-traitants Voir la liste compl\u00e8te... <a title=\"GDPR\" class=\"read-more\" href=\"https:\/\/suresms.com\/fr\/ressourcer\/gdpr\/\" aria-label=\"En savoir plus sur le GDPR\">En savoir plus<\/a><\/p>","protected":false},"author":1,"featured_media":0,"parent":19240,"menu_order":0,"comment_status":"closed","ping_status":"closed","template":"","meta":{"_fl_builder_enabled":"1","_fl_builder_data":null,"_fl_builder_draft":null,"_fl_builder_data_settings":null,"_fl_builder_css":"","_fl_builder_css_version":"","_fl_builder_js":"","footnotes":""},"categories":[],"tags":[],"class_list":["post-5221","page","type-page","status-publish"],"yoast_head":"<!-- This site is optimized with the Yoast SEO Premium plugin v27.3 (Yoast SEO v27.3) - https:\/\/yoast.com\/product\/yoast-seo-premium-wordpress\/ -->\r\n<title>GDPR -<\/title>\r\n<meta name=\"robots\" content=\"index, follow, max-snippet:-1, max-image-preview:large, max-video-preview:-1\" \/>\r\n<link rel=\"canonical\" href=\"https:\/\/suresms.com\/fr\/ressources\/gdpr\/\" \/>\r\n<meta property=\"og:locale\" content=\"fr_FR\" \/>\r\n<meta property=\"og:type\" content=\"article\" \/>\r\n<meta property=\"og:title\" content=\"GDPR\" \/>\r\n<meta property=\"og:description\" content=\"SureSMS og GDPR GDPR (Generelle Databeskyttelsesforordning) er et vigtigt stykke lovgivning, der har til form\u00e5l at styrke og forene databeskyttelseslovgivningen for alle enkeltpersoner i EU. Forordningen tr\u00e5dte i kraft den 25. maj 2018. Vores engagement: SureSMS er fuldt forpligtet til at overholde alle elementer af GDPR forud for forordningens ikrafttr\u00e6delse. Underdatabehandlere Se den komplette liste ... Lire la suite\" \/>\r\n<meta property=\"og:url\" content=\"https:\/\/suresms.com\/fr\/ressources\/gdpr\/\" \/>\r\n<meta property=\"article:publisher\" content=\"https:\/\/www.facebook.com\/p\/SureSMS-100044607956149\/\" \/>\r\n<meta property=\"article:modified_time\" content=\"2026-03-05T12:29:29+00:00\" \/>\r\n<meta name=\"twitter:card\" content=\"summary_large_image\" \/>\r\n<script type=\"application\/ld+json\" class=\"yoast-schema-graph\">{\"@context\":\"https:\\\/\\\/schema.org\",\"@graph\":[{\"@type\":\"WebPage\",\"@id\":\"https:\\\/\\\/suresms.com\\\/dk\\\/ressourcer\\\/gdpr\\\/\",\"url\":\"https:\\\/\\\/suresms.com\\\/dk\\\/ressourcer\\\/gdpr\\\/\",\"name\":\"GDPR -\",\"isPartOf\":{\"@id\":\"https:\\\/\\\/suresms.com\\\/en\\\/#website\"},\"datePublished\":\"2017-11-22T07:11:25+00:00\",\"dateModified\":\"2026-03-05T12:29:29+00:00\",\"breadcrumb\":{\"@id\":\"https:\\\/\\\/suresms.com\\\/dk\\\/ressourcer\\\/gdpr\\\/#breadcrumb\"},\"inLanguage\":\"fr-FR\",\"potentialAction\":[{\"@type\":\"ReadAction\",\"target\":[\"https:\\\/\\\/suresms.com\\\/dk\\\/ressourcer\\\/gdpr\\\/\"]}]},{\"@type\":\"BreadcrumbList\",\"@id\":\"https:\\\/\\\/suresms.com\\\/dk\\\/ressourcer\\\/gdpr\\\/#breadcrumb\",\"itemListElement\":[{\"@type\":\"ListItem\",\"position\":1,\"name\":\"Home\",\"item\":\"https:\\\/\\\/suresms.com\\\/dk\\\/\"},{\"@type\":\"ListItem\",\"position\":2,\"name\":\"Ressourcer\",\"item\":\"https:\\\/\\\/suresms.com\\\/ressourcer\\\/\"},{\"@type\":\"ListItem\",\"position\":3,\"name\":\"GDPR\"}]},{\"@type\":\"WebSite\",\"@id\":\"https:\\\/\\\/suresms.com\\\/en\\\/#website\",\"url\":\"https:\\\/\\\/suresms.com\\\/en\\\/\",\"name\":\"SureSMS\",\"description\":\"Professionel SMS Gateway\",\"publisher\":{\"@id\":\"https:\\\/\\\/suresms.com\\\/en\\\/#organization\"},\"potentialAction\":[{\"@type\":\"SearchAction\",\"target\":{\"@type\":\"EntryPoint\",\"urlTemplate\":\"https:\\\/\\\/suresms.com\\\/en\\\/?s={search_term_string}\"},\"query-input\":{\"@type\":\"PropertyValueSpecification\",\"valueRequired\":true,\"valueName\":\"search_term_string\"}}],\"inLanguage\":\"fr-FR\"},{\"@type\":\"Organization\",\"@id\":\"https:\\\/\\\/suresms.com\\\/en\\\/#organization\",\"name\":\"SureSMS\",\"url\":\"https:\\\/\\\/suresms.com\\\/en\\\/\",\"logo\":{\"@type\":\"ImageObject\",\"inLanguage\":\"fr-FR\",\"@id\":\"https:\\\/\\\/suresms.com\\\/en\\\/#\\\/schema\\\/logo\\\/image\\\/\",\"url\":\"https:\\\/\\\/suresms.com\\\/wp-content\\\/uploads\\\/2024\\\/11\\\/suresms-300x65-1.png\",\"contentUrl\":\"https:\\\/\\\/suresms.com\\\/wp-content\\\/uploads\\\/2024\\\/11\\\/suresms-300x65-1.png\",\"width\":300,\"height\":65,\"caption\":\"SureSMS\"},\"image\":{\"@id\":\"https:\\\/\\\/suresms.com\\\/en\\\/#\\\/schema\\\/logo\\\/image\\\/\"},\"sameAs\":[\"https:\\\/\\\/www.facebook.com\\\/p\\\/SureSMS-100044607956149\\\/\"]}]}<\/script>\r\n<!-- \/ Yoast SEO Premium plugin. -->","yoast_head_json":{"title":"GDPR -","robots":{"index":"index","follow":"follow","max-snippet":"max-snippet:-1","max-image-preview":"max-image-preview:large","max-video-preview":"max-video-preview:-1"},"canonical":"https:\/\/suresms.com\/fr\/ressources\/gdpr\/","og_locale":"fr_FR","og_type":"article","og_title":"GDPR","og_description":"SureSMS og GDPR GDPR (Generelle Databeskyttelsesforordning) er et vigtigt stykke lovgivning, der har til form\u00e5l at styrke og forene databeskyttelseslovgivningen for alle enkeltpersoner i EU. Forordningen tr\u00e5dte i kraft den 25. maj 2018. Vores engagement: SureSMS er fuldt forpligtet til at overholde alle elementer af GDPR forud for forordningens ikrafttr\u00e6delse. Underdatabehandlere Se den komplette liste ... Lire la suite","og_url":"https:\/\/suresms.com\/fr\/ressources\/gdpr\/","article_publisher":"https:\/\/www.facebook.com\/p\/SureSMS-100044607956149\/","article_modified_time":"2026-03-05T12:29:29+00:00","twitter_card":"summary_large_image","schema":{"@context":"https:\/\/schema.org","@graph":[{"@type":"WebPage","@id":"https:\/\/suresms.com\/dk\/ressourcer\/gdpr\/","url":"https:\/\/suresms.com\/dk\/ressourcer\/gdpr\/","name":"GDPR -","isPartOf":{"@id":"https:\/\/suresms.com\/en\/#website"},"datePublished":"2017-11-22T07:11:25+00:00","dateModified":"2026-03-05T12:29:29+00:00","breadcrumb":{"@id":"https:\/\/suresms.com\/dk\/ressourcer\/gdpr\/#breadcrumb"},"inLanguage":"fr-FR","potentialAction":[{"@type":"ReadAction","target":["https:\/\/suresms.com\/dk\/ressourcer\/gdpr\/"]}]},{"@type":"BreadcrumbList","@id":"https:\/\/suresms.com\/dk\/ressourcer\/gdpr\/#breadcrumb","itemListElement":[{"@type":"ListItem","position":1,"name":"Home","item":"https:\/\/suresms.com\/dk\/"},{"@type":"ListItem","position":2,"name":"Ressourcer","item":"https:\/\/suresms.com\/ressourcer\/"},{"@type":"ListItem","position":3,"name":"GDPR"}]},{"@type":"WebSite","@id":"https:\/\/suresms.com\/en\/#website","url":"https:\/\/suresms.com\/en\/","name":"SureSMS","description":"Passerelle SMS professionnelle","publisher":{"@id":"https:\/\/suresms.com\/en\/#organization"},"potentialAction":[{"@type":"SearchAction","target":{"@type":"EntryPoint","urlTemplate":"https:\/\/suresms.com\/en\/?s={search_term_string}"},"query-input":{"@type":"PropertyValueSpecification","valueRequired":true,"valueName":"search_term_string"}}],"inLanguage":"fr-FR"},{"@type":"Organization","@id":"https:\/\/suresms.com\/en\/#organization","name":"SureSMS","url":"https:\/\/suresms.com\/en\/","logo":{"@type":"ImageObject","inLanguage":"fr-FR","@id":"https:\/\/suresms.com\/en\/#\/schema\/logo\/image\/","url":"https:\/\/suresms.com\/wp-content\/uploads\/2024\/11\/suresms-300x65-1.png","contentUrl":"https:\/\/suresms.com\/wp-content\/uploads\/2024\/11\/suresms-300x65-1.png","width":300,"height":65,"caption":"SureSMS"},"image":{"@id":"https:\/\/suresms.com\/en\/#\/schema\/logo\/image\/"},"sameAs":["https:\/\/www.facebook.com\/p\/SureSMS-100044607956149\/"]}]}},"_links":{"self":[{"href":"https:\/\/suresms.com\/fr\/wp-json\/wp\/v2\/pages\/5221","targetHints":{"allow":["GET"]}}],"collection":[{"href":"https:\/\/suresms.com\/fr\/wp-json\/wp\/v2\/pages"}],"about":[{"href":"https:\/\/suresms.com\/fr\/wp-json\/wp\/v2\/types\/page"}],"author":[{"embeddable":true,"href":"https:\/\/suresms.com\/fr\/wp-json\/wp\/v2\/users\/1"}],"replies":[{"embeddable":true,"href":"https:\/\/suresms.com\/fr\/wp-json\/wp\/v2\/comments?post=5221"}],"version-history":[{"count":7,"href":"https:\/\/suresms.com\/fr\/wp-json\/wp\/v2\/pages\/5221\/revisions"}],"predecessor-version":[{"id":23847,"href":"https:\/\/suresms.com\/fr\/wp-json\/wp\/v2\/pages\/5221\/revisions\/23847"}],"up":[{"embeddable":true,"href":"https:\/\/suresms.com\/fr\/wp-json\/wp\/v2\/pages\/19240"}],"wp:attachment":[{"href":"https:\/\/suresms.com\/fr\/wp-json\/wp\/v2\/media?parent=5221"}],"wp:term":[{"taxonomy":"category","embeddable":true,"href":"https:\/\/suresms.com\/fr\/wp-json\/wp\/v2\/categories?post=5221"},{"taxonomy":"post_tag","embeddable":true,"href":"https:\/\/suresms.com\/fr\/wp-json\/wp\/v2\/tags?post=5221"}],"curies":[{"name":"wp","href":"https:\/\/api.w.org\/{rel}","templated":true}]}}