{"id":511,"date":"2014-10-29T11:25:11","date_gmt":"2014-10-29T09:25:11","guid":{"rendered":"https:\/\/www.suresms.com\/dk\/?page_id=511"},"modified":"2025-01-21T10:14:51","modified_gmt":"2025-01-21T10:14:51","slug":"dechargement-de-sms-dans-les-deux-sens-avec-une-carte-sim-hebergee","status":"publish","type":"page","link":"https:\/\/suresms.com\/fr\/funktioner\/2-vejs-sms-losning-med-hosted-sim\/","title":{"rendered":"SMS bidirectionnels avec la carte SIM h\u00e9berg\u00e9e"},"content":{"rendered":"<!-- Flexy Breadcrumb -->\r\n\t\t\t<div class=\"fbc fbc-page\">\r\n\r\n\t\t\t\t<!-- Breadcrumb wrapper -->\r\n\t\t\t\t<div class=\"fbc-wrap\">\r\n\r\n\t\t\t\t\t<!-- Ordered list-->\r\n\t\t\t\t\t<ol class=\"fbc-items\" itemscope itemtype=\"https:\/\/schema.org\/BreadcrumbList\">\r\n\t\t\t\t\t\t            <li itemprop=\"itemListElement\" itemscope itemtype=\"https:\/\/schema.org\/ListItem\">\r\n                <span itemprop=\"name\">\r\n                    <!-- Home Link -->\r\n                    <a itemprop=\"item\" href=\"https:\/\/suresms.com\/fr\/\">\r\n                    \r\n                                                    <i class=\"fa fa-home\" aria-hidden=\"true\"><\/i>Accueil                    <\/a>\r\n                <\/span>\r\n                <meta itemprop=\"position\" content=\"1\" \/><!-- Meta Position-->\r\n             <\/li><li><span class=\"fbc-separator\">\/<\/span><\/li><li class=\"active\" itemprop=\"itemListElement\" itemscope itemtype=\"https:\/\/schema.org\/ListItem\"><span itemprop=\"name\" title=\"SMS bidirectionnels avec la carte SIM h\u00e9berg\u00e9e\">SMS bidirectionnel avec Hosted...<\/span><meta itemprop=\"position\" content=\"2\" \/><\/li>\t\t\t\t\t<\/ol>\r\n\t\t\t\t\t<div class=\"clearfix\"><\/div>\r\n\t\t\t\t<\/div>\r\n\t\t\t<\/div>\r\n\t\t\t\n\t<h1>Solution SIM h\u00e9berg\u00e9e<\/h1>\n<p><strong>Si vous souhaitez utiliser votre propre carte SIM pour votre solution bidirectionnelle, nous vous proposons une solution SIM h\u00e9berg\u00e9e stable et s\u00e9curis\u00e9e. Avantages : vous poss\u00e9dez le num\u00e9ro et vous pouvez renvoyer les appels de ce num\u00e9ro vers votre t\u00e9l\u00e9phone afin que vos clients puissent vous appeler.<\/strong><\/p>\n<h4><strong>\u00c0 propos de la SIM h\u00e9berg\u00e9e<\/strong><br \/>\nEn bref, nous installons votre carte SIM dans une pi\u00e8ce de mat\u00e9riel dans nos locaux. Lorsque quelqu'un envoie un message \u00e0 la carte SIM, le SMS est lu par un logiciel, apr\u00e8s quoi le message est ajout\u00e9 \u00e0 votre compte sur notre interface WEB.  Vous pouvez alors vous connecter et consulter toutes les informations relatives \u00e0 vos messages.<\/h4>\n<p>&nbsp;<\/p>\n<h4><strong>Vous pouvez choisir le nombre vous-m\u00eame<\/strong><\/h4>\n<p>L'un des avantages du SIM h\u00e9berg\u00e9 est que vous pouvez contr\u00f4ler le num\u00e9ro que vous obtenez. Ainsi, vous pouvez faire en sorte que le num\u00e9ro s'inscrive dans une s\u00e9rie de num\u00e9ros avec les autres num\u00e9ros de votre entreprise.<\/p>\n<p>La carte SIM h\u00e9berg\u00e9e offre \u00e9galement la possibilit\u00e9 de renvoyer les appels. Si un client essaie de vous appeler, l'appel peut \u00eatre transf\u00e9r\u00e9 vers votre t\u00e9l\u00e9phone de service habituel. La possibilit\u00e9 pour vos clients de vous appeler peut apporter une grande valeur ajout\u00e9e \u00e0 vos campagnes et \u00e0 vos services.<\/p>\n<p>Notre solution bidirectionnelle permet de recevoir des messages Flash.<\/p>\n<h4><strong>Option pour les num\u00e9ros \u00e9trangers<\/strong><\/h4>\n<p>Avec la carte SIM h\u00e9berg\u00e9e, vous pouvez choisir de placer une carte SIM \u00e9trang\u00e8re dans notre mat\u00e9riel. Si vous nous envoyez la carte SIM, nous mettrons rapidement en place la solution pour vous.<\/p>\n<p><strong>Si vous souhaitez une solution SIM h\u00e9berg\u00e9e, vous devez vous procurer vous-m\u00eame une carte SIM et nous l'envoyer. Sinon, nous sommes heureux de cr\u00e9er une <a href=\"https:\/\/suresms.com\/fr\/caracteristiques\/recevoir-des-messages-texte-sur-votre-ordinateur\/\">Num\u00e9ro VLN.<\/a><\/strong><\/p>\n<h4><strong>SMS sortants \u00e0 partir d'une carte SIM h\u00e9berg\u00e9e<\/strong><\/h4>\n<p>Avec la SIM h\u00e9berg\u00e9e, vous ne payez PAS pour les SMS sortants \u00e0 votre op\u00e9rateur, m\u00eame si nous avons votre carte SIM dans votre t\u00e9l\u00e9phone. Vous ne payez qu'\u00e0 votre passerelle SMS, dans notre cas \u00e0 SureSMS. Les quatre soci\u00e9t\u00e9s de t\u00e9l\u00e9communications danoises pr\u00e9cisent dans leurs conditions g\u00e9n\u00e9rales que vous n'\u00eates PAS autoris\u00e9 \u00e0 cr\u00e9er des messages SMS \"g\u00e9n\u00e9r\u00e9s par une machine\" avec votre carte SIM. Par cons\u00e9quent, le fait que les passerelles SMS envoient des messages SMS par l'interm\u00e9diaire de la carte SIM constituerait une violation des conditions g\u00e9n\u00e9rales des soci\u00e9t\u00e9s de t\u00e9l\u00e9communications. Nous envoyons donc le message SMS par le biais de notre connexion directe avec la soci\u00e9t\u00e9 de t\u00e9l\u00e9communications, mais recevons la r\u00e9ponse sur la carte SIM. Consultez le prix actuel des SMS sortants dans notre rubrique Prix des passerelles SMS. Au Danemark, vous ne payez jamais pour les SMS entrants.<\/p>\n<h4><strong>Transfert des messages vers le courrier \u00e9lectronique<\/strong><\/h4>\n<p>\u00c0 partir de l\u00e0, nous avons deux options pour transmettre le message \u00e0 vous et \u00e0 votre syst\u00e8me. La premi\u00e8re consiste \u00e0 envoyer un courrier \u00e9lectronique \u00e0 une adresse pr\u00e9d\u00e9termin\u00e9e. Nous choisissons automatiquement l'adresse \u00e9lectronique que vous avez utilis\u00e9e lors de la cr\u00e9ation de votre compte sur SureSMS.com. Le message est envoy\u00e9 d\u00e8s que nous le recevons et, selon votre syst\u00e8me de messagerie, vous le recevrez presque simultan\u00e9ment dans votre bo\u00eete de r\u00e9ception.<\/p>\n<h4>\u00a0<strong>Transfert de messages via http(S)<\/strong><\/h4>\n<p>La seconde option, un peu plus technique, consiste \u00e0 effectuer un appel HTTP vers un site web que vous avez cr\u00e9\u00e9. Nous configurons notre syst\u00e8me pour qu'il connaisse votre adresse (point final). Lorsque nous recevons un message SMS sur votre num\u00e9ro h\u00e9berg\u00e9, nous le pla\u00e7ons dans votre bo\u00eete de r\u00e9ception et effectuons un appel HTTP vers votre site web.<\/p>\n<p><a href=\"http:\/\/manual.suresms.com\/avanceret-opsaetning-af-2-vejs-sms\/\">Pour plus d'informations sur la cr\u00e9ation d'une page http, cliquez ici.\u00a0<\/a><\/p>\n<p><strong>Il peut s'\u00e9couler jusqu'\u00e0 24 heures entre le moment o\u00f9 nous recevons votre carte SIM et celui o\u00f9 vous recevez votre nom d'utilisateur et votre code !<\/strong><\/p>\n\t\t<h3><a href=\"https:\/\/suresms.com\/fr\/support-suresms\/\" target=\"_self\">Lorsque vous cr\u00e9ez une solution bidirectionnelle<\/a><\/h3><h4>Si vous souhaitez commander une solution bidirectionnelle, veuillez proc\u00e9der comme suit :<\/h4>\n<p>1. Cr\u00e9ez un compte en remplissant le formulaire sur cette page.<\/p>\n<p>2. D\u00e9cidez si vous voulez une solution SIM h\u00e9berg\u00e9e ou une solution VLN. V\u00e9rifiez les\u00a0<a title=\"Prix de la passerelle SMS, pas d&#039;installation, pas d&#039;abonnement\" href=\"https:\/\/suresms.com\/fr\/prix-des-passerelles-sms\/\">Le prix ici<\/a>.<\/p>\n<p>3. D\u00e9cidez si vous souhaitez recevoir les messages par courrier \u00e9lectronique ou par http.<\/p>\n<p>4. Si vous choisissez HTTP, vous devez cr\u00e9er une page qui peut recevoir les param\u00e8tres ci-dessus.<\/p>\n<p>Vous souhaitez en savoir plus sur nos solutions bidirectionnelles ? Nous sommes pr\u00eats \u00e0 vous parler !<\/p>\n\t\t\t<a href=\"https:\/\/suresms.com\/fr\/support-suresms\/\" target=\"_self\">\n\t\t\t\t\t\t\tContactez nous ici\n\t\t\t\t\t<\/a>\n\t\t\t\t<a href=\"https:\/\/suresms.com\/fr\/support-suresms\/\" target=\"_self\" itemprop=\"url\">\n\t\t\t\t<img loading=\"lazy\" decoding=\"async\" src=\"https:\/\/suresms.com\/wp-content\/uploads\/2014\/10\/kommunikation-500x380-px.jpg\" alt=\"Solution d&#039;envoi de SMS bidirectionnels avec sim h\u00e9berg\u00e9e\" itemprop=\"image\" height=\"380\" width=\"500\" title=\"Solution de communication bidirectionnelle\" onerror=\"this.style.display='none'\"  \/>\n\t\t\t\t<\/a>\n\t\t<h4>Voulez-vous cr\u00e9er un compte imm\u00e9diatement ? <\/h4>\n\t\t<p>Nous sommes pr\u00eats \u00e0 vous accueillir en tant que client de SureSMS !<\/p>\n\t\t\t<a href=\"https:\/\/suresms.com\/fr\/creer-un-compte-sms-gateway\/\" target=\"_self\">\n\t\t\t\t\t\t\tCr\u00e9ez un compte SureSMS !\n\t\t\t\t\t<\/a>\n\t\t<h4>Commandez une solution \u00e0 deux voies !<\/h4>\n\t\t<p>Vous avez d\u00e9j\u00e0 un compte ? Commandez une solution bidirectionnelle et b\u00e9n\u00e9ficiez des options suppl\u00e9mentaires offertes par votre propre solution.\u00a0<\/p>\n\t\t\t<a href=\"https:\/\/suresms.com\/fr\/commande-dun-dechargement-a-deux-voies\/\" target=\"_self\">\n\t\t\t\t\t\t\tCommander une solution \u00e0 deux voies\n\t\t\t\t\t<\/a>\n\t<h4><strong>Voici quelques exemples d'utilisation de notre solution SIM h\u00e9berg\u00e9e par nos clients :<\/strong><\/h4>\n<ul>\n<li><strong>Une entreprise danoise de fourniture de chaleur<\/strong> utiliser notre solution SIM h\u00e9berg\u00e9e pour <strong>leurs activit\u00e9s en Norv\u00e8ge et en Su\u00e8de<\/strong>. Tout comme au Danemark, leur personnel doit envoyer des rappels de rendez-vous aux r\u00e9sidents, mais comme il s'agit de num\u00e9ros norv\u00e9giens et su\u00e9dois, la solution bidirectionnelle devrait bien s\u00fbr \u00eatre la m\u00eame.<\/li>\n<li><strong>Une agence de publicit\u00e9 danoise<\/strong> envoie aux clients des lettres physiques contenant des offres. Ces lettres contiennent un num\u00e9ro de t\u00e9l\u00e9phone o\u00f9 les clients peuvent s'inscrire pour recevoir les offres \u00e0 l'aide d'un MOT CL\u00c9. Le num\u00e9ro est transf\u00e9r\u00e9 au t\u00e9l\u00e9phone client de l'agence de publicit\u00e9 afin que les futurs clients puissent \u00e9galement appeler.<\/li>\n<li><strong>Un h\u00f4tel pr\u00e8s de la fronti\u00e8re germano-danoise<\/strong> utilise notre solution bidirectionnelle pour communiquer avec ses futurs et anciens clients. Comme il y a des Danois et des Allemands parmi les clients, la solution bidirectionnelle doit bien s\u00fbr avoir un num\u00e9ro de portable danois et un num\u00e9ro de portable allemand.<\/li>\n<\/ul>\n\t\t<h3><a href=\"http:\/\/manual.suresms.com\/\" target=\"_self\">Visitez le site web de notre manuel<\/a><\/h3>\n\t\t\t\t<a href=\"http:\/\/manual.suresms.com\/\" target=\"_self\" itemprop=\"url\">\n\t\t\t\t<img loading=\"lazy\" decoding=\"async\" src=\"https:\/\/suresms.com\/wp-content\/uploads\/2016\/03\/Manual-400x250-px1.jpg\" alt=\"manuel site web suresms\" itemprop=\"image\" height=\"250\" width=\"400\" title=\"Manuel 400x250 px\" onerror=\"this.style.display='none'\"  \/>\n\t\t\t\t<\/a>\n<p>Pour aider nos clients, nous avons rassembl\u00e9 toutes les instructions et descriptions sur manual.suresms.com. Vous pouvez y voir comment fonctionne notre passerelle et obtenir des instructions simples et conviviales pour les nombreuses fonctionnalit\u00e9s.<\/p>\n\t\t<h3><a href=\"http:\/\/developer.suresms.com\/\" target=\"_self\">developer.suresms.com<\/a><\/h3>\n\t\t\t\t<a href=\"http:\/\/developer.suresms.com\/\" target=\"_self\" itemprop=\"url\">\n\t\t\t\t<img loading=\"lazy\" decoding=\"async\" src=\"https:\/\/suresms.com\/wp-content\/uploads\/2016\/03\/developer-400x250-px.jpg\" alt=\"d\u00e9veloppeur suresms site web pour d\u00e9veloppeurs\" itemprop=\"image\" height=\"250\" width=\"400\" title=\"d\u00e9veloppeur 400x250 px\" onerror=\"this.style.display='none'\"  \/>\n\t\t\t\t<\/a>\nSureSMS est con\u00e7u par des d\u00e9veloppeurs pour des d\u00e9veloppeurs !<br \/>\nSur developer.suresms.com, nous avons rassembl\u00e9 de la documentation et des exemples de code pour faciliter l'int\u00e9gration de notre passerelle dans votre syst\u00e8me.\n\t\t<h3><a href=\"https:\/\/www.youtube.com\/channel\/UC1XGC5rl9mI9ndtBVn8yq7g\" target=\"_self\">Regardez nos vid\u00e9os d'instruction !<\/a><\/h3>\n\t\t\t\t<a href=\"https:\/\/www.youtube.com\/channel\/UC1XGC5rl9mI9ndtBVn8yq7g\" target=\"_self\" itemprop=\"url\">\n\t\t\t\t<img loading=\"lazy\" decoding=\"async\" src=\"https:\/\/suresms.com\/wp-content\/uploads\/2016\/03\/you-tube400x250px.jpg\" alt=\"suresms sms gateway you tube videos\" itemprop=\"image\" height=\"250\" width=\"400\" title=\"you tube 400x250px\" onerror=\"this.style.display='none'\"  \/>\n\t\t\t\t<\/a>\n<p>Vous commencez \u00e0 utiliser une nouvelle fonctionnalit\u00e9 ? Ou avez-vous simplement besoin d'en savoir un peu plus sur le fonctionnement de notre passerelle ? Sur Youtube, nous avons rassembl\u00e9 nos vid\u00e9os d'instruction. Pr\u00eat \u00e0 l'emploi !<\/p>","protected":false},"excerpt":{"rendered":"<p>Solution SIM h\u00e9berg\u00e9e Si vous souhaitez utiliser votre propre carte SIM pour votre solution bidirectionnelle, nous vous proposons une solution SIM h\u00e9berg\u00e9e stable et s\u00e9curis\u00e9e. Avantages : vous \u00eates propri\u00e9taire du num\u00e9ro et vous pouvez renvoyer les appels de ce num\u00e9ro vers votre t\u00e9l\u00e9phone afin que vos clients puissent vous appeler. A propos des cartes SIM h\u00e9berg\u00e9es en bref, nous installons votre carte SIM... <a title=\"SMS bidirectionnels avec la carte SIM h\u00e9berg\u00e9e\" class=\"read-more\" href=\"https:\/\/suresms.com\/fr\/funktioner\/2-vejs-sms-losning-med-hosted-sim\/\" aria-label=\"En savoir plus sur les SMS bidirectionnels avec la carte SIM h\u00e9berg\u00e9e\">En savoir plus<\/a><\/p>","protected":false},"author":1,"featured_media":0,"parent":958,"menu_order":1,"comment_status":"closed","ping_status":"closed","template":"","meta":{"_fl_builder_enabled":"1","_fl_builder_data":null,"_fl_builder_draft":null,"_fl_builder_data_settings":null,"_fl_builder_css":"","_fl_builder_css_version":"","_fl_builder_js":"","footnotes":""},"categories":[17],"tags":[],"class_list":{"0":"post-511","1":"page","2":"type-page","3":"status-publish","5":"category-linkfracornorstone"},"yoast_head":"<!-- This site is optimized with the Yoast SEO Premium plugin v27.3 (Yoast SEO v27.3) - https:\/\/yoast.com\/product\/yoast-seo-premium-wordpress\/ -->\r\n<title>2-vejs SMS med Hosted SIM I SureSMS I international 2vejs L\u00f8sning<\/title>\r\n<meta name=\"description\" content=\"Hosted SIM - Med en Hosted SIM 2-vejs SMS l\u00f8sning v\u00e6lger du selv nummeret. Brug firmanummer eller udenlandske numre. gratis oprettelse I 18 \u00f8re pr. SMS\" \/>\r\n<meta name=\"robots\" content=\"index, follow, max-snippet:-1, max-image-preview:large, max-video-preview:-1\" \/>\r\n<link rel=\"canonical\" href=\"https:\/\/suresms.com\/fr\/caracteristiques\/dechargement-de-sms-dans-les-deux-sens-avec-une-carte-sim-hebergee\/\" \/>\r\n<meta property=\"og:locale\" content=\"fr_FR\" \/>\r\n<meta property=\"og:type\" content=\"article\" \/>\r\n<meta property=\"og:title\" content=\"2-vejs SMS med Hosted SIM\" \/>\r\n<meta property=\"og:description\" content=\"Hosted SIM - Med en Hosted SIM 2-vejs SMS l\u00f8sning v\u00e6lger du selv nummeret. Brug firmanummer eller udenlandske numre. gratis oprettelse I 18 \u00f8re pr. SMS\" \/>\r\n<meta property=\"og:url\" content=\"https:\/\/suresms.com\/fr\/caracteristiques\/dechargement-de-sms-dans-les-deux-sens-avec-une-carte-sim-hebergee\/\" \/>\r\n<meta property=\"article:publisher\" content=\"https:\/\/www.facebook.com\/p\/SureSMS-100044607956149\/\" \/>\r\n<meta property=\"article:modified_time\" content=\"2025-01-21T10:14:51+00:00\" \/>\r\n<meta property=\"og:image\" content=\"https:\/\/suresms.com\/wp-content\/uploads\/2014\/10\/kommunikation-500x380-px.jpg\" \/>\r\n<meta name=\"twitter:card\" content=\"summary_large_image\" \/>\r\n<meta name=\"twitter:label1\" content=\"Dur\u00e9e de lecture estim\u00e9e\" \/>\n\t<meta name=\"twitter:data1\" content=\"6 minutes\" \/>\r\n<script type=\"application\/ld+json\" class=\"yoast-schema-graph\">{\"@context\":\"https:\\\/\\\/schema.org\",\"@graph\":[{\"@type\":\"WebPage\",\"@id\":\"https:\\\/\\\/suresms.com\\\/dk\\\/funktioner\\\/2-vejs-sms-losning-med-hosted-sim\\\/\",\"url\":\"https:\\\/\\\/suresms.com\\\/dk\\\/funktioner\\\/2-vejs-sms-losning-med-hosted-sim\\\/\",\"name\":\"2-vejs SMS med Hosted SIM I SureSMS I international 2vejs L\u00f8sning\",\"isPartOf\":{\"@id\":\"https:\\\/\\\/suresms.com\\\/en\\\/#website\"},\"primaryImageOfPage\":{\"@id\":\"https:\\\/\\\/suresms.com\\\/dk\\\/funktioner\\\/2-vejs-sms-losning-med-hosted-sim\\\/#primaryimage\"},\"image\":{\"@id\":\"https:\\\/\\\/suresms.com\\\/dk\\\/funktioner\\\/2-vejs-sms-losning-med-hosted-sim\\\/#primaryimage\"},\"thumbnailUrl\":\"https:\\\/\\\/suresms.com\\\/wp-content\\\/uploads\\\/2014\\\/10\\\/kommunikation-500x380-px.jpg\",\"datePublished\":\"2014-10-29T09:25:11+00:00\",\"dateModified\":\"2025-01-21T10:14:51+00:00\",\"description\":\"Hosted SIM - Med en Hosted SIM 2-vejs SMS l\u00f8sning v\u00e6lger du selv nummeret. Brug firmanummer eller udenlandske numre. gratis oprettelse I 18 \u00f8re pr. SMS\",\"breadcrumb\":{\"@id\":\"https:\\\/\\\/suresms.com\\\/dk\\\/funktioner\\\/2-vejs-sms-losning-med-hosted-sim\\\/#breadcrumb\"},\"inLanguage\":\"fr-FR\",\"potentialAction\":[{\"@type\":\"ReadAction\",\"target\":[\"https:\\\/\\\/suresms.com\\\/dk\\\/funktioner\\\/2-vejs-sms-losning-med-hosted-sim\\\/\"]}]},{\"@type\":\"ImageObject\",\"inLanguage\":\"fr-FR\",\"@id\":\"https:\\\/\\\/suresms.com\\\/dk\\\/funktioner\\\/2-vejs-sms-losning-med-hosted-sim\\\/#primaryimage\",\"url\":\"https:\\\/\\\/suresms.com\\\/wp-content\\\/uploads\\\/2014\\\/10\\\/kommunikation-500x380-px.jpg\",\"contentUrl\":\"https:\\\/\\\/suresms.com\\\/wp-content\\\/uploads\\\/2014\\\/10\\\/kommunikation-500x380-px.jpg\"},{\"@type\":\"BreadcrumbList\",\"@id\":\"https:\\\/\\\/suresms.com\\\/dk\\\/funktioner\\\/2-vejs-sms-losning-med-hosted-sim\\\/#breadcrumb\",\"itemListElement\":[{\"@type\":\"ListItem\",\"position\":1,\"name\":\"Home\",\"item\":\"https:\\\/\\\/suresms.com\\\/dk\\\/\"},{\"@type\":\"ListItem\",\"position\":2,\"name\":\"Funktioner\",\"item\":\"https:\\\/\\\/suresms.com\\\/dk\\\/funktioner\\\/\"},{\"@type\":\"ListItem\",\"position\":3,\"name\":\"2-vejs SMS med Hosted SIM\"}]},{\"@type\":\"WebSite\",\"@id\":\"https:\\\/\\\/suresms.com\\\/en\\\/#website\",\"url\":\"https:\\\/\\\/suresms.com\\\/en\\\/\",\"name\":\"SureSMS\",\"description\":\"Professionel SMS Gateway\",\"publisher\":{\"@id\":\"https:\\\/\\\/suresms.com\\\/en\\\/#organization\"},\"potentialAction\":[{\"@type\":\"SearchAction\",\"target\":{\"@type\":\"EntryPoint\",\"urlTemplate\":\"https:\\\/\\\/suresms.com\\\/en\\\/?s={search_term_string}\"},\"query-input\":{\"@type\":\"PropertyValueSpecification\",\"valueRequired\":true,\"valueName\":\"search_term_string\"}}],\"inLanguage\":\"fr-FR\"},{\"@type\":\"Organization\",\"@id\":\"https:\\\/\\\/suresms.com\\\/en\\\/#organization\",\"name\":\"SureSMS\",\"url\":\"https:\\\/\\\/suresms.com\\\/en\\\/\",\"logo\":{\"@type\":\"ImageObject\",\"inLanguage\":\"fr-FR\",\"@id\":\"https:\\\/\\\/suresms.com\\\/en\\\/#\\\/schema\\\/logo\\\/image\\\/\",\"url\":\"https:\\\/\\\/suresms.com\\\/wp-content\\\/uploads\\\/2024\\\/11\\\/suresms-300x65-1.png\",\"contentUrl\":\"https:\\\/\\\/suresms.com\\\/wp-content\\\/uploads\\\/2024\\\/11\\\/suresms-300x65-1.png\",\"width\":300,\"height\":65,\"caption\":\"SureSMS\"},\"image\":{\"@id\":\"https:\\\/\\\/suresms.com\\\/en\\\/#\\\/schema\\\/logo\\\/image\\\/\"},\"sameAs\":[\"https:\\\/\\\/www.facebook.com\\\/p\\\/SureSMS-100044607956149\\\/\"]}]}<\/script>\r\n<!-- \/ Yoast SEO Premium plugin. -->","yoast_head_json":{"title":"SMS bidirectionnel avec SIM h\u00e9berg\u00e9 dans SureSMS I solution bidirectionnelle internationale","description":"Hosted SIM - Avec une solution de SMS bidirectionnels Hosted SIM, vous choisissez vous-m\u00eame le num\u00e9ro. Utilisez des num\u00e9ros d'entreprise ou des num\u00e9ros \u00e9trangers. Mise en service gratuite pour 18 \u00f8re par SMS","robots":{"index":"index","follow":"follow","max-snippet":"max-snippet:-1","max-image-preview":"max-image-preview:large","max-video-preview":"max-video-preview:-1"},"canonical":"https:\/\/suresms.com\/fr\/caracteristiques\/dechargement-de-sms-dans-les-deux-sens-avec-une-carte-sim-hebergee\/","og_locale":"fr_FR","og_type":"article","og_title":"2-vejs SMS med Hosted SIM","og_description":"Hosted SIM - Med en Hosted SIM 2-vejs SMS l\u00f8sning v\u00e6lger du selv nummeret. Brug firmanummer eller udenlandske numre. gratis oprettelse I 18 \u00f8re pr. SMS","og_url":"https:\/\/suresms.com\/fr\/caracteristiques\/dechargement-de-sms-dans-les-deux-sens-avec-une-carte-sim-hebergee\/","article_publisher":"https:\/\/www.facebook.com\/p\/SureSMS-100044607956149\/","article_modified_time":"2025-01-21T10:14:51+00:00","og_image":[{"url":"https:\/\/suresms.com\/wp-content\/uploads\/2014\/10\/kommunikation-500x380-px.jpg","type":"","width":"","height":""}],"twitter_card":"summary_large_image","twitter_misc":{"Dur\u00e9e de lecture estim\u00e9e":"6 minutes"},"schema":{"@context":"https:\/\/schema.org","@graph":[{"@type":"WebPage","@id":"https:\/\/suresms.com\/dk\/funktioner\/2-vejs-sms-losning-med-hosted-sim\/","url":"https:\/\/suresms.com\/dk\/funktioner\/2-vejs-sms-losning-med-hosted-sim\/","name":"SMS bidirectionnel avec SIM h\u00e9berg\u00e9 dans SureSMS I solution bidirectionnelle internationale","isPartOf":{"@id":"https:\/\/suresms.com\/en\/#website"},"primaryImageOfPage":{"@id":"https:\/\/suresms.com\/dk\/funktioner\/2-vejs-sms-losning-med-hosted-sim\/#primaryimage"},"image":{"@id":"https:\/\/suresms.com\/dk\/funktioner\/2-vejs-sms-losning-med-hosted-sim\/#primaryimage"},"thumbnailUrl":"https:\/\/suresms.com\/wp-content\/uploads\/2014\/10\/kommunikation-500x380-px.jpg","datePublished":"2014-10-29T09:25:11+00:00","dateModified":"2025-01-21T10:14:51+00:00","description":"Hosted SIM - Avec une solution de SMS bidirectionnels Hosted SIM, vous choisissez vous-m\u00eame le num\u00e9ro. Utilisez des num\u00e9ros d'entreprise ou des num\u00e9ros \u00e9trangers. Mise en service gratuite pour 18 \u00f8re par SMS","breadcrumb":{"@id":"https:\/\/suresms.com\/dk\/funktioner\/2-vejs-sms-losning-med-hosted-sim\/#breadcrumb"},"inLanguage":"fr-FR","potentialAction":[{"@type":"ReadAction","target":["https:\/\/suresms.com\/dk\/funktioner\/2-vejs-sms-losning-med-hosted-sim\/"]}]},{"@type":"ImageObject","inLanguage":"fr-FR","@id":"https:\/\/suresms.com\/dk\/funktioner\/2-vejs-sms-losning-med-hosted-sim\/#primaryimage","url":"https:\/\/suresms.com\/wp-content\/uploads\/2014\/10\/kommunikation-500x380-px.jpg","contentUrl":"https:\/\/suresms.com\/wp-content\/uploads\/2014\/10\/kommunikation-500x380-px.jpg"},{"@type":"BreadcrumbList","@id":"https:\/\/suresms.com\/dk\/funktioner\/2-vejs-sms-losning-med-hosted-sim\/#breadcrumb","itemListElement":[{"@type":"ListItem","position":1,"name":"Home","item":"https:\/\/suresms.com\/dk\/"},{"@type":"ListItem","position":2,"name":"Funktioner","item":"https:\/\/suresms.com\/dk\/funktioner\/"},{"@type":"ListItem","position":3,"name":"2-vejs SMS med Hosted SIM"}]},{"@type":"WebSite","@id":"https:\/\/suresms.com\/en\/#website","url":"https:\/\/suresms.com\/en\/","name":"SureSMS","description":"Passerelle SMS professionnelle","publisher":{"@id":"https:\/\/suresms.com\/en\/#organization"},"potentialAction":[{"@type":"SearchAction","target":{"@type":"EntryPoint","urlTemplate":"https:\/\/suresms.com\/en\/?s={search_term_string}"},"query-input":{"@type":"PropertyValueSpecification","valueRequired":true,"valueName":"search_term_string"}}],"inLanguage":"fr-FR"},{"@type":"Organization","@id":"https:\/\/suresms.com\/en\/#organization","name":"SureSMS","url":"https:\/\/suresms.com\/en\/","logo":{"@type":"ImageObject","inLanguage":"fr-FR","@id":"https:\/\/suresms.com\/en\/#\/schema\/logo\/image\/","url":"https:\/\/suresms.com\/wp-content\/uploads\/2024\/11\/suresms-300x65-1.png","contentUrl":"https:\/\/suresms.com\/wp-content\/uploads\/2024\/11\/suresms-300x65-1.png","width":300,"height":65,"caption":"SureSMS"},"image":{"@id":"https:\/\/suresms.com\/en\/#\/schema\/logo\/image\/"},"sameAs":["https:\/\/www.facebook.com\/p\/SureSMS-100044607956149\/"]}]}},"_links":{"self":[{"href":"https:\/\/suresms.com\/fr\/wp-json\/wp\/v2\/pages\/511","targetHints":{"allow":["GET"]}}],"collection":[{"href":"https:\/\/suresms.com\/fr\/wp-json\/wp\/v2\/pages"}],"about":[{"href":"https:\/\/suresms.com\/fr\/wp-json\/wp\/v2\/types\/page"}],"author":[{"embeddable":true,"href":"https:\/\/suresms.com\/fr\/wp-json\/wp\/v2\/users\/1"}],"replies":[{"embeddable":true,"href":"https:\/\/suresms.com\/fr\/wp-json\/wp\/v2\/comments?post=511"}],"version-history":[{"count":5,"href":"https:\/\/suresms.com\/fr\/wp-json\/wp\/v2\/pages\/511\/revisions"}],"predecessor-version":[{"id":21888,"href":"https:\/\/suresms.com\/fr\/wp-json\/wp\/v2\/pages\/511\/revisions\/21888"}],"up":[{"embeddable":true,"href":"https:\/\/suresms.com\/fr\/wp-json\/wp\/v2\/pages\/958"}],"wp:attachment":[{"href":"https:\/\/suresms.com\/fr\/wp-json\/wp\/v2\/media?parent=511"}],"wp:term":[{"taxonomy":"category","embeddable":true,"href":"https:\/\/suresms.com\/fr\/wp-json\/wp\/v2\/categories?post=511"},{"taxonomy":"post_tag","embeddable":true,"href":"https:\/\/suresms.com\/fr\/wp-json\/wp\/v2\/tags?post=511"}],"curies":[{"name":"wp","href":"https:\/\/api.w.org\/{rel}","templated":true}]}}