{"id":449,"date":"2014-10-12T10:47:57","date_gmt":"2014-10-12T08:47:57","guid":{"rendered":"https:\/\/www.suresms.com\/dk\/?page_id=449"},"modified":"2026-03-17T11:40:09","modified_gmt":"2026-03-17T11:40:09","slug":"recevoir-des-messages-texte-sur-votre-ordinateur","status":"publish","type":"page","link":"https:\/\/suresms.com\/fr\/funktioner\/modtag-sms-pa-din-computer\/","title":{"rendered":"Recevoir des SMS sur votre ordinateur"},"content":{"rendered":"<!-- Flexy Breadcrumb -->\r\n\t\t\t<div class=\"fbc fbc-page\">\r\n\r\n\t\t\t\t<!-- Breadcrumb wrapper -->\r\n\t\t\t\t<div class=\"fbc-wrap\">\r\n\r\n\t\t\t\t\t<!-- Ordered list-->\r\n\t\t\t\t\t<ol class=\"fbc-items\" itemscope itemtype=\"https:\/\/schema.org\/BreadcrumbList\">\r\n\t\t\t\t\t\t            <li itemprop=\"itemListElement\" itemscope itemtype=\"https:\/\/schema.org\/ListItem\">\r\n                <span itemprop=\"name\">\r\n                    <!-- Home Link -->\r\n                    <a itemprop=\"item\" href=\"https:\/\/suresms.com\/fr\/\">\r\n                    \r\n                                                    <i class=\"fa fa-home\" aria-hidden=\"true\"><\/i>Accueil                    <\/a>\r\n                <\/span>\r\n                <meta itemprop=\"position\" content=\"1\" \/><!-- Meta Position-->\r\n             <\/li><li><span class=\"fbc-separator\">\/<\/span><\/li><li class=\"active\" itemprop=\"itemListElement\" itemscope itemtype=\"https:\/\/schema.org\/ListItem\"><span itemprop=\"name\" title=\"Recevoir des SMS sur votre ordinateur\">Recevez des SMS sur votre...<\/span><meta itemprop=\"position\" content=\"2\" \/><\/li>\t\t\t\t\t<\/ol>\r\n\t\t\t\t\t<div class=\"clearfix\"><\/div>\r\n\t\t\t\t<\/div>\r\n\t\t\t<\/div>\r\n\t\t\t\n<h1>\n\t\t\tRecevoir des SMS sur votre ordinateur\t<\/h1>\n\tVous avez besoin de recevoir des SMS de vos clients ? Ou souhaitez-vous envoyer des SMS \u00e0 des groupes directement \u00e0 partir d'un SMS ? Dans ce cas, le SMS bidirectionnel est peut-\u00eatre la solution qu'il vous faut.<br \/>\nSi vous disposez d\u00e9j\u00e0 d'un compte SMS pour envoyer des messages \u00e0 vos utilisateurs, le fait que le destinataire puisse r\u00e9pondre peut \u00eatre \u00e0 la fois un besoin et un bon service.\n\t<ul>\n\t\t<li>\t\t\t\t\n\t\t<h3>Recevez des SMS dans votre bo\u00eete de r\u00e9ception<\/h3><p>Tous les SMS re\u00e7us sur votre num\u00e9ro sont stock\u00e9s dans votre bo\u00eete de r\u00e9ception \u00e0 l'adresse http:\/\/app.suresms.com\/. De l\u00e0, vous pouvez facilement r\u00e9pondre au message directement dans votre navigateur.\u00a0<\/p><\/li><li>\t\t\t\t\n\t\t<h3>Recevez des SMS dans votre bo\u00eete aux lettres<\/h3><p>Il est \u00e9galement possible d'activer l'option SMS-2-Email afin que les SMS entrants soient transf\u00e9r\u00e9s vers votre adresse \u00e9lectronique. Lorsque vous recevez l'e-mail, il vous suffit de cliquer sur \"r\u00e9pondre\" et nous vous envoyons la r\u00e9ponse sous forme de SMS.\u00a0<\/p><\/li><li>\t\t\t\t\n\t\t<h3>Recevoir des SMS en tant que webhook<\/h3><p>Il est \u00e9galement possible de recevoir un \"webhook\" sur votre propre serveur. Nous lan\u00e7ons un appel HTTP vers un site web que vous avez cr\u00e9\u00e9. Nous configurons notre syst\u00e8me pour qu'il connaisse votre adresse (point final). Lorsque nous recevons un SMS sur votre num\u00e9ro h\u00e9berg\u00e9, nous le pla\u00e7ons dans votre bo\u00eete de r\u00e9ception et effectuons un appel HTTP vers votre site web.<\/p>\n<p><a href=\"http:\/\/manual.suresms.com\/avanceret-opsaetning-af-2-vejs-sms\/\">Pour plus d'informations sur la cr\u00e9ation d'une page http, cliquez ici.\u00a0<\/a><\/p>\n<\/li><li>\t\t\t\t\n\t\t<h3>R\u00e9ponse automatique aux messages entrants<\/h3><p>Vous avez la possibilit\u00e9, via notre flux, de configurer une r\u00e9ponse automatique lorsque vous recevez un SMS sur votre num\u00e9ro entrant.\u00a0<\/p><\/li>\t<\/ul>\n<h3>\n\t\t\tG\u00e9n\u00e9ralit\u00e9s pour nos solutions \u00e0 deux voies :\t<\/h3>\n\t<ul>\n<li>La r\u00e9ception de SMS sur le num\u00e9ro est gratuite. Quel que soit le nombre de SMS que nous vous transmettons, il est inclus dans l'abonnement.<\/li>\n<\/ul>\n<ul>\n<li>Les SMS que vous envoyez \u00e0 partir de votre solution bidirectionnelle sont factur\u00e9s au tarif en vigueur. <a title=\"Prix des passerelles SMS\" href=\"https:\/\/suresms.com\/fr\/passerelle-sms-solutions-sms-professionnelles\/prix-des-passerelles-sms\/\">Voir nos prix pour la passerelle SMS ici.&nbsp;<\/a><\/li>\n<\/ul>\n<ul>\n<li><strong>Si vous envoyez plus de 10 000 SMS par mois <a title=\"Contactez nous\" href=\"https:\/\/suresms.com\/fr\/contact\/\">Contactez nous<\/a> \u00c0 un certain prix !!!<\/strong><\/li>\n<\/ul>\n<ul>\n<li>Pour les deux solutions, le SMS peut \u00eatre r\u00e9pondu \u00e0 partir de notre site web et de votre propre bo\u00eete aux lettres.<\/li>\n<\/ul>\n<ul>\n<li>Notre solution bidirectionnelle permet de recevoir des messages Flash.<\/li>\n<\/ul>\n<ul>\n<li>Malheureusement, il n'est pas possible de disposer \u00e0 la fois d'un \u00e9metteur bidirectionnel et d'un \u00e9metteur alphanum\u00e9rique.<\/li>\n<\/ul>\n\t\t<figure itemscope itemtype=\"https:\/\/schema.org\/ImageObject\">\n\t\t\t\t<a href=\"https:\/\/suresms.com\/fr\/commande\/commande-dun-dechargement-a-deux-voies\/\"  target=\"_self\" itemprop=\"url\">\n\t\t\t\t<img decoding=\"async\" src=\"https:\/\/suresms.com\/wp-content\/uploads\/2014\/10\/2-vejs-virtuelle-400x150-pix.jpg\" alt=\"SMS bidirectionnels num\u00e9ros virtuels VLR\" height=\"150\" width=\"400\" title=\"2 voies virtuelles 400x150 pix\" onerror=\"this.style.display='none'\" loading=\"lazy\" \/>\n\t\t\t\t<\/a>\n\t<\/figure>\n<h3><a href=\"https:\/\/suresms.com\/fr\/commande\/commande-dun-dechargement-a-deux-voies\/\" target=\"_self\">Num\u00e9ro virtuel bidirectionnel<\/a><\/h3><p>Solution bidirectionnelle bas\u00e9e sur l'informatique en nuage, rapide et bon march\u00e9. Id\u00e9ale pour recevoir de nombreux messages SMS en peu de temps et pour le M2M. Si vous avez besoin de peu de num\u00e9ros.<\/p>\n<ul>\n<li>Abonnement de 99,-\/mois<\/li>\n<li>Cr\u00e9ation gratuite et rapide<\/li>\n<li>1 mois de pr\u00e9avis<\/li>\n<li>Pas de carte SIM physique<\/li>\n<li>SureSMS fournit le num\u00e9ro<\/li>\n<li>R\u00e9ception illimit\u00e9e<\/li>\n<li>M2M<\/li>\n<li>MOTS-CL\u00c9S illimit\u00e9<\/li>\n<li>Mots cl\u00e9s illimit\u00e9s<\/li>\n<\/ul>\n\t\t\t<a href=\"https:\/\/suresms.com\/fr\/commande\/commande-dun-dechargement-a-deux-voies\/\"  target=\"_self\">\n\t\t\t\t\t\t\tCommande d'un num\u00e9ro virtuel \u00e0 deux voies\n\t\t\t\t\t<\/a>\n\t\t<figure itemscope itemtype=\"https:\/\/schema.org\/ImageObject\">\n\t\t\t\t<a href=\"https:\/\/suresms.com\/fr\/commande\/commande-dun-dechargement-a-deux-voies\/\"  target=\"_self\" itemprop=\"url\">\n\t\t\t\t<img decoding=\"async\" src=\"https:\/\/suresms.com\/wp-content\/uploads\/2014\/10\/2-vejs-hostetSIM-400x150-pix.jpg\" alt=\"Solution bidirectionnelle h\u00e9berg\u00e9e par SureSMS\" height=\"150\" width=\"400\" title=\"2 way hostedSIM\" onerror=\"this.style.display='none'\" loading=\"lazy\" \/>\n\t\t\t\t<\/a>\n\t<\/figure>\n<h3><a href=\"https:\/\/suresms.com\/fr\/commande\/commande-dun-dechargement-a-deux-voies\/\" target=\"_self\">SIM h\u00e9berg\u00e9e\" bidirectionnelle<\/a><\/h3><p>La meilleure solution si votre entreprise veut choisir son propre num\u00e9ro, si les clients ont besoin de rappeler ou si vous voulez une carte SIM \u00e9trang\u00e8re.<\/p>\n<ul>\n\n<li>199,-\/mois en abonnement<\/li>\n<li>299,- en cr\u00e9ation<\/li>\n<li>Option pour les num\u00e9ros internationaux<\/li>\n<li>Vous obtenez une carte SIM<\/li>\n<li>6 mois d'engagement\/1 mois d'annulation<\/li>\n<li>Re\u00e7oit 10 SMS\/min. Le reste est en file d'attente.<\/li>\n<li>Libert\u00e9 de choix des num\u00e9ros<\/li>\n<li>Le num\u00e9ro vous appartient<\/li>\n<li>Renvoi d'appel<\/li>\n<li>Mots cl\u00e9s illimit\u00e9s<\/li>\n<\/ul>\n\t\t\t<a href=\"https:\/\/suresms.com\/fr\/commande\/commande-dun-dechargement-a-deux-voies\/\"  target=\"_self\">\n\t\t\t\t\t\t\tCommander une carte SIM h\u00e9berg\u00e9e bidirectionnelle\n\t\t\t\t\t<\/a>\n\t\t<figure itemscope itemtype=\"https:\/\/schema.org\/ImageObject\">\n\t\t\t\t<a href=\"https:\/\/suresms.com\/fr\/a-propos-de-suresms\/contact\/\"  target=\"_self\" itemprop=\"url\">\n\t\t\t\t<img decoding=\"async\" src=\"https:\/\/suresms.com\/wp-content\/uploads\/2014\/10\/2vejs-serier-400x150-pix.jpg\" alt=\"Solution SMS bidirectionnelle Plages de num\u00e9ros VLR\" height=\"150\" width=\"400\" title=\"Bande dessin\u00e9e \u00e0 double sens 400x150 pixels\" onerror=\"this.style.display='none'\" loading=\"lazy\" \/>\n\t\t\t\t<\/a>\n\t<\/figure>\n<h3><a href=\"https:\/\/suresms.com\/fr\/a-propos-de-suresms\/contact\/\" target=\"_self\">2 voies \"s\u00e9rie de num\u00e9ros\"<\/a><\/h3><p>S\u00e9ries de num\u00e9ros virtuels pour les entreprises qui ont besoin d'un grand nombre de num\u00e9ros. Le prix varie en fonction du volume. Contactez-nous pour plus d'informations.<\/p>\n<ul>\n<li>Recevoir des SMS via l'API<\/li>\n<li>Pour de nombreux chiffres<\/li>\n<li>Max 49,-\/mois en abonnement<\/li>\n<li>Prix sur rendez-vous<\/li>\n<li>Pour un minimum de 10 num\u00e9ros de t\u00e9l\u00e9phone mobile<\/li>\n<li>Cr\u00e9ation gratuite<\/li>\n<li>Chiffres danois<\/li>\n<li>Pas de carte SIM physique<\/li>\n<li>Engagement de 6 mois<\/li>\n<li>1 mois de pr\u00e9avis<\/li>\n<li>MOTS-CL\u00c9S illimit\u00e9<\/li>\n<li>R\u00e9ception illimit\u00e9e<\/li>\n<\/ul>\n\t\t\t<a href=\"https:\/\/suresms.com\/fr\/a-propos-de-suresms\/contact\/\"  target=\"_self\">\n\t\t\t\t\t\t\tContactez-nous ici !\n\t\t\t\t\t<\/a>\n<h3>\n\t\t\tIl peut s'\u00e9couler jusqu'\u00e0 24 heures entre la commande de votre solution bidirectionnelle et la r\u00e9ception de votre nom d'utilisateur et de votre code !\t<\/h3>\n\t\t<h3>Vous voulez en savoir plus sur le SIM h\u00e9berg\u00e9 ?<\/h3>\n\t\t<p>Pour plus de d\u00e9tails, une description technique et de la documentation sur nos solutions SIM h\u00e9berg\u00e9es, cliquez ici.<\/p>\n\t\t\t<a href=\"http:\/\/manual.suresms.com\/2-vejs-sms\/opsaetning-af-2-vejs-sms\/\"  target=\"_blank\" rel=\"noopener\">\n\t\t\t\t\t\tSp\u00e9cifications\n\t\t\t\t\t<\/a>\n\t<h2>Pourquoi choisir des num\u00e9ros SIM et VLN h\u00e9berg\u00e9s ?<\/h2>\nTechniquement, il existe diff\u00e9rentes fa\u00e7ons de cr\u00e9er une solution permettant au destinataire de r\u00e9pondre \u00e0 vos messages.<br \/>\nL'une des options disponibles sur le march\u00e9 est l'utilisation de ce que l'on appelle les codes m\u00e9dias et les shortcodes. En utilisant un code m\u00e9dia \u00e0 4 chiffres et un mot de passe, le client peut r\u00e9pondre \u00e0 vos messages. Par exemple, si vous avez un magasin de fromages, vous obtenez le code m\u00e9dia \"Cheese\". Lorsque quelqu'un envoie un message \u00e0 un code court - par exemple 9944, il doit d'abord \u00e9crire \"OST\", puis son message. Le probl\u00e8me de cette solution est qu'elle est complexe pour le client. Qui sait qu'il doit taper OST ? Votre message ressemblera \u00e0 ceci : \"Ch\u00e8re Signe. Les articles que vous avez command\u00e9s sont arriv\u00e9s. Pour r\u00e9pondre \u00e0 ce message, envoyez un SMS au 9944 avec le mot OST suivi du message\".\n<p>En plus d'\u00eatre compliqu\u00e9e et de pr\u00e9senter un risque \u00e9lev\u00e9 d'erreurs de communication, c'est une solution co\u00fbteuse \u00e0 mettre en \u0153uvre. Chez Sure SMS, nous pensons que cela doit \u00eatre facile et rentable pour nos clients.<\/p>\n<p><strong>Nous avons donc choisi de proposer une solution - \u00e0 notre avis - meilleure !<\/strong><\/p>\n<h2>Notre solution SMS bidirectionnelle<\/h2>\nAvec Sure SMS, vous recevez votre r\u00e9ponse sur un num\u00e9ro de GSM qui vous est propre. Cela signifie que vous recevez TOUS les messages \u00e9crits \u00e0 ce num\u00e9ro. Lorsque vous envoyez votre message, il est envoy\u00e9 \u00e0 partir du m\u00eame num\u00e9ro. C'est une communication simple pour le client avec une marge d'erreur beaucoup plus faible.<br \/>\nVous \u00e9crivez : \"Ch\u00e8re Signe. Les articles que vous avez command\u00e9s sont arriv\u00e9s.\"  Si Signe veut r\u00e9pondre au message, il lui suffit d'appuyer sur \"r\u00e9pondre\" et de taper la r\u00e9ponse.\n<p>Vous d\u00e9cidez si vous voulez que nous utilisions votre carte SIM de votre s\u00e9rie de num\u00e9ros ou si vous voulez que nous vous fournissions des cartes SIM. Nous sommes heureux de vous accueillir. Contactez-nous pour plus d'informations ou de conseils. Vous pouvez \u00e9galement trouver plus d'informations dans les liens ci-dessous<\/p>\n<p>Voir <a title=\"Prix des passerelles SMS\" href=\"https:\/\/suresms.com\/fr\/prix-des-passerelles-sms\/\">Prix des SMS et des appels bidirectionnels ici<\/a>.<\/p>\n\t\t<h3>D'autres questions ?<\/h3>\n\t\t<p>Vous avez d'autres questions sur les solutions bidirectionnelles ? Appelez-nous ou envoyez-nous un e-mail !<\/p>\n\t\t\t<a href=\"https:\/\/suresms.com\/fr\/contact\/\"  target=\"_self\">\n\t\t\t\t\t\tEnvoyer un courriel\n\t\t\t\t\t<\/a>\n\t\t<h3>Documentation<\/h3>\n\t\t<p>Voir les d\u00e9tails et la description technique de notre solution SIM h\u00e9berg\u00e9e ici.<\/p>\n\t\t\t<a href=\"https:\/\/suresms.com\/fr\/dechargement-de-sms-dans-les-deux-sens-avec-une-carte-sim-hebergee\/\"  target=\"_self\">\n\t\t\t\t\t\tVoir plus de d\u00e9tails\n\t\t\t\t\t<\/a>\n\t\t<h3>\u00c0 propos de SureSMS<\/h3>\n\t\t<p>Nous sommes toujours heureux de vous parler un peu de notre entreprise. Pour en savoir plus sur SureSMS, cliquez ici !<\/p>\n\t\t\t<a href=\"https:\/\/suresms.com\/fr\/a-propos-de-suresms\/\"  target=\"_self\">\n\t\t\t\t\t\t\u00c0 propos de SureSMS\n\t\t\t\t\t<\/a>\n\t\t<h3>Essayez-le MAINTENANT !<\/h3>\n\t\t<p>Cr\u00e9ez un compte d'essai gratuit maintenant et recevez 50 SMS gratuits sans conditions !<\/p>\n\t\t\t<a href=\"https:\/\/suresms.com\/fr\/compte-test-sms-gratuit\/\"  target=\"_self\">\n\t\t\t\t\t\t\tCr\u00e9er un compte d'essai\n\t\t\t\t\t<\/a>","protected":false},"excerpt":{"rendered":"<p>Recevoir des SMS sur votre ordinateur Vous avez besoin de recevoir des SMS de vos clients ? Ou souhaitez-vous envoyer des SMS \u00e0 des groupes directement \u00e0 partir de SMS ? Dans ce cas, le SMS bidirectionnel est peut-\u00eatre la solution qu'il vous faut. Si vous disposez d\u00e9j\u00e0 d'un compte SMS o\u00f9 vous envoyez des messages \u00e0 vos utilisateurs, cela peut \u00eatre \u00e0 la fois un besoin et une... <a title=\"Recevoir des SMS sur votre ordinateur\" class=\"read-more\" href=\"https:\/\/suresms.com\/fr\/funktioner\/modtag-sms-pa-din-computer\/\" aria-label=\"En savoir plus sur Recevoir des SMS sur son ordinateur\">En savoir plus<\/a><\/p>","protected":false},"author":1,"featured_media":0,"parent":958,"menu_order":2,"comment_status":"closed","ping_status":"closed","template":"","meta":{"_fl_builder_enabled":"1","_fl_builder_data":null,"_fl_builder_draft":null,"_fl_builder_data_settings":null,"_fl_builder_css":"","_fl_builder_css_version":"","_fl_builder_js":"","footnotes":""},"categories":[17],"tags":[],"class_list":{"0":"post-449","1":"page","2":"type-page","3":"status-publish","5":"category-linkfracornorstone"},"yoast_head":"<!-- This site is optimized with the Yoast SEO Premium plugin v27.3 (Yoast SEO v27.3) - https:\/\/yoast.com\/product\/yoast-seo-premium-wordpress\/ -->\r\n<title>2 vejs SMS, modtag SMS p\u00e5 din computer og iPad. Bestil 2-vejs l\u00f8sning!<\/title>\r\n<meta name=\"description\" content=\"Med 2 vejs SMS kan du modtage SMS p\u00e5 din computer eller iPad. L\u00f8sning fra SureSMS er den nemmeste for dine kunder. N\u00e5r de modtager SMS kan de svare p\u00e5 den.\" \/>\r\n<meta name=\"robots\" content=\"index, follow, max-snippet:-1, max-image-preview:large, max-video-preview:-1\" \/>\r\n<link rel=\"canonical\" href=\"https:\/\/suresms.com\/fr\/caracteristiques\/recevoir-des-messages-texte-sur-votre-ordinateur\/\" \/>\r\n<meta property=\"og:locale\" content=\"fr_FR\" \/>\r\n<meta property=\"og:type\" content=\"article\" \/>\r\n<meta property=\"og:title\" content=\"Modtag SMS p\u00e5 din computer\" \/>\r\n<meta property=\"og:description\" content=\"Med 2 vejs SMS kan du modtage SMS p\u00e5 din computer eller iPad. L\u00f8sning fra SureSMS er den nemmeste for dine kunder. N\u00e5r de modtager SMS kan de svare p\u00e5 den.\" \/>\r\n<meta property=\"og:url\" content=\"https:\/\/suresms.com\/fr\/caracteristiques\/recevoir-des-messages-texte-sur-votre-ordinateur\/\" \/>\r\n<meta property=\"article:publisher\" content=\"https:\/\/www.facebook.com\/p\/SureSMS-100044607956149\/\" \/>\r\n<meta property=\"article:modified_time\" content=\"2026-03-17T11:40:09+00:00\" \/>\r\n<meta property=\"og:image\" content=\"https:\/\/suresms.com\/wp-content\/uploads\/2014\/10\/2-vejs-virtuelle-400x150-pix.jpg\" \/>\r\n<meta name=\"twitter:card\" content=\"summary_large_image\" \/>\r\n<meta name=\"twitter:label1\" content=\"Dur\u00e9e de lecture estim\u00e9e\" \/>\n\t<meta name=\"twitter:data1\" content=\"6 minutes\" \/>\r\n<script type=\"application\/ld+json\" class=\"yoast-schema-graph\">{\"@context\":\"https:\\\/\\\/schema.org\",\"@graph\":[{\"@type\":\"WebPage\",\"@id\":\"https:\\\/\\\/suresms.com\\\/dk\\\/funktioner\\\/modtag-sms-pa-din-computer\\\/\",\"url\":\"https:\\\/\\\/suresms.com\\\/dk\\\/funktioner\\\/modtag-sms-pa-din-computer\\\/\",\"name\":\"2 vejs SMS, modtag SMS p\u00e5 din computer og iPad. Bestil 2-vejs l\u00f8sning!\",\"isPartOf\":{\"@id\":\"https:\\\/\\\/suresms.com\\\/en\\\/#website\"},\"primaryImageOfPage\":{\"@id\":\"https:\\\/\\\/suresms.com\\\/dk\\\/funktioner\\\/modtag-sms-pa-din-computer\\\/#primaryimage\"},\"image\":{\"@id\":\"https:\\\/\\\/suresms.com\\\/dk\\\/funktioner\\\/modtag-sms-pa-din-computer\\\/#primaryimage\"},\"thumbnailUrl\":\"https:\\\/\\\/suresms.com\\\/wp-content\\\/uploads\\\/2014\\\/10\\\/2-vejs-virtuelle-400x150-pix.jpg\",\"datePublished\":\"2014-10-12T08:47:57+00:00\",\"dateModified\":\"2026-03-17T11:40:09+00:00\",\"description\":\"Med 2 vejs SMS kan du modtage SMS p\u00e5 din computer eller iPad. L\u00f8sning fra SureSMS er den nemmeste for dine kunder. N\u00e5r de modtager SMS kan de svare p\u00e5 den.\",\"breadcrumb\":{\"@id\":\"https:\\\/\\\/suresms.com\\\/dk\\\/funktioner\\\/modtag-sms-pa-din-computer\\\/#breadcrumb\"},\"inLanguage\":\"fr-FR\",\"potentialAction\":[{\"@type\":\"ReadAction\",\"target\":[\"https:\\\/\\\/suresms.com\\\/dk\\\/funktioner\\\/modtag-sms-pa-din-computer\\\/\"]}]},{\"@type\":\"ImageObject\",\"inLanguage\":\"fr-FR\",\"@id\":\"https:\\\/\\\/suresms.com\\\/dk\\\/funktioner\\\/modtag-sms-pa-din-computer\\\/#primaryimage\",\"url\":\"https:\\\/\\\/suresms.com\\\/wp-content\\\/uploads\\\/2014\\\/10\\\/2-vejs-virtuelle-400x150-pix.jpg\",\"contentUrl\":\"https:\\\/\\\/suresms.com\\\/wp-content\\\/uploads\\\/2014\\\/10\\\/2-vejs-virtuelle-400x150-pix.jpg\"},{\"@type\":\"BreadcrumbList\",\"@id\":\"https:\\\/\\\/suresms.com\\\/dk\\\/funktioner\\\/modtag-sms-pa-din-computer\\\/#breadcrumb\",\"itemListElement\":[{\"@type\":\"ListItem\",\"position\":1,\"name\":\"Home\",\"item\":\"https:\\\/\\\/suresms.com\\\/dk\\\/\"},{\"@type\":\"ListItem\",\"position\":2,\"name\":\"Funktioner\",\"item\":\"https:\\\/\\\/suresms.com\\\/dk\\\/funktioner\\\/\"},{\"@type\":\"ListItem\",\"position\":3,\"name\":\"Modtag SMS p\u00e5 din computer\"}]},{\"@type\":\"WebSite\",\"@id\":\"https:\\\/\\\/suresms.com\\\/en\\\/#website\",\"url\":\"https:\\\/\\\/suresms.com\\\/en\\\/\",\"name\":\"SureSMS\",\"description\":\"Professionel SMS Gateway\",\"publisher\":{\"@id\":\"https:\\\/\\\/suresms.com\\\/en\\\/#organization\"},\"potentialAction\":[{\"@type\":\"SearchAction\",\"target\":{\"@type\":\"EntryPoint\",\"urlTemplate\":\"https:\\\/\\\/suresms.com\\\/en\\\/?s={search_term_string}\"},\"query-input\":{\"@type\":\"PropertyValueSpecification\",\"valueRequired\":true,\"valueName\":\"search_term_string\"}}],\"inLanguage\":\"fr-FR\"},{\"@type\":\"Organization\",\"@id\":\"https:\\\/\\\/suresms.com\\\/en\\\/#organization\",\"name\":\"SureSMS\",\"url\":\"https:\\\/\\\/suresms.com\\\/en\\\/\",\"logo\":{\"@type\":\"ImageObject\",\"inLanguage\":\"fr-FR\",\"@id\":\"https:\\\/\\\/suresms.com\\\/en\\\/#\\\/schema\\\/logo\\\/image\\\/\",\"url\":\"https:\\\/\\\/suresms.com\\\/wp-content\\\/uploads\\\/2024\\\/11\\\/suresms-300x65-1.png\",\"contentUrl\":\"https:\\\/\\\/suresms.com\\\/wp-content\\\/uploads\\\/2024\\\/11\\\/suresms-300x65-1.png\",\"width\":300,\"height\":65,\"caption\":\"SureSMS\"},\"image\":{\"@id\":\"https:\\\/\\\/suresms.com\\\/en\\\/#\\\/schema\\\/logo\\\/image\\\/\"},\"sameAs\":[\"https:\\\/\\\/www.facebook.com\\\/p\\\/SureSMS-100044607956149\\\/\"]}]}<\/script>\r\n<!-- \/ Yoast SEO Premium plugin. -->","yoast_head_json":{"title":"SMS bidirectionnel, recevez des SMS sur votre ordinateur et votre iPad. Commandez la solution bidirectionnelle !","description":"Avec le SMS bidirectionnel, vous pouvez recevoir des SMS sur votre ordinateur ou votre iPad. La solution de SureSMS est la plus simple pour vos clients. Lorsqu'ils re\u00e7oivent un SMS, ils peuvent y r\u00e9pondre.","robots":{"index":"index","follow":"follow","max-snippet":"max-snippet:-1","max-image-preview":"max-image-preview:large","max-video-preview":"max-video-preview:-1"},"canonical":"https:\/\/suresms.com\/fr\/caracteristiques\/recevoir-des-messages-texte-sur-votre-ordinateur\/","og_locale":"fr_FR","og_type":"article","og_title":"Modtag SMS p\u00e5 din computer","og_description":"Med 2 vejs SMS kan du modtage SMS p\u00e5 din computer eller iPad. L\u00f8sning fra SureSMS er den nemmeste for dine kunder. N\u00e5r de modtager SMS kan de svare p\u00e5 den.","og_url":"https:\/\/suresms.com\/fr\/caracteristiques\/recevoir-des-messages-texte-sur-votre-ordinateur\/","article_publisher":"https:\/\/www.facebook.com\/p\/SureSMS-100044607956149\/","article_modified_time":"2026-03-17T11:40:09+00:00","og_image":[{"url":"https:\/\/suresms.com\/wp-content\/uploads\/2014\/10\/2-vejs-virtuelle-400x150-pix.jpg","type":"","width":"","height":""}],"twitter_card":"summary_large_image","twitter_misc":{"Dur\u00e9e de lecture estim\u00e9e":"6 minutes"},"schema":{"@context":"https:\/\/schema.org","@graph":[{"@type":"WebPage","@id":"https:\/\/suresms.com\/dk\/funktioner\/modtag-sms-pa-din-computer\/","url":"https:\/\/suresms.com\/dk\/funktioner\/modtag-sms-pa-din-computer\/","name":"SMS bidirectionnel, recevez des SMS sur votre ordinateur et votre iPad. Commandez la solution bidirectionnelle !","isPartOf":{"@id":"https:\/\/suresms.com\/en\/#website"},"primaryImageOfPage":{"@id":"https:\/\/suresms.com\/dk\/funktioner\/modtag-sms-pa-din-computer\/#primaryimage"},"image":{"@id":"https:\/\/suresms.com\/dk\/funktioner\/modtag-sms-pa-din-computer\/#primaryimage"},"thumbnailUrl":"https:\/\/suresms.com\/wp-content\/uploads\/2014\/10\/2-vejs-virtuelle-400x150-pix.jpg","datePublished":"2014-10-12T08:47:57+00:00","dateModified":"2026-03-17T11:40:09+00:00","description":"Avec le SMS bidirectionnel, vous pouvez recevoir des SMS sur votre ordinateur ou votre iPad. La solution de SureSMS est la plus simple pour vos clients. Lorsqu'ils re\u00e7oivent un SMS, ils peuvent y r\u00e9pondre.","breadcrumb":{"@id":"https:\/\/suresms.com\/dk\/funktioner\/modtag-sms-pa-din-computer\/#breadcrumb"},"inLanguage":"fr-FR","potentialAction":[{"@type":"ReadAction","target":["https:\/\/suresms.com\/dk\/funktioner\/modtag-sms-pa-din-computer\/"]}]},{"@type":"ImageObject","inLanguage":"fr-FR","@id":"https:\/\/suresms.com\/dk\/funktioner\/modtag-sms-pa-din-computer\/#primaryimage","url":"https:\/\/suresms.com\/wp-content\/uploads\/2014\/10\/2-vejs-virtuelle-400x150-pix.jpg","contentUrl":"https:\/\/suresms.com\/wp-content\/uploads\/2014\/10\/2-vejs-virtuelle-400x150-pix.jpg"},{"@type":"BreadcrumbList","@id":"https:\/\/suresms.com\/dk\/funktioner\/modtag-sms-pa-din-computer\/#breadcrumb","itemListElement":[{"@type":"ListItem","position":1,"name":"Home","item":"https:\/\/suresms.com\/dk\/"},{"@type":"ListItem","position":2,"name":"Funktioner","item":"https:\/\/suresms.com\/dk\/funktioner\/"},{"@type":"ListItem","position":3,"name":"Modtag SMS p\u00e5 din computer"}]},{"@type":"WebSite","@id":"https:\/\/suresms.com\/en\/#website","url":"https:\/\/suresms.com\/en\/","name":"SureSMS","description":"Passerelle SMS professionnelle","publisher":{"@id":"https:\/\/suresms.com\/en\/#organization"},"potentialAction":[{"@type":"SearchAction","target":{"@type":"EntryPoint","urlTemplate":"https:\/\/suresms.com\/en\/?s={search_term_string}"},"query-input":{"@type":"PropertyValueSpecification","valueRequired":true,"valueName":"search_term_string"}}],"inLanguage":"fr-FR"},{"@type":"Organization","@id":"https:\/\/suresms.com\/en\/#organization","name":"SureSMS","url":"https:\/\/suresms.com\/en\/","logo":{"@type":"ImageObject","inLanguage":"fr-FR","@id":"https:\/\/suresms.com\/en\/#\/schema\/logo\/image\/","url":"https:\/\/suresms.com\/wp-content\/uploads\/2024\/11\/suresms-300x65-1.png","contentUrl":"https:\/\/suresms.com\/wp-content\/uploads\/2024\/11\/suresms-300x65-1.png","width":300,"height":65,"caption":"SureSMS"},"image":{"@id":"https:\/\/suresms.com\/en\/#\/schema\/logo\/image\/"},"sameAs":["https:\/\/www.facebook.com\/p\/SureSMS-100044607956149\/"]}]}},"_links":{"self":[{"href":"https:\/\/suresms.com\/fr\/wp-json\/wp\/v2\/pages\/449","targetHints":{"allow":["GET"]}}],"collection":[{"href":"https:\/\/suresms.com\/fr\/wp-json\/wp\/v2\/pages"}],"about":[{"href":"https:\/\/suresms.com\/fr\/wp-json\/wp\/v2\/types\/page"}],"author":[{"embeddable":true,"href":"https:\/\/suresms.com\/fr\/wp-json\/wp\/v2\/users\/1"}],"replies":[{"embeddable":true,"href":"https:\/\/suresms.com\/fr\/wp-json\/wp\/v2\/comments?post=449"}],"version-history":[{"count":10,"href":"https:\/\/suresms.com\/fr\/wp-json\/wp\/v2\/pages\/449\/revisions"}],"predecessor-version":[{"id":23849,"href":"https:\/\/suresms.com\/fr\/wp-json\/wp\/v2\/pages\/449\/revisions\/23849"}],"up":[{"embeddable":true,"href":"https:\/\/suresms.com\/fr\/wp-json\/wp\/v2\/pages\/958"}],"wp:attachment":[{"href":"https:\/\/suresms.com\/fr\/wp-json\/wp\/v2\/media?parent=449"}],"wp:term":[{"taxonomy":"category","embeddable":true,"href":"https:\/\/suresms.com\/fr\/wp-json\/wp\/v2\/categories?post=449"},{"taxonomy":"post_tag","embeddable":true,"href":"https:\/\/suresms.com\/fr\/wp-json\/wp\/v2\/tags?post=449"}],"curies":[{"name":"wp","href":"https:\/\/api.w.org\/{rel}","templated":true}]}}