{"id":3881,"date":"2016-11-15T13:46:24","date_gmt":"2016-11-15T11:46:24","guid":{"rendered":"https:\/\/www.suresms.com\/dk\/?page_id=3881"},"modified":"2025-01-10T11:00:14","modified_gmt":"2025-01-10T11:00:14","slug":"solution-joomla-sms","status":"publish","type":"page","link":"https:\/\/suresms.com\/fr\/integrationer\/cms-content-management-system-sms-integration\/joomla-sms-loesning\/","title":{"rendered":"Solution SMS Joomla"},"content":{"rendered":"<!-- Flexy Breadcrumb -->\r\n\t\t\t<div class=\"fbc fbc-page\">\r\n\r\n\t\t\t\t<!-- Breadcrumb wrapper -->\r\n\t\t\t\t<div class=\"fbc-wrap\">\r\n\r\n\t\t\t\t\t<!-- Ordered list-->\r\n\t\t\t\t\t<ol class=\"fbc-items\" itemscope itemtype=\"https:\/\/schema.org\/BreadcrumbList\">\r\n\t\t\t\t\t\t            <li itemprop=\"itemListElement\" itemscope itemtype=\"https:\/\/schema.org\/ListItem\">\r\n                <span itemprop=\"name\">\r\n                    <!-- Home Link -->\r\n                    <a itemprop=\"item\" href=\"https:\/\/suresms.com\/fr\/\">\r\n                    \r\n                                                    <i class=\"fa fa-home\" aria-hidden=\"true\"><\/i>Accueil                    <\/a>\r\n                <\/span>\r\n                <meta itemprop=\"position\" content=\"1\" \/><!-- Meta Position-->\r\n             <\/li><li><span class=\"fbc-separator\">\/<\/span><\/li><li class=\"active\" itemprop=\"itemListElement\" itemscope itemtype=\"https:\/\/schema.org\/ListItem\"><span itemprop=\"name\" title=\"Solution SMS Joomla\">Solution SMS Joomla<\/span><meta itemprop=\"position\" content=\"2\" \/><\/li>\t\t\t\t\t<\/ol>\r\n\t\t\t\t\t<div class=\"clearfix\"><\/div>\r\n\t\t\t\t<\/div>\r\n\t\t\t<\/div>\r\n\t\t\t\n\t\n\n<h1>Envoyer des SMS depuis Joomla - Plug'in de Acyba.com.<\/h1>\n<p>SureSMS a \u00e9t\u00e9 choisi comme l'une des passerelles SMS standard qu'Acyba utilise dans sa solution AcySMS.<\/p>\n<p>AcySMS est une extension gratuite pour Joomla. L'extension est enti\u00e8rement int\u00e9gr\u00e9e \u00e0 votre site Joomla et vous permet de cr\u00e9er des campagnes de suivi, des autor\u00e9pondeurs, des newsletters, des publicit\u00e9s, des promotions, des offres et des autor\u00e9pondeurs .... le tout via SMS.<\/p>\n<p>En tant que seule passerelle SMS danoise, SureSMS offre, dans le cadre d'AcySMS, la possibilit\u00e9 de recevoir des r\u00e9ponses en retour.<\/p>\n<h2>Comment d\u00e9marrer<\/h2>\n<p>Pour commencer, rendez-vous sur Acyba.com et t\u00e9l\u00e9chargez le plugin.<\/p>\n<p>Ensuite, vous devez cr\u00e9er un compte de test en cliquant sur le bouton jaune \"Cr\u00e9er un compte de test gratuit\" ci-dessous.<\/p>\n<p>Une fois que vous avez tout mis en place, il vous suffit d'\u00e9crire \u00e0 support@suresms.com et de demander \u00e0 changer votre compte de test en compte r\u00e9el.<\/p>\n<p>&nbsp;<\/p>\n\n\t\t<h3><a href=\"http:\/\/suresms.com\/fr\/?page_id=449\" target=\"_self\">Recevoir des SMS - Cr\u00e9er une solution bidirectionnelle<\/a><\/h3>\n\t\t\t\t<a href=\"http:\/\/suresms.com\/fr\/?page_id=449\" target=\"_self\" itemprop=\"url\">\n\t\t\t\t<img loading=\"lazy\" decoding=\"async\" src=\"https:\/\/suresms.com\/wp-content\/uploads\/2016\/06\/2-vejs-sms-outlook-callout.jpg\" alt=\"Appel de perspectives par sms bidirectionnel\" itemprop=\"image\" height=\"300\" width=\"400\" title=\"Appel de perspectives par sms bidirectionnel\" onerror=\"this.style.display='none'\"  \/>\n\t\t\t\t<\/a>\n<p>Lorsque vous utilisez notre plugin SMS Outlook, vous avez la possibilit\u00e9 de sauvegarder tous les SMS envoy\u00e9s dans un dossier s\u00e9par\u00e9. Vous disposez ainsi toujours d'une archive de ce qui a \u00e9t\u00e9 envoy\u00e9.<\/p>\n<p><strong>Avec une solution payante bidirectionnelle, vous pouvez \u00e9galement recevoir des SMS dans votre Outlook,<\/strong> et obtenir ainsi un historique de l'ensemble du dialogue par SMS. Cela peut \u00eatre un grand avantage si vous \u00eates dans une position qui n\u00e9cessite un archivage.<\/p>\n<p>Suivez le lien pour en savoir plus sur nos solutions bidirectionnelles : vous pouvez \u00e9galement cr\u00e9er facilement votre propre solution bidirectionnelle.<\/p>\n\t\t\t<a href=\"http:\/\/suresms.com\/fr\/?page_id=449\" target=\"_self\">\n\t\t\t\t\t\t\tAller aux solutions bidirectionnelles\n\t\t\t\t\t<\/a>\n\t\t<h3><a href=\"https:\/\/suresms.com\/fr\/caracteristiques\/recevoir-des-messages-texte-sur-votre-ordinateur\/\" target=\"_self\">SMS bidirectionnel - Plages de num\u00e9ros<\/a><\/h3>\n\t\t\t\t<a href=\"https:\/\/suresms.com\/fr\/caracteristiques\/recevoir-des-messages-texte-sur-votre-ordinateur\/\" target=\"_self\" itemprop=\"url\">\n\t\t\t\t<img loading=\"lazy\" decoding=\"async\" src=\"https:\/\/suresms.com\/wp-content\/uploads\/2016\/06\/Nummerserier-modtag-sms-Outlook-callout.jpg\" alt=\"Plages de num\u00e9ros recevoir des sms Outlook callout\" itemprop=\"image\" height=\"300\" width=\"400\" title=\"Plages de num\u00e9ros recevoir des sms Outlook callout\" onerror=\"this.style.display='none'\"  \/>\n\t\t\t\t<\/a>\n<p>Si vous avez de nombreux employ\u00e9s dans votre organisation qui ont besoin de pouvoir envoyer et recevoir des SMS via Outlook, notre s\u00e9rie de num\u00e9ros virtuels est le produit qu'il vous faut. <a href=\"http:\/\/suresms.com\/fr\/?page_id=2260\">Contacter SureSMS<\/a> Pour plus d'informations.<\/p>\n<ul>\n<li><strong>Pour de nombreuses pistes (min 10)<\/strong><\/li>\n<li><strong>Prix sur rendez-vous<\/strong><\/li>\n<li><strong>Chiffres danois<\/strong><\/li>\n<li><strong>R\u00e9ception illimit\u00e9e<\/strong><\/li>\n<li><strong>Facture gratuite<\/strong><\/li>\n<\/ul>\n\t\t\t<a href=\"https:\/\/suresms.com\/fr\/caracteristiques\/recevoir-des-messages-texte-sur-votre-ordinateur\/\" target=\"_self\">\n\t\t\t\t\t\t\t\u00c0 propos des s\u00e9ries de num\u00e9ros SureSMS\n\t\t\t\t\t<\/a>\n\t<h3><strong>Guide pratique<\/strong><\/h3>\n\n<h4><strong>L'installation de notre compl\u00e9ment pour Outlook est facile. Il suffit de suivre ces quelques instructions.<br \/>Si vous souhaitez des conseils plus d\u00e9taill\u00e9s, <a href=\"http:\/\/manual.suresms.com\/plugins\/manual-send-sms-fra-outlook\/\">Voir la description compl\u00e8te sur notre site manuel<\/a>o\u00f9 nous avons des descriptions d\u00e9taill\u00e9es et des guides pour toutes nos fonctionnalit\u00e9s.<\/strong><\/h4>\n\t\t<h3>Installer SureSMS pour Outlook<\/h3><ol>\n<li>T\u00e9l\u00e9chargez notre plugin via le lien en haut de cette page.<\/li>\n<li>Installer le programme<\/li>\n<li>Ouvrez votre Outlook. Vous verrez une capture d'\u00e9cran comme celle de gauche.<\/li>\n<li>Remplir les informations de connexion.<\/li>\n<li>Si vous n'avez pas encore de compte, vous pouvez en obtenir un en suivant le lien bleu sur votre \u00e9cran de connexion.<\/li>\n<\/ol>\n\t\t\t\t<img loading=\"lazy\" decoding=\"async\" src=\"https:\/\/suresms.com\/wp-content\/uploads\/2016\/06\/sms-Outlook-vejledning1.png\" alt=\"SMS Orientations pour les perspectives1\" itemprop=\"image\" height=\"393\" width=\"413\" title=\"SMS Orientations pour les perspectives1\" onerror=\"this.style.display='none'\"  \/>\n\t\t<h3>Envoyer des SMS depuis Outlook<\/h3><p>Une fois que vous avez install\u00e9 notre compl\u00e9ment, vous verrez un nouveau groupe d'ic\u00f4nes sur le c\u00f4t\u00e9 droit de votre menu, comme sur l'image ci-contre.<\/p>\n<p>Il suffit ensuite de taper le num\u00e9ro, le message et d'appuyer sur envoyer.<\/p>\n<p>Vous pouvez taper +46 puis le num\u00e9ro si vous voulez envoyer vers la Su\u00e8de par exemple, mais si vous voulez envoyer vers le Danemark, il suffit de d\u00e9finir le code du pays sur l'\u00e9cran de configuration et le syst\u00e8me d\u00e9finira lui-m\u00eame le code du pays.<\/p>\n\n\t\t\t\t<img loading=\"lazy\" decoding=\"async\" src=\"https:\/\/suresms.com\/wp-content\/uploads\/2016\/06\/sms-outlook-plugin-Add-in-vejledning.png\" alt=\"sms outlook plugin Add-in guide\" itemprop=\"image\" height=\"343\" width=\"378\" title=\"sms outlook plugin Add-in guide\" onerror=\"this.style.display='none'\"  \/>\n\t\t<h3><a href=\"http:\/\/suresms.com\/fr\/documents\/\" target=\"_self\">Visitez le site web de notre manuel<\/a><\/h3>\n\t\t\t\t<a href=\"http:\/\/suresms.com\/fr\/documents\/\" target=\"_self\" itemprop=\"url\">\n\t\t\t\t<img loading=\"lazy\" decoding=\"async\" src=\"https:\/\/suresms.com\/wp-content\/uploads\/2016\/03\/Manual-400x250-px1.jpg\" alt=\"manuel site web suresms\" itemprop=\"image\" height=\"250\" width=\"400\" title=\"Manuel 400x250 px\" onerror=\"this.style.display='none'\"  \/>\n\t\t\t\t<\/a>\n<p>Pour aider nos clients, nous avons rassembl\u00e9 toutes les instructions et descriptions sur suresms.com\/docs. Vous pouvez y voir comment fonctionne notre passerelle et obtenir des instructions simples et conviviales pour les nombreuses fonctionnalit\u00e9s.<\/p>\n\t\t<h3><a href=\"http:\/\/developer.suresms.com\/\" target=\"_self\">developer.suresms.com<\/a><\/h3>\n\t\t\t\t<a href=\"http:\/\/developer.suresms.com\/\" target=\"_self\" itemprop=\"url\">\n\t\t\t\t<img loading=\"lazy\" decoding=\"async\" src=\"https:\/\/suresms.com\/wp-content\/uploads\/2016\/03\/developer-400x250-px.jpg\" alt=\"d\u00e9veloppeur suresms site web pour d\u00e9veloppeurs\" itemprop=\"image\" height=\"250\" width=\"400\" title=\"d\u00e9veloppeur 400x250 px\" onerror=\"this.style.display='none'\"  \/>\n\t\t\t\t<\/a>\nSureSMS est con\u00e7u par des d\u00e9veloppeurs pour des d\u00e9veloppeurs !<br \/>\nSur developer.suresms.com, nous avons rassembl\u00e9 de la documentation et des exemples de code pour faciliter l'int\u00e9gration de notre passerelle dans votre syst\u00e8me.\n\t\t<h3><a href=\"https:\/\/www.youtube.com\/channel\/UC1XGC5rl9mI9ndtBVn8yq7g\" target=\"_self\">Regardez nos vid\u00e9os d'instruction !<\/a><\/h3>\n\t\t\t\t<a href=\"https:\/\/www.youtube.com\/channel\/UC1XGC5rl9mI9ndtBVn8yq7g\" target=\"_self\" itemprop=\"url\">\n\t\t\t\t<img loading=\"lazy\" decoding=\"async\" src=\"https:\/\/suresms.com\/wp-content\/uploads\/2016\/03\/you-tube400x250px.jpg\" alt=\"suresms sms gateway you tube videos\" itemprop=\"image\" height=\"250\" width=\"400\" title=\"you tube 400x250px\" onerror=\"this.style.display='none'\"  \/>\n\t\t\t\t<\/a>\n<p>Vous commencez \u00e0 utiliser une nouvelle fonctionnalit\u00e9 ? Ou avez-vous simplement besoin d'en savoir un peu plus sur le fonctionnement de notre passerelle ? Sur Youtube, nous avons rassembl\u00e9 nos vid\u00e9os d'instruction. Pr\u00eat \u00e0 l'emploi !<\/p>","protected":false},"excerpt":{"rendered":"<p>Envoyer des SMS depuis Joomla - Plug'in d'Acyba.com. SureSMS a \u00e9t\u00e9 choisi comme l'une des passerelles SMS standard qu'Acyba utilise dans sa solution AcySMS. AcySMS est une extension gratuite pour Joomla. L'extension est enti\u00e8rement int\u00e9gr\u00e9e \u00e0 votre site Joomla et vous permet de cr\u00e9er des campagnes de suivi, des autor\u00e9pondeurs, des newsletters, des publicit\u00e9s, des offres et ... <a title=\"Solution SMS Joomla\" class=\"read-more\" href=\"https:\/\/suresms.com\/fr\/integrationer\/cms-content-management-system-sms-integration\/joomla-sms-loesning\/\" aria-label=\"En savoir plus sur Joomla SMS l\u00f8sning\">En savoir plus<\/a><\/p>","protected":false},"author":1,"featured_media":0,"parent":14437,"menu_order":0,"comment_status":"closed","ping_status":"closed","template":"","meta":{"_fl_builder_enabled":"1","_fl_builder_data":null,"_fl_builder_draft":null,"_fl_builder_data_settings":null,"_fl_builder_css":"","_fl_builder_css_version":"","_fl_builder_js":"","footnotes":""},"categories":[],"tags":[],"class_list":["post-3881","page","type-page","status-publish"],"yoast_head":"<!-- This site is optimized with the Yoast SEO Premium plugin v27.3 (Yoast SEO v27.3) - https:\/\/yoast.com\/product\/yoast-seo-premium-wordpress\/ -->\r\n<title>Joomla SMS system - SMS direkte fra din Joomla shop med AcySMS<\/title>\r\n<meta name=\"description\" content=\"Joomla SMS integration | Joomla SMS Plugin | Send nyheds og ordrestatus SMS fra din Joomla installation med AcySMS og SureSMS gateway.\" \/>\r\n<meta name=\"robots\" content=\"index, follow, max-snippet:-1, max-image-preview:large, max-video-preview:-1\" \/>\r\n<link rel=\"canonical\" href=\"https:\/\/suresms.com\/fr\/integrations\/cms-systeme-de-gestion-de-contenu-integration-sms\/solution-joomla-sms\/\" \/>\r\n<meta property=\"og:locale\" content=\"fr_FR\" \/>\r\n<meta property=\"og:type\" content=\"article\" \/>\r\n<meta property=\"og:title\" content=\"Update - SMS til Outlook Plugin Version 1.4 - SureSMS\" \/>\r\n<meta property=\"og:description\" content=\"Update - GRATIS SMS Add-in til Outlook. Send SMS til kontakter &amp; grupper - Fuld dokumentation - Gratis testkonto. Flere afsender-ID muligheder. Modtag svar p\u00e5 mobil eller i Outlook med 2-vejs L\u00f8sning. NU op til 800 tegn i beskeden.\" \/>\r\n<meta property=\"og:url\" content=\"https:\/\/suresms.com\/fr\/integrations\/cms-systeme-de-gestion-de-contenu-integration-sms\/solution-joomla-sms\/\" \/>\r\n<meta property=\"article:publisher\" content=\"https:\/\/www.facebook.com\/p\/SureSMS-100044607956149\/\" \/>\r\n<meta property=\"article:modified_time\" content=\"2025-01-10T11:00:14+00:00\" \/>\r\n<meta property=\"og:image\" content=\"https:\/\/suresms.com\/wp-content\/uploads\/2016\/02\/facebook-Outlook-plugin-version-1.4-snippet-1.jpg\" \/>\r\n\t<meta property=\"og:image:width\" content=\"1200\" \/>\r\n\t<meta property=\"og:image:height\" content=\"630\" \/>\r\n\t<meta property=\"og:image:type\" content=\"image\/jpeg\" \/>\r\n<meta name=\"twitter:card\" content=\"summary_large_image\" \/>\r\n<meta name=\"twitter:title\" content=\"Joomla SMS l\u00f8sning\" \/>\r\n<meta name=\"twitter:label1\" content=\"Dur\u00e9e de lecture estim\u00e9e\" \/>\n\t<meta name=\"twitter:data1\" content=\"3 minutes\" \/>\r\n<script type=\"application\/ld+json\" class=\"yoast-schema-graph\">{\"@context\":\"https:\\\/\\\/schema.org\",\"@graph\":[{\"@type\":\"WebPage\",\"@id\":\"https:\\\/\\\/suresms.com\\\/dk\\\/integrationer\\\/cms-content-management-system-sms-integration\\\/joomla-sms-loesning\\\/\",\"url\":\"https:\\\/\\\/suresms.com\\\/dk\\\/integrationer\\\/cms-content-management-system-sms-integration\\\/joomla-sms-loesning\\\/\",\"name\":\"Joomla SMS system - SMS direkte fra din Joomla shop med AcySMS\",\"isPartOf\":{\"@id\":\"https:\\\/\\\/suresms.com\\\/en\\\/#website\"},\"primaryImageOfPage\":{\"@id\":\"https:\\\/\\\/suresms.com\\\/dk\\\/integrationer\\\/cms-content-management-system-sms-integration\\\/joomla-sms-loesning\\\/#primaryimage\"},\"image\":{\"@id\":\"https:\\\/\\\/suresms.com\\\/dk\\\/integrationer\\\/cms-content-management-system-sms-integration\\\/joomla-sms-loesning\\\/#primaryimage\"},\"thumbnailUrl\":\"https:\\\/\\\/suresms.com\\\/wp-content\\\/uploads\\\/2016\\\/06\\\/2-vejs-sms-outlook-callout.jpg\",\"datePublished\":\"2016-11-15T11:46:24+00:00\",\"dateModified\":\"2025-01-10T11:00:14+00:00\",\"description\":\"Joomla SMS integration | Joomla SMS Plugin | Send nyheds og ordrestatus SMS fra din Joomla installation med AcySMS og SureSMS gateway.\",\"breadcrumb\":{\"@id\":\"https:\\\/\\\/suresms.com\\\/dk\\\/integrationer\\\/cms-content-management-system-sms-integration\\\/joomla-sms-loesning\\\/#breadcrumb\"},\"inLanguage\":\"fr-FR\",\"potentialAction\":[{\"@type\":\"ReadAction\",\"target\":[\"https:\\\/\\\/suresms.com\\\/dk\\\/integrationer\\\/cms-content-management-system-sms-integration\\\/joomla-sms-loesning\\\/\"]}]},{\"@type\":\"ImageObject\",\"inLanguage\":\"fr-FR\",\"@id\":\"https:\\\/\\\/suresms.com\\\/dk\\\/integrationer\\\/cms-content-management-system-sms-integration\\\/joomla-sms-loesning\\\/#primaryimage\",\"url\":\"https:\\\/\\\/suresms.com\\\/wp-content\\\/uploads\\\/2016\\\/06\\\/2-vejs-sms-outlook-callout.jpg\",\"contentUrl\":\"https:\\\/\\\/suresms.com\\\/wp-content\\\/uploads\\\/2016\\\/06\\\/2-vejs-sms-outlook-callout.jpg\"},{\"@type\":\"BreadcrumbList\",\"@id\":\"https:\\\/\\\/suresms.com\\\/dk\\\/integrationer\\\/cms-content-management-system-sms-integration\\\/joomla-sms-loesning\\\/#breadcrumb\",\"itemListElement\":[{\"@type\":\"ListItem\",\"position\":1,\"name\":\"Home\",\"item\":\"https:\\\/\\\/suresms.com\\\/dk\\\/\"},{\"@type\":\"ListItem\",\"position\":2,\"name\":\"Integrationer\",\"item\":\"https:\\\/\\\/suresms.com\\\/dk\\\/integrationer\\\/\"},{\"@type\":\"ListItem\",\"position\":3,\"name\":\"SMS integration til Content Management Systemer (CMS systemer)\",\"item\":\"https:\\\/\\\/suresms.com\\\/dk\\\/integrationer\\\/cms-content-management-system-sms-integration\\\/\"},{\"@type\":\"ListItem\",\"position\":4,\"name\":\"Joomla SMS l\u00f8sning\"}]},{\"@type\":\"WebSite\",\"@id\":\"https:\\\/\\\/suresms.com\\\/en\\\/#website\",\"url\":\"https:\\\/\\\/suresms.com\\\/en\\\/\",\"name\":\"SureSMS\",\"description\":\"Professionel SMS Gateway\",\"publisher\":{\"@id\":\"https:\\\/\\\/suresms.com\\\/en\\\/#organization\"},\"potentialAction\":[{\"@type\":\"SearchAction\",\"target\":{\"@type\":\"EntryPoint\",\"urlTemplate\":\"https:\\\/\\\/suresms.com\\\/en\\\/?s={search_term_string}\"},\"query-input\":{\"@type\":\"PropertyValueSpecification\",\"valueRequired\":true,\"valueName\":\"search_term_string\"}}],\"inLanguage\":\"fr-FR\"},{\"@type\":\"Organization\",\"@id\":\"https:\\\/\\\/suresms.com\\\/en\\\/#organization\",\"name\":\"SureSMS\",\"url\":\"https:\\\/\\\/suresms.com\\\/en\\\/\",\"logo\":{\"@type\":\"ImageObject\",\"inLanguage\":\"fr-FR\",\"@id\":\"https:\\\/\\\/suresms.com\\\/en\\\/#\\\/schema\\\/logo\\\/image\\\/\",\"url\":\"https:\\\/\\\/suresms.com\\\/wp-content\\\/uploads\\\/2024\\\/11\\\/suresms-300x65-1.png\",\"contentUrl\":\"https:\\\/\\\/suresms.com\\\/wp-content\\\/uploads\\\/2024\\\/11\\\/suresms-300x65-1.png\",\"width\":300,\"height\":65,\"caption\":\"SureSMS\"},\"image\":{\"@id\":\"https:\\\/\\\/suresms.com\\\/en\\\/#\\\/schema\\\/logo\\\/image\\\/\"},\"sameAs\":[\"https:\\\/\\\/www.facebook.com\\\/p\\\/SureSMS-100044607956149\\\/\"]}]}<\/script>\r\n<!-- \/ Yoast SEO Premium plugin. -->","yoast_head_json":{"title":"Syst\u00e8me SMS Joomla - Envoyez des SMS directement depuis votre boutique Joomla avec AcySMS","description":"Joomla SMS integration | Joomla SMS Plugin | Envoyez des nouvelles et des statuts de commande par SMS depuis votre installation Joomla avec AcySMS et la passerelle SureSMS.","robots":{"index":"index","follow":"follow","max-snippet":"max-snippet:-1","max-image-preview":"max-image-preview:large","max-video-preview":"max-video-preview:-1"},"canonical":"https:\/\/suresms.com\/fr\/integrations\/cms-systeme-de-gestion-de-contenu-integration-sms\/solution-joomla-sms\/","og_locale":"fr_FR","og_type":"article","og_title":"Update - SMS til Outlook Plugin Version 1.4 - SureSMS","og_description":"Update - GRATIS SMS Add-in til Outlook. Send SMS til kontakter & grupper - Fuld dokumentation - Gratis testkonto. Flere afsender-ID muligheder. Modtag svar p\u00e5 mobil eller i Outlook med 2-vejs L\u00f8sning. NU op til 800 tegn i beskeden.","og_url":"https:\/\/suresms.com\/fr\/integrations\/cms-systeme-de-gestion-de-contenu-integration-sms\/solution-joomla-sms\/","article_publisher":"https:\/\/www.facebook.com\/p\/SureSMS-100044607956149\/","article_modified_time":"2025-01-10T11:00:14+00:00","og_image":[{"width":1200,"height":630,"url":"https:\/\/suresms.com\/wp-content\/uploads\/2016\/02\/facebook-Outlook-plugin-version-1.4-snippet-1.jpg","type":"image\/jpeg"}],"twitter_card":"summary_large_image","twitter_title":"Joomla SMS l\u00f8sning","twitter_misc":{"Dur\u00e9e de lecture estim\u00e9e":"3 minutes"},"schema":{"@context":"https:\/\/schema.org","@graph":[{"@type":"WebPage","@id":"https:\/\/suresms.com\/dk\/integrationer\/cms-content-management-system-sms-integration\/joomla-sms-loesning\/","url":"https:\/\/suresms.com\/dk\/integrationer\/cms-content-management-system-sms-integration\/joomla-sms-loesning\/","name":"Syst\u00e8me SMS Joomla - Envoyez des SMS directement depuis votre boutique Joomla avec AcySMS","isPartOf":{"@id":"https:\/\/suresms.com\/en\/#website"},"primaryImageOfPage":{"@id":"https:\/\/suresms.com\/dk\/integrationer\/cms-content-management-system-sms-integration\/joomla-sms-loesning\/#primaryimage"},"image":{"@id":"https:\/\/suresms.com\/dk\/integrationer\/cms-content-management-system-sms-integration\/joomla-sms-loesning\/#primaryimage"},"thumbnailUrl":"https:\/\/suresms.com\/wp-content\/uploads\/2016\/06\/2-vejs-sms-outlook-callout.jpg","datePublished":"2016-11-15T11:46:24+00:00","dateModified":"2025-01-10T11:00:14+00:00","description":"Joomla SMS integration | Joomla SMS Plugin | Envoyez des nouvelles et des statuts de commande par SMS depuis votre installation Joomla avec AcySMS et la passerelle SureSMS.","breadcrumb":{"@id":"https:\/\/suresms.com\/dk\/integrationer\/cms-content-management-system-sms-integration\/joomla-sms-loesning\/#breadcrumb"},"inLanguage":"fr-FR","potentialAction":[{"@type":"ReadAction","target":["https:\/\/suresms.com\/dk\/integrationer\/cms-content-management-system-sms-integration\/joomla-sms-loesning\/"]}]},{"@type":"ImageObject","inLanguage":"fr-FR","@id":"https:\/\/suresms.com\/dk\/integrationer\/cms-content-management-system-sms-integration\/joomla-sms-loesning\/#primaryimage","url":"https:\/\/suresms.com\/wp-content\/uploads\/2016\/06\/2-vejs-sms-outlook-callout.jpg","contentUrl":"https:\/\/suresms.com\/wp-content\/uploads\/2016\/06\/2-vejs-sms-outlook-callout.jpg"},{"@type":"BreadcrumbList","@id":"https:\/\/suresms.com\/dk\/integrationer\/cms-content-management-system-sms-integration\/joomla-sms-loesning\/#breadcrumb","itemListElement":[{"@type":"ListItem","position":1,"name":"Home","item":"https:\/\/suresms.com\/dk\/"},{"@type":"ListItem","position":2,"name":"Integrationer","item":"https:\/\/suresms.com\/dk\/integrationer\/"},{"@type":"ListItem","position":3,"name":"SMS integration til Content Management Systemer (CMS systemer)","item":"https:\/\/suresms.com\/dk\/integrationer\/cms-content-management-system-sms-integration\/"},{"@type":"ListItem","position":4,"name":"Joomla SMS l\u00f8sning"}]},{"@type":"WebSite","@id":"https:\/\/suresms.com\/en\/#website","url":"https:\/\/suresms.com\/en\/","name":"SureSMS","description":"Passerelle SMS professionnelle","publisher":{"@id":"https:\/\/suresms.com\/en\/#organization"},"potentialAction":[{"@type":"SearchAction","target":{"@type":"EntryPoint","urlTemplate":"https:\/\/suresms.com\/en\/?s={search_term_string}"},"query-input":{"@type":"PropertyValueSpecification","valueRequired":true,"valueName":"search_term_string"}}],"inLanguage":"fr-FR"},{"@type":"Organization","@id":"https:\/\/suresms.com\/en\/#organization","name":"SureSMS","url":"https:\/\/suresms.com\/en\/","logo":{"@type":"ImageObject","inLanguage":"fr-FR","@id":"https:\/\/suresms.com\/en\/#\/schema\/logo\/image\/","url":"https:\/\/suresms.com\/wp-content\/uploads\/2024\/11\/suresms-300x65-1.png","contentUrl":"https:\/\/suresms.com\/wp-content\/uploads\/2024\/11\/suresms-300x65-1.png","width":300,"height":65,"caption":"SureSMS"},"image":{"@id":"https:\/\/suresms.com\/en\/#\/schema\/logo\/image\/"},"sameAs":["https:\/\/www.facebook.com\/p\/SureSMS-100044607956149\/"]}]}},"_links":{"self":[{"href":"https:\/\/suresms.com\/fr\/wp-json\/wp\/v2\/pages\/3881","targetHints":{"allow":["GET"]}}],"collection":[{"href":"https:\/\/suresms.com\/fr\/wp-json\/wp\/v2\/pages"}],"about":[{"href":"https:\/\/suresms.com\/fr\/wp-json\/wp\/v2\/types\/page"}],"author":[{"embeddable":true,"href":"https:\/\/suresms.com\/fr\/wp-json\/wp\/v2\/users\/1"}],"replies":[{"embeddable":true,"href":"https:\/\/suresms.com\/fr\/wp-json\/wp\/v2\/comments?post=3881"}],"version-history":[{"count":10,"href":"https:\/\/suresms.com\/fr\/wp-json\/wp\/v2\/pages\/3881\/revisions"}],"predecessor-version":[{"id":21404,"href":"https:\/\/suresms.com\/fr\/wp-json\/wp\/v2\/pages\/3881\/revisions\/21404"}],"up":[{"embeddable":true,"href":"https:\/\/suresms.com\/fr\/wp-json\/wp\/v2\/pages\/14437"}],"wp:attachment":[{"href":"https:\/\/suresms.com\/fr\/wp-json\/wp\/v2\/media?parent=3881"}],"wp:term":[{"taxonomy":"category","embeddable":true,"href":"https:\/\/suresms.com\/fr\/wp-json\/wp\/v2\/categories?post=3881"},{"taxonomy":"post_tag","embeddable":true,"href":"https:\/\/suresms.com\/fr\/wp-json\/wp\/v2\/tags?post=3881"}],"curies":[{"name":"wp","href":"https:\/\/api.w.org\/{rel}","templated":true}]}}