{"id":3864,"date":"2016-11-10T12:31:52","date_gmt":"2016-11-10T10:31:52","guid":{"rendered":"https:\/\/www.suresms.com\/dk\/?page_id=3864"},"modified":"2025-01-16T08:23:24","modified_gmt":"2025-01-16T08:23:24","slug":"solution-sms-woocommerce","status":"publish","type":"page","link":"https:\/\/suresms.com\/fr\/integrationer\/shop-systemer\/woocommerce-sms-loesning\/","title":{"rendered":"Solution WooCommerce SMS"},"content":{"rendered":"<!-- Flexy Breadcrumb -->\r\n\t\t\t<div class=\"fbc fbc-page\">\r\n\r\n\t\t\t\t<!-- Breadcrumb wrapper -->\r\n\t\t\t\t<div class=\"fbc-wrap\">\r\n\r\n\t\t\t\t\t<!-- Ordered list-->\r\n\t\t\t\t\t<ol class=\"fbc-items\" itemscope itemtype=\"https:\/\/schema.org\/BreadcrumbList\">\r\n\t\t\t\t\t\t            <li itemprop=\"itemListElement\" itemscope itemtype=\"https:\/\/schema.org\/ListItem\">\r\n                <span itemprop=\"name\">\r\n                    <!-- Home Link -->\r\n                    <a itemprop=\"item\" href=\"https:\/\/suresms.com\/fr\/\">\r\n                    \r\n                                                    <i class=\"fa fa-home\" aria-hidden=\"true\"><\/i>Accueil                    <\/a>\r\n                <\/span>\r\n                <meta itemprop=\"position\" content=\"1\" \/><!-- Meta Position-->\r\n             <\/li><li><span class=\"fbc-separator\">\/<\/span><\/li><li class=\"active\" itemprop=\"itemListElement\" itemscope itemtype=\"https:\/\/schema.org\/ListItem\"><span itemprop=\"name\" title=\"Solution WooCommerce SMS\">Solution WooCommerce SMS<\/span><meta itemprop=\"position\" content=\"2\" \/><\/li>\t\t\t\t\t<\/ol>\r\n\t\t\t\t\t<div class=\"clearfix\"><\/div>\r\n\t\t\t\t<\/div>\r\n\t\t\t<\/div>\r\n\t\t\t\n<p>&nbsp;<\/p>\n<p>&nbsp;<\/p>\n<h1>Envoyer des SMS depuis WooCommerce - Plug'in de Rommel.dk<\/h1>\n<p>En collaboration avec SureSMS, Rommel.dk a cr\u00e9\u00e9 un plugin pour WooCommerce afin que vous puissiez tenir vos clients inform\u00e9s de l'\u00e9tat de leur commande via WooCommerce et SureSMS.<\/p>\n<p>Le plugin co\u00fbte 450,- et vous ne payez que pour les SMS envoy\u00e9s via la passerelle SMS Sure.  Il n'y a pas d'abonnement. Voir notre<a href=\"https:\/\/suresms.com\/fr\/a-propos-de-suresms\/prix-et-paiement\/\">\u00a0Prix de la passerelle SMS<\/a> Ici.<\/p>\n<p>Le plugin prend en charge les mod\u00e8les et l'envoi de SMS dans plusieurs langues. Il supporte WPML et Polylang dans WooCommerce.<\/p>\n<h2>Recevoir des SMS pour les nouvelles commandes<\/h2>\n<p>Les notifications SMS de WooCommerce permettent \u00e9galement d'envoyer des messages SMS \u00e0 l'administrateur de la boutique en ligne lorsque de nouvelles commandes sont re\u00e7ues. De cette fa\u00e7on, vous pouvez toujours rester au courant de ce qu'il y a \u00e0 faire dans l'entrep\u00f4t.<\/p>\n<h2>Comment d\u00e9marrer<\/h2>\n<p>Pour commencer, rendez-vous sur <a href=\"https:\/\/rommel.dk\/produkt\/woocommerce-sms-notifikationer\/\">Rommel.dk<\/a>\u00a0et t\u00e9l\u00e9chargez le plugin lui-m\u00eame. Ensuite, vous devez cr\u00e9er un compte de test en cliquant sur le bouton jaune \"Cr\u00e9er un compte de test gratuit\" ci-dessous. Une fois que vous avez tout configur\u00e9, \u00e9crivez simplement \u00e0 support@suresms.com et demandez \u00e0 changer votre compte de test en compte r\u00e9el.<\/p>\n<p>&nbsp;<\/p>\n<p>&nbsp;<\/p>\n\t\t<h3>Cr\u00e9er un compte d'essai gratuit SureSMS<\/h3>\n\t\t<p>Cr\u00e9ez un compte de test maintenant et essayez notre plugin Outlook. Vous ne payez pas de frais de mise en service ni d'abonnement. Le prix par SMS est le m\u00eame, que vous envoyiez peu ou beaucoup de messages.<\/p>\n<p>Cependant, vous pouvez d\u00e8s \u00e0 pr\u00e9sent cr\u00e9er un compte d'essai gratuit et recevoir 50 SMS gratuits lors de votre inscription. Vous pourrez ainsi tester notre produit gratuitement. Et bien s\u00fbr, notre compte d'essai n'est assorti d'aucune condition.<\/p>\n\t\t\t<a href=\"https:\/\/suresms.com\/fr\/commande\/compte-test-sms-gratuit\/\" target=\"_self\">\n\t\t\t\t\t\t\tCr\u00e9er un compte d'essai gratuit\n\t\t\t\t\t<\/a>\n\t\t<h3>T\u00e9l\u00e9charger SureSMS Outlook Add-in version 1.4<\/h3>\n\t\t<p>A partir de ce lien, vous pouvez t\u00e9l\u00e9charger notre module compl\u00e9mentaire SureSMS SMS directement sur votre ordinateur. Ce compl\u00e9ment permet d'envoyer rapidement - et tr\u00e8s, tr\u00e8s facilement - des SMS \u00e0 partir d'Outlook.<\/p>\n<strong>Le compl\u00e9ment \/ notre plugin fonctionne pour Outlook 2013 et 2016.<\/strong><br \/>\nCela fonctionne que vous utilisiez Office 365 ou votre propre serveur Exchange.\n\t\t\t<a href=\"https:\/\/manual.suresms.com\/download\/Sms2Outlook.msi\" target=\"_self\">\n\t\t\t\t\t\t\tT\u00e9l\u00e9charger SMS Outlook Plugin\n\t\t\t\t\t<\/a>\n\t\t<h3><a href=\"https:\/\/suresms.com\/fr\/caracteristiques\/recevoir-des-messages-texte-sur-votre-ordinateur\/\" target=\"_self\">Recevoir des SMS - Cr\u00e9er une solution bidirectionnelle<\/a><\/h3>\n\t\t\t\t<a href=\"https:\/\/suresms.com\/fr\/caracteristiques\/recevoir-des-messages-texte-sur-votre-ordinateur\/\" target=\"_self\" itemprop=\"url\">\n\t\t\t\t<img loading=\"lazy\" decoding=\"async\" src=\"https:\/\/suresms.com\/wp-content\/uploads\/2016\/06\/2-vejs-sms-outlook-callout.jpg\" alt=\"Appel de perspectives par sms bidirectionnel\" itemprop=\"image\" height=\"300\" width=\"400\" title=\"Appel de perspectives par sms bidirectionnel\" onerror=\"this.style.display='none'\"  \/>\n\t\t\t\t<\/a>\n<p>Lorsque vous utilisez notre plugin SMS Outlook, vous avez la possibilit\u00e9 de sauvegarder tous les SMS envoy\u00e9s dans un dossier s\u00e9par\u00e9. Vous disposez ainsi toujours d'une archive de ce qui a \u00e9t\u00e9 envoy\u00e9.<\/p>\n<p><strong>Avec une solution payante bidirectionnelle, vous pouvez \u00e9galement recevoir des SMS dans votre Outlook,<\/strong> et obtenir ainsi un historique de l'ensemble du dialogue par SMS. Cela peut \u00eatre un grand avantage si vous \u00eates dans une position qui n\u00e9cessite un archivage.<\/p>\n<p>Suivez le lien pour en savoir plus sur nos solutions bidirectionnelles : vous pouvez \u00e9galement cr\u00e9er facilement votre propre solution bidirectionnelle.<\/p>\n\t\t\t<a href=\"https:\/\/suresms.com\/fr\/caracteristiques\/recevoir-des-messages-texte-sur-votre-ordinateur\/\" target=\"_self\">\n\t\t\t\t\t\t\tAller aux solutions bidirectionnelles\n\t\t\t\t\t<\/a>\n\t\t<h3><a href=\"https:\/\/suresms.com\/fr\/?page_id=449\" target=\"_self\">SMS bidirectionnel - Plages de num\u00e9ros<\/a><\/h3>\n\t\t\t\t<a href=\"https:\/\/suresms.com\/fr\/?page_id=449\" target=\"_self\" itemprop=\"url\">\n\t\t\t\t<img loading=\"lazy\" decoding=\"async\" src=\"https:\/\/suresms.com\/wp-content\/uploads\/2016\/06\/Nummerserier-modtag-sms-Outlook-callout.jpg\" alt=\"Plages de num\u00e9ros recevoir des sms Outlook callout\" itemprop=\"image\" height=\"300\" width=\"400\" title=\"Plages de num\u00e9ros recevoir des sms Outlook callout\" onerror=\"this.style.display='none'\"  \/>\n\t\t\t\t<\/a>\n<p>Si vous avez de nombreux employ\u00e9s dans votre organisation qui ont besoin de pouvoir envoyer et recevoir des SMS via Outlook, notre s\u00e9rie de num\u00e9ros virtuels est le produit qu'il vous faut. <a href=\"http:\/\/suresms.com\/fr\/?page_id=2260\">Contacter SureSMS<\/a> Pour plus d'informations.<\/p>\n<ul>\n<li><strong>Pour de nombreuses pistes (min 10)<\/strong><\/li>\n<li><strong>Prix sur rendez-vous<\/strong><\/li>\n<li><strong>Chiffres danois<\/strong><\/li>\n<li><strong>R\u00e9ception illimit\u00e9e<\/strong><\/li>\n<li><strong>Facture gratuite<\/strong><\/li>\n<\/ul>\n\t\t\t<a href=\"https:\/\/suresms.com\/fr\/?page_id=449\" target=\"_self\">\n\t\t\t\t\t\t\t\u00c0 propos des s\u00e9ries de num\u00e9ros SureSMS\n\t\t\t\t\t<\/a>\n\t<h3><strong>Guide pratique<\/strong><\/h3>\n<p>&nbsp;<\/p>\n<h4><strong>L'installation de notre compl\u00e9ment pour Outlook est facile. Il suffit de suivre ces quelques instructions.<br \/>\nSi vous souhaitez des conseils plus d\u00e9taill\u00e9s, <a href=\"http:\/\/manual.suresms.com\/plugins\/manual-send-sms-fra-outlook\/\">Voir la description compl\u00e8te sur notre site manuel<\/a>o\u00f9 nous avons des descriptions d\u00e9taill\u00e9es et des guides pour toutes nos fonctionnalit\u00e9s.<\/strong><\/h4>\n\t\t\t\t<img loading=\"lazy\" decoding=\"async\" src=\"https:\/\/suresms.com\/wp-content\/uploads\/2016\/06\/sms-Outlook-vejledning1.png\" alt=\"SMS Orientations pour les perspectives1\" itemprop=\"image\" height=\"393\" width=\"413\" title=\"SMS Orientations pour les perspectives1\" onerror=\"this.style.display='none'\"  \/>\n\t\t<h3>Installer SureSMS pour Outlook<\/h3><ol>\n<li>T\u00e9l\u00e9chargez notre plugin via le lien en haut de cette page.<\/li>\n<li>Installer le programme<\/li>\n<li>Ouvrez votre Outlook. Vous verrez une capture d'\u00e9cran comme celle de gauche.<\/li>\n<li>Remplir les informations de connexion.<\/li>\n<li>Si vous n'avez pas encore de compte, vous pouvez en obtenir un en suivant le lien bleu sur votre \u00e9cran de connexion.<\/li>\n<\/ol>\n\t\t\t\t<img loading=\"lazy\" decoding=\"async\" src=\"https:\/\/suresms.com\/wp-content\/uploads\/2016\/06\/sms-outlook-plugin-Add-in-vejledning.png\" alt=\"sms outlook plugin Add-in guide\" itemprop=\"image\" height=\"343\" width=\"378\" title=\"sms outlook plugin Add-in guide\" onerror=\"this.style.display='none'\"  \/>\n\t\t<h3>Envoyer des SMS depuis Outlook<\/h3><p>Une fois que vous avez install\u00e9 notre compl\u00e9ment, vous verrez un nouveau groupe d'ic\u00f4nes sur le c\u00f4t\u00e9 droit de votre menu, comme sur l'image ci-contre.<\/p>\n<p>Il suffit ensuite de taper le num\u00e9ro, le message et d'appuyer sur envoyer.<\/p>\n<p>Vous pouvez taper +46 puis le num\u00e9ro si vous voulez envoyer vers la Su\u00e8de par exemple, mais si vous voulez envoyer vers le Danemark, il suffit de d\u00e9finir le code du pays sur l'\u00e9cran de configuration et le syst\u00e8me d\u00e9finira lui-m\u00eame le code du pays.<\/p>\n\n\t\t<h3><a href=\"http:\/\/suresms.com\/fr\/documents\/\" target=\"_self\">Visitez le site web de notre manuel<\/a><\/h3>\n\t\t\t\t<a href=\"http:\/\/suresms.com\/fr\/documents\/\" target=\"_self\" itemprop=\"url\">\n\t\t\t\t<img loading=\"lazy\" decoding=\"async\" src=\"https:\/\/suresms.com\/wp-content\/uploads\/2016\/03\/Manual-400x250-px1.jpg\" alt=\"manuel site web suresms\" itemprop=\"image\" height=\"250\" width=\"400\" title=\"Manuel 400x250 px\" onerror=\"this.style.display='none'\"  \/>\n\t\t\t\t<\/a>\n<p>Pour aider nos clients, nous avons rassembl\u00e9 toutes les instructions et descriptions sur suresms.com\/docs. Vous pouvez y voir comment fonctionne notre passerelle et obtenir des instructions simples et conviviales pour les nombreuses fonctionnalit\u00e9s.<\/p>\n\t\t<h3><a href=\"http:\/\/developer.suresms.com\/\" target=\"_self\">developer.suresms.com<\/a><\/h3>\n\t\t\t\t<a href=\"http:\/\/developer.suresms.com\/\" target=\"_self\" itemprop=\"url\">\n\t\t\t\t<img loading=\"lazy\" decoding=\"async\" src=\"https:\/\/suresms.com\/wp-content\/uploads\/2016\/03\/developer-400x250-px.jpg\" alt=\"d\u00e9veloppeur suresms site web pour d\u00e9veloppeurs\" itemprop=\"image\" height=\"250\" width=\"400\" title=\"d\u00e9veloppeur 400x250 px\" onerror=\"this.style.display='none'\"  \/>\n\t\t\t\t<\/a>\nSureSMS est con\u00e7u par des d\u00e9veloppeurs pour des d\u00e9veloppeurs !<br \/>\nSur developer.suresms.com, nous avons rassembl\u00e9 de la documentation et des exemples de code pour faciliter l'int\u00e9gration de notre passerelle dans votre syst\u00e8me.\n\t\t<h3><a href=\"https:\/\/www.youtube.com\/channel\/UC1XGC5rl9mI9ndtBVn8yq7g\" target=\"_self\">Regardez nos vid\u00e9os d'instruction !<\/a><\/h3>\n\t\t\t\t<a href=\"https:\/\/www.youtube.com\/channel\/UC1XGC5rl9mI9ndtBVn8yq7g\" target=\"_self\" itemprop=\"url\">\n\t\t\t\t<img loading=\"lazy\" decoding=\"async\" src=\"https:\/\/suresms.com\/wp-content\/uploads\/2016\/03\/you-tube400x250px.jpg\" alt=\"suresms sms gateway you tube videos\" itemprop=\"image\" height=\"250\" width=\"400\" title=\"you tube 400x250px\" onerror=\"this.style.display='none'\"  \/>\n\t\t\t\t<\/a>\n<p>Vous commencez \u00e0 utiliser une nouvelle fonctionnalit\u00e9 ? Ou avez-vous simplement besoin d'en savoir un peu plus sur le fonctionnement de notre passerelle ? Sur Youtube, nous avons rassembl\u00e9 nos vid\u00e9os d'instruction. Pr\u00eat \u00e0 l'emploi !<\/p>","protected":false},"excerpt":{"rendered":"<p>&nbsp; &nbsp; Envoyer des SMS depuis WooCommerce - Plug'in de Rommel.dk En collaboration avec SureSMS, Rommel.dk a cr\u00e9\u00e9 un plugin pour WooCommerce afin que vous puissiez tenir vos clients inform\u00e9s de l'\u00e9tat de leur commande via WooCommerce et SureSMS. Le plugin co\u00fbte 450,- et vous ne payez que pour les SMS envoy\u00e9s via la passerelle SureSMS.  Il n'y a pas de ... <a title=\"Solution WooCommerce SMS\" class=\"read-more\" href=\"https:\/\/suresms.com\/fr\/integrationer\/shop-systemer\/woocommerce-sms-loesning\/\" aria-label=\"En savoir plus sur WooCommerce SMS l\u00f8sning\">En savoir plus<\/a><\/p>","protected":false},"author":1,"featured_media":0,"parent":15935,"menu_order":0,"comment_status":"closed","ping_status":"closed","template":"","meta":{"_fl_builder_enabled":"1","_fl_builder_data":null,"_fl_builder_draft":null,"_fl_builder_data_settings":null,"_fl_builder_css":"","_fl_builder_css_version":"","_fl_builder_js":"","footnotes":""},"categories":[],"tags":[],"class_list":["post-3864","page","type-page","status-publish"],"yoast_head":"<!-- This site is optimized with the Yoast SEO Premium plugin v27.3 (Yoast SEO v27.3) - https:\/\/yoast.com\/product\/yoast-seo-premium-wordpress\/ -->\r\n<title>WooCommerce SMS notifikationer - SMS fra din WooCommerce shop<\/title>\r\n<meta name=\"description\" content=\"WooCommerce SMS integration | SureSMS WooCommerce Plugin | Send SMS ved ordrestatus og f\u00e5 SMS n\u00e5r du f\u00e5r nye ordre. | Betal kun pr. SMS.\" \/>\r\n<meta name=\"robots\" content=\"index, follow, max-snippet:-1, max-image-preview:large, max-video-preview:-1\" \/>\r\n<link rel=\"canonical\" href=\"https:\/\/suresms.com\/fr\/integrations\/systemes-de-magasins\/solution-sms-woocommerce\/\" \/>\r\n<meta property=\"og:locale\" content=\"fr_FR\" \/>\r\n<meta property=\"og:type\" content=\"article\" \/>\r\n<meta property=\"og:title\" content=\"Update - SMS til Outlook Plugin Version 1.4 - SureSMS\" \/>\r\n<meta property=\"og:description\" content=\"Update - GRATIS SMS Add-in til Outlook. Send SMS til kontakter &amp; grupper - Fuld dokumentation - Gratis testkonto. Flere afsender-ID muligheder. Modtag svar p\u00e5 mobil eller i Outlook med 2-vejs L\u00f8sning. NU op til 800 tegn i beskeden.\" \/>\r\n<meta property=\"og:url\" content=\"https:\/\/suresms.com\/fr\/integrations\/systemes-de-magasins\/solution-sms-woocommerce\/\" \/>\r\n<meta property=\"article:publisher\" content=\"https:\/\/www.facebook.com\/p\/SureSMS-100044607956149\/\" \/>\r\n<meta property=\"article:modified_time\" content=\"2025-01-16T08:23:24+00:00\" \/>\r\n<meta property=\"og:image\" content=\"https:\/\/suresms.com\/wp-content\/uploads\/2016\/11\/WooCommerse-sms-plugin-facebook-snippet-1.jpg\" \/>\r\n\t<meta property=\"og:image:width\" content=\"1200\" \/>\r\n\t<meta property=\"og:image:height\" content=\"630\" \/>\r\n\t<meta property=\"og:image:type\" content=\"image\/jpeg\" \/>\r\n<meta name=\"twitter:card\" content=\"summary_large_image\" \/>\r\n<meta name=\"twitter:title\" content=\"WooCommerce SMS l\u00f8sning\" \/>\r\n<meta name=\"twitter:label1\" content=\"Dur\u00e9e de lecture estim\u00e9e\" \/>\n\t<meta name=\"twitter:data1\" content=\"4 minutes\" \/>\r\n<script type=\"application\/ld+json\" class=\"yoast-schema-graph\">{\"@context\":\"https:\\\/\\\/schema.org\",\"@graph\":[{\"@type\":\"WebPage\",\"@id\":\"https:\\\/\\\/suresms.com\\\/dk\\\/integrationer\\\/shop-systemer\\\/woocommerce-sms-loesning\\\/\",\"url\":\"https:\\\/\\\/suresms.com\\\/dk\\\/integrationer\\\/shop-systemer\\\/woocommerce-sms-loesning\\\/\",\"name\":\"WooCommerce SMS notifikationer - SMS fra din WooCommerce shop\",\"isPartOf\":{\"@id\":\"https:\\\/\\\/suresms.com\\\/en\\\/#website\"},\"primaryImageOfPage\":{\"@id\":\"https:\\\/\\\/suresms.com\\\/dk\\\/integrationer\\\/shop-systemer\\\/woocommerce-sms-loesning\\\/#primaryimage\"},\"image\":{\"@id\":\"https:\\\/\\\/suresms.com\\\/dk\\\/integrationer\\\/shop-systemer\\\/woocommerce-sms-loesning\\\/#primaryimage\"},\"thumbnailUrl\":\"https:\\\/\\\/suresms.com\\\/wp-content\\\/uploads\\\/2016\\\/06\\\/2-vejs-sms-outlook-callout.jpg\",\"datePublished\":\"2016-11-10T10:31:52+00:00\",\"dateModified\":\"2025-01-16T08:23:24+00:00\",\"description\":\"WooCommerce SMS integration | SureSMS WooCommerce Plugin | Send SMS ved ordrestatus og f\u00e5 SMS n\u00e5r du f\u00e5r nye ordre. | Betal kun pr. SMS.\",\"breadcrumb\":{\"@id\":\"https:\\\/\\\/suresms.com\\\/dk\\\/integrationer\\\/shop-systemer\\\/woocommerce-sms-loesning\\\/#breadcrumb\"},\"inLanguage\":\"fr-FR\",\"potentialAction\":[{\"@type\":\"ReadAction\",\"target\":[\"https:\\\/\\\/suresms.com\\\/dk\\\/integrationer\\\/shop-systemer\\\/woocommerce-sms-loesning\\\/\"]}]},{\"@type\":\"ImageObject\",\"inLanguage\":\"fr-FR\",\"@id\":\"https:\\\/\\\/suresms.com\\\/dk\\\/integrationer\\\/shop-systemer\\\/woocommerce-sms-loesning\\\/#primaryimage\",\"url\":\"https:\\\/\\\/suresms.com\\\/wp-content\\\/uploads\\\/2016\\\/06\\\/2-vejs-sms-outlook-callout.jpg\",\"contentUrl\":\"https:\\\/\\\/suresms.com\\\/wp-content\\\/uploads\\\/2016\\\/06\\\/2-vejs-sms-outlook-callout.jpg\"},{\"@type\":\"BreadcrumbList\",\"@id\":\"https:\\\/\\\/suresms.com\\\/dk\\\/integrationer\\\/shop-systemer\\\/woocommerce-sms-loesning\\\/#breadcrumb\",\"itemListElement\":[{\"@type\":\"ListItem\",\"position\":1,\"name\":\"Home\",\"item\":\"https:\\\/\\\/suresms.com\\\/dk\\\/\"},{\"@type\":\"ListItem\",\"position\":2,\"name\":\"Integrationer\",\"item\":\"https:\\\/\\\/suresms.com\\\/dk\\\/integrationer\\\/\"},{\"@type\":\"ListItem\",\"position\":3,\"name\":\"SMS integration til Shop systemer\",\"item\":\"https:\\\/\\\/suresms.com\\\/dk\\\/integrationer\\\/shop-systemer\\\/\"},{\"@type\":\"ListItem\",\"position\":4,\"name\":\"WooCommerce SMS l\u00f8sning\"}]},{\"@type\":\"WebSite\",\"@id\":\"https:\\\/\\\/suresms.com\\\/en\\\/#website\",\"url\":\"https:\\\/\\\/suresms.com\\\/en\\\/\",\"name\":\"SureSMS\",\"description\":\"Professionel SMS Gateway\",\"publisher\":{\"@id\":\"https:\\\/\\\/suresms.com\\\/en\\\/#organization\"},\"potentialAction\":[{\"@type\":\"SearchAction\",\"target\":{\"@type\":\"EntryPoint\",\"urlTemplate\":\"https:\\\/\\\/suresms.com\\\/en\\\/?s={search_term_string}\"},\"query-input\":{\"@type\":\"PropertyValueSpecification\",\"valueRequired\":true,\"valueName\":\"search_term_string\"}}],\"inLanguage\":\"fr-FR\"},{\"@type\":\"Organization\",\"@id\":\"https:\\\/\\\/suresms.com\\\/en\\\/#organization\",\"name\":\"SureSMS\",\"url\":\"https:\\\/\\\/suresms.com\\\/en\\\/\",\"logo\":{\"@type\":\"ImageObject\",\"inLanguage\":\"fr-FR\",\"@id\":\"https:\\\/\\\/suresms.com\\\/en\\\/#\\\/schema\\\/logo\\\/image\\\/\",\"url\":\"https:\\\/\\\/suresms.com\\\/wp-content\\\/uploads\\\/2024\\\/11\\\/suresms-300x65-1.png\",\"contentUrl\":\"https:\\\/\\\/suresms.com\\\/wp-content\\\/uploads\\\/2024\\\/11\\\/suresms-300x65-1.png\",\"width\":300,\"height\":65,\"caption\":\"SureSMS\"},\"image\":{\"@id\":\"https:\\\/\\\/suresms.com\\\/en\\\/#\\\/schema\\\/logo\\\/image\\\/\"},\"sameAs\":[\"https:\\\/\\\/www.facebook.com\\\/p\\\/SureSMS-100044607956149\\\/\"]}]}<\/script>\r\n<!-- \/ Yoast SEO Premium plugin. -->","yoast_head_json":{"title":"WooCommerce SMS notifications - SMS depuis votre boutique WooCommerce","description":"WooCommerce SMS integration | SureSMS WooCommerce Plugin | Envoyez des SMS sur l'\u00e9tat de la commande et recevez des SMS lorsque vous avez de nouvelles commandes. | Paiement par SMS uniquement.","robots":{"index":"index","follow":"follow","max-snippet":"max-snippet:-1","max-image-preview":"max-image-preview:large","max-video-preview":"max-video-preview:-1"},"canonical":"https:\/\/suresms.com\/fr\/integrations\/systemes-de-magasins\/solution-sms-woocommerce\/","og_locale":"fr_FR","og_type":"article","og_title":"Update - SMS til Outlook Plugin Version 1.4 - SureSMS","og_description":"Update - GRATIS SMS Add-in til Outlook. Send SMS til kontakter & grupper - Fuld dokumentation - Gratis testkonto. Flere afsender-ID muligheder. Modtag svar p\u00e5 mobil eller i Outlook med 2-vejs L\u00f8sning. NU op til 800 tegn i beskeden.","og_url":"https:\/\/suresms.com\/fr\/integrations\/systemes-de-magasins\/solution-sms-woocommerce\/","article_publisher":"https:\/\/www.facebook.com\/p\/SureSMS-100044607956149\/","article_modified_time":"2025-01-16T08:23:24+00:00","og_image":[{"width":1200,"height":630,"url":"https:\/\/suresms.com\/wp-content\/uploads\/2016\/11\/WooCommerse-sms-plugin-facebook-snippet-1.jpg","type":"image\/jpeg"}],"twitter_card":"summary_large_image","twitter_title":"WooCommerce SMS l\u00f8sning","twitter_misc":{"Dur\u00e9e de lecture estim\u00e9e":"4 minutes"},"schema":{"@context":"https:\/\/schema.org","@graph":[{"@type":"WebPage","@id":"https:\/\/suresms.com\/dk\/integrationer\/shop-systemer\/woocommerce-sms-loesning\/","url":"https:\/\/suresms.com\/dk\/integrationer\/shop-systemer\/woocommerce-sms-loesning\/","name":"WooCommerce SMS notifications - SMS depuis votre boutique WooCommerce","isPartOf":{"@id":"https:\/\/suresms.com\/en\/#website"},"primaryImageOfPage":{"@id":"https:\/\/suresms.com\/dk\/integrationer\/shop-systemer\/woocommerce-sms-loesning\/#primaryimage"},"image":{"@id":"https:\/\/suresms.com\/dk\/integrationer\/shop-systemer\/woocommerce-sms-loesning\/#primaryimage"},"thumbnailUrl":"https:\/\/suresms.com\/wp-content\/uploads\/2016\/06\/2-vejs-sms-outlook-callout.jpg","datePublished":"2016-11-10T10:31:52+00:00","dateModified":"2025-01-16T08:23:24+00:00","description":"WooCommerce SMS integration | SureSMS WooCommerce Plugin | Envoyez des SMS sur l'\u00e9tat de la commande et recevez des SMS lorsque vous avez de nouvelles commandes. | Paiement par SMS uniquement.","breadcrumb":{"@id":"https:\/\/suresms.com\/dk\/integrationer\/shop-systemer\/woocommerce-sms-loesning\/#breadcrumb"},"inLanguage":"fr-FR","potentialAction":[{"@type":"ReadAction","target":["https:\/\/suresms.com\/dk\/integrationer\/shop-systemer\/woocommerce-sms-loesning\/"]}]},{"@type":"ImageObject","inLanguage":"fr-FR","@id":"https:\/\/suresms.com\/dk\/integrationer\/shop-systemer\/woocommerce-sms-loesning\/#primaryimage","url":"https:\/\/suresms.com\/wp-content\/uploads\/2016\/06\/2-vejs-sms-outlook-callout.jpg","contentUrl":"https:\/\/suresms.com\/wp-content\/uploads\/2016\/06\/2-vejs-sms-outlook-callout.jpg"},{"@type":"BreadcrumbList","@id":"https:\/\/suresms.com\/dk\/integrationer\/shop-systemer\/woocommerce-sms-loesning\/#breadcrumb","itemListElement":[{"@type":"ListItem","position":1,"name":"Home","item":"https:\/\/suresms.com\/dk\/"},{"@type":"ListItem","position":2,"name":"Integrationer","item":"https:\/\/suresms.com\/dk\/integrationer\/"},{"@type":"ListItem","position":3,"name":"SMS integration til Shop systemer","item":"https:\/\/suresms.com\/dk\/integrationer\/shop-systemer\/"},{"@type":"ListItem","position":4,"name":"WooCommerce SMS l\u00f8sning"}]},{"@type":"WebSite","@id":"https:\/\/suresms.com\/en\/#website","url":"https:\/\/suresms.com\/en\/","name":"SureSMS","description":"Passerelle SMS professionnelle","publisher":{"@id":"https:\/\/suresms.com\/en\/#organization"},"potentialAction":[{"@type":"SearchAction","target":{"@type":"EntryPoint","urlTemplate":"https:\/\/suresms.com\/en\/?s={search_term_string}"},"query-input":{"@type":"PropertyValueSpecification","valueRequired":true,"valueName":"search_term_string"}}],"inLanguage":"fr-FR"},{"@type":"Organization","@id":"https:\/\/suresms.com\/en\/#organization","name":"SureSMS","url":"https:\/\/suresms.com\/en\/","logo":{"@type":"ImageObject","inLanguage":"fr-FR","@id":"https:\/\/suresms.com\/en\/#\/schema\/logo\/image\/","url":"https:\/\/suresms.com\/wp-content\/uploads\/2024\/11\/suresms-300x65-1.png","contentUrl":"https:\/\/suresms.com\/wp-content\/uploads\/2024\/11\/suresms-300x65-1.png","width":300,"height":65,"caption":"SureSMS"},"image":{"@id":"https:\/\/suresms.com\/en\/#\/schema\/logo\/image\/"},"sameAs":["https:\/\/www.facebook.com\/p\/SureSMS-100044607956149\/"]}]}},"_links":{"self":[{"href":"https:\/\/suresms.com\/fr\/wp-json\/wp\/v2\/pages\/3864","targetHints":{"allow":["GET"]}}],"collection":[{"href":"https:\/\/suresms.com\/fr\/wp-json\/wp\/v2\/pages"}],"about":[{"href":"https:\/\/suresms.com\/fr\/wp-json\/wp\/v2\/types\/page"}],"author":[{"embeddable":true,"href":"https:\/\/suresms.com\/fr\/wp-json\/wp\/v2\/users\/1"}],"replies":[{"embeddable":true,"href":"https:\/\/suresms.com\/fr\/wp-json\/wp\/v2\/comments?post=3864"}],"version-history":[{"count":7,"href":"https:\/\/suresms.com\/fr\/wp-json\/wp\/v2\/pages\/3864\/revisions"}],"predecessor-version":[{"id":21719,"href":"https:\/\/suresms.com\/fr\/wp-json\/wp\/v2\/pages\/3864\/revisions\/21719"}],"up":[{"embeddable":true,"href":"https:\/\/suresms.com\/fr\/wp-json\/wp\/v2\/pages\/15935"}],"wp:attachment":[{"href":"https:\/\/suresms.com\/fr\/wp-json\/wp\/v2\/media?parent=3864"}],"wp:term":[{"taxonomy":"category","embeddable":true,"href":"https:\/\/suresms.com\/fr\/wp-json\/wp\/v2\/categories?post=3864"},{"taxonomy":"post_tag","embeddable":true,"href":"https:\/\/suresms.com\/fr\/wp-json\/wp\/v2\/tags?post=3864"}],"curies":[{"name":"wp","href":"https:\/\/api.w.org\/{rel}","templated":true}]}}