{"id":333,"date":"2014-09-03T11:24:20","date_gmt":"2014-09-03T09:24:20","guid":{"rendered":"http:\/\/da.suresms.com\/?page_id=333"},"modified":"2026-04-02T18:24:03","modified_gmt":"2026-04-02T18:24:03","slug":"prix-des-passerelles-sms","status":"publish","type":"page","link":"https:\/\/suresms.com\/fr\/om-suresms\/sms-gateway-priser\/","title":{"rendered":"Prix des passerelles SMS"},"content":{"rendered":"<h1>Prix de la passerelle SMS !<\/h1>\n\t\t\t\t\t<h2>Passerelle SMS<\/h2> 0,- par mois<ul role=\"list\"><li role=\"listitem\">31 \u00f8re par SMS (hors TVA)<\/li><li role=\"listitem\">Cr\u00e9ation gratuite<\/li><li role=\"listitem\">0,- kr en abonnement<\/li><li role=\"listitem\">Aucune obligation<\/li><li role=\"listitem\">Facturation gratuite<\/li><li role=\"listitem\">Affiches CPR \u00e0 2 \u00f8re chacune.<\/li><\/ul>\n\t\t\t<a href=\"https:\/\/suresms.com\/fr\/creer-un-compte-sms-gateway\/\"  target=\"_self\">\n\t\t\t\t\t\tCr\u00e9er un compte\n\t\t\t\t\t<\/a>\n\t\t\t\t\t<h2>Num\u00e9ros VLN bidirectionnels<\/h2> 99,- par mois<ul role=\"list\"><li role=\"listitem\">31 \u00f8re par SMS (hors TVA)<\/li><li role=\"listitem\">Cr\u00e9ation gratuite<\/li><li role=\"listitem\">99,- en abonnement<\/li><li role=\"listitem\">Engagement de 6 mois<\/li><li role=\"listitem\">Facturation gratuite<\/li><li role=\"listitem\">Recevoir des SMS gratuitement<\/li><\/ul>\n\t\t\t<a href=\"https:\/\/suresms.com\/fr\/commande-dun-dechargement-a-deux-voies\/\"  target=\"_self\">\n\t\t\t\t\t\tAcheter le num\u00e9ro VLN\n\t\t\t\t\t<\/a>\n\t\t\t\t\t<h2>2 voies - SIM h\u00e9berg\u00e9e <\/h2> 199,- par mois<ul role=\"list\"><li role=\"listitem\">31 \u00f8re par SMS (hors TVA)<\/li><li role=\"listitem\">Cr\u00e9ation gratuite<\/li><li role=\"listitem\">199,- en souscription<\/li><li role=\"listitem\">Engagement de 6 mois<\/li><li role=\"listitem\">Facturation gratuite<\/li><li role=\"listitem\">Recevoir des SMS gratuitement<\/li><\/ul>\n\t\t\t<a href=\"https:\/\/suresms.com\/fr\/commande-dun-dechargement-a-deux-voies\/\"  target=\"_self\">\n\t\t\t\t\t\tAcheter une carte SIM h\u00e9berg\u00e9e\n\t\t\t\t\t<\/a>\n\t\t\t\t\t<h2>S\u00e9rie de num\u00e9ros \u00e0 2 voies<\/h2> max. 49,- par mois<ul role=\"list\"><li role=\"listitem\">Contactez-nous pour les prix<\/li><li role=\"listitem\">Cr\u00e9ation gratuite<\/li><li role=\"listitem\">max 49,- en fonction du volume <\/li><li role=\"listitem\">Engagement de 6 mois<\/li><li role=\"listitem\">Facturation gratuite<\/li><li role=\"listitem\">au moins 10 num\u00e9ros<\/li><\/ul>\n\t\t\t<a href=\"https:\/\/suresms.com\/fr\/contact\/\"  target=\"_self\">\n\t\t\t\t\t\tContactez nous \n\t\t\t\t\t<\/a>\n\t<p><strong>Le prix d'un SMS est le m\u00eame et vous payez pour chaque SMS envoy\u00e9, m\u00eame si le t\u00e9l\u00e9phone du destinataire est \u00e9teint, hors couverture ou si le num\u00e9ro est introuvable !<\/strong><\/p>\n<p><strong>Avec la SIM h\u00e9berg\u00e9e, vous ne payez PAS les SMS sortants \u00e0 votre op\u00e9rateur t\u00e9l\u00e9phonique, m\u00eame si nous avons votre carte SIM dans votre t\u00e9l\u00e9phone. Vous n'avez qu'\u00e0 nous payer, \u00e0 raison de 28 \u00f8re par SMS. Les quatre soci\u00e9t\u00e9s de t\u00e9l\u00e9communications danoises pr\u00e9cisent dans leurs conditions g\u00e9n\u00e9rales que vous n'\u00eates PAS autoris\u00e9 \u00e0 envoyer des SMS \"g\u00e9n\u00e9r\u00e9s par une machine\" avec votre carte SIM. Par cons\u00e9quent, l'envoi de SMS par les SMS Gateways via la carte SIM constituerait une violation des conditions g\u00e9n\u00e9rales des soci\u00e9t\u00e9s de t\u00e9l\u00e9communications. Nous envoyons donc le message SMS par le biais de notre connexion directe avec la soci\u00e9t\u00e9 de t\u00e9l\u00e9communications, mais nous recevons la r\u00e9ponse sur la carte SIM.<\/strong><\/p>\n\t<h3>\u00c0 propos de nos solutions bidirectionnelles<\/h3>\n<p>Vous avez besoin d'une solution bidirectionnelle si vous souhaitez recevoir des r\u00e9ponses \u00e0 vos messages SMS. Par exemple, pour les clients qui peuvent r\u00e9pondre \u00e0 des questions ou lorsque vous utilisez des SMS g\u00e9n\u00e9r\u00e9s par une machine, par exemple dans le cadre d'une surveillance. Une solution bidirectionnelle ne fait PAS partie de notre passerelle SMS gratuite.<\/p>\n<p>Les SMS que vous recevez font partie de l'abonnement (gratuit) et il n'y a pas de frais de mise en service. La solution bidirectionnelle est assortie d'un engagement de 6 mois et peut \u00eatre r\u00e9sili\u00e9e avec un pr\u00e9avis d'un mois. Le prix reste le m\u00eame par SMS envoy\u00e9.\u00a0<a title=\"SMS bidirectionnel, r\u00e9ception de SMS sur votre ordinateur\" href=\"https:\/\/suresms.com\/fr\/caracteristiques\/recevoir-des-messages-texte-sur-votre-ordinateur\/\">Pour en savoir plus sur notre solution bidirectionnelle, cliquez ICI !<\/a><\/p>\n\t\t<h3><a href=\"https:\/\/suresms.com\/fr\/compte-test-sms-gratuit\/\" target=\"_self\">Cr\u00e9ez un compte d'essai gratuit MAINTENANT !<\/a><\/h3><p>Vous pouvez cr\u00e9er un compte gratuitement pour tester notre syst\u00e8me avant de l'acheter. Suivez le lien et obtenez imm\u00e9diatement un compte de test comprenant 50 SMS gratuits. Vous n'avez pas besoin d'entrer de donn\u00e9es de paiement pour ouvrir un compte test, c'est un service de SureSMS pour vous, sans co\u00fbt financier ni obligation.<\/p>\n<p>Pour des raisons de s\u00e9curit\u00e9, nous v\u00e9rifions chaque compte manuellement et il peut parfois y avoir un court temps d'attente. Nous vous demandons de faire preuve de compr\u00e9hension \u00e0 cet \u00e9gard.<\/p>\n\t<figure itemscope itemtype=\"https:\/\/schema.org\/ImageObject\">\n\t\t\t\t<a href=\"https:\/\/suresms.com\/fr\/compte-test-sms-gratuit\/\"  target=\"_self\" itemprop=\"url\">\n\t\t\t\t<img decoding=\"async\" src=\"https:\/\/suresms.com\/wp-content\/uploads\/2014\/09\/test320-x243.jpg\" alt=\"cr\u00e9er un compte d&#039;essai gratuit sms s\u00fbr sms gateway gratuit -100 sms gratuits\" height=\"243\" width=\"320\" title=\"test320 x243\" onerror=\"this.style.display='none'\" loading=\"lazy\" \/>\n\t\t\t\t<\/a>\n\t<\/figure>","protected":false},"excerpt":{"rendered":"<p>Prix de la passerelle SMS ! SMS Gateway 0,- par mois 31 \u00f8re par SMS (ex. TVA) Cr\u00e9ation gratuite 0,- en abonnement Pas d'engagement Facturation gratuite Consultations CPR \u00e0 2 \u00f8re chacune Cr\u00e9er un compte Num\u00e9ros VLN bidirectionnels 99,- par mois 31 \u00f8re par SMS (ex. TVA) Cr\u00e9ation gratuite 99,- en abonnement 6 mois d'engagement Facturation gratuite R\u00e9ception gratuite ... <a title=\"Prix des passerelles SMS\" class=\"read-more\" href=\"https:\/\/suresms.com\/fr\/om-suresms\/sms-gateway-priser\/\" aria-label=\"En savoir plus sur les prix des passerelles SMS\">En savoir plus<\/a><\/p>","protected":false},"author":1,"featured_media":0,"parent":18594,"menu_order":4,"comment_status":"closed","ping_status":"closed","template":"","meta":{"_fl_builder_enabled":"1","_fl_builder_data":null,"_fl_builder_draft":null,"_fl_builder_data_settings":null,"_fl_builder_css":"","_fl_builder_css_version":"","_fl_builder_js":"","footnotes":""},"categories":[],"tags":[],"class_list":["post-333","page","type-page","status-publish"],"yoast_head":"<!-- This site is optimized with the Yoast SEO Premium plugin v27.3 (Yoast SEO v27.3) - https:\/\/yoast.com\/product\/yoast-seo-premium-wordpress\/ -->\r\n<title>SMS gateway priser | Se priserne og Opret en gratis testkonto<\/title>\r\n<meta name=\"description\" content=\"Vi tilbyder Danmarks bedste SMS gateway priser. Ingen oprettelse. Intet abonnement. 18 \u00f8re pr. SMS til Danmark. Gratis test konto allerede i dag. Signup!\" \/>\r\n<meta name=\"robots\" content=\"index, follow, max-snippet:-1, max-image-preview:large, max-video-preview:-1\" \/>\r\n<link rel=\"canonical\" href=\"https:\/\/suresms.com\/fr\/a-propos-de-suresms\/prix-des-passerelles-sms\/\" \/>\r\n<meta property=\"og:locale\" content=\"fr_FR\" \/>\r\n<meta property=\"og:type\" content=\"article\" \/>\r\n<meta property=\"og:title\" content=\"SMS gateway priser\" \/>\r\n<meta property=\"og:description\" content=\"Vi tilbyder Danmarks bedste SMS gateway priser. Ingen oprettelse. Intet abonnement. 18 \u00f8re pr. SMS til Danmark. Gratis test konto allerede i dag. Signup!\" \/>\r\n<meta property=\"og:url\" content=\"https:\/\/suresms.com\/fr\/a-propos-de-suresms\/prix-des-passerelles-sms\/\" \/>\r\n<meta property=\"article:publisher\" content=\"https:\/\/www.facebook.com\/p\/SureSMS-100044607956149\/\" \/>\r\n<meta property=\"article:modified_time\" content=\"2026-04-02T18:24:03+00:00\" \/>\r\n<meta property=\"og:image\" content=\"https:\/\/suresms.com\/wp-content\/uploads\/2014\/09\/test320-x243.jpg\" \/>\r\n<meta name=\"twitter:card\" content=\"summary_large_image\" \/>\r\n<meta name=\"twitter:label1\" content=\"Dur\u00e9e de lecture estim\u00e9e\" \/>\n\t<meta name=\"twitter:data1\" content=\"3 minutes\" \/>\r\n<script type=\"application\/ld+json\" class=\"yoast-schema-graph\">{\"@context\":\"https:\\\/\\\/schema.org\",\"@graph\":[{\"@type\":\"WebPage\",\"@id\":\"https:\\\/\\\/suresms.com\\\/dk\\\/om-suresms\\\/sms-gateway-priser\\\/\",\"url\":\"https:\\\/\\\/suresms.com\\\/dk\\\/om-suresms\\\/sms-gateway-priser\\\/\",\"name\":\"SMS gateway priser | Se priserne og Opret en gratis testkonto\",\"isPartOf\":{\"@id\":\"https:\\\/\\\/suresms.com\\\/en\\\/#website\"},\"primaryImageOfPage\":{\"@id\":\"https:\\\/\\\/suresms.com\\\/dk\\\/om-suresms\\\/sms-gateway-priser\\\/#primaryimage\"},\"image\":{\"@id\":\"https:\\\/\\\/suresms.com\\\/dk\\\/om-suresms\\\/sms-gateway-priser\\\/#primaryimage\"},\"thumbnailUrl\":\"https:\\\/\\\/suresms.com\\\/wp-content\\\/uploads\\\/2014\\\/09\\\/test320-x243.jpg\",\"datePublished\":\"2014-09-03T09:24:20+00:00\",\"dateModified\":\"2026-04-02T18:24:03+00:00\",\"description\":\"Vi tilbyder Danmarks bedste SMS gateway priser. Ingen oprettelse. Intet abonnement. 18 \u00f8re pr. SMS til Danmark. Gratis test konto allerede i dag. Signup!\",\"breadcrumb\":{\"@id\":\"https:\\\/\\\/suresms.com\\\/dk\\\/om-suresms\\\/sms-gateway-priser\\\/#breadcrumb\"},\"inLanguage\":\"fr-FR\",\"potentialAction\":[{\"@type\":\"ReadAction\",\"target\":[\"https:\\\/\\\/suresms.com\\\/dk\\\/om-suresms\\\/sms-gateway-priser\\\/\"]}]},{\"@type\":\"ImageObject\",\"inLanguage\":\"fr-FR\",\"@id\":\"https:\\\/\\\/suresms.com\\\/dk\\\/om-suresms\\\/sms-gateway-priser\\\/#primaryimage\",\"url\":\"https:\\\/\\\/suresms.com\\\/wp-content\\\/uploads\\\/2014\\\/09\\\/test320-x243.jpg\",\"contentUrl\":\"https:\\\/\\\/suresms.com\\\/wp-content\\\/uploads\\\/2014\\\/09\\\/test320-x243.jpg\"},{\"@type\":\"BreadcrumbList\",\"@id\":\"https:\\\/\\\/suresms.com\\\/dk\\\/om-suresms\\\/sms-gateway-priser\\\/#breadcrumb\",\"itemListElement\":[{\"@type\":\"ListItem\",\"position\":1,\"name\":\"Home\",\"item\":\"https:\\\/\\\/suresms.com\\\/dk\\\/\"},{\"@type\":\"ListItem\",\"position\":2,\"name\":\"Om SureSMS\",\"item\":\"https:\\\/\\\/suresms.com\\\/dk\\\/om-suresms\\\/\"},{\"@type\":\"ListItem\",\"position\":3,\"name\":\"SMS gateway priser\"}]},{\"@type\":\"WebSite\",\"@id\":\"https:\\\/\\\/suresms.com\\\/en\\\/#website\",\"url\":\"https:\\\/\\\/suresms.com\\\/en\\\/\",\"name\":\"SureSMS\",\"description\":\"Professionel SMS Gateway\",\"publisher\":{\"@id\":\"https:\\\/\\\/suresms.com\\\/en\\\/#organization\"},\"potentialAction\":[{\"@type\":\"SearchAction\",\"target\":{\"@type\":\"EntryPoint\",\"urlTemplate\":\"https:\\\/\\\/suresms.com\\\/en\\\/?s={search_term_string}\"},\"query-input\":{\"@type\":\"PropertyValueSpecification\",\"valueRequired\":true,\"valueName\":\"search_term_string\"}}],\"inLanguage\":\"fr-FR\"},{\"@type\":\"Organization\",\"@id\":\"https:\\\/\\\/suresms.com\\\/en\\\/#organization\",\"name\":\"SureSMS\",\"url\":\"https:\\\/\\\/suresms.com\\\/en\\\/\",\"logo\":{\"@type\":\"ImageObject\",\"inLanguage\":\"fr-FR\",\"@id\":\"https:\\\/\\\/suresms.com\\\/en\\\/#\\\/schema\\\/logo\\\/image\\\/\",\"url\":\"https:\\\/\\\/suresms.com\\\/wp-content\\\/uploads\\\/2024\\\/11\\\/suresms-300x65-1.png\",\"contentUrl\":\"https:\\\/\\\/suresms.com\\\/wp-content\\\/uploads\\\/2024\\\/11\\\/suresms-300x65-1.png\",\"width\":300,\"height\":65,\"caption\":\"SureSMS\"},\"image\":{\"@id\":\"https:\\\/\\\/suresms.com\\\/en\\\/#\\\/schema\\\/logo\\\/image\\\/\"},\"sameAs\":[\"https:\\\/\\\/www.facebook.com\\\/p\\\/SureSMS-100044607956149\\\/\"]}]}<\/script>\r\n<!-- \/ Yoast SEO Premium plugin. -->","yoast_head_json":{"title":"Prix des passerelles SMS | Voir les prix et cr\u00e9er un compte d'essai gratuit","description":"Nous offrons les meilleurs prix de passerelle SMS au Danemark. Pas d'installation. Pas d'abonnement. 18 \u00f8re par SMS vers le Danemark. Compte d'essai gratuit aujourd'hui. S'inscrire !","robots":{"index":"index","follow":"follow","max-snippet":"max-snippet:-1","max-image-preview":"max-image-preview:large","max-video-preview":"max-video-preview:-1"},"canonical":"https:\/\/suresms.com\/fr\/a-propos-de-suresms\/prix-des-passerelles-sms\/","og_locale":"fr_FR","og_type":"article","og_title":"SMS gateway priser","og_description":"Vi tilbyder Danmarks bedste SMS gateway priser. Ingen oprettelse. Intet abonnement. 18 \u00f8re pr. SMS til Danmark. Gratis test konto allerede i dag. Signup!","og_url":"https:\/\/suresms.com\/fr\/a-propos-de-suresms\/prix-des-passerelles-sms\/","article_publisher":"https:\/\/www.facebook.com\/p\/SureSMS-100044607956149\/","article_modified_time":"2026-04-02T18:24:03+00:00","og_image":[{"url":"https:\/\/suresms.com\/wp-content\/uploads\/2014\/09\/test320-x243.jpg","type":"","width":"","height":""}],"twitter_card":"summary_large_image","twitter_misc":{"Dur\u00e9e de lecture estim\u00e9e":"3 minutes"},"schema":{"@context":"https:\/\/schema.org","@graph":[{"@type":"WebPage","@id":"https:\/\/suresms.com\/dk\/om-suresms\/sms-gateway-priser\/","url":"https:\/\/suresms.com\/dk\/om-suresms\/sms-gateway-priser\/","name":"Prix des passerelles SMS | Voir les prix et cr\u00e9er un compte d'essai gratuit","isPartOf":{"@id":"https:\/\/suresms.com\/en\/#website"},"primaryImageOfPage":{"@id":"https:\/\/suresms.com\/dk\/om-suresms\/sms-gateway-priser\/#primaryimage"},"image":{"@id":"https:\/\/suresms.com\/dk\/om-suresms\/sms-gateway-priser\/#primaryimage"},"thumbnailUrl":"https:\/\/suresms.com\/wp-content\/uploads\/2014\/09\/test320-x243.jpg","datePublished":"2014-09-03T09:24:20+00:00","dateModified":"2026-04-02T18:24:03+00:00","description":"Nous offrons les meilleurs prix de passerelle SMS au Danemark. Pas d'installation. Pas d'abonnement. 18 \u00f8re par SMS vers le Danemark. Compte d'essai gratuit aujourd'hui. S'inscrire !","breadcrumb":{"@id":"https:\/\/suresms.com\/dk\/om-suresms\/sms-gateway-priser\/#breadcrumb"},"inLanguage":"fr-FR","potentialAction":[{"@type":"ReadAction","target":["https:\/\/suresms.com\/dk\/om-suresms\/sms-gateway-priser\/"]}]},{"@type":"ImageObject","inLanguage":"fr-FR","@id":"https:\/\/suresms.com\/dk\/om-suresms\/sms-gateway-priser\/#primaryimage","url":"https:\/\/suresms.com\/wp-content\/uploads\/2014\/09\/test320-x243.jpg","contentUrl":"https:\/\/suresms.com\/wp-content\/uploads\/2014\/09\/test320-x243.jpg"},{"@type":"BreadcrumbList","@id":"https:\/\/suresms.com\/dk\/om-suresms\/sms-gateway-priser\/#breadcrumb","itemListElement":[{"@type":"ListItem","position":1,"name":"Home","item":"https:\/\/suresms.com\/dk\/"},{"@type":"ListItem","position":2,"name":"Om SureSMS","item":"https:\/\/suresms.com\/dk\/om-suresms\/"},{"@type":"ListItem","position":3,"name":"SMS gateway priser"}]},{"@type":"WebSite","@id":"https:\/\/suresms.com\/en\/#website","url":"https:\/\/suresms.com\/en\/","name":"SureSMS","description":"Passerelle SMS professionnelle","publisher":{"@id":"https:\/\/suresms.com\/en\/#organization"},"potentialAction":[{"@type":"SearchAction","target":{"@type":"EntryPoint","urlTemplate":"https:\/\/suresms.com\/en\/?s={search_term_string}"},"query-input":{"@type":"PropertyValueSpecification","valueRequired":true,"valueName":"search_term_string"}}],"inLanguage":"fr-FR"},{"@type":"Organization","@id":"https:\/\/suresms.com\/en\/#organization","name":"SureSMS","url":"https:\/\/suresms.com\/en\/","logo":{"@type":"ImageObject","inLanguage":"fr-FR","@id":"https:\/\/suresms.com\/en\/#\/schema\/logo\/image\/","url":"https:\/\/suresms.com\/wp-content\/uploads\/2024\/11\/suresms-300x65-1.png","contentUrl":"https:\/\/suresms.com\/wp-content\/uploads\/2024\/11\/suresms-300x65-1.png","width":300,"height":65,"caption":"SureSMS"},"image":{"@id":"https:\/\/suresms.com\/en\/#\/schema\/logo\/image\/"},"sameAs":["https:\/\/www.facebook.com\/p\/SureSMS-100044607956149\/"]}]}},"_links":{"self":[{"href":"https:\/\/suresms.com\/fr\/wp-json\/wp\/v2\/pages\/333","targetHints":{"allow":["GET"]}}],"collection":[{"href":"https:\/\/suresms.com\/fr\/wp-json\/wp\/v2\/pages"}],"about":[{"href":"https:\/\/suresms.com\/fr\/wp-json\/wp\/v2\/types\/page"}],"author":[{"embeddable":true,"href":"https:\/\/suresms.com\/fr\/wp-json\/wp\/v2\/users\/1"}],"replies":[{"embeddable":true,"href":"https:\/\/suresms.com\/fr\/wp-json\/wp\/v2\/comments?post=333"}],"version-history":[{"count":8,"href":"https:\/\/suresms.com\/fr\/wp-json\/wp\/v2\/pages\/333\/revisions"}],"predecessor-version":[{"id":23891,"href":"https:\/\/suresms.com\/fr\/wp-json\/wp\/v2\/pages\/333\/revisions\/23891"}],"up":[{"embeddable":true,"href":"https:\/\/suresms.com\/fr\/wp-json\/wp\/v2\/pages\/18594"}],"wp:attachment":[{"href":"https:\/\/suresms.com\/fr\/wp-json\/wp\/v2\/media?parent=333"}],"wp:term":[{"taxonomy":"category","embeddable":true,"href":"https:\/\/suresms.com\/fr\/wp-json\/wp\/v2\/categories?post=333"},{"taxonomy":"post_tag","embeddable":true,"href":"https:\/\/suresms.com\/fr\/wp-json\/wp\/v2\/tags?post=333"}],"curies":[{"name":"wp","href":"https:\/\/api.w.org\/{rel}","templated":true}]}}