{"id":289,"date":"2014-07-02T13:30:59","date_gmt":"2014-07-02T11:30:59","guid":{"rendered":"http:\/\/da.suresms.com\/?page_id=289"},"modified":"2024-12-05T15:39:28","modified_gmt":"2024-12-05T15:39:28","slug":"sms-internationaux","status":"publish","type":"page","link":"https:\/\/suresms.com\/fr\/funktioner\/international-sms\/","title":{"rendered":"SMS vers le monde entier"},"content":{"rendered":"<!-- Flexy Breadcrumb -->\r\n\t\t\t<div class=\"fbc fbc-page\">\r\n\r\n\t\t\t\t<!-- Breadcrumb wrapper -->\r\n\t\t\t\t<div class=\"fbc-wrap\">\r\n\r\n\t\t\t\t\t<!-- Ordered list-->\r\n\t\t\t\t\t<ol class=\"fbc-items\" itemscope itemtype=\"https:\/\/schema.org\/BreadcrumbList\">\r\n\t\t\t\t\t\t            <li itemprop=\"itemListElement\" itemscope itemtype=\"https:\/\/schema.org\/ListItem\">\r\n                <span itemprop=\"name\">\r\n                    <!-- Home Link -->\r\n                    <a itemprop=\"item\" href=\"https:\/\/suresms.com\/fr\/\">\r\n                    \r\n                                                    <i class=\"fa fa-home\" aria-hidden=\"true\"><\/i>Accueil                    <\/a>\r\n                <\/span>\r\n                <meta itemprop=\"position\" content=\"1\" \/><!-- Meta Position-->\r\n             <\/li><li><span class=\"fbc-separator\">\/<\/span><\/li><li class=\"active\" itemprop=\"itemListElement\" itemscope itemtype=\"https:\/\/schema.org\/ListItem\"><span itemprop=\"name\" title=\"SMS vers le monde entier\">SMS vers le monde entier<\/span><meta itemprop=\"position\" content=\"2\" \/><\/li>\t\t\t\t\t<\/ol>\r\n\t\t\t\t\t<div class=\"clearfix\"><\/div>\r\n\t\t\t\t<\/div>\r\n\t\t\t<\/div>\r\n\t\t\t\n<h1>\n\t\tSMS vers le monde entier\n\t<\/h1>\n\t<p>SureSMS est une passerelle SMS internationale. Cela signifie que les SMS \u00e0 l'\u00e9tranger sont TOUJOURS int\u00e9gr\u00e9s dans notre abonnement normal.<\/p>\n<p>Nous avons une coop\u00e9ration bien \u00e9tablie avec plus de 800 op\u00e9rateurs stables dans 170 pays. Cela signifie que nos clients peuvent toujours entrer en contact avec tous nos partenaires, tant au Danemark qu'\u00e0 l'\u00e9tranger. Nous ne faisons appel qu'\u00e0 des fournisseurs de premier ordre et nous nous effor\u00e7ons constamment de surveiller le march\u00e9 et de n\u00e9gocier les meilleurs prix pour nos clients, sans faire de compromis sur la qualit\u00e9.<\/p>\n<p>Il est tout aussi facile d'envoyer des SMS \u00e0 l'\u00e9tranger que dans votre propre pays. Il suffit d'indiquer le bon code de pays dans le message.<\/p>\n<h4><strong>Prix bas \u00e0 l'\u00e9tranger<\/strong><\/h4>\n<p>Le co\u00fbt de l'envoi d'un message \u00e0 l'\u00e9tranger d\u00e9pend du pays et de la longueur du message, mais nos prix sont comp\u00e9titifs et bien moins chers que ceux des op\u00e9rateurs t\u00e9l\u00e9phoniques et de nos concurrents.<\/p>\n<p>Sur notre interface web, vous pouvez voir le prix d'un message avant de l'envoyer. Entrez le num\u00e9ro de t\u00e9l\u00e9phone, le code du pays et tapez le message dans le champ de texte et vous verrez le prix actuel dans le champ ci-dessous.<\/p>\n<p>Pour plus d'informations sur nos tarifs internationaux actualis\u00e9s, veuillez contacter notre \u00e9quipe d'assistance au +45 50 322 322 ou nous envoyer un courrier \u00e9lectronique \u00e0 l'adresse suivante <a href=\"mailto:info@suresms.com\">info@suresms.com<\/a>.<\/p>\n\t<p>&nbsp;<\/p>\n<h4><strong>Vous avez besoin d'une solution bidirectionnelle avec un num\u00e9ro \u00e9tranger ?<\/strong><\/h4>\n<p>Vos messages doivent-ils provenir d'un num\u00e9ro \u00e9tranger ? Vos utilisateurs doivent pouvoir r\u00e9pondre \u00e0 vos messages sur le num\u00e9ro ? Nous pouvons facilement nous en charger. <a title=\"SMS bidirectionnel, r\u00e9ception de SMS sur votre ordinateur\" href=\"https:\/\/suresms.com\/fr\/dechargement-de-sms-dans-les-deux-sens-avec-une-carte-sim-hebergee\/\">Pour en savoir plus sur notre solution bidirectionnelle Hostet-SIM, cliquez ici !<\/a><\/p>\n<h4><strong>Entreprise danoise<\/strong><\/h4>\n<p>SureSMS ApS est une entreprise danoise qui existe depuis 2003. Notre \u00e9quipe a plus de 15 ans d'exp\u00e9rience dans le domaine des infrastructures, y compris les r\u00e9seaux, la s\u00e9curit\u00e9 et les serveurs.<\/p>\n<p>Des d\u00e9veloppeurs, des techniciens et des agents de service bien form\u00e9s sont responsables de la mise \u00e0 jour, de l'exploitation et de l'assistance. Vous pouvez nous confier votre solution SMS en toute s\u00e9curit\u00e9, sans vous soucier de l'instabilit\u00e9 ou de l'absence de service.<\/p>\n\t<h4><strong>Voici quelques exemples d'utilisation de la fonction \"SMS vers l'\u00e9tranger\" par nos clients<\/strong><\/h4>\n<ul>\n<li>Un important fournisseur danois de l'industrie internationale de l'\u00e9nergie utilise notre service SMS international pour informer ses clients du monde entier des commandes qu'ils ont pass\u00e9es.<\/li>\n<li>Nous comptons parmi nos clients une grande entreprise pharmaceutique danoise qui utilise notre service SMS pour envoyer des messages \u00e0 ses employ\u00e9s \u00e0 l'\u00e9tranger, lesquels peuvent \u00e9galement s'inscrire \u00e0 des bulletins d'information par l'interm\u00e9diaire de KEYWORDS.<\/li>\n<li>Notre service int\u00e9gr\u00e9 de SMS vers l'\u00e9tranger est utilis\u00e9 par une entreprise danoise qui fournit des compteurs d'\u00e9nergie au Danemark et en Scandinavie. Elle utilise SureSMS pour envoyer des notifications sur les relev\u00e9s \u00e0 venir aux r\u00e9sidents du Danemark, de la Norv\u00e8ge et de la Su\u00e8de.<\/li>\n<li>Enfin, une \u00e9cole groenlandaise envoie des messages aux parents d'\u00e9l\u00e8ves concernant la coop\u00e9ration entre l'\u00e9cole et la maison. Il peut s'agir d'informations pratiques, de l'absence d'un \u00e9l\u00e8ve ou d'autres informations importantes.<br \/>Car bien s\u00fbr, nous sommes un service SMS pour tout le Danemark !<\/li>\n<\/ul>","protected":false},"excerpt":{"rendered":"<p>SMS dans le monde entier SureSMS est une passerelle SMS internationale. Cela signifie que les SMS \u00e0 l'\u00e9tranger sont TOUJOURS int\u00e9gr\u00e9s dans notre abonnement normal. Nous avons un partenariat bien \u00e9tabli avec plus de 800 op\u00e9rateurs stables dans 170 pays. Cela signifie que nos clients peuvent toujours entrer en contact avec tous nos partenaires, tant au Danemark qu'\u00e0 l'\u00e9tranger. Nous ... <a title=\"SMS vers le monde entier\" class=\"read-more\" href=\"https:\/\/suresms.com\/fr\/funktioner\/international-sms\/\" aria-label=\"En savoir plus sur SMS til hele verden\">En savoir plus<\/a><\/p>","protected":false},"author":1,"featured_media":0,"parent":958,"menu_order":6,"comment_status":"closed","ping_status":"closed","template":"","meta":{"_fl_builder_enabled":"1","_fl_builder_data":null,"_fl_builder_draft":null,"_fl_builder_data_settings":null,"_fl_builder_css":"","_fl_builder_css_version":"","_fl_builder_js":"","footnotes":""},"categories":[17],"tags":[],"class_list":{"0":"post-289","1":"page","2":"type-page","3":"status-publish","5":"category-linkfracornorstone"},"yoast_head":"<!-- This site is optimized with the Yoast SEO Premium plugin v27.3 (Yoast SEO v27.3) - https:\/\/yoast.com\/product\/yoast-seo-premium-wordpress\/ -->\r\n<title>International Gateway \u2192 Effektivt og nemt system at anvende<\/title>\r\n<meta name=\"description\" content=\"International Gateway og professionel SMS Gateway services f\u00e5s her. F\u00e5 hurtig kontakt til dine kunder med effektive l\u00f8sninger.\" \/>\r\n<meta name=\"robots\" content=\"index, follow, max-snippet:-1, max-image-preview:large, max-video-preview:-1\" \/>\r\n<link rel=\"canonical\" href=\"https:\/\/suresms.com\/fr\/caracteristiques\/sms-internationaux\/\" \/>\r\n<meta property=\"og:locale\" content=\"fr_FR\" \/>\r\n<meta property=\"og:type\" content=\"article\" \/>\r\n<meta property=\"og:title\" content=\"SMS til hele verden\" \/>\r\n<meta property=\"og:description\" content=\"International Gateway og professionel SMS Gateway services f\u00e5s her. F\u00e5 hurtig kontakt til dine kunder med effektive l\u00f8sninger.\" \/>\r\n<meta property=\"og:url\" content=\"https:\/\/suresms.com\/fr\/caracteristiques\/sms-internationaux\/\" \/>\r\n<meta property=\"article:publisher\" content=\"https:\/\/www.facebook.com\/p\/SureSMS-100044607956149\/\" \/>\r\n<meta property=\"article:modified_time\" content=\"2024-12-05T15:39:28+00:00\" \/>\r\n<meta name=\"twitter:card\" content=\"summary_large_image\" \/>\r\n<meta name=\"twitter:label1\" content=\"Dur\u00e9e de lecture estim\u00e9e\" \/>\n\t<meta name=\"twitter:data1\" content=\"7 minutes\" \/>\r\n<script type=\"application\/ld+json\" class=\"yoast-schema-graph\">{\"@context\":\"https:\\\/\\\/schema.org\",\"@graph\":[{\"@type\":\"WebPage\",\"@id\":\"https:\\\/\\\/suresms.com\\\/dk\\\/funktioner\\\/international-sms\\\/\",\"url\":\"https:\\\/\\\/suresms.com\\\/dk\\\/funktioner\\\/international-sms\\\/\",\"name\":\"International Gateway \u2192 Effektivt og nemt system at anvende\",\"isPartOf\":{\"@id\":\"https:\\\/\\\/suresms.com\\\/en\\\/#website\"},\"datePublished\":\"2014-07-02T11:30:59+00:00\",\"dateModified\":\"2024-12-05T15:39:28+00:00\",\"description\":\"International Gateway og professionel SMS Gateway services f\u00e5s her. F\u00e5 hurtig kontakt til dine kunder med effektive l\u00f8sninger.\",\"breadcrumb\":{\"@id\":\"https:\\\/\\\/suresms.com\\\/dk\\\/funktioner\\\/international-sms\\\/#breadcrumb\"},\"inLanguage\":\"fr-FR\",\"potentialAction\":[{\"@type\":\"ReadAction\",\"target\":[\"https:\\\/\\\/suresms.com\\\/dk\\\/funktioner\\\/international-sms\\\/\"]}]},{\"@type\":\"BreadcrumbList\",\"@id\":\"https:\\\/\\\/suresms.com\\\/dk\\\/funktioner\\\/international-sms\\\/#breadcrumb\",\"itemListElement\":[{\"@type\":\"ListItem\",\"position\":1,\"name\":\"Home\",\"item\":\"https:\\\/\\\/suresms.com\\\/dk\\\/\"},{\"@type\":\"ListItem\",\"position\":2,\"name\":\"Funktioner\",\"item\":\"https:\\\/\\\/suresms.com\\\/dk\\\/funktioner\\\/\"},{\"@type\":\"ListItem\",\"position\":3,\"name\":\"SMS til hele verden\"}]},{\"@type\":\"WebSite\",\"@id\":\"https:\\\/\\\/suresms.com\\\/en\\\/#website\",\"url\":\"https:\\\/\\\/suresms.com\\\/en\\\/\",\"name\":\"SureSMS\",\"description\":\"Professionel SMS Gateway\",\"publisher\":{\"@id\":\"https:\\\/\\\/suresms.com\\\/en\\\/#organization\"},\"potentialAction\":[{\"@type\":\"SearchAction\",\"target\":{\"@type\":\"EntryPoint\",\"urlTemplate\":\"https:\\\/\\\/suresms.com\\\/en\\\/?s={search_term_string}\"},\"query-input\":{\"@type\":\"PropertyValueSpecification\",\"valueRequired\":true,\"valueName\":\"search_term_string\"}}],\"inLanguage\":\"fr-FR\"},{\"@type\":\"Organization\",\"@id\":\"https:\\\/\\\/suresms.com\\\/en\\\/#organization\",\"name\":\"SureSMS\",\"url\":\"https:\\\/\\\/suresms.com\\\/en\\\/\",\"logo\":{\"@type\":\"ImageObject\",\"inLanguage\":\"fr-FR\",\"@id\":\"https:\\\/\\\/suresms.com\\\/en\\\/#\\\/schema\\\/logo\\\/image\\\/\",\"url\":\"https:\\\/\\\/suresms.com\\\/wp-content\\\/uploads\\\/2024\\\/11\\\/suresms-300x65-1.png\",\"contentUrl\":\"https:\\\/\\\/suresms.com\\\/wp-content\\\/uploads\\\/2024\\\/11\\\/suresms-300x65-1.png\",\"width\":300,\"height\":65,\"caption\":\"SureSMS\"},\"image\":{\"@id\":\"https:\\\/\\\/suresms.com\\\/en\\\/#\\\/schema\\\/logo\\\/image\\\/\"},\"sameAs\":[\"https:\\\/\\\/www.facebook.com\\\/p\\\/SureSMS-100044607956149\\\/\"]}]}<\/script>\r\n<!-- \/ Yoast SEO Premium plugin. -->","yoast_head_json":{"title":"Passerelle internationale \u2192 Syst\u00e8me efficace et facile \u00e0 utiliser","description":"Passerelle internationale et services professionnels de passerelle SMS disponibles ici. Connectez-vous rapidement avec vos clients gr\u00e2ce \u00e0 des solutions efficaces.","robots":{"index":"index","follow":"follow","max-snippet":"max-snippet:-1","max-image-preview":"max-image-preview:large","max-video-preview":"max-video-preview:-1"},"canonical":"https:\/\/suresms.com\/fr\/caracteristiques\/sms-internationaux\/","og_locale":"fr_FR","og_type":"article","og_title":"SMS til hele verden","og_description":"International Gateway og professionel SMS Gateway services f\u00e5s her. F\u00e5 hurtig kontakt til dine kunder med effektive l\u00f8sninger.","og_url":"https:\/\/suresms.com\/fr\/caracteristiques\/sms-internationaux\/","article_publisher":"https:\/\/www.facebook.com\/p\/SureSMS-100044607956149\/","article_modified_time":"2024-12-05T15:39:28+00:00","twitter_card":"summary_large_image","twitter_misc":{"Dur\u00e9e de lecture estim\u00e9e":"7 minutes"},"schema":{"@context":"https:\/\/schema.org","@graph":[{"@type":"WebPage","@id":"https:\/\/suresms.com\/dk\/funktioner\/international-sms\/","url":"https:\/\/suresms.com\/dk\/funktioner\/international-sms\/","name":"Passerelle internationale \u2192 Syst\u00e8me efficace et facile \u00e0 utiliser","isPartOf":{"@id":"https:\/\/suresms.com\/en\/#website"},"datePublished":"2014-07-02T11:30:59+00:00","dateModified":"2024-12-05T15:39:28+00:00","description":"Passerelle internationale et services professionnels de passerelle SMS disponibles ici. Connectez-vous rapidement avec vos clients gr\u00e2ce \u00e0 des solutions efficaces.","breadcrumb":{"@id":"https:\/\/suresms.com\/dk\/funktioner\/international-sms\/#breadcrumb"},"inLanguage":"fr-FR","potentialAction":[{"@type":"ReadAction","target":["https:\/\/suresms.com\/dk\/funktioner\/international-sms\/"]}]},{"@type":"BreadcrumbList","@id":"https:\/\/suresms.com\/dk\/funktioner\/international-sms\/#breadcrumb","itemListElement":[{"@type":"ListItem","position":1,"name":"Home","item":"https:\/\/suresms.com\/dk\/"},{"@type":"ListItem","position":2,"name":"Funktioner","item":"https:\/\/suresms.com\/dk\/funktioner\/"},{"@type":"ListItem","position":3,"name":"SMS til hele verden"}]},{"@type":"WebSite","@id":"https:\/\/suresms.com\/en\/#website","url":"https:\/\/suresms.com\/en\/","name":"SureSMS","description":"Passerelle SMS professionnelle","publisher":{"@id":"https:\/\/suresms.com\/en\/#organization"},"potentialAction":[{"@type":"SearchAction","target":{"@type":"EntryPoint","urlTemplate":"https:\/\/suresms.com\/en\/?s={search_term_string}"},"query-input":{"@type":"PropertyValueSpecification","valueRequired":true,"valueName":"search_term_string"}}],"inLanguage":"fr-FR"},{"@type":"Organization","@id":"https:\/\/suresms.com\/en\/#organization","name":"SureSMS","url":"https:\/\/suresms.com\/en\/","logo":{"@type":"ImageObject","inLanguage":"fr-FR","@id":"https:\/\/suresms.com\/en\/#\/schema\/logo\/image\/","url":"https:\/\/suresms.com\/wp-content\/uploads\/2024\/11\/suresms-300x65-1.png","contentUrl":"https:\/\/suresms.com\/wp-content\/uploads\/2024\/11\/suresms-300x65-1.png","width":300,"height":65,"caption":"SureSMS"},"image":{"@id":"https:\/\/suresms.com\/en\/#\/schema\/logo\/image\/"},"sameAs":["https:\/\/www.facebook.com\/p\/SureSMS-100044607956149\/"]}]}},"_links":{"self":[{"href":"https:\/\/suresms.com\/fr\/wp-json\/wp\/v2\/pages\/289","targetHints":{"allow":["GET"]}}],"collection":[{"href":"https:\/\/suresms.com\/fr\/wp-json\/wp\/v2\/pages"}],"about":[{"href":"https:\/\/suresms.com\/fr\/wp-json\/wp\/v2\/types\/page"}],"author":[{"embeddable":true,"href":"https:\/\/suresms.com\/fr\/wp-json\/wp\/v2\/users\/1"}],"replies":[{"embeddable":true,"href":"https:\/\/suresms.com\/fr\/wp-json\/wp\/v2\/comments?post=289"}],"version-history":[{"count":2,"href":"https:\/\/suresms.com\/fr\/wp-json\/wp\/v2\/pages\/289\/revisions"}],"predecessor-version":[{"id":19466,"href":"https:\/\/suresms.com\/fr\/wp-json\/wp\/v2\/pages\/289\/revisions\/19466"}],"up":[{"embeddable":true,"href":"https:\/\/suresms.com\/fr\/wp-json\/wp\/v2\/pages\/958"}],"wp:attachment":[{"href":"https:\/\/suresms.com\/fr\/wp-json\/wp\/v2\/media?parent=289"}],"wp:term":[{"taxonomy":"category","embeddable":true,"href":"https:\/\/suresms.com\/fr\/wp-json\/wp\/v2\/categories?post=289"},{"taxonomy":"post_tag","embeddable":true,"href":"https:\/\/suresms.com\/fr\/wp-json\/wp\/v2\/tags?post=289"}],"curies":[{"name":"wp","href":"https:\/\/api.w.org\/{rel}","templated":true}]}}