{"id":2697,"date":"2016-06-02T17:36:31","date_gmt":"2016-06-02T15:36:31","guid":{"rendered":"https:\/\/www.suresms.com\/dk\/?page_id=2697"},"modified":"2025-01-05T00:16:47","modified_gmt":"2025-01-05T00:16:47","slug":"sms-pour-les-entreprises-en-ligne-et-les-services-web-2","status":"publish","type":"page","link":"https:\/\/suresms.com\/fr\/branchelosninger\/sms-til-online-virksomheder-og-web-services-2\/","title":{"rendered":"SMS pour les entreprises en ligne et les services WEB"},"content":{"rendered":"<!-- Flexy Breadcrumb -->\r\n\t\t\t<div class=\"fbc fbc-page\">\r\n\r\n\t\t\t\t<!-- Breadcrumb wrapper -->\r\n\t\t\t\t<div class=\"fbc-wrap\">\r\n\r\n\t\t\t\t\t<!-- Ordered list-->\r\n\t\t\t\t\t<ol class=\"fbc-items\" itemscope itemtype=\"https:\/\/schema.org\/BreadcrumbList\">\r\n\t\t\t\t\t\t            <li itemprop=\"itemListElement\" itemscope itemtype=\"https:\/\/schema.org\/ListItem\">\r\n                <span itemprop=\"name\">\r\n                    <!-- Home Link -->\r\n                    <a itemprop=\"item\" href=\"https:\/\/suresms.com\/fr\/\">\r\n                    \r\n                                                    <i class=\"fa fa-home\" aria-hidden=\"true\"><\/i>Accueil                    <\/a>\r\n                <\/span>\r\n                <meta itemprop=\"position\" content=\"1\" \/><!-- Meta Position-->\r\n             <\/li><li><span class=\"fbc-separator\">\/<\/span><\/li><li class=\"active\" itemprop=\"itemListElement\" itemscope itemtype=\"https:\/\/schema.org\/ListItem\"><span itemprop=\"name\" title=\"SMS pour les entreprises en ligne et les services WEB\">SMS pour les entreprises en ligne...<\/span><meta itemprop=\"position\" content=\"2\" \/><\/li>\t\t\t\t\t<\/ol>\r\n\t\t\t\t\t<div class=\"clearfix\"><\/div>\r\n\t\t\t\t<\/div>\r\n\t\t\t<\/div>\r\n\t\t\t\n<h1>\n\t\tSMS pour les entreprises en ligne et les services WEB\n\t<\/h1>\n\t\n\n<p><strong>Nombre de nos clients sont aujourd'hui des entreprises et des services en ligne. Notre API s'int\u00e8gre facilement dans d'autres syst\u00e8mes et notre passerelle SureSMS peut \u00eatre utilis\u00e9e dans de nombreux contextes diff\u00e9rents : codes d'acc\u00e8s, clubs de clients, marketing et inscription \u00e0 des services ou SMS d'information, pour n'en citer que quelques-uns.<\/strong><\/p>\n\n<p><strong>Avantages :<\/strong><\/p>\n<ul> \t\n<li>\n<p><strong>Options API enti\u00e8rement automatis\u00e9es et flexibles<\/strong><\/p>\n<\/li>\n\n<li>\n<p><strong>Le statut de chaque message peut \u00eatre automatiquement mis \u00e0 jour dans votre syst\u00e8me.<\/strong><\/p>\n<\/li>\n\n<li>\n<p><strong>Peut \u00eatre utilis\u00e9 comme code PIN sur votre syst\u00e8me.<\/strong><\/p>\n<\/li>\n\n<li><strong>Envoyer des messages SMS avec des ID d'exp\u00e9diteur diff\u00e9rents \u00e0 partir du m\u00eame compte.<\/strong><\/li>\n<\/ul>\n\n<h3>Utilisez notre API SureSMS Gateway dans vos syst\u00e8mes<\/h3>\n<p>La cr\u00e9ation, la maintenance et l'am\u00e9lioration de notre API pour l'adapter aux syst\u00e8mes de nos clients sont toujours notre priorit\u00e9. L'API SureSMS est flexible, bien document\u00e9e et de la plus haute qualit\u00e9, et vous pouvez compter sur l'assistance de nos ing\u00e9nieurs et d\u00e9veloppeurs pour l'int\u00e9gration. <a href=\"http:\/\/developer.suresms.com\/sample-code\/\">Sur notre site de d\u00e9veloppement, nous avons rassembl\u00e9 un certain nombre d'exemples de code.<\/a>. Si vous ne trouvez pas ce que vous cherchez, alors <a title=\"Contactez nous\" href=\"https:\/\/suresms.com\/fr\/contact\/\">contactez notre service d'assistance<\/a> pour discuter de la fa\u00e7on dont notre API peut \u00eatre int\u00e9gr\u00e9e dans votre syst\u00e8me<\/p>\n<h3>Fiabilit\u00e9 des livraisons et service professionnel \u00e0 un prix avantageux<\/h3>\n\n<p>Apr\u00e8s de nombreuses ann\u00e9es dans l'industrie, nous savons \u00e0 quel point il est important que votre communication ne tombe PAS en panne. Nous ne l\u00e9sinons pas sur l'\u00e9quipement, la surveillance ou les heures de travail. Notre \u00e9quipe veille \u00e0 ce que notre passerelle soit stable et s\u00fbre. <a title=\"Prix des passerelles SMS\" href=\"https:\/\/suresms.com\/fr\/prix-des-passerelles-sms\/\">Pour en savoir plus sur nos solutions et nos prix, cliquez ici.<\/a><\/p>\n<h3>Interface utilisateur simple et claire sur le portail WEB<\/h3>\n<p>Notre interface simple et claire sur le portail WEB SureSMS facilite l'envoi de messages SMS \u00e0 des individus ou \u00e0 des groupes. \u00c0 partir de ce portail, vous pouvez facilement utiliser nos nombreuses fonctionnalit\u00e9s : cr\u00e9er et envoyer \u00e0 des contacts et \u00e0 des groupes, fusionner des noms dans des SMS de groupe, programmer des envois et cr\u00e9er des mots-cl\u00e9s pour que les utilisateurs puissent s'inscrire eux-m\u00eames aux services. Depuis notre site web, vous avez acc\u00e8s \u00e0 un journal complet et \u00e0 notre module de rapport SureSMS qui vous permet de consulter toutes les informations relatives \u00e0 l'envoi et \u00e0 la distribution de vos messages.<\/p>\n<p>Notre portail web peut \u00eatre utilis\u00e9 \u00e0 partir d'un PC, d'un iPad ou d'un t\u00e9l\u00e9phone intelligent.<\/p>\n<h3>Envoi \u00e0 partir de plusieurs exp\u00e9diteurs<\/h3>\n<p>De nombreuses entreprises en ligne g\u00e8rent plusieurs services web au sein de la m\u00eame soci\u00e9t\u00e9. Dans ce cas, il peut \u00eatre utile de cr\u00e9er plusieurs identifiants d'exp\u00e9diteur \u00e0 partir du m\u00eame compte. Il vous appartient de d\u00e9cider si l'ID de l'exp\u00e9diteur doit \u00eatre compos\u00e9 de chiffres - par exemple un num\u00e9ro de t\u00e9l\u00e9phone - ou de lettres. Nous cr\u00e9ons autant d'exp\u00e9diteurs que vous le souhaitez. La seule limite - fix\u00e9e par les soci\u00e9t\u00e9s de t\u00e9l\u00e9communications - est qu'un ID d'exp\u00e9diteur ne peut comporter plus de 11 caract\u00e8res.<\/p>\n<h3>Plusieurs options de num\u00e9ros de t\u00e9l\u00e9phone mobile - dans de nombreux pays<\/h3>\n<p>Si vous avez plusieurs num\u00e9ros de t\u00e9l\u00e9phone mobile que vous souhaitez associer \u00e0 votre compte SureSMS, il est facile de le configurer. Nous avons plusieurs clients qui ont associ\u00e9 des num\u00e9ros avec des cartes SIM de diff\u00e9rents pays. Un moyen simple d'envoyer des SMS vers plusieurs pays sans faire de compromis sur le prix et l'aper\u00e7u.<\/p>\n<h3>Commencez tout de suite<\/h3>\n<p>L'utilisation de notre passerelle SMS est rapide, facile et gratuite.<\/p>\n<p>Remplissez notre lien sur cette page pour un compte d'essai gratuit et commencez en 5 minutes. Nous vous offrirons 50 SMS gratuits afin que vous puissiez tester notre service et notre qualit\u00e9 par vous-m\u00eame. Si vous avez des questions, nous sommes l\u00e0 pour vous aider et nous avons des ann\u00e9es d'exp\u00e9rience avec nos autres clients dans l'industrie.<\/p>\n\n\t\t\t<p><a href=\"https:\/\/suresms.com\/wp-content\/uploads\/2015\/02\/norriq-logo-20x120-px.jpg\"><img loading=\"lazy\" decoding=\"async\" src=\"https:\/\/suresms.com\/wp-content\/uploads\/2015\/02\/norriq-logo-20x120-px.jpg\" alt=\"logo norriq 20x120 px\" width=\"200\" height=\"96\" \/><\/a><em>\"Nous avons utilis\u00e9 SureSMS pour plusieurs de nos clients.<br \/>SureSMS est int\u00e9gr\u00e9 \u00e0 notre syst\u00e8me de point de vente et \u00e0 notre syst\u00e8me financier, de sorte que des messages sont envoy\u00e9s automatiquement aux clients de nos clients lorsque la commande est termin\u00e9e.<\/em><em>Notre coop\u00e9ration avec SureSMS a \u00e9t\u00e9 bonne et ils ont toujours \u00e9t\u00e9 prompts \u00e0 nous aider \u00e0 faire fonctionner les nouveaux clients. Une fois que nous sommes op\u00e9rationnels, nous ne leur parlons plus car il n'y a jamais de probl\u00e8mes.<\/em><em>Certains de nos clients envoient \u00e9galement des messages \u00e0 des num\u00e9ros \u00e9trangers, ce qui ne pose aucun probl\u00e8me.<\/em><strong>S\u00f8ren Christensen, Responsable grands comptes<\/strong><strong> Norriq.<\/strong><\/p>\t\t\n\t\t<h4>Cr\u00e9er un compte d'essai gratuit<\/h4>\n\t\t<p>Cela ne prend que 5 minutes. Commencez tout de suite et obtenez <strong>100 SMS gratuits<\/strong> sans conditions.<\/p>\n\t\t\t<a href=\"https:\/\/suresms.com\/fr\/compte-test-sms-gratuit\/\" target=\"_self\">\n\t\t\t\t\t\t\tCr\u00e9er un compte d'essai\n\t\t\t\t\t<\/a>\n\t\t<h4>Commandez une solution \u00e0 deux voies !<\/h4>\n\t\t<p>Vous avez d\u00e9j\u00e0 un compte ? Commandez une solution bidirectionnelle et b\u00e9n\u00e9ficiez des options suppl\u00e9mentaires offertes par votre propre solution.\u00a0<\/p>\n\t\t\t<a href=\"https:\/\/suresms.com\/fr\/commande-dun-dechargement-a-deux-voies\/\" target=\"_self\">\n\t\t\t\t\t\t\tCommander une solution \u00e0 deux voies\n\t\t\t\t\t<\/a>\n\t<p>&gt; Retourner \u00e0 <a href=\"https:\/\/suresms.com\/fr\/rejets-de-la-branche\/\">Solutions pour l'industrie<\/a><\/p>","protected":false},"excerpt":{"rendered":"<p>SMS pour les entreprises en ligne et les services web Nombre de nos clients sont aujourd'hui des entreprises et des services en ligne. Notre API s'int\u00e8gre facilement dans d'autres syst\u00e8mes et notre passerelle SureSMS peut \u00eatre utilis\u00e9e dans de nombreux contextes diff\u00e9rents : codes d'acc\u00e8s, clubs de clients, marketing et inscription \u00e0 des services ou SMS d'information, pour n'en citer que quelques-uns. Avantages : API enti\u00e8rement automatis\u00e9e et flexible ... <a title=\"SMS pour les entreprises en ligne et les services WEB\" class=\"read-more\" href=\"https:\/\/suresms.com\/fr\/branchelosninger\/sms-til-online-virksomheder-og-web-services-2\/\" aria-label=\"En savoir plus sur SMS pour les entreprises en ligne et les services WEB\">En savoir plus<\/a><\/p>","protected":false},"author":1,"featured_media":0,"parent":1654,"menu_order":5,"comment_status":"closed","ping_status":"closed","template":"","meta":{"_fl_builder_enabled":"1","_fl_builder_data":null,"_fl_builder_draft":null,"_fl_builder_data_settings":null,"_fl_builder_css":"","_fl_builder_css_version":"","_fl_builder_js":"","footnotes":""},"categories":[],"tags":[],"class_list":["post-2697","page","type-page","status-publish"],"yoast_head":"<!-- This site is optimized with the Yoast SEO Premium plugin v27.3 (Yoast SEO v27.3) - https:\/\/yoast.com\/product\/yoast-seo-premium-wordpress\/ -->\r\n<title>SMS til online virksomheder og WEB-services. Fleksibel SMS Gateway API<\/title>\r\n<meta name=\"description\" content=\"Fleksibel og veldokumenteret online SMS-l\u00f8sning. Pinkoder, nyheds-SMS og mange flere funktioner til online virksomheder og services. Opret gratis Testkonto.\" \/>\r\n<meta name=\"robots\" content=\"index, follow, max-snippet:-1, max-image-preview:large, max-video-preview:-1\" \/>\r\n<link rel=\"canonical\" href=\"https:\/\/suresms.com\/fr\/rejets-de-la-branche\/sms-pour-les-entreprises-en-ligne-et-les-services-web-2\/\" \/>\r\n<meta property=\"og:locale\" content=\"fr_FR\" \/>\r\n<meta property=\"og:type\" content=\"article\" \/>\r\n<meta property=\"og:title\" content=\"SMS til Online Virksomheder og WEB services\" \/>\r\n<meta property=\"og:description\" content=\"Fleksibel og veldokumenteret online SMS-l\u00f8sning. Pinkoder, nyheds-SMS og mange flere funktioner til online virksomheder og services. Opret gratis Testkonto.\" \/>\r\n<meta property=\"og:url\" content=\"https:\/\/suresms.com\/fr\/rejets-de-la-branche\/sms-pour-les-entreprises-en-ligne-et-les-services-web-2\/\" \/>\r\n<meta property=\"article:publisher\" content=\"https:\/\/www.facebook.com\/p\/SureSMS-100044607956149\/\" \/>\r\n<meta property=\"article:modified_time\" content=\"2025-01-05T00:16:47+00:00\" \/>\r\n<meta property=\"og:image\" content=\"https:\/\/suresms.com\/wp-content\/uploads\/2016\/06\/SMS-til-butikker.jpg\" \/>\r\n\t<meta property=\"og:image:width\" content=\"400\" \/>\r\n\t<meta property=\"og:image:height\" content=\"266\" \/>\r\n\t<meta property=\"og:image:type\" content=\"image\/jpeg\" \/>\r\n<meta name=\"twitter:card\" content=\"summary_large_image\" \/>\r\n<meta name=\"twitter:label1\" content=\"Dur\u00e9e de lecture estim\u00e9e\" \/>\n\t<meta name=\"twitter:data1\" content=\"3 minutes\" \/>\r\n<script type=\"application\/ld+json\" class=\"yoast-schema-graph\">{\"@context\":\"https:\\\/\\\/schema.org\",\"@graph\":[{\"@type\":\"WebPage\",\"@id\":\"https:\\\/\\\/suresms.com\\\/dk\\\/branchelosninger\\\/sms-til-online-virksomheder-og-web-services-2\\\/\",\"url\":\"https:\\\/\\\/suresms.com\\\/dk\\\/branchelosninger\\\/sms-til-online-virksomheder-og-web-services-2\\\/\",\"name\":\"SMS til online virksomheder og WEB-services. Fleksibel SMS Gateway API\",\"isPartOf\":{\"@id\":\"https:\\\/\\\/suresms.com\\\/en\\\/#website\"},\"primaryImageOfPage\":{\"@id\":\"https:\\\/\\\/suresms.com\\\/dk\\\/branchelosninger\\\/sms-til-online-virksomheder-og-web-services-2\\\/#primaryimage\"},\"image\":{\"@id\":\"https:\\\/\\\/suresms.com\\\/dk\\\/branchelosninger\\\/sms-til-online-virksomheder-og-web-services-2\\\/#primaryimage\"},\"thumbnailUrl\":\"https:\\\/\\\/suresms.com\\\/wp-content\\\/uploads\\\/2015\\\/02\\\/norriq-logo-20x120-px.jpg\",\"datePublished\":\"2016-06-02T15:36:31+00:00\",\"dateModified\":\"2025-01-05T00:16:47+00:00\",\"description\":\"Fleksibel og veldokumenteret online SMS-l\u00f8sning. Pinkoder, nyheds-SMS og mange flere funktioner til online virksomheder og services. Opret gratis Testkonto.\",\"breadcrumb\":{\"@id\":\"https:\\\/\\\/suresms.com\\\/dk\\\/branchelosninger\\\/sms-til-online-virksomheder-og-web-services-2\\\/#breadcrumb\"},\"inLanguage\":\"fr-FR\",\"potentialAction\":[{\"@type\":\"ReadAction\",\"target\":[\"https:\\\/\\\/suresms.com\\\/dk\\\/branchelosninger\\\/sms-til-online-virksomheder-og-web-services-2\\\/\"]}]},{\"@type\":\"ImageObject\",\"inLanguage\":\"fr-FR\",\"@id\":\"https:\\\/\\\/suresms.com\\\/dk\\\/branchelosninger\\\/sms-til-online-virksomheder-og-web-services-2\\\/#primaryimage\",\"url\":\"https:\\\/\\\/suresms.com\\\/wp-content\\\/uploads\\\/2015\\\/02\\\/norriq-logo-20x120-px.jpg\",\"contentUrl\":\"https:\\\/\\\/suresms.com\\\/wp-content\\\/uploads\\\/2015\\\/02\\\/norriq-logo-20x120-px.jpg\"},{\"@type\":\"BreadcrumbList\",\"@id\":\"https:\\\/\\\/suresms.com\\\/dk\\\/branchelosninger\\\/sms-til-online-virksomheder-og-web-services-2\\\/#breadcrumb\",\"itemListElement\":[{\"@type\":\"ListItem\",\"position\":1,\"name\":\"Home\",\"item\":\"https:\\\/\\\/suresms.com\\\/dk\\\/\"},{\"@type\":\"ListItem\",\"position\":2,\"name\":\"Branchel\u00f8sninger\",\"item\":\"https:\\\/\\\/suresms.com\\\/dk\\\/branchelosninger\\\/\"},{\"@type\":\"ListItem\",\"position\":3,\"name\":\"SMS til Online Virksomheder og WEB services\"}]},{\"@type\":\"WebSite\",\"@id\":\"https:\\\/\\\/suresms.com\\\/en\\\/#website\",\"url\":\"https:\\\/\\\/suresms.com\\\/en\\\/\",\"name\":\"SureSMS\",\"description\":\"Professionel SMS Gateway\",\"publisher\":{\"@id\":\"https:\\\/\\\/suresms.com\\\/en\\\/#organization\"},\"potentialAction\":[{\"@type\":\"SearchAction\",\"target\":{\"@type\":\"EntryPoint\",\"urlTemplate\":\"https:\\\/\\\/suresms.com\\\/en\\\/?s={search_term_string}\"},\"query-input\":{\"@type\":\"PropertyValueSpecification\",\"valueRequired\":true,\"valueName\":\"search_term_string\"}}],\"inLanguage\":\"fr-FR\"},{\"@type\":\"Organization\",\"@id\":\"https:\\\/\\\/suresms.com\\\/en\\\/#organization\",\"name\":\"SureSMS\",\"url\":\"https:\\\/\\\/suresms.com\\\/en\\\/\",\"logo\":{\"@type\":\"ImageObject\",\"inLanguage\":\"fr-FR\",\"@id\":\"https:\\\/\\\/suresms.com\\\/en\\\/#\\\/schema\\\/logo\\\/image\\\/\",\"url\":\"https:\\\/\\\/suresms.com\\\/wp-content\\\/uploads\\\/2024\\\/11\\\/suresms-300x65-1.png\",\"contentUrl\":\"https:\\\/\\\/suresms.com\\\/wp-content\\\/uploads\\\/2024\\\/11\\\/suresms-300x65-1.png\",\"width\":300,\"height\":65,\"caption\":\"SureSMS\"},\"image\":{\"@id\":\"https:\\\/\\\/suresms.com\\\/en\\\/#\\\/schema\\\/logo\\\/image\\\/\"},\"sameAs\":[\"https:\\\/\\\/www.facebook.com\\\/p\\\/SureSMS-100044607956149\\\/\"]}]}<\/script>\r\n<!-- \/ Yoast SEO Premium plugin. -->","yoast_head_json":{"title":"SMS pour les entreprises en ligne et les services web. API de passerelle SMS flexible","description":"Solution SMS en ligne flexible et \u00e9prouv\u00e9e. Codes PIN, SMS d'actualit\u00e9 et bien d'autres fonctionnalit\u00e9s pour les entreprises et les services en ligne. Cr\u00e9ez un compte d'essai gratuit.","robots":{"index":"index","follow":"follow","max-snippet":"max-snippet:-1","max-image-preview":"max-image-preview:large","max-video-preview":"max-video-preview:-1"},"canonical":"https:\/\/suresms.com\/fr\/rejets-de-la-branche\/sms-pour-les-entreprises-en-ligne-et-les-services-web-2\/","og_locale":"fr_FR","og_type":"article","og_title":"SMS til Online Virksomheder og WEB services","og_description":"Fleksibel og veldokumenteret online SMS-l\u00f8sning. Pinkoder, nyheds-SMS og mange flere funktioner til online virksomheder og services. Opret gratis Testkonto.","og_url":"https:\/\/suresms.com\/fr\/rejets-de-la-branche\/sms-pour-les-entreprises-en-ligne-et-les-services-web-2\/","article_publisher":"https:\/\/www.facebook.com\/p\/SureSMS-100044607956149\/","article_modified_time":"2025-01-05T00:16:47+00:00","og_image":[{"width":400,"height":266,"url":"https:\/\/suresms.com\/wp-content\/uploads\/2016\/06\/SMS-til-butikker.jpg","type":"image\/jpeg"}],"twitter_card":"summary_large_image","twitter_misc":{"Dur\u00e9e de lecture estim\u00e9e":"3 minutes"},"schema":{"@context":"https:\/\/schema.org","@graph":[{"@type":"WebPage","@id":"https:\/\/suresms.com\/dk\/branchelosninger\/sms-til-online-virksomheder-og-web-services-2\/","url":"https:\/\/suresms.com\/dk\/branchelosninger\/sms-til-online-virksomheder-og-web-services-2\/","name":"SMS pour les entreprises en ligne et les services web. API de passerelle SMS flexible","isPartOf":{"@id":"https:\/\/suresms.com\/en\/#website"},"primaryImageOfPage":{"@id":"https:\/\/suresms.com\/dk\/branchelosninger\/sms-til-online-virksomheder-og-web-services-2\/#primaryimage"},"image":{"@id":"https:\/\/suresms.com\/dk\/branchelosninger\/sms-til-online-virksomheder-og-web-services-2\/#primaryimage"},"thumbnailUrl":"https:\/\/suresms.com\/wp-content\/uploads\/2015\/02\/norriq-logo-20x120-px.jpg","datePublished":"2016-06-02T15:36:31+00:00","dateModified":"2025-01-05T00:16:47+00:00","description":"Solution SMS en ligne flexible et \u00e9prouv\u00e9e. Codes PIN, SMS d'actualit\u00e9 et bien d'autres fonctionnalit\u00e9s pour les entreprises et les services en ligne. Cr\u00e9ez un compte d'essai gratuit.","breadcrumb":{"@id":"https:\/\/suresms.com\/dk\/branchelosninger\/sms-til-online-virksomheder-og-web-services-2\/#breadcrumb"},"inLanguage":"fr-FR","potentialAction":[{"@type":"ReadAction","target":["https:\/\/suresms.com\/dk\/branchelosninger\/sms-til-online-virksomheder-og-web-services-2\/"]}]},{"@type":"ImageObject","inLanguage":"fr-FR","@id":"https:\/\/suresms.com\/dk\/branchelosninger\/sms-til-online-virksomheder-og-web-services-2\/#primaryimage","url":"https:\/\/suresms.com\/wp-content\/uploads\/2015\/02\/norriq-logo-20x120-px.jpg","contentUrl":"https:\/\/suresms.com\/wp-content\/uploads\/2015\/02\/norriq-logo-20x120-px.jpg"},{"@type":"BreadcrumbList","@id":"https:\/\/suresms.com\/dk\/branchelosninger\/sms-til-online-virksomheder-og-web-services-2\/#breadcrumb","itemListElement":[{"@type":"ListItem","position":1,"name":"Home","item":"https:\/\/suresms.com\/dk\/"},{"@type":"ListItem","position":2,"name":"Branchel\u00f8sninger","item":"https:\/\/suresms.com\/dk\/branchelosninger\/"},{"@type":"ListItem","position":3,"name":"SMS til Online Virksomheder og WEB services"}]},{"@type":"WebSite","@id":"https:\/\/suresms.com\/en\/#website","url":"https:\/\/suresms.com\/en\/","name":"SureSMS","description":"Passerelle SMS professionnelle","publisher":{"@id":"https:\/\/suresms.com\/en\/#organization"},"potentialAction":[{"@type":"SearchAction","target":{"@type":"EntryPoint","urlTemplate":"https:\/\/suresms.com\/en\/?s={search_term_string}"},"query-input":{"@type":"PropertyValueSpecification","valueRequired":true,"valueName":"search_term_string"}}],"inLanguage":"fr-FR"},{"@type":"Organization","@id":"https:\/\/suresms.com\/en\/#organization","name":"SureSMS","url":"https:\/\/suresms.com\/en\/","logo":{"@type":"ImageObject","inLanguage":"fr-FR","@id":"https:\/\/suresms.com\/en\/#\/schema\/logo\/image\/","url":"https:\/\/suresms.com\/wp-content\/uploads\/2024\/11\/suresms-300x65-1.png","contentUrl":"https:\/\/suresms.com\/wp-content\/uploads\/2024\/11\/suresms-300x65-1.png","width":300,"height":65,"caption":"SureSMS"},"image":{"@id":"https:\/\/suresms.com\/en\/#\/schema\/logo\/image\/"},"sameAs":["https:\/\/www.facebook.com\/p\/SureSMS-100044607956149\/"]}]}},"_links":{"self":[{"href":"https:\/\/suresms.com\/fr\/wp-json\/wp\/v2\/pages\/2697","targetHints":{"allow":["GET"]}}],"collection":[{"href":"https:\/\/suresms.com\/fr\/wp-json\/wp\/v2\/pages"}],"about":[{"href":"https:\/\/suresms.com\/fr\/wp-json\/wp\/v2\/types\/page"}],"author":[{"embeddable":true,"href":"https:\/\/suresms.com\/fr\/wp-json\/wp\/v2\/users\/1"}],"replies":[{"embeddable":true,"href":"https:\/\/suresms.com\/fr\/wp-json\/wp\/v2\/comments?post=2697"}],"version-history":[{"count":8,"href":"https:\/\/suresms.com\/fr\/wp-json\/wp\/v2\/pages\/2697\/revisions"}],"predecessor-version":[{"id":21100,"href":"https:\/\/suresms.com\/fr\/wp-json\/wp\/v2\/pages\/2697\/revisions\/21100"}],"up":[{"embeddable":true,"href":"https:\/\/suresms.com\/fr\/wp-json\/wp\/v2\/pages\/1654"}],"wp:attachment":[{"href":"https:\/\/suresms.com\/fr\/wp-json\/wp\/v2\/media?parent=2697"}],"wp:term":[{"taxonomy":"category","embeddable":true,"href":"https:\/\/suresms.com\/fr\/wp-json\/wp\/v2\/categories?post=2697"},{"taxonomy":"post_tag","embeddable":true,"href":"https:\/\/suresms.com\/fr\/wp-json\/wp\/v2\/tags?post=2697"}],"curies":[{"name":"wp","href":"https:\/\/api.w.org\/{rel}","templated":true}]}}