{"id":2687,"date":"2016-06-02T10:02:29","date_gmt":"2016-06-02T08:02:29","guid":{"rendered":"https:\/\/www.suresms.com\/dk\/?page_id=2687"},"modified":"2025-01-05T00:19:16","modified_gmt":"2025-01-05T00:19:16","slug":"sms-pour-les-entreprises-manufacturieres","status":"publish","type":"page","link":"https:\/\/suresms.com\/fr\/branchelosninger\/sms-til-produktionsvirksomheder\/","title":{"rendered":"SMS pour les entreprises manufacturi\u00e8res"},"content":{"rendered":"<!-- Flexy Breadcrumb -->\r\n\t\t\t<div class=\"fbc fbc-page\">\r\n\r\n\t\t\t\t<!-- Breadcrumb wrapper -->\r\n\t\t\t\t<div class=\"fbc-wrap\">\r\n\r\n\t\t\t\t\t<!-- Ordered list-->\r\n\t\t\t\t\t<ol class=\"fbc-items\" itemscope itemtype=\"https:\/\/schema.org\/BreadcrumbList\">\r\n\t\t\t\t\t\t            <li itemprop=\"itemListElement\" itemscope itemtype=\"https:\/\/schema.org\/ListItem\">\r\n                <span itemprop=\"name\">\r\n                    <!-- Home Link -->\r\n                    <a itemprop=\"item\" href=\"https:\/\/suresms.com\/fr\/\">\r\n                    \r\n                                                    <i class=\"fa fa-home\" aria-hidden=\"true\"><\/i>Accueil                    <\/a>\r\n                <\/span>\r\n                <meta itemprop=\"position\" content=\"1\" \/><!-- Meta Position-->\r\n             <\/li><li><span class=\"fbc-separator\">\/<\/span><\/li><li class=\"active\" itemprop=\"itemListElement\" itemscope itemtype=\"https:\/\/schema.org\/ListItem\"><span itemprop=\"name\" title=\"SMS pour les entreprises manufacturi\u00e8res\">SMS pour les entreprises manufacturi\u00e8res<\/span><meta itemprop=\"position\" content=\"2\" \/><\/li>\t\t\t\t\t<\/ol>\r\n\t\t\t\t\t<div class=\"clearfix\"><\/div>\r\n\t\t\t\t<\/div>\r\n\t\t\t<\/div>\r\n\t\t\t\n<h1>\n\t\tSMS pour les soci\u00e9t\u00e9s de production et les entreprises\n\t<\/h1>\n\t\n\n<p><strong>Chez SureSMS, nous fournissons des SMS aux entreprises de fabrication et aux commerces. Nous fournissons une passerelle stable et fiable avec une qualit\u00e9 et un suivi de haut niveau - une solution SMS qui fonctionne.<\/strong><\/p>\n\n<p><strong>Avantages de la passerelle SureSMS :<\/strong><\/p>\n<ul> \t\n<li><strong>Stabilit\u00e9 op\u00e9rationnelle et temps de fonctionnement le plus \u00e9lev\u00e9 possible.<\/strong><\/li>\n\n<li><b>Sauvegarde : nous avons des sauvegardes de toutes les donn\u00e9es sur des serveurs physiques situ\u00e9s \u00e0 diff\u00e9rents endroits en Z\u00e9lande.<\/b><\/li>\n\n<li><strong>Notre \u00e9quipe est compos\u00e9e de personnes hautement qualifi\u00e9es qui connaissent les processus. Nous l'avons d\u00e9j\u00e0 fait et cela se traduit par moins d'erreurs et un plus grand professionnalisme.<\/strong><\/li>\n\n<li><strong>Depuis notre portail web, il est facile de travailler avec des droits d'utilisateur flexibles. Vos employ\u00e9s peuvent envoyer des messages \u00e0 partir du m\u00eame compte avec plusieurs num\u00e9ros de t\u00e9l\u00e9phone portable.<\/strong><\/li>\n\n<li><strong>Int\u00e9grations : nous en avons de nombreuses, par ex. SAP, Oracle, SCADA et AS\/400, et si nous n'avons pas la v\u00f4tre, nous serons heureux de vous aider \u00e0 la cr\u00e9er. Bien entendu, sans frais suppl\u00e9mentaires.<\/strong><\/li>\n<\/ul>\n\n<h3>Fiabilit\u00e9 des livraisons et service professionnel \u00e0 un prix avantageux<\/h3>\n\n<p>Apr\u00e8s de nombreuses ann\u00e9es dans l'industrie, nous savons \u00e0 quel point il est important que votre communication ne tombe PAS en panne. Nous ne l\u00e9sinons pas sur l'\u00e9quipement, la surveillance ou les heures de travail. Notre \u00e9quipe veille \u00e0 ce que notre passerelle fonctionne de mani\u00e8re professionnelle, stable et s\u00fbre.<\/p>\n\n<p>Apr\u00e8s plus de 10 ans dans l'industrie, nous pouvons garantir et livrer un produit qui est \u00e0 la fois soigneusement test\u00e9 et correctement d\u00e9velopp\u00e9.  Jetez un coup d'\u0153il \u00e0 nos<a title=\"Prix des passerelles SMS\" href=\"https:\/\/suresms.com\/fr\/prix-des-passerelles-sms\/\"> Prix de la passerelle SMS <\/a>Ici.<\/p>\n<h3>Serveurs surveill\u00e9s et cryptage SSL de toutes les donn\u00e9es<\/h3>\n<p>Les entreprises d\u00e9pendent du bon fonctionnement de la communication avec les clients et les fournisseurs - en permanence !<br \/>Chez SureSMS, nous s\u00e9curisons vos donn\u00e9es dans une configuration de serveurs redondants sur des serveurs physiques danois. Cela signifie que toutes les donn\u00e9es sont physiquement situ\u00e9es sur des serveurs install\u00e9s dans deux centres de donn\u00e9es diff\u00e9rents. Si quelque chose devait arriver \u00e0 vos donn\u00e9es, nous aurions toujours une sauvegarde compl\u00e8te. Bien entendu, nous disposons des meilleurs syst\u00e8mes d'alarme pour la surveillance, mais toutes les machines peuvent tomber en panne. <strong>C'est pourquoi nous avons TOUJOURS des personnes comp\u00e9tentes qui surveillent le trafic et les serveurs 24 heures sur 24.<\/strong><\/p>\n<p>Les derni\u00e8res <strong>Cryptage SSL<\/strong> garantit la protection de vos donn\u00e9es lorsque vous y acc\u00e9dez via l'internet. Nous sauvegardons normalement tous les messages afin que vous ayez toujours un aper\u00e7u complet des messages envoy\u00e9s \u00e0 partir de notre portail web. Si vous le souhaitez, nous disposons d'une fonction qui supprime les messages de nos serveurs d\u00e8s qu'ils sont envoy\u00e9s. Contactez notre service d'assistance si vous souhaitez utiliser cette fonction.<\/p>\n<h3>Interface utilisateur simple et claire sur le portail WEB<\/h3>\n<p>Notre interface simple et claire sur le portail WEB SureSMS facilite l'envoi de messages SMS aux personnes ou aux groupes avec lesquels vous devez communiquer. Vous pouvez garder une vue d'ensemble depuis votre ordinateur. Notre portail web peut \u00eatre utilis\u00e9 \u00e0 partir d'un PC, d'un iPad ou d'un t\u00e9l\u00e9phone intelligent.<\/p>\n<p>Que vous ayez besoin d'envoyer des messages \u00e0 des employ\u00e9s, des chauffeurs ou des clients, que le t\u00e9l\u00e9phone sur lequel vous envoyez vos messages soit danois ou \u00e9tranger, o\u00f9 qu'il soit, vos messages arriveront. Tant que le t\u00e9l\u00e9phone est allum\u00e9 \u00e0 l'autre bout.<\/p>\n<h3>Nous int\u00e9grons la plupart des syst\u00e8mes<\/h3>\n<p>Notre passerelle SMS peut \u00eatre facilement int\u00e9gr\u00e9e dans les processus et syst\u00e8mes existants afin de garantir une communication rapide et stable dans la pratique quotidienne. Nous disposons d'une excellente API et d'int\u00e9grations \u00e0 SAP, Oracle, SCADA et AS\/400, et nous sommes toujours heureux de vous aider si vous avez besoin de vous int\u00e9grer \u00e0 un nouveau syst\u00e8me. <a title=\"Assistance t\u00e9l\u00e9phonique et par courrier \u00e9lectronique 24 heures sur 24, 7 jours sur 7\" href=\"https:\/\/suresms.com\/fr\/support-suresms\/\">Contactez notre service d'assistance<\/a>. Nos d\u00e9veloppeurs sont pr\u00eats \u00e0 vous aider et \u00e0 vous conseiller.<\/p>\n<h3>Fonction du groupe : Communication aux salari\u00e9s<\/h3>\n<p>Depuis notre portail web, vous pouvez utiliser la fonction <a title=\"GroupSMS : cr\u00e9er et envoyer des messages \u00e0 des groupes\" href=\"https:\/\/suresms.com\/fr\/groupe-sms\/\">Cr\u00e9er et envoyer des SMS \u00e0 des groupes<\/a>. Une fonction qui peut \u00eatre utilis\u00e9e de diff\u00e9rentes mani\u00e8res. Plusieurs entreprises l'utilisent pour communiquer avec leurs employ\u00e9s. Le t\u00e9l\u00e9phone portable est devenu le moyen de communication naturel pour les informations pratiques, mais aussi pour une communication plus sociale.<\/p>\n<h3>Commencez tout de suite<\/h3>\n<p>L'utilisation de notre passerelle SMS est simple et rapide, et il n'y a aucun co\u00fbt associ\u00e9 \u00e0 l'essai de notre produit.<\/p>\n<p>En remplissant notre lien pour un compte d'essai gratuit, vous pouvez commencer en 5 minutes. Nous vous offrirons 50 SMS gratuits afin que vous puissiez juger rapidement de notre service et de notre qualit\u00e9 par vous-m\u00eame. Si vous avez des questions, n'oubliez pas que nous sommes toujours l\u00e0 pour vous aider et que nous avons des ann\u00e9es d'exp\u00e9rience de nos autres clients dans l'industrie.<\/p>\n\n\t\t\t<p><a href=\"https:\/\/suresms.com\/wp-content\/uploads\/2016\/01\/Herning-Varmforsinkning-100-px.jpg\"><img loading=\"lazy\" decoding=\"async\" src=\"https:\/\/suresms.com\/wp-content\/uploads\/2016\/01\/Herning-Varmforsinkning-100-px.jpg\" alt=\"Herning Dissipateur thermique 100 px\" width=\"100\" height=\"99\" \/><\/a><\/p>\n<p>Herning Varmforzinkning envoie des messages \u00e0 ses clients via Email2SMS. Les clients re\u00e7oivent un message flash sur leur t\u00e9l\u00e9phone portable lorsqu'une commande est termin\u00e9e.<\/p>\n<em>\"Il devrait y avoir plus d'entreprises informatiques comme la v\u00f4tre.<br \/>\n- C'est tr\u00e8s flexible\".<\/em>\n<p><strong>Bjarne J\u00f8rgensen, directeur g\u00e9n\u00e9ral Directeur g\u00e9n\u00e9ral<\/strong><\/p>\n<p><strong>Herning Galvanisation \u00e0 chaud.<\/strong><\/p>\n\t\t<h4>Cr\u00e9er un compte d'essai gratuit<\/h4>\n\t\t<p>Cela ne prend que 5 minutes. Commencez tout de suite et obtenez <strong>100 SMS gratuits<\/strong> sans conditions.<\/p>\n\t\t\t<a href=\"https:\/\/suresms.com\/fr\/compte-test-sms-gratuit\/\" target=\"_self\">\n\t\t\t\t\t\t\tCr\u00e9er un compte d'essai\n\t\t\t\t\t<\/a>\n\t\t<h4>Commandez une solution \u00e0 deux voies !<\/h4>\n\t\t<p>Vous avez d\u00e9j\u00e0 un compte ? Commandez une solution bidirectionnelle et b\u00e9n\u00e9ficiez des options suppl\u00e9mentaires offertes par votre propre solution.\u00a0<\/p>\n\t\t\t<a href=\"https:\/\/suresms.com\/fr\/commande-dun-dechargement-a-deux-voies\/\" target=\"_self\">\n\t\t\t\t\t\t\tCommander une solution \u00e0 deux voies\n\t\t\t\t\t<\/a>\n\t<p>&gt; Retourner \u00e0 <a href=\"https:\/\/suresms.com\/fr\/rejets-de-la-branche\/\">Solutions pour l'industrie<\/a><\/p>","protected":false},"excerpt":{"rendered":"<p>SMS pour les entreprises de fabrication et les commerces Chez SureSMS, nous fournissons des SMS pour les entreprises de fabrication et les commerces. Nous proposons une passerelle stable et fiable avec une qualit\u00e9 et une surveillance optimales - une solution SMS qui fonctionne. Avantages de la passerelle SureSMS : stabilit\u00e9 op\u00e9rationnelle et disponibilit\u00e9 maximale. Sauvegarde : Nous sauvegardons toutes les donn\u00e9es sur des serveurs physiques situ\u00e9s \u00e0 diff\u00e9rents endroits... <a title=\"SMS pour les entreprises manufacturi\u00e8res\" class=\"read-more\" href=\"https:\/\/suresms.com\/fr\/branchelosninger\/sms-til-produktionsvirksomheder\/\" aria-label=\"En savoir plus sur SMS til Produktionsvirksomheder\">En savoir plus<\/a><\/p>","protected":false},"author":1,"featured_media":0,"parent":1654,"menu_order":6,"comment_status":"closed","ping_status":"closed","template":"","meta":{"_fl_builder_enabled":"1","_fl_builder_data":null,"_fl_builder_draft":null,"_fl_builder_data_settings":null,"_fl_builder_css":"","_fl_builder_css_version":"","_fl_builder_js":"","footnotes":""},"categories":[],"tags":[],"class_list":["post-2687","page","type-page","status-publish"],"yoast_head":"<!-- This site is optimized with the Yoast SEO Premium plugin v27.3 (Yoast SEO v27.3) - https:\/\/yoast.com\/product\/yoast-seo-premium-wordpress\/ -->\r\n<title>SMS til Produktionsvirksomheder - SureSMS. Stabil og driftssikker SMS<\/title>\r\n<meta name=\"description\" content=\"Driftstabil og fleksibel online SMS Gateway. H\u00f8j leveringssikkerhed og professionel service til god pris. Bedste leverand\u00f8rer giver h\u00f8jest mulige oppetid.\" \/>\r\n<meta name=\"robots\" content=\"index, follow, max-snippet:-1, max-image-preview:large, max-video-preview:-1\" \/>\r\n<link rel=\"canonical\" href=\"https:\/\/suresms.com\/fr\/rejets-de-la-branche\/sms-pour-les-entreprises-manufacturieres\/\" \/>\r\n<meta property=\"og:locale\" content=\"fr_FR\" \/>\r\n<meta property=\"og:type\" content=\"article\" \/>\r\n<meta property=\"og:title\" content=\"SMS til Produktionsvirksomheder\" \/>\r\n<meta property=\"og:description\" content=\"Driftstabil og fleksibel online SMS Gateway. H\u00f8j leveringssikkerhed og professionel service til god pris. Bedste leverand\u00f8rer giver h\u00f8jest mulige oppetid.\" \/>\r\n<meta property=\"og:url\" content=\"https:\/\/suresms.com\/fr\/rejets-de-la-branche\/sms-pour-les-entreprises-manufacturieres\/\" \/>\r\n<meta property=\"article:publisher\" content=\"https:\/\/www.facebook.com\/p\/SureSMS-100044607956149\/\" \/>\r\n<meta property=\"article:modified_time\" content=\"2025-01-05T00:19:16+00:00\" \/>\r\n<meta property=\"og:image\" content=\"https:\/\/suresms.com\/wp-content\/uploads\/2016\/06\/sms-til-produktionsvirksomheder-snippet.jpg\" \/>\r\n\t<meta property=\"og:image:width\" content=\"400\" \/>\r\n\t<meta property=\"og:image:height\" content=\"266\" \/>\r\n\t<meta property=\"og:image:type\" content=\"image\/jpeg\" \/>\r\n<meta name=\"twitter:card\" content=\"summary_large_image\" \/>\r\n<meta name=\"twitter:label1\" content=\"Dur\u00e9e de lecture estim\u00e9e\" \/>\n\t<meta name=\"twitter:data1\" content=\"4 minutes\" \/>\r\n<script type=\"application\/ld+json\" class=\"yoast-schema-graph\">{\"@context\":\"https:\\\/\\\/schema.org\",\"@graph\":[{\"@type\":\"WebPage\",\"@id\":\"https:\\\/\\\/suresms.com\\\/dk\\\/branchelosninger\\\/sms-til-produktionsvirksomheder\\\/\",\"url\":\"https:\\\/\\\/suresms.com\\\/dk\\\/branchelosninger\\\/sms-til-produktionsvirksomheder\\\/\",\"name\":\"SMS til Produktionsvirksomheder - SureSMS. Stabil og driftssikker SMS\",\"isPartOf\":{\"@id\":\"https:\\\/\\\/suresms.com\\\/en\\\/#website\"},\"primaryImageOfPage\":{\"@id\":\"https:\\\/\\\/suresms.com\\\/dk\\\/branchelosninger\\\/sms-til-produktionsvirksomheder\\\/#primaryimage\"},\"image\":{\"@id\":\"https:\\\/\\\/suresms.com\\\/dk\\\/branchelosninger\\\/sms-til-produktionsvirksomheder\\\/#primaryimage\"},\"thumbnailUrl\":\"https:\\\/\\\/suresms.com\\\/wp-content\\\/uploads\\\/2016\\\/01\\\/Herning-Varmforsinkning-100-px.jpg\",\"datePublished\":\"2016-06-02T08:02:29+00:00\",\"dateModified\":\"2025-01-05T00:19:16+00:00\",\"description\":\"Driftstabil og fleksibel online SMS Gateway. H\u00f8j leveringssikkerhed og professionel service til god pris. Bedste leverand\u00f8rer giver h\u00f8jest mulige oppetid.\",\"breadcrumb\":{\"@id\":\"https:\\\/\\\/suresms.com\\\/dk\\\/branchelosninger\\\/sms-til-produktionsvirksomheder\\\/#breadcrumb\"},\"inLanguage\":\"fr-FR\",\"potentialAction\":[{\"@type\":\"ReadAction\",\"target\":[\"https:\\\/\\\/suresms.com\\\/dk\\\/branchelosninger\\\/sms-til-produktionsvirksomheder\\\/\"]}]},{\"@type\":\"ImageObject\",\"inLanguage\":\"fr-FR\",\"@id\":\"https:\\\/\\\/suresms.com\\\/dk\\\/branchelosninger\\\/sms-til-produktionsvirksomheder\\\/#primaryimage\",\"url\":\"https:\\\/\\\/suresms.com\\\/wp-content\\\/uploads\\\/2016\\\/01\\\/Herning-Varmforsinkning-100-px.jpg\",\"contentUrl\":\"https:\\\/\\\/suresms.com\\\/wp-content\\\/uploads\\\/2016\\\/01\\\/Herning-Varmforsinkning-100-px.jpg\"},{\"@type\":\"BreadcrumbList\",\"@id\":\"https:\\\/\\\/suresms.com\\\/dk\\\/branchelosninger\\\/sms-til-produktionsvirksomheder\\\/#breadcrumb\",\"itemListElement\":[{\"@type\":\"ListItem\",\"position\":1,\"name\":\"Home\",\"item\":\"https:\\\/\\\/suresms.com\\\/dk\\\/\"},{\"@type\":\"ListItem\",\"position\":2,\"name\":\"Branchel\u00f8sninger\",\"item\":\"https:\\\/\\\/suresms.com\\\/dk\\\/branchelosninger\\\/\"},{\"@type\":\"ListItem\",\"position\":3,\"name\":\"SMS til Produktionsvirksomheder\"}]},{\"@type\":\"WebSite\",\"@id\":\"https:\\\/\\\/suresms.com\\\/en\\\/#website\",\"url\":\"https:\\\/\\\/suresms.com\\\/en\\\/\",\"name\":\"SureSMS\",\"description\":\"Professionel SMS Gateway\",\"publisher\":{\"@id\":\"https:\\\/\\\/suresms.com\\\/en\\\/#organization\"},\"potentialAction\":[{\"@type\":\"SearchAction\",\"target\":{\"@type\":\"EntryPoint\",\"urlTemplate\":\"https:\\\/\\\/suresms.com\\\/en\\\/?s={search_term_string}\"},\"query-input\":{\"@type\":\"PropertyValueSpecification\",\"valueRequired\":true,\"valueName\":\"search_term_string\"}}],\"inLanguage\":\"fr-FR\"},{\"@type\":\"Organization\",\"@id\":\"https:\\\/\\\/suresms.com\\\/en\\\/#organization\",\"name\":\"SureSMS\",\"url\":\"https:\\\/\\\/suresms.com\\\/en\\\/\",\"logo\":{\"@type\":\"ImageObject\",\"inLanguage\":\"fr-FR\",\"@id\":\"https:\\\/\\\/suresms.com\\\/en\\\/#\\\/schema\\\/logo\\\/image\\\/\",\"url\":\"https:\\\/\\\/suresms.com\\\/wp-content\\\/uploads\\\/2024\\\/11\\\/suresms-300x65-1.png\",\"contentUrl\":\"https:\\\/\\\/suresms.com\\\/wp-content\\\/uploads\\\/2024\\\/11\\\/suresms-300x65-1.png\",\"width\":300,\"height\":65,\"caption\":\"SureSMS\"},\"image\":{\"@id\":\"https:\\\/\\\/suresms.com\\\/en\\\/#\\\/schema\\\/logo\\\/image\\\/\"},\"sameAs\":[\"https:\\\/\\\/www.facebook.com\\\/p\\\/SureSMS-100044607956149\\\/\"]}]}<\/script>\r\n<!-- \/ Yoast SEO Premium plugin. -->","yoast_head_json":{"title":"SMS pour les entreprises de fabrication - SureSMS. Des SMS stables et fiables","description":"Passerelle SMS en ligne stable et flexible. Fiabilit\u00e9 \u00e9lev\u00e9e des livraisons et service professionnel \u00e0 un bon prix. Les meilleurs fournisseurs assurent le meilleur temps de disponibilit\u00e9 possible.","robots":{"index":"index","follow":"follow","max-snippet":"max-snippet:-1","max-image-preview":"max-image-preview:large","max-video-preview":"max-video-preview:-1"},"canonical":"https:\/\/suresms.com\/fr\/rejets-de-la-branche\/sms-pour-les-entreprises-manufacturieres\/","og_locale":"fr_FR","og_type":"article","og_title":"SMS til Produktionsvirksomheder","og_description":"Driftstabil og fleksibel online SMS Gateway. H\u00f8j leveringssikkerhed og professionel service til god pris. Bedste leverand\u00f8rer giver h\u00f8jest mulige oppetid.","og_url":"https:\/\/suresms.com\/fr\/rejets-de-la-branche\/sms-pour-les-entreprises-manufacturieres\/","article_publisher":"https:\/\/www.facebook.com\/p\/SureSMS-100044607956149\/","article_modified_time":"2025-01-05T00:19:16+00:00","og_image":[{"width":400,"height":266,"url":"https:\/\/suresms.com\/wp-content\/uploads\/2016\/06\/sms-til-produktionsvirksomheder-snippet.jpg","type":"image\/jpeg"}],"twitter_card":"summary_large_image","twitter_misc":{"Dur\u00e9e de lecture estim\u00e9e":"4 minutes"},"schema":{"@context":"https:\/\/schema.org","@graph":[{"@type":"WebPage","@id":"https:\/\/suresms.com\/dk\/branchelosninger\/sms-til-produktionsvirksomheder\/","url":"https:\/\/suresms.com\/dk\/branchelosninger\/sms-til-produktionsvirksomheder\/","name":"SMS pour les entreprises de fabrication - SureSMS. Des SMS stables et fiables","isPartOf":{"@id":"https:\/\/suresms.com\/en\/#website"},"primaryImageOfPage":{"@id":"https:\/\/suresms.com\/dk\/branchelosninger\/sms-til-produktionsvirksomheder\/#primaryimage"},"image":{"@id":"https:\/\/suresms.com\/dk\/branchelosninger\/sms-til-produktionsvirksomheder\/#primaryimage"},"thumbnailUrl":"https:\/\/suresms.com\/wp-content\/uploads\/2016\/01\/Herning-Varmforsinkning-100-px.jpg","datePublished":"2016-06-02T08:02:29+00:00","dateModified":"2025-01-05T00:19:16+00:00","description":"Passerelle SMS en ligne stable et flexible. Fiabilit\u00e9 \u00e9lev\u00e9e des livraisons et service professionnel \u00e0 un bon prix. Les meilleurs fournisseurs assurent le meilleur temps de disponibilit\u00e9 possible.","breadcrumb":{"@id":"https:\/\/suresms.com\/dk\/branchelosninger\/sms-til-produktionsvirksomheder\/#breadcrumb"},"inLanguage":"fr-FR","potentialAction":[{"@type":"ReadAction","target":["https:\/\/suresms.com\/dk\/branchelosninger\/sms-til-produktionsvirksomheder\/"]}]},{"@type":"ImageObject","inLanguage":"fr-FR","@id":"https:\/\/suresms.com\/dk\/branchelosninger\/sms-til-produktionsvirksomheder\/#primaryimage","url":"https:\/\/suresms.com\/wp-content\/uploads\/2016\/01\/Herning-Varmforsinkning-100-px.jpg","contentUrl":"https:\/\/suresms.com\/wp-content\/uploads\/2016\/01\/Herning-Varmforsinkning-100-px.jpg"},{"@type":"BreadcrumbList","@id":"https:\/\/suresms.com\/dk\/branchelosninger\/sms-til-produktionsvirksomheder\/#breadcrumb","itemListElement":[{"@type":"ListItem","position":1,"name":"Home","item":"https:\/\/suresms.com\/dk\/"},{"@type":"ListItem","position":2,"name":"Branchel\u00f8sninger","item":"https:\/\/suresms.com\/dk\/branchelosninger\/"},{"@type":"ListItem","position":3,"name":"SMS til Produktionsvirksomheder"}]},{"@type":"WebSite","@id":"https:\/\/suresms.com\/en\/#website","url":"https:\/\/suresms.com\/en\/","name":"SureSMS","description":"Passerelle SMS professionnelle","publisher":{"@id":"https:\/\/suresms.com\/en\/#organization"},"potentialAction":[{"@type":"SearchAction","target":{"@type":"EntryPoint","urlTemplate":"https:\/\/suresms.com\/en\/?s={search_term_string}"},"query-input":{"@type":"PropertyValueSpecification","valueRequired":true,"valueName":"search_term_string"}}],"inLanguage":"fr-FR"},{"@type":"Organization","@id":"https:\/\/suresms.com\/en\/#organization","name":"SureSMS","url":"https:\/\/suresms.com\/en\/","logo":{"@type":"ImageObject","inLanguage":"fr-FR","@id":"https:\/\/suresms.com\/en\/#\/schema\/logo\/image\/","url":"https:\/\/suresms.com\/wp-content\/uploads\/2024\/11\/suresms-300x65-1.png","contentUrl":"https:\/\/suresms.com\/wp-content\/uploads\/2024\/11\/suresms-300x65-1.png","width":300,"height":65,"caption":"SureSMS"},"image":{"@id":"https:\/\/suresms.com\/en\/#\/schema\/logo\/image\/"},"sameAs":["https:\/\/www.facebook.com\/p\/SureSMS-100044607956149\/"]}]}},"_links":{"self":[{"href":"https:\/\/suresms.com\/fr\/wp-json\/wp\/v2\/pages\/2687","targetHints":{"allow":["GET"]}}],"collection":[{"href":"https:\/\/suresms.com\/fr\/wp-json\/wp\/v2\/pages"}],"about":[{"href":"https:\/\/suresms.com\/fr\/wp-json\/wp\/v2\/types\/page"}],"author":[{"embeddable":true,"href":"https:\/\/suresms.com\/fr\/wp-json\/wp\/v2\/users\/1"}],"replies":[{"embeddable":true,"href":"https:\/\/suresms.com\/fr\/wp-json\/wp\/v2\/comments?post=2687"}],"version-history":[{"count":2,"href":"https:\/\/suresms.com\/fr\/wp-json\/wp\/v2\/pages\/2687\/revisions"}],"predecessor-version":[{"id":21218,"href":"https:\/\/suresms.com\/fr\/wp-json\/wp\/v2\/pages\/2687\/revisions\/21218"}],"up":[{"embeddable":true,"href":"https:\/\/suresms.com\/fr\/wp-json\/wp\/v2\/pages\/1654"}],"wp:attachment":[{"href":"https:\/\/suresms.com\/fr\/wp-json\/wp\/v2\/media?parent=2687"}],"wp:term":[{"taxonomy":"category","embeddable":true,"href":"https:\/\/suresms.com\/fr\/wp-json\/wp\/v2\/categories?post=2687"},{"taxonomy":"post_tag","embeddable":true,"href":"https:\/\/suresms.com\/fr\/wp-json\/wp\/v2\/tags?post=2687"}],"curies":[{"name":"wp","href":"https:\/\/api.w.org\/{rel}","templated":true}]}}