{"id":2681,"date":"2016-06-01T17:49:00","date_gmt":"2016-06-01T15:49:00","guid":{"rendered":"https:\/\/www.suresms.com\/dk\/?page_id=2681"},"modified":"2025-01-03T14:16:29","modified_gmt":"2025-01-03T14:16:29","slug":"sms-pour-les-entreprises-de-services","status":"publish","type":"page","link":"https:\/\/suresms.com\/fr\/branchelosninger\/sms-til-servicevirksomheder\/","title":{"rendered":"SMS pour les entreprises de services"},"content":{"rendered":"<!-- Flexy Breadcrumb -->\r\n\t\t\t<div class=\"fbc fbc-page\">\r\n\r\n\t\t\t\t<!-- Breadcrumb wrapper -->\r\n\t\t\t\t<div class=\"fbc-wrap\">\r\n\r\n\t\t\t\t\t<!-- Ordered list-->\r\n\t\t\t\t\t<ol class=\"fbc-items\" itemscope itemtype=\"https:\/\/schema.org\/BreadcrumbList\">\r\n\t\t\t\t\t\t            <li itemprop=\"itemListElement\" itemscope itemtype=\"https:\/\/schema.org\/ListItem\">\r\n                <span itemprop=\"name\">\r\n                    <!-- Home Link -->\r\n                    <a itemprop=\"item\" href=\"https:\/\/suresms.com\/fr\/\">\r\n                    \r\n                                                    <i class=\"fa fa-home\" aria-hidden=\"true\"><\/i>Accueil                    <\/a>\r\n                <\/span>\r\n                <meta itemprop=\"position\" content=\"1\" \/><!-- Meta Position-->\r\n             <\/li><li><span class=\"fbc-separator\">\/<\/span><\/li><li class=\"active\" itemprop=\"itemListElement\" itemscope itemtype=\"https:\/\/schema.org\/ListItem\"><span itemprop=\"name\" title=\"SMS pour les entreprises de services\">SMS pour les entreprises de services<\/span><meta itemprop=\"position\" content=\"2\" \/><\/li>\t\t\t\t\t<\/ol>\r\n\t\t\t\t\t<div class=\"clearfix\"><\/div>\r\n\t\t\t\t<\/div>\r\n\t\t\t<\/div>\r\n\t\t\t\n<h1>\n\t\tSMS pour les entreprises de services\n\t<\/h1>\n<p><strong>Ateliers de r\u00e9paration automobile, dentistes, coiffeurs, cliniques et th\u00e9rapeutes. Si vous avez besoin de SMS en ligne pour des entreprises de services, une passerelle SMS est la solution optimale. Avec une solution SureSMS, vous pouvez facilement et \u00e0 moindre co\u00fbt envoyer des messages SMS \u00e0 vos clients depuis votre PC.<\/strong><\/p>\n<p>Notre interface simple et directe facilite l'envoi de messages SMS aux personnes du groupe avec lesquelles vous souhaitez communiquer. Tout ce dont vous avez besoin, c'est d'Internet. Vous n'avez pas besoin d'installer de logiciel ou de programme pour commencer.<\/p>\n<p><strong>Avantages :\u00a0<\/strong><\/p>\n<ul>\n<li><strong>Programmer l'envoi de messages : envoyer des rappels de rendez-vous et \u00e9viter les annulations inutiles.<\/strong><\/li>\n<li><strong>G\u00e9n\u00e9rer des revenus : envoyez des offres et des lettres d'information \u00e0 vos clients gr\u00e2ce \u00e0 notre fonction de groupe.<\/strong><\/li>\n<li><strong>Envoyez facilement des messages personnalis\u00e9s \u00e0 des groupes \u00e0 partir de notre portail web gr\u00e2ce \u00e0 la fonction \"Fusionner les noms\".<\/strong><\/li>\n<li><strong>R\u00e9alisez des enqu\u00eates de satisfaction sur votre service. Envoyez et recevez des messages du client gr\u00e2ce \u00e0 une solution bidirectionnelle.<\/strong><\/li>\n<li><strong>Notre portail web peut \u00eatre utilis\u00e9 \u00e0 partir d'un PC, d'un iPad ou d'un t\u00e9l\u00e9phone intelligent.<\/strong><\/li>\n<\/ul>\n<p>Bien entendu, notre service peut \u00e9galement \u00eatre int\u00e9gr\u00e9 \u00e0 votre syst\u00e8me existant gr\u00e2ce \u00e0 notre API SureSMS. <a title=\"Contactez nous\" href=\"https:\/\/suresms.com\/fr\/contact\/\">Contactez nous<\/a> pour discuter si vous souhaitez int\u00e9grer notre SMS dans votre syst\u00e8me.<\/p>\n<h3>Envoyer des rappels de rendez-vous - \u00e9viter les annulations<\/h3>\n<p>Toute entreprise de services d\u00e9pend de l'arriv\u00e9e des clients - et de leur arriv\u00e9e \u00e0 l'heure. Chaque fois qu'un client ne se pr\u00e9sente pas \u00e0 l'heure convenue, cela peut compromettre le planning et les recettes. \u00c9vitez de perdre du temps et des ressources en envoyant des rappels \u00e0 vos clients. Un petit SMS \u00e0 heure fixe peut garantir que le client se pr\u00e9sentera ou se souviendra d'envoyer une annulation \u00e0 temps.<\/p>\n<h3>Fonctions du groupe<\/h3>\n<p>Depuis notre portail web, vous pouvez utiliser la fonction <a title=\"GroupSMS : cr\u00e9er et envoyer des messages \u00e0 des groupes\" href=\"https:\/\/suresms.com\/fr\/groupe-sms\/\">Cr\u00e9er et envoyer des SMS \u00e0 des groupes<\/a>. Il peut s'agir du coiffeur qui souhaite envoyer une offre sp\u00e9ciale, du kin\u00e9sith\u00e9rapeute qui souhaite envoyer un message \u00e0 l'\u00e9quipe du lundi ou du m\u00e9canicien automobile qui souhaite contacter les clients qui ont fait changer leurs pneus d'hiver l'ann\u00e9e derni\u00e8re. En organisant vos contacts en groupes, vous pouvez envoyer un SMS group\u00e9 \u00e0 l'ensemble du groupe en tapant simplement un seul SMS. Un message peut bien s\u00fbr \u00eatre programm\u00e9 pour \u00eatre envoy\u00e9 \u00e0 un intervalle fixe : par exemple, chaque semaine, chaque mois ou chaque ann\u00e9e.<\/p>\n<h3>Comment s'inscrire<\/h3>\n<p>Avec notre <a title=\"SMS bidirectionnel, r\u00e9ception de SMS sur votre ordinateur\" href=\"https:\/\/suresms.com\/fr\/caracteristiques\/recevoir-des-messages-texte-sur-votre-ordinateur\/\">Solution SMS bidirectionnelle <\/a>Les membres peuvent s'inscrire sur une liste et fournir eux-m\u00eames un retour d'information. Vous pouvez \u00e9galement ajouter un petit code \u00e0 votre propre site web pour que les membres puissent s'y inscrire.<\/p>\n<p>Vous avez peut-\u00eatre d\u00e9j\u00e0 tous vos membres dans une feuille de calcul. Vous pouvez le charger dans notre syst\u00e8me pour d\u00e9marrer rapidement avec vos clubs SMS.<\/p>\n<h3>Cr\u00e9er des enqu\u00eates de satisfaction pour vos clients<\/h3>\nPour de nombreuses entreprises de services, il est important d'\u00e9valuer la qualit\u00e9 de l'exp\u00e9rience v\u00e9cue par le client apr\u00e8s l'achat d'un service. Par exemple, nous avons un certain nombre de <strong>ateliers de r\u00e9paration automobile<\/strong> qui utilisent notre solution bidirectionnelle. Apr\u00e8s avoir r\u00e9cup\u00e9r\u00e9 la voiture, le client re\u00e7oit un message :<br \/>\n<strong>\"Avez-vous \u00e9t\u00e9 satisfait de notre service ? R\u00e9pondez OUI ou NON.\"<\/strong><br \/>\nLe m\u00e9canicien a ainsi la possibilit\u00e9 de r\u00e9agir et de maintenir une qualit\u00e9 de service \u00e9lev\u00e9e dans son entreprise.\n<h3>Nom de l'exp\u00e9diteur<\/h3>\n<p>Vous pouvez d\u00e9cider qui doit \u00eatre l'exp\u00e9diteur du message. Si vous avez un club de clients, il peut s'agir du nom de l'entreprise, du num\u00e9ro de t\u00e9l\u00e9phone ou d'un autre \u00e9l\u00e9ment.  La seule limite est que les entreprises de t\u00e9l\u00e9communications autorisent un maximum de 11 caract\u00e8res pour l'exp\u00e9diteur.<\/p>\n<h3>Cr\u00e9er un compte gratuit en 5 minutes<\/h3>\n<p><strong> Cr\u00e9ez un compte d'essai gratuit et jugez par vous-m\u00eame. Il n'y a pas de frais cach\u00e9s ni de conditions \u00e0 remplir. N'h\u00e9sitez pas \u00e0 nous contacter pour toute question. Nous nous r\u00e9jouissons de pouvoir vous aider.<\/strong><\/p>\n\t\t\t<p><img loading=\"lazy\" decoding=\"async\" src=\"https:\/\/suresms.com\/wp-content\/uploads\/2016\/06\/Frisoergaarden-1.jpg\" alt=\"\" width=\"100\" height=\"100\" \/><em>\"Depuis que nous sommes pass\u00e9s de Clickatell \u00e0 SureSMS, nous n'avons plus de probl\u00e8mes avec notre syst\u00e8me de SMS, et je regrette que nous ne l'ayons pas fait depuis longtemps.<\/em><em>Merci pour cette bonne solution stable et abordable !\"<\/em><strong>Julie Thorsen, ma\u00eetre coiffeur<\/strong><strong>Fris\u00f8rg\u00e5rden.dk, Holb\u00e6k, Danemark<\/strong><\/p>\t\t\n\t\t<h4>Cr\u00e9er un compte d'essai gratuit<\/h4>\n\t\t<p>Cela ne prend que 5 minutes. Commencez tout de suite et obtenez <strong>50 SMS gratuits<\/strong> sans conditions.<\/p>\n\t\t\t<a href=\"https:\/\/suresms.com\/fr\/compte-test-sms-gratuit\/\" target=\"_self\">\n\t\t\t\t\t\t\tCr\u00e9er un compte d'essai\n\t\t\t\t\t<\/a>","protected":false},"excerpt":{"rendered":"<p>SMS pour les entreprises de services Ateliers de r\u00e9paration automobile, dentistes, coiffeurs, cliniques et th\u00e9rapeutes. Si vous avez besoin de SMS en ligne pour les entreprises de services, une passerelle SMS est la solution optimale. Avec une solution SureSMS, vous pouvez facilement et \u00e0 peu de frais envoyer des messages SMS \u00e0 vos clients depuis votre PC. Notre interface utilisateur simple et claire vous permet d'envoyer facilement des messages SMS aux bonnes personnes... <a title=\"SMS pour les entreprises de services\" class=\"read-more\" href=\"https:\/\/suresms.com\/fr\/branchelosninger\/sms-til-servicevirksomheder\/\" aria-label=\"En savoir plus sur SMS til Servicevirksomheder\">En savoir plus<\/a><\/p>","protected":false},"author":1,"featured_media":0,"parent":1654,"menu_order":1,"comment_status":"closed","ping_status":"closed","template":"","meta":{"_fl_builder_enabled":"1","_fl_builder_data":null,"_fl_builder_draft":null,"_fl_builder_data_settings":null,"_fl_builder_css":"","_fl_builder_css_version":"","_fl_builder_js":"","footnotes":""},"categories":[],"tags":[],"class_list":["post-2681","page","type-page","status-publish"],"yoast_head":"<!-- This site is optimized with the Yoast SEO Premium plugin v27.3 (Yoast SEO v27.3) - https:\/\/yoast.com\/product\/yoast-seo-premium-wordpress\/ -->\r\n<title>Sms til servicevirksomheder. Fleksibel og billig SMS online. SureSMS<\/title>\r\n<meta name=\"description\" content=\"Autov\u00e6rksteder, tandl\u00e6ger, fris\u00f8rer, klinikker .Send nemt og billigt p\u00e5mindelser og personlige SMS&#039;er til kunder direkte fra din PC. Opret gratis Testkonto!\" \/>\r\n<meta name=\"robots\" content=\"index, follow, max-snippet:-1, max-image-preview:large, max-video-preview:-1\" \/>\r\n<link rel=\"canonical\" href=\"https:\/\/suresms.com\/fr\/rejets-de-la-branche\/sms-pour-les-entreprises-de-services\/\" \/>\r\n<meta property=\"og:locale\" content=\"fr_FR\" \/>\r\n<meta property=\"og:type\" content=\"article\" \/>\r\n<meta property=\"og:title\" content=\"SMS til Servicevirksomheder\" \/>\r\n<meta property=\"og:description\" content=\"Autov\u00e6rksteder, tandl\u00e6ger, fris\u00f8rer, klinikker .Send nemt og billigt p\u00e5mindelser og personlige SMS&#039;er til kunder direkte fra din PC. Opret gratis Testkonto!\" \/>\r\n<meta property=\"og:url\" content=\"https:\/\/suresms.com\/fr\/rejets-de-la-branche\/sms-pour-les-entreprises-de-services\/\" \/>\r\n<meta property=\"article:publisher\" content=\"https:\/\/www.facebook.com\/p\/SureSMS-100044607956149\/\" \/>\r\n<meta property=\"article:modified_time\" content=\"2025-01-03T14:16:29+00:00\" \/>\r\n<meta property=\"og:image\" content=\"https:\/\/suresms.com\/wp-content\/uploads\/2016\/06\/sms-til-service-snippet.jpg\" \/>\r\n\t<meta property=\"og:image:width\" content=\"400\" \/>\r\n\t<meta property=\"og:image:height\" content=\"266\" \/>\r\n\t<meta property=\"og:image:type\" content=\"image\/jpeg\" \/>\r\n<meta name=\"twitter:card\" content=\"summary_large_image\" \/>\r\n<meta name=\"twitter:label1\" content=\"Dur\u00e9e de lecture estim\u00e9e\" \/>\n\t<meta name=\"twitter:data1\" content=\"3 minutes\" \/>\r\n<script type=\"application\/ld+json\" class=\"yoast-schema-graph\">{\"@context\":\"https:\\\/\\\/schema.org\",\"@graph\":[{\"@type\":\"WebPage\",\"@id\":\"https:\\\/\\\/suresms.com\\\/dk\\\/branchelosninger\\\/sms-til-servicevirksomheder\\\/\",\"url\":\"https:\\\/\\\/suresms.com\\\/dk\\\/branchelosninger\\\/sms-til-servicevirksomheder\\\/\",\"name\":\"Sms til servicevirksomheder. Fleksibel og billig SMS online. SureSMS\",\"isPartOf\":{\"@id\":\"https:\\\/\\\/suresms.com\\\/en\\\/#website\"},\"primaryImageOfPage\":{\"@id\":\"https:\\\/\\\/suresms.com\\\/dk\\\/branchelosninger\\\/sms-til-servicevirksomheder\\\/#primaryimage\"},\"image\":{\"@id\":\"https:\\\/\\\/suresms.com\\\/dk\\\/branchelosninger\\\/sms-til-servicevirksomheder\\\/#primaryimage\"},\"thumbnailUrl\":\"https:\\\/\\\/suresms.com\\\/wp-content\\\/uploads\\\/2016\\\/06\\\/Frisoergaarden-1.jpg\",\"datePublished\":\"2016-06-01T15:49:00+00:00\",\"dateModified\":\"2025-01-03T14:16:29+00:00\",\"description\":\"Autov\u00e6rksteder, tandl\u00e6ger, fris\u00f8rer, klinikker .Send nemt og billigt p\u00e5mindelser og personlige SMS'er til kunder direkte fra din PC. Opret gratis Testkonto!\",\"breadcrumb\":{\"@id\":\"https:\\\/\\\/suresms.com\\\/dk\\\/branchelosninger\\\/sms-til-servicevirksomheder\\\/#breadcrumb\"},\"inLanguage\":\"fr-FR\",\"potentialAction\":[{\"@type\":\"ReadAction\",\"target\":[\"https:\\\/\\\/suresms.com\\\/dk\\\/branchelosninger\\\/sms-til-servicevirksomheder\\\/\"]}]},{\"@type\":\"ImageObject\",\"inLanguage\":\"fr-FR\",\"@id\":\"https:\\\/\\\/suresms.com\\\/dk\\\/branchelosninger\\\/sms-til-servicevirksomheder\\\/#primaryimage\",\"url\":\"https:\\\/\\\/suresms.com\\\/wp-content\\\/uploads\\\/2016\\\/06\\\/Frisoergaarden-1.jpg\",\"contentUrl\":\"https:\\\/\\\/suresms.com\\\/wp-content\\\/uploads\\\/2016\\\/06\\\/Frisoergaarden-1.jpg\"},{\"@type\":\"BreadcrumbList\",\"@id\":\"https:\\\/\\\/suresms.com\\\/dk\\\/branchelosninger\\\/sms-til-servicevirksomheder\\\/#breadcrumb\",\"itemListElement\":[{\"@type\":\"ListItem\",\"position\":1,\"name\":\"Home\",\"item\":\"https:\\\/\\\/suresms.com\\\/dk\\\/\"},{\"@type\":\"ListItem\",\"position\":2,\"name\":\"Branchel\u00f8sninger\",\"item\":\"https:\\\/\\\/suresms.com\\\/dk\\\/branchelosninger\\\/\"},{\"@type\":\"ListItem\",\"position\":3,\"name\":\"SMS til Servicevirksomheder\"}]},{\"@type\":\"WebSite\",\"@id\":\"https:\\\/\\\/suresms.com\\\/en\\\/#website\",\"url\":\"https:\\\/\\\/suresms.com\\\/en\\\/\",\"name\":\"SureSMS\",\"description\":\"Professionel SMS Gateway\",\"publisher\":{\"@id\":\"https:\\\/\\\/suresms.com\\\/en\\\/#organization\"},\"potentialAction\":[{\"@type\":\"SearchAction\",\"target\":{\"@type\":\"EntryPoint\",\"urlTemplate\":\"https:\\\/\\\/suresms.com\\\/en\\\/?s={search_term_string}\"},\"query-input\":{\"@type\":\"PropertyValueSpecification\",\"valueRequired\":true,\"valueName\":\"search_term_string\"}}],\"inLanguage\":\"fr-FR\"},{\"@type\":\"Organization\",\"@id\":\"https:\\\/\\\/suresms.com\\\/en\\\/#organization\",\"name\":\"SureSMS\",\"url\":\"https:\\\/\\\/suresms.com\\\/en\\\/\",\"logo\":{\"@type\":\"ImageObject\",\"inLanguage\":\"fr-FR\",\"@id\":\"https:\\\/\\\/suresms.com\\\/en\\\/#\\\/schema\\\/logo\\\/image\\\/\",\"url\":\"https:\\\/\\\/suresms.com\\\/wp-content\\\/uploads\\\/2024\\\/11\\\/suresms-300x65-1.png\",\"contentUrl\":\"https:\\\/\\\/suresms.com\\\/wp-content\\\/uploads\\\/2024\\\/11\\\/suresms-300x65-1.png\",\"width\":300,\"height\":65,\"caption\":\"SureSMS\"},\"image\":{\"@id\":\"https:\\\/\\\/suresms.com\\\/en\\\/#\\\/schema\\\/logo\\\/image\\\/\"},\"sameAs\":[\"https:\\\/\\\/www.facebook.com\\\/p\\\/SureSMS-100044607956149\\\/\"]}]}<\/script>\r\n<!-- \/ Yoast SEO Premium plugin. -->","yoast_head_json":{"title":"SMS pour les entreprises de services. SMS en ligne flexibles et bon march\u00e9. SureSMS","description":"Ateliers de r\u00e9paration automobile, dentistes, coiffeurs, cliniques... Envoyez des rappels et des messages SMS personnalis\u00e9s \u00e0 vos clients, facilement et \u00e0 moindre co\u00fbt, directement depuis votre PC. Cr\u00e9ez un compte d'essai gratuit !","robots":{"index":"index","follow":"follow","max-snippet":"max-snippet:-1","max-image-preview":"max-image-preview:large","max-video-preview":"max-video-preview:-1"},"canonical":"https:\/\/suresms.com\/fr\/rejets-de-la-branche\/sms-pour-les-entreprises-de-services\/","og_locale":"fr_FR","og_type":"article","og_title":"SMS til Servicevirksomheder","og_description":"Autov\u00e6rksteder, tandl\u00e6ger, fris\u00f8rer, klinikker .Send nemt og billigt p\u00e5mindelser og personlige SMS'er til kunder direkte fra din PC. Opret gratis Testkonto!","og_url":"https:\/\/suresms.com\/fr\/rejets-de-la-branche\/sms-pour-les-entreprises-de-services\/","article_publisher":"https:\/\/www.facebook.com\/p\/SureSMS-100044607956149\/","article_modified_time":"2025-01-03T14:16:29+00:00","og_image":[{"width":400,"height":266,"url":"https:\/\/suresms.com\/wp-content\/uploads\/2016\/06\/sms-til-service-snippet.jpg","type":"image\/jpeg"}],"twitter_card":"summary_large_image","twitter_misc":{"Dur\u00e9e de lecture estim\u00e9e":"3 minutes"},"schema":{"@context":"https:\/\/schema.org","@graph":[{"@type":"WebPage","@id":"https:\/\/suresms.com\/dk\/branchelosninger\/sms-til-servicevirksomheder\/","url":"https:\/\/suresms.com\/dk\/branchelosninger\/sms-til-servicevirksomheder\/","name":"SMS pour les entreprises de services. SMS en ligne flexibles et bon march\u00e9. SureSMS","isPartOf":{"@id":"https:\/\/suresms.com\/en\/#website"},"primaryImageOfPage":{"@id":"https:\/\/suresms.com\/dk\/branchelosninger\/sms-til-servicevirksomheder\/#primaryimage"},"image":{"@id":"https:\/\/suresms.com\/dk\/branchelosninger\/sms-til-servicevirksomheder\/#primaryimage"},"thumbnailUrl":"https:\/\/suresms.com\/wp-content\/uploads\/2016\/06\/Frisoergaarden-1.jpg","datePublished":"2016-06-01T15:49:00+00:00","dateModified":"2025-01-03T14:16:29+00:00","description":"Ateliers de r\u00e9paration automobile, dentistes, coiffeurs, cliniques... Envoyez des rappels et des messages SMS personnalis\u00e9s \u00e0 vos clients, facilement et \u00e0 moindre co\u00fbt, directement depuis votre PC. Cr\u00e9ez un compte d'essai gratuit !","breadcrumb":{"@id":"https:\/\/suresms.com\/dk\/branchelosninger\/sms-til-servicevirksomheder\/#breadcrumb"},"inLanguage":"fr-FR","potentialAction":[{"@type":"ReadAction","target":["https:\/\/suresms.com\/dk\/branchelosninger\/sms-til-servicevirksomheder\/"]}]},{"@type":"ImageObject","inLanguage":"fr-FR","@id":"https:\/\/suresms.com\/dk\/branchelosninger\/sms-til-servicevirksomheder\/#primaryimage","url":"https:\/\/suresms.com\/wp-content\/uploads\/2016\/06\/Frisoergaarden-1.jpg","contentUrl":"https:\/\/suresms.com\/wp-content\/uploads\/2016\/06\/Frisoergaarden-1.jpg"},{"@type":"BreadcrumbList","@id":"https:\/\/suresms.com\/dk\/branchelosninger\/sms-til-servicevirksomheder\/#breadcrumb","itemListElement":[{"@type":"ListItem","position":1,"name":"Home","item":"https:\/\/suresms.com\/dk\/"},{"@type":"ListItem","position":2,"name":"Branchel\u00f8sninger","item":"https:\/\/suresms.com\/dk\/branchelosninger\/"},{"@type":"ListItem","position":3,"name":"SMS til Servicevirksomheder"}]},{"@type":"WebSite","@id":"https:\/\/suresms.com\/en\/#website","url":"https:\/\/suresms.com\/en\/","name":"SureSMS","description":"Passerelle SMS professionnelle","publisher":{"@id":"https:\/\/suresms.com\/en\/#organization"},"potentialAction":[{"@type":"SearchAction","target":{"@type":"EntryPoint","urlTemplate":"https:\/\/suresms.com\/en\/?s={search_term_string}"},"query-input":{"@type":"PropertyValueSpecification","valueRequired":true,"valueName":"search_term_string"}}],"inLanguage":"fr-FR"},{"@type":"Organization","@id":"https:\/\/suresms.com\/en\/#organization","name":"SureSMS","url":"https:\/\/suresms.com\/en\/","logo":{"@type":"ImageObject","inLanguage":"fr-FR","@id":"https:\/\/suresms.com\/en\/#\/schema\/logo\/image\/","url":"https:\/\/suresms.com\/wp-content\/uploads\/2024\/11\/suresms-300x65-1.png","contentUrl":"https:\/\/suresms.com\/wp-content\/uploads\/2024\/11\/suresms-300x65-1.png","width":300,"height":65,"caption":"SureSMS"},"image":{"@id":"https:\/\/suresms.com\/en\/#\/schema\/logo\/image\/"},"sameAs":["https:\/\/www.facebook.com\/p\/SureSMS-100044607956149\/"]}]}},"_links":{"self":[{"href":"https:\/\/suresms.com\/fr\/wp-json\/wp\/v2\/pages\/2681","targetHints":{"allow":["GET"]}}],"collection":[{"href":"https:\/\/suresms.com\/fr\/wp-json\/wp\/v2\/pages"}],"about":[{"href":"https:\/\/suresms.com\/fr\/wp-json\/wp\/v2\/types\/page"}],"author":[{"embeddable":true,"href":"https:\/\/suresms.com\/fr\/wp-json\/wp\/v2\/users\/1"}],"replies":[{"embeddable":true,"href":"https:\/\/suresms.com\/fr\/wp-json\/wp\/v2\/comments?post=2681"}],"version-history":[{"count":4,"href":"https:\/\/suresms.com\/fr\/wp-json\/wp\/v2\/pages\/2681\/revisions"}],"predecessor-version":[{"id":19575,"href":"https:\/\/suresms.com\/fr\/wp-json\/wp\/v2\/pages\/2681\/revisions\/19575"}],"up":[{"embeddable":true,"href":"https:\/\/suresms.com\/fr\/wp-json\/wp\/v2\/pages\/1654"}],"wp:attachment":[{"href":"https:\/\/suresms.com\/fr\/wp-json\/wp\/v2\/media?parent=2681"}],"wp:term":[{"taxonomy":"category","embeddable":true,"href":"https:\/\/suresms.com\/fr\/wp-json\/wp\/v2\/categories?post=2681"},{"taxonomy":"post_tag","embeddable":true,"href":"https:\/\/suresms.com\/fr\/wp-json\/wp\/v2\/tags?post=2681"}],"curies":[{"name":"wp","href":"https:\/\/api.w.org\/{rel}","templated":true}]}}