{"id":2659,"date":"2016-06-01T15:30:55","date_gmt":"2016-06-01T13:30:55","guid":{"rendered":"https:\/\/www.suresms.com\/dk\/?page_id=2659"},"modified":"2025-01-05T00:16:13","modified_gmt":"2025-01-05T00:16:13","slug":"sms-pour-les-institutions-publiques","status":"publish","type":"page","link":"https:\/\/suresms.com\/fr\/branchelosninger\/sms-til-offentlige-institutioner\/","title":{"rendered":"SMS aux institutions publiques"},"content":{"rendered":"<!-- Flexy Breadcrumb -->\r\n\t\t\t<div class=\"fbc fbc-page\">\r\n\r\n\t\t\t\t<!-- Breadcrumb wrapper -->\r\n\t\t\t\t<div class=\"fbc-wrap\">\r\n\r\n\t\t\t\t\t<!-- Ordered list-->\r\n\t\t\t\t\t<ol class=\"fbc-items\" itemscope itemtype=\"https:\/\/schema.org\/BreadcrumbList\">\r\n\t\t\t\t\t\t            <li itemprop=\"itemListElement\" itemscope itemtype=\"https:\/\/schema.org\/ListItem\">\r\n                <span itemprop=\"name\">\r\n                    <!-- Home Link -->\r\n                    <a itemprop=\"item\" href=\"https:\/\/suresms.com\/fr\/\">\r\n                    \r\n                                                    <i class=\"fa fa-home\" aria-hidden=\"true\"><\/i>Accueil                    <\/a>\r\n                <\/span>\r\n                <meta itemprop=\"position\" content=\"1\" \/><!-- Meta Position-->\r\n             <\/li><li><span class=\"fbc-separator\">\/<\/span><\/li><li class=\"active\" itemprop=\"itemListElement\" itemscope itemtype=\"https:\/\/schema.org\/ListItem\"><span itemprop=\"name\" title=\"SMS aux institutions publiques\">SMS aux institutions publiques<\/span><meta itemprop=\"position\" content=\"2\" \/><\/li>\t\t\t\t\t<\/ol>\r\n\t\t\t\t\t<div class=\"clearfix\"><\/div>\r\n\t\t\t\t<\/div>\r\n\t\t\t<\/div>\r\n\t\t\t\n<h1>\n\t\tSMS aux institutions publiques\n\t<\/h1>\n\t\n<p><strong>Municipalit\u00e9s, biblioth\u00e8ques, agences gouvernementales, \u00e9coles, prisons d'\u00c9tat et h\u00f4pitaux. Dans l'ensemble du secteur public, le SMS est devenu un moyen de communication simple et efficace pour les utilisateurs et les citoyens. Avec la passerelle SMS de SureSMS, vous avez automatiquement la documentation en place et vous n'avez pas \u00e0 faire de compromis sur la s\u00e9curit\u00e9 ou la qualit\u00e9 du produit.<\/strong><\/p>\n<p>Pour que la communication entre les municipalit\u00e9s, les institutions, les autorit\u00e9s et les citoyens fonctionne, il est essentiel que les messages et les informations soient \u00e0 la fois re\u00e7us ET lus ! Des \u00e9tudes montrent que la grande majorit\u00e9 des messages SMS sont lus par le destinataire, ce qui fait des messages SMS une forme de communication rapide et fiable.<\/p>\n<p>Gr\u00e2ce \u00e0 une passerelle SMS, les organismes publics peuvent garder le contr\u00f4le et se conformer aux exigences en mati\u00e8re d'archivage.<\/p>\n<p><strong>Avantages et b\u00e9n\u00e9fices<\/strong><\/p>\n<ul> \t\n<li><strong>Journalisation int\u00e9gr\u00e9e. Gr\u00e2ce \u00e0 notre portail web, vous disposez toujours d'une documentation pour tous les messages envoy\u00e9s aux citoyens ou aux employ\u00e9s.<\/strong><\/li>\n\n<li><strong>Les messages de service et les rappels de rendez-vous par SMS constituent un excellent service pour les citoyens et les utilisateurs, tout en r\u00e9duisant le nombre d'annulations et le gaspillage de ressources. Utilisez des messages SMS g\u00e9n\u00e9r\u00e9s automatiquement ou contr\u00f4lez l'envoi vous-m\u00eame via notre interface web.<\/strong><\/li>\n\n<li><strong>Toutes les communications entre le client et nos serveurs sont crypt\u00e9es \u00e0 l'aide des derni\u00e8res technologies de cryptage SSL. Cela permet d'envoyer en toute s\u00e9curit\u00e9 des informations personnelles sensibles par l'interm\u00e9diaire de SureSMS.<\/strong><\/li>\n\n<li><strong>Pas d'abonnements co\u00fbteux. Nous ne facturons que le nombre de messages que vous envoyez. La facturation est gratuite et il est facile de payer via le num\u00e9ro EAN.<\/strong><\/li>\n<\/ul>\n<p>Ce qui pr\u00e9c\u00e8de n'est qu'une s\u00e9lection de nos caract\u00e9ristiques. Mais il y en a bien d'autres. Jetez un coup d'\u0153il \u00e0 notre\u00a0<a href=\"https:\/\/suresms.com\/fr\/caracteristiques\/\">pages de pr\u00e9sentation<\/a>\u00a0suresms.com pour s'en inspirer.<\/p>\n<p><strong>Vue d'ensemble et documentation compl\u00e8te via le portail web SureSMS<\/strong><\/p>\n<p>Depuis notre portail web, vous pouvez facilement vous connecter et envoyer des messages SMS \u00e0 des utilisateurs via votre ordinateur. De l\u00e0, il est facile d'envoyer des messages \u00e0 des groupes, de planifier des envois et de fusionner des noms dans les messages.<\/p>\n<p>Vous avez \u00e9galement une vue d'ensemble des messages envoy\u00e9s, qui sont stock\u00e9s ici \u00e0 des fins de journalisation ou de documentation. Vous avez toujours une vue d'ensemble du contenu et de l'heure d'envoi et de r\u00e9ception des messages.<\/p>\n<p><strong>Fournir des services aux institutions publiques et aux municipalit\u00e9s<\/strong><\/p>\n<p>Au fil des ans, nous avons livr\u00e9 des SMS \u00e0 de nombreuses institutions publiques et avons une grande exp\u00e9rience de la collaboration avec elles : biblioth\u00e8ques, prisons d'\u00c9tat, centres de technologie d'assistance, agences gouvernementales et bien d'autres encore. Les institutions publiques ont besoin de communiquer avec un large \u00e9chantillon de la population, mais le prix, la qualit\u00e9 et la s\u00e9curit\u00e9 DOIVENT \u00eatre de premier ordre. Nous disposons de l'expertise n\u00e9cessaire pour fournir une passerelle solide et flexible, facile \u00e0 utiliser.<\/p>\n<p><strong>Envoi \u00e0 partir de plusieurs num\u00e9ros<\/strong><\/p>\n<p>Votre organisation a besoin d'envoyer des messages \u00e0 partir de plusieurs num\u00e9ros de t\u00e9l\u00e9phone, ou vous avez besoin d'un login flexible pour que plusieurs employ\u00e9s puissent envoyer des messages \u00e0 partir d'un utilisateur sp\u00e9cifique ? C'est facile \u00e0 faire via notre portail en ligne.<\/p>\n<p><strong>\u00c0 partir de cette page, vous pouvez cr\u00e9er un compte d'essai gratuit en cinq minutes. Vous avez des questions ou vous souhaitez nous parler ? Vous pouvez trouver notre\u00a0<\/strong><a href=\"https:\/\/suresms.com\/fr\/contact\/\">informations de contact<\/a><strong>\u00a0Ici.<\/strong><\/p>\n\n\t<p>&gt; Retourner \u00e0 <a href=\"https:\/\/suresms.com\/fr\/rejets-de-la-branche\/\">Solutions pour l'industrie<\/a><\/p>\n\t\t\t<p><a href=\"http:\/\/www.rodskovforsamlingshus.dk\/om-forsamlingshuset.html\"><img loading=\"lazy\" decoding=\"async\" src=\"https:\/\/suresms.com\/wp-content\/uploads\/2015\/02\/REB-Rodskov1.jpg\" alt=\"REB Rodskov\" width=\"172\" height=\"87\" \/><\/a><\/p>\n<p><em>\"Vous m'avez \u00e9t\u00e9 recommand\u00e9 par un coll\u00e8gue qui utilise \u00e9galement votre solution.\u00a0<\/em><\/p>\n<p><em>J'ai \u00e9tudi\u00e9 et test\u00e9 un certain nombre d'autres solutions SMS, et la v\u00f4tre est de loin la plus souple et la plus rapide - \u00e0 un prix raisonnable. <\/em><\/p>\n<p><em>MERCI pour cet excellent produit ! Il fait exactement ce dont j'ai besoin - Super bien !\"<\/em><\/p>\n<p><strong>Michel Gorm, Secr\u00e9taire<\/strong><\/p>\n<p><strong>Centre communautaire de Rodskov<\/strong><\/p>\n\t\t<h4>Cr\u00e9er un compte d'essai gratuit<\/h4>\n\t\t<p>Cela ne prend que 5 minutes. Commencez tout de suite et obtenez <strong>50 SMS gratuits<\/strong> sans conditions.<\/p>\n\t\t\t<a href=\"https:\/\/suresms.com\/fr\/compte-test-sms-gratuit\/\" target=\"_self\">\n\t\t\t\t\t\t\tCr\u00e9er un compte d'essai\n\t\t\t\t\t<\/a>\n\t\t<h4>Commandez une solution \u00e0 deux voies !<\/h4>\n\t\t<p>Vous avez d\u00e9j\u00e0 un compte ? Commandez une solution bidirectionnelle et b\u00e9n\u00e9ficiez des options suppl\u00e9mentaires offertes par votre propre solution.\u00a0<\/p>\n\t\t\t<a href=\"https:\/\/suresms.com\/fr\/commande-dun-dechargement-a-deux-voies\/\" target=\"_self\">\n\t\t\t\t\t\t\tCommander une solution \u00e0 deux voies\n\t\t\t\t\t<\/a>\n\t\t\t\t<a href=\"https:\/\/suresms.com\/fr\/sms-outlook-add\/\" target=\"_self\" itemprop=\"url\">\n\t\t\t\t<img loading=\"lazy\" decoding=\"async\" src=\"https:\/\/suresms.com\/wp-content\/uploads\/2016\/02\/facebook-Outlook-plugin-version-1.4-snippet-1.jpg\" alt=\"plugin facebook Outlook version 1.4 snippet\" itemprop=\"image\" height=\"630\" width=\"1200\" title=\"plugin facebook Outlook version 1.4 snippet\" onerror=\"this.style.display='none'\"  \/>\n\t\t\t\t<\/a>\n\t\t<h3><a href=\"https:\/\/suresms.com\/fr\/sms-outlook-add\/\" target=\"_self\">Outlook SMS Plugin Version 2.10<\/a><\/h3>Notre module d'extension SMS est con\u00e7u sp\u00e9cifiquement pour Outlook. Avec une installation rapide de notre plugin, vous obtenez un exp\u00e9diteur de SMS et de SMS de groupe int\u00e9gr\u00e9 dans votre menu Outlook avec acc\u00e8s \u00e0 vos contacts Outlook. Vous disposez d'une DOCUMENTATION COMPL\u00c8TE puisque tous les messages sont automatiquement sauvegard\u00e9s. Int\u00e9gration facile \u00e0 d'autres syst\u00e8mes.<br \/>\nPlusieurs nouvelles options pour la s\u00e9lection de l'ID de l'exp\u00e9diteur. Utilisez le nom de votre entreprise ou s\u00e9lectionnez votre num\u00e9ro de t\u00e9l\u00e9phone portable et recevez les r\u00e9ponses directement sur votre t\u00e9l\u00e9phone portable. Devriez-vous recevoir les r\u00e9ponses dans Outlook ? Contactez-nous pour un <a href=\"https:\/\/suresms.com\/fr\/caracteristiques\/recevoir-des-messages-texte-sur-votre-ordinateur\/\">Solution \u00e0 deux voies<\/a>.\n<p>&nbsp;<\/p>\n\n\t\t\t<a href=\"https:\/\/suresms.com\/fr\/sms-outlook-add\/\" target=\"_self\">\n\t\t\t\t\t\t\tEn savoir plus sur notre module compl\u00e9mentaire SMS Outlook\n\t\t\t\t\t<\/a>","protected":false},"excerpt":{"rendered":"<p>SMS pour les institutions publiques Municipalit\u00e9s, biblioth\u00e8ques, agences gouvernementales, \u00e9coles, prisons d'\u00c9tat et h\u00f4pitaux. Dans tout le secteur public, le SMS est devenu un moyen de communication simple et efficace pour les utilisateurs et les citoyens. Avec la passerelle SMS de SureSMS, vous avez automatiquement la documentation en place et vous n'avez pas \u00e0 faire de compromis sur la s\u00e9curit\u00e9 ou la qualit\u00e9 du produit. Pour que la communication entre les municipalit\u00e9s, les institutions, les autorit\u00e9s et ... <a title=\"SMS aux institutions publiques\" class=\"read-more\" href=\"https:\/\/suresms.com\/fr\/branchelosninger\/sms-til-offentlige-institutioner\/\" aria-label=\"En savoir plus sur SMS til offentlige institutioner\">En savoir plus<\/a><\/p>","protected":false},"author":1,"featured_media":0,"parent":1654,"menu_order":4,"comment_status":"closed","ping_status":"closed","template":"","meta":{"_fl_builder_enabled":"1","_fl_builder_data":null,"_fl_builder_draft":null,"_fl_builder_data_settings":null,"_fl_builder_css":"","_fl_builder_css_version":"","_fl_builder_js":"","footnotes":""},"categories":[],"tags":[],"class_list":["post-2659","page","type-page","status-publish"],"yoast_head":"<!-- This site is optimized with the Yoast SEO Premium plugin v27.3 (Yoast SEO v27.3) - https:\/\/yoast.com\/product\/yoast-seo-premium-wordpress\/ -->\r\n<title>SMS til offentlige institutioner. Integreret online journalisering<\/title>\r\n<meta name=\"description\" content=\"SureSMS samarbejder med og leverer SMS til offentlige institutioner. SSL-kryptering sikrer data med personf\u00f8lsomme oplysninger. Betal pr. SMS - 0,- i abonn.\" \/>\r\n<meta name=\"robots\" content=\"index, follow, max-snippet:-1, max-image-preview:large, max-video-preview:-1\" \/>\r\n<link rel=\"canonical\" href=\"https:\/\/suresms.com\/fr\/rejets-de-la-branche\/sms-pour-les-institutions-publiques\/\" \/>\r\n<meta property=\"og:locale\" content=\"fr_FR\" \/>\r\n<meta property=\"og:type\" content=\"article\" \/>\r\n<meta property=\"og:title\" content=\"SMS til offentlige institutioner\" \/>\r\n<meta property=\"og:description\" content=\"SureSMS samarbejder med og leverer SMS til offentlige institutioner. SSL-kryptering sikrer data med personf\u00f8lsomme oplysninger. Betal pr. SMS - 0,- i abonn.\" \/>\r\n<meta property=\"og:url\" content=\"https:\/\/suresms.com\/fr\/rejets-de-la-branche\/sms-pour-les-institutions-publiques\/\" \/>\r\n<meta property=\"article:publisher\" content=\"https:\/\/www.facebook.com\/p\/SureSMS-100044607956149\/\" \/>\r\n<meta property=\"article:modified_time\" content=\"2025-01-05T00:16:13+00:00\" \/>\r\n<meta property=\"og:image\" content=\"https:\/\/suresms.com\/wp-content\/uploads\/2016\/06\/sms-til-offentlige-snippet.jpg\" \/>\r\n\t<meta property=\"og:image:width\" content=\"400\" \/>\r\n\t<meta property=\"og:image:height\" content=\"233\" \/>\r\n\t<meta property=\"og:image:type\" content=\"image\/jpeg\" \/>\r\n<meta name=\"twitter:card\" content=\"summary_large_image\" \/>\r\n<meta name=\"twitter:label1\" content=\"Dur\u00e9e de lecture estim\u00e9e\" \/>\n\t<meta name=\"twitter:data1\" content=\"3 minutes\" \/>\r\n<script type=\"application\/ld+json\" class=\"yoast-schema-graph\">{\"@context\":\"https:\\\/\\\/schema.org\",\"@graph\":[{\"@type\":\"WebPage\",\"@id\":\"https:\\\/\\\/suresms.com\\\/dk\\\/branchelosninger\\\/sms-til-offentlige-institutioner\\\/\",\"url\":\"https:\\\/\\\/suresms.com\\\/dk\\\/branchelosninger\\\/sms-til-offentlige-institutioner\\\/\",\"name\":\"SMS til offentlige institutioner. Integreret online journalisering\",\"isPartOf\":{\"@id\":\"https:\\\/\\\/suresms.com\\\/en\\\/#website\"},\"primaryImageOfPage\":{\"@id\":\"https:\\\/\\\/suresms.com\\\/dk\\\/branchelosninger\\\/sms-til-offentlige-institutioner\\\/#primaryimage\"},\"image\":{\"@id\":\"https:\\\/\\\/suresms.com\\\/dk\\\/branchelosninger\\\/sms-til-offentlige-institutioner\\\/#primaryimage\"},\"thumbnailUrl\":\"https:\\\/\\\/suresms.com\\\/wp-content\\\/uploads\\\/2015\\\/02\\\/REB-Rodskov1.jpg\",\"datePublished\":\"2016-06-01T13:30:55+00:00\",\"dateModified\":\"2025-01-05T00:16:13+00:00\",\"description\":\"SureSMS samarbejder med og leverer SMS til offentlige institutioner. SSL-kryptering sikrer data med personf\u00f8lsomme oplysninger. Betal pr. SMS - 0,- i abonn.\",\"breadcrumb\":{\"@id\":\"https:\\\/\\\/suresms.com\\\/dk\\\/branchelosninger\\\/sms-til-offentlige-institutioner\\\/#breadcrumb\"},\"inLanguage\":\"fr-FR\",\"potentialAction\":[{\"@type\":\"ReadAction\",\"target\":[\"https:\\\/\\\/suresms.com\\\/dk\\\/branchelosninger\\\/sms-til-offentlige-institutioner\\\/\"]}]},{\"@type\":\"ImageObject\",\"inLanguage\":\"fr-FR\",\"@id\":\"https:\\\/\\\/suresms.com\\\/dk\\\/branchelosninger\\\/sms-til-offentlige-institutioner\\\/#primaryimage\",\"url\":\"https:\\\/\\\/suresms.com\\\/wp-content\\\/uploads\\\/2015\\\/02\\\/REB-Rodskov1.jpg\",\"contentUrl\":\"https:\\\/\\\/suresms.com\\\/wp-content\\\/uploads\\\/2015\\\/02\\\/REB-Rodskov1.jpg\"},{\"@type\":\"BreadcrumbList\",\"@id\":\"https:\\\/\\\/suresms.com\\\/dk\\\/branchelosninger\\\/sms-til-offentlige-institutioner\\\/#breadcrumb\",\"itemListElement\":[{\"@type\":\"ListItem\",\"position\":1,\"name\":\"Home\",\"item\":\"https:\\\/\\\/suresms.com\\\/dk\\\/\"},{\"@type\":\"ListItem\",\"position\":2,\"name\":\"Branchel\u00f8sninger\",\"item\":\"https:\\\/\\\/suresms.com\\\/dk\\\/branchelosninger\\\/\"},{\"@type\":\"ListItem\",\"position\":3,\"name\":\"SMS til offentlige institutioner\"}]},{\"@type\":\"WebSite\",\"@id\":\"https:\\\/\\\/suresms.com\\\/en\\\/#website\",\"url\":\"https:\\\/\\\/suresms.com\\\/en\\\/\",\"name\":\"SureSMS\",\"description\":\"Professionel SMS Gateway\",\"publisher\":{\"@id\":\"https:\\\/\\\/suresms.com\\\/en\\\/#organization\"},\"potentialAction\":[{\"@type\":\"SearchAction\",\"target\":{\"@type\":\"EntryPoint\",\"urlTemplate\":\"https:\\\/\\\/suresms.com\\\/en\\\/?s={search_term_string}\"},\"query-input\":{\"@type\":\"PropertyValueSpecification\",\"valueRequired\":true,\"valueName\":\"search_term_string\"}}],\"inLanguage\":\"fr-FR\"},{\"@type\":\"Organization\",\"@id\":\"https:\\\/\\\/suresms.com\\\/en\\\/#organization\",\"name\":\"SureSMS\",\"url\":\"https:\\\/\\\/suresms.com\\\/en\\\/\",\"logo\":{\"@type\":\"ImageObject\",\"inLanguage\":\"fr-FR\",\"@id\":\"https:\\\/\\\/suresms.com\\\/en\\\/#\\\/schema\\\/logo\\\/image\\\/\",\"url\":\"https:\\\/\\\/suresms.com\\\/wp-content\\\/uploads\\\/2024\\\/11\\\/suresms-300x65-1.png\",\"contentUrl\":\"https:\\\/\\\/suresms.com\\\/wp-content\\\/uploads\\\/2024\\\/11\\\/suresms-300x65-1.png\",\"width\":300,\"height\":65,\"caption\":\"SureSMS\"},\"image\":{\"@id\":\"https:\\\/\\\/suresms.com\\\/en\\\/#\\\/schema\\\/logo\\\/image\\\/\"},\"sameAs\":[\"https:\\\/\\\/www.facebook.com\\\/p\\\/SureSMS-100044607956149\\\/\"]}]}<\/script>\r\n<!-- \/ Yoast SEO Premium plugin. -->","yoast_head_json":{"title":"SMS pour les institutions publiques. Journal en ligne int\u00e9gr\u00e9","description":"SureSMS collabore avec les institutions publiques et leur fournit des SMS. Le cryptage SSL s\u00e9curise les donn\u00e9es contenant des informations personnelles sensibles. Payez par SMS - 0,- par abonn\u00e9.","robots":{"index":"index","follow":"follow","max-snippet":"max-snippet:-1","max-image-preview":"max-image-preview:large","max-video-preview":"max-video-preview:-1"},"canonical":"https:\/\/suresms.com\/fr\/rejets-de-la-branche\/sms-pour-les-institutions-publiques\/","og_locale":"fr_FR","og_type":"article","og_title":"SMS til offentlige institutioner","og_description":"SureSMS samarbejder med og leverer SMS til offentlige institutioner. SSL-kryptering sikrer data med personf\u00f8lsomme oplysninger. Betal pr. SMS - 0,- i abonn.","og_url":"https:\/\/suresms.com\/fr\/rejets-de-la-branche\/sms-pour-les-institutions-publiques\/","article_publisher":"https:\/\/www.facebook.com\/p\/SureSMS-100044607956149\/","article_modified_time":"2025-01-05T00:16:13+00:00","og_image":[{"width":400,"height":233,"url":"https:\/\/suresms.com\/wp-content\/uploads\/2016\/06\/sms-til-offentlige-snippet.jpg","type":"image\/jpeg"}],"twitter_card":"summary_large_image","twitter_misc":{"Dur\u00e9e de lecture estim\u00e9e":"3 minutes"},"schema":{"@context":"https:\/\/schema.org","@graph":[{"@type":"WebPage","@id":"https:\/\/suresms.com\/dk\/branchelosninger\/sms-til-offentlige-institutioner\/","url":"https:\/\/suresms.com\/dk\/branchelosninger\/sms-til-offentlige-institutioner\/","name":"SMS pour les institutions publiques. Journal en ligne int\u00e9gr\u00e9","isPartOf":{"@id":"https:\/\/suresms.com\/en\/#website"},"primaryImageOfPage":{"@id":"https:\/\/suresms.com\/dk\/branchelosninger\/sms-til-offentlige-institutioner\/#primaryimage"},"image":{"@id":"https:\/\/suresms.com\/dk\/branchelosninger\/sms-til-offentlige-institutioner\/#primaryimage"},"thumbnailUrl":"https:\/\/suresms.com\/wp-content\/uploads\/2015\/02\/REB-Rodskov1.jpg","datePublished":"2016-06-01T13:30:55+00:00","dateModified":"2025-01-05T00:16:13+00:00","description":"SureSMS collabore avec les institutions publiques et leur fournit des SMS. Le cryptage SSL s\u00e9curise les donn\u00e9es contenant des informations personnelles sensibles. Payez par SMS - 0,- par abonn\u00e9.","breadcrumb":{"@id":"https:\/\/suresms.com\/dk\/branchelosninger\/sms-til-offentlige-institutioner\/#breadcrumb"},"inLanguage":"fr-FR","potentialAction":[{"@type":"ReadAction","target":["https:\/\/suresms.com\/dk\/branchelosninger\/sms-til-offentlige-institutioner\/"]}]},{"@type":"ImageObject","inLanguage":"fr-FR","@id":"https:\/\/suresms.com\/dk\/branchelosninger\/sms-til-offentlige-institutioner\/#primaryimage","url":"https:\/\/suresms.com\/wp-content\/uploads\/2015\/02\/REB-Rodskov1.jpg","contentUrl":"https:\/\/suresms.com\/wp-content\/uploads\/2015\/02\/REB-Rodskov1.jpg"},{"@type":"BreadcrumbList","@id":"https:\/\/suresms.com\/dk\/branchelosninger\/sms-til-offentlige-institutioner\/#breadcrumb","itemListElement":[{"@type":"ListItem","position":1,"name":"Home","item":"https:\/\/suresms.com\/dk\/"},{"@type":"ListItem","position":2,"name":"Branchel\u00f8sninger","item":"https:\/\/suresms.com\/dk\/branchelosninger\/"},{"@type":"ListItem","position":3,"name":"SMS til offentlige institutioner"}]},{"@type":"WebSite","@id":"https:\/\/suresms.com\/en\/#website","url":"https:\/\/suresms.com\/en\/","name":"SureSMS","description":"Passerelle SMS professionnelle","publisher":{"@id":"https:\/\/suresms.com\/en\/#organization"},"potentialAction":[{"@type":"SearchAction","target":{"@type":"EntryPoint","urlTemplate":"https:\/\/suresms.com\/en\/?s={search_term_string}"},"query-input":{"@type":"PropertyValueSpecification","valueRequired":true,"valueName":"search_term_string"}}],"inLanguage":"fr-FR"},{"@type":"Organization","@id":"https:\/\/suresms.com\/en\/#organization","name":"SureSMS","url":"https:\/\/suresms.com\/en\/","logo":{"@type":"ImageObject","inLanguage":"fr-FR","@id":"https:\/\/suresms.com\/en\/#\/schema\/logo\/image\/","url":"https:\/\/suresms.com\/wp-content\/uploads\/2024\/11\/suresms-300x65-1.png","contentUrl":"https:\/\/suresms.com\/wp-content\/uploads\/2024\/11\/suresms-300x65-1.png","width":300,"height":65,"caption":"SureSMS"},"image":{"@id":"https:\/\/suresms.com\/en\/#\/schema\/logo\/image\/"},"sameAs":["https:\/\/www.facebook.com\/p\/SureSMS-100044607956149\/"]}]}},"_links":{"self":[{"href":"https:\/\/suresms.com\/fr\/wp-json\/wp\/v2\/pages\/2659","targetHints":{"allow":["GET"]}}],"collection":[{"href":"https:\/\/suresms.com\/fr\/wp-json\/wp\/v2\/pages"}],"about":[{"href":"https:\/\/suresms.com\/fr\/wp-json\/wp\/v2\/types\/page"}],"author":[{"embeddable":true,"href":"https:\/\/suresms.com\/fr\/wp-json\/wp\/v2\/users\/1"}],"replies":[{"embeddable":true,"href":"https:\/\/suresms.com\/fr\/wp-json\/wp\/v2\/comments?post=2659"}],"version-history":[{"count":6,"href":"https:\/\/suresms.com\/fr\/wp-json\/wp\/v2\/pages\/2659\/revisions"}],"predecessor-version":[{"id":21049,"href":"https:\/\/suresms.com\/fr\/wp-json\/wp\/v2\/pages\/2659\/revisions\/21049"}],"up":[{"embeddable":true,"href":"https:\/\/suresms.com\/fr\/wp-json\/wp\/v2\/pages\/1654"}],"wp:attachment":[{"href":"https:\/\/suresms.com\/fr\/wp-json\/wp\/v2\/media?parent=2659"}],"wp:term":[{"taxonomy":"category","embeddable":true,"href":"https:\/\/suresms.com\/fr\/wp-json\/wp\/v2\/categories?post=2659"},{"taxonomy":"post_tag","embeddable":true,"href":"https:\/\/suresms.com\/fr\/wp-json\/wp\/v2\/tags?post=2659"}],"curies":[{"name":"wp","href":"https:\/\/api.w.org\/{rel}","templated":true}]}}