{"id":2632,"date":"2016-05-23T15:27:47","date_gmt":"2016-05-23T13:27:47","guid":{"rendered":"https:\/\/www.suresms.com\/dk\/?page_id=2632"},"modified":"2025-01-03T14:17:14","modified_gmt":"2025-01-03T14:17:14","slug":"sms-pour-les-entreprises-de-transport-et-de-logistique","status":"publish","type":"page","link":"https:\/\/suresms.com\/fr\/branchelosninger\/sms-til-transport-og-logistikvirksomheder\/","title":{"rendered":"SMS pour les entreprises de transport et de logistique"},"content":{"rendered":"<!-- Flexy Breadcrumb -->\r\n\t\t\t<div class=\"fbc fbc-page\">\r\n\r\n\t\t\t\t<!-- Breadcrumb wrapper -->\r\n\t\t\t\t<div class=\"fbc-wrap\">\r\n\r\n\t\t\t\t\t<!-- Ordered list-->\r\n\t\t\t\t\t<ol class=\"fbc-items\" itemscope itemtype=\"https:\/\/schema.org\/BreadcrumbList\">\r\n\t\t\t\t\t\t            <li itemprop=\"itemListElement\" itemscope itemtype=\"https:\/\/schema.org\/ListItem\">\r\n                <span itemprop=\"name\">\r\n                    <!-- Home Link -->\r\n                    <a itemprop=\"item\" href=\"https:\/\/suresms.com\/fr\/\">\r\n                    \r\n                                                    <i class=\"fa fa-home\" aria-hidden=\"true\"><\/i>Accueil                    <\/a>\r\n                <\/span>\r\n                <meta itemprop=\"position\" content=\"1\" \/><!-- Meta Position-->\r\n             <\/li><li><span class=\"fbc-separator\">\/<\/span><\/li><li class=\"active\" itemprop=\"itemListElement\" itemscope itemtype=\"https:\/\/schema.org\/ListItem\"><span itemprop=\"name\" title=\"SMS pour les entreprises de transport et de logistique\">SMS \u00e0 Transport et...<\/span><meta itemprop=\"position\" content=\"2\" \/><\/li>\t\t\t\t\t<\/ol>\r\n\t\t\t\t\t<div class=\"clearfix\"><\/div>\r\n\t\t\t\t<\/div>\r\n\t\t\t<\/div>\r\n\t\t\t\n<h1>\n\t\tSMS pour les entreprises de transport et de logistique\n\t<\/h1>\n\t\n\n<p><strong>Dans le secteur du transport et de l'exp\u00e9dition de fret, nous avons de nombreux clients importants. Nous pouvons assurer une communication rapide entre les entreprises, les chauffeurs et les clients, cr\u00e9ant ainsi une communication rapide et s\u00e9curis\u00e9e au-del\u00e0 des distances et des fronti\u00e8res.<\/strong><\/p>\n\n<p>Les entreprises de transport et de logistique s'appuient aujourd'hui sur des solutions mobiles pour leurs op\u00e9rations quotidiennes. Le secteur a grandement b\u00e9n\u00e9fici\u00e9 de solutions de communication flexibles, abordables et accessibles, qui peuvent faciliter et rationaliser les flux de travail en garantissant que les informations - et donc les marchandises et les produits - arrivent au bon moment et au bon endroit.<\/p>\n\n<p><strong>Avantages :<\/strong><\/p>\n<ul> \t\n<li><strong>Communication rapide et s\u00e9curis\u00e9e par SMS avec les employ\u00e9s et les clients du monde entier.<\/strong><\/li>\n\n<li><strong>La communication s\u00e9curis\u00e9e autour de la livraison des marchandises et du fret minimise les erreurs et les pertes de temps lors des livraisons.<\/strong><\/li>\n\n<li><strong>Obtenez une vue d'ensemble et envoyez des messages \u00e0 partir de plusieurs num\u00e9ros directement depuis notre portail web.<\/strong><\/li>\n\n<li><strong>Utilisez les SMS et les messages personnalis\u00e9s pour cr\u00e9er un bon environnement de travail dans un lieu de travail o\u00f9 les employ\u00e9s sont souvent dispers\u00e9s g\u00e9ographiquement.\u00a0<\/strong><\/li>\n<\/ul>\n\n<h3>Fiabilit\u00e9 des livraisons et service professionnel \u00e0 un prix avantageux<\/h3>\n\n<p>Apr\u00e8s de nombreuses ann\u00e9es dans l'industrie, nous savons \u00e0 quel point il est important que votre communication ne tombe PAS en panne. Nous ne l\u00e9sinons pas sur l'\u00e9quipement, le contr\u00f4le ou les heures de travail. Notre \u00e9quipe veille \u00e0 ce que notre passerelle soit professionnelle, stable et s\u00fbre. Voir notre <a title=\"Prix des passerelles SMS\" href=\"https:\/\/suresms.com\/fr\/prix-des-passerelles-sms\/\">Prix de la passerelle SMS<\/a> Ici.<\/p>\n<h3>Passerelle SMS internationale<\/h3>\n<p>Nous vivons dans un monde international et les SMS pour les entreprises de transport et de logistique sont souvent utilis\u00e9s au-del\u00e0 des fronti\u00e8res. La passerelle SMS Sure est la solution parfaite pour votre communication. Que vous ayez besoin d'envoyer des messages \u00e0 vos employ\u00e9s, \u00e0 vos chauffeurs ou \u00e0 vos clients, que votre t\u00e9l\u00e9phone soit danois ou \u00e9tranger, o\u00f9 qu'il soit, vos messages arriveront. Tant que le t\u00e9l\u00e9phone est allum\u00e9 \u00e0 l'autre bout.<\/p>\n<p>Les SMS peuvent \u00eatre facilement int\u00e9gr\u00e9s dans les processus et syst\u00e8mes existants afin de garantir une communication rapide et stable dans la pratique quotidienne.<\/p>\n<h3>Interface utilisateur simple et claire sur le portail WEB<\/h3>\n<p>Notre interface simple et claire sur le portail WEB SureSMS facilite l'envoi de messages SMS aux personnes ou aux groupes avec lesquels vous devez communiquer. Depuis l'ordinateur, il est facile pour les communicateurs de garder une vue d'ensemble, tandis que les destinataires ont g\u00e9n\u00e9ralement leur t\u00e9l\u00e9phone portable avec eux 24 heures sur 24 et 7 jours sur 7.<\/p>\n<p>Notre portail web peut \u00eatre utilis\u00e9 \u00e0 partir d'un PC, d'un iPad ou d'un t\u00e9l\u00e9phone intelligent.<\/p>\n<h3>Fonction du groupe : Communication aux salari\u00e9s<\/h3>\n<p>Depuis notre portail web, vous pouvez utiliser la fonction<a title=\"GroupSMS : cr\u00e9er et envoyer des messages \u00e0 des groupes\" href=\"https:\/\/suresms.com\/fr\/groupe-sms\/\">\u00a0Cr\u00e9er et envoyer des SMS \u00e0 des groupes<\/a>. Une fonction qui peut \u00eatre utilis\u00e9e de multiples fa\u00e7ons. Plusieurs de nos entreprises de transport l'utilisent pour communiquer avec leurs employ\u00e9s. Ceux-ci \u00e9tant souvent r\u00e9partis sur de grandes distances g\u00e9ographiques au quotidien, le t\u00e9l\u00e9phone portable est le moyen de communication naturel pour les informations pratiques, mais aussi pour les messages \u00e0 caract\u00e8re plus social.<\/p>\n<h3>Commencez tout de suite<\/h3>\n<p>L'utilisation de notre passerelle SMS est simple et rapide, et il n'y a aucun co\u00fbt associ\u00e9 \u00e0 l'essai de notre produit.<\/p>\n<p>En remplissant notre lien pour un compte d'essai gratuit, vous pouvez commencer en 5 minutes. Nous vous offrirons 50 SMS gratuits afin que vous puissiez rapidement juger par vous-m\u00eame de notre service et de notre qualit\u00e9. Si vous avez des questions, n'oubliez pas que nous sommes toujours l\u00e0 pour vous aider et que nous avons des ann\u00e9es d'exp\u00e9rience de nos autres clients dans l'industrie.<\/p>\n\n\t\t\t<p><img loading=\"lazy\" decoding=\"async\" src=\"https:\/\/suresms.com\/wp-content\/uploads\/2016\/05\/Esbjerg-gods-200-x-99-px-daempet.jpg\" alt=\"r\u00e9f\u00e9rences clients Esbjerg marchandises mod\u00e9r\u00e9es\" width=\"200\" height=\"96\" \/>Esbjerg Estate utilise SureSMS pour envoyer des SMS aux conducteurs. La communication avec les chauffeurs est simple et fluide gr\u00e2ce \u00e0 la passerelle SMS de SureSMS.<em>\"Nous sommes tr\u00e8s satisfaits de votre syst\u00e8me.<\/em><em>- Il fonctionne de mani\u00e8re absolument fantastique\".<\/em><strong>Peter Kristiansen, contr\u00f4leur<\/strong><strong>Esbjerg Gods A\/S.<\/strong><\/p>\t\t\n\t\t<h4>Cr\u00e9er un compte d'essai gratuit<\/h4>\n\t\t<p>Cela ne prend que 5 minutes. Commencez tout de suite et obtenez <strong>100 SMS gratuits<\/strong> sans conditions.<\/p>\n\t\t\t<a href=\"https:\/\/suresms.com\/fr\/compte-test-sms-gratuit\/\" target=\"_self\">\n\t\t\t\t\t\t\tCr\u00e9er un compte d'essai\n\t\t\t\t\t<\/a>","protected":false},"excerpt":{"rendered":"<p>SMS pour les entreprises de transport et de logistique Dans le secteur du transport et de l'exp\u00e9dition de marchandises, nous avons de nombreux bons clients. Nous pouvons assurer une communication rapide entre les entreprises, les chauffeurs et les clients, permettant une communication rapide et s\u00e9curis\u00e9e au-del\u00e0 des distances et des fronti\u00e8res. Les entreprises de transport et de logistique s'appuient aujourd'hui sur des solutions mobiles pour leurs op\u00e9rations quotidiennes. Le secteur a grandement b\u00e9n\u00e9fici\u00e9 ... <a title=\"SMS pour les entreprises de transport et de logistique\" class=\"read-more\" href=\"https:\/\/suresms.com\/fr\/branchelosninger\/sms-til-transport-og-logistikvirksomheder\/\" aria-label=\"En savoir plus sur SMS til Transport og Logistikvirksomheder\">En savoir plus<\/a><\/p>","protected":false},"author":1,"featured_media":0,"parent":1654,"menu_order":2,"comment_status":"closed","ping_status":"closed","template":"","meta":{"_fl_builder_enabled":"1","_fl_builder_data":null,"_fl_builder_draft":null,"_fl_builder_data_settings":null,"_fl_builder_css":"","_fl_builder_css_version":"","_fl_builder_js":"","footnotes":""},"categories":[],"tags":[],"class_list":["post-2632","page","type-page","status-publish"],"yoast_head":"<!-- This site is optimized with the Yoast SEO Premium plugin v27.3 (Yoast SEO v27.3) - https:\/\/yoast.com\/product\/yoast-seo-premium-wordpress\/ -->\r\n<title>Global SMS Gateway til Transport og Logistikvirksomheder. SureSMS<\/title>\r\n<meta name=\"description\" content=\"SureSMS er en Dansk SMS Gateway med mange \u00e5rs erfaring indenfor SMS til transport og logistikbranchen. Stabile SMS&#039;er til gode priser til Professionelle.\" \/>\r\n<meta name=\"robots\" content=\"index, follow, max-snippet:-1, max-image-preview:large, max-video-preview:-1\" \/>\r\n<link rel=\"canonical\" href=\"https:\/\/suresms.com\/fr\/rejets-de-la-branche\/sms-pour-les-entreprises-de-transport-et-de-logistique\/\" \/>\r\n<meta property=\"og:locale\" content=\"fr_FR\" \/>\r\n<meta property=\"og:type\" content=\"article\" \/>\r\n<meta property=\"og:title\" content=\"SMS til Transport og Logistikvirksomheder\" \/>\r\n<meta property=\"og:description\" content=\"SureSMS er en Dansk SMS Gateway med mange \u00e5rs erfaring indenfor SMS til transport og logistikbranchen. Stabile SMS&#039;er til gode priser til Professionelle.\" \/>\r\n<meta property=\"og:url\" content=\"https:\/\/suresms.com\/fr\/rejets-de-la-branche\/sms-pour-les-entreprises-de-transport-et-de-logistique\/\" \/>\r\n<meta property=\"article:publisher\" content=\"https:\/\/www.facebook.com\/p\/SureSMS-100044607956149\/\" \/>\r\n<meta property=\"article:modified_time\" content=\"2025-01-03T14:17:14+00:00\" \/>\r\n<meta property=\"og:image\" content=\"https:\/\/suresms.com\/wp-content\/uploads\/2015\/02\/SMS-til-Transport-snippet.jpg\" \/>\r\n\t<meta property=\"og:image:width\" content=\"400\" \/>\r\n\t<meta property=\"og:image:height\" content=\"254\" \/>\r\n\t<meta property=\"og:image:type\" content=\"image\/jpeg\" \/>\r\n<meta name=\"twitter:card\" content=\"summary_large_image\" \/>\r\n<meta name=\"twitter:label1\" content=\"Dur\u00e9e de lecture estim\u00e9e\" \/>\n\t<meta name=\"twitter:data1\" content=\"3 minutes\" \/>\r\n<script type=\"application\/ld+json\" class=\"yoast-schema-graph\">{\"@context\":\"https:\\\/\\\/schema.org\",\"@graph\":[{\"@type\":\"WebPage\",\"@id\":\"https:\\\/\\\/suresms.com\\\/dk\\\/branchelosninger\\\/sms-til-transport-og-logistikvirksomheder\\\/\",\"url\":\"https:\\\/\\\/suresms.com\\\/dk\\\/branchelosninger\\\/sms-til-transport-og-logistikvirksomheder\\\/\",\"name\":\"Global SMS Gateway til Transport og Logistikvirksomheder. SureSMS\",\"isPartOf\":{\"@id\":\"https:\\\/\\\/suresms.com\\\/en\\\/#website\"},\"primaryImageOfPage\":{\"@id\":\"https:\\\/\\\/suresms.com\\\/dk\\\/branchelosninger\\\/sms-til-transport-og-logistikvirksomheder\\\/#primaryimage\"},\"image\":{\"@id\":\"https:\\\/\\\/suresms.com\\\/dk\\\/branchelosninger\\\/sms-til-transport-og-logistikvirksomheder\\\/#primaryimage\"},\"thumbnailUrl\":\"https:\\\/\\\/suresms.com\\\/wp-content\\\/uploads\\\/2016\\\/05\\\/Esbjerg-gods-200-x-99-px-daempet.jpg\",\"datePublished\":\"2016-05-23T13:27:47+00:00\",\"dateModified\":\"2025-01-03T14:17:14+00:00\",\"description\":\"SureSMS er en Dansk SMS Gateway med mange \u00e5rs erfaring indenfor SMS til transport og logistikbranchen. Stabile SMS'er til gode priser til Professionelle.\",\"breadcrumb\":{\"@id\":\"https:\\\/\\\/suresms.com\\\/dk\\\/branchelosninger\\\/sms-til-transport-og-logistikvirksomheder\\\/#breadcrumb\"},\"inLanguage\":\"fr-FR\",\"potentialAction\":[{\"@type\":\"ReadAction\",\"target\":[\"https:\\\/\\\/suresms.com\\\/dk\\\/branchelosninger\\\/sms-til-transport-og-logistikvirksomheder\\\/\"]}]},{\"@type\":\"ImageObject\",\"inLanguage\":\"fr-FR\",\"@id\":\"https:\\\/\\\/suresms.com\\\/dk\\\/branchelosninger\\\/sms-til-transport-og-logistikvirksomheder\\\/#primaryimage\",\"url\":\"https:\\\/\\\/suresms.com\\\/wp-content\\\/uploads\\\/2016\\\/05\\\/Esbjerg-gods-200-x-99-px-daempet.jpg\",\"contentUrl\":\"https:\\\/\\\/suresms.com\\\/wp-content\\\/uploads\\\/2016\\\/05\\\/Esbjerg-gods-200-x-99-px-daempet.jpg\"},{\"@type\":\"BreadcrumbList\",\"@id\":\"https:\\\/\\\/suresms.com\\\/dk\\\/branchelosninger\\\/sms-til-transport-og-logistikvirksomheder\\\/#breadcrumb\",\"itemListElement\":[{\"@type\":\"ListItem\",\"position\":1,\"name\":\"Home\",\"item\":\"https:\\\/\\\/suresms.com\\\/dk\\\/\"},{\"@type\":\"ListItem\",\"position\":2,\"name\":\"Branchel\u00f8sninger\",\"item\":\"https:\\\/\\\/suresms.com\\\/dk\\\/branchelosninger\\\/\"},{\"@type\":\"ListItem\",\"position\":3,\"name\":\"SMS til Transport og Logistikvirksomheder\"}]},{\"@type\":\"WebSite\",\"@id\":\"https:\\\/\\\/suresms.com\\\/en\\\/#website\",\"url\":\"https:\\\/\\\/suresms.com\\\/en\\\/\",\"name\":\"SureSMS\",\"description\":\"Professionel SMS Gateway\",\"publisher\":{\"@id\":\"https:\\\/\\\/suresms.com\\\/en\\\/#organization\"},\"potentialAction\":[{\"@type\":\"SearchAction\",\"target\":{\"@type\":\"EntryPoint\",\"urlTemplate\":\"https:\\\/\\\/suresms.com\\\/en\\\/?s={search_term_string}\"},\"query-input\":{\"@type\":\"PropertyValueSpecification\",\"valueRequired\":true,\"valueName\":\"search_term_string\"}}],\"inLanguage\":\"fr-FR\"},{\"@type\":\"Organization\",\"@id\":\"https:\\\/\\\/suresms.com\\\/en\\\/#organization\",\"name\":\"SureSMS\",\"url\":\"https:\\\/\\\/suresms.com\\\/en\\\/\",\"logo\":{\"@type\":\"ImageObject\",\"inLanguage\":\"fr-FR\",\"@id\":\"https:\\\/\\\/suresms.com\\\/en\\\/#\\\/schema\\\/logo\\\/image\\\/\",\"url\":\"https:\\\/\\\/suresms.com\\\/wp-content\\\/uploads\\\/2024\\\/11\\\/suresms-300x65-1.png\",\"contentUrl\":\"https:\\\/\\\/suresms.com\\\/wp-content\\\/uploads\\\/2024\\\/11\\\/suresms-300x65-1.png\",\"width\":300,\"height\":65,\"caption\":\"SureSMS\"},\"image\":{\"@id\":\"https:\\\/\\\/suresms.com\\\/en\\\/#\\\/schema\\\/logo\\\/image\\\/\"},\"sameAs\":[\"https:\\\/\\\/www.facebook.com\\\/p\\\/SureSMS-100044607956149\\\/\"]}]}<\/script>\r\n<!-- \/ Yoast SEO Premium plugin. -->","yoast_head_json":{"title":"Passerelle SMS mondiale pour les entreprises de transport et de logistique. SureSMS","description":"SureSMS est une passerelle SMS danoise qui poss\u00e8de de nombreuses ann\u00e9es d'exp\u00e9rience dans le domaine des SMS pour l'industrie du transport et de la logistique. Des SMS stables \u00e0 des prix avantageux pour les professionnels.","robots":{"index":"index","follow":"follow","max-snippet":"max-snippet:-1","max-image-preview":"max-image-preview:large","max-video-preview":"max-video-preview:-1"},"canonical":"https:\/\/suresms.com\/fr\/rejets-de-la-branche\/sms-pour-les-entreprises-de-transport-et-de-logistique\/","og_locale":"fr_FR","og_type":"article","og_title":"SMS til Transport og Logistikvirksomheder","og_description":"SureSMS er en Dansk SMS Gateway med mange \u00e5rs erfaring indenfor SMS til transport og logistikbranchen. Stabile SMS'er til gode priser til Professionelle.","og_url":"https:\/\/suresms.com\/fr\/rejets-de-la-branche\/sms-pour-les-entreprises-de-transport-et-de-logistique\/","article_publisher":"https:\/\/www.facebook.com\/p\/SureSMS-100044607956149\/","article_modified_time":"2025-01-03T14:17:14+00:00","og_image":[{"width":400,"height":254,"url":"https:\/\/suresms.com\/wp-content\/uploads\/2015\/02\/SMS-til-Transport-snippet.jpg","type":"image\/jpeg"}],"twitter_card":"summary_large_image","twitter_misc":{"Dur\u00e9e de lecture estim\u00e9e":"3 minutes"},"schema":{"@context":"https:\/\/schema.org","@graph":[{"@type":"WebPage","@id":"https:\/\/suresms.com\/dk\/branchelosninger\/sms-til-transport-og-logistikvirksomheder\/","url":"https:\/\/suresms.com\/dk\/branchelosninger\/sms-til-transport-og-logistikvirksomheder\/","name":"Passerelle SMS mondiale pour les entreprises de transport et de logistique. SureSMS","isPartOf":{"@id":"https:\/\/suresms.com\/en\/#website"},"primaryImageOfPage":{"@id":"https:\/\/suresms.com\/dk\/branchelosninger\/sms-til-transport-og-logistikvirksomheder\/#primaryimage"},"image":{"@id":"https:\/\/suresms.com\/dk\/branchelosninger\/sms-til-transport-og-logistikvirksomheder\/#primaryimage"},"thumbnailUrl":"https:\/\/suresms.com\/wp-content\/uploads\/2016\/05\/Esbjerg-gods-200-x-99-px-daempet.jpg","datePublished":"2016-05-23T13:27:47+00:00","dateModified":"2025-01-03T14:17:14+00:00","description":"SureSMS est une passerelle SMS danoise qui poss\u00e8de de nombreuses ann\u00e9es d'exp\u00e9rience dans le domaine des SMS pour l'industrie du transport et de la logistique. Des SMS stables \u00e0 des prix avantageux pour les professionnels.","breadcrumb":{"@id":"https:\/\/suresms.com\/dk\/branchelosninger\/sms-til-transport-og-logistikvirksomheder\/#breadcrumb"},"inLanguage":"fr-FR","potentialAction":[{"@type":"ReadAction","target":["https:\/\/suresms.com\/dk\/branchelosninger\/sms-til-transport-og-logistikvirksomheder\/"]}]},{"@type":"ImageObject","inLanguage":"fr-FR","@id":"https:\/\/suresms.com\/dk\/branchelosninger\/sms-til-transport-og-logistikvirksomheder\/#primaryimage","url":"https:\/\/suresms.com\/wp-content\/uploads\/2016\/05\/Esbjerg-gods-200-x-99-px-daempet.jpg","contentUrl":"https:\/\/suresms.com\/wp-content\/uploads\/2016\/05\/Esbjerg-gods-200-x-99-px-daempet.jpg"},{"@type":"BreadcrumbList","@id":"https:\/\/suresms.com\/dk\/branchelosninger\/sms-til-transport-og-logistikvirksomheder\/#breadcrumb","itemListElement":[{"@type":"ListItem","position":1,"name":"Home","item":"https:\/\/suresms.com\/dk\/"},{"@type":"ListItem","position":2,"name":"Branchel\u00f8sninger","item":"https:\/\/suresms.com\/dk\/branchelosninger\/"},{"@type":"ListItem","position":3,"name":"SMS til Transport og Logistikvirksomheder"}]},{"@type":"WebSite","@id":"https:\/\/suresms.com\/en\/#website","url":"https:\/\/suresms.com\/en\/","name":"SureSMS","description":"Passerelle SMS professionnelle","publisher":{"@id":"https:\/\/suresms.com\/en\/#organization"},"potentialAction":[{"@type":"SearchAction","target":{"@type":"EntryPoint","urlTemplate":"https:\/\/suresms.com\/en\/?s={search_term_string}"},"query-input":{"@type":"PropertyValueSpecification","valueRequired":true,"valueName":"search_term_string"}}],"inLanguage":"fr-FR"},{"@type":"Organization","@id":"https:\/\/suresms.com\/en\/#organization","name":"SureSMS","url":"https:\/\/suresms.com\/en\/","logo":{"@type":"ImageObject","inLanguage":"fr-FR","@id":"https:\/\/suresms.com\/en\/#\/schema\/logo\/image\/","url":"https:\/\/suresms.com\/wp-content\/uploads\/2024\/11\/suresms-300x65-1.png","contentUrl":"https:\/\/suresms.com\/wp-content\/uploads\/2024\/11\/suresms-300x65-1.png","width":300,"height":65,"caption":"SureSMS"},"image":{"@id":"https:\/\/suresms.com\/en\/#\/schema\/logo\/image\/"},"sameAs":["https:\/\/www.facebook.com\/p\/SureSMS-100044607956149\/"]}]}},"_links":{"self":[{"href":"https:\/\/suresms.com\/fr\/wp-json\/wp\/v2\/pages\/2632","targetHints":{"allow":["GET"]}}],"collection":[{"href":"https:\/\/suresms.com\/fr\/wp-json\/wp\/v2\/pages"}],"about":[{"href":"https:\/\/suresms.com\/fr\/wp-json\/wp\/v2\/types\/page"}],"author":[{"embeddable":true,"href":"https:\/\/suresms.com\/fr\/wp-json\/wp\/v2\/users\/1"}],"replies":[{"embeddable":true,"href":"https:\/\/suresms.com\/fr\/wp-json\/wp\/v2\/comments?post=2632"}],"version-history":[{"count":3,"href":"https:\/\/suresms.com\/fr\/wp-json\/wp\/v2\/pages\/2632\/revisions"}],"predecessor-version":[{"id":19576,"href":"https:\/\/suresms.com\/fr\/wp-json\/wp\/v2\/pages\/2632\/revisions\/19576"}],"up":[{"embeddable":true,"href":"https:\/\/suresms.com\/fr\/wp-json\/wp\/v2\/pages\/1654"}],"wp:attachment":[{"href":"https:\/\/suresms.com\/fr\/wp-json\/wp\/v2\/media?parent=2632"}],"wp:term":[{"taxonomy":"category","embeddable":true,"href":"https:\/\/suresms.com\/fr\/wp-json\/wp\/v2\/categories?post=2632"},{"taxonomy":"post_tag","embeddable":true,"href":"https:\/\/suresms.com\/fr\/wp-json\/wp\/v2\/tags?post=2632"}],"curies":[{"name":"wp","href":"https:\/\/api.w.org\/{rel}","templated":true}]}}