{"id":23765,"date":"2026-01-06T14:52:34","date_gmt":"2026-01-06T13:52:34","guid":{"rendered":"https:\/\/suresms.com\/?page_id=23651"},"modified":"2026-01-06T13:56:57","modified_gmt":"2026-01-06T13:56:57","slug":"marketing-par-sms-pour-les-cavistes06-01-2026-145233","status":"publish","type":"page","link":"https:\/\/suresms.com\/fr\/sms-marketing-for-vinhandlere06-01-2026-145233\/","title":{"rendered":"Marketing par SMS pour les cavistes | Fid\u00e9lisez votre client\u00e8le et augmentez vos ventes"},"content":{"rendered":"<!-- Flexy Breadcrumb -->\r\n\t\t\t<div class=\"fbc fbc-page\">\r\n\r\n\t\t\t\t<!-- Breadcrumb wrapper -->\r\n\t\t\t\t<div class=\"fbc-wrap\">\r\n\r\n\t\t\t\t\t<!-- Ordered list-->\r\n\t\t\t\t\t<ol class=\"fbc-items\" itemscope itemtype=\"https:\/\/schema.org\/BreadcrumbList\">\r\n\t\t\t\t\t\t            <li itemprop=\"itemListElement\" itemscope itemtype=\"https:\/\/schema.org\/ListItem\">\r\n                <span itemprop=\"name\">\r\n                    <!-- Home Link -->\r\n                    <a itemprop=\"item\" href=\"https:\/\/suresms.com\/fr\/\">\r\n                    \r\n                                                    <i class=\"fa fa-home\" aria-hidden=\"true\"><\/i>Accueil                    <\/a>\r\n                <\/span>\r\n                <meta itemprop=\"position\" content=\"1\" \/><!-- Meta Position-->\r\n             <\/li><li><span class=\"fbc-separator\">\/<\/span><\/li><li class=\"active\" itemprop=\"itemListElement\" itemscope itemtype=\"https:\/\/schema.org\/ListItem\"><span itemprop=\"name\" title=\"Marketing par SMS pour les cavistes | Fid\u00e9lisez votre client\u00e8le et augmentez vos ventes\">Marketing par SMS pour les cavistes...<\/span><meta itemprop=\"position\" content=\"2\" \/><\/li>\t\t\t\t\t<\/ol>\r\n\t\t\t\t\t<div class=\"clearfix\"><\/div>\r\n\t\t\t\t<\/div>\r\n\t\t\t<\/div>\r\n\t\t\t\n<h1>\n\t\t\t{{ARTICLE-HEADER (\u00e9crivez un titre pour l'article \u2013 60 caract\u00e8res maximum) }}\t<\/h1>\n\t<p>{{SUBHEADLINE (\u00e9crivez un sous-titre d'environ 200 caract\u00e8res)}}<\/p>\n\t\t<h2>{{FORDELE-HEADLINE (\u00e9crivez un titre accrocheur \u2013 60 caract\u00e8res maximum)}}<\/h2><p>{{AVANTAGES-CORPS (&eacute;crivez ici les avantages que le secteur tire des SMS. Trouvez des cas d&#039;utilisation pertinents. Qu&#039;est-ce que cela leur apporte ? Dressez une liste des avantages et d&eacute;veloppez-les dans une section suivante. Ne d&eacute;passez pas  150 mots en 3-4 paragraphes, les premiers mots des listes doivent &ecirc;tre accompagn&eacute;s du tag &lt;b&gt;&lt;\/b&gt;)}}<\/p>\n\t\t\t\t<img decoding=\"async\" src=\"https:\/\/suresms.com\/wp-content\/plugins\/bb-plugin\/img\/pixel.png\" alt=\"\" itemprop=\"image\" onerror=\"this.style.display='none'\" loading=\"lazy\" \/>\n\t\t\t<a href=\"https:\/\/app.suresms.com\/account\/signup\" target=\"_blank\" rel=\"noopener\">\n\t\t\t\t\t\t\tCr\u00e9er un compte gratuit\n\t\t\t\t\t<\/a>\n\t\t\t\t<img decoding=\"async\" src=\"https:\/\/suresms.com\/wp-content\/plugins\/bb-plugin\/img\/pixel.png\" alt=\"\" itemprop=\"image\" onerror=\"this.style.display='none'\" loading=\"lazy\" \/>\n<h2>\n\t\t\t{{HVORFORSURESMS-HEADLINE (\u00e9crivez un titre de 60 caract\u00e8res maximum expliquant pourquoi ils doivent choisir SureSMS)}}\t<\/h2>\n\t<p>{{POURQUOI SURE SMS - CORPS (r\u00e9digez une description d'environ 300 caract\u00e8res expliquant pourquoi ce secteur devrait choisir SureSMS comme solution SMS)}}<\/p>\n\t\t\t\n<br \/>\n<br \/>\n\n<p>{{SOCIAL-PROOF-01 (\u00e9crivez un avis d'environ 120 caract\u00e8res)}}<\/p>\n\t\t\t\n<br \/>\n<br \/>\n\n<p>{{SOCIAL-PROOF-02 (\u00e9crivez un avis d'environ 120 caract\u00e8res)}}<\/p>\n\t\t\t\t\t\t\t\t\t\t<h4 tabindex=\"0\">{{FAQ-01 (quelle est la question la plus fr\u00e9quente, 60 caract\u00e8res maximum)}}<\/h4>\n\t\t\t\t\t<p>{{FAQ-01-ANSWER (\u00e9crivez la r\u00e9ponse \u00e0 la question. \u00c9crivez environ 300 mots)}}<\/p>\n\t\t\t\t\t\t\t\t\t\t<h4 tabindex=\"0\">{{FAQ-02 (quelle est la question la plus fr\u00e9quente, 60 caract\u00e8res maximum)}}<\/h4>\n\t\t\t\t\t<p>{{FAQ-02-R\u00c9PONSE (ins\u00e9rer la r\u00e9ponse)}}<\/p>\n\t\t\t\t\t\t\t\t\t\t<h4 tabindex=\"0\">{{FAQ-03 (quelle est la question la plus fr\u00e9quente, 60 caract\u00e8res maximum)}}<\/h4>\n\t\t\t\t\t<p>{{FAQ-03-ANSWER (\u00e9crivez la r\u00e9ponse \u00e0 la question. \u00c9crivez environ 300 mots)}}<\/p>\n\t\t\t\t\t\t\t\t\t\t<h4 tabindex=\"0\">{{FAQ-04 (quelle est la question la plus fr\u00e9quente, 60 caract\u00e8res maximum)}}<\/h4>\n\t\t\t\t\t<p>{{FAQ-04-ANSWER (\u00e9crivez la r\u00e9ponse \u00e0 la question. \u00c9crivez environ 300 mots)}}<\/p>\n\t\t\t\t\t\t\t\t\t\t<h4 tabindex=\"0\">{{FAQ-05 (quelle est la question la plus fr\u00e9quente, 60 caract\u00e8res maximum)}}<\/h4>\n\t\t\t\t\t<p>{{FAQ-05-ANSWER (\u00e9crivez la r\u00e9ponse \u00e0 la question. \u00c9crivez environ 300 mots)}}<\/p>\n\t\t\t\t\t\t\t\t\t\t<h4 tabindex=\"0\">{{FAQ-06 (quelle est la question la plus fr\u00e9quente, 60 caract\u00e8res maximum)}}<\/h4>\n\t\t\t\t\t<p>{{FAQ-06-ANSWER (\u00e9crivez la r\u00e9ponse \u00e0 la question. \u00c9crivez environ 300 mots)}}<\/p>","protected":false},"excerpt":{"rendered":"<p>{{ARTICLE-HEADER (\u00e9crivez un titre pour l'article \u2013 60 caract\u00e8res maximum) }} {{SUBHEADLINE (\u00e9crivez un sous-titre d'environ 200 caract\u00e8res)}} {{FORDELE-HEADLINE (\u00e9crivez un titre accrocheur \u2013 60 caract\u00e8res maximum)}} {{FORDELE-BODY (\u00e9crivez ici les avantages que le secteur tire des SMS. Trouvez des cas d'utilisation pertinents. Qu'ont-ils \u00e0 y gagner ? Dressez une liste des avantages et d\u00e9veloppez-les dans ... <a title=\"Marketing par SMS pour les cavistes | Fid\u00e9lisez votre client\u00e8le et augmentez vos ventes\" class=\"read-more\" href=\"https:\/\/suresms.com\/fr\/sms-marketing-for-vinhandlere06-01-2026-145233\/\" aria-label=\"En savoir plus sur SMS marketing pour les cavistes | Fid\u00e9liser et d\u00e9velopper les ventes\">En savoir plus<\/a><\/p>","protected":false},"author":1,"featured_media":0,"parent":0,"menu_order":0,"comment_status":"closed","ping_status":"closed","template":"","meta":{"_fl_builder_enabled":"1","_fl_builder_data":null,"_fl_builder_draft":null,"_fl_builder_data_settings":null,"_fl_builder_css":"","_fl_builder_css_version":"","_fl_builder_js":"","footnotes":""},"categories":[],"tags":[],"class_list":["post-23765","page","type-page","status-publish"],"yoast_head":"<!-- This site is optimized with the Yoast SEO Premium plugin v27.3 (Yoast SEO v27.3) - https:\/\/yoast.com\/product\/yoast-seo-premium-wordpress\/ -->\r\n<title>SMS marketing til vinhandlere | Skab loyalitet og mersalg -<\/title>\r\n<meta name=\"description\" content=\"Se hvordan vinhandlere bruger SMS til events, nye \u00e5rgange og VIP-kunder. F\u00e5 konkrete eksempler p\u00e5 SMS marketing i vinbranchen.\" \/>\r\n<meta name=\"robots\" content=\"index, follow, max-snippet:-1, max-image-preview:large, max-video-preview:-1\" \/>\r\n<link rel=\"canonical\" href=\"https:\/\/suresms.com\/fr\/marketing-par-sms-pour-les-cavistes06-01-2026-145233\/\" \/>\r\n<meta property=\"og:locale\" content=\"fr_FR\" \/>\r\n<meta property=\"og:type\" content=\"article\" \/>\r\n<meta property=\"og:title\" content=\"SMS marketing til vinhandlere | Skab loyalitet og mersalg\" \/>\r\n<meta property=\"og:description\" content=\"Se hvordan vinhandlere bruger SMS til events, nye \u00e5rgange og VIP-kunder. F\u00e5 konkrete eksempler p\u00e5 SMS marketing i vinbranchen.\" \/>\r\n<meta property=\"og:url\" content=\"https:\/\/suresms.com\/fr\/marketing-par-sms-pour-les-cavistes06-01-2026-145233\/\" \/>\r\n<meta property=\"article:publisher\" content=\"https:\/\/www.facebook.com\/p\/SureSMS-100044607956149\/\" \/>\r\n<meta property=\"article:modified_time\" content=\"2026-01-06T13:56:57+00:00\" \/>\r\n<meta property=\"og:image\" content=\"https:\/\/suresms.com\/wp-content\/plugins\/bb-plugin\/img\/pixel.png\" \/>\r\n<meta name=\"twitter:card\" content=\"summary_large_image\" \/>\r\n<meta name=\"twitter:label1\" content=\"Dur\u00e9e de lecture estim\u00e9e\" \/>\n\t<meta name=\"twitter:data1\" content=\"8 minutes\" \/>\r\n<script type=\"application\/ld+json\" class=\"yoast-schema-graph\">{\"@context\":\"https:\\\/\\\/schema.org\",\"@graph\":[{\"@type\":\"WebPage\",\"@id\":\"https:\\\/\\\/suresms.com\\\/sms-marketing-for-vinhandlere06-01-2026-145233\\\/\",\"url\":\"https:\\\/\\\/suresms.com\\\/sms-marketing-for-vinhandlere06-01-2026-145233\\\/\",\"name\":\"SMS marketing til vinhandlere | Skab loyalitet og mersalg -\",\"isPartOf\":{\"@id\":\"https:\\\/\\\/suresms.com\\\/en\\\/#website\"},\"primaryImageOfPage\":{\"@id\":\"https:\\\/\\\/suresms.com\\\/sms-marketing-for-vinhandlere06-01-2026-145233\\\/#primaryimage\"},\"image\":{\"@id\":\"https:\\\/\\\/suresms.com\\\/sms-marketing-for-vinhandlere06-01-2026-145233\\\/#primaryimage\"},\"thumbnailUrl\":\"https:\\\/\\\/suresms.com\\\/wp-content\\\/plugins\\\/bb-plugin\\\/img\\\/pixel.png\",\"datePublished\":\"2026-01-06T13:52:34+00:00\",\"dateModified\":\"2026-01-06T13:56:57+00:00\",\"description\":\"Se hvordan vinhandlere bruger SMS til events, nye \u00e5rgange og VIP-kunder. F\u00e5 konkrete eksempler p\u00e5 SMS marketing i vinbranchen.\",\"breadcrumb\":{\"@id\":\"https:\\\/\\\/suresms.com\\\/sms-marketing-for-vinhandlere06-01-2026-145233\\\/#breadcrumb\"},\"inLanguage\":\"fr-FR\",\"potentialAction\":[{\"@type\":\"ReadAction\",\"target\":[\"https:\\\/\\\/suresms.com\\\/sms-marketing-for-vinhandlere06-01-2026-145233\\\/\"]}]},{\"@type\":\"ImageObject\",\"inLanguage\":\"fr-FR\",\"@id\":\"https:\\\/\\\/suresms.com\\\/sms-marketing-for-vinhandlere06-01-2026-145233\\\/#primaryimage\",\"url\":\"https:\\\/\\\/suresms.com\\\/wp-content\\\/plugins\\\/bb-plugin\\\/img\\\/pixel.png\",\"contentUrl\":\"https:\\\/\\\/suresms.com\\\/wp-content\\\/plugins\\\/bb-plugin\\\/img\\\/pixel.png\"},{\"@type\":\"BreadcrumbList\",\"@id\":\"https:\\\/\\\/suresms.com\\\/sms-marketing-for-vinhandlere06-01-2026-145233\\\/#breadcrumb\",\"itemListElement\":[{\"@type\":\"ListItem\",\"position\":1,\"name\":\"Home\",\"item\":\"https:\\\/\\\/suresms.com\\\/dk\\\/\"},{\"@type\":\"ListItem\",\"position\":2,\"name\":\"SMS marketing til vinhandlere | Skab loyalitet og mersalg\"}]},{\"@type\":\"WebSite\",\"@id\":\"https:\\\/\\\/suresms.com\\\/en\\\/#website\",\"url\":\"https:\\\/\\\/suresms.com\\\/en\\\/\",\"name\":\"SureSMS\",\"description\":\"Professionel SMS Gateway\",\"publisher\":{\"@id\":\"https:\\\/\\\/suresms.com\\\/en\\\/#organization\"},\"potentialAction\":[{\"@type\":\"SearchAction\",\"target\":{\"@type\":\"EntryPoint\",\"urlTemplate\":\"https:\\\/\\\/suresms.com\\\/en\\\/?s={search_term_string}\"},\"query-input\":{\"@type\":\"PropertyValueSpecification\",\"valueRequired\":true,\"valueName\":\"search_term_string\"}}],\"inLanguage\":\"fr-FR\"},{\"@type\":\"Organization\",\"@id\":\"https:\\\/\\\/suresms.com\\\/en\\\/#organization\",\"name\":\"SureSMS\",\"url\":\"https:\\\/\\\/suresms.com\\\/en\\\/\",\"logo\":{\"@type\":\"ImageObject\",\"inLanguage\":\"fr-FR\",\"@id\":\"https:\\\/\\\/suresms.com\\\/en\\\/#\\\/schema\\\/logo\\\/image\\\/\",\"url\":\"https:\\\/\\\/suresms.com\\\/wp-content\\\/uploads\\\/2024\\\/11\\\/suresms-300x65-1.png\",\"contentUrl\":\"https:\\\/\\\/suresms.com\\\/wp-content\\\/uploads\\\/2024\\\/11\\\/suresms-300x65-1.png\",\"width\":300,\"height\":65,\"caption\":\"SureSMS\"},\"image\":{\"@id\":\"https:\\\/\\\/suresms.com\\\/en\\\/#\\\/schema\\\/logo\\\/image\\\/\"},\"sameAs\":[\"https:\\\/\\\/www.facebook.com\\\/p\\\/SureSMS-100044607956149\\\/\"]}]}<\/script>\r\n<!-- \/ Yoast SEO Premium plugin. -->","yoast_head_json":{"title":"Marketing par SMS pour les cavistes | Fid\u00e9lisez votre client\u00e8le et augmentez vos ventes -","description":"D\u00e9couvrez comment les cavistes utilisent les SMS pour promouvoir leurs \u00e9v\u00e9nements, leurs nouveaux mill\u00e9simes et leurs clients VIP. D\u00e9couvrez des exemples concrets de marketing par SMS dans le secteur du vin.","robots":{"index":"index","follow":"follow","max-snippet":"max-snippet:-1","max-image-preview":"max-image-preview:large","max-video-preview":"max-video-preview:-1"},"canonical":"https:\/\/suresms.com\/fr\/marketing-par-sms-pour-les-cavistes06-01-2026-145233\/","og_locale":"fr_FR","og_type":"article","og_title":"SMS marketing til vinhandlere | Skab loyalitet og mersalg","og_description":"Se hvordan vinhandlere bruger SMS til events, nye \u00e5rgange og VIP-kunder. F\u00e5 konkrete eksempler p\u00e5 SMS marketing i vinbranchen.","og_url":"https:\/\/suresms.com\/fr\/marketing-par-sms-pour-les-cavistes06-01-2026-145233\/","article_publisher":"https:\/\/www.facebook.com\/p\/SureSMS-100044607956149\/","article_modified_time":"2026-01-06T13:56:57+00:00","og_image":[{"url":"https:\/\/suresms.com\/wp-content\/plugins\/bb-plugin\/img\/pixel.png","type":"","width":"","height":""}],"twitter_card":"summary_large_image","twitter_misc":{"Dur\u00e9e de lecture estim\u00e9e":"8 minutes"},"schema":{"@context":"https:\/\/schema.org","@graph":[{"@type":"WebPage","@id":"https:\/\/suresms.com\/sms-marketing-for-vinhandlere06-01-2026-145233\/","url":"https:\/\/suresms.com\/sms-marketing-for-vinhandlere06-01-2026-145233\/","name":"Marketing par SMS pour les cavistes | Fid\u00e9lisez votre client\u00e8le et augmentez vos ventes -","isPartOf":{"@id":"https:\/\/suresms.com\/en\/#website"},"primaryImageOfPage":{"@id":"https:\/\/suresms.com\/sms-marketing-for-vinhandlere06-01-2026-145233\/#primaryimage"},"image":{"@id":"https:\/\/suresms.com\/sms-marketing-for-vinhandlere06-01-2026-145233\/#primaryimage"},"thumbnailUrl":"https:\/\/suresms.com\/wp-content\/plugins\/bb-plugin\/img\/pixel.png","datePublished":"2026-01-06T13:52:34+00:00","dateModified":"2026-01-06T13:56:57+00:00","description":"D\u00e9couvrez comment les cavistes utilisent les SMS pour promouvoir leurs \u00e9v\u00e9nements, leurs nouveaux mill\u00e9simes et leurs clients VIP. D\u00e9couvrez des exemples concrets de marketing par SMS dans le secteur du vin.","breadcrumb":{"@id":"https:\/\/suresms.com\/sms-marketing-for-vinhandlere06-01-2026-145233\/#breadcrumb"},"inLanguage":"fr-FR","potentialAction":[{"@type":"ReadAction","target":["https:\/\/suresms.com\/sms-marketing-for-vinhandlere06-01-2026-145233\/"]}]},{"@type":"ImageObject","inLanguage":"fr-FR","@id":"https:\/\/suresms.com\/sms-marketing-for-vinhandlere06-01-2026-145233\/#primaryimage","url":"https:\/\/suresms.com\/wp-content\/plugins\/bb-plugin\/img\/pixel.png","contentUrl":"https:\/\/suresms.com\/wp-content\/plugins\/bb-plugin\/img\/pixel.png"},{"@type":"BreadcrumbList","@id":"https:\/\/suresms.com\/sms-marketing-for-vinhandlere06-01-2026-145233\/#breadcrumb","itemListElement":[{"@type":"ListItem","position":1,"name":"Home","item":"https:\/\/suresms.com\/dk\/"},{"@type":"ListItem","position":2,"name":"SMS marketing til vinhandlere | Skab loyalitet og mersalg"}]},{"@type":"WebSite","@id":"https:\/\/suresms.com\/en\/#website","url":"https:\/\/suresms.com\/en\/","name":"SureSMS","description":"Passerelle SMS professionnelle","publisher":{"@id":"https:\/\/suresms.com\/en\/#organization"},"potentialAction":[{"@type":"SearchAction","target":{"@type":"EntryPoint","urlTemplate":"https:\/\/suresms.com\/en\/?s={search_term_string}"},"query-input":{"@type":"PropertyValueSpecification","valueRequired":true,"valueName":"search_term_string"}}],"inLanguage":"fr-FR"},{"@type":"Organization","@id":"https:\/\/suresms.com\/en\/#organization","name":"SureSMS","url":"https:\/\/suresms.com\/en\/","logo":{"@type":"ImageObject","inLanguage":"fr-FR","@id":"https:\/\/suresms.com\/en\/#\/schema\/logo\/image\/","url":"https:\/\/suresms.com\/wp-content\/uploads\/2024\/11\/suresms-300x65-1.png","contentUrl":"https:\/\/suresms.com\/wp-content\/uploads\/2024\/11\/suresms-300x65-1.png","width":300,"height":65,"caption":"SureSMS"},"image":{"@id":"https:\/\/suresms.com\/en\/#\/schema\/logo\/image\/"},"sameAs":["https:\/\/www.facebook.com\/p\/SureSMS-100044607956149\/"]}]}},"_links":{"self":[{"href":"https:\/\/suresms.com\/fr\/wp-json\/wp\/v2\/pages\/23765","targetHints":{"allow":["GET"]}}],"collection":[{"href":"https:\/\/suresms.com\/fr\/wp-json\/wp\/v2\/pages"}],"about":[{"href":"https:\/\/suresms.com\/fr\/wp-json\/wp\/v2\/types\/page"}],"author":[{"embeddable":true,"href":"https:\/\/suresms.com\/fr\/wp-json\/wp\/v2\/users\/1"}],"replies":[{"embeddable":true,"href":"https:\/\/suresms.com\/fr\/wp-json\/wp\/v2\/comments?post=23765"}],"version-history":[{"count":1,"href":"https:\/\/suresms.com\/fr\/wp-json\/wp\/v2\/pages\/23765\/revisions"}],"predecessor-version":[{"id":23766,"href":"https:\/\/suresms.com\/fr\/wp-json\/wp\/v2\/pages\/23765\/revisions\/23766"}],"wp:attachment":[{"href":"https:\/\/suresms.com\/fr\/wp-json\/wp\/v2\/media?parent=23765"}],"wp:term":[{"taxonomy":"category","embeddable":true,"href":"https:\/\/suresms.com\/fr\/wp-json\/wp\/v2\/categories?post=23765"},{"taxonomy":"post_tag","embeddable":true,"href":"https:\/\/suresms.com\/fr\/wp-json\/wp\/v2\/tags?post=23765"}],"curies":[{"name":"wp","href":"https:\/\/api.w.org\/{rel}","templated":true}]}}