{"id":23544,"date":"2025-11-14T14:41:25","date_gmt":"2025-11-14T14:41:25","guid":{"rendered":"https:\/\/suresms.com\/?page_id=23544"},"modified":"2025-11-14T14:47:30","modified_gmt":"2025-11-14T14:47:30","slug":"securite-du-compte","status":"publish","type":"page","link":"https:\/\/suresms.com\/fr\/docs\/account\/kontosikkerhed\/","title":{"rendered":"S\u00e9curit\u00e9 des comptes"},"content":{"rendered":"<!-- Flexy Breadcrumb -->\r\n\t\t\t<div class=\"fbc fbc-page\">\r\n\r\n\t\t\t\t<!-- Breadcrumb wrapper -->\r\n\t\t\t\t<div class=\"fbc-wrap\">\r\n\r\n\t\t\t\t\t<!-- Ordered list-->\r\n\t\t\t\t\t<ol class=\"fbc-items\" itemscope itemtype=\"https:\/\/schema.org\/BreadcrumbList\">\r\n\t\t\t\t\t\t            <li itemprop=\"itemListElement\" itemscope itemtype=\"https:\/\/schema.org\/ListItem\">\r\n                <span itemprop=\"name\">\r\n                    <!-- Home Link -->\r\n                    <a itemprop=\"item\" href=\"https:\/\/suresms.com\/fr\/\">\r\n                    \r\n                                                    <i class=\"fa fa-home\" aria-hidden=\"true\"><\/i>Accueil                    <\/a>\r\n                <\/span>\r\n                <meta itemprop=\"position\" content=\"1\" \/><!-- Meta Position-->\r\n             <\/li><li><span class=\"fbc-separator\">\/<\/span><\/li><li class=\"active\" itemprop=\"itemListElement\" itemscope itemtype=\"https:\/\/schema.org\/ListItem\"><span itemprop=\"name\" title=\"S\u00e9curit\u00e9 des comptes\">S\u00e9curit\u00e9 des comptes<\/span><meta itemprop=\"position\" content=\"2\" \/><\/li>\t\t\t\t\t<\/ol>\r\n\t\t\t\t\t<div class=\"clearfix\"><\/div>\r\n\t\t\t\t<\/div>\r\n\t\t\t<\/div>\r\n\t\t\t\n<h1>\n\t\t\tS\u00e9curit\u00e9 des comptes\t<\/h1>\n\tSureSMS comprend un certain nombre de fonctions de s\u00e9curit\u00e9 pour vous aider \u00e0 prot\u00e9ger vos donn\u00e9es, \u00e0 \u00e9viter les abus et \u00e0 vous conformer aux exigences du GDPR. Sur cette page, nous passons en revue tous les param\u00e8tres de s\u00e9curit\u00e9 que vous pouvez activer sur votre compte, ainsi qu'une fonction suppl\u00e9mentaire que nous ne pouvons activer que par l'interm\u00e9diaire du service d'assistance.\nToutes les fonctionnalit\u00e9s sont disponibles ci-dessous :<br data-start=\"1551\" data-end=\"1554\" \/><strong data-start=\"1554\" data-end=\"1591\">Param\u00e8tres \u2192 Compte \u2192 S\u00e9curit\u00e9<\/strong>\n<h2>\n\t\t\tListe blanche d'adresses IP pour l'envoi d'e-mails par SMS\t<\/h2>\n\tLorsque vous envoyez des SMS via Email-to-SMS, vous pouvez prot\u00e9ger votre compte avec une liste blanche d'adresses IP.<br data-start=\"1723\" data-end=\"1726\" \/>Cette fonction garantit que seuls les courriels envoy\u00e9s \u00e0 partir d'adresses IP autoris\u00e9es sont accept\u00e9s et envoy\u00e9s sous forme de SMS.\n<h3 data-start=\"1826\" data-end=\"1871\"><strong data-start=\"1830\" data-end=\"1871\">Quand utiliser la liste blanche d'adresses IP ?<\/strong><\/h3>\n<ul data-start=\"1872\" data-end=\"2067\">\n<li data-start=\"1872\" data-end=\"1926\">\nSi vous envoyez depuis <strong data-start=\"1893\" data-end=\"1924\">Propre serveur SMTP sur site<\/strong>\n<\/li>\n<li data-start=\"1927\" data-end=\"1992\">\nSi votre entreprise souhaite <strong data-start=\"1956\" data-end=\"1976\">s\u00e9curit\u00e9 suppl\u00e9mentaire<\/strong> \u00e0 l'envoi\n<\/li>\n<li data-start=\"1993\" data-end=\"2067\">\nSi vous voulez vous assurer que seuls les courriels provenant de vos syst\u00e8mes internes peuvent envoyer des SMS\n<\/li>\n<\/ul>\nLa plupart des fournisseurs de services de messagerie bas\u00e9s sur l'informatique en nuage r\u00e9utilisent les IP pour de nombreux clients. Dans la plupart des cas, nous recommandons donc l'envoi par Email-to-SMS avec l'option <strong data-start=\"2223\" data-end=\"2256\">Cl\u00e9 API dans l'adresse de l'exp\u00e9diteur<\/strong> (format : <em data-start=\"2266\" data-end=\"2296\">num\u00e9ro de t\u00e9l\u00e9phone.api-key.APIKEY<\/em>).\nMais si vous avez le contr\u00f4le total de votre propre serveur de messagerie, l'inscription sur liste blanche est une solution puissante.\n\t\t\t\t\t<video src=\"https:\/\/suresms.com\/wp-content\/uploads\/2025\/11\/OK - Dokumentation - Konto - Sikkerhed.mp4\" alt=\"hosted-video-thumbnail\"><\/video>\n\t\t<h2>\n\t\t\tBrouiller les messages apr\u00e8s X minutes\t<\/h2>\n\tPour assurer la conformit\u00e9 au GDPR, SureSMS vous permet de <strong data-start=\"2489\" data-end=\"2501\">brouiller<\/strong> apr\u00e8s un certain nombre de minutes. La valeur par d\u00e9faut est <strong data-start=\"2555\" data-end=\"2569\">0 minute<\/strong>, ce qui signifie que les messages ne sont jamais brouill\u00e9s.\n<h3 data-start=\"2619\" data-end=\"2667\"><strong data-start=\"2623\" data-end=\"2667\">Que signifie brouiller les messages ?<\/strong><\/h3>\nLorsqu'un message est brouill\u00e9 :\n<ul data-start=\"2694\" data-end=\"2897\">\n<li data-start=\"2694\" data-end=\"2757\">\nLes quatre premiers chiffres du num\u00e9ro de t\u00e9l\u00e9phone sont remplac\u00e9s par <code data-start=\"2752\" data-end=\"2755\">#<\/code>\n<\/li>\n<li data-start=\"2758\" data-end=\"2807\">\nL'ensemble du contenu du message est remplac\u00e9 par <code data-start=\"2797\" data-end=\"2805\">******<\/code>\n<\/li>\n<li data-start=\"2808\" data-end=\"2897\">\nVous pouvez encore voir, <em data-start=\"2828\" data-end=\"2832\">que<\/em> Le message a \u00e9t\u00e9 envoy\u00e9, mais pas \u00e0 qui ou \u00e0 quoi il a \u00e9t\u00e9 envoy\u00e9.\n<\/li>\n<\/ul>\nCela assure une meilleure protection des donn\u00e9es tout en nous permettant de documenter l'utilisation des SMS si vous avez des doutes sur le nombre de messages envoy\u00e9s.\n<h3 data-start=\"3049\" data-end=\"3110\"><strong data-start=\"3053\" data-end=\"3110\">Important \u00e0 savoir - les op\u00e9rateurs de t\u00e9l\u00e9communications stockent eux-m\u00eames les messages<\/strong><\/h3>\nM\u00eame si SureSMS se brouille au bout de 10 minutes, par exemple, le message reste en possession de l'op\u00e9rateur jusqu'\u00e0 <strong data-start=\"3209\" data-end=\"3221\">72 heures<\/strong>, si le t\u00e9l\u00e9phone est \u00e9teint ou hors couverture. Il s'agit d'une norme pour l'infrastructure SMS et les passerelles SMS ne peuvent pas la modifier.\n<h2>\n\t\t\tBloquer l'envoi vers certains pays\t<\/h2>\n\tPour \u00e9viter les envois abusifs ou les mauvais usages, vous pouvez choisir exactement les pays qui peuvent recevoir des SMS de votre compte.\n<h3 data-start=\"3519\" data-end=\"3552\"><strong data-start=\"3523\" data-end=\"3552\">Pourquoi est-ce important ?<\/strong><\/h3>\nLes syst\u00e8mes externes peuvent parfois envoyer des messages SMS sans le code pays correct.<br data-start=\"3623\" data-end=\"3626\" \/>Exemple :<br data-start=\"3635\" data-end=\"3638\" \/>Un nombre commen\u00e7ant par <strong data-start=\"3664\" data-end=\"3670\">21<\/strong> est dans de nombreux cas interpr\u00e9t\u00e9e comme <strong data-start=\"3706\" data-end=\"3718\">Alg\u00e9rie<\/strong>.\nEn bloquant tous les pays \u00e0 l'exception de ceux que vous souhaitez, vous \u00e9vitez :\n<ul data-start=\"3778\" data-end=\"3841\">\n<li data-start=\"3778\" data-end=\"3800\">\nle trafic accidentel,\n<\/li>\n<li data-start=\"3801\" data-end=\"3818\">\nFaux num\u00e9ros,\n<\/li>\n<li data-start=\"3819\" data-end=\"3841\">\ndes taxes inutiles.\n<\/li>\n<\/ul>\nSi un message tente d'\u00eatre envoy\u00e9 vers un pays bloqu\u00e9, nous l'arr\u00eatons - et vous ne payez pas pour cette tentative.\n<h2>\n\t\t\tFiltre anti-spam automatique (activable\/d\u00e9sactivable uniquement via le support)\t<\/h2>\n\tSureSMS dispose d'un filtre anti-spam int\u00e9gr\u00e9 pour \u00e9viter les doubles envois accidentels :\n<ul data-start=\"4110\" data-end=\"4296\">\n<li data-start=\"4110\" data-end=\"4213\">\nSi <strong data-start=\"4117\" data-end=\"4133\">M\u00eame message<\/strong> \u00e0 <strong data-start=\"4138\" data-end=\"4156\">m\u00eame r\u00e9cepteur<\/strong> Exp\u00e9di\u00e9 dans un d\u00e9lai de <strong data-start=\"4174\" data-end=\"4189\">10 minutes<\/strong>, Le n\u00b0 2 est rejet\u00e9.\n<\/li>\n<li data-start=\"4214\" data-end=\"4296\">\nCela \u00e9vite au destinataire de penser que quelque chose ne va pas ou de se sentir spamm\u00e9.\n<\/li>\n<\/ul>\n<h3 data-start=\"4298\" data-end=\"4339\"><strong data-start=\"4302\" data-end=\"4339\">Quand devons-nous d\u00e9sactiver le filtre anti-spam ?<\/strong><\/h3>\nCertains syst\u00e8mes - en particulier les appareils IOT - peuvent n\u00e9cessiter l'envoi du m\u00eame SMS plusieurs fois de suite.\nExemples :\n<ul data-start=\"4455\" data-end=\"4530\">\n<li data-start=\"4455\" data-end=\"4469\">\ncompteurs d'eau\n<\/li>\n<li data-start=\"4470\" data-end=\"4485\">\ncompteurs de chaleur\n<\/li>\n<li data-start=\"4486\" data-end=\"4506\">\nalarmes techniques\n<\/li>\n<li data-start=\"4507\" data-end=\"4530\">\ncapteurs industriels\n<\/li>\n<\/ul>\nDans ce cas, notre service d'assistance peut d\u00e9sactiver le filtre anti-spam pour votre compte.\n<h2>\n\t\t\tR\u00e9sum\u00e9 : Vos options de s\u00e9curit\u00e9 dans SureSMS\t<\/h2>\n<table data-start=\"4667\" data-end=\"5102\">\n<thead data-start=\"4667\" data-end=\"4718\">\n<tr data-start=\"4667\" data-end=\"4718\">\n<th data-start=\"4667\" data-end=\"4678\" data-col-size=\"sm\">Fonctionnalit\u00e9<\/th>\n<th data-start=\"4678\" data-end=\"4693\" data-col-size=\"md\">Ce qu'il fait<\/th>\n<th data-start=\"4693\" data-end=\"4718\" data-col-size=\"sm\">O\u00f9 l'activer ?<\/th>\n<\/tr>\n<\/thead>\n<tbody data-start=\"4771\" data-end=\"5102\">\n<tr data-start=\"4771\" data-end=\"4845\">\n<td data-start=\"4771\" data-end=\"4790\" data-col-size=\"sm\"><strong data-start=\"4773\" data-end=\"4789\">Liste blanche d'adresses IP<\/strong><\/td>\n<td data-start=\"4790\" data-end=\"4824\" data-col-size=\"md\">S\u00e9curise l'envoi d'e-mails par SMS contre les abus<\/td>\n<td data-start=\"4824\" data-end=\"4845\" data-col-size=\"sm\">Compte \u2192 S\u00e9curit\u00e9<\/td>\n<\/tr>\n<tr data-start=\"4846\" data-end=\"4935\">\n<td data-start=\"4846\" data-end=\"4870\" data-col-size=\"sm\"><strong data-start=\"4848\" data-end=\"4869\">Brouiller les messages<\/strong><\/td>\n<td data-start=\"4870\" data-end=\"4914\" data-col-size=\"md\">Masquer les num\u00e9ros et le contenu apr\u00e8s X minutes<\/td>\n<td data-start=\"4914\" data-end=\"4935\" data-col-size=\"sm\">Compte \u2192 S\u00e9curit\u00e9<\/td>\n<\/tr>\n<tr data-start=\"4936\" data-end=\"5023\">\n<td data-start=\"4936\" data-end=\"4957\" data-col-size=\"sm\"><strong data-start=\"4938\" data-end=\"4956\">Blocage du pays<\/strong><\/td>\n<td data-start=\"4957\" data-end=\"5002\" data-col-size=\"md\">Emp\u00eache l'envoi vers des destinations non souhait\u00e9es<\/td>\n<td data-start=\"5002\" data-end=\"5023\" data-col-size=\"sm\">Compte \u2192 S\u00e9curit\u00e9<\/td>\n<\/tr>\n<tr data-start=\"5024\" data-end=\"5102\">\n<td data-start=\"5024\" data-end=\"5041\" data-col-size=\"sm\"><strong data-start=\"5026\" data-end=\"5040\">Filtre anti-spam<\/strong><\/td>\n<td data-start=\"5041\" data-end=\"5083\" data-col-size=\"md\">Arr\u00eat des doublons dans les 10 minutes<\/td>\n<td data-start=\"5083\" data-end=\"5102\" data-col-size=\"sm\">Contacter le support<\/td>\n<\/tr>\n<\/tbody>\n<\/table>","protected":false},"excerpt":{"rendered":"<p>S\u00e9curit\u00e9 du compte SureSMS comprend un certain nombre de fonctions de s\u00e9curit\u00e9 pour vous aider \u00e0 prot\u00e9ger vos donn\u00e9es, \u00e0 \u00e9viter les abus et \u00e0 vous conformer aux exigences du GDPR. Sur cette page, nous passons en revue tous les param\u00e8tres de s\u00e9curit\u00e9 que vous pouvez activer sur votre compte - ainsi qu'une fonctionnalit\u00e9 suppl\u00e9mentaire que nous ne pouvons activer que par l'interm\u00e9diaire de l'assistance. Toutes les fonctionnalit\u00e9s sont disponibles sous : Param\u00e8tres \u2192 Compte \u2192 ... <a title=\"S\u00e9curit\u00e9 des comptes\" class=\"read-more\" href=\"https:\/\/suresms.com\/fr\/docs\/account\/kontosikkerhed\/\" aria-label=\"En savoir plus sur Konto sikkerhed\">En savoir plus<\/a><\/p>","protected":false},"author":1,"featured_media":0,"parent":18156,"menu_order":0,"comment_status":"closed","ping_status":"closed","template":"","meta":{"_fl_builder_enabled":"1","_fl_builder_data":null,"_fl_builder_draft":null,"_fl_builder_data_settings":null,"_fl_builder_css":"","_fl_builder_css_version":"","_fl_builder_js":"","footnotes":""},"categories":[],"tags":[],"class_list":["post-23544","page","type-page","status-publish"],"yoast_head":"<!-- This site is optimized with the Yoast SEO Premium plugin v27.3 (Yoast SEO v27.3) - https:\/\/yoast.com\/product\/yoast-seo-premium-wordpress\/ -->\r\n<title>Konto sikkerhed -<\/title>\r\n<meta name=\"robots\" content=\"index, follow, max-snippet:-1, max-image-preview:large, max-video-preview:-1\" \/>\r\n<link rel=\"canonical\" href=\"https:\/\/suresms.com\/fr\/documents\/documents-7\/securite-du-compte\/\" \/>\r\n<meta property=\"og:locale\" content=\"fr_FR\" \/>\r\n<meta property=\"og:type\" content=\"article\" \/>\r\n<meta property=\"og:title\" content=\"Konto sikkerhed\" \/>\r\n<meta property=\"og:description\" content=\"Kontosikkerhed SureSMS indeholder en r\u00e6kke sikkerhedsfunktioner, som hj\u00e6lper dig med at beskytte dine data, undg\u00e5 misbrug og leve op til GDPR-krav. P\u00e5 denne side gennemg\u00e5r vi alle de sikkerhedsindstillinger, du kan sl\u00e5 til p\u00e5 din konto &#8211; samt \u00e9n ekstra funktion, som vi kun kan aktivere via supporten. Alle funktioner findes under:Indstillinger \u2192 Konto \u2192 ... Lire la suite\" \/>\r\n<meta property=\"og:url\" content=\"https:\/\/suresms.com\/fr\/documents\/documents-7\/securite-du-compte\/\" \/>\r\n<meta property=\"article:publisher\" content=\"https:\/\/www.facebook.com\/p\/SureSMS-100044607956149\/\" \/>\r\n<meta property=\"article:modified_time\" content=\"2025-11-14T14:47:30+00:00\" \/>\r\n<meta name=\"twitter:card\" content=\"summary_large_image\" \/>\r\n<meta name=\"twitter:label1\" content=\"Dur\u00e9e de lecture estim\u00e9e\" \/>\n\t<meta name=\"twitter:data1\" content=\"3 minutes\" \/>\r\n<script type=\"application\/ld+json\" class=\"yoast-schema-graph\">{\"@context\":\"https:\\\/\\\/schema.org\",\"@graph\":[{\"@type\":\"WebPage\",\"@id\":\"https:\\\/\\\/suresms.com\\\/dk\\\/docs\\\/account\\\/kontosikkerhed\\\/\",\"url\":\"https:\\\/\\\/suresms.com\\\/dk\\\/docs\\\/account\\\/kontosikkerhed\\\/\",\"name\":\"Konto sikkerhed -\",\"isPartOf\":{\"@id\":\"https:\\\/\\\/suresms.com\\\/en\\\/#website\"},\"datePublished\":\"2025-11-14T14:41:25+00:00\",\"dateModified\":\"2025-11-14T14:47:30+00:00\",\"breadcrumb\":{\"@id\":\"https:\\\/\\\/suresms.com\\\/dk\\\/docs\\\/account\\\/kontosikkerhed\\\/#breadcrumb\"},\"inLanguage\":\"fr-FR\",\"potentialAction\":[{\"@type\":\"ReadAction\",\"target\":[\"https:\\\/\\\/suresms.com\\\/dk\\\/docs\\\/account\\\/kontosikkerhed\\\/\"]}]},{\"@type\":\"BreadcrumbList\",\"@id\":\"https:\\\/\\\/suresms.com\\\/dk\\\/docs\\\/account\\\/kontosikkerhed\\\/#breadcrumb\",\"itemListElement\":[{\"@type\":\"ListItem\",\"position\":1,\"name\":\"Home\",\"item\":\"https:\\\/\\\/suresms.com\\\/dk\\\/\"},{\"@type\":\"ListItem\",\"position\":2,\"name\":\"Dokumentation\",\"item\":\"https:\\\/\\\/suresms.com\\\/dk\\\/docs\\\/\"},{\"@type\":\"ListItem\",\"position\":3,\"name\":\"Konto\",\"item\":\"https:\\\/\\\/suresms.com\\\/dk\\\/docs\\\/account\\\/\"},{\"@type\":\"ListItem\",\"position\":4,\"name\":\"Konto sikkerhed\"}]},{\"@type\":\"WebSite\",\"@id\":\"https:\\\/\\\/suresms.com\\\/en\\\/#website\",\"url\":\"https:\\\/\\\/suresms.com\\\/en\\\/\",\"name\":\"SureSMS\",\"description\":\"Professionel SMS Gateway\",\"publisher\":{\"@id\":\"https:\\\/\\\/suresms.com\\\/en\\\/#organization\"},\"potentialAction\":[{\"@type\":\"SearchAction\",\"target\":{\"@type\":\"EntryPoint\",\"urlTemplate\":\"https:\\\/\\\/suresms.com\\\/en\\\/?s={search_term_string}\"},\"query-input\":{\"@type\":\"PropertyValueSpecification\",\"valueRequired\":true,\"valueName\":\"search_term_string\"}}],\"inLanguage\":\"fr-FR\"},{\"@type\":\"Organization\",\"@id\":\"https:\\\/\\\/suresms.com\\\/en\\\/#organization\",\"name\":\"SureSMS\",\"url\":\"https:\\\/\\\/suresms.com\\\/en\\\/\",\"logo\":{\"@type\":\"ImageObject\",\"inLanguage\":\"fr-FR\",\"@id\":\"https:\\\/\\\/suresms.com\\\/en\\\/#\\\/schema\\\/logo\\\/image\\\/\",\"url\":\"https:\\\/\\\/suresms.com\\\/wp-content\\\/uploads\\\/2024\\\/11\\\/suresms-300x65-1.png\",\"contentUrl\":\"https:\\\/\\\/suresms.com\\\/wp-content\\\/uploads\\\/2024\\\/11\\\/suresms-300x65-1.png\",\"width\":300,\"height\":65,\"caption\":\"SureSMS\"},\"image\":{\"@id\":\"https:\\\/\\\/suresms.com\\\/en\\\/#\\\/schema\\\/logo\\\/image\\\/\"},\"sameAs\":[\"https:\\\/\\\/www.facebook.com\\\/p\\\/SureSMS-100044607956149\\\/\"]}]}<\/script>\r\n<!-- \/ Yoast SEO Premium plugin. -->","yoast_head_json":{"title":"S\u00e9curit\u00e9 des comptes","robots":{"index":"index","follow":"follow","max-snippet":"max-snippet:-1","max-image-preview":"max-image-preview:large","max-video-preview":"max-video-preview:-1"},"canonical":"https:\/\/suresms.com\/fr\/documents\/documents-7\/securite-du-compte\/","og_locale":"fr_FR","og_type":"article","og_title":"Konto sikkerhed","og_description":"Kontosikkerhed SureSMS indeholder en r\u00e6kke sikkerhedsfunktioner, som hj\u00e6lper dig med at beskytte dine data, undg\u00e5 misbrug og leve op til GDPR-krav. P\u00e5 denne side gennemg\u00e5r vi alle de sikkerhedsindstillinger, du kan sl\u00e5 til p\u00e5 din konto &#8211; samt \u00e9n ekstra funktion, som vi kun kan aktivere via supporten. Alle funktioner findes under:Indstillinger \u2192 Konto \u2192 ... Lire la suite","og_url":"https:\/\/suresms.com\/fr\/documents\/documents-7\/securite-du-compte\/","article_publisher":"https:\/\/www.facebook.com\/p\/SureSMS-100044607956149\/","article_modified_time":"2025-11-14T14:47:30+00:00","twitter_card":"summary_large_image","twitter_misc":{"Dur\u00e9e de lecture estim\u00e9e":"3 minutes"},"schema":{"@context":"https:\/\/schema.org","@graph":[{"@type":"WebPage","@id":"https:\/\/suresms.com\/dk\/docs\/account\/kontosikkerhed\/","url":"https:\/\/suresms.com\/dk\/docs\/account\/kontosikkerhed\/","name":"S\u00e9curit\u00e9 des comptes","isPartOf":{"@id":"https:\/\/suresms.com\/en\/#website"},"datePublished":"2025-11-14T14:41:25+00:00","dateModified":"2025-11-14T14:47:30+00:00","breadcrumb":{"@id":"https:\/\/suresms.com\/dk\/docs\/account\/kontosikkerhed\/#breadcrumb"},"inLanguage":"fr-FR","potentialAction":[{"@type":"ReadAction","target":["https:\/\/suresms.com\/dk\/docs\/account\/kontosikkerhed\/"]}]},{"@type":"BreadcrumbList","@id":"https:\/\/suresms.com\/dk\/docs\/account\/kontosikkerhed\/#breadcrumb","itemListElement":[{"@type":"ListItem","position":1,"name":"Home","item":"https:\/\/suresms.com\/dk\/"},{"@type":"ListItem","position":2,"name":"Dokumentation","item":"https:\/\/suresms.com\/dk\/docs\/"},{"@type":"ListItem","position":3,"name":"Konto","item":"https:\/\/suresms.com\/dk\/docs\/account\/"},{"@type":"ListItem","position":4,"name":"Konto sikkerhed"}]},{"@type":"WebSite","@id":"https:\/\/suresms.com\/en\/#website","url":"https:\/\/suresms.com\/en\/","name":"SureSMS","description":"Passerelle SMS professionnelle","publisher":{"@id":"https:\/\/suresms.com\/en\/#organization"},"potentialAction":[{"@type":"SearchAction","target":{"@type":"EntryPoint","urlTemplate":"https:\/\/suresms.com\/en\/?s={search_term_string}"},"query-input":{"@type":"PropertyValueSpecification","valueRequired":true,"valueName":"search_term_string"}}],"inLanguage":"fr-FR"},{"@type":"Organization","@id":"https:\/\/suresms.com\/en\/#organization","name":"SureSMS","url":"https:\/\/suresms.com\/en\/","logo":{"@type":"ImageObject","inLanguage":"fr-FR","@id":"https:\/\/suresms.com\/en\/#\/schema\/logo\/image\/","url":"https:\/\/suresms.com\/wp-content\/uploads\/2024\/11\/suresms-300x65-1.png","contentUrl":"https:\/\/suresms.com\/wp-content\/uploads\/2024\/11\/suresms-300x65-1.png","width":300,"height":65,"caption":"SureSMS"},"image":{"@id":"https:\/\/suresms.com\/en\/#\/schema\/logo\/image\/"},"sameAs":["https:\/\/www.facebook.com\/p\/SureSMS-100044607956149\/"]}]}},"_links":{"self":[{"href":"https:\/\/suresms.com\/fr\/wp-json\/wp\/v2\/pages\/23544","targetHints":{"allow":["GET"]}}],"collection":[{"href":"https:\/\/suresms.com\/fr\/wp-json\/wp\/v2\/pages"}],"about":[{"href":"https:\/\/suresms.com\/fr\/wp-json\/wp\/v2\/types\/page"}],"author":[{"embeddable":true,"href":"https:\/\/suresms.com\/fr\/wp-json\/wp\/v2\/users\/1"}],"replies":[{"embeddable":true,"href":"https:\/\/suresms.com\/fr\/wp-json\/wp\/v2\/comments?post=23544"}],"version-history":[{"count":3,"href":"https:\/\/suresms.com\/fr\/wp-json\/wp\/v2\/pages\/23544\/revisions"}],"predecessor-version":[{"id":23549,"href":"https:\/\/suresms.com\/fr\/wp-json\/wp\/v2\/pages\/23544\/revisions\/23549"}],"up":[{"embeddable":true,"href":"https:\/\/suresms.com\/fr\/wp-json\/wp\/v2\/pages\/18156"}],"wp:attachment":[{"href":"https:\/\/suresms.com\/fr\/wp-json\/wp\/v2\/media?parent=23544"}],"wp:term":[{"taxonomy":"category","embeddable":true,"href":"https:\/\/suresms.com\/fr\/wp-json\/wp\/v2\/categories?post=23544"},{"taxonomy":"post_tag","embeddable":true,"href":"https:\/\/suresms.com\/fr\/wp-json\/wp\/v2\/tags?post=23544"}],"curies":[{"name":"wp","href":"https:\/\/api.w.org\/{rel}","templated":true}]}}