{"id":23531,"date":"2025-11-11T09:58:32","date_gmt":"2025-11-11T09:58:32","guid":{"rendered":"https:\/\/suresms.com\/?page_id=23531"},"modified":"2025-11-11T10:47:34","modified_gmt":"2025-11-11T10:47:34","slug":"sms-2-sms-setup","status":"publish","type":"page","link":"https:\/\/suresms.com\/fr\/docs\/guides\/sms-2-sms-opstning\/","title":{"rendered":"SMS-2-SMS setup"},"content":{"rendered":"<!-- Flexy Breadcrumb -->\r\n\t\t\t<div class=\"fbc fbc-page\">\r\n\r\n\t\t\t\t<!-- Breadcrumb wrapper -->\r\n\t\t\t\t<div class=\"fbc-wrap\">\r\n\r\n\t\t\t\t\t<!-- Ordered list-->\r\n\t\t\t\t\t<ol class=\"fbc-items\" itemscope itemtype=\"https:\/\/schema.org\/BreadcrumbList\">\r\n\t\t\t\t\t\t            <li itemprop=\"itemListElement\" itemscope itemtype=\"https:\/\/schema.org\/ListItem\">\r\n                <span itemprop=\"name\">\r\n                    <!-- Home Link -->\r\n                    <a itemprop=\"item\" href=\"https:\/\/suresms.com\/fr\/\">\r\n                    \r\n                                                    <i class=\"fa fa-home\" aria-hidden=\"true\"><\/i>Accueil                    <\/a>\r\n                <\/span>\r\n                <meta itemprop=\"position\" content=\"1\" \/><!-- Meta Position-->\r\n             <\/li><li><span class=\"fbc-separator\">\/<\/span><\/li><li class=\"active\" itemprop=\"itemListElement\" itemscope itemtype=\"https:\/\/schema.org\/ListItem\"><span itemprop=\"name\" title=\"SMS-2-SMS setup\">SMS-2-SMS setup<\/span><meta itemprop=\"position\" content=\"2\" \/><\/li>\t\t\t\t\t<\/ol>\r\n\t\t\t\t\t<div class=\"clearfix\"><\/div>\r\n\t\t\t\t<\/div>\r\n\t\t\t<\/div>\r\n\t\t\t\n<h1>\n\t\t\tSMS-2-SMS setup\t<\/h1>\n\t<p>SMS2SMS est une fonction puissante qui permet l'envoi automatique de messages SMS \u00e0 un groupe pr\u00e9d\u00e9fini \u00e0 partir d'un seul SMS entrant. Bien que cela puisse sembler un d\u00e9tour, cette forme d'automatisation des SMS ouvre la voie \u00e0 un certain nombre de sc\u00e9narios de communication efficaces.<\/p>\n<p>Ce guide vous explique ce qu'est le SMS2SMS, comment il peut \u00eatre utilis\u00e9 dans la pratique et comment vous pouvez facilement le mettre en place et le tester sur la plateforme SureSMS.<\/p>\n<h2>\n\t\t\tQu'est-ce que le SMS2SMS ?\t<\/h2>\n\t<p>Le c\u0153ur de la fonctionnalit\u00e9 SMS2SMS consiste \u00e0 transformer un simple SMS entrant en une diffusion de SMS en masse. Un utilisateur envoie un message SMS \u00e0 un num\u00e9ro de t\u00e9l\u00e9phone virtuel d\u00e9di\u00e9 sur la plateforme SureSMS. Le message doit commencer par un mot-cl\u00e9 SMS sp\u00e9cifique associ\u00e9 \u00e0 un groupe de contacts.<\/p>\n<p>La plateforme reconna\u00eet le mot-cl\u00e9, le supprime du message et transmet le texte restant \u00e0 tous les membres du groupe. Cela cr\u00e9e une passerelle SMS simple mais efficace pour la communication de groupe, sans qu'il soit n\u00e9cessaire de se connecter \u00e0 une plateforme ou d'acc\u00e9der \u00e0 des listes de contacts compl\u00e8tes.<\/p>\n<h2>\n\t\t\tQuels sont les sc\u00e9narios dans lesquels SMS2SMS peut \u00eatre utilis\u00e9 ?\t<\/h2>\n\t<p>La flexibilit\u00e9 du SMS2SMS le rend utile dans de nombreuses situations o\u00f9 une communication rapide et cibl\u00e9e est n\u00e9cessaire. Voici quelques exemples :<\/p>\n\t\t\t\t<table>\n\t\t\t\t\t<thead>\n\t\t\t\t\t\t\t\t\t\t\t\t\t\t<tr>\n\t\t\t\t\t\t\t\t\t\t\t\t\t\t\t<th rowspan=\"\" colspan=\"\">\n\t\t\t\t\t\t\t\t\t\t\t\t\t\t\t\t\t<label>\n\t\t\t\t\t\t\t\t\t\t<\/label><label> Sc\u00e9nario <\/label>\n\t\t\t\t\t\t\t\t\t\n\t\t\t\t\t\t\t\t\t\t\t\t\t\t\t\t\t<\/th>\n\t\t\t\t\t\t\t\t\t\t\t\t\t\t<th rowspan=\"\" colspan=\"\">\n\t\t\t\t\t\t\t\t\t\t\t\t\t\t\t\t\t<label>\n\t\t\t\t\t\t\t\t\t\t<\/label><label> Description de l'utilisation <\/label>\n\t\t\t\t\t\t\t\t\t\n\t\t\t\t\t\t\t\t\t\t\t\t\t\t\t\t\t<\/th>\n\t\t\t\t\t\t\t\t\t\t\t<\/tr><\/thead>\n\t\t\t\t\t<tbody>\n\t\t\t\t\t\t\t\t\t\t\t\t\t\t\t<tr>\n\t\t\t\t\t\t\t\t\t\t\t\t\t\t\t\t\t\t\t\t<td colspan=\"\" rowspan=\"\">\n\t\t\t\t\t\t\t\t\t\t\t\t\t\t\t\t\t\t\t\t\t\t\t Associations de logement \n\t\t\t\t\t\t\t\t\t\t\t\t\t\t\t\t\t\t\t\t\t\t\t<\/td>\n\t\t\t\t\t\t\t\t\t\t\t\t\t\t\t\t<td colspan=\"\" rowspan=\"\">\n\t\t\t\t\t\t\t\t\t\t\t\t\t\t\t Un entrepreneur peut envoyer un message \u00e0 un num\u00e9ro central avec un mot-cl\u00e9 pour un immeuble sp\u00e9cifique (par exemple, \u201cBlock5A Nous avons coup\u00e9 l'eau \u00e0 14 heures\u201d). Le message est automatiquement envoy\u00e9 \u00e0 tous les r\u00e9sidents de cet immeuble sans que l'entrepreneur ait acc\u00e8s \u00e0 leurs num\u00e9ros de t\u00e9l\u00e9phone priv\u00e9s. \n\t\t\t\t\t\t\t\t\t\t\t\t\t\t\t\t\t\t\t\t\t\t\t\t<\/td>\n\t\t\t\t\t\t\t\t\t\t\t\t\t\t\t<\/tr><tr>\n\t\t\t\t\t\t\t\t\t\t\t\t\t\t\t\t\t\t\t\t<td colspan=\"\" rowspan=\"\">\n\t\t\t\t\t\t\t\t\t\t\t\t\t\t\t\t\t\t\t\t\t\t\t Employ\u00e9s sur le terrain \n\t\t\t\t\t\t\t\t\t\t\t\t\t\t\t\t\t\t\t\t\t\t\t<\/td>\n\t\t\t\t\t\t\t\t\t\t\t\t\t\t\t\t<td colspan=\"\" rowspan=\"\">\n\t\t\t\t\t\t\t\t\t\t\t\t\t\t\t\t\t\t\t\t\t\t\t Un employ\u00e9 qui a besoin d'aide peut envoyer un SMS \u00e0 un groupe bas\u00e9 sur la g\u00e9ographie (par exemple, \u201cHJ\u00d8RRING J'ai besoin d'aide \u00e0 l'adresse X\u201d). Le syst\u00e8me envoie le message \u00e0 tous les coll\u00e8gues de l'\u00e9quipe Hj\u00f8rring. \n\t\t\t\t\t\t\t\t\t\t\t\t\t\t\t\t\t\t\t\t\t\t\t<\/td>\n\t\t\t\t\t\t\t\t\t\t\t\t\t\t\t<\/tr><tr>\n\t\t\t\t\t\t\t\t\t\t\t\t\t\t\t\t\t\t\t\t<td colspan=\"\" rowspan=\"\">\n\t\t\t\t\t\t\t\t\t\t\t\t\t\t\t\t\t\t\t\t\t\t\t Transport scolaire \n\t\t\t\t\t\t\t\t\t\t\t\t\t\t\t\t\t\t\t\t\t\t\t<\/td>\n\t\t\t\t\t\t\t\t\t\t\t\t\t\t\t\t<td colspan=\"\" rowspan=\"\">\n\t\t\t\t\t\t\t\t\t\t\t\t\t\t\t\t\t\t\t\t\t\t\t Un conducteur en retard peut rapidement informer tous les parents d'un itin\u00e9raire sp\u00e9cifique en envoyant un SMS du type \u201cROUTE1 Le bus a 20 minutes de retard \u00e0 cause du trafic\u201d. \n\t\t\t\t\t\t\t\t\t\t\t\t\t\t\t\t\t\t\t\t\t\t\t<\/td>\n\t\t\t\t\t\t\t\t\t\t\t\t\t\t\t<\/tr><tr>\n\t\t\t\t\t\t\t\t\t\t\t\t\t\t\t\t\t\t\t\t<td colspan=\"\" rowspan=\"\">\n\t\t\t\t\t\t\t\t\t\t\t\t\t\t\t\t\t\t\t\t\t\t\t Clubs sportifs \n\t\t\t\t\t\t\t\t\t\t\t\t\t\t\t\t\t\t\t\t\t\t\t<\/td>\n\t\t\t\t\t\t\t\t\t\t\t\t\t\t\t\t<td colspan=\"\" rowspan=\"\">\n\t\t\t\t\t\t\t\t\t\t\t\t\t\t\t\t\t\t\t\t\t\t\t Un entra\u00eeneur de football peut annuler un entra\u00eenement \u00e0 la derni\u00e8re minute en envoyant un message au mot-cl\u00e9 de son \u00e9quipe (par exemple, \u201cU12 TEAM Training cancelled due to rain\u201d). Le message est envoy\u00e9 \u00e0 tous les joueurs et parents figurant sur la liste. \n\t\t\t\t\t\t\t\t\t\t\t\t\t\t\t\t\t\t\t\t\t\t\t<\/td>\n\t\t\t\t\t\t\t\t\t\t\t<\/tr><\/tbody>\n\t\t\t\t<\/table>\n\t<p>Ces sc\u00e9narios illustrent comment l'automatisation des SMS peut centraliser et simplifier la communication tout en pr\u00e9servant la s\u00e9curit\u00e9 des donn\u00e9es, puisque l'exp\u00e9diteur n'a pas besoin de g\u00e9rer les listes de destinataires ni d'y avoir acc\u00e8s.<\/p>\n<h2>\n\t\t\tComment configurer SMS2SMS dans SureSMS ?\t<\/h2>\n\t<p>L'installation de SMS2SMS sur la plateforme SureSMS comporte trois \u00e9tapes principales : la commande d'un num\u00e9ro entrant, la cr\u00e9ation d'un groupe de contacts avec un mot-cl\u00e9 et la configuration des param\u00e8tres du groupe. Voici un guide \u00e9tape par \u00e9tape :<\/p>\n<h3>\n\t\t\t\u00c9tape 1 : Commander un num\u00e9ro de t\u00e9l\u00e9phone entrant\t<\/h3>\n\t<p>Pour recevoir des SMS, vous devez disposer d'un num\u00e9ro d\u00e9di\u00e9 sur la plateforme.<\/p>\n<ul>\n<li>Naviguer vers Param\u00e8tres et s\u00e9lectionner Nom de l'exp\u00e9diteur.<\/li>\n<li>Cliquez sur le bouton Commander pour afficher la liste des num\u00e9ros de t\u00e9l\u00e9phone virtuels disponibles.<\/li>\n<li>S\u00e9lectionnez un num\u00e9ro dans la liste et confirmez la commande.<\/li>\n<li>Lorsque le num\u00e9ro appara\u00eet dans votre liste de valeurs d'exp\u00e9diteur, marquez-le comme num\u00e9ro par d\u00e9faut. Vous indiquez ainsi qu'il s'agit du num\u00e9ro que la plate-forme doit utiliser pour recevoir les messages entrants. Le num\u00e9ro aura une coche verte indiquant qu'il s'agit d'un num\u00e9ro long virtuel.<\/li>\n<\/ul>\n\t\t\t\t\t<video src=\"https:\/\/suresms.com\/wp-content\/uploads\/2025\/11\/Guides - Setup of SMS-2-SMS.mp4\" alt=\"hosted-video-thumbnail\"><\/video>\n\t\t<h3>\n\t\t\t\u00c9tape 2 : Cr\u00e9er un groupe de contacts et un mot-cl\u00e9\t<\/h3>\n\t<p>L'\u00e9tape suivante consiste \u00e0 organiser les contacts qui recevront les messages en un groupe et \u00e0 leur attribuer un mot-cl\u00e9 unique.<\/p>\n<ul>\n<li>Allez dans le carnet d'adresses et s\u00e9lectionnez Groupes.<\/li>\n<li>Cr\u00e9ez un nouveau groupe ou modifiez un groupe existant.<\/li>\n<li>Nom du groupe : S\u00e9lectionnez un nom interne pour le groupe (par exemple \u201cBallgame2025\u201d).<\/li>\n<li>Mot-cl\u00e9 : C'est le champ le plus important. Choisissez un mot-cl\u00e9 unique et facilement reconnaissable (par exemple, \u201cjeux de balle\u201d). C'est par ce mot que l'exp\u00e9diteur doit commencer son SMS pour l'envoyer \u00e0 ce groupe.<\/li>\n<li>Ajouter des contacts au groupe. Vous pouvez le faire manuellement ou importer une liste.<\/li>\n<\/ul>\n<h3>\n\t\t\t\u00c9tape 3 : Configurer les param\u00e8tres du groupe\t<\/h3>\n\t<p>Pour que la fonction SMS2SMS fonctionne correctement, les param\u00e8tres du groupe doivent \u00eatre configur\u00e9s.<\/p>\n<ul>\n<li>Utilisez toujours le nom de l'exp\u00e9diteur : Vous d\u00e9cidez ici quel doit \u00eatre l'exp\u00e9diteur des messages SMS envoy\u00e9s au groupe.\n<ul>\n<li>Non d\u00e9fini : Les destinataires verront le num\u00e9ro de t\u00e9l\u00e9phone de l'exp\u00e9diteur (par exemple, l'artisan). Les r\u00e9ponses seront adress\u00e9es directement \u00e0 cette personne.<\/li>\n<li>Num\u00e9ro\/nom sp\u00e9cifique : Vous pouvez choisir l'un de vos num\u00e9ros v\u00e9rifi\u00e9s ou un identifiant d'exp\u00e9diteur alphanum\u00e9rique (par exemple \u201cSureSMS\u201d) auquel il est impossible de r\u00e9pondre. Cette option est id\u00e9ale pour les communications \u00e0 sens unique.<\/li>\n<\/ul>\n<\/li>\n<li>Uniquement les exp\u00e9diteurs autoris\u00e9s : pour \u00e9viter les abus, vous pouvez restreindre les personnes autoris\u00e9es \u00e0 envoyer des messages au groupe. Dans ce champ, vous pouvez s\u00e9lectionner un groupe diff\u00e9rent (par exemple, \u201cArtisans\u201d ou \u201cEntra\u00eeneurs\u201d) et seuls les membres de ce groupe seront autoris\u00e9s \u00e0 utiliser la fonction SMS2SMS.\n<ul>\n<li>Si le champ est d\u00e9fini sur Non d\u00e9fini, toute personne connaissant votre num\u00e9ro entrant et votre mot-cl\u00e9 peut envoyer un message au groupe.<\/li>\n<\/ul>\n<\/li>\n<li>D\u00e9sactiver les SMS entrants vers le groupe : Assurez-vous que cette fonction n'est pas activ\u00e9e car elle bloque la fonctionnalit\u00e9 SMS2SMS.<\/li>\n<li>Sauvegardez vos param\u00e8tres.<\/li>\n<\/ul>\n<h2>\n\t\t\tTestez votre installation SMS2SMS\t<\/h2>\n\t<p>Une fois l'installation termin\u00e9e, il est facile de tester si l'automatisation des SMS fonctionne comme pr\u00e9vu.<\/p>\n<ul>\n<li>Assurez-vous que l'exp\u00e9diteur est autoris\u00e9 : Si vous avez d\u00e9fini une restriction sur les personnes autoris\u00e9es \u00e0 envoyer (\u00e9tape 3, point 2), assurez-vous que le num\u00e9ro de t\u00e9l\u00e9phone \u00e0 partir duquel vous envoyez un message fait partie du groupe d'exp\u00e9diteurs autoris\u00e9s.<\/li>\n<li>Envoyez le SMS de test : depuis votre t\u00e9l\u00e9phone portable (ou un autre t\u00e9l\u00e9phone figurant sur la liste des exp\u00e9diteurs approuv\u00e9s), envoyez un SMS au num\u00e9ro de t\u00e9l\u00e9phone entrant que vous avez command\u00e9 \u00e0 l'\u00e9tape 1.<\/li>\n<li>Structurez correctement le message : commencez le message par le mot-cl\u00e9 que vous avez choisi, suivi d'un espace et du message lui-m\u00eame.\n<ul>\n<li>Exemple : <u>Jeux de balle L'entra\u00eenement d'aujourd'hui a \u00e9t\u00e9 d\u00e9plac\u00e9 \u00e0 19h00.<\/u><\/li>\n<\/ul>\n<\/li>\n<li>V\u00e9rifier dans la bo\u00eete de r\u00e9ception : Allez dans la bo\u00eete de r\u00e9ception de la plateforme SureSMS. Vous pourrez y voir :\n<ul>\n<li>Le SMS original re\u00e7u de votre num\u00e9ro de t\u00e9l\u00e9phone contenant le mot-cl\u00e9.<\/li>\n<li>Une s\u00e9rie de nouveaux SMS sortants (un pour chaque contact de votre groupe). Le texte de ces messages sera le m\u00eame que votre message original, mais sans le mot-cl\u00e9.<\/li>\n<\/ul>\n<\/li>\n<\/ul>\n<p>&nbsp;<\/p>\n<p>Si les messages sortants ont \u00e9t\u00e9 g\u00e9n\u00e9r\u00e9s et envoy\u00e9s \u00e0 tous les contacts du groupe, votre installation SMS2SMS est r\u00e9ussie. Vous disposez \u00e0 pr\u00e9sent d'une solution enti\u00e8rement fonctionnelle pour l'envoi rapide et efficace de SMS de groupe.<\/p>","protected":false},"excerpt":{"rendered":"<p>Configuration de SMS-2-SMS SMS2SMS est une fonction puissante qui permet l'envoi automatique de messages SMS \u00e0 un groupe pr\u00e9d\u00e9fini \u00e0 partir d'un seul SMS entrant. Bien que cela puisse sembler un d\u00e9tour, cette forme d'automatisation des SMS ouvre la voie \u00e0 un certain nombre de sc\u00e9narios de communication efficaces. Ce guide explique ce qu'est le SMS2SMS, comment il peut \u00eatre utilis\u00e9 en pratique et comment... <a title=\"SMS-2-SMS setup\" class=\"read-more\" href=\"https:\/\/suresms.com\/fr\/docs\/guides\/sms-2-sms-opstning\/\" aria-label=\"En savoir plus sur l&#039;installation de SMS-2-SMS\">En savoir plus<\/a><\/p>","protected":false},"author":1,"featured_media":0,"parent":23423,"menu_order":0,"comment_status":"closed","ping_status":"closed","template":"","meta":{"_fl_builder_enabled":"1","_fl_builder_data":null,"_fl_builder_draft":null,"_fl_builder_data_settings":null,"_fl_builder_css":"","_fl_builder_css_version":"","_fl_builder_js":"","footnotes":""},"categories":[],"tags":[],"class_list":["post-23531","page","type-page","status-publish"],"yoast_head":"<!-- This site is optimized with the Yoast SEO Premium plugin v27.3 (Yoast SEO v27.3) - https:\/\/yoast.com\/product\/yoast-seo-premium-wordpress\/ -->\r\n<title>SMS-2-SMS ops\u00e6tning -<\/title>\r\n<meta name=\"robots\" content=\"index, follow, max-snippet:-1, max-image-preview:large, max-video-preview:-1\" \/>\r\n<link rel=\"canonical\" href=\"https:\/\/suresms.com\/fr\/documents\/guides\/sms-2-sms-setup\/\" \/>\r\n<meta property=\"og:locale\" content=\"fr_FR\" \/>\r\n<meta property=\"og:type\" content=\"article\" \/>\r\n<meta property=\"og:title\" content=\"SMS-2-SMS ops\u00e6tning\" \/>\r\n<meta property=\"og:description\" content=\"SMS-2-SMS ops\u00e6tning SMS2SMS er en kraftfuld funktion, der muligg\u00f8r automatisk udsendelse af SMS-beskeder til en foruddefineret gruppe via en enkelt indg\u00e5ende SMS. Selvom det kan lyde som en omvej, \u00e5bner denne form for SMS-automatisering op for en r\u00e6kke effektive kommunikationsscenarier. Denne guide vil gennemg\u00e5, hvad SMS2SMS er, hvordan det kan anvendes i praksis, og hvordan ... Lire la suite\" \/>\r\n<meta property=\"og:url\" content=\"https:\/\/suresms.com\/fr\/documents\/guides\/sms-2-sms-setup\/\" \/>\r\n<meta property=\"article:publisher\" content=\"https:\/\/www.facebook.com\/p\/SureSMS-100044607956149\/\" \/>\r\n<meta property=\"article:modified_time\" content=\"2025-11-11T10:47:34+00:00\" \/>\r\n<meta name=\"twitter:card\" content=\"summary_large_image\" \/>\r\n<meta name=\"twitter:label1\" content=\"Dur\u00e9e de lecture estim\u00e9e\" \/>\n\t<meta name=\"twitter:data1\" content=\"2 minutes\" \/>\r\n<script type=\"application\/ld+json\" class=\"yoast-schema-graph\">{\"@context\":\"https:\\\/\\\/schema.org\",\"@graph\":[{\"@type\":\"WebPage\",\"@id\":\"https:\\\/\\\/suresms.com\\\/dk\\\/docs\\\/guides\\\/sms-2-sms-opstning\\\/\",\"url\":\"https:\\\/\\\/suresms.com\\\/dk\\\/docs\\\/guides\\\/sms-2-sms-opstning\\\/\",\"name\":\"SMS-2-SMS ops\u00e6tning -\",\"isPartOf\":{\"@id\":\"https:\\\/\\\/suresms.com\\\/en\\\/#website\"},\"datePublished\":\"2025-11-11T09:58:32+00:00\",\"dateModified\":\"2025-11-11T10:47:34+00:00\",\"breadcrumb\":{\"@id\":\"https:\\\/\\\/suresms.com\\\/dk\\\/docs\\\/guides\\\/sms-2-sms-opstning\\\/#breadcrumb\"},\"inLanguage\":\"fr-FR\",\"potentialAction\":[{\"@type\":\"ReadAction\",\"target\":[\"https:\\\/\\\/suresms.com\\\/dk\\\/docs\\\/guides\\\/sms-2-sms-opstning\\\/\"]}]},{\"@type\":\"BreadcrumbList\",\"@id\":\"https:\\\/\\\/suresms.com\\\/dk\\\/docs\\\/guides\\\/sms-2-sms-opstning\\\/#breadcrumb\",\"itemListElement\":[{\"@type\":\"ListItem\",\"position\":1,\"name\":\"Home\",\"item\":\"https:\\\/\\\/suresms.com\\\/dk\\\/\"},{\"@type\":\"ListItem\",\"position\":2,\"name\":\"Dokumentation\",\"item\":\"https:\\\/\\\/suresms.com\\\/dk\\\/docs\\\/\"},{\"@type\":\"ListItem\",\"position\":3,\"name\":\"Vejledninger\",\"item\":\"https:\\\/\\\/suresms.com\\\/dk\\\/docs\\\/guides\\\/\"},{\"@type\":\"ListItem\",\"position\":4,\"name\":\"SMS-2-SMS ops\u00e6tning\"}]},{\"@type\":\"WebSite\",\"@id\":\"https:\\\/\\\/suresms.com\\\/en\\\/#website\",\"url\":\"https:\\\/\\\/suresms.com\\\/en\\\/\",\"name\":\"SureSMS\",\"description\":\"Professionel SMS Gateway\",\"publisher\":{\"@id\":\"https:\\\/\\\/suresms.com\\\/en\\\/#organization\"},\"potentialAction\":[{\"@type\":\"SearchAction\",\"target\":{\"@type\":\"EntryPoint\",\"urlTemplate\":\"https:\\\/\\\/suresms.com\\\/en\\\/?s={search_term_string}\"},\"query-input\":{\"@type\":\"PropertyValueSpecification\",\"valueRequired\":true,\"valueName\":\"search_term_string\"}}],\"inLanguage\":\"fr-FR\"},{\"@type\":\"Organization\",\"@id\":\"https:\\\/\\\/suresms.com\\\/en\\\/#organization\",\"name\":\"SureSMS\",\"url\":\"https:\\\/\\\/suresms.com\\\/en\\\/\",\"logo\":{\"@type\":\"ImageObject\",\"inLanguage\":\"fr-FR\",\"@id\":\"https:\\\/\\\/suresms.com\\\/en\\\/#\\\/schema\\\/logo\\\/image\\\/\",\"url\":\"https:\\\/\\\/suresms.com\\\/wp-content\\\/uploads\\\/2024\\\/11\\\/suresms-300x65-1.png\",\"contentUrl\":\"https:\\\/\\\/suresms.com\\\/wp-content\\\/uploads\\\/2024\\\/11\\\/suresms-300x65-1.png\",\"width\":300,\"height\":65,\"caption\":\"SureSMS\"},\"image\":{\"@id\":\"https:\\\/\\\/suresms.com\\\/en\\\/#\\\/schema\\\/logo\\\/image\\\/\"},\"sameAs\":[\"https:\\\/\\\/www.facebook.com\\\/p\\\/SureSMS-100044607956149\\\/\"]}]}<\/script>\r\n<!-- \/ Yoast SEO Premium plugin. -->","yoast_head_json":{"title":"SMS-2-SMS setup - SMS-2-SMS setup","robots":{"index":"index","follow":"follow","max-snippet":"max-snippet:-1","max-image-preview":"max-image-preview:large","max-video-preview":"max-video-preview:-1"},"canonical":"https:\/\/suresms.com\/fr\/documents\/guides\/sms-2-sms-setup\/","og_locale":"fr_FR","og_type":"article","og_title":"SMS-2-SMS ops\u00e6tning","og_description":"SMS-2-SMS ops\u00e6tning SMS2SMS er en kraftfuld funktion, der muligg\u00f8r automatisk udsendelse af SMS-beskeder til en foruddefineret gruppe via en enkelt indg\u00e5ende SMS. Selvom det kan lyde som en omvej, \u00e5bner denne form for SMS-automatisering op for en r\u00e6kke effektive kommunikationsscenarier. Denne guide vil gennemg\u00e5, hvad SMS2SMS er, hvordan det kan anvendes i praksis, og hvordan ... Lire la suite","og_url":"https:\/\/suresms.com\/fr\/documents\/guides\/sms-2-sms-setup\/","article_publisher":"https:\/\/www.facebook.com\/p\/SureSMS-100044607956149\/","article_modified_time":"2025-11-11T10:47:34+00:00","twitter_card":"summary_large_image","twitter_misc":{"Dur\u00e9e de lecture estim\u00e9e":"2 minutes"},"schema":{"@context":"https:\/\/schema.org","@graph":[{"@type":"WebPage","@id":"https:\/\/suresms.com\/dk\/docs\/guides\/sms-2-sms-opstning\/","url":"https:\/\/suresms.com\/dk\/docs\/guides\/sms-2-sms-opstning\/","name":"SMS-2-SMS setup - SMS-2-SMS setup","isPartOf":{"@id":"https:\/\/suresms.com\/en\/#website"},"datePublished":"2025-11-11T09:58:32+00:00","dateModified":"2025-11-11T10:47:34+00:00","breadcrumb":{"@id":"https:\/\/suresms.com\/dk\/docs\/guides\/sms-2-sms-opstning\/#breadcrumb"},"inLanguage":"fr-FR","potentialAction":[{"@type":"ReadAction","target":["https:\/\/suresms.com\/dk\/docs\/guides\/sms-2-sms-opstning\/"]}]},{"@type":"BreadcrumbList","@id":"https:\/\/suresms.com\/dk\/docs\/guides\/sms-2-sms-opstning\/#breadcrumb","itemListElement":[{"@type":"ListItem","position":1,"name":"Home","item":"https:\/\/suresms.com\/dk\/"},{"@type":"ListItem","position":2,"name":"Dokumentation","item":"https:\/\/suresms.com\/dk\/docs\/"},{"@type":"ListItem","position":3,"name":"Vejledninger","item":"https:\/\/suresms.com\/dk\/docs\/guides\/"},{"@type":"ListItem","position":4,"name":"SMS-2-SMS ops\u00e6tning"}]},{"@type":"WebSite","@id":"https:\/\/suresms.com\/en\/#website","url":"https:\/\/suresms.com\/en\/","name":"SureSMS","description":"Passerelle SMS professionnelle","publisher":{"@id":"https:\/\/suresms.com\/en\/#organization"},"potentialAction":[{"@type":"SearchAction","target":{"@type":"EntryPoint","urlTemplate":"https:\/\/suresms.com\/en\/?s={search_term_string}"},"query-input":{"@type":"PropertyValueSpecification","valueRequired":true,"valueName":"search_term_string"}}],"inLanguage":"fr-FR"},{"@type":"Organization","@id":"https:\/\/suresms.com\/en\/#organization","name":"SureSMS","url":"https:\/\/suresms.com\/en\/","logo":{"@type":"ImageObject","inLanguage":"fr-FR","@id":"https:\/\/suresms.com\/en\/#\/schema\/logo\/image\/","url":"https:\/\/suresms.com\/wp-content\/uploads\/2024\/11\/suresms-300x65-1.png","contentUrl":"https:\/\/suresms.com\/wp-content\/uploads\/2024\/11\/suresms-300x65-1.png","width":300,"height":65,"caption":"SureSMS"},"image":{"@id":"https:\/\/suresms.com\/en\/#\/schema\/logo\/image\/"},"sameAs":["https:\/\/www.facebook.com\/p\/SureSMS-100044607956149\/"]}]}},"_links":{"self":[{"href":"https:\/\/suresms.com\/fr\/wp-json\/wp\/v2\/pages\/23531","targetHints":{"allow":["GET"]}}],"collection":[{"href":"https:\/\/suresms.com\/fr\/wp-json\/wp\/v2\/pages"}],"about":[{"href":"https:\/\/suresms.com\/fr\/wp-json\/wp\/v2\/types\/page"}],"author":[{"embeddable":true,"href":"https:\/\/suresms.com\/fr\/wp-json\/wp\/v2\/users\/1"}],"replies":[{"embeddable":true,"href":"https:\/\/suresms.com\/fr\/wp-json\/wp\/v2\/comments?post=23531"}],"version-history":[{"count":6,"href":"https:\/\/suresms.com\/fr\/wp-json\/wp\/v2\/pages\/23531\/revisions"}],"predecessor-version":[{"id":23541,"href":"https:\/\/suresms.com\/fr\/wp-json\/wp\/v2\/pages\/23531\/revisions\/23541"}],"up":[{"embeddable":true,"href":"https:\/\/suresms.com\/fr\/wp-json\/wp\/v2\/pages\/23423"}],"wp:attachment":[{"href":"https:\/\/suresms.com\/fr\/wp-json\/wp\/v2\/media?parent=23531"}],"wp:term":[{"taxonomy":"category","embeddable":true,"href":"https:\/\/suresms.com\/fr\/wp-json\/wp\/v2\/categories?post=23531"},{"taxonomy":"post_tag","embeddable":true,"href":"https:\/\/suresms.com\/fr\/wp-json\/wp\/v2\/tags?post=23531"}],"curies":[{"name":"wp","href":"https:\/\/api.w.org\/{rel}","templated":true}]}}