{"id":23423,"date":"2025-06-06T07:59:08","date_gmt":"2025-06-06T07:59:08","guid":{"rendered":"https:\/\/suresms.com\/?page_id=23423"},"modified":"2025-11-11T10:41:25","modified_gmt":"2025-11-11T10:41:25","slug":"guides","status":"publish","type":"page","link":"https:\/\/suresms.com\/fr\/docs\/guides\/","title":{"rendered":"Guides pratiques"},"content":{"rendered":"<!-- Flexy Breadcrumb -->\r\n\t\t\t<div class=\"fbc fbc-page\">\r\n\r\n\t\t\t\t<!-- Breadcrumb wrapper -->\r\n\t\t\t\t<div class=\"fbc-wrap\">\r\n\r\n\t\t\t\t\t<!-- Ordered list-->\r\n\t\t\t\t\t<ol class=\"fbc-items\" itemscope itemtype=\"https:\/\/schema.org\/BreadcrumbList\">\r\n\t\t\t\t\t\t            <li itemprop=\"itemListElement\" itemscope itemtype=\"https:\/\/schema.org\/ListItem\">\r\n                <span itemprop=\"name\">\r\n                    <!-- Home Link -->\r\n                    <a itemprop=\"item\" href=\"https:\/\/suresms.com\/fr\/\">\r\n                    \r\n                                                    <i class=\"fa fa-home\" aria-hidden=\"true\"><\/i>Accueil                    <\/a>\r\n                <\/span>\r\n                <meta itemprop=\"position\" content=\"1\" \/><!-- Meta Position-->\r\n             <\/li><li><span class=\"fbc-separator\">\/<\/span><\/li><li class=\"active\" itemprop=\"itemListElement\" itemscope itemtype=\"https:\/\/schema.org\/ListItem\"><span itemprop=\"name\" title=\"Guides pratiques\">Guides pratiques<\/span><meta itemprop=\"position\" content=\"2\" \/><\/li>\t\t\t\t\t<\/ol>\r\n\t\t\t\t\t<div class=\"clearfix\"><\/div>\r\n\t\t\t\t<\/div>\r\n\t\t\t<\/div>\r\n\t\t\t\n<h1>\n\t\t\tGuides\t<\/h1>\n\t<p>Vous trouverez ici des instructions sur la fa\u00e7on de configurer SureSMS. Ces guides requi\u00e8rent l'utilisation de plusieurs fonctions pour tirer le meilleur parti de votre compte SureSMS.<\/p>\n\t<a href=\"https:\/\/suresms.com\/fr\/documents\/guides\/application-windows\/\" target=\"_self\"  aria-label=\"Aller sur https:\/\/suresms.com\/dk\/docs\/guides\/windows-app\/\"><\/a>\n\t\t<h3>Application Windows<\/h3>\t\t\t\n\t\t\t\t<p>Voulez-vous une application Windows au lieu de devoir vous connecter \u00e0 un site web \u00e0 chaque fois. Voyez ici comment l'obtenir....<\/p>\n\t\t<h3>Prochainement<\/h3>\t\t\t\n\t\t\t\t<p>Description<\/p>\n\t<a href=\"https:\/\/suresms.com\/fr\/documents\/guides\/sms-2-sms-setup\/\" target=\"_self\"  aria-label=\"Aller sur https:\/\/suresms.com\/dk\/docs\/guides\/sms-2-sms-opstning\/\"><\/a>\n\t\t<h3>SMS-2-SMS<\/h3>\t\t\t\n\t\t\t\t<p>Mise en place de la fonctionnalit\u00e9 SMS-2-SMS<\/p>\n\t\t<h3>SMS d'urgence<\/h3>\t\t\t\n\t\t\t\t<p>Si vous disposez du module SMS d'urgence, vous pouvez lire comment l'utiliser ici.\u00a0<\/p>\n\t\t<h3>Prochainement<\/h3>\t\t\t\n\t\t\t\t<p>Description<\/p>","protected":false},"excerpt":{"rendered":"<p>Guides Vous trouverez ici des guides sur la fa\u00e7on de configurer SureSMS. Ces guides requi\u00e8rent l'utilisation de plusieurs fonctions pour tirer le meilleur parti de votre compte SureSMS. Application Windows Voulez-vous une application Windows au lieu de devoir vous connecter \u00e0 un site web \u00e0 chaque fois ? Voyez comment l'obtenir ici : .... Prochainement... <a title=\"Guides pratiques\" class=\"read-more\" href=\"https:\/\/suresms.com\/fr\/docs\/guides\/\" aria-label=\"En savoir plus sur les guides\">En savoir plus<\/a><\/p>","protected":false},"author":1,"featured_media":0,"parent":18121,"menu_order":0,"comment_status":"closed","ping_status":"closed","template":"","meta":{"_fl_builder_enabled":"1","_fl_builder_data":null,"_fl_builder_draft":null,"_fl_builder_data_settings":null,"_fl_builder_css":"","_fl_builder_css_version":"","_fl_builder_js":"","footnotes":""},"categories":[],"tags":[],"class_list":["post-23423","page","type-page","status-publish"],"yoast_head":"<!-- This site is optimized with the Yoast SEO Premium plugin v27.3 (Yoast SEO v27.3) - https:\/\/yoast.com\/product\/yoast-seo-premium-wordpress\/ -->\r\n<title>Vejledninger -<\/title>\r\n<meta name=\"robots\" content=\"index, follow, max-snippet:-1, max-image-preview:large, max-video-preview:-1\" \/>\r\n<link rel=\"canonical\" href=\"https:\/\/suresms.com\/fr\/documents\/guides\/\" \/>\r\n<meta property=\"og:locale\" content=\"fr_FR\" \/>\r\n<meta property=\"og:type\" content=\"article\" \/>\r\n<meta property=\"og:title\" content=\"Vejledninger\" \/>\r\n<meta property=\"og:description\" content=\"Guides Her finder du vejledning i ops\u00e6tning af SureSMS. Det er vejledninger der kr\u00e6ver brug af flere funktioner for at f\u00e5 det meste ud af din SureSMS konto. Windows applikation Vil du gerne have en windows applikation i stedet for at skulle logge p\u00e5 en hjemmeside hver gang. Se her hvordan du f\u00e5r det&#8230;. Kommer ... Lire la suite\" \/>\r\n<meta property=\"og:url\" content=\"https:\/\/suresms.com\/fr\/documents\/guides\/\" \/>\r\n<meta property=\"article:publisher\" content=\"https:\/\/www.facebook.com\/p\/SureSMS-100044607956149\/\" \/>\r\n<meta property=\"article:modified_time\" content=\"2025-11-11T10:41:25+00:00\" \/>\r\n<meta name=\"twitter:card\" content=\"summary_large_image\" \/>\r\n<meta name=\"twitter:label1\" content=\"Dur\u00e9e de lecture estim\u00e9e\" \/>\n\t<meta name=\"twitter:data1\" content=\"1 minute\" \/>\r\n<script type=\"application\/ld+json\" class=\"yoast-schema-graph\">{\"@context\":\"https:\\\/\\\/schema.org\",\"@graph\":[{\"@type\":\"WebPage\",\"@id\":\"https:\\\/\\\/suresms.com\\\/dk\\\/docs\\\/guides\\\/\",\"url\":\"https:\\\/\\\/suresms.com\\\/dk\\\/docs\\\/guides\\\/\",\"name\":\"Vejledninger -\",\"isPartOf\":{\"@id\":\"https:\\\/\\\/suresms.com\\\/en\\\/#website\"},\"datePublished\":\"2025-06-06T07:59:08+00:00\",\"dateModified\":\"2025-11-11T10:41:25+00:00\",\"breadcrumb\":{\"@id\":\"https:\\\/\\\/suresms.com\\\/dk\\\/docs\\\/guides\\\/#breadcrumb\"},\"inLanguage\":\"fr-FR\",\"potentialAction\":[{\"@type\":\"ReadAction\",\"target\":[\"https:\\\/\\\/suresms.com\\\/dk\\\/docs\\\/guides\\\/\"]}]},{\"@type\":\"BreadcrumbList\",\"@id\":\"https:\\\/\\\/suresms.com\\\/dk\\\/docs\\\/guides\\\/#breadcrumb\",\"itemListElement\":[{\"@type\":\"ListItem\",\"position\":1,\"name\":\"Home\",\"item\":\"https:\\\/\\\/suresms.com\\\/dk\\\/\"},{\"@type\":\"ListItem\",\"position\":2,\"name\":\"Dokumentation\",\"item\":\"https:\\\/\\\/suresms.com\\\/dk\\\/docs\\\/\"},{\"@type\":\"ListItem\",\"position\":3,\"name\":\"Vejledninger\"}]},{\"@type\":\"WebSite\",\"@id\":\"https:\\\/\\\/suresms.com\\\/en\\\/#website\",\"url\":\"https:\\\/\\\/suresms.com\\\/en\\\/\",\"name\":\"SureSMS\",\"description\":\"Professionel SMS Gateway\",\"publisher\":{\"@id\":\"https:\\\/\\\/suresms.com\\\/en\\\/#organization\"},\"potentialAction\":[{\"@type\":\"SearchAction\",\"target\":{\"@type\":\"EntryPoint\",\"urlTemplate\":\"https:\\\/\\\/suresms.com\\\/en\\\/?s={search_term_string}\"},\"query-input\":{\"@type\":\"PropertyValueSpecification\",\"valueRequired\":true,\"valueName\":\"search_term_string\"}}],\"inLanguage\":\"fr-FR\"},{\"@type\":\"Organization\",\"@id\":\"https:\\\/\\\/suresms.com\\\/en\\\/#organization\",\"name\":\"SureSMS\",\"url\":\"https:\\\/\\\/suresms.com\\\/en\\\/\",\"logo\":{\"@type\":\"ImageObject\",\"inLanguage\":\"fr-FR\",\"@id\":\"https:\\\/\\\/suresms.com\\\/en\\\/#\\\/schema\\\/logo\\\/image\\\/\",\"url\":\"https:\\\/\\\/suresms.com\\\/wp-content\\\/uploads\\\/2024\\\/11\\\/suresms-300x65-1.png\",\"contentUrl\":\"https:\\\/\\\/suresms.com\\\/wp-content\\\/uploads\\\/2024\\\/11\\\/suresms-300x65-1.png\",\"width\":300,\"height\":65,\"caption\":\"SureSMS\"},\"image\":{\"@id\":\"https:\\\/\\\/suresms.com\\\/en\\\/#\\\/schema\\\/logo\\\/image\\\/\"},\"sameAs\":[\"https:\\\/\\\/www.facebook.com\\\/p\\\/SureSMS-100044607956149\\\/\"]}]}<\/script>\r\n<!-- \/ Yoast SEO Premium plugin. -->","yoast_head_json":{"title":"Guides pratiques","robots":{"index":"index","follow":"follow","max-snippet":"max-snippet:-1","max-image-preview":"max-image-preview:large","max-video-preview":"max-video-preview:-1"},"canonical":"https:\/\/suresms.com\/fr\/documents\/guides\/","og_locale":"fr_FR","og_type":"article","og_title":"Vejledninger","og_description":"Guides Her finder du vejledning i ops\u00e6tning af SureSMS. Det er vejledninger der kr\u00e6ver brug af flere funktioner for at f\u00e5 det meste ud af din SureSMS konto. Windows applikation Vil du gerne have en windows applikation i stedet for at skulle logge p\u00e5 en hjemmeside hver gang. Se her hvordan du f\u00e5r det&#8230;. Kommer ... Lire la suite","og_url":"https:\/\/suresms.com\/fr\/documents\/guides\/","article_publisher":"https:\/\/www.facebook.com\/p\/SureSMS-100044607956149\/","article_modified_time":"2025-11-11T10:41:25+00:00","twitter_card":"summary_large_image","twitter_misc":{"Dur\u00e9e de lecture estim\u00e9e":"1 minute"},"schema":{"@context":"https:\/\/schema.org","@graph":[{"@type":"WebPage","@id":"https:\/\/suresms.com\/dk\/docs\/guides\/","url":"https:\/\/suresms.com\/dk\/docs\/guides\/","name":"Guides pratiques","isPartOf":{"@id":"https:\/\/suresms.com\/en\/#website"},"datePublished":"2025-06-06T07:59:08+00:00","dateModified":"2025-11-11T10:41:25+00:00","breadcrumb":{"@id":"https:\/\/suresms.com\/dk\/docs\/guides\/#breadcrumb"},"inLanguage":"fr-FR","potentialAction":[{"@type":"ReadAction","target":["https:\/\/suresms.com\/dk\/docs\/guides\/"]}]},{"@type":"BreadcrumbList","@id":"https:\/\/suresms.com\/dk\/docs\/guides\/#breadcrumb","itemListElement":[{"@type":"ListItem","position":1,"name":"Home","item":"https:\/\/suresms.com\/dk\/"},{"@type":"ListItem","position":2,"name":"Dokumentation","item":"https:\/\/suresms.com\/dk\/docs\/"},{"@type":"ListItem","position":3,"name":"Vejledninger"}]},{"@type":"WebSite","@id":"https:\/\/suresms.com\/en\/#website","url":"https:\/\/suresms.com\/en\/","name":"SureSMS","description":"Passerelle SMS professionnelle","publisher":{"@id":"https:\/\/suresms.com\/en\/#organization"},"potentialAction":[{"@type":"SearchAction","target":{"@type":"EntryPoint","urlTemplate":"https:\/\/suresms.com\/en\/?s={search_term_string}"},"query-input":{"@type":"PropertyValueSpecification","valueRequired":true,"valueName":"search_term_string"}}],"inLanguage":"fr-FR"},{"@type":"Organization","@id":"https:\/\/suresms.com\/en\/#organization","name":"SureSMS","url":"https:\/\/suresms.com\/en\/","logo":{"@type":"ImageObject","inLanguage":"fr-FR","@id":"https:\/\/suresms.com\/en\/#\/schema\/logo\/image\/","url":"https:\/\/suresms.com\/wp-content\/uploads\/2024\/11\/suresms-300x65-1.png","contentUrl":"https:\/\/suresms.com\/wp-content\/uploads\/2024\/11\/suresms-300x65-1.png","width":300,"height":65,"caption":"SureSMS"},"image":{"@id":"https:\/\/suresms.com\/en\/#\/schema\/logo\/image\/"},"sameAs":["https:\/\/www.facebook.com\/p\/SureSMS-100044607956149\/"]}]}},"_links":{"self":[{"href":"https:\/\/suresms.com\/fr\/wp-json\/wp\/v2\/pages\/23423","targetHints":{"allow":["GET"]}}],"collection":[{"href":"https:\/\/suresms.com\/fr\/wp-json\/wp\/v2\/pages"}],"about":[{"href":"https:\/\/suresms.com\/fr\/wp-json\/wp\/v2\/types\/page"}],"author":[{"embeddable":true,"href":"https:\/\/suresms.com\/fr\/wp-json\/wp\/v2\/users\/1"}],"replies":[{"embeddable":true,"href":"https:\/\/suresms.com\/fr\/wp-json\/wp\/v2\/comments?post=23423"}],"version-history":[{"count":6,"href":"https:\/\/suresms.com\/fr\/wp-json\/wp\/v2\/pages\/23423\/revisions"}],"predecessor-version":[{"id":23538,"href":"https:\/\/suresms.com\/fr\/wp-json\/wp\/v2\/pages\/23423\/revisions\/23538"}],"up":[{"embeddable":true,"href":"https:\/\/suresms.com\/fr\/wp-json\/wp\/v2\/pages\/18121"}],"wp:attachment":[{"href":"https:\/\/suresms.com\/fr\/wp-json\/wp\/v2\/media?parent=23423"}],"wp:term":[{"taxonomy":"category","embeddable":true,"href":"https:\/\/suresms.com\/fr\/wp-json\/wp\/v2\/categories?post=23423"},{"taxonomy":"post_tag","embeddable":true,"href":"https:\/\/suresms.com\/fr\/wp-json\/wp\/v2\/tags?post=23423"}],"curies":[{"name":"wp","href":"https:\/\/api.w.org\/{rel}","templated":true}]}}