{"id":2043,"date":"2016-02-29T16:51:29","date_gmt":"2016-02-29T14:51:29","guid":{"rendered":"https:\/\/www.suresms.com\/dk\/?page_id=2043"},"modified":"2025-01-04T23:56:41","modified_gmt":"2025-01-04T23:56:41","slug":"cookies-et-politique-de-la-vie-privee-suresmes","status":"publish","type":"page","link":"https:\/\/suresms.com\/fr\/politikker\/cookie-og-privatlivspolitik-suresms\/","title":{"rendered":"Politique en mati\u00e8re de cookies et de respect de la vie priv\u00e9e pour SureSMS"},"content":{"rendered":"<h1>\n\t\tSureSMS ApS - Politique en mati\u00e8re de cookies et de confidentialit\u00e9\n\t<\/h1>\n\t\t\t\t<img loading=\"lazy\" decoding=\"async\" src=\"https:\/\/suresms.com\/wp-content\/uploads\/2016\/02\/cookies-pc-550x281-1.jpg\" alt=\"pc cookies 550x281\" itemprop=\"image\" height=\"281\" width=\"550\" title=\"pc cookies 550x281\" onerror=\"this.style.display='none'\"  \/>\n\t<h4>\u00a0<\/h4>\n<h4><strong>\u00c0 propos des cookies<\/strong><\/h4>\n<p><strong>\"Un cookie est un petit fichier texte stock\u00e9 dans votre navigateur afin de reconna\u00eetre votre ordinateur lors de vos prochaines visites. Aucune information personnelle n'est stock\u00e9e dans nos cookies et ils ne peuvent PAS contenir de virus.\"<\/strong><\/p>\n<p>\u00a0<\/p>\n\t<h4>Notre site Internet utilise des cookies aux fins suivantes :<\/h4>\n<ul>\n<li>Fonctionnalit\u00e9 technique permettant de m\u00e9moriser vos pr\u00e9f\u00e9rences.<\/li>\n<li>Mesure du trafic afin de savoir combien de personnes visitent notre site et comment elles l'utilisent.<\/li>\n<li>Nous nous souvenons de votre acceptation des cookies afin de ne pas vous le demander \u00e0 chaque fois que vous visitez nos sites.<\/li>\n<\/ul>\n\t\t<h4>Ce site web est fourni par :<\/h4><strong>SureSMS ApS<br \/>\n<\/strong>Industrialholmen 82<br \/>\n2650 Hvidovre, Danemark<br \/>\nT\u00e9l\u00e9phone : 50 322 322<br \/>\nCourriel : <a href=\"mailto:info@suresms.com\">info@suresms.com<\/a>\n\t<h4><strong>\u00c0 quoi servent les cookies sur notre site web ?<\/strong><\/h4>\n<p>Les cookies sont utilis\u00e9s pour conserver des statistiques sur le nombre d'utilisateurs, le contenu affich\u00e9 et des informations sur la g\u00e9ographie et les int\u00e9r\u00eats de nos utilisateurs afin de personnaliser le contenu et la publicit\u00e9 en cons\u00e9quence. Nous utilisons \u00e9galement un cookie pour m\u00e9moriser votre acceptation des cookies lorsque vous changez de page.<\/p>\n<p>Vous trouverez un aper\u00e7u de nos cookies dans le tableau ci-dessous :<\/p>\n<table border=\"1\">\n<tbody>\n<tr>\n<td><strong>Description<\/strong><\/td>\n<td><strong>Contient<br \/> personnel<br \/> l'information<\/strong><\/td>\n<td><strong>Contenu<\/strong><\/td>\n<td><strong>Comment l'utiliser ?<\/strong><\/td>\n<td><strong>Supprim\u00e9<br \/> apr\u00e8s<\/strong><\/td>\n<\/tr>\n<tr>\n<td>Cookie de session<\/td>\n<td>Non, vous ne pouvez pas.<\/td>\n<td>Cl\u00e9 al\u00e9atoire g\u00e9n\u00e9r\u00e9e par notre serveur.<\/td>\n<td>N\u00e9cessaire pour vous servir en tant que client.<\/td>\n<td>Lorsque vous fermez votre navigateur<\/td>\n<\/tr>\n<tr>\n<td>Accepter les cookies\" cookie<\/td>\n<td>Non, vous ne pouvez pas.<\/td>\n<td>Stock\u00e9 sur votre ordinateur lorsque vous acceptez nos cookies.<\/td>\n<td>N\u00e9cessaire pour que vous n'ayez pas \u00e0 accepter les cookies \u00e0 chaque fois que vous visitez notre site web.<\/td>\n<td>10 ans<\/td>\n<\/tr>\n<tr>\n<td>Google Analytics<\/td>\n<td>Non, vous ne pouvez pas.<\/td>\n<td>Un identifiant unique g\u00e9n\u00e9r\u00e9 par Google Analytics.<\/td>\n<td>N\u00e9cessaire \u00e0 Google Analytics pour \u00e9tablir des statistiques sur l'utilisation de notre site web.<\/td>\n<td>\u00a02 ans<\/td>\n<\/tr>\n<tr>\n<td>Biscuit Olark<\/td>\n<td>Non, vous ne pouvez pas.<\/td>\n<td>Un identifiant unique g\u00e9n\u00e9r\u00e9 par Olark.<\/td>\n<td>N\u00e9cessaire pour fournir \u00e0 nos utilisateurs un service de chat en ligne.<\/td>\n<td>Lorsque vous fermez votre navigateur<\/td>\n<\/tr>\n<\/tbody>\n<\/table>\n<p>\u00a0<\/p>\n\t<p><strong>Comment supprimer les cookies<\/strong><\/p>\n<p>Voir les instructions ici :\u00a0<a href=\"http:\/\/minecookies.org\/cookiehandtering\">http:\/\/minecookies.org\/cookiehandtering<\/a><\/p>\n<p><strong>Comment \u00e9viter les cookies ?<\/strong><\/p>\n<p>Si vous ne souhaitez pas recevoir de cookies, vous pouvez les bloquer. Voir les instructions ici :<a href=\"http:\/\/minecookies.org\/cookiehandtering\">http:\/\/minecookies.org\/cookiehandtering<\/a>.<\/p>\n<p><strong>Utilisation des donn\u00e9es personnelles<\/strong><\/p>\n<p>Les donn\u00e9es personnelles ne sont jamais divulgu\u00e9es \u00e0 des tiers, \u00e0 moins que vous n'y consentiez explicitement, et nous ne recueillons jamais de donn\u00e9es personnelles \u00e0 moins que vous ne nous ayez fourni ces informations par le biais d'une inscription, d'un achat ou d'une participation \u00e0 une enqu\u00eate, etc.<\/p>\n<p>Les donn\u00e9es personnelles sont utilis\u00e9es pour r\u00e9aliser l'achat ou le service pour lequel elles ont \u00e9t\u00e9 collect\u00e9es. Les informations sont \u00e9galement utilis\u00e9es pour en savoir plus sur vous et sur les autres utilisateurs du site web.<\/p>\n<p><strong>Contact pour les donn\u00e9es personnelles<\/strong><\/p>\n<p>Si vous souhaitez acc\u00e9der aux informations enregistr\u00e9es par SureSMS \u00e0 votre sujet, veuillez nous contacter \u00e0 l'adresse suivante\u00a0<a href=\"mailto:info@suresms.com\">info@suresms.com<\/a> Si des donn\u00e9es incorrectes ont \u00e9t\u00e9 enregistr\u00e9es ou si vous avez d'autres objections, vous pouvez vous adresser au m\u00eame endroit. Vous avez la possibilit\u00e9 de conna\u00eetre les informations enregistr\u00e9es \u00e0 votre sujet et vous pouvez vous opposer \u00e0 un enregistrement conform\u00e9ment aux r\u00e8gles de la loi sur les donn\u00e9es \u00e0 caract\u00e8re personnel.<\/p>\n<p><strong>Protection des donn\u00e9es personnelles<\/strong><\/p>\n<p>Conform\u00e9ment \u00e0 la loi sur les donn\u00e9es personnelles, vos informations personnelles doivent \u00eatre conserv\u00e9es de mani\u00e8re s\u00fbre et confidentielle. Nous stockons vos donn\u00e9es personnelles sur des ordinateurs \u00e0 acc\u00e8s restreint situ\u00e9s dans des installations contr\u00f4l\u00e9es, et nos mesures de s\u00e9curit\u00e9 sont continuellement contr\u00f4l\u00e9es afin de d\u00e9terminer si les informations de nos utilisateurs sont trait\u00e9es en toute s\u00e9curit\u00e9 et dans le respect constant de vos droits en tant qu'utilisateur. Toutefois, nous ne pouvons pas garantir \u00e0 100 % la s\u00e9curit\u00e9 des transferts de donn\u00e9es sur l'internet. Cela signifie qu'il peut y avoir un risque d'acc\u00e8s non autoris\u00e9 aux informations lorsque les donn\u00e9es sont envoy\u00e9es et stock\u00e9es \u00e9lectroniquement. Vous fournissez donc vos donn\u00e9es personnelles \u00e0 vos propres risques.<\/p>\n<p>L'\u00e9volution rapide de l'internet rend n\u00e9cessaire la modification de notre traitement des donn\u00e9es \u00e0 caract\u00e8re personnel. Nous nous r\u00e9servons donc le droit d'actualiser et de modifier les pr\u00e9sentes lignes directrices relatives au traitement des donn\u00e9es \u00e0 caract\u00e8re personnel. Dans ce cas, nous corrigerons bien entendu la date de \"derni\u00e8re mise \u00e0 jour\" figurant au bas de la page. En cas de modifications importantes, nous vous en informerons sous la forme d'un avis visible sur notre site web.<\/p>\n<p>Dans la mesure o\u00f9 des donn\u00e9es personnelles vous concernant sont trait\u00e9es, vous avez le droit, en vertu de la loi sur les donn\u00e9es personnelles, d'\u00eatre inform\u00e9 des donn\u00e9es personnelles qui peuvent vous \u00eatre attribu\u00e9es. S'il s'av\u00e8re que les informations ou donn\u00e9es trait\u00e9es \u00e0 votre sujet sont incorrectes ou trompeuses, vous avez le droit d'exiger qu'elles soient corrig\u00e9es, supprim\u00e9es ou bloqu\u00e9es. Vous pouvez \u00e0 tout moment vous opposer au traitement des informations vous concernant. Vous pouvez \u00e9galement retirer votre consentement \u00e0 tout moment. Vous avez le droit de vous plaindre du traitement des informations et des donn\u00e9es vous concernant. Les plaintes sont d\u00e9pos\u00e9es aupr\u00e8s de l'Agence danoise de protection des donn\u00e9es, conform\u00e9ment \u00e0 l'article 58, paragraphe 1, de la loi sur les donn\u00e9es personnelles.<\/p>\n<p><strong>Cette politique en mati\u00e8re de cookies et de protection de la vie priv\u00e9e est bas\u00e9e sur un mod\u00e8le de Minecookies.org et a \u00e9t\u00e9 mise \u00e0 jour pour la derni\u00e8re fois le 1\/3 2016.<\/strong><\/p>","protected":false},"excerpt":{"rendered":"<p>SureSMS ApS - Politique en mati\u00e8re de cookies et de confidentialit\u00e9 \u00c0 propos des cookies \"Un cookie est un petit fichier texte qui est stock\u00e9 dans votre navigateur afin de reconna\u00eetre votre ordinateur lors de vos prochaines visites. Aucune information personnelle n'est stock\u00e9e dans nos cookies et ils ne peuvent PAS contenir de virus.\"   Notre site web utilise des cookies aux fins suivantes : Fonctionnalit\u00e9 technique afin que... <a title=\"Politique en mati\u00e8re de cookies et de respect de la vie priv\u00e9e pour SureSMS\" class=\"read-more\" href=\"https:\/\/suresms.com\/fr\/politikker\/cookie-og-privatlivspolitik-suresms\/\" aria-label=\"En savoir plus sur Cookie- og privatlivspolitik for SureSMS\">En savoir plus<\/a><\/p>","protected":false},"author":1,"featured_media":0,"parent":19124,"menu_order":1,"comment_status":"closed","ping_status":"closed","template":"","meta":{"_fl_builder_enabled":"1","_fl_builder_data":null,"_fl_builder_draft":null,"_fl_builder_data_settings":null,"_fl_builder_css":"","_fl_builder_css_version":"","_fl_builder_js":"","footnotes":""},"categories":[],"tags":[],"class_list":["post-2043","page","type-page","status-publish"],"yoast_head":"<!-- This site is optimized with the Yoast SEO Premium plugin v27.3 (Yoast SEO v27.3) - https:\/\/yoast.com\/product\/yoast-seo-premium-wordpress\/ -->\r\n<title>Cookie- og privatlivspolitik for SureSMS -<\/title>\r\n<meta name=\"description\" content=\"Cookie og privatlivspolitik for SureSMS, Hvordan vi bruger cookies p\u00e5 SureSMS website, Vi deler ikke cookies med 3. part.\" \/>\r\n<meta name=\"robots\" content=\"index, follow, max-snippet:-1, max-image-preview:large, max-video-preview:-1\" \/>\r\n<link rel=\"canonical\" href=\"https:\/\/suresms.com\/fr\/caracteristiques-2\/cookies-et-politique-de-la-vie-privee-suresmes\/\" \/>\r\n<meta property=\"og:locale\" content=\"fr_FR\" \/>\r\n<meta property=\"og:type\" content=\"article\" \/>\r\n<meta property=\"og:title\" content=\"Cookie- og privatlivspolitik for SureSMS\" \/>\r\n<meta property=\"og:description\" content=\"Cookie og privatlivspolitik for SureSMS, Hvordan vi bruger cookies p\u00e5 SureSMS website, Vi deler ikke cookies med 3. part.\" \/>\r\n<meta property=\"og:url\" content=\"https:\/\/suresms.com\/fr\/caracteristiques-2\/cookies-et-politique-de-la-vie-privee-suresmes\/\" \/>\r\n<meta property=\"article:publisher\" content=\"https:\/\/www.facebook.com\/p\/SureSMS-100044607956149\/\" \/>\r\n<meta property=\"article:modified_time\" content=\"2025-01-04T23:56:41+00:00\" \/>\r\n<meta property=\"og:image\" content=\"https:\/\/suresms.com\/wp-content\/uploads\/2016\/02\/cookies-pc-550x281-1.jpg\" \/>\r\n<meta name=\"twitter:card\" content=\"summary_large_image\" \/>\r\n<meta name=\"twitter:label1\" content=\"Dur\u00e9e de lecture estim\u00e9e\" \/>\n\t<meta name=\"twitter:data1\" content=\"4 minutes\" \/>\r\n<script type=\"application\/ld+json\" class=\"yoast-schema-graph\">{\"@context\":\"https:\\\/\\\/schema.org\",\"@graph\":[{\"@type\":\"WebPage\",\"@id\":\"https:\\\/\\\/suresms.com\\\/politikker\\\/cookie-og-privatlivspolitik-suresms\\\/\",\"url\":\"https:\\\/\\\/suresms.com\\\/politikker\\\/cookie-og-privatlivspolitik-suresms\\\/\",\"name\":\"Cookie- og privatlivspolitik for SureSMS -\",\"isPartOf\":{\"@id\":\"https:\\\/\\\/suresms.com\\\/en\\\/#website\"},\"primaryImageOfPage\":{\"@id\":\"https:\\\/\\\/suresms.com\\\/politikker\\\/cookie-og-privatlivspolitik-suresms\\\/#primaryimage\"},\"image\":{\"@id\":\"https:\\\/\\\/suresms.com\\\/politikker\\\/cookie-og-privatlivspolitik-suresms\\\/#primaryimage\"},\"thumbnailUrl\":\"https:\\\/\\\/suresms.com\\\/wp-content\\\/uploads\\\/2016\\\/02\\\/cookies-pc-550x281-1.jpg\",\"datePublished\":\"2016-02-29T14:51:29+00:00\",\"dateModified\":\"2025-01-04T23:56:41+00:00\",\"description\":\"Cookie og privatlivspolitik for SureSMS, Hvordan vi bruger cookies p\u00e5 SureSMS website, Vi deler ikke cookies med 3. part.\",\"breadcrumb\":{\"@id\":\"https:\\\/\\\/suresms.com\\\/politikker\\\/cookie-og-privatlivspolitik-suresms\\\/#breadcrumb\"},\"inLanguage\":\"fr-FR\",\"potentialAction\":[{\"@type\":\"ReadAction\",\"target\":[\"https:\\\/\\\/suresms.com\\\/politikker\\\/cookie-og-privatlivspolitik-suresms\\\/\"]}]},{\"@type\":\"ImageObject\",\"inLanguage\":\"fr-FR\",\"@id\":\"https:\\\/\\\/suresms.com\\\/politikker\\\/cookie-og-privatlivspolitik-suresms\\\/#primaryimage\",\"url\":\"https:\\\/\\\/suresms.com\\\/wp-content\\\/uploads\\\/2016\\\/02\\\/cookies-pc-550x281-1.jpg\",\"contentUrl\":\"https:\\\/\\\/suresms.com\\\/wp-content\\\/uploads\\\/2016\\\/02\\\/cookies-pc-550x281-1.jpg\"},{\"@type\":\"BreadcrumbList\",\"@id\":\"https:\\\/\\\/suresms.com\\\/politikker\\\/cookie-og-privatlivspolitik-suresms\\\/#breadcrumb\",\"itemListElement\":[{\"@type\":\"ListItem\",\"position\":1,\"name\":\"Home\",\"item\":\"https:\\\/\\\/suresms.com\\\/dk\\\/\"},{\"@type\":\"ListItem\",\"position\":2,\"name\":\"Politikker\",\"item\":\"https:\\\/\\\/suresms.com\\\/politikker\\\/\"},{\"@type\":\"ListItem\",\"position\":3,\"name\":\"Cookie- og privatlivspolitik for SureSMS\"}]},{\"@type\":\"WebSite\",\"@id\":\"https:\\\/\\\/suresms.com\\\/en\\\/#website\",\"url\":\"https:\\\/\\\/suresms.com\\\/en\\\/\",\"name\":\"SureSMS\",\"description\":\"Professionel SMS Gateway\",\"publisher\":{\"@id\":\"https:\\\/\\\/suresms.com\\\/en\\\/#organization\"},\"potentialAction\":[{\"@type\":\"SearchAction\",\"target\":{\"@type\":\"EntryPoint\",\"urlTemplate\":\"https:\\\/\\\/suresms.com\\\/en\\\/?s={search_term_string}\"},\"query-input\":{\"@type\":\"PropertyValueSpecification\",\"valueRequired\":true,\"valueName\":\"search_term_string\"}}],\"inLanguage\":\"fr-FR\"},{\"@type\":\"Organization\",\"@id\":\"https:\\\/\\\/suresms.com\\\/en\\\/#organization\",\"name\":\"SureSMS\",\"url\":\"https:\\\/\\\/suresms.com\\\/en\\\/\",\"logo\":{\"@type\":\"ImageObject\",\"inLanguage\":\"fr-FR\",\"@id\":\"https:\\\/\\\/suresms.com\\\/en\\\/#\\\/schema\\\/logo\\\/image\\\/\",\"url\":\"https:\\\/\\\/suresms.com\\\/wp-content\\\/uploads\\\/2024\\\/11\\\/suresms-300x65-1.png\",\"contentUrl\":\"https:\\\/\\\/suresms.com\\\/wp-content\\\/uploads\\\/2024\\\/11\\\/suresms-300x65-1.png\",\"width\":300,\"height\":65,\"caption\":\"SureSMS\"},\"image\":{\"@id\":\"https:\\\/\\\/suresms.com\\\/en\\\/#\\\/schema\\\/logo\\\/image\\\/\"},\"sameAs\":[\"https:\\\/\\\/www.facebook.com\\\/p\\\/SureSMS-100044607956149\\\/\"]}]}<\/script>\r\n<!-- \/ Yoast SEO Premium plugin. -->","yoast_head_json":{"title":"Politique de SureSMS en mati\u00e8re de cookies et de confidentialit\u00e9 - SureSMS","description":"Politique en mati\u00e8re de cookies et de respect de la vie priv\u00e9e pour SureSMS, Comment nous utilisons les cookies sur le site Web de SureSMS, Nous ne partageons pas les cookies avec des tiers.","robots":{"index":"index","follow":"follow","max-snippet":"max-snippet:-1","max-image-preview":"max-image-preview:large","max-video-preview":"max-video-preview:-1"},"canonical":"https:\/\/suresms.com\/fr\/caracteristiques-2\/cookies-et-politique-de-la-vie-privee-suresmes\/","og_locale":"fr_FR","og_type":"article","og_title":"Cookie- og privatlivspolitik for SureSMS","og_description":"Cookie og privatlivspolitik for SureSMS, Hvordan vi bruger cookies p\u00e5 SureSMS website, Vi deler ikke cookies med 3. part.","og_url":"https:\/\/suresms.com\/fr\/caracteristiques-2\/cookies-et-politique-de-la-vie-privee-suresmes\/","article_publisher":"https:\/\/www.facebook.com\/p\/SureSMS-100044607956149\/","article_modified_time":"2025-01-04T23:56:41+00:00","og_image":[{"url":"https:\/\/suresms.com\/wp-content\/uploads\/2016\/02\/cookies-pc-550x281-1.jpg","type":"","width":"","height":""}],"twitter_card":"summary_large_image","twitter_misc":{"Dur\u00e9e de lecture estim\u00e9e":"4 minutes"},"schema":{"@context":"https:\/\/schema.org","@graph":[{"@type":"WebPage","@id":"https:\/\/suresms.com\/politikker\/cookie-og-privatlivspolitik-suresms\/","url":"https:\/\/suresms.com\/politikker\/cookie-og-privatlivspolitik-suresms\/","name":"Politique de SureSMS en mati\u00e8re de cookies et de confidentialit\u00e9 - SureSMS","isPartOf":{"@id":"https:\/\/suresms.com\/en\/#website"},"primaryImageOfPage":{"@id":"https:\/\/suresms.com\/politikker\/cookie-og-privatlivspolitik-suresms\/#primaryimage"},"image":{"@id":"https:\/\/suresms.com\/politikker\/cookie-og-privatlivspolitik-suresms\/#primaryimage"},"thumbnailUrl":"https:\/\/suresms.com\/wp-content\/uploads\/2016\/02\/cookies-pc-550x281-1.jpg","datePublished":"2016-02-29T14:51:29+00:00","dateModified":"2025-01-04T23:56:41+00:00","description":"Politique en mati\u00e8re de cookies et de respect de la vie priv\u00e9e pour SureSMS, Comment nous utilisons les cookies sur le site Web de SureSMS, Nous ne partageons pas les cookies avec des tiers.","breadcrumb":{"@id":"https:\/\/suresms.com\/politikker\/cookie-og-privatlivspolitik-suresms\/#breadcrumb"},"inLanguage":"fr-FR","potentialAction":[{"@type":"ReadAction","target":["https:\/\/suresms.com\/politikker\/cookie-og-privatlivspolitik-suresms\/"]}]},{"@type":"ImageObject","inLanguage":"fr-FR","@id":"https:\/\/suresms.com\/politikker\/cookie-og-privatlivspolitik-suresms\/#primaryimage","url":"https:\/\/suresms.com\/wp-content\/uploads\/2016\/02\/cookies-pc-550x281-1.jpg","contentUrl":"https:\/\/suresms.com\/wp-content\/uploads\/2016\/02\/cookies-pc-550x281-1.jpg"},{"@type":"BreadcrumbList","@id":"https:\/\/suresms.com\/politikker\/cookie-og-privatlivspolitik-suresms\/#breadcrumb","itemListElement":[{"@type":"ListItem","position":1,"name":"Home","item":"https:\/\/suresms.com\/dk\/"},{"@type":"ListItem","position":2,"name":"Politikker","item":"https:\/\/suresms.com\/politikker\/"},{"@type":"ListItem","position":3,"name":"Cookie- og privatlivspolitik for SureSMS"}]},{"@type":"WebSite","@id":"https:\/\/suresms.com\/en\/#website","url":"https:\/\/suresms.com\/en\/","name":"SureSMS","description":"Passerelle SMS professionnelle","publisher":{"@id":"https:\/\/suresms.com\/en\/#organization"},"potentialAction":[{"@type":"SearchAction","target":{"@type":"EntryPoint","urlTemplate":"https:\/\/suresms.com\/en\/?s={search_term_string}"},"query-input":{"@type":"PropertyValueSpecification","valueRequired":true,"valueName":"search_term_string"}}],"inLanguage":"fr-FR"},{"@type":"Organization","@id":"https:\/\/suresms.com\/en\/#organization","name":"SureSMS","url":"https:\/\/suresms.com\/en\/","logo":{"@type":"ImageObject","inLanguage":"fr-FR","@id":"https:\/\/suresms.com\/en\/#\/schema\/logo\/image\/","url":"https:\/\/suresms.com\/wp-content\/uploads\/2024\/11\/suresms-300x65-1.png","contentUrl":"https:\/\/suresms.com\/wp-content\/uploads\/2024\/11\/suresms-300x65-1.png","width":300,"height":65,"caption":"SureSMS"},"image":{"@id":"https:\/\/suresms.com\/en\/#\/schema\/logo\/image\/"},"sameAs":["https:\/\/www.facebook.com\/p\/SureSMS-100044607956149\/"]}]}},"_links":{"self":[{"href":"https:\/\/suresms.com\/fr\/wp-json\/wp\/v2\/pages\/2043","targetHints":{"allow":["GET"]}}],"collection":[{"href":"https:\/\/suresms.com\/fr\/wp-json\/wp\/v2\/pages"}],"about":[{"href":"https:\/\/suresms.com\/fr\/wp-json\/wp\/v2\/types\/page"}],"author":[{"embeddable":true,"href":"https:\/\/suresms.com\/fr\/wp-json\/wp\/v2\/users\/1"}],"replies":[{"embeddable":true,"href":"https:\/\/suresms.com\/fr\/wp-json\/wp\/v2\/comments?post=2043"}],"version-history":[{"count":7,"href":"https:\/\/suresms.com\/fr\/wp-json\/wp\/v2\/pages\/2043\/revisions"}],"predecessor-version":[{"id":20990,"href":"https:\/\/suresms.com\/fr\/wp-json\/wp\/v2\/pages\/2043\/revisions\/20990"}],"up":[{"embeddable":true,"href":"https:\/\/suresms.com\/fr\/wp-json\/wp\/v2\/pages\/19124"}],"wp:attachment":[{"href":"https:\/\/suresms.com\/fr\/wp-json\/wp\/v2\/media?parent=2043"}],"wp:term":[{"taxonomy":"category","embeddable":true,"href":"https:\/\/suresms.com\/fr\/wp-json\/wp\/v2\/categories?post=2043"},{"taxonomy":"post_tag","embeddable":true,"href":"https:\/\/suresms.com\/fr\/wp-json\/wp\/v2\/tags?post=2043"}],"curies":[{"name":"wp","href":"https:\/\/api.w.org\/{rel}","templated":true}]}}