{"id":19503,"date":"2024-12-17T07:15:09","date_gmt":"2024-12-17T07:15:09","guid":{"rendered":"https:\/\/suresms.com\/?page_id=19503"},"modified":"2024-12-17T07:17:33","modified_gmt":"2024-12-17T07:17:33","slug":"sms-internationaux-2","status":"publish","type":"page","link":"https:\/\/suresms.com\/fr\/funktioner\/hlr-opslag\/","title":{"rendered":"Stockage CPR"},"content":{"rendered":"\n\n\t\t\t\t<!-- Flexy Breadcrumb -->\r\n\t\t\t<div class=\"fbc fbc-page\">\r\n\r\n\t\t\t\t<!-- Breadcrumb wrapper -->\r\n\t\t\t\t<div class=\"fbc-wrap\">\r\n\r\n\t\t\t\t\t<!-- Ordered list-->\r\n\t\t\t\t\t<ol class=\"fbc-items\" itemscope itemtype=\"https:\/\/schema.org\/BreadcrumbList\">\r\n\t\t\t\t\t\t            <li itemprop=\"itemListElement\" itemscope itemtype=\"https:\/\/schema.org\/ListItem\">\r\n                <span itemprop=\"name\">\r\n                    <!-- Home Link -->\r\n                    <a itemprop=\"item\" href=\"https:\/\/suresms.com\">\r\n                    \r\n                                                    <i class=\"fa fa-home\" aria-hidden=\"true\"><\/i>Home                    <\/a>\r\n                <\/span>\r\n                <meta itemprop=\"position\" content=\"1\" \/><!-- Meta Position-->\r\n             <\/li><li><span class=\"fbc-separator\">\/<\/span><\/li><li class=\"active\" itemprop=\"itemListElement\" itemscope itemtype=\"https:\/\/schema.org\/ListItem\"><span itemprop=\"name\" title=\"HLR Opslag\">HLR Opslag<\/span><meta itemprop=\"position\" content=\"2\" \/><\/li>\t\t\t\t\t<\/ol>\r\n\t\t\t\t\t<div class=\"clearfix\"><\/div>\r\n\t\t\t\t<\/div>\r\n\t\t\t<\/div>\r\n\t\t\t\n<h1>\n\t\tHLR Opslag\n\t<\/h1>\n\t<p>Med et HLR-opslag kan du nemt og hurtigt se, om et mobilnummer er i brug og hvilken operat\u00f8r det benytter.\u00a0Du kan foretage et HLR opslag direkte fra din browser, hvis du har en konto hos SureSMS. Prisen er\u00a0kun 2 \u00f8re\u00a0pr. HLR opslag .<\/p>\n<p>HLR st\u00e5r for &#8220;Home Location Register&#8221; og er kernen i GSM netv\u00e6rket. HLR er den centrale database for alle kunder, der er godkendt til at bruge GSM netv\u00e6rket.<\/p>\n<p>Realtidsinformationer er ofte vigtige, n\u00e5r man sender SMS beskeder, og med et HLR opslag f\u00e5r du at vide &#8211; i realtid &#8211; om telefonnummeret du s\u00f8ger p\u00e5 findes. Det kan spare dig for at sende og betale beskeder, som rent faktisk ikke n\u00e5r frem.<\/p>\nGlobal HLR service<br \/>\nVi leverer en international SMS-service for professionelle virksomheder, udviklere og brugere. Derfor er vores HLR service selvf\u00f8lgelig ogs\u00e5 et globalt v\u00e6rkt\u00f8j. Prisen for dine HLR-opslag er den samme uanset, i hvilket land operat\u00f8ren er baseret.\n<h2>TIPS! &#8211; S\u00e5dan bruger vores kunder HLR opslag:<\/h2>\n<ul>\n<li>\n<h4>En kunde bruger HLR-opslag til at <strong>validere<\/strong> de brugere, som tilmelder sig hans <strong>nyhedsbrev<\/strong> inden han sender.<\/h4>\n<\/li>\n<li>\n<h4>En anden kunde skal sende rigtigt mange beskeder til samme nummer, men inden&#8230; tjekker han lige <strong>om nummeret rent faktisk findes<\/strong>. Hvis ikke &#8211; \u00a0koster det ham meget mere end 2 \u00f8re!<\/h4>\n<\/li>\n<li>\n<h4>En tredje kunde bruger det til at <strong>m\u00e5lrette markedsf\u00f8ring<\/strong>.\u00a0Han ved, at CBB&#8217;s kunder generelt er yngre end TDC&#8217;s, og kan s\u00e5ledes bedre ramme sin m\u00e5lgruppe ved kun at sende ud til nogle operat\u00f8rers mobilnumre.<\/h4>\n<\/li>\n<\/ul>\n<h3>S\u00e5dan laver du HLR opslag med SureSMS<\/h3>\n<p><strong>Brug f\u00f8lgende link, til at foretage opslag:<\/strong><\/p>\n<p>https:\/\/www.suresms.com\/script\/hlr.aspx?username=&#038;password=[password]&#038;to=[phonenumber]<\/p>\n<p>Eksempel:ved <strong>Bruger<\/strong>: &#8220;Cykelsmed&#8221; og <strong>kode<\/strong>: &#8220;batavus&#8221; kan du sl\u00e5 nummeret 40818824 op s\u00e5ledes:<\/p>\n<p>https:\/\/www.suresms.com\/script\/hlr.aspx?username=Cykelsmed&#038;password=batavus&#038;to=4540818824<\/p>\n\t<h3>Retursvar<\/h3>\n<p><strong>Det svar du f\u00e5r retur fra dit HLR opslag, kan se s\u00e5dan ud:<\/strong><\/p>\n<p>COUNTRY=Denmark(+45) MCC=238 MNC=02 LOCATION=45406997 IMSI=238021900000000 OPERATOR=Telenor<\/p>\n<p>N\u00e5r du modtager retursvar, kan den indeholde en r\u00e6kke koder. For at afkode, se tabellen i\u00a0<a href=\"https:\/\/en.wikipedia.org\/wiki\/Mobile_country_code\">wiki link<\/a>. L\u00e6s om<a href=\"https:\/\/en.wikipedia.org\/wiki\/International_mobile_subscriber_identity\">\u00a0IMSI nummeret<\/a>\u00a0her.<\/p>\n\n","protected":false},"excerpt":{"rendered":"<p>Recherche CPR Avec une recherche CPR, vous pouvez rapidement et facilement voir si un num\u00e9ro de t\u00e9l\u00e9phone mobile est utilis\u00e9 et quel op\u00e9rateur il utilise. Vous pouvez effectuer une recherche CPR directement \u00e0 partir de votre navigateur si vous avez un compte chez SureSMS. Le co\u00fbt n'est que de 2 \u00f8re par recherche CPR. HLR est l'abr\u00e9viation de \"Home Location Register\" et constitue le c\u0153ur de ... <a title=\"Stockage CPR\" class=\"read-more\" href=\"https:\/\/suresms.com\/fr\/funktioner\/hlr-opslag\/\" aria-label=\"Plus d&#039;informations sur HLR Opslag\">En savoir plus<\/a><\/p>","protected":false},"author":1,"featured_media":0,"parent":958,"menu_order":6,"comment_status":"closed","ping_status":"closed","template":"","meta":{"_fl_builder_enabled":"1","_fl_builder_data":null,"_fl_builder_draft":null,"_fl_builder_data_settings":null,"_fl_builder_css":"","_fl_builder_css_version":"","_fl_builder_js":"","footnotes":""},"categories":[17],"tags":[],"class_list":{"0":"post-19503","1":"page","2":"type-page","3":"status-publish","5":"category-linkfracornorstone"},"yoast_head":"<!-- This site is optimized with the Yoast SEO Premium plugin v27.5 (Yoast SEO v27.5) - https:\/\/yoast.com\/product\/yoast-seo-premium-wordpress\/ -->\r\n<title>International Gateway \u2192 Effektivt og nemt system at anvende<\/title>\r\n<meta name=\"description\" content=\"International Gateway og professionel SMS Gateway services f\u00e5s her. F\u00e5 hurtig kontakt til dine kunder med effektive l\u00f8sninger.\" \/>\r\n<meta name=\"robots\" content=\"index, follow, max-snippet:-1, max-image-preview:large, max-video-preview:-1\" \/>\r\n<link rel=\"canonical\" href=\"https:\/\/suresms.com\/fr\/caracteristiques\/sms-internationaux-2\/\" \/>\r\n<meta property=\"og:locale\" content=\"fr_FR\" \/>\r\n<meta property=\"og:type\" content=\"article\" \/>\r\n<meta property=\"og:title\" content=\"HLR Opslag\" \/>\r\n<meta property=\"og:description\" content=\"International Gateway og professionel SMS Gateway services f\u00e5s her. F\u00e5 hurtig kontakt til dine kunder med effektive l\u00f8sninger.\" \/>\r\n<meta property=\"og:url\" content=\"https:\/\/suresms.com\/fr\/caracteristiques\/sms-internationaux-2\/\" \/>\r\n<meta property=\"article:publisher\" content=\"https:\/\/www.facebook.com\/p\/SureSMS-100044607956149\/\" \/>\r\n<meta property=\"article:modified_time\" content=\"2024-12-17T07:17:33+00:00\" \/>\r\n<meta name=\"twitter:card\" content=\"summary_large_image\" \/>\r\n<meta name=\"twitter:label1\" content=\"Dur\u00e9e de lecture estim\u00e9e\" \/>\n\t<meta name=\"twitter:data1\" content=\"7 minutes\" \/>\r\n<script type=\"application\/ld+json\" class=\"yoast-schema-graph\">{\"@context\":\"https:\\\/\\\/schema.org\",\"@graph\":[{\"@type\":\"WebPage\",\"@id\":\"https:\\\/\\\/suresms.com\\\/dk\\\/funktioner\\\/hlr-opslag\\\/\",\"url\":\"https:\\\/\\\/suresms.com\\\/dk\\\/funktioner\\\/hlr-opslag\\\/\",\"name\":\"International Gateway \u2192 Effektivt og nemt system at anvende\",\"isPartOf\":{\"@id\":\"https:\\\/\\\/suresms.com\\\/en\\\/#website\"},\"datePublished\":\"2024-12-17T07:15:09+00:00\",\"dateModified\":\"2024-12-17T07:17:33+00:00\",\"description\":\"International Gateway og professionel SMS Gateway services f\u00e5s her. F\u00e5 hurtig kontakt til dine kunder med effektive l\u00f8sninger.\",\"breadcrumb\":{\"@id\":\"https:\\\/\\\/suresms.com\\\/dk\\\/funktioner\\\/hlr-opslag\\\/#breadcrumb\"},\"inLanguage\":\"fr-FR\",\"potentialAction\":[{\"@type\":\"ReadAction\",\"target\":[\"https:\\\/\\\/suresms.com\\\/dk\\\/funktioner\\\/hlr-opslag\\\/\"]}]},{\"@type\":\"BreadcrumbList\",\"@id\":\"https:\\\/\\\/suresms.com\\\/dk\\\/funktioner\\\/hlr-opslag\\\/#breadcrumb\",\"itemListElement\":[{\"@type\":\"ListItem\",\"position\":1,\"name\":\"Home\",\"item\":\"https:\\\/\\\/suresms.com\\\/dk\\\/\"},{\"@type\":\"ListItem\",\"position\":2,\"name\":\"Funktioner\",\"item\":\"https:\\\/\\\/suresms.com\\\/dk\\\/funktioner\\\/\"},{\"@type\":\"ListItem\",\"position\":3,\"name\":\"HLR Opslag\"}]},{\"@type\":\"WebSite\",\"@id\":\"https:\\\/\\\/suresms.com\\\/en\\\/#website\",\"url\":\"https:\\\/\\\/suresms.com\\\/en\\\/\",\"name\":\"SureSMS\",\"description\":\"Professionel SMS Gateway\",\"publisher\":{\"@id\":\"https:\\\/\\\/suresms.com\\\/en\\\/#organization\"},\"potentialAction\":[{\"@type\":\"SearchAction\",\"target\":{\"@type\":\"EntryPoint\",\"urlTemplate\":\"https:\\\/\\\/suresms.com\\\/en\\\/?s={search_term_string}\"},\"query-input\":{\"@type\":\"PropertyValueSpecification\",\"valueRequired\":true,\"valueName\":\"search_term_string\"}}],\"inLanguage\":\"fr-FR\"},{\"@type\":\"Organization\",\"@id\":\"https:\\\/\\\/suresms.com\\\/en\\\/#organization\",\"name\":\"SureSMS\",\"url\":\"https:\\\/\\\/suresms.com\\\/en\\\/\",\"logo\":{\"@type\":\"ImageObject\",\"inLanguage\":\"fr-FR\",\"@id\":\"https:\\\/\\\/suresms.com\\\/en\\\/#\\\/schema\\\/logo\\\/image\\\/\",\"url\":\"https:\\\/\\\/suresms.com\\\/wp-content\\\/uploads\\\/2024\\\/11\\\/suresms-300x65-1.png\",\"contentUrl\":\"https:\\\/\\\/suresms.com\\\/wp-content\\\/uploads\\\/2024\\\/11\\\/suresms-300x65-1.png\",\"width\":300,\"height\":65,\"caption\":\"SureSMS\"},\"image\":{\"@id\":\"https:\\\/\\\/suresms.com\\\/en\\\/#\\\/schema\\\/logo\\\/image\\\/\"},\"sameAs\":[\"https:\\\/\\\/www.facebook.com\\\/p\\\/SureSMS-100044607956149\\\/\"]}]}<\/script>\r\n<!-- \/ Yoast SEO Premium plugin. -->","yoast_head_json":{"title":"Passerelle internationale \u2192 Syst\u00e8me efficace et facile \u00e0 utiliser","description":"Passerelle internationale et services professionnels de passerelle SMS disponibles ici. Connectez-vous rapidement avec vos clients gr\u00e2ce \u00e0 des solutions efficaces.","robots":{"index":"index","follow":"follow","max-snippet":"max-snippet:-1","max-image-preview":"max-image-preview:large","max-video-preview":"max-video-preview:-1"},"canonical":"https:\/\/suresms.com\/fr\/caracteristiques\/sms-internationaux-2\/","og_locale":"fr_FR","og_type":"article","og_title":"HLR Opslag","og_description":"International Gateway og professionel SMS Gateway services f\u00e5s her. F\u00e5 hurtig kontakt til dine kunder med effektive l\u00f8sninger.","og_url":"https:\/\/suresms.com\/fr\/caracteristiques\/sms-internationaux-2\/","article_publisher":"https:\/\/www.facebook.com\/p\/SureSMS-100044607956149\/","article_modified_time":"2024-12-17T07:17:33+00:00","twitter_card":"summary_large_image","twitter_misc":{"Dur\u00e9e de lecture estim\u00e9e":"7 minutes"},"schema":{"@context":"https:\/\/schema.org","@graph":[{"@type":"WebPage","@id":"https:\/\/suresms.com\/dk\/funktioner\/hlr-opslag\/","url":"https:\/\/suresms.com\/dk\/funktioner\/hlr-opslag\/","name":"Passerelle internationale \u2192 Syst\u00e8me efficace et facile \u00e0 utiliser","isPartOf":{"@id":"https:\/\/suresms.com\/en\/#website"},"datePublished":"2024-12-17T07:15:09+00:00","dateModified":"2024-12-17T07:17:33+00:00","description":"Passerelle internationale et services professionnels de passerelle SMS disponibles ici. Connectez-vous rapidement avec vos clients gr\u00e2ce \u00e0 des solutions efficaces.","breadcrumb":{"@id":"https:\/\/suresms.com\/dk\/funktioner\/hlr-opslag\/#breadcrumb"},"inLanguage":"fr-FR","potentialAction":[{"@type":"ReadAction","target":["https:\/\/suresms.com\/dk\/funktioner\/hlr-opslag\/"]}]},{"@type":"BreadcrumbList","@id":"https:\/\/suresms.com\/dk\/funktioner\/hlr-opslag\/#breadcrumb","itemListElement":[{"@type":"ListItem","position":1,"name":"Home","item":"https:\/\/suresms.com\/dk\/"},{"@type":"ListItem","position":2,"name":"Funktioner","item":"https:\/\/suresms.com\/dk\/funktioner\/"},{"@type":"ListItem","position":3,"name":"HLR Opslag"}]},{"@type":"WebSite","@id":"https:\/\/suresms.com\/en\/#website","url":"https:\/\/suresms.com\/en\/","name":"SureSMS","description":"Passerelle SMS professionnelle","publisher":{"@id":"https:\/\/suresms.com\/en\/#organization"},"potentialAction":[{"@type":"SearchAction","target":{"@type":"EntryPoint","urlTemplate":"https:\/\/suresms.com\/en\/?s={search_term_string}"},"query-input":{"@type":"PropertyValueSpecification","valueRequired":true,"valueName":"search_term_string"}}],"inLanguage":"fr-FR"},{"@type":"Organization","@id":"https:\/\/suresms.com\/en\/#organization","name":"SureSMS","url":"https:\/\/suresms.com\/en\/","logo":{"@type":"ImageObject","inLanguage":"fr-FR","@id":"https:\/\/suresms.com\/en\/#\/schema\/logo\/image\/","url":"https:\/\/suresms.com\/wp-content\/uploads\/2024\/11\/suresms-300x65-1.png","contentUrl":"https:\/\/suresms.com\/wp-content\/uploads\/2024\/11\/suresms-300x65-1.png","width":300,"height":65,"caption":"SureSMS"},"image":{"@id":"https:\/\/suresms.com\/en\/#\/schema\/logo\/image\/"},"sameAs":["https:\/\/www.facebook.com\/p\/SureSMS-100044607956149\/"]}]}},"_links":{"self":[{"href":"https:\/\/suresms.com\/fr\/wp-json\/wp\/v2\/pages\/19503","targetHints":{"allow":["GET"]}}],"collection":[{"href":"https:\/\/suresms.com\/fr\/wp-json\/wp\/v2\/pages"}],"about":[{"href":"https:\/\/suresms.com\/fr\/wp-json\/wp\/v2\/types\/page"}],"author":[{"embeddable":true,"href":"https:\/\/suresms.com\/fr\/wp-json\/wp\/v2\/users\/1"}],"replies":[{"embeddable":true,"href":"https:\/\/suresms.com\/fr\/wp-json\/wp\/v2\/comments?post=19503"}],"version-history":[{"count":2,"href":"https:\/\/suresms.com\/fr\/wp-json\/wp\/v2\/pages\/19503\/revisions"}],"predecessor-version":[{"id":19506,"href":"https:\/\/suresms.com\/fr\/wp-json\/wp\/v2\/pages\/19503\/revisions\/19506"}],"up":[{"embeddable":true,"href":"https:\/\/suresms.com\/fr\/wp-json\/wp\/v2\/pages\/958"}],"wp:attachment":[{"href":"https:\/\/suresms.com\/fr\/wp-json\/wp\/v2\/media?parent=19503"}],"wp:term":[{"taxonomy":"category","embeddable":true,"href":"https:\/\/suresms.com\/fr\/wp-json\/wp\/v2\/categories?post=19503"},{"taxonomy":"post_tag","embeddable":true,"href":"https:\/\/suresms.com\/fr\/wp-json\/wp\/v2\/tags?post=19503"}],"curies":[{"name":"wp","href":"https:\/\/api.w.org\/{rel}","templated":true}]}}