{"id":19266,"date":"2024-11-27T15:20:59","date_gmt":"2024-11-27T15:20:59","guid":{"rendered":"https:\/\/suresms.com\/?page_id=19266"},"modified":"2024-11-29T16:27:30","modified_gmt":"2024-11-29T16:27:30","slug":"commande","status":"publish","type":"page","link":"https:\/\/suresms.com\/fr\/bestil\/","title":{"rendered":"Commande"},"content":{"rendered":"<h1>\n\t\tPasser une commande\n\t<\/h1>\n\t<p>SureSMS offre une gamme de services. Vous pouvez commander ci-dessous le service que vous recherchez.<\/p>\n\t\t<h2>Plate-forme SMS<\/h2>\n\t\t\t\t<p>Commandez un compte test pour notre plateforme web o\u00f9 vous pouvez cr\u00e9er des contacts, des groupes, des automatisations et plus encore.<\/p>\n\t\t\t<a href=\"https:\/\/suresms.com\/fr\/commande\/compte-test-sms-gratuit\/\" title=\"Cliquez ici\" target=\"_self\"   role=\"button\" aria-label=\"Lire la suite...\">\n\t\t\t\t\t\t\tLire la suite...\n\t\t<\/a>\n\t\t<h2>SMS entrant<\/h2>\n\t\t\t\t<p>Commandez des SMS entrants avec votre propre num\u00e9ro virtuel.\u00a0<\/p>\n\t\t\t<a href=\"https:\/\/suresms.com\/fr\/commande\/commande-dun-dechargement-a-deux-voies\/\" title=\"Cliquez ici\" target=\"_self\"   role=\"button\" aria-label=\"Lire la suite...\">\n\t\t\t\t\t\t\tLire la suite...\n\t\t<\/a>","protected":false},"excerpt":{"rendered":"<p>Commande SureSMS offre une gamme de services. Vous pouvez commander ci-dessous le service que vous recherchez. Plateforme SMS Commandez un compte test pour notre plateforme web o\u00f9 vous pouvez cr\u00e9er des contacts, des groupes, des automatisations et plus encore. En savoir plus... SMS entrants Commandez des SMS entrants avec votre propre num\u00e9ro virtuel.  En savoir plus...<\/p>","protected":false},"author":1,"featured_media":0,"parent":0,"menu_order":0,"comment_status":"closed","ping_status":"closed","template":"","meta":{"_fl_builder_enabled":"1","_fl_builder_data":null,"_fl_builder_draft":null,"_fl_builder_data_settings":null,"_fl_builder_css":"","_fl_builder_css_version":"","_fl_builder_js":"","footnotes":""},"categories":[],"tags":[],"class_list":["post-19266","page","type-page","status-publish"],"yoast_head":"<!-- This site is optimized with the Yoast SEO Premium plugin v27.3 (Yoast SEO v27.3) - https:\/\/yoast.com\/product\/yoast-seo-premium-wordpress\/ -->\r\n<title>Bestil -<\/title>\r\n<meta name=\"robots\" content=\"index, follow, max-snippet:-1, max-image-preview:large, max-video-preview:-1\" \/>\r\n<link rel=\"canonical\" href=\"https:\/\/suresms.com\/fr\/commande\/\" \/>\r\n<meta property=\"og:locale\" content=\"fr_FR\" \/>\r\n<meta property=\"og:type\" content=\"article\" \/>\r\n<meta property=\"og:title\" content=\"Bestil\" \/>\r\n<meta property=\"og:description\" content=\"Bestilling SureSMS tilbyder en r\u00e6kke services. Herunder kan du bestille den service du er ude efter. SMS Platform Bestil en test-konto til vores web-platform hvor du kan lave kontakter, grupper, automatiskeringer mm. L\u00e6s mere&#8230; Indg\u00e5ende SMS Bestil indg\u00e5ende SMS med dit eget virtuelle nummer.\u00a0 L\u00e6s mere&#8230;\" \/>\r\n<meta property=\"og:url\" content=\"https:\/\/suresms.com\/fr\/commande\/\" \/>\r\n<meta property=\"article:publisher\" content=\"https:\/\/www.facebook.com\/p\/SureSMS-100044607956149\/\" \/>\r\n<meta property=\"article:modified_time\" content=\"2024-11-29T16:27:30+00:00\" \/>\r\n<meta name=\"twitter:card\" content=\"summary_large_image\" \/>\r\n<meta name=\"twitter:label1\" content=\"Dur\u00e9e de lecture estim\u00e9e\" \/>\n\t<meta name=\"twitter:data1\" content=\"1 minute\" \/>\r\n<script type=\"application\/ld+json\" class=\"yoast-schema-graph\">{\"@context\":\"https:\\\/\\\/schema.org\",\"@graph\":[{\"@type\":\"WebPage\",\"@id\":\"https:\\\/\\\/suresms.com\\\/bestil\\\/\",\"url\":\"https:\\\/\\\/suresms.com\\\/bestil\\\/\",\"name\":\"Bestil -\",\"isPartOf\":{\"@id\":\"https:\\\/\\\/suresms.com\\\/en\\\/#website\"},\"datePublished\":\"2024-11-27T15:20:59+00:00\",\"dateModified\":\"2024-11-29T16:27:30+00:00\",\"breadcrumb\":{\"@id\":\"https:\\\/\\\/suresms.com\\\/bestil\\\/#breadcrumb\"},\"inLanguage\":\"fr-FR\",\"potentialAction\":[{\"@type\":\"ReadAction\",\"target\":[\"https:\\\/\\\/suresms.com\\\/bestil\\\/\"]}]},{\"@type\":\"BreadcrumbList\",\"@id\":\"https:\\\/\\\/suresms.com\\\/bestil\\\/#breadcrumb\",\"itemListElement\":[{\"@type\":\"ListItem\",\"position\":1,\"name\":\"Home\",\"item\":\"https:\\\/\\\/suresms.com\\\/dk\\\/\"},{\"@type\":\"ListItem\",\"position\":2,\"name\":\"Bestil\"}]},{\"@type\":\"WebSite\",\"@id\":\"https:\\\/\\\/suresms.com\\\/en\\\/#website\",\"url\":\"https:\\\/\\\/suresms.com\\\/en\\\/\",\"name\":\"SureSMS\",\"description\":\"Professionel SMS Gateway\",\"publisher\":{\"@id\":\"https:\\\/\\\/suresms.com\\\/en\\\/#organization\"},\"potentialAction\":[{\"@type\":\"SearchAction\",\"target\":{\"@type\":\"EntryPoint\",\"urlTemplate\":\"https:\\\/\\\/suresms.com\\\/en\\\/?s={search_term_string}\"},\"query-input\":{\"@type\":\"PropertyValueSpecification\",\"valueRequired\":true,\"valueName\":\"search_term_string\"}}],\"inLanguage\":\"fr-FR\"},{\"@type\":\"Organization\",\"@id\":\"https:\\\/\\\/suresms.com\\\/en\\\/#organization\",\"name\":\"SureSMS\",\"url\":\"https:\\\/\\\/suresms.com\\\/en\\\/\",\"logo\":{\"@type\":\"ImageObject\",\"inLanguage\":\"fr-FR\",\"@id\":\"https:\\\/\\\/suresms.com\\\/en\\\/#\\\/schema\\\/logo\\\/image\\\/\",\"url\":\"https:\\\/\\\/suresms.com\\\/wp-content\\\/uploads\\\/2024\\\/11\\\/suresms-300x65-1.png\",\"contentUrl\":\"https:\\\/\\\/suresms.com\\\/wp-content\\\/uploads\\\/2024\\\/11\\\/suresms-300x65-1.png\",\"width\":300,\"height\":65,\"caption\":\"SureSMS\"},\"image\":{\"@id\":\"https:\\\/\\\/suresms.com\\\/en\\\/#\\\/schema\\\/logo\\\/image\\\/\"},\"sameAs\":[\"https:\\\/\\\/www.facebook.com\\\/p\\\/SureSMS-100044607956149\\\/\"]}]}<\/script>\r\n<!-- \/ Yoast SEO Premium plugin. -->","yoast_head_json":{"title":"Commander...","robots":{"index":"index","follow":"follow","max-snippet":"max-snippet:-1","max-image-preview":"max-image-preview:large","max-video-preview":"max-video-preview:-1"},"canonical":"https:\/\/suresms.com\/fr\/commande\/","og_locale":"fr_FR","og_type":"article","og_title":"Bestil","og_description":"Bestilling SureSMS tilbyder en r\u00e6kke services. Herunder kan du bestille den service du er ude efter. SMS Platform Bestil en test-konto til vores web-platform hvor du kan lave kontakter, grupper, automatiskeringer mm. L\u00e6s mere&#8230; Indg\u00e5ende SMS Bestil indg\u00e5ende SMS med dit eget virtuelle nummer.\u00a0 L\u00e6s mere&#8230;","og_url":"https:\/\/suresms.com\/fr\/commande\/","article_publisher":"https:\/\/www.facebook.com\/p\/SureSMS-100044607956149\/","article_modified_time":"2024-11-29T16:27:30+00:00","twitter_card":"summary_large_image","twitter_misc":{"Dur\u00e9e de lecture estim\u00e9e":"1 minute"},"schema":{"@context":"https:\/\/schema.org","@graph":[{"@type":"WebPage","@id":"https:\/\/suresms.com\/bestil\/","url":"https:\/\/suresms.com\/bestil\/","name":"Commander...","isPartOf":{"@id":"https:\/\/suresms.com\/en\/#website"},"datePublished":"2024-11-27T15:20:59+00:00","dateModified":"2024-11-29T16:27:30+00:00","breadcrumb":{"@id":"https:\/\/suresms.com\/bestil\/#breadcrumb"},"inLanguage":"fr-FR","potentialAction":[{"@type":"ReadAction","target":["https:\/\/suresms.com\/bestil\/"]}]},{"@type":"BreadcrumbList","@id":"https:\/\/suresms.com\/bestil\/#breadcrumb","itemListElement":[{"@type":"ListItem","position":1,"name":"Home","item":"https:\/\/suresms.com\/dk\/"},{"@type":"ListItem","position":2,"name":"Bestil"}]},{"@type":"WebSite","@id":"https:\/\/suresms.com\/en\/#website","url":"https:\/\/suresms.com\/en\/","name":"SureSMS","description":"Passerelle SMS professionnelle","publisher":{"@id":"https:\/\/suresms.com\/en\/#organization"},"potentialAction":[{"@type":"SearchAction","target":{"@type":"EntryPoint","urlTemplate":"https:\/\/suresms.com\/en\/?s={search_term_string}"},"query-input":{"@type":"PropertyValueSpecification","valueRequired":true,"valueName":"search_term_string"}}],"inLanguage":"fr-FR"},{"@type":"Organization","@id":"https:\/\/suresms.com\/en\/#organization","name":"SureSMS","url":"https:\/\/suresms.com\/en\/","logo":{"@type":"ImageObject","inLanguage":"fr-FR","@id":"https:\/\/suresms.com\/en\/#\/schema\/logo\/image\/","url":"https:\/\/suresms.com\/wp-content\/uploads\/2024\/11\/suresms-300x65-1.png","contentUrl":"https:\/\/suresms.com\/wp-content\/uploads\/2024\/11\/suresms-300x65-1.png","width":300,"height":65,"caption":"SureSMS"},"image":{"@id":"https:\/\/suresms.com\/en\/#\/schema\/logo\/image\/"},"sameAs":["https:\/\/www.facebook.com\/p\/SureSMS-100044607956149\/"]}]}},"_links":{"self":[{"href":"https:\/\/suresms.com\/fr\/wp-json\/wp\/v2\/pages\/19266","targetHints":{"allow":["GET"]}}],"collection":[{"href":"https:\/\/suresms.com\/fr\/wp-json\/wp\/v2\/pages"}],"about":[{"href":"https:\/\/suresms.com\/fr\/wp-json\/wp\/v2\/types\/page"}],"author":[{"embeddable":true,"href":"https:\/\/suresms.com\/fr\/wp-json\/wp\/v2\/users\/1"}],"replies":[{"embeddable":true,"href":"https:\/\/suresms.com\/fr\/wp-json\/wp\/v2\/comments?post=19266"}],"version-history":[{"count":3,"href":"https:\/\/suresms.com\/fr\/wp-json\/wp\/v2\/pages\/19266\/revisions"}],"predecessor-version":[{"id":19281,"href":"https:\/\/suresms.com\/fr\/wp-json\/wp\/v2\/pages\/19266\/revisions\/19281"}],"wp:attachment":[{"href":"https:\/\/suresms.com\/fr\/wp-json\/wp\/v2\/media?parent=19266"}],"wp:term":[{"taxonomy":"category","embeddable":true,"href":"https:\/\/suresms.com\/fr\/wp-json\/wp\/v2\/categories?post=19266"},{"taxonomy":"post_tag","embeddable":true,"href":"https:\/\/suresms.com\/fr\/wp-json\/wp\/v2\/tags?post=19266"}],"curies":[{"name":"wp","href":"https:\/\/api.w.org\/{rel}","templated":true}]}}