{"id":19129,"date":"2024-11-24T17:01:27","date_gmt":"2024-11-24T17:01:27","guid":{"rendered":"https:\/\/suresms.com\/?page_id=19129"},"modified":"2025-07-17T07:31:16","modified_gmt":"2025-07-17T07:31:16","slug":"politique-de-confidentialite-2","status":"publish","type":"page","link":"https:\/\/suresms.com\/fr\/politikker\/anti-spam\/","title":{"rendered":"Politique anti-spam"},"content":{"rendered":"<h1><strong>Politique anti-spam de SureSMS<\/strong><\/h1>\n<p>Chez SureSMS, nous avons un <strong>politique de tol\u00e9rance z\u00e9ro<\/strong> contre le spam. Le spam est d\u00e9fini comme une communication non sollicit\u00e9e \u00e0 des utilisateurs mobiles qui n'ont pas donn\u00e9 leur consentement explicite (opt-in) pour recevoir vos messages SMS.<\/p>\n<p>Si nous apprenons que vous enfreignez cette politique, votre compte sera <strong>ferm\u00e9 avec effet imm\u00e9diat<\/strong>. Si vous soup\u00e7onnez l'un de nos clients de violer nos politiques, veuillez nous contacter \u00e0 l'adresse suivante <strong><a rel=\"noopener\">support@suresms.com<\/a><\/strong>.<\/p>\n\t<h2>Conditions d'obtention du consentement<\/h2>\n<p>Pour utiliser SureSMS, il suffit d'envoyer des messages SMS aux destinataires qui ont donn\u00e9 leur accord. <strong>consentement actif<\/strong>. Le consentement peut par exemple \u00eatre obtenu par :<\/p>\n<ul>\n<li>L'utilisateur mobile envoie un SMS \u00e0 un code court, par exemple 1245.<\/li>\n<li>S'inscrire via un formulaire sur votre site web.<\/li>\n<li>Accepter des lettres d'information sur votre boutique en ligne ou votre site web.<\/li>\n<li>La participation \u00e0 des concours o\u00f9 il est clairement indiqu\u00e9 ce que couvre le consentement.<\/li>\n<\/ul>\n<p>Le fait de ne pas fournir la preuve du consentement est consid\u00e9r\u00e9 comme une violation substantielle de l'accord et votre compte restera ferm\u00e9.<\/p>\n\t<h2>Contenus interdits<\/h2>\n<p>SureSMS n'autorise pas les messages SMS dont le contenu est le suivant :<\/p>\n<ul>\n<li>Pornographie, services d'escorte ou mat\u00e9riel exploitant des enfants de moins de 18 ans.<\/li>\n<li>Biens, substances ou activit\u00e9s ill\u00e9gaux, y compris les logiciels pirat\u00e9s et les instructions de fabrication d'armes.<\/li>\n<li>Les contenus violents, racistes, haineux, mena\u00e7ants, frauduleux ou ill\u00e9gaux.<\/li>\n<li>Contenu qui viole les droits de propri\u00e9t\u00e9 intellectuelle (droits d'auteur, marques, etc.).<\/li>\n<li>Contenu faisant la promotion de produits ou de services ill\u00e9gaux dans le pays du destinataire.<\/li>\n<li>Liens vers des virus, des logiciels malveillants ou des chevaux de Troie.<\/li>\n<li>Encourag\u00e9 la violence contre des individus, des groupes ou des organisations.<\/li>\n<\/ul>\n\t<h2>Proc\u00e9dure d'infraction<\/h2>\n<p>Si nous soup\u00e7onnons la pr\u00e9sence de spam, nous proc\u00e9derons \u00e0 une \u00e9valuation :<\/p>\n<ol>\n<li>Le contenu des messages SMS envoy\u00e9s.<\/li>\n<li>Documentation du consentement des utilisateurs de t\u00e9l\u00e9phones mobiles.<\/li>\n<li>La plainte pour spam et comment\/si le plaignant est inscrit.<\/li>\n<\/ol>\n<p>Si nous concluons que vous avez envoy\u00e9 du spam, votre compte sera d\u00e9finitivement ferm\u00e9.<\/p>\n\t<h2>Vous avez re\u00e7u du spam ?<\/h2>\n<p>Nous faisons tout notre possible pour \u00e9viter les spams, mais avec plus de 10 millions de SMS envoy\u00e9s chaque mois, des erreurs peuvent se produire. Si vous avez re\u00e7u un SMS non sollicit\u00e9, veuillez nous en informer :<\/p>\n<ol>\n<li>Se d\u00e9sinscrire en suivant les instructions contenues dans le message SMS (tarif normal).<\/li>\n<li>Transmettre le contenu du message et les coordonn\u00e9es de l'exp\u00e9diteur \u00e0 <strong><a rel=\"noopener\">support@suresms.com<\/a><\/strong>afin que nous puissions enqu\u00eater et contacter le client.<\/li>\n<\/ol>\n<p>Votre s\u00e9curit\u00e9 et votre confiance sont notre priorit\u00e9 absolue. Nous ne tol\u00e9rons aucune violation de cette politique.<\/p>","protected":false},"excerpt":{"rendered":"<p>Politique anti-spam de SureSMS SureSMS applique une politique de tol\u00e9rance z\u00e9ro \u00e0 l'\u00e9gard du spam. Le spam est d\u00e9fini comme une communication non sollicit\u00e9e \u00e0 des utilisateurs mobiles qui n'ont pas donn\u00e9 leur consentement explicite (opt-in) pour recevoir vos messages SMS. Si nous apprenons que vous enfreignez cette politique, votre compte sera ferm\u00e9 avec effet imm\u00e9diat. Si vous soup\u00e7onnez que ... <a title=\"Politique anti-spam\" class=\"read-more\" href=\"https:\/\/suresms.com\/fr\/politikker\/anti-spam\/\" aria-label=\"Plus d&#039;informations sur Anti-spam politik\">En savoir plus<\/a><\/p>","protected":false},"author":1,"featured_media":0,"parent":19124,"menu_order":0,"comment_status":"closed","ping_status":"closed","template":"","meta":{"_fl_builder_enabled":"1","_fl_builder_data":null,"_fl_builder_draft":null,"_fl_builder_data_settings":null,"_fl_builder_css":"","_fl_builder_css_version":"","_fl_builder_js":"","footnotes":""},"categories":[],"tags":[],"class_list":["post-19129","page","type-page","status-publish"],"yoast_head":"<!-- This site is optimized with the Yoast SEO Premium plugin v27.3 (Yoast SEO v27.3) - https:\/\/yoast.com\/product\/yoast-seo-premium-wordpress\/ -->\r\n<title>Anti-spam politik -<\/title>\r\n<meta name=\"robots\" content=\"index, follow, max-snippet:-1, max-image-preview:large, max-video-preview:-1\" \/>\r\n<link rel=\"canonical\" href=\"https:\/\/suresms.com\/fr\/caracteristiques-2\/politique-de-confidentialite-2\/\" \/>\r\n<meta property=\"og:locale\" content=\"fr_FR\" \/>\r\n<meta property=\"og:type\" content=\"article\" \/>\r\n<meta property=\"og:title\" content=\"Anti-spam politik\" \/>\r\n<meta property=\"og:description\" content=\"SureSMS Anti-Spam Politik Hos SureSMS har vi en nultolerancepolitik over for spam. Spam defineres som uopfordret kommunikation til mobilbrugere, som ikke har givet deres eksplicitte samtykke (opt-in) til at modtage dine SMS-beskeder. Hvis vi bliver opm\u00e6rksomme p\u00e5, at du overtr\u00e6der denne politik, vil din konto blive lukket med \u00f8jeblikkelig virkning. Har du mistanke om, at ... Lire la suite\" \/>\r\n<meta property=\"og:url\" content=\"https:\/\/suresms.com\/fr\/caracteristiques-2\/politique-de-confidentialite-2\/\" \/>\r\n<meta property=\"article:publisher\" content=\"https:\/\/www.facebook.com\/p\/SureSMS-100044607956149\/\" \/>\r\n<meta property=\"article:modified_time\" content=\"2025-07-17T07:31:16+00:00\" \/>\r\n<meta name=\"twitter:card\" content=\"summary_large_image\" \/>\r\n<meta name=\"twitter:label1\" content=\"Dur\u00e9e de lecture estim\u00e9e\" \/>\n\t<meta name=\"twitter:data1\" content=\"2 minutes\" \/>\r\n<script type=\"application\/ld+json\" class=\"yoast-schema-graph\">{\"@context\":\"https:\\\/\\\/schema.org\",\"@graph\":[{\"@type\":\"WebPage\",\"@id\":\"https:\\\/\\\/suresms.com\\\/dk\\\/politikker\\\/anti-spam\\\/\",\"url\":\"https:\\\/\\\/suresms.com\\\/dk\\\/politikker\\\/anti-spam\\\/\",\"name\":\"Anti-spam politik -\",\"isPartOf\":{\"@id\":\"https:\\\/\\\/suresms.com\\\/en\\\/#website\"},\"datePublished\":\"2024-11-24T17:01:27+00:00\",\"dateModified\":\"2025-07-17T07:31:16+00:00\",\"breadcrumb\":{\"@id\":\"https:\\\/\\\/suresms.com\\\/dk\\\/politikker\\\/anti-spam\\\/#breadcrumb\"},\"inLanguage\":\"fr-FR\",\"potentialAction\":[{\"@type\":\"ReadAction\",\"target\":[\"https:\\\/\\\/suresms.com\\\/dk\\\/politikker\\\/anti-spam\\\/\"]}]},{\"@type\":\"BreadcrumbList\",\"@id\":\"https:\\\/\\\/suresms.com\\\/dk\\\/politikker\\\/anti-spam\\\/#breadcrumb\",\"itemListElement\":[{\"@type\":\"ListItem\",\"position\":1,\"name\":\"Home\",\"item\":\"https:\\\/\\\/suresms.com\\\/dk\\\/\"},{\"@type\":\"ListItem\",\"position\":2,\"name\":\"Politikker\",\"item\":\"https:\\\/\\\/suresms.com\\\/politikker\\\/\"},{\"@type\":\"ListItem\",\"position\":3,\"name\":\"Anti-spam politik\"}]},{\"@type\":\"WebSite\",\"@id\":\"https:\\\/\\\/suresms.com\\\/en\\\/#website\",\"url\":\"https:\\\/\\\/suresms.com\\\/en\\\/\",\"name\":\"SureSMS\",\"description\":\"Professionel SMS Gateway\",\"publisher\":{\"@id\":\"https:\\\/\\\/suresms.com\\\/en\\\/#organization\"},\"potentialAction\":[{\"@type\":\"SearchAction\",\"target\":{\"@type\":\"EntryPoint\",\"urlTemplate\":\"https:\\\/\\\/suresms.com\\\/en\\\/?s={search_term_string}\"},\"query-input\":{\"@type\":\"PropertyValueSpecification\",\"valueRequired\":true,\"valueName\":\"search_term_string\"}}],\"inLanguage\":\"fr-FR\"},{\"@type\":\"Organization\",\"@id\":\"https:\\\/\\\/suresms.com\\\/en\\\/#organization\",\"name\":\"SureSMS\",\"url\":\"https:\\\/\\\/suresms.com\\\/en\\\/\",\"logo\":{\"@type\":\"ImageObject\",\"inLanguage\":\"fr-FR\",\"@id\":\"https:\\\/\\\/suresms.com\\\/en\\\/#\\\/schema\\\/logo\\\/image\\\/\",\"url\":\"https:\\\/\\\/suresms.com\\\/wp-content\\\/uploads\\\/2024\\\/11\\\/suresms-300x65-1.png\",\"contentUrl\":\"https:\\\/\\\/suresms.com\\\/wp-content\\\/uploads\\\/2024\\\/11\\\/suresms-300x65-1.png\",\"width\":300,\"height\":65,\"caption\":\"SureSMS\"},\"image\":{\"@id\":\"https:\\\/\\\/suresms.com\\\/en\\\/#\\\/schema\\\/logo\\\/image\\\/\"},\"sameAs\":[\"https:\\\/\\\/www.facebook.com\\\/p\\\/SureSMS-100044607956149\\\/\"]}]}<\/script>\r\n<!-- \/ Yoast SEO Premium plugin. -->","yoast_head_json":{"title":"Politique anti-spam","robots":{"index":"index","follow":"follow","max-snippet":"max-snippet:-1","max-image-preview":"max-image-preview:large","max-video-preview":"max-video-preview:-1"},"canonical":"https:\/\/suresms.com\/fr\/caracteristiques-2\/politique-de-confidentialite-2\/","og_locale":"fr_FR","og_type":"article","og_title":"Anti-spam politik","og_description":"SureSMS Anti-Spam Politik Hos SureSMS har vi en nultolerancepolitik over for spam. Spam defineres som uopfordret kommunikation til mobilbrugere, som ikke har givet deres eksplicitte samtykke (opt-in) til at modtage dine SMS-beskeder. Hvis vi bliver opm\u00e6rksomme p\u00e5, at du overtr\u00e6der denne politik, vil din konto blive lukket med \u00f8jeblikkelig virkning. Har du mistanke om, at ... Lire la suite","og_url":"https:\/\/suresms.com\/fr\/caracteristiques-2\/politique-de-confidentialite-2\/","article_publisher":"https:\/\/www.facebook.com\/p\/SureSMS-100044607956149\/","article_modified_time":"2025-07-17T07:31:16+00:00","twitter_card":"summary_large_image","twitter_misc":{"Dur\u00e9e de lecture estim\u00e9e":"2 minutes"},"schema":{"@context":"https:\/\/schema.org","@graph":[{"@type":"WebPage","@id":"https:\/\/suresms.com\/dk\/politikker\/anti-spam\/","url":"https:\/\/suresms.com\/dk\/politikker\/anti-spam\/","name":"Politique anti-spam","isPartOf":{"@id":"https:\/\/suresms.com\/en\/#website"},"datePublished":"2024-11-24T17:01:27+00:00","dateModified":"2025-07-17T07:31:16+00:00","breadcrumb":{"@id":"https:\/\/suresms.com\/dk\/politikker\/anti-spam\/#breadcrumb"},"inLanguage":"fr-FR","potentialAction":[{"@type":"ReadAction","target":["https:\/\/suresms.com\/dk\/politikker\/anti-spam\/"]}]},{"@type":"BreadcrumbList","@id":"https:\/\/suresms.com\/dk\/politikker\/anti-spam\/#breadcrumb","itemListElement":[{"@type":"ListItem","position":1,"name":"Home","item":"https:\/\/suresms.com\/dk\/"},{"@type":"ListItem","position":2,"name":"Politikker","item":"https:\/\/suresms.com\/politikker\/"},{"@type":"ListItem","position":3,"name":"Anti-spam politik"}]},{"@type":"WebSite","@id":"https:\/\/suresms.com\/en\/#website","url":"https:\/\/suresms.com\/en\/","name":"SureSMS","description":"Passerelle SMS professionnelle","publisher":{"@id":"https:\/\/suresms.com\/en\/#organization"},"potentialAction":[{"@type":"SearchAction","target":{"@type":"EntryPoint","urlTemplate":"https:\/\/suresms.com\/en\/?s={search_term_string}"},"query-input":{"@type":"PropertyValueSpecification","valueRequired":true,"valueName":"search_term_string"}}],"inLanguage":"fr-FR"},{"@type":"Organization","@id":"https:\/\/suresms.com\/en\/#organization","name":"SureSMS","url":"https:\/\/suresms.com\/en\/","logo":{"@type":"ImageObject","inLanguage":"fr-FR","@id":"https:\/\/suresms.com\/en\/#\/schema\/logo\/image\/","url":"https:\/\/suresms.com\/wp-content\/uploads\/2024\/11\/suresms-300x65-1.png","contentUrl":"https:\/\/suresms.com\/wp-content\/uploads\/2024\/11\/suresms-300x65-1.png","width":300,"height":65,"caption":"SureSMS"},"image":{"@id":"https:\/\/suresms.com\/en\/#\/schema\/logo\/image\/"},"sameAs":["https:\/\/www.facebook.com\/p\/SureSMS-100044607956149\/"]}]}},"_links":{"self":[{"href":"https:\/\/suresms.com\/fr\/wp-json\/wp\/v2\/pages\/19129","targetHints":{"allow":["GET"]}}],"collection":[{"href":"https:\/\/suresms.com\/fr\/wp-json\/wp\/v2\/pages"}],"about":[{"href":"https:\/\/suresms.com\/fr\/wp-json\/wp\/v2\/types\/page"}],"author":[{"embeddable":true,"href":"https:\/\/suresms.com\/fr\/wp-json\/wp\/v2\/users\/1"}],"replies":[{"embeddable":true,"href":"https:\/\/suresms.com\/fr\/wp-json\/wp\/v2\/comments?post=19129"}],"version-history":[{"count":4,"href":"https:\/\/suresms.com\/fr\/wp-json\/wp\/v2\/pages\/19129\/revisions"}],"predecessor-version":[{"id":23452,"href":"https:\/\/suresms.com\/fr\/wp-json\/wp\/v2\/pages\/19129\/revisions\/23452"}],"up":[{"embeddable":true,"href":"https:\/\/suresms.com\/fr\/wp-json\/wp\/v2\/pages\/19124"}],"wp:attachment":[{"href":"https:\/\/suresms.com\/fr\/wp-json\/wp\/v2\/media?parent=19129"}],"wp:term":[{"taxonomy":"category","embeddable":true,"href":"https:\/\/suresms.com\/fr\/wp-json\/wp\/v2\/categories?post=19129"},{"taxonomy":"post_tag","embeddable":true,"href":"https:\/\/suresms.com\/fr\/wp-json\/wp\/v2\/tags?post=19129"}],"curies":[{"name":"wp","href":"https:\/\/api.w.org\/{rel}","templated":true}]}}